{"id":8457,"date":"2022-09-27T20:13:08","date_gmt":"2022-09-27T20:13:08","guid":{"rendered":"https:\/\/boutique-one-piece.com\/uncategorized\/casquette-one-piece-usopp\/"},"modified":"2025-04-25T10:36:22","modified_gmt":"2025-04-25T10:36:22","slug":"%ce%ba%ce%b1%cf%80%ce%ad%ce%bb%ce%bf-one-piece-usopp","status":"publish","type":"product","link":"https:\/\/boutique-one-piece.com\/el\/%ce%ba%ce%b1%ce%bb%ce%bf%cf%8d%ce%b4%ce%b9%ce%b1-one-piece\/%ce%ba%ce%b1%ce%bb%ce%bf%cf%8d%ce%b4%ce%b9%ce%b1-one-piece-usopp\/%ce%ba%ce%b1%cf%80%ce%ad%ce%bb%ce%bf-one-piece-usopp\/","title":{"rendered":"\u039f\u03bb\u03cc\u03c3\u03c9\u03bc\u03bf \u03ba\u03b1\u03c0\u03ad\u03bb\u03bf Usopp"},"content":{"rendered":"<ul>\n<li>\u00a0<strong>\u039a\u03b1\u03c0\u03ac\u03ba\u03b9 \u03c5\u03c8\u03b7\u03bb\u03ae\u03c2 \u03c0\u03bf\u03b9\u03cc\u03c4\u03b7\u03c4\u03b1\u03c2\u00a0<\/strong>: \u03c3\u03c5\u03b3\u03ba\u03c1\u03bf\u03c4\u03ae\u03b8\u03b7\u03ba\u03b5<span>\u00a0<\/span>\u03b1\u03c0\u03cc 4\u00a0<strong>\u03c0\u03af\u03c3\u03c9 \u03c0\u03ac\u03bd\u03b5\u03bb<\/strong>\u00a0\u03c3\u03b5\u00a0<strong>\u03c0\u03bb\u03ad\u03b3\u03bc\u03b1<\/strong>, \u0391\u03c5\u03c4\u03cc\u00a0<strong>\u03cd\u03c6\u03b1\u03c3\u03bc\u03b1<\/strong>\u00a0\u03c3\u03b5\u00a0<strong>\u03c0\u03bb\u03b1\u03c3\u03c4\u03b9\u03ba\u03ae \u03cd\u03bb\u03b7<\/strong>\u00a0\u03b5\u03af\u03bd\u03b1\u03b9 \u03c0\u03bf\u03bb\u03cd\u00a0<strong>\u03b1\u03b5\u03c1\u03b9\u03b6\u03cc\u03bc\u03b5\u03bd\u03bf\u03c2<\/strong>\u00a0\u03c7\u03ac\u03c1\u03b7 \u03c3\u03c4\u03b7\u03bd \u03cd\u03c6\u03b1\u03bd\u03c3\u03ae \u03c4\u03bf\u03c5\u00ab\u00a0<strong>\u03ba\u03b1\u03b8\u03b1\u03c1\u03ac<\/strong>\u00ab\u00a0<\/li>\n<\/ul>\n<ul>\n<li>\n<strong>\u03a0\u03bf\u03bb\u03c5\u03b5\u03c3\u03c4\u03ad\u03c1\u03b1\u03c2<\/strong>\u00a0: \u03bc\u03b5 \u03c4\u03bf\u00a0<strong>\u03c3\u03cd\u03bd\u03b8\u03b5\u03c3\u03b7\u00a0<\/strong>\u03c3\u03b5<strong>\u00a0\u03c0\u03bf\u03bb\u03c5\u03b5\u03c3\u03c4\u03ad\u03c1\u03b1\u03c2<\/strong>, \u0391\u03c5\u03c4\u03cc \u03c4\u03bf \u03ba\u03b1\u03c0\u03ac\u03ba\u03b9 \u03c0\u03c1\u03bf\u03c3\u03c6\u03ad\u03c1\u03b5\u03b9 \u03c4\u03ad\u03bb\u03b5\u03b9\u03b1\u00a0<strong>\u03c0\u03c1\u03bf\u03c3\u03c4\u03b1\u03c3\u03af\u03b1<\/strong>\u00a0\u03b5\u03bd\u03ac\u03bd\u03c4\u03b9\u03b1 \u03c3\u03c4\u03bf\u00a0<strong>\u03ae\u03bb\u03b9\u03bf\u03c2\u00a0<\/strong>\u039a\u03b1\u03b9<strong>\u00a0\u03bd\u03b5\u03c1\u03cc<\/strong>.\u00a0<\/li>\n<\/ul>\n<ul>\n<li>\n<strong>\u03a0\u03bf\u03bb\u03cd \u03ac\u03bd\u03b5\u03c4\u03bf\u00a0<\/strong>\u03bc\u03b5 \u03c4\u03bf\u03bd \u03b1\u03b5\u03c1\u03b9\u03c3\u03bc\u03cc \u03c4\u03bf\u03c5, \u03b5\u03af\u03bd\u03b1\u03b9 \u03c0\u03bf\u03bb\u03cd \u03ac\u03bd\u03b5\u03c4\u03bf \u03c3\u03c4\u03b7 \u03c7\u03c1\u03ae\u03c3\u03b7<\/li>\n<\/ul>\n<ul>\n<li>\n<strong>\u03a4\u03c1\u03b9\u03c3\u03b4\u03b9\u03ac\u03c3\u03c4\u03b1\u03c4\u03b7 \u03c8\u03b7\u03c6\u03b9\u03b1\u03ba\u03ae \u03b5\u03ba\u03c4\u03cd\u03c0\u03c9\u03c3\u03b7<\/strong>\u00a0: \u03ba\u03b1\u03c0\u03ac\u03ba\u03b9<strong>\u00a0\u03ad\u03bd\u03c4\u03c5\u03c0\u03bf\u03c2<\/strong>\u00a0\u03bc\u03b5 \u03c0\u03c1\u03c9\u03c4\u03cc\u03c4\u03c5\u03c0\u03bf \u03c3\u03c7\u03ad\u03b4\u03b9\u03bf,\u00a0<strong>\u0395\u03ba\u03c4\u03cd\u03c0\u03c9\u03c3\u03b7 \u03c3\u03b5 \u03ba\u03b1\u03bc\u03b2\u03ac<\/strong>\n<\/li>\n<\/ul>\n<ul>\n<li>\n<strong>\u039a\u03b1\u03bc\u03c0\u03c5\u03bb\u03c9\u03c4\u03cc \u03b3\u03b5\u03af\u03c3\u03bf\u00a0<\/strong>: \u03b5\u03ba\u03b5\u03af\u00a0<strong>\u03c0\u03c1\u03bf\u03c3\u03c9\u03c0\u03af\u03b4\u03b1<\/strong>\u00a0\u0391\u03bd\u03b1\u03c4\u03bf\u03bb\u03ae<strong>\u00a0\u03c0\u03c1\u03bf<\/strong><strong>-\u03ba\u03c5\u03c1\u03c4\u03cc\u03c2<\/strong>\n<\/li>\n<\/ul>\n<ul>\n<li>\n<strong>\u039a\u03bf\u03cd\u03bc\u03c0\u03c9\u03bc\u03b1 \u03bc\u03b5 \u03ba\u03bf\u03cd\u03bc\u03c0\u03c9\u03bc\u03b1 Snapback<\/strong>\u00a0:\u00a0<strong>\u03c3\u03c5\u03bd\u03b7\u03bc\u03bc\u03ad\u03bd\u03bf<\/strong>\u00a0\u03c3\u03b5\u00a0<strong>\u03c0\u03bb\u03b1\u03c3\u03c4\u03b9\u03ba\u03ae \u03cd\u03bb\u03b7<\/strong>\u00a0\u03bc\u03b5\u00a0<strong>\u03ba\u03bf\u03c5\u03bc\u03c0\u03b9\u03ac<\/strong>\u00a0\u03c4\u03bf\u03c5\u00a0<strong>\u03c0\u03b9\u03ad\u03c3\u03b5\u03b9\u03c2<\/strong>\n<\/li>\n<\/ul>\n<ul>\n<li>\n<strong>\u0394\u03c9\u03c1\u03b5\u03ac\u03bd \u03c0\u03b1\u03c1\u03ac\u03b4\u03bf\u03c3\u03b7\u00a0<\/strong>\u03b3\u03b9\u03b1 \u03bf\u03c0\u03bf\u03b9\u03b1\u03b4\u03ae\u03c0\u03bf\u03c4\u03b5 \u03b1\u03b3\u03bf\u03c1\u03ac<\/li>\n<\/ul>","protected":false},"excerpt":{"rendered":"<p>\u00a0Casquette\u00a0 de qualit\u00e9 sup\u00e9rieure\u00a0: constitu\u00e9e\u00a0de 4\u00a0panneaux arri\u00e8re\u00a0en\u00a0mesh, ce\u00a0tissu\u00a0en\u00a0plastique\u00a0est tr\u00e8s\u00a0a\u00e9r\u00e9\u00a0gr\u00e2ce \u00e0 son\u00a0tissage\u00a0\u00ab\u00a0filet\u00ab\u00a0 Polyester\u00a0: avec sa\u00a0composition\u00a0en\u00a0polyester, cette\u00a0casquette\u00a0offre une parfaite\u00a0protection\u00a0contre le\u00a0soleil\u00a0et\u00a0l&rsquo;eau.\u00a0 Tr\u00e8s confortable\u00a0: avec son a\u00e9ration, elle est tr\u00e8s agr\u00e9able \u00e0 porter Impression digitale 3D\u00a0:\u00a0casquette\u00a0imprim\u00e9e\u00a0avec un design original,\u00a0Impression Canvas Visi\u00e8re courb\u00e9\u00a0: la\u00a0visi\u00e8re\u00a0est\u00a0pr\u00e9-courb\u00e9e Fermoir\u00a0Snapback\u00a0:\u00a0attache\u00a0en\u00a0plastique\u00a0avec des\u00a0boutons\u00a0de\u00a0pressions Livraison\u00a0Offerte\u00a0pour tout achat<\/p>","protected":false},"featured_media":8459,"comment_status":"open","ping_status":"open","template":"","meta":[],"product_brand":[],"product_cat":[190,155],"product_tag":[144],"class_list":{"0":"post-8457","1":"product","2":"type-product","3":"status-publish","4":"has-post-thumbnail","6":"product_cat-casquettes-et-chapeaux-one-piece","7":"product_cat-goodies-usopp-one-piece","8":"product_tag-usopp","10":"first","11":"outofstock","12":"purchasable","13":"product-type-simple"},"yoast_head":"<!-- This site is optimized with the Yoast SEO plugin v27.5 - https:\/\/yoast.com\/product\/yoast-seo-wordpress\/ -->\n<title>Casquette One Piece Usopp | Boutique One Piece<\/title>\n<meta name=\"description\" content=\"\u00a0Casquette\u00a0 de qualit\u00e9 sup\u00e9rieure\u00a0: constitu\u00e9e\u00a0de 4\u00a0panneaux arri\u00e8re\u00a0en\u00a0mesh, ce\u00a0tissu\u00a0en\u00a0plastique\u00a0est tr\u00e8s\u00a0a\u00e9r\u00e9\u00a0gr\u00e2ce \u00e0 son\u00a0tissage\u00a0&quot;filet&quot; Polyester\u00a0: avec sa\u00a0composition\u00a0en\u00a0polyester, cette\u00a0casquette\u00a0offre une parfaite\u00a0protection\u00a0contre le\u00a0soleil\u00a0et\u00a0l&#039;eau.\u00a0 Tr\u00e8s confortable\u00a0: avec son a\u00e9ration, elle est tr\u00e8s agr\u00e9ab\" \/>\n<meta name=\"robots\" content=\"index, follow, max-snippet:-1, max-image-preview:large, max-video-preview:-1\" \/>\n<link rel=\"canonical\" href=\"https:\/\/boutique-one-piece.com\/el\/\u03bf\u03bb\u03cc\u03c3\u03c9\u03bc\u03b1-\u03c1\u03bf\u03cd\u03c7\u03b1\/\u03ba\u03b1\u03c0\u03ad\u03bb\u03b1-\u03ba\u03b1\u03b9-\u03ba\u03b1\u03c0\u03ad\u03bb\u03b1-one-piece\/\u03ba\u03b1\u03c0\u03ad\u03bb\u03bf-one-piece-usopp\/\" \/>\n<meta property=\"og:locale\" content=\"el_GR\" \/>\n<meta property=\"og:type\" content=\"article\" \/>\n<meta property=\"og:title\" content=\"Casquette One Piece Usopp | Boutique One Piece\" \/>\n<meta property=\"og:description\" content=\"\u00a0Casquette\u00a0 de qualit\u00e9 sup\u00e9rieure\u00a0: constitu\u00e9e\u00a0de 4\u00a0panneaux arri\u00e8re\u00a0en\u00a0mesh, ce\u00a0tissu\u00a0en\u00a0plastique\u00a0est tr\u00e8s\u00a0a\u00e9r\u00e9\u00a0gr\u00e2ce \u00e0 son\u00a0tissage\u00a0&quot;filet&quot; Polyester\u00a0: avec sa\u00a0composition\u00a0en\u00a0polyester, cette\u00a0casquette\u00a0offre une parfaite\u00a0protection\u00a0contre le\u00a0soleil\u00a0et\u00a0l&#039;eau.\u00a0 Tr\u00e8s confortable\u00a0: avec son a\u00e9ration, elle est tr\u00e8s agr\u00e9ab\" \/>\n<meta property=\"og:url\" content=\"https:\/\/boutique-one-piece.com\/el\/\u03bf\u03bb\u03cc\u03c3\u03c9\u03bc\u03b1-\u03c1\u03bf\u03cd\u03c7\u03b1\/\u03ba\u03b1\u03c0\u03ad\u03bb\u03b1-\u03ba\u03b1\u03b9-\u03ba\u03b1\u03c0\u03ad\u03bb\u03b1-one-piece\/\u03ba\u03b1\u03c0\u03ad\u03bb\u03bf-one-piece-usopp\/\" \/>\n<meta property=\"og:site_name\" content=\"Boutique One Piece\" \/>\n<meta property=\"article:modified_time\" content=\"2025-04-25T10:36:22+00:00\" \/>\n<meta property=\"og:image\" content=\"https:\/\/boutique-one-piece.com\/wp-content\/uploads\/2022\/09\/Casquette-One-Piece-Usopp-1.jpg\" \/>\n\t<meta property=\"og:image:width\" content=\"750\" \/>\n\t<meta property=\"og:image:height\" content=\"750\" \/>\n\t<meta property=\"og:image:type\" content=\"image\/jpeg\" \/>\n<meta name=\"twitter:card\" content=\"summary_large_image\" \/>\n<meta name=\"twitter:label1\" content=\"\u0395\u03ba\u03c4\u03b9\u03bc\u03ce\u03bc\u03b5\u03bd\u03bf\u03c2 \u03c7\u03c1\u03cc\u03bd\u03bf\u03c2 \u03b1\u03bd\u03ac\u03b3\u03bd\u03c9\u03c3\u03b7\u03c2\" \/>\n\t<meta name=\"twitter:data1\" content=\"1 \u03bb\u03b5\u03c0\u03c4\u03cc\" \/>\n<script type=\"application\/ld+json\" class=\"yoast-schema-graph\">{\"@context\":\"https:\\\/\\\/schema.org\",\"@graph\":[{\"@type\":\"WebPage\",\"@id\":\"https:\\\/\\\/boutique-one-piece.com\\\/vetements-one-piece\\\/casquettes-et-chapeaux-one-piece\\\/casquette-one-piece-usopp\\\/\",\"url\":\"https:\\\/\\\/boutique-one-piece.com\\\/vetements-one-piece\\\/casquettes-et-chapeaux-one-piece\\\/casquette-one-piece-usopp\\\/\",\"name\":\"Casquette One Piece Usopp | Boutique One Piece\",\"isPartOf\":{\"@id\":\"https:\\\/\\\/boutique-one-piece.com\\\/#website\"},\"primaryImageOfPage\":{\"@id\":\"https:\\\/\\\/boutique-one-piece.com\\\/vetements-one-piece\\\/casquettes-et-chapeaux-one-piece\\\/casquette-one-piece-usopp\\\/#primaryimage\"},\"image\":{\"@id\":\"https:\\\/\\\/boutique-one-piece.com\\\/vetements-one-piece\\\/casquettes-et-chapeaux-one-piece\\\/casquette-one-piece-usopp\\\/#primaryimage\"},\"thumbnailUrl\":\"https:\\\/\\\/boutique-one-piece.com\\\/wp-content\\\/uploads\\\/2022\\\/09\\\/Casquette-One-Piece-Usopp-1.jpg\",\"datePublished\":\"2022-09-27T20:13:08+00:00\",\"dateModified\":\"2025-04-25T10:36:22+00:00\",\"description\":\"\u00a0Casquette\u00a0 de qualit\u00e9 sup\u00e9rieure\u00a0: constitu\u00e9e\u00a0de 4\u00a0panneaux arri\u00e8re\u00a0en\u00a0mesh, ce\u00a0tissu\u00a0en\u00a0plastique\u00a0est tr\u00e8s\u00a0a\u00e9r\u00e9\u00a0gr\u00e2ce \u00e0 son\u00a0tissage\u00a0\\\"filet\\\" Polyester\u00a0: avec sa\u00a0composition\u00a0en\u00a0polyester, cette\u00a0casquette\u00a0offre une parfaite\u00a0protection\u00a0contre le\u00a0soleil\u00a0et\u00a0l'eau.\u00a0 Tr\u00e8s confortable\u00a0: avec son a\u00e9ration, elle est tr\u00e8s agr\u00e9ab\",\"breadcrumb\":{\"@id\":\"https:\\\/\\\/boutique-one-piece.com\\\/vetements-one-piece\\\/casquettes-et-chapeaux-one-piece\\\/casquette-one-piece-usopp\\\/#breadcrumb\"},\"inLanguage\":\"el\",\"potentialAction\":[{\"@type\":\"ReadAction\",\"target\":[\"https:\\\/\\\/boutique-one-piece.com\\\/vetements-one-piece\\\/casquettes-et-chapeaux-one-piece\\\/casquette-one-piece-usopp\\\/\"]}]},{\"@type\":\"ImageObject\",\"inLanguage\":\"el\",\"@id\":\"https:\\\/\\\/boutique-one-piece.com\\\/vetements-one-piece\\\/casquettes-et-chapeaux-one-piece\\\/casquette-one-piece-usopp\\\/#primaryimage\",\"url\":\"https:\\\/\\\/boutique-one-piece.com\\\/wp-content\\\/uploads\\\/2022\\\/09\\\/Casquette-One-Piece-Usopp-1.jpg\",\"contentUrl\":\"https:\\\/\\\/boutique-one-piece.com\\\/wp-content\\\/uploads\\\/2022\\\/09\\\/Casquette-One-Piece-Usopp-1.jpg\",\"width\":750,\"height\":750},{\"@type\":\"BreadcrumbList\",\"@id\":\"https:\\\/\\\/boutique-one-piece.com\\\/vetements-one-piece\\\/casquettes-et-chapeaux-one-piece\\\/casquette-one-piece-usopp\\\/#breadcrumb\",\"itemListElement\":[{\"@type\":\"ListItem\",\"position\":1,\"name\":\"Home\",\"item\":\"https:\\\/\\\/boutique-one-piece.com\\\/\"},{\"@type\":\"ListItem\",\"position\":2,\"name\":\"Shop\",\"item\":\"https:\\\/\\\/boutique-one-piece.com\\\/shop\\\/\"},{\"@type\":\"ListItem\",\"position\":3,\"name\":\"Casquette One Piece Usopp\"}]},{\"@type\":\"WebSite\",\"@id\":\"https:\\\/\\\/boutique-one-piece.com\\\/#website\",\"url\":\"https:\\\/\\\/boutique-one-piece.com\\\/\",\"name\":\"Boutique One Piece\",\"description\":\"Magasin Sp\u00e9cialis\u00e9 du Manga et l&#039;Anime One Piece\",\"publisher\":{\"@id\":\"https:\\\/\\\/boutique-one-piece.com\\\/#organization\"},\"potentialAction\":[{\"@type\":\"SearchAction\",\"target\":{\"@type\":\"EntryPoint\",\"urlTemplate\":\"https:\\\/\\\/boutique-one-piece.com\\\/?s={search_term_string}\"},\"query-input\":{\"@type\":\"PropertyValueSpecification\",\"valueRequired\":true,\"valueName\":\"search_term_string\"}}],\"inLanguage\":\"el\"},{\"@type\":\"Organization\",\"@id\":\"https:\\\/\\\/boutique-one-piece.com\\\/#organization\",\"name\":\"Boutique One Piece\",\"url\":\"https:\\\/\\\/boutique-one-piece.com\\\/\",\"logo\":{\"@type\":\"ImageObject\",\"inLanguage\":\"el\",\"@id\":\"https:\\\/\\\/boutique-one-piece.com\\\/#\\\/schema\\\/logo\\\/image\\\/\",\"url\":\"https:\\\/\\\/boutique-one-piece.com\\\/wp-content\\\/uploads\\\/2022\\\/09\\\/Logo-01.png\",\"contentUrl\":\"https:\\\/\\\/boutique-one-piece.com\\\/wp-content\\\/uploads\\\/2022\\\/09\\\/Logo-01.png\",\"width\":2318,\"height\":957,\"caption\":\"Boutique One Piece\"},\"image\":{\"@id\":\"https:\\\/\\\/boutique-one-piece.com\\\/#\\\/schema\\\/logo\\\/image\\\/\"}}]}<\/script>\n<!-- \/ Yoast SEO plugin. -->","yoast_head_json":{"title":"\u039a\u03b1\u03c0\u03ad\u03bb\u03bf One Piece Usopp | \u039a\u03b1\u03c4\u03ac\u03c3\u03c4\u03b7\u03bc\u03b1 One Piece","description":"\u00a0\u039a\u03b1\u03c0\u03ad\u03bb\u03bf \u03c5\u03c8\u03b7\u03bb\u03ae\u03c2 \u03c0\u03bf\u03b9\u03cc\u03c4\u03b7\u03c4\u03b1\u03c2: \u039a\u03b1\u03c4\u03b1\u03c3\u03ba\u03b5\u03c5\u03b1\u03c3\u03bc\u03ad\u03bd\u03bf \u03bc\u03b5 4 \u03c0\u03af\u03c3\u03c9 \u03c0\u03ac\u03bd\u03b5\u03bb \u03b1\u03c0\u03cc \u03c0\u03bb\u03ad\u03b3\u03bc\u03b1, \u03b1\u03c5\u03c4\u03cc \u03c4\u03bf \u03c0\u03bb\u03b1\u03c3\u03c4\u03b9\u03ba\u03cc \u03cd\u03c6\u03b1\u03c3\u03bc\u03b1 \u03b5\u03af\u03bd\u03b1\u03b9 \u03c0\u03bf\u03bb\u03cd \u03b1\u03bd\u03b1\u03c0\u03bd\u03b5\u03cd\u03c3\u03b9\u03bc\u03bf \u03c7\u03ac\u03c1\u03b7 \u03c3\u03c4\u03b7\u03bd &quot;\u03b4\u03b9\u03c7\u03c4\u03c5\u03c9\u03c4\u03ae&quot; \u03cd\u03c6\u03b1\u03bd\u03c3\u03ae \u03c4\u03bf\u03c5. \u03a0\u03bf\u03bb\u03c5\u03b5\u03c3\u03c4\u03ad\u03c1\u03b1\u03c2: \u039c\u03b5 \u03c4\u03b7 \u03c3\u03cd\u03bd\u03b8\u03b5\u03c3\u03ae \u03c4\u03bf\u03c5 \u03b1\u03c0\u03cc \u03c0\u03bf\u03bb\u03c5\u03b5\u03c3\u03c4\u03ad\u03c1\u03b1, \u03b1\u03c5\u03c4\u03cc \u03c4\u03bf \u03ba\u03b1\u03c0\u03ad\u03bb\u03bf \u03c0\u03c1\u03bf\u03c3\u03c6\u03ad\u03c1\u03b5\u03b9 \u03c4\u03ad\u03bb\u03b5\u03b9\u03b1 \u03c0\u03c1\u03bf\u03c3\u03c4\u03b1\u03c3\u03af\u03b1 \u03b1\u03c0\u03cc \u03c4\u03bf\u03bd \u03ae\u03bb\u03b9\u03bf \u03ba\u03b1\u03b9 \u03c4\u03bf \u03bd\u03b5\u03c1\u03cc. \u03a0\u03bf\u03bb\u03cd \u03ac\u03bd\u03b5\u03c4\u03bf: \u03a7\u03ac\u03c1\u03b7 \u03c3\u03c4\u03bf\u03bd \u03b1\u03b5\u03c1\u03b9\u03c3\u03bc\u03cc \u03c4\u03bf\u03c5, \u03b5\u03af\u03bd\u03b1\u03b9 \u03c0\u03bf\u03bb\u03cd \u03b5\u03c5\u03c7\u03ac\u03c1\u03b9\u03c3\u03c4\u03bf \u03c3\u03c4\u03b7 \u03c7\u03c1\u03ae\u03c3\u03b7.","robots":{"index":"index","follow":"follow","max-snippet":"max-snippet:-1","max-image-preview":"max-image-preview:large","max-video-preview":"max-video-preview:-1"},"canonical":"https:\/\/boutique-one-piece.com\/el\/\u03bf\u03bb\u03cc\u03c3\u03c9\u03bc\u03b1-\u03c1\u03bf\u03cd\u03c7\u03b1\/\u03ba\u03b1\u03c0\u03ad\u03bb\u03b1-\u03ba\u03b1\u03b9-\u03ba\u03b1\u03c0\u03ad\u03bb\u03b1-one-piece\/\u03ba\u03b1\u03c0\u03ad\u03bb\u03bf-one-piece-usopp\/","og_locale":"el_GR","og_type":"article","og_title":"Casquette One Piece Usopp | Boutique One Piece","og_description":"\u00a0Casquette\u00a0 de qualit\u00e9 sup\u00e9rieure\u00a0: constitu\u00e9e\u00a0de 4\u00a0panneaux arri\u00e8re\u00a0en\u00a0mesh, ce\u00a0tissu\u00a0en\u00a0plastique\u00a0est tr\u00e8s\u00a0a\u00e9r\u00e9\u00a0gr\u00e2ce \u00e0 son\u00a0tissage\u00a0\"filet\" Polyester\u00a0: avec sa\u00a0composition\u00a0en\u00a0polyester, cette\u00a0casquette\u00a0offre une parfaite\u00a0protection\u00a0contre le\u00a0soleil\u00a0et\u00a0l'eau.\u00a0 Tr\u00e8s confortable\u00a0: avec son a\u00e9ration, elle est tr\u00e8s agr\u00e9ab","og_url":"https:\/\/boutique-one-piece.com\/el\/\u03bf\u03bb\u03cc\u03c3\u03c9\u03bc\u03b1-\u03c1\u03bf\u03cd\u03c7\u03b1\/\u03ba\u03b1\u03c0\u03ad\u03bb\u03b1-\u03ba\u03b1\u03b9-\u03ba\u03b1\u03c0\u03ad\u03bb\u03b1-one-piece\/\u03ba\u03b1\u03c0\u03ad\u03bb\u03bf-one-piece-usopp\/","og_site_name":"Boutique One Piece","article_modified_time":"2025-04-25T10:36:22+00:00","og_image":[{"width":750,"height":750,"url":"https:\/\/boutique-one-piece.com\/wp-content\/uploads\/2022\/09\/Casquette-One-Piece-Usopp-1.jpg","type":"image\/jpeg"}],"twitter_card":"summary_large_image","twitter_misc":{"\u0395\u03ba\u03c4\u03b9\u03bc\u03ce\u03bc\u03b5\u03bd\u03bf\u03c2 \u03c7\u03c1\u03cc\u03bd\u03bf\u03c2 \u03b1\u03bd\u03ac\u03b3\u03bd\u03c9\u03c3\u03b7\u03c2":"1 \u03bb\u03b5\u03c0\u03c4\u03cc"},"schema":{"@context":"https:\/\/schema.org","@graph":[{"@type":"WebPage","@id":"https:\/\/boutique-one-piece.com\/vetements-one-piece\/casquettes-et-chapeaux-one-piece\/casquette-one-piece-usopp\/","url":"https:\/\/boutique-one-piece.com\/vetements-one-piece\/casquettes-et-chapeaux-one-piece\/casquette-one-piece-usopp\/","name":"\u039a\u03b1\u03c0\u03ad\u03bb\u03bf One Piece Usopp | \u039a\u03b1\u03c4\u03ac\u03c3\u03c4\u03b7\u03bc\u03b1 One Piece","isPartOf":{"@id":"https:\/\/boutique-one-piece.com\/#website"},"primaryImageOfPage":{"@id":"https:\/\/boutique-one-piece.com\/vetements-one-piece\/casquettes-et-chapeaux-one-piece\/casquette-one-piece-usopp\/#primaryimage"},"image":{"@id":"https:\/\/boutique-one-piece.com\/vetements-one-piece\/casquettes-et-chapeaux-one-piece\/casquette-one-piece-usopp\/#primaryimage"},"thumbnailUrl":"https:\/\/boutique-one-piece.com\/wp-content\/uploads\/2022\/09\/Casquette-One-Piece-Usopp-1.jpg","datePublished":"2022-09-27T20:13:08+00:00","dateModified":"2025-04-25T10:36:22+00:00","description":"\u00a0\u039a\u03b1\u03c0\u03ad\u03bb\u03bf \u03c5\u03c8\u03b7\u03bb\u03ae\u03c2 \u03c0\u03bf\u03b9\u03cc\u03c4\u03b7\u03c4\u03b1\u03c2: \u039a\u03b1\u03c4\u03b1\u03c3\u03ba\u03b5\u03c5\u03b1\u03c3\u03bc\u03ad\u03bd\u03bf \u03bc\u03b5 4 \u03c0\u03af\u03c3\u03c9 \u03c0\u03ac\u03bd\u03b5\u03bb \u03b1\u03c0\u03cc \u03c0\u03bb\u03ad\u03b3\u03bc\u03b1, \u03b1\u03c5\u03c4\u03cc \u03c4\u03bf \u03c0\u03bb\u03b1\u03c3\u03c4\u03b9\u03ba\u03cc \u03cd\u03c6\u03b1\u03c3\u03bc\u03b1 \u03b5\u03af\u03bd\u03b1\u03b9 \u03c0\u03bf\u03bb\u03cd \u03b1\u03bd\u03b1\u03c0\u03bd\u03b5\u03cd\u03c3\u03b9\u03bc\u03bf \u03c7\u03ac\u03c1\u03b7 \u03c3\u03c4\u03b7\u03bd &quot;\u03b4\u03b9\u03c7\u03c4\u03c5\u03c9\u03c4\u03ae&quot; \u03cd\u03c6\u03b1\u03bd\u03c3\u03ae \u03c4\u03bf\u03c5. \u03a0\u03bf\u03bb\u03c5\u03b5\u03c3\u03c4\u03ad\u03c1\u03b1\u03c2: \u039c\u03b5 \u03c4\u03b7 \u03c3\u03cd\u03bd\u03b8\u03b5\u03c3\u03ae \u03c4\u03bf\u03c5 \u03b1\u03c0\u03cc \u03c0\u03bf\u03bb\u03c5\u03b5\u03c3\u03c4\u03ad\u03c1\u03b1, \u03b1\u03c5\u03c4\u03cc \u03c4\u03bf \u03ba\u03b1\u03c0\u03ad\u03bb\u03bf \u03c0\u03c1\u03bf\u03c3\u03c6\u03ad\u03c1\u03b5\u03b9 \u03c4\u03ad\u03bb\u03b5\u03b9\u03b1 \u03c0\u03c1\u03bf\u03c3\u03c4\u03b1\u03c3\u03af\u03b1 \u03b1\u03c0\u03cc \u03c4\u03bf\u03bd \u03ae\u03bb\u03b9\u03bf \u03ba\u03b1\u03b9 \u03c4\u03bf \u03bd\u03b5\u03c1\u03cc. \u03a0\u03bf\u03bb\u03cd \u03ac\u03bd\u03b5\u03c4\u03bf: \u03a7\u03ac\u03c1\u03b7 \u03c3\u03c4\u03bf\u03bd \u03b1\u03b5\u03c1\u03b9\u03c3\u03bc\u03cc \u03c4\u03bf\u03c5, \u03b5\u03af\u03bd\u03b1\u03b9 \u03c0\u03bf\u03bb\u03cd \u03b5\u03c5\u03c7\u03ac\u03c1\u03b9\u03c3\u03c4\u03bf \u03c3\u03c4\u03b7 \u03c7\u03c1\u03ae\u03c3\u03b7.","breadcrumb":{"@id":"https:\/\/boutique-one-piece.com\/vetements-one-piece\/casquettes-et-chapeaux-one-piece\/casquette-one-piece-usopp\/#breadcrumb"},"inLanguage":"el","potentialAction":[{"@type":"ReadAction","target":["https:\/\/boutique-one-piece.com\/vetements-one-piece\/casquettes-et-chapeaux-one-piece\/casquette-one-piece-usopp\/"]}]},{"@type":"ImageObject","inLanguage":"el","@id":"https:\/\/boutique-one-piece.com\/vetements-one-piece\/casquettes-et-chapeaux-one-piece\/casquette-one-piece-usopp\/#primaryimage","url":"https:\/\/boutique-one-piece.com\/wp-content\/uploads\/2022\/09\/Casquette-One-Piece-Usopp-1.jpg","contentUrl":"https:\/\/boutique-one-piece.com\/wp-content\/uploads\/2022\/09\/Casquette-One-Piece-Usopp-1.jpg","width":750,"height":750},{"@type":"BreadcrumbList","@id":"https:\/\/boutique-one-piece.com\/vetements-one-piece\/casquettes-et-chapeaux-one-piece\/casquette-one-piece-usopp\/#breadcrumb","itemListElement":[{"@type":"ListItem","position":1,"name":"Home","item":"https:\/\/boutique-one-piece.com\/"},{"@type":"ListItem","position":2,"name":"Shop","item":"https:\/\/boutique-one-piece.com\/shop\/"},{"@type":"ListItem","position":3,"name":"Casquette One Piece Usopp"}]},{"@type":"WebSite","@id":"https:\/\/boutique-one-piece.com\/#website","url":"https:\/\/boutique-one-piece.com\/","name":"\u039a\u03b1\u03c4\u03ac\u03c3\u03c4\u03b7\u03bc\u03b1 One Piece","description":"\u0395\u03be\u03b5\u03b9\u03b4\u03b9\u03ba\u03b5\u03c5\u03bc\u03ad\u03bd\u03bf \u03ba\u03b1\u03c4\u03ac\u03c3\u03c4\u03b7\u03bc\u03b1 \u03b3\u03b9\u03b1 One Piece Manga \u03ba\u03b1\u03b9 Anime","publisher":{"@id":"https:\/\/boutique-one-piece.com\/#organization"},"potentialAction":[{"@type":"SearchAction","target":{"@type":"EntryPoint","urlTemplate":"https:\/\/boutique-one-piece.com\/?s={search_term_string}"},"query-input":{"@type":"PropertyValueSpecification","valueRequired":true,"valueName":"search_term_string"}}],"inLanguage":"el"},{"@type":"Organization","@id":"https:\/\/boutique-one-piece.com\/#organization","name":"\u039a\u03b1\u03c4\u03ac\u03c3\u03c4\u03b7\u03bc\u03b1 One Piece","url":"https:\/\/boutique-one-piece.com\/","logo":{"@type":"ImageObject","inLanguage":"el","@id":"https:\/\/boutique-one-piece.com\/#\/schema\/logo\/image\/","url":"https:\/\/boutique-one-piece.com\/wp-content\/uploads\/2022\/09\/Logo-01.png","contentUrl":"https:\/\/boutique-one-piece.com\/wp-content\/uploads\/2022\/09\/Logo-01.png","width":2318,"height":957,"caption":"Boutique One Piece"},"image":{"@id":"https:\/\/boutique-one-piece.com\/#\/schema\/logo\/image\/"}}]}},"_links":{"self":[{"href":"https:\/\/boutique-one-piece.com\/el\/wp-json\/wp\/v2\/product\/8457","targetHints":{"allow":["GET"]}}],"collection":[{"href":"https:\/\/boutique-one-piece.com\/el\/wp-json\/wp\/v2\/product"}],"about":[{"href":"https:\/\/boutique-one-piece.com\/el\/wp-json\/wp\/v2\/types\/product"}],"replies":[{"embeddable":true,"href":"https:\/\/boutique-one-piece.com\/el\/wp-json\/wp\/v2\/comments?post=8457"}],"wp:featuredmedia":[{"embeddable":true,"href":"https:\/\/boutique-one-piece.com\/el\/wp-json\/wp\/v2\/media\/8459"}],"wp:attachment":[{"href":"https:\/\/boutique-one-piece.com\/el\/wp-json\/wp\/v2\/media?parent=8457"}],"wp:term":[{"taxonomy":"product_brand","embeddable":true,"href":"https:\/\/boutique-one-piece.com\/el\/wp-json\/wp\/v2\/product_brand?post=8457"},{"taxonomy":"product_cat","embeddable":true,"href":"https:\/\/boutique-one-piece.com\/el\/wp-json\/wp\/v2\/product_cat?post=8457"},{"taxonomy":"product_tag","embeddable":true,"href":"https:\/\/boutique-one-piece.com\/el\/wp-json\/wp\/v2\/product_tag?post=8457"}],"curies":[{"name":"\u03b5\u03c1\u03b3\u03b1\u03c3\u03af\u03b1","href":"https:\/\/api.w.org\/{rel}","templated":true}]}}