{"id":8465,"date":"2022-09-27T20:13:08","date_gmt":"2022-09-27T20:13:08","guid":{"rendered":"https:\/\/boutique-one-piece.com\/uncategorized\/avis-de-recherche-one-piece-kaido-wanted\/"},"modified":"2024-09-16T11:19:26","modified_gmt":"2024-09-16T11:19:26","slug":"%ce%ae%ce%b8%ce%b5%ce%bb%ce%b1-%ce%b5%ce%b9%ce%b4%ce%bf%cf%80%ce%bf%ce%af%ce%b7%cf%83%ce%b7-%ce%ad%ce%bd%ce%b1-%ce%ba%ce%bf%ce%bc%ce%bc%ce%ac%cf%84%ce%b9-kaido-%ce%ae%ce%b8%ce%b5%ce%bb%ce%b1","status":"publish","type":"product","link":"https:\/\/boutique-one-piece.com\/el\/%ce%b4%ce%b9%ce%b1%ce%ba%ce%bf%cf%83%ce%bc%ce%ae%cf%83%ce%b5%ce%b9%cf%82-%ce%b1%cf%80%cf%8c-%ce%ad%ce%bd%ce%b1-%ce%ba%ce%bf%ce%bc%ce%bc%ce%ac%cf%84%ce%b9\/%ce%ae%ce%b8%ce%b5%ce%bb%ce%b1-%ce%b5%ce%b9%ce%b4%ce%bf%cf%80%ce%bf%ce%af%ce%b7%cf%83%ce%b7-%ce%ad%ce%bd%ce%b1-%ce%ba%ce%bf%ce%bc%ce%bc%ce%ac%cf%84%ce%b9-kaido-%ce%ae%ce%b8%ce%b5%ce%bb%ce%b1\/","title":{"rendered":"\u0395\u03b9\u03b4\u03bf\u03c0\u03bf\u03af\u03b7\u03c3\u03b7 \u03ba\u03b1\u03c4\u03b1\u03b6\u03b7\u03c4\u03bf\u03cd\u03bc\u03b5\u03bd\u03bf\u03c5 Kaido"},"content":{"rendered":"<h2>\u0391\u03bd \u03c3\u03b1\u03c2 \u03b1\u03c1\u03ad\u03c3\u03bf\u03c5\u03bd \u03bf\u03b9 \u03c0\u03b5\u03b9\u03c1\u03b1\u03c4\u03ad\u03c2 \u03bc\u03b5 \u03c4\u03b5\u03c1\u03b1\u03c4\u03ce\u03b4\u03b7 \u03b4\u03cd\u03bd\u03b1\u03bc\u03b7, \u03b4\u03bf\u03ba\u03b9\u03bc\u03ac\u03c3\u03c4\u03b5 \u03b1\u03c5\u03c4\u03ae\u03bd \u03c4\u03b7\u03bd \u03b1\u03c6\u03af\u03c3\u03b1 Kaido Wanted.<\/h2>\n<p>\u039f \u039a\u03ac\u03b9\u03bd\u03c4\u03bf \u03b5\u03af\u03bd\u03b1\u03b9 \u03ad\u03bd\u03b1\u03c2 <strong>\u03b1\u03c5\u03c4\u03bf\u03ba\u03c1\u03ac\u03c4\u03bf\u03c1\u03b1\u03c2<\/strong> \u03c4\u03bf\u03c5 \u039d\u03ad\u03bf\u03c5 \u039a\u03cc\u03c3\u03bc\u03bf\u03c5, \u03ba\u03b1\u03b8\u03b9\u03c3\u03c4\u03ce\u03bd\u03c4\u03b1\u03c2 \u03c4\u03bf\u03bd \u03ad\u03bd\u03b1\u03bd \u03b1\u03c0\u03cc \u03c4\u03bf\u03c5\u03c2 \u03b9\u03c3\u03c7\u03c5\u03c1\u03cc\u03c4\u03b5\u03c1\u03bf\u03c5\u03c2 \u03ba\u03b1\u03b9 \u03c0\u03b9\u03bf \u03c4\u03c1\u03bf\u03bc\u03b5\u03c1\u03bf\u03cd\u03c2 \u03c0\u03b5\u03b9\u03c1\u03b1\u03c4\u03ad\u03c2 \u03c3\u03c4\u03bf\u03bd \u03ba\u03cc\u03c3\u03bc\u03bf. \u0395\u03af\u03bd\u03b1\u03b9 \u03b3\u03bd\u03c9\u03c3\u03c4\u03cc\u03c2 \u03c9\u03c2 \u03bf <strong>\u03c4\u03bf \u03c0\u03b9\u03bf \u03b4\u03c5\u03bd\u03b1\u03c4\u03cc \u03b8\u03b7\u03c1\u03af\u03bf<\/strong> \u03c3\u03b5 \u03b1\u03c5\u03c4\u03cc\u03bd \u03c4\u03bf\u03bd \u03ba\u03cc\u03c3\u03bc\u03bf.<\/p>\n<p>\u039f \u039a\u03ac\u03b9\u03bd\u03c4\u03bf \u03c8\u03ac\u03c7\u03bd\u03b5\u03b9 \u03ad\u03bd\u03b1\u03bd \u03c4\u03c1\u03cc\u03c0\u03bf \u03bd\u03b1 \u03c0\u03b5\u03b8\u03ac\u03bd\u03b5\u03b9. \u0391\u03be\u03af\u03b6\u03b5\u03b9 \u03bd\u03b1 \u03c3\u03b7\u03bc\u03b5\u03b9\u03c9\u03b8\u03b5\u03af \u03cc\u03c4\u03b9 \u03ad\u03c7\u03b5\u03b9 \u03ba\u03b1\u03c4\u03b1\u03b4\u03b9\u03ba\u03b1\u03c3\u03c4\u03b5\u03af \u03c3\u03b5 \u03b5\u03ba\u03c4\u03ad\u03bb\u03b5\u03c3\u03b7 \u03c0\u03bf\u03bb\u03bb\u03ad\u03c2 \u03c6\u03bf\u03c1\u03ad\u03c2 \u03c7\u03c9\u03c1\u03af\u03c2 \u03c0\u03bf\u03c4\u03ad \u03bd\u03b1 \u03c0\u03b5\u03b8\u03ac\u03bd\u03b5\u03b9. \u03a4\u03b7\u03bd \u03c0\u03c1\u03ce\u03c4\u03b7 \u03c6\u03bf\u03c1\u03ac \u03c0\u03bf\u03c5 \u03c4\u03bf\u03bd \u03b2\u03bb\u03ad\u03c0\u03bf\u03c5\u03bc\u03b5, \u03c0\u03b5\u03c4\u03ac\u03b3\u03b5\u03c4\u03b1\u03b9 \u03b1\u03c0\u03cc \u03ad\u03bd\u03b1 \u03bd\u03b7\u03c3\u03af \u03c4\u03bf\u03c5 \u03bf\u03c5\u03c1\u03b1\u03bd\u03bf\u03cd (10 \u03c7\u03bb\u03bc. \u03c0\u03ac\u03bd\u03c9 \u03b1\u03c0\u03cc \u03c4\u03b7 \u0393\u03b7) \u03b5\u03c0\u03b5\u03b9\u03b4\u03ae \u03bf \u0391\u03c3\u03c0\u03c1\u03bf\u03b3\u03ad\u03bd\u03b7\u03c2 \u03c4\u03bf\u03bd \u03c3\u03c5\u03bc\u03b2\u03bf\u03cd\u03bb\u03b5\u03c8\u03b5 \u03bd\u03b1 \u03c4\u03bf \u03b4\u03bf\u03ba\u03b9\u03bc\u03ac\u03c3\u03b5\u03b9 \u03c9\u03c2 \u03bc\u03ad\u03c3\u03bf \u03b1\u03c5\u03c4\u03bf\u03ba\u03c4\u03bf\u03bd\u03af\u03b1\u03c2. \u03a0\u03c1\u03bf\u03c3\u03b3\u03b5\u03b9\u03ce\u03bd\u03b5\u03c4\u03b1\u03b9 \u03c3\u03c4\u03bf \u03b1\u03c1\u03c7\u03b7\u03b3\u03b5\u03af\u03bf \u03c4\u03bf\u03c5 \u0393\u03b9\u03bf\u03cd\u03c3\u03c4\u03b1\u03c2 \u039a\u03b9\u03bd\u03c4 \u03ba\u03b1\u03b9 \u03c4\u03bf\u03bd \u03bd\u03b9\u03ba\u03ac\u03b5\u03b9 \u03b3\u03c1\u03ae\u03b3\u03bf\u03c1\u03b1, \u03ba\u03b1\u03b9 \u03c3\u03c4\u03b7 \u03c3\u03c5\u03bd\u03ad\u03c7\u03b5\u03b9\u03b1 \u03c4\u03bf\u03bd \u03c0\u03b1\u03af\u03c1\u03bd\u03b5\u03b9 \u03b1\u03b9\u03c7\u03bc\u03ac\u03bb\u03c9\u03c4\u03bf \u03bc\u03b1\u03b6\u03af \u03bc\u03b5 \u03c4\u03bf \u03c0\u03bb\u03ae\u03c1\u03c9\u03bc\u03ac \u03c4\u03bf\u03c5.<\/p>\n<h3>\u039c\u03b7\u03bd \u03c3\u03b5 \u03c4\u03c1\u03bf\u03bc\u03ac\u03b6\u03b5\u03b9 \u03b7 \u03c4\u03b5\u03c1\u03ac\u03c3\u03c4\u03b9\u03b1 \u03b1\u03bc\u03bf\u03b9\u03b2\u03ae \u03b3\u03b9\u03b1 \u03c4\u03b7\u03bd \u03b1\u03c6\u03af\u03c3\u03b1 \u03ba\u03b1\u03c4\u03b1\u03b6\u03b7\u03c4\u03bf\u03cd\u03bc\u03b5\u03bd\u03c9\u03bd \u03c4\u03bf\u03c5 \u039a\u03ac\u03b9\u03bd\u03c4\u03bf.<\/h3>\n<p>\u039f \u039a\u03ac\u03b9\u03bd\u03c4\u03bf \u03bc\u03ac\u03c7\u03b5\u03c4\u03b1\u03b9 \u03bc\u03b5 \u03ad\u03bd\u03b1 \u03ba\u03b1\u03c1\u03c6\u03c9\u03bc\u03ad\u03bd\u03bf \u03c1\u03cc\u03c0\u03b1\u03bb\u03bf, \u03ad\u03bd\u03b1 <strong>\u039a\u03b1\u03bd\u03ac\u03bc\u03c0\u03bf<\/strong> \u0393\u03b9\u03b3\u03ac\u03bd\u03c4\u03b9\u03bf\u03c2. \u0395\u03af\u03bd\u03b1\u03b9 \u03b1\u03c5\u03c4\u03cc\u03c2 \u03c0\u03bf\u03c5 \u03ba\u03c5\u03b2\u03b5\u03c1\u03bd\u03ac \u03c4\u03b7 \u03a7\u03ce\u03c1\u03b1 \u03c4\u03bf\u03c5 \u0393\u03bf\u03c5\u03ac\u03bd\u03bf \u03bc\u03b5 \u03c4\u03bf\u03bd \u039f\u03c1\u03cc\u03c4\u03c3\u03b9 \u03ba\u03b1\u03b9 \u03b8\u03b1 \u03b5\u03af\u03bd\u03b1\u03b9 \u03bf \u03ba\u03cd\u03c1\u03b9\u03bf\u03c2 \u03b1\u03bd\u03c4\u03b1\u03b3\u03c9\u03bd\u03b9\u03c3\u03c4\u03ae\u03c2 \u03c4\u03bf\u03c5 \u03c4\u03cc\u03be\u03bf\u03c5 \u03c4\u03b7\u03c2 \u03a7\u03ce\u03c1\u03b1\u03c2 \u0393\u03bf\u03c5\u03ac\u03bd\u03bf. \u0388\u03c6\u03b1\u03b3\u03b5 \u03c4\u03bf \u03a6\u03c1\u03bf\u03cd\u03c4\u03bf \u03c4\u03bf\u03c5 \u0394\u03b9\u03b1\u03b2\u03cc\u03bb\u03bf\u03c5... <strong>\u039f\u03c5 \u039f\u03c5 \u03bd\u03bf \u03bc\u03af<\/strong> \u03c4\u03bf \u03bf\u03c0\u03bf\u03af\u03bf \u03b5\u03af\u03bd\u03b1\u03b9 \u03ad\u03bd\u03b1 \u0391\u03c1\u03c7\u03b1\u03af\u03bf \u0396\u03cc\u03b1\u03bd, \u03c0\u03bf\u03c5 \u03c4\u03bf\u03c5 \u03b5\u03c0\u03b9\u03c4\u03c1\u03ad\u03c0\u03b5\u03b9 \u03bd\u03b1 \u03bc\u03b5\u03c4\u03b1\u03bc\u03bf\u03c1\u03c6\u03c9\u03b8\u03b5\u03af \u03c3\u03b5 \u03b4\u03c1\u03ac\u03ba\u03bf. \u0397 \u03b1\u03bc\u03bf\u03b9\u03b2\u03ae \u03b3\u03b9\u03b1 \u03c4\u03bf \u03ba\u03b5\u03c6\u03ac\u03bb\u03b9 \u03c4\u03bf\u03c5 \u039a\u03ac\u03b9\u03bd\u03c4\u03bf \u03b5\u03af\u03bd\u03b1\u03b9 4.611.100.000 \u039c\u03bf\u03cd\u03c1\u03b1.<\/p>\n<p>\u0391\u03bd \u03c3\u03b1\u03c2 \u03b1\u03c1\u03ad\u03c3\u03bf\u03c5\u03bd \u03c4\u03b1 \u03bc\u03b5\u03b3\u03ac\u03bb\u03b1 \u03c7\u03c1\u03b7\u03bc\u03b1\u03c4\u03b9\u03ba\u03ac \u03c0\u03bf\u03c3\u03ac, \u03b1\u03c5\u03c4\u03cc <a href=\"https:\/\/boutique-one-piece.com\/el\/%ce%b1%cf%86%ce%af%cf%83%ce%b1-%cf%84%ce%bf%cf%85-one-piece-wanted-%cf%83%ce%b1%cf%81%ce%bb%cf%8c%cf%84-%ce%bb%ce%af%ce%bd%ce%bb%ce%b9%ce%bd\/\" target=\"_blank\" title=\"\u0397 \u03a3\u03b1\u03c1\u03bb\u03cc\u03c4 \u039b\u03af\u03bd\u03bb\u03b9\u03bd \u03ae\u03b8\u03b5\u03bb\u03b5\" rel=\"noopener noreferrer\">\u0397 \u03b5\u03b9\u03b4\u03bf\u03c0\u03bf\u03af\u03b7\u03c3\u03b7 \u03ba\u03b1\u03c4\u03b1\u03b4\u03af\u03c9\u03be\u03b7\u03c2 \u03c4\u03b7\u03c2 \u03a3\u03b1\u03c1\u03bb\u03cc\u03c4 \u039b\u03af\u03bd\u03bb\u03b9\u03bd<\/a> \u03a0\u03ae\u03b3\u03b1\u03b9\u03bd\u03b5 \u03ba\u03b1\u03b9 \u03ba\u03ac\u03bd\u03b5 \u03c3\u03c4\u03bf\u03bd \u03b5\u03b1\u03c5\u03c4\u03cc \u03c3\u03bf\u03c5 \u03bc\u03b9\u03b1 \u03c0\u03b5\u03c1\u03b9\u03c0\u03bf\u03af\u03b7\u03c3\u03b7.<\/p>\n<h2>\u03a0\u03bb\u03b7\u03c1\u03bf\u03c6\u03bf\u03c1\u03af\u03b5\u03c2 \u03b3\u03b9\u03b1 \u03c4\u03b7\u03bd \u03b1\u03c6\u03af\u03c3\u03b1 \u03c4\u03bf\u03c5 One Piece Wanted Kaido of the Hundred Beasts<\/h2>\n<ul>\n<li><span><b><u>\u0391\u03c6\u03af\u03c3\u03b1 One Piece Wanted<\/u><\/b>\u00a0\u039c\u03b9\u03b1 \u03b3\u03bd\u03ae\u03c3\u03b9\u03b1 \u03b1\u03c6\u03af\u03c3\u03b1 \u03c4\u03bf\u03c5 One Piece \u03c0\u03bf\u03c5 \u03b1\u03bd\u03b1\u03b6\u03b7\u03c4\u03b5\u03af\u03c4\u03b1\u03b9 \u03b3\u03b9\u03b1 \u03b1\u03bb\u03b7\u03b8\u03b9\u03bd\u03bf\u03cd\u03c2 \u03c0\u03b5\u03b9\u03c1\u03b1\u03c4\u03ad\u03c2<\/span><\/li>\n<\/ul>\n<ul>\n<li>\n<b><u>\u03a4\u03bf \u039a\u03ad\u03c1\u03b4\u03bf\u03c2 \u03c4\u03bf\u03c5 \u039a\u03ac\u03b9\u03bd\u03c4\u03bf<\/u><\/b>\u00a04.611.100.000 \u039c\u03bf\u03cd\u03c1\u03b1<\/li>\n<\/ul>\n<ul>\n<li><span><strong>\u0395\u03ba\u03c4\u03cd\u03c0\u03c9\u03c3\u03b7 \u03c5\u03c8\u03b7\u03bb\u03ae\u03c2 \u03c0\u03bf\u03b9\u03cc\u03c4\u03b7\u03c4\u03b1\u03c2<\/strong>\u00a0\u03b1\u03ba\u03c1\u03b9\u03b2\u03ae \u03c7\u03c1\u03ce\u03bc\u03b1\u03c4\u03b1<\/span><\/li>\n<\/ul>\n<ul>\n<li>\n<strong>\u0394\u03b9\u03ac\u03c3\u03c4\u03b1\u03c3\u03b7<\/strong>\u00a0: 30 \u03b5\u03ba. x 21 \u03b5\u03ba. \u03ba\u03b1\u03b9 42 \u03b5\u03ba. x 30 \u03b5\u03ba.<\/li>\n<\/ul>\n<ul>\n<li><span><strong>\u0394\u03a9\u03a1\u0395\u0391\u039d \u03a0\u0391\u03a1\u0391\u0394\u039f\u03a3\u0397<\/strong><\/span><\/li>\n<\/ul>\n<div id=\"gtx-trans\" style=\"position: absolute; left: 673px; top: 49px;\">\n<div class=\"gtx-trans-icon\"><\/div>\n<\/div>","protected":false},"excerpt":{"rendered":"<p>Si tu aimes les pirates \u00e0 la force monstrueuse, laisse-toi tenter par cet Avis de Recherche Kaido Wanted. Kaido est un empereur du Nouveau Monde, ce qui en fait un des pirates les plus forts du monde et les plus craints. Il est connu comme la b\u00eate la plus puissante en ce monde. Kaido est [&hellip;]<\/p>","protected":false},"featured_media":8467,"comment_status":"open","ping_status":"open","template":"","meta":[],"product_brand":[],"product_cat":[171,150],"product_tag":[],"class_list":{"0":"post-8465","1":"product","2":"type-product","3":"status-publish","4":"has-post-thumbnail","6":"product_cat-avis-de-recherche-one-piece","7":"product_cat-decorations-one-piece","9":"first","10":"instock","11":"purchasable","12":"product-type-variable","13":"has-default-attributes"},"yoast_head":"<!-- This site is optimized with the Yoast SEO plugin v27.5 - https:\/\/yoast.com\/product\/yoast-seo-wordpress\/ -->\n<title>Avis de Recherche One Piece Kaido Wanted | D\u00e9coration One Piece \u2013 Boutique One Piece<\/title>\n<meta name=\"description\" content=\"Si tu aimes les pirates \u00e0 la force monstrueuse, laisse-toi tenter par cet Avis de Recherche Kaido Wanted. Kaido est un empereur du Nouveau Monde, ce qui en fait un des pirates les plus forts du monde et les plus craints. Il est connu comme la b\u00eate la plus puissante en ce monde. Kaido est \u00e0 la recherche d&#039;une mani\u00e8re de\" \/>\n<meta name=\"robots\" content=\"index, follow, max-snippet:-1, max-image-preview:large, max-video-preview:-1\" \/>\n<link rel=\"canonical\" href=\"https:\/\/boutique-one-piece.com\/el\/\u03b1\u03c6\u03af\u03c3\u03b1-\u03c0\u03bf\u03c5-\u03b6\u03b7\u03c4\u03ae\u03b8\u03b7\u03ba\u03b5-\u03b1\u03c0\u03cc-\u03c4\u03bf-one-piece\/\u03ae\u03b8\u03b5\u03bb\u03b1-\u03b5\u03b9\u03b4\u03bf\u03c0\u03bf\u03af\u03b7\u03c3\u03b7-\u03ad\u03bd\u03b1-\u03ba\u03bf\u03bc\u03bc\u03ac\u03c4\u03b9-kaido-\u03ae\u03b8\u03b5\u03bb\u03b1\/\" \/>\n<meta property=\"og:locale\" content=\"el_GR\" \/>\n<meta property=\"og:type\" content=\"article\" \/>\n<meta property=\"og:title\" content=\"Avis de Recherche One Piece Kaido Wanted | D\u00e9coration One Piece \u2013 Boutique One Piece\" \/>\n<meta property=\"og:description\" content=\"Si tu aimes les pirates \u00e0 la force monstrueuse, laisse-toi tenter par cet Avis de Recherche Kaido Wanted. Kaido est un empereur du Nouveau Monde, ce qui en fait un des pirates les plus forts du monde et les plus craints. Il est connu comme la b\u00eate la plus puissante en ce monde. Kaido est \u00e0 la recherche d&#039;une mani\u00e8re de\" \/>\n<meta property=\"og:url\" content=\"https:\/\/boutique-one-piece.com\/el\/\u03b1\u03c6\u03af\u03c3\u03b1-\u03c0\u03bf\u03c5-\u03b6\u03b7\u03c4\u03ae\u03b8\u03b7\u03ba\u03b5-\u03b1\u03c0\u03cc-\u03c4\u03bf-one-piece\/\u03ae\u03b8\u03b5\u03bb\u03b1-\u03b5\u03b9\u03b4\u03bf\u03c0\u03bf\u03af\u03b7\u03c3\u03b7-\u03ad\u03bd\u03b1-\u03ba\u03bf\u03bc\u03bc\u03ac\u03c4\u03b9-kaido-\u03ae\u03b8\u03b5\u03bb\u03b1\/\" \/>\n<meta property=\"og:site_name\" content=\"Boutique One Piece\" \/>\n<meta property=\"article:modified_time\" content=\"2024-09-16T11:19:26+00:00\" \/>\n<meta property=\"og:image\" content=\"https:\/\/boutique-one-piece.com\/wp-content\/uploads\/2022\/09\/Avis-de-Recherche-Kaido-Wanted.jpg\" \/>\n\t<meta property=\"og:image:width\" content=\"800\" \/>\n\t<meta property=\"og:image:height\" content=\"800\" \/>\n\t<meta property=\"og:image:type\" content=\"image\/jpeg\" \/>\n<meta name=\"twitter:card\" content=\"summary_large_image\" \/>\n<meta name=\"twitter:label1\" content=\"\u0395\u03ba\u03c4\u03b9\u03bc\u03ce\u03bc\u03b5\u03bd\u03bf\u03c2 \u03c7\u03c1\u03cc\u03bd\u03bf\u03c2 \u03b1\u03bd\u03ac\u03b3\u03bd\u03c9\u03c3\u03b7\u03c2\" \/>\n\t<meta name=\"twitter:data1\" content=\"1 \u03bb\u03b5\u03c0\u03c4\u03cc\" \/>\n<script type=\"application\/ld+json\" class=\"yoast-schema-graph\">{\"@context\":\"https:\\\/\\\/schema.org\",\"@graph\":[{\"@type\":\"WebPage\",\"@id\":\"https:\\\/\\\/boutique-one-piece.com\\\/avis-de-recherche-one-piece\\\/avis-de-recherche-one-piece-kaido-wanted\\\/\",\"url\":\"https:\\\/\\\/boutique-one-piece.com\\\/avis-de-recherche-one-piece\\\/avis-de-recherche-one-piece-kaido-wanted\\\/\",\"name\":\"Avis de Recherche One Piece Kaido Wanted | D\u00e9coration One Piece \u2013 Boutique One Piece\",\"isPartOf\":{\"@id\":\"https:\\\/\\\/boutique-one-piece.com\\\/#website\"},\"primaryImageOfPage\":{\"@id\":\"https:\\\/\\\/boutique-one-piece.com\\\/avis-de-recherche-one-piece\\\/avis-de-recherche-one-piece-kaido-wanted\\\/#primaryimage\"},\"image\":{\"@id\":\"https:\\\/\\\/boutique-one-piece.com\\\/avis-de-recherche-one-piece\\\/avis-de-recherche-one-piece-kaido-wanted\\\/#primaryimage\"},\"thumbnailUrl\":\"https:\\\/\\\/boutique-one-piece.com\\\/wp-content\\\/uploads\\\/2022\\\/09\\\/Avis-de-Recherche-Kaido-Wanted.jpg\",\"datePublished\":\"2022-09-27T20:13:08+00:00\",\"dateModified\":\"2024-09-16T11:19:26+00:00\",\"description\":\"Si tu aimes les pirates \u00e0 la force monstrueuse, laisse-toi tenter par cet Avis de Recherche Kaido Wanted. Kaido est un empereur du Nouveau Monde, ce qui en fait un des pirates les plus forts du monde et les plus craints. Il est connu comme la b\u00eate la plus puissante en ce monde. Kaido est \u00e0 la recherche d'une mani\u00e8re de\",\"breadcrumb\":{\"@id\":\"https:\\\/\\\/boutique-one-piece.com\\\/avis-de-recherche-one-piece\\\/avis-de-recherche-one-piece-kaido-wanted\\\/#breadcrumb\"},\"inLanguage\":\"el\",\"potentialAction\":[{\"@type\":\"ReadAction\",\"target\":[\"https:\\\/\\\/boutique-one-piece.com\\\/avis-de-recherche-one-piece\\\/avis-de-recherche-one-piece-kaido-wanted\\\/\"]}]},{\"@type\":\"ImageObject\",\"inLanguage\":\"el\",\"@id\":\"https:\\\/\\\/boutique-one-piece.com\\\/avis-de-recherche-one-piece\\\/avis-de-recherche-one-piece-kaido-wanted\\\/#primaryimage\",\"url\":\"https:\\\/\\\/boutique-one-piece.com\\\/wp-content\\\/uploads\\\/2022\\\/09\\\/Avis-de-Recherche-Kaido-Wanted.jpg\",\"contentUrl\":\"https:\\\/\\\/boutique-one-piece.com\\\/wp-content\\\/uploads\\\/2022\\\/09\\\/Avis-de-Recherche-Kaido-Wanted.jpg\",\"width\":800,\"height\":800,\"caption\":\"Avis de Recherche Kaido Wanted 42 x 30 cm\"},{\"@type\":\"BreadcrumbList\",\"@id\":\"https:\\\/\\\/boutique-one-piece.com\\\/avis-de-recherche-one-piece\\\/avis-de-recherche-one-piece-kaido-wanted\\\/#breadcrumb\",\"itemListElement\":[{\"@type\":\"ListItem\",\"position\":1,\"name\":\"Home\",\"item\":\"https:\\\/\\\/boutique-one-piece.com\\\/\"},{\"@type\":\"ListItem\",\"position\":2,\"name\":\"Shop\",\"item\":\"https:\\\/\\\/boutique-one-piece.com\\\/shop\\\/\"},{\"@type\":\"ListItem\",\"position\":3,\"name\":\"Avis de Recherche Kaido Wanted\"}]},{\"@type\":\"WebSite\",\"@id\":\"https:\\\/\\\/boutique-one-piece.com\\\/#website\",\"url\":\"https:\\\/\\\/boutique-one-piece.com\\\/\",\"name\":\"Boutique One Piece\",\"description\":\"Magasin Sp\u00e9cialis\u00e9 du Manga et l&#039;Anime One Piece\",\"publisher\":{\"@id\":\"https:\\\/\\\/boutique-one-piece.com\\\/#organization\"},\"potentialAction\":[{\"@type\":\"SearchAction\",\"target\":{\"@type\":\"EntryPoint\",\"urlTemplate\":\"https:\\\/\\\/boutique-one-piece.com\\\/?s={search_term_string}\"},\"query-input\":{\"@type\":\"PropertyValueSpecification\",\"valueRequired\":true,\"valueName\":\"search_term_string\"}}],\"inLanguage\":\"el\"},{\"@type\":\"Organization\",\"@id\":\"https:\\\/\\\/boutique-one-piece.com\\\/#organization\",\"name\":\"Boutique One Piece\",\"url\":\"https:\\\/\\\/boutique-one-piece.com\\\/\",\"logo\":{\"@type\":\"ImageObject\",\"inLanguage\":\"el\",\"@id\":\"https:\\\/\\\/boutique-one-piece.com\\\/#\\\/schema\\\/logo\\\/image\\\/\",\"url\":\"https:\\\/\\\/boutique-one-piece.com\\\/wp-content\\\/uploads\\\/2022\\\/09\\\/Logo-01.png\",\"contentUrl\":\"https:\\\/\\\/boutique-one-piece.com\\\/wp-content\\\/uploads\\\/2022\\\/09\\\/Logo-01.png\",\"width\":2318,\"height\":957,\"caption\":\"Boutique One Piece\"},\"image\":{\"@id\":\"https:\\\/\\\/boutique-one-piece.com\\\/#\\\/schema\\\/logo\\\/image\\\/\"}}]}<\/script>\n<!-- \/ Yoast SEO plugin. -->","yoast_head_json":{"title":"\u0391\u03c6\u03af\u03c3\u03b1 One Piece Wanted: Kaido Wanted | \u0394\u03b9\u03b1\u03ba\u03bf\u03c3\u03bc\u03ae\u03c3\u03b5\u03b9\u03c2 One Piece \u2013 One Piece Shop","description":"\u0391\u03bd \u03b1\u03b3\u03b1\u03c0\u03ac\u03c4\u03b5 \u03c4\u03bf\u03c5\u03c2 \u03c0\u03b5\u03b9\u03c1\u03b1\u03c4\u03ad\u03c2 \u03bc\u03b5 \u03c4\u03b5\u03c1\u03b1\u03c4\u03ce\u03b4\u03b7 \u03b4\u03cd\u03bd\u03b1\u03bc\u03b7, \u03c4\u03cc\u03c4\u03b5 \u03b1\u03c5\u03c4\u03ae \u03b7 \u03b1\u03c6\u03af\u03c3\u03b1 Kaido Wanted \u03b5\u03af\u03bd\u03b1\u03b9 \u03b3\u03b9\u03b1 \u03b5\u03c3\u03ac\u03c2. \u039f Kaido \u03b5\u03af\u03bd\u03b1\u03b9 \u03b1\u03c5\u03c4\u03bf\u03ba\u03c1\u03ac\u03c4\u03bf\u03c1\u03b1\u03c2 \u03c4\u03bf\u03c5 \u039d\u03ad\u03bf\u03c5 \u039a\u03cc\u03c3\u03bc\u03bf\u03c5, \u03b3\u03b5\u03b3\u03bf\u03bd\u03cc\u03c2 \u03c0\u03bf\u03c5 \u03c4\u03bf\u03bd \u03ba\u03b1\u03b8\u03b9\u03c3\u03c4\u03ac \u03ad\u03bd\u03b1\u03bd \u03b1\u03c0\u03cc \u03c4\u03bf\u03c5\u03c2 \u03b9\u03c3\u03c7\u03c5\u03c1\u03cc\u03c4\u03b5\u03c1\u03bf\u03c5\u03c2 \u03ba\u03b1\u03b9 \u03c0\u03b9\u03bf \u03c4\u03c1\u03bf\u03bc\u03b5\u03c1\u03bf\u03cd\u03c2 \u03c0\u03b5\u03b9\u03c1\u03b1\u03c4\u03ad\u03c2 \u03c3\u03c4\u03bf\u03bd \u03ba\u03cc\u03c3\u03bc\u03bf. \u0395\u03af\u03bd\u03b1\u03b9 \u03b3\u03bd\u03c9\u03c3\u03c4\u03cc\u03c2 \u03c9\u03c2 \u03c4\u03bf \u03c0\u03b9\u03bf \u03b9\u03c3\u03c7\u03c5\u03c1\u03cc \u03b8\u03b7\u03c1\u03af\u03bf \u03c3\u03b5 \u03b1\u03c5\u03c4\u03cc\u03bd \u03c4\u03bf\u03bd \u03ba\u03cc\u03c3\u03bc\u03bf. \u039f Kaido \u03c8\u03ac\u03c7\u03bd\u03b5\u03b9 \u03ad\u03bd\u03b1\u03bd \u03c4\u03c1\u03cc\u03c0\u03bf \u03bd\u03b1","robots":{"index":"index","follow":"follow","max-snippet":"max-snippet:-1","max-image-preview":"max-image-preview:large","max-video-preview":"max-video-preview:-1"},"canonical":"https:\/\/boutique-one-piece.com\/el\/\u03b1\u03c6\u03af\u03c3\u03b1-\u03c0\u03bf\u03c5-\u03b6\u03b7\u03c4\u03ae\u03b8\u03b7\u03ba\u03b5-\u03b1\u03c0\u03cc-\u03c4\u03bf-one-piece\/\u03ae\u03b8\u03b5\u03bb\u03b1-\u03b5\u03b9\u03b4\u03bf\u03c0\u03bf\u03af\u03b7\u03c3\u03b7-\u03ad\u03bd\u03b1-\u03ba\u03bf\u03bc\u03bc\u03ac\u03c4\u03b9-kaido-\u03ae\u03b8\u03b5\u03bb\u03b1\/","og_locale":"el_GR","og_type":"article","og_title":"Avis de Recherche One Piece Kaido Wanted | D\u00e9coration One Piece \u2013 Boutique One Piece","og_description":"Si tu aimes les pirates \u00e0 la force monstrueuse, laisse-toi tenter par cet Avis de Recherche Kaido Wanted. Kaido est un empereur du Nouveau Monde, ce qui en fait un des pirates les plus forts du monde et les plus craints. Il est connu comme la b\u00eate la plus puissante en ce monde. Kaido est \u00e0 la recherche d'une mani\u00e8re de","og_url":"https:\/\/boutique-one-piece.com\/el\/\u03b1\u03c6\u03af\u03c3\u03b1-\u03c0\u03bf\u03c5-\u03b6\u03b7\u03c4\u03ae\u03b8\u03b7\u03ba\u03b5-\u03b1\u03c0\u03cc-\u03c4\u03bf-one-piece\/\u03ae\u03b8\u03b5\u03bb\u03b1-\u03b5\u03b9\u03b4\u03bf\u03c0\u03bf\u03af\u03b7\u03c3\u03b7-\u03ad\u03bd\u03b1-\u03ba\u03bf\u03bc\u03bc\u03ac\u03c4\u03b9-kaido-\u03ae\u03b8\u03b5\u03bb\u03b1\/","og_site_name":"Boutique One Piece","article_modified_time":"2024-09-16T11:19:26+00:00","og_image":[{"width":800,"height":800,"url":"https:\/\/boutique-one-piece.com\/wp-content\/uploads\/2022\/09\/Avis-de-Recherche-Kaido-Wanted.jpg","type":"image\/jpeg"}],"twitter_card":"summary_large_image","twitter_misc":{"\u0395\u03ba\u03c4\u03b9\u03bc\u03ce\u03bc\u03b5\u03bd\u03bf\u03c2 \u03c7\u03c1\u03cc\u03bd\u03bf\u03c2 \u03b1\u03bd\u03ac\u03b3\u03bd\u03c9\u03c3\u03b7\u03c2":"1 \u03bb\u03b5\u03c0\u03c4\u03cc"},"schema":{"@context":"https:\/\/schema.org","@graph":[{"@type":"WebPage","@id":"https:\/\/boutique-one-piece.com\/avis-de-recherche-one-piece\/avis-de-recherche-one-piece-kaido-wanted\/","url":"https:\/\/boutique-one-piece.com\/avis-de-recherche-one-piece\/avis-de-recherche-one-piece-kaido-wanted\/","name":"\u0391\u03c6\u03af\u03c3\u03b1 One Piece Wanted: Kaido Wanted | \u0394\u03b9\u03b1\u03ba\u03bf\u03c3\u03bc\u03ae\u03c3\u03b5\u03b9\u03c2 One Piece \u2013 One Piece Shop","isPartOf":{"@id":"https:\/\/boutique-one-piece.com\/#website"},"primaryImageOfPage":{"@id":"https:\/\/boutique-one-piece.com\/avis-de-recherche-one-piece\/avis-de-recherche-one-piece-kaido-wanted\/#primaryimage"},"image":{"@id":"https:\/\/boutique-one-piece.com\/avis-de-recherche-one-piece\/avis-de-recherche-one-piece-kaido-wanted\/#primaryimage"},"thumbnailUrl":"https:\/\/boutique-one-piece.com\/wp-content\/uploads\/2022\/09\/Avis-de-Recherche-Kaido-Wanted.jpg","datePublished":"2022-09-27T20:13:08+00:00","dateModified":"2024-09-16T11:19:26+00:00","description":"\u0391\u03bd \u03b1\u03b3\u03b1\u03c0\u03ac\u03c4\u03b5 \u03c4\u03bf\u03c5\u03c2 \u03c0\u03b5\u03b9\u03c1\u03b1\u03c4\u03ad\u03c2 \u03bc\u03b5 \u03c4\u03b5\u03c1\u03b1\u03c4\u03ce\u03b4\u03b7 \u03b4\u03cd\u03bd\u03b1\u03bc\u03b7, \u03c4\u03cc\u03c4\u03b5 \u03b1\u03c5\u03c4\u03ae \u03b7 \u03b1\u03c6\u03af\u03c3\u03b1 Kaido Wanted \u03b5\u03af\u03bd\u03b1\u03b9 \u03b3\u03b9\u03b1 \u03b5\u03c3\u03ac\u03c2. \u039f Kaido \u03b5\u03af\u03bd\u03b1\u03b9 \u03b1\u03c5\u03c4\u03bf\u03ba\u03c1\u03ac\u03c4\u03bf\u03c1\u03b1\u03c2 \u03c4\u03bf\u03c5 \u039d\u03ad\u03bf\u03c5 \u039a\u03cc\u03c3\u03bc\u03bf\u03c5, \u03b3\u03b5\u03b3\u03bf\u03bd\u03cc\u03c2 \u03c0\u03bf\u03c5 \u03c4\u03bf\u03bd \u03ba\u03b1\u03b8\u03b9\u03c3\u03c4\u03ac \u03ad\u03bd\u03b1\u03bd \u03b1\u03c0\u03cc \u03c4\u03bf\u03c5\u03c2 \u03b9\u03c3\u03c7\u03c5\u03c1\u03cc\u03c4\u03b5\u03c1\u03bf\u03c5\u03c2 \u03ba\u03b1\u03b9 \u03c0\u03b9\u03bf \u03c4\u03c1\u03bf\u03bc\u03b5\u03c1\u03bf\u03cd\u03c2 \u03c0\u03b5\u03b9\u03c1\u03b1\u03c4\u03ad\u03c2 \u03c3\u03c4\u03bf\u03bd \u03ba\u03cc\u03c3\u03bc\u03bf. \u0395\u03af\u03bd\u03b1\u03b9 \u03b3\u03bd\u03c9\u03c3\u03c4\u03cc\u03c2 \u03c9\u03c2 \u03c4\u03bf \u03c0\u03b9\u03bf \u03b9\u03c3\u03c7\u03c5\u03c1\u03cc \u03b8\u03b7\u03c1\u03af\u03bf \u03c3\u03b5 \u03b1\u03c5\u03c4\u03cc\u03bd \u03c4\u03bf\u03bd \u03ba\u03cc\u03c3\u03bc\u03bf. \u039f Kaido \u03c8\u03ac\u03c7\u03bd\u03b5\u03b9 \u03ad\u03bd\u03b1\u03bd \u03c4\u03c1\u03cc\u03c0\u03bf \u03bd\u03b1","breadcrumb":{"@id":"https:\/\/boutique-one-piece.com\/avis-de-recherche-one-piece\/avis-de-recherche-one-piece-kaido-wanted\/#breadcrumb"},"inLanguage":"el","potentialAction":[{"@type":"ReadAction","target":["https:\/\/boutique-one-piece.com\/avis-de-recherche-one-piece\/avis-de-recherche-one-piece-kaido-wanted\/"]}]},{"@type":"ImageObject","inLanguage":"el","@id":"https:\/\/boutique-one-piece.com\/avis-de-recherche-one-piece\/avis-de-recherche-one-piece-kaido-wanted\/#primaryimage","url":"https:\/\/boutique-one-piece.com\/wp-content\/uploads\/2022\/09\/Avis-de-Recherche-Kaido-Wanted.jpg","contentUrl":"https:\/\/boutique-one-piece.com\/wp-content\/uploads\/2022\/09\/Avis-de-Recherche-Kaido-Wanted.jpg","width":800,"height":800,"caption":"Avis de Recherche Kaido Wanted 42 x 30 cm"},{"@type":"BreadcrumbList","@id":"https:\/\/boutique-one-piece.com\/avis-de-recherche-one-piece\/avis-de-recherche-one-piece-kaido-wanted\/#breadcrumb","itemListElement":[{"@type":"ListItem","position":1,"name":"Home","item":"https:\/\/boutique-one-piece.com\/"},{"@type":"ListItem","position":2,"name":"Shop","item":"https:\/\/boutique-one-piece.com\/shop\/"},{"@type":"ListItem","position":3,"name":"Avis de Recherche Kaido Wanted"}]},{"@type":"WebSite","@id":"https:\/\/boutique-one-piece.com\/#website","url":"https:\/\/boutique-one-piece.com\/","name":"\u039a\u03b1\u03c4\u03ac\u03c3\u03c4\u03b7\u03bc\u03b1 One Piece","description":"\u0395\u03be\u03b5\u03b9\u03b4\u03b9\u03ba\u03b5\u03c5\u03bc\u03ad\u03bd\u03bf \u03ba\u03b1\u03c4\u03ac\u03c3\u03c4\u03b7\u03bc\u03b1 \u03b3\u03b9\u03b1 One Piece Manga \u03ba\u03b1\u03b9 Anime","publisher":{"@id":"https:\/\/boutique-one-piece.com\/#organization"},"potentialAction":[{"@type":"SearchAction","target":{"@type":"EntryPoint","urlTemplate":"https:\/\/boutique-one-piece.com\/?s={search_term_string}"},"query-input":{"@type":"PropertyValueSpecification","valueRequired":true,"valueName":"search_term_string"}}],"inLanguage":"el"},{"@type":"Organization","@id":"https:\/\/boutique-one-piece.com\/#organization","name":"\u039a\u03b1\u03c4\u03ac\u03c3\u03c4\u03b7\u03bc\u03b1 One Piece","url":"https:\/\/boutique-one-piece.com\/","logo":{"@type":"ImageObject","inLanguage":"el","@id":"https:\/\/boutique-one-piece.com\/#\/schema\/logo\/image\/","url":"https:\/\/boutique-one-piece.com\/wp-content\/uploads\/2022\/09\/Logo-01.png","contentUrl":"https:\/\/boutique-one-piece.com\/wp-content\/uploads\/2022\/09\/Logo-01.png","width":2318,"height":957,"caption":"Boutique One Piece"},"image":{"@id":"https:\/\/boutique-one-piece.com\/#\/schema\/logo\/image\/"}}]}},"_links":{"self":[{"href":"https:\/\/boutique-one-piece.com\/el\/wp-json\/wp\/v2\/product\/8465","targetHints":{"allow":["GET"]}}],"collection":[{"href":"https:\/\/boutique-one-piece.com\/el\/wp-json\/wp\/v2\/product"}],"about":[{"href":"https:\/\/boutique-one-piece.com\/el\/wp-json\/wp\/v2\/types\/product"}],"replies":[{"embeddable":true,"href":"https:\/\/boutique-one-piece.com\/el\/wp-json\/wp\/v2\/comments?post=8465"}],"wp:featuredmedia":[{"embeddable":true,"href":"https:\/\/boutique-one-piece.com\/el\/wp-json\/wp\/v2\/media\/8467"}],"wp:attachment":[{"href":"https:\/\/boutique-one-piece.com\/el\/wp-json\/wp\/v2\/media?parent=8465"}],"wp:term":[{"taxonomy":"product_brand","embeddable":true,"href":"https:\/\/boutique-one-piece.com\/el\/wp-json\/wp\/v2\/product_brand?post=8465"},{"taxonomy":"product_cat","embeddable":true,"href":"https:\/\/boutique-one-piece.com\/el\/wp-json\/wp\/v2\/product_cat?post=8465"},{"taxonomy":"product_tag","embeddable":true,"href":"https:\/\/boutique-one-piece.com\/el\/wp-json\/wp\/v2\/product_tag?post=8465"}],"curies":[{"name":"\u03b5\u03c1\u03b3\u03b1\u03c3\u03af\u03b1","href":"https:\/\/api.w.org\/{rel}","templated":true}]}}