{"id":8947,"date":"2022-09-27T20:16:38","date_gmt":"2022-09-27T20:16:38","guid":{"rendered":"https:\/\/boutique-one-piece.com\/uncategorized\/tableau-5-piece-one-piece-mugiwara-no-luffy\/"},"modified":"2024-09-16T11:30:51","modified_gmt":"2024-09-16T11:30:51","slug":"%ce%b6%cf%89%ce%b3%cf%81%ce%b1%cf%86%ce%b9%ce%ba%ce%ae-5-%cf%84%ce%b5%ce%bc%ce%b1%cf%87%ce%af%cf%89%ce%bd-%ce%ad%ce%bd%ce%b1-%ce%ba%ce%bf%ce%bc%ce%bc%ce%ac%cf%84%ce%b9-mugiwara-%cf%87%cf%89%cf%81","status":"publish","type":"product","link":"https:\/\/boutique-one-piece.com\/el\/%ce%b4%ce%b9%ce%b1%ce%ba%ce%bf%cf%83%ce%bc%ce%ae%cf%83%ce%b5%ce%b9%cf%82-%ce%b1%cf%80%cf%8c-%ce%ad%ce%bd%ce%b1-%ce%ba%ce%bf%ce%bc%ce%bc%ce%ac%cf%84%ce%b9\/%ce%b6%cf%89%ce%b3%cf%81%ce%b1%cf%86%ce%b9%ce%ba%ce%ae-5-%cf%84%ce%b5%ce%bc%ce%b1%cf%87%ce%af%cf%89%ce%bd-%ce%ad%ce%bd%ce%b1-%ce%ba%ce%bf%ce%bc%ce%bc%ce%ac%cf%84%ce%b9-mugiwara-%cf%87%cf%89%cf%81\/","title":{"rendered":"\u03a4\u03c1\u03b1\u03c0\u03ad\u03b6\u03b9 5 \u03c4\u03b5\u03bc\u03b1\u03c7\u03af\u03c9\u03bd, \u039c\u03bf\u03bd\u03cc \u03ba\u03bf\u03bc\u03bc\u03ac\u03c4\u03b9 Mugiwara \u03c7\u03c9\u03c1\u03af\u03c2 Luffy"},"content":{"rendered":"<h2>\u039c\u03ad\u03b3\u03b5\u03b8\u03bf\u03c2 \u03c4\u03c1\u03b1\u03c0\u03b5\u03b6\u03b9\u03bf\u03cd<\/h2>\n<ul>\n<li>\u039c\u03b9\u03ba\u03c1\u03cc: (20x30cm) x 2 \u03c4\u03b5\u03bc\u03ac\u03c7\u03b9\u03b1 + (20x40cm) x 2 \u03c4\u03b5\u03bc\u03ac\u03c7\u03b9\u03b1 + (20x50cm) x 1 \u03c4\u03b5\u03bc\u03ac\u03c7\u03b9\u03bf<\/li>\n<\/ul>\n<ul>\n<li>\u039c\u03b5\u03c3\u03b1\u03af\u03bf: (30x40cm) x 2 \u03c4\u03b5\u03bc\u03ac\u03c7\u03b9\u03b1 + (30x60cm) x 2 \u03c4\u03b5\u03bc\u03ac\u03c7\u03b9\u03b1 + (30x80cm) x 1 \u03c4\u03b5\u03bc\u03ac\u03c7\u03b9\u03bf<\/li>\n<\/ul>\n<ul>\n<li>\u039c\u03b5\u03b3\u03ac\u03bb\u03bf: (40x60cm) x 2 \u03c4\u03b5\u03bc\u03ac\u03c7\u03b9\u03b1 + (40x80cm) x 2 \u03c4\u03b5\u03bc\u03ac\u03c7\u03b9\u03b1 + (40x100cm) x 1 \u03c4\u03b5\u03bc\u03ac\u03c7\u03b9\u03bf<\/li>\n<\/ul>","protected":false},"excerpt":{"rendered":"<p>Taille du Tableau Petit : ( 20x30cm ) X 2 Pi\u00e8ces + ( 20x40cm ) X 2 Pi\u00e8ces + ( 20x50cm ) X 1 Pi\u00e8ce Moyen : ( 30x40cm ) X 2 Pi\u00e8ces + ( 30x60cm ) X 2 Pi\u00e8ces + ( 30x80cm ) X 1 Pi\u00e8ce Grand : ( 40x60cm ) X 2 Pi\u00e8ces [&hellip;]<\/p>","protected":false},"featured_media":8949,"comment_status":"open","ping_status":"open","template":"","meta":[],"product_brand":[],"product_cat":[150],"product_tag":[],"class_list":{"0":"post-8947","1":"product","2":"type-product","3":"status-publish","4":"has-post-thumbnail","6":"product_cat-decorations-one-piece","8":"first","9":"instock","10":"purchasable","11":"product-type-variable","12":"has-default-attributes"},"yoast_head":"<!-- This site is optimized with the Yoast SEO plugin v27.5 - https:\/\/yoast.com\/product\/yoast-seo-wordpress\/ -->\n<title>Tableau 5 Piece One Piece Mugiwara No Luffy \u2013 Boutique One Piece<\/title>\n<meta name=\"description\" content=\"Taille du Tableau Petit : ( 20x30cm ) X 2 Pi\u00e8ces + ( 20x40cm ) X 2 Pi\u00e8ces + ( 20x50cm ) X 1 Pi\u00e8ce Moyen : ( 30x40cm ) X 2 Pi\u00e8ces + ( 30x60cm ) X 2 Pi\u00e8ces + ( 30x80cm ) X 1 Pi\u00e8ce Grand : ( 40x60cm ) X 2 Pi\u00e8ces + ( 40x80cm ) X 2 Pi\u00e8ces + (4 0x100cm ) X 1 Pi\u00e8ce\" \/>\n<meta name=\"robots\" content=\"index, follow, max-snippet:-1, max-image-preview:large, max-video-preview:-1\" \/>\n<link rel=\"canonical\" href=\"https:\/\/boutique-one-piece.com\/el\/\u03b4\u03b9\u03b1\u03ba\u03bf\u03c3\u03bc\u03ae\u03c3\u03b5\u03b9\u03c2-\u03b1\u03c0\u03cc-\u03ad\u03bd\u03b1-\u03ba\u03bf\u03bc\u03bc\u03ac\u03c4\u03b9\/\u03b6\u03c9\u03b3\u03c1\u03b1\u03c6\u03b9\u03ba\u03ae-5-\u03c4\u03b5\u03bc\u03b1\u03c7\u03af\u03c9\u03bd-\u03ad\u03bd\u03b1-\u03ba\u03bf\u03bc\u03bc\u03ac\u03c4\u03b9-mugiwara-\u03c7\u03c9\u03c1\/\" \/>\n<meta property=\"og:locale\" content=\"el_GR\" \/>\n<meta property=\"og:type\" content=\"article\" \/>\n<meta property=\"og:title\" content=\"Tableau 5 Piece One Piece Mugiwara No Luffy \u2013 Boutique One Piece\" \/>\n<meta property=\"og:description\" content=\"Taille du Tableau Petit : ( 20x30cm ) X 2 Pi\u00e8ces + ( 20x40cm ) X 2 Pi\u00e8ces + ( 20x50cm ) X 1 Pi\u00e8ce Moyen : ( 30x40cm ) X 2 Pi\u00e8ces + ( 30x60cm ) X 2 Pi\u00e8ces + ( 30x80cm ) X 1 Pi\u00e8ce Grand : ( 40x60cm ) X 2 Pi\u00e8ces + ( 40x80cm ) X 2 Pi\u00e8ces + (4 0x100cm ) X 1 Pi\u00e8ce\" \/>\n<meta property=\"og:url\" content=\"https:\/\/boutique-one-piece.com\/el\/\u03b4\u03b9\u03b1\u03ba\u03bf\u03c3\u03bc\u03ae\u03c3\u03b5\u03b9\u03c2-\u03b1\u03c0\u03cc-\u03ad\u03bd\u03b1-\u03ba\u03bf\u03bc\u03bc\u03ac\u03c4\u03b9\/\u03b6\u03c9\u03b3\u03c1\u03b1\u03c6\u03b9\u03ba\u03ae-5-\u03c4\u03b5\u03bc\u03b1\u03c7\u03af\u03c9\u03bd-\u03ad\u03bd\u03b1-\u03ba\u03bf\u03bc\u03bc\u03ac\u03c4\u03b9-mugiwara-\u03c7\u03c9\u03c1\/\" \/>\n<meta property=\"og:site_name\" content=\"Boutique One Piece\" \/>\n<meta property=\"article:modified_time\" content=\"2024-09-16T11:30:51+00:00\" \/>\n<meta property=\"og:image\" content=\"https:\/\/boutique-one-piece.com\/wp-content\/uploads\/2022\/09\/Tableau-5-Piece-One-Piece-Mugiwara-No-Luffy.jpg\" \/>\n\t<meta property=\"og:image:width\" content=\"800\" \/>\n\t<meta property=\"og:image:height\" content=\"800\" \/>\n\t<meta property=\"og:image:type\" content=\"image\/jpeg\" \/>\n<meta name=\"twitter:card\" content=\"summary_large_image\" \/>\n<script type=\"application\/ld+json\" class=\"yoast-schema-graph\">{\"@context\":\"https:\\\/\\\/schema.org\",\"@graph\":[{\"@type\":\"WebPage\",\"@id\":\"https:\\\/\\\/boutique-one-piece.com\\\/decorations-one-piece\\\/tableau-5-piece-one-piece-mugiwara-no-luffy\\\/\",\"url\":\"https:\\\/\\\/boutique-one-piece.com\\\/decorations-one-piece\\\/tableau-5-piece-one-piece-mugiwara-no-luffy\\\/\",\"name\":\"Tableau 5 Piece One Piece Mugiwara No Luffy \u2013 Boutique One Piece\",\"isPartOf\":{\"@id\":\"https:\\\/\\\/boutique-one-piece.com\\\/#website\"},\"primaryImageOfPage\":{\"@id\":\"https:\\\/\\\/boutique-one-piece.com\\\/decorations-one-piece\\\/tableau-5-piece-one-piece-mugiwara-no-luffy\\\/#primaryimage\"},\"image\":{\"@id\":\"https:\\\/\\\/boutique-one-piece.com\\\/decorations-one-piece\\\/tableau-5-piece-one-piece-mugiwara-no-luffy\\\/#primaryimage\"},\"thumbnailUrl\":\"https:\\\/\\\/boutique-one-piece.com\\\/wp-content\\\/uploads\\\/2022\\\/09\\\/Tableau-5-Piece-One-Piece-Mugiwara-No-Luffy.jpg\",\"datePublished\":\"2022-09-27T20:16:38+00:00\",\"dateModified\":\"2024-09-16T11:30:51+00:00\",\"description\":\"Taille du Tableau Petit : ( 20x30cm ) X 2 Pi\u00e8ces + ( 20x40cm ) X 2 Pi\u00e8ces + ( 20x50cm ) X 1 Pi\u00e8ce Moyen : ( 30x40cm ) X 2 Pi\u00e8ces + ( 30x60cm ) X 2 Pi\u00e8ces + ( 30x80cm ) X 1 Pi\u00e8ce Grand : ( 40x60cm ) X 2 Pi\u00e8ces + ( 40x80cm ) X 2 Pi\u00e8ces + (4 0x100cm ) X 1 Pi\u00e8ce\",\"breadcrumb\":{\"@id\":\"https:\\\/\\\/boutique-one-piece.com\\\/decorations-one-piece\\\/tableau-5-piece-one-piece-mugiwara-no-luffy\\\/#breadcrumb\"},\"inLanguage\":\"el\",\"potentialAction\":[{\"@type\":\"ReadAction\",\"target\":[\"https:\\\/\\\/boutique-one-piece.com\\\/decorations-one-piece\\\/tableau-5-piece-one-piece-mugiwara-no-luffy\\\/\"]}]},{\"@type\":\"ImageObject\",\"inLanguage\":\"el\",\"@id\":\"https:\\\/\\\/boutique-one-piece.com\\\/decorations-one-piece\\\/tableau-5-piece-one-piece-mugiwara-no-luffy\\\/#primaryimage\",\"url\":\"https:\\\/\\\/boutique-one-piece.com\\\/wp-content\\\/uploads\\\/2022\\\/09\\\/Tableau-5-Piece-One-Piece-Mugiwara-No-Luffy.jpg\",\"contentUrl\":\"https:\\\/\\\/boutique-one-piece.com\\\/wp-content\\\/uploads\\\/2022\\\/09\\\/Tableau-5-Piece-One-Piece-Mugiwara-No-Luffy.jpg\",\"width\":800,\"height\":800,\"caption\":\"Tableau 5 Piece One Piece Mugiwara No Luffy Grand Sans Cadre\"},{\"@type\":\"BreadcrumbList\",\"@id\":\"https:\\\/\\\/boutique-one-piece.com\\\/decorations-one-piece\\\/tableau-5-piece-one-piece-mugiwara-no-luffy\\\/#breadcrumb\",\"itemListElement\":[{\"@type\":\"ListItem\",\"position\":1,\"name\":\"Home\",\"item\":\"https:\\\/\\\/boutique-one-piece.com\\\/\"},{\"@type\":\"ListItem\",\"position\":2,\"name\":\"Shop\",\"item\":\"https:\\\/\\\/boutique-one-piece.com\\\/shop\\\/\"},{\"@type\":\"ListItem\",\"position\":3,\"name\":\"Tableau 5 Piece One Piece Mugiwara No Luffy\"}]},{\"@type\":\"WebSite\",\"@id\":\"https:\\\/\\\/boutique-one-piece.com\\\/#website\",\"url\":\"https:\\\/\\\/boutique-one-piece.com\\\/\",\"name\":\"Boutique One Piece\",\"description\":\"Magasin Sp\u00e9cialis\u00e9 du Manga et l&#039;Anime One Piece\",\"publisher\":{\"@id\":\"https:\\\/\\\/boutique-one-piece.com\\\/#organization\"},\"potentialAction\":[{\"@type\":\"SearchAction\",\"target\":{\"@type\":\"EntryPoint\",\"urlTemplate\":\"https:\\\/\\\/boutique-one-piece.com\\\/?s={search_term_string}\"},\"query-input\":{\"@type\":\"PropertyValueSpecification\",\"valueRequired\":true,\"valueName\":\"search_term_string\"}}],\"inLanguage\":\"el\"},{\"@type\":\"Organization\",\"@id\":\"https:\\\/\\\/boutique-one-piece.com\\\/#organization\",\"name\":\"Boutique One Piece\",\"url\":\"https:\\\/\\\/boutique-one-piece.com\\\/\",\"logo\":{\"@type\":\"ImageObject\",\"inLanguage\":\"el\",\"@id\":\"https:\\\/\\\/boutique-one-piece.com\\\/#\\\/schema\\\/logo\\\/image\\\/\",\"url\":\"https:\\\/\\\/boutique-one-piece.com\\\/wp-content\\\/uploads\\\/2022\\\/09\\\/Logo-01.png\",\"contentUrl\":\"https:\\\/\\\/boutique-one-piece.com\\\/wp-content\\\/uploads\\\/2022\\\/09\\\/Logo-01.png\",\"width\":2318,\"height\":957,\"caption\":\"Boutique One Piece\"},\"image\":{\"@id\":\"https:\\\/\\\/boutique-one-piece.com\\\/#\\\/schema\\\/logo\\\/image\\\/\"}}]}<\/script>\n<!-- \/ Yoast SEO plugin. -->","yoast_head_json":{"title":"\u03a4\u03c1\u03b1\u03c0\u03ad\u03b6\u03b9 5 \u03c4\u03b5\u03bc\u03b1\u03c7\u03af\u03c9\u03bd, \u03bc\u03bf\u03bd\u03bf\u03ba\u03cc\u03bc\u03bc\u03b1\u03c4\u03bf Mugiwara No Luffy \u2013 One Piece Shop","description":"\u039c\u03b9\u03ba\u03c1\u03cc \u03a3\u03b5\u03c4 \u039a\u03b1\u03bc\u03b2\u03ac: (20x30cm) x 2 \u03a4\u03b5\u03bc\u03ac\u03c7\u03b9\u03b1 + (20x40cm) x 2 \u03a4\u03b5\u03bc\u03ac\u03c7\u03b9\u03b1 + (20x50cm) x 1 \u03a4\u03b5\u03bc\u03ac\u03c7\u03b9\u03bf \u039c\u03b5\u03c3\u03b1\u03af\u03bf \u03a3\u03b5\u03c4 \u039a\u03b1\u03bc\u03b2\u03ac: (30x40cm) x 2 \u03a4\u03b5\u03bc\u03ac\u03c7\u03b9\u03b1 + (30x60cm) x 2 \u03a4\u03b5\u03bc\u03ac\u03c7\u03b9\u03b1 + (30x80cm) x 1 \u03a4\u03b5\u03bc\u03ac\u03c7\u03b9\u03bf \u039c\u03b5\u03b3\u03ac\u03bb\u03bf \u03a3\u03b5\u03c4 \u039a\u03b1\u03bc\u03b2\u03ac: (40x60cm) x 2 \u03a4\u03b5\u03bc\u03ac\u03c7\u03b9\u03b1 + (40x80cm) x 2 \u03a4\u03b5\u03bc\u03ac\u03c7\u03b9\u03b1 + (40x100cm) x 1 \u03a4\u03b5\u03bc\u03ac\u03c7\u03b9\u03bf","robots":{"index":"index","follow":"follow","max-snippet":"max-snippet:-1","max-image-preview":"max-image-preview:large","max-video-preview":"max-video-preview:-1"},"canonical":"https:\/\/boutique-one-piece.com\/el\/\u03b4\u03b9\u03b1\u03ba\u03bf\u03c3\u03bc\u03ae\u03c3\u03b5\u03b9\u03c2-\u03b1\u03c0\u03cc-\u03ad\u03bd\u03b1-\u03ba\u03bf\u03bc\u03bc\u03ac\u03c4\u03b9\/\u03b6\u03c9\u03b3\u03c1\u03b1\u03c6\u03b9\u03ba\u03ae-5-\u03c4\u03b5\u03bc\u03b1\u03c7\u03af\u03c9\u03bd-\u03ad\u03bd\u03b1-\u03ba\u03bf\u03bc\u03bc\u03ac\u03c4\u03b9-mugiwara-\u03c7\u03c9\u03c1\/","og_locale":"el_GR","og_type":"article","og_title":"Tableau 5 Piece One Piece Mugiwara No Luffy \u2013 Boutique One Piece","og_description":"Taille du Tableau Petit : ( 20x30cm ) X 2 Pi\u00e8ces + ( 20x40cm ) X 2 Pi\u00e8ces + ( 20x50cm ) X 1 Pi\u00e8ce Moyen : ( 30x40cm ) X 2 Pi\u00e8ces + ( 30x60cm ) X 2 Pi\u00e8ces + ( 30x80cm ) X 1 Pi\u00e8ce Grand : ( 40x60cm ) X 2 Pi\u00e8ces + ( 40x80cm ) X 2 Pi\u00e8ces + (4 0x100cm ) X 1 Pi\u00e8ce","og_url":"https:\/\/boutique-one-piece.com\/el\/\u03b4\u03b9\u03b1\u03ba\u03bf\u03c3\u03bc\u03ae\u03c3\u03b5\u03b9\u03c2-\u03b1\u03c0\u03cc-\u03ad\u03bd\u03b1-\u03ba\u03bf\u03bc\u03bc\u03ac\u03c4\u03b9\/\u03b6\u03c9\u03b3\u03c1\u03b1\u03c6\u03b9\u03ba\u03ae-5-\u03c4\u03b5\u03bc\u03b1\u03c7\u03af\u03c9\u03bd-\u03ad\u03bd\u03b1-\u03ba\u03bf\u03bc\u03bc\u03ac\u03c4\u03b9-mugiwara-\u03c7\u03c9\u03c1\/","og_site_name":"Boutique One Piece","article_modified_time":"2024-09-16T11:30:51+00:00","og_image":[{"width":800,"height":800,"url":"https:\/\/boutique-one-piece.com\/wp-content\/uploads\/2022\/09\/Tableau-5-Piece-One-Piece-Mugiwara-No-Luffy.jpg","type":"image\/jpeg"}],"twitter_card":"summary_large_image","schema":{"@context":"https:\/\/schema.org","@graph":[{"@type":"WebPage","@id":"https:\/\/boutique-one-piece.com\/decorations-one-piece\/tableau-5-piece-one-piece-mugiwara-no-luffy\/","url":"https:\/\/boutique-one-piece.com\/decorations-one-piece\/tableau-5-piece-one-piece-mugiwara-no-luffy\/","name":"\u03a4\u03c1\u03b1\u03c0\u03ad\u03b6\u03b9 5 \u03c4\u03b5\u03bc\u03b1\u03c7\u03af\u03c9\u03bd, \u03bc\u03bf\u03bd\u03bf\u03ba\u03cc\u03bc\u03bc\u03b1\u03c4\u03bf Mugiwara No Luffy \u2013 One Piece Shop","isPartOf":{"@id":"https:\/\/boutique-one-piece.com\/#website"},"primaryImageOfPage":{"@id":"https:\/\/boutique-one-piece.com\/decorations-one-piece\/tableau-5-piece-one-piece-mugiwara-no-luffy\/#primaryimage"},"image":{"@id":"https:\/\/boutique-one-piece.com\/decorations-one-piece\/tableau-5-piece-one-piece-mugiwara-no-luffy\/#primaryimage"},"thumbnailUrl":"https:\/\/boutique-one-piece.com\/wp-content\/uploads\/2022\/09\/Tableau-5-Piece-One-Piece-Mugiwara-No-Luffy.jpg","datePublished":"2022-09-27T20:16:38+00:00","dateModified":"2024-09-16T11:30:51+00:00","description":"\u039c\u03b9\u03ba\u03c1\u03cc \u03a3\u03b5\u03c4 \u039a\u03b1\u03bc\u03b2\u03ac: (20x30cm) x 2 \u03a4\u03b5\u03bc\u03ac\u03c7\u03b9\u03b1 + (20x40cm) x 2 \u03a4\u03b5\u03bc\u03ac\u03c7\u03b9\u03b1 + (20x50cm) x 1 \u03a4\u03b5\u03bc\u03ac\u03c7\u03b9\u03bf \u039c\u03b5\u03c3\u03b1\u03af\u03bf \u03a3\u03b5\u03c4 \u039a\u03b1\u03bc\u03b2\u03ac: (30x40cm) x 2 \u03a4\u03b5\u03bc\u03ac\u03c7\u03b9\u03b1 + (30x60cm) x 2 \u03a4\u03b5\u03bc\u03ac\u03c7\u03b9\u03b1 + (30x80cm) x 1 \u03a4\u03b5\u03bc\u03ac\u03c7\u03b9\u03bf \u039c\u03b5\u03b3\u03ac\u03bb\u03bf \u03a3\u03b5\u03c4 \u039a\u03b1\u03bc\u03b2\u03ac: (40x60cm) x 2 \u03a4\u03b5\u03bc\u03ac\u03c7\u03b9\u03b1 + (40x80cm) x 2 \u03a4\u03b5\u03bc\u03ac\u03c7\u03b9\u03b1 + (40x100cm) x 1 \u03a4\u03b5\u03bc\u03ac\u03c7\u03b9\u03bf","breadcrumb":{"@id":"https:\/\/boutique-one-piece.com\/decorations-one-piece\/tableau-5-piece-one-piece-mugiwara-no-luffy\/#breadcrumb"},"inLanguage":"el","potentialAction":[{"@type":"ReadAction","target":["https:\/\/boutique-one-piece.com\/decorations-one-piece\/tableau-5-piece-one-piece-mugiwara-no-luffy\/"]}]},{"@type":"ImageObject","inLanguage":"el","@id":"https:\/\/boutique-one-piece.com\/decorations-one-piece\/tableau-5-piece-one-piece-mugiwara-no-luffy\/#primaryimage","url":"https:\/\/boutique-one-piece.com\/wp-content\/uploads\/2022\/09\/Tableau-5-Piece-One-Piece-Mugiwara-No-Luffy.jpg","contentUrl":"https:\/\/boutique-one-piece.com\/wp-content\/uploads\/2022\/09\/Tableau-5-Piece-One-Piece-Mugiwara-No-Luffy.jpg","width":800,"height":800,"caption":"Tableau 5 Piece One Piece Mugiwara No Luffy Grand Sans Cadre"},{"@type":"BreadcrumbList","@id":"https:\/\/boutique-one-piece.com\/decorations-one-piece\/tableau-5-piece-one-piece-mugiwara-no-luffy\/#breadcrumb","itemListElement":[{"@type":"ListItem","position":1,"name":"Home","item":"https:\/\/boutique-one-piece.com\/"},{"@type":"ListItem","position":2,"name":"Shop","item":"https:\/\/boutique-one-piece.com\/shop\/"},{"@type":"ListItem","position":3,"name":"Tableau 5 Piece One Piece Mugiwara No Luffy"}]},{"@type":"WebSite","@id":"https:\/\/boutique-one-piece.com\/#website","url":"https:\/\/boutique-one-piece.com\/","name":"\u039a\u03b1\u03c4\u03ac\u03c3\u03c4\u03b7\u03bc\u03b1 One Piece","description":"\u0395\u03be\u03b5\u03b9\u03b4\u03b9\u03ba\u03b5\u03c5\u03bc\u03ad\u03bd\u03bf \u03ba\u03b1\u03c4\u03ac\u03c3\u03c4\u03b7\u03bc\u03b1 \u03b3\u03b9\u03b1 One Piece Manga \u03ba\u03b1\u03b9 Anime","publisher":{"@id":"https:\/\/boutique-one-piece.com\/#organization"},"potentialAction":[{"@type":"SearchAction","target":{"@type":"EntryPoint","urlTemplate":"https:\/\/boutique-one-piece.com\/?s={search_term_string}"},"query-input":{"@type":"PropertyValueSpecification","valueRequired":true,"valueName":"search_term_string"}}],"inLanguage":"el"},{"@type":"Organization","@id":"https:\/\/boutique-one-piece.com\/#organization","name":"\u039a\u03b1\u03c4\u03ac\u03c3\u03c4\u03b7\u03bc\u03b1 One Piece","url":"https:\/\/boutique-one-piece.com\/","logo":{"@type":"ImageObject","inLanguage":"el","@id":"https:\/\/boutique-one-piece.com\/#\/schema\/logo\/image\/","url":"https:\/\/boutique-one-piece.com\/wp-content\/uploads\/2022\/09\/Logo-01.png","contentUrl":"https:\/\/boutique-one-piece.com\/wp-content\/uploads\/2022\/09\/Logo-01.png","width":2318,"height":957,"caption":"Boutique One Piece"},"image":{"@id":"https:\/\/boutique-one-piece.com\/#\/schema\/logo\/image\/"}}]}},"_links":{"self":[{"href":"https:\/\/boutique-one-piece.com\/el\/wp-json\/wp\/v2\/product\/8947","targetHints":{"allow":["GET"]}}],"collection":[{"href":"https:\/\/boutique-one-piece.com\/el\/wp-json\/wp\/v2\/product"}],"about":[{"href":"https:\/\/boutique-one-piece.com\/el\/wp-json\/wp\/v2\/types\/product"}],"replies":[{"embeddable":true,"href":"https:\/\/boutique-one-piece.com\/el\/wp-json\/wp\/v2\/comments?post=8947"}],"wp:featuredmedia":[{"embeddable":true,"href":"https:\/\/boutique-one-piece.com\/el\/wp-json\/wp\/v2\/media\/8949"}],"wp:attachment":[{"href":"https:\/\/boutique-one-piece.com\/el\/wp-json\/wp\/v2\/media?parent=8947"}],"wp:term":[{"taxonomy":"product_brand","embeddable":true,"href":"https:\/\/boutique-one-piece.com\/el\/wp-json\/wp\/v2\/product_brand?post=8947"},{"taxonomy":"product_cat","embeddable":true,"href":"https:\/\/boutique-one-piece.com\/el\/wp-json\/wp\/v2\/product_cat?post=8947"},{"taxonomy":"product_tag","embeddable":true,"href":"https:\/\/boutique-one-piece.com\/el\/wp-json\/wp\/v2\/product_tag?post=8947"}],"curies":[{"name":"\u03b5\u03c1\u03b3\u03b1\u03c3\u03af\u03b1","href":"https:\/\/api.w.org\/{rel}","templated":true}]}}