{"id":9094,"date":"2022-09-27T20:17:35","date_gmt":"2022-09-27T20:17:35","guid":{"rendered":"https:\/\/boutique-one-piece.com\/uncategorized\/peluche-laboon\/"},"modified":"2026-04-22T07:44:31","modified_gmt":"2026-04-22T07:44:31","slug":"%ce%bb%ce%bf%cf%8d%cf%84%cf%81%ce%b9%ce%bd%ce%bf-%cf%80%ce%b1%ce%b9%cf%87%ce%bd%ce%af%ce%b4%ce%b9-laboon","status":"publish","type":"product","link":"https:\/\/boutique-one-piece.com\/el\/%ce%bb%ce%bf%cf%8d%cf%84%cf%81%ce%b9%ce%bd%ce%b1-%cf%80%ce%b1%ce%b9%cf%87%ce%bd%ce%af%ce%b4%ce%b9%ce%b1-one-piece\/%ce%bb%ce%bf%cf%8d%cf%84%cf%81%ce%b9%ce%bd%ce%bf-%cf%80%ce%b1%ce%b9%cf%87%ce%bd%ce%af%ce%b4%ce%b9-laboon\/","title":{"rendered":"\u039b\u03bf\u03cd\u03c4\u03c1\u03b9\u03bd\u03bf \u03c0\u03b1\u03b9\u03c7\u03bd\u03af\u03b4\u03b9 Laboon"},"content":{"rendered":"<h2>\u039d\u03b5\u03b1\u03c1\u03ad \u03c0\u03b5\u03b9\u03c1\u03b1\u03c4\u03ae, \u03be\u03b5\u03ba\u03af\u03bd\u03b7\u03c3\u03b5 \u03bd\u03b1 \u03c3\u03c5\u03bd\u03b1\u03bd\u03c4\u03ae\u03c3\u03b5\u03b9\u03c2 \u03bc\u03b9\u03b1 \u03c6\u03ac\u03bb\u03b1\u03b9\u03bd\u03b1 \u03c0\u03bf\u03c5 \u03b4\u03b5\u03bd \u03bc\u03bf\u03b9\u03ac\u03b6\u03b5\u03b9 \u03bc\u03b5 \u03ba\u03b1\u03bc\u03af\u03b1 \u03ac\u03bb\u03bb\u03b7. \u0393\u03b9\u03b1 \u03bd\u03b1 \u03c4\u03bf \u03ba\u03ac\u03bd\u03b5\u03b9\u03c2 \u03b1\u03c5\u03c4\u03cc, \u03b1\u03c0\u03cc\u03ba\u03c4\u03b7\u03c3\u03b5 \u03c4\u03ce\u03c1\u03b1 \u03b1\u03c5\u03c4\u03cc \u03c4\u03bf \u03bb\u03bf\u03cd\u03c4\u03c1\u03b9\u03bd\u03bf Laboon.<\/h2>\n<p><strong>\u039b\u03b1\u03bc\u03c0\u03bf\u03c5\u03bd<\/strong> \u03b5\u03af\u03bd\u03b1\u03b9 \u03bc\u03b9\u03b1 \u03c6\u03ac\u03bb\u03b1\u03b9\u03bd\u03b1 (\u03ae \u03c0\u03b9\u03bf \u03c3\u03c5\u03b3\u03ba\u03b5\u03ba\u03c1\u03b9\u03bc\u03ad\u03bd\u03b1, \u03bc\u03b9\u03b1 \u03c6\u03ac\u03bb\u03b1\u03b9\u03bd\u03b1 \u03c4\u03bf\u03c5 \u03bd\u03b7\u03c3\u03b9\u03bf\u03cd). \u0399\u03b8\u03b1\u03b3\u03b5\u03bd\u03ae\u03c2 \u03c3\u03c4\u03bf West Blue, \u03bf Laboon \u03c0\u03c1\u03bf\u03c3\u03b3\u03b5\u03b9\u03ce\u03b8\u03b7\u03ba\u03b5 \u03c3\u03b5 \u03b1\u03c5\u03c4\u03cc \u03c4\u03bf \u03bc\u03ad\u03c1\u03bf\u03c2 \u03b5\u03c1\u03c7\u03cc\u03bc\u03b5\u03bd\u03bf\u03c2 \u03bc\u03b5 \u03c4\u03bf\u2019<strong>\u03a0\u03bb\u03ae\u03c1\u03c9\u03bc\u03b1 \u03c4\u03bf\u03c5 \u03a1\u03ac\u03bc\u03c0\u03b1\u03c1<\/strong> \u03c4\u03bf \u03bf\u03c0\u03bf\u03af\u03bf \u03b1\u03bd\u03ad\u03c6\u03b5\u03c1\u03b5 \u03bf \u039c\u03c0\u03c1\u03bf\u03c5\u03ba. \u0395\u03af\u03c7\u03b1\u03bd \u03c5\u03c0\u03bf\u03c3\u03c7\u03b5\u03b8\u03b5\u03af \u03bd\u03b1 \u03b5\u03c0\u03b9\u03c3\u03c4\u03c1\u03ad\u03c8\u03bf\u03c5\u03bd \u03b3\u03b9\u03b1 \u03b1\u03c5\u03c4\u03cc\u03bd \u03b1\u03c6\u03bf\u03cd \u03b8\u03b1 \u03b5\u03af\u03c7\u03b1\u03bd \u03c4\u03b1\u03be\u03b9\u03b4\u03ad\u03c8\u03b5\u03b9 \u03c3\u03b5 \u03cc\u03bb\u03bf \u03c4\u03bf\u03bd \u03ba\u03cc\u03c3\u03bc\u03bf, \u03b1\u03bb\u03bb\u03ac \u03cc\u03bb\u03bf\u03b9 \u03ba\u03b1\u03c4\u03ad\u03bb\u03b7\u03be\u03b1\u03bd \u03bd\u03b1 \u03c0\u03b5\u03b8\u03ac\u03bd\u03bf\u03c5\u03bd (\u03b5\u03ba\u03c4\u03cc\u03c2 \u03b1\u03c0\u03cc \u03c4\u03bf\u03bd \u039c\u03c0\u03c1\u03bf\u03c5\u03ba \u03c0\u03bf\u03c5 \u03b1\u03bd\u03b1\u03c3\u03c4\u03ae\u03b8\u03b7\u03ba\u03b5).<\/p>\n<p>\u03a4\u03bf \u03c0\u03bb\u03ae\u03c1\u03c9\u03bc\u03b1 \u03c4\u03bf\u03c5 Straw Hat \u03c3\u03c5\u03bd\u03b1\u03bd\u03c4\u03ac \u03c4\u03bf\u03bd Laboon \u03c3\u03c4\u03b7\u03bd \u03b1\u03c1\u03c7\u03ae \u03c4\u03b7\u03c2 \u03c0\u03b5\u03c1\u03b9\u03c0\u03ad\u03c4\u03b5\u03b9\u03ac\u03c2 \u03c4\u03bf\u03c5\u03c2, \u03ba\u03b1\u03b9 \u03bf Luffy \u03c4\u03bf\u03bd \u03c3\u03c7\u03b5\u03b4\u03b9\u03ac\u03b6\u03b5\u03b9 \u03ad\u03bd\u03b1 <strong>\u03c3\u03b7\u03bc\u03b1\u03af\u03b1 \u03c4\u03c9\u03bd \u03c0\u03b5\u03b9\u03c1\u03ac\u03c4\u03c9\u03bd<\/strong> \u03c3\u03c4\u03bf \u03ba\u03b5\u03c6\u03ac\u03bb\u03b9 \u03bc\u03b5\u03c4\u03ac \u03b1\u03c0\u03cc \u03bc\u03b9\u03b1 \u03c5\u03c0\u03cc\u03c3\u03c7\u03b5\u03c3\u03b7. \u0395\u03c0\u03b9\u03c0\u03bb\u03ad\u03bf\u03bd, \u03c4\u03bf <a title=\"\u039b\u039f\u03a5\u03a4\u03a1\u0399\u039d\u039f LUFFY\" href=\"https:\/\/boutique-one-piece.com\/el\/%ce%bb%ce%bf%cf%8d%cf%84%cf%81%ce%b9%ce%bd%ce%bf-luffy\/\" target=\"_blank\" rel=\"noopener\">\u039b\u03bf\u03cd\u03c4\u03c1\u03b9\u03bd\u03bf \u03c0\u03b1\u03b9\u03c7\u03bd\u03af\u03b4\u03b9 Luffy<\/a> \u03b5\u03af\u03bd\u03b1\u03b9 \u03c3\u03c4\u03b7 \u03b4\u03b9\u03ac\u03b8\u03b5\u03c3\u03ae \u03c3\u03b1\u03c2, \u03b1\u03bd \u03b8\u03ad\u03bb\u03b5\u03c4\u03b5 \u03bd\u03b1 \u03b5\u03c0\u03b5\u03ba\u03c4\u03b5\u03af\u03bd\u03b5\u03c4\u03b5 \u03c4\u03b7 \u03c3\u03c5\u03bb\u03bb\u03bf\u03b3\u03ae \u03c3\u03b1\u03c2 \u03b1\u03c0\u03cc \u03bb\u03bf\u03cd\u03c4\u03c1\u03b9\u03bd\u03b1 \u03c0\u03b1\u03b9\u03c7\u03bd\u03af\u03b4\u03b9\u03b1.<\/p>\n<h3>\u03a4\u03b9 \u03b3\u03bd\u03ce\u03bc\u03b7 \u03ad\u03c7\u03b5\u03b9\u03c2 \u03b3\u03b9\u03b1 \u03c4\u03b7 \u03c3\u03c5\u03bd\u03ac\u03bd\u03c4\u03b7\u03c3\u03ae \u03c3\u03bf\u03c5 \u03bc\u03b5 \u03c4\u03bf\u03bd Laboon; \u0391\u03bd \u03b8\u03ad\u03bb\u03b5\u03b9\u03c2 \u03bd\u03b1 \u03c4\u03bf\u03bd \u03be\u03b1\u03bd\u03b1\u03c3\u03c5\u03bd\u03b1\u03bd\u03c4\u03ae\u03c3\u03b5\u03b9\u03c2, \u03c5\u03b9\u03bf\u03b8\u03ad\u03c4\u03b7\u03c3\u03b5 \u03b1\u03bc\u03ad\u03c3\u03c9\u03c2 \u03c4\u03bf \u03bb\u03bf\u03cd\u03c4\u03c1\u03b9\u03bd\u03bf \u03c0\u03b1\u03b9\u03c7\u03bd\u03af\u03b4\u03b9 \u03c4\u03bf\u03c5. \u0398\u03b1 \u03b5\u03af\u03bd\u03b1\u03b9 \u03bc\u03ad\u03c1\u03bf\u03c2 \u03c4\u03b7\u03c2 \u03c0\u03b5\u03c1\u03b9\u03c0\u03ad\u03c4\u03b5\u03b9\u03ac\u03c2 \u03c3\u03bf\u03c5 \u03c3\u03c4\u03bf One Piece.<\/h3>\n<p><strong>\u039d\u03b5\u03b1\u03c1\u03cc\u03c2 \u03c0\u03b5\u03b9\u03c1\u03b1\u03c4\u03ae\u03c2<\/strong>, \u0392\u03c1\u03af\u03c3\u03ba\u03b5\u03c3\u03c4\u03b5 \u03c3\u03c4\u03bf \u03c3\u03c9\u03c3\u03c4\u03cc \u03bc\u03ad\u03c1\u03bf\u03c2. \u0395\u03b4\u03ce \u03b8\u03b1 \u03b2\u03c1\u03b5\u03af\u03c4\u03b5 \u03b8\u03c1\u03c5\u03bb\u03b9\u03ba\u03ac \u03b1\u03bd\u03c4\u03b9\u03ba\u03b5\u03af\u03bc\u03b5\u03bd\u03b1 \u03c0\u03bf\u03c5 \u03b8\u03b1 \u03c3\u03b1\u03c2 \u03b2\u03c5\u03b8\u03af\u03c3\u03bf\u03c5\u03bd \u03ae \u03b8\u03b1 \u03c3\u03b1\u03c2 \u03be\u03b1\u03bd\u03b1\u03b2\u03c5\u03b8\u03af\u03c3\u03bf\u03c5\u03bd \u03c3\u03c4\u03bf \u03b1\u03b3\u03b1\u03c0\u03b7\u03bc\u03ad\u03bd\u03bf \u03c3\u03b1\u03c2 \u03c3\u03cd\u03bc\u03c0\u03b1\u03bd \u03ba\u03b9\u03bd\u03bf\u03c5\u03bc\u03ad\u03bd\u03c9\u03bd \u03c3\u03c7\u03b5\u03b4\u03af\u03c9\u03bd. \u0399\u03b4\u03b1\u03bd\u03b9\u03ba\u03ac \u03b3\u03b9\u03b1 \u03b4\u03ce\u03c1\u03b1, \u03c3\u03c5\u03bb\u03bb\u03bf\u03b3\u03ad\u03c2 \u03ae \u03b1\u03c0\u03bb\u03ce\u03c2 \u03b3\u03b9\u03b1 \u03b4\u03b9\u03b1\u03c3\u03ba\u03ad\u03b4\u03b1\u03c3\u03b7, \u03b1\u03c5\u03c4\u03ac \u03c4\u03b1 \u03b1\u03bd\u03c4\u03b9\u03ba\u03b5\u03af\u03bc\u03b5\u03bd\u03b1 \u03c3\u03af\u03b3\u03bf\u03c5\u03c1\u03b1 \u03b8\u03b1 \u03b5\u03c0\u03b5\u03ba\u03c4\u03b5\u03af\u03bd\u03bf\u03c5\u03bd \u03c4\u03b7 \u03c3\u03c5\u03bb\u03bb\u03bf\u03b3\u03ae \u03c3\u03b1\u03c2. <strong>\u039c\u03bf\u03bd\u03bf\u03ba\u03cc\u03bc\u03bc\u03b1\u03c4\u03bf\u03c2<\/strong>. \u0388\u03bd\u03b1 \u03c0\u03c1\u03ac\u03b3\u03bc\u03b1 \u03b5\u03af\u03bd\u03b1\u03b9 \u03c3\u03af\u03b3\u03bf\u03c5\u03c1\u03bf, \u03b7 \u03b5\u03c0\u03bf\u03c7\u03ae \u03c4\u03b7\u03c2 \u03c0\u03b5\u03b9\u03c1\u03b1\u03c4\u03b5\u03af\u03b1\u03c2 \u03b4\u03b5\u03bd \u03ad\u03c7\u03b5\u03b9 \u03c4\u03b5\u03bb\u03b5\u03b9\u03ce\u03c3\u03b5\u03b9 \u03b1\u03ba\u03cc\u03bc\u03b1!<\/p>\n<h2>\u03a0\u03bb\u03b7\u03c1\u03bf\u03c6\u03bf\u03c1\u03af\u03b5\u03c2 \u03b3\u03b9\u03b1 \u03c4\u03bf \u03bb\u03bf\u03cd\u03c4\u03c1\u03b9\u03bd\u03bf Laboon One Piece:<\/h2>\n<ul>\n<li>\u00a0<b>\u03a4\u03cd\u03c0\u03bf\u03c2 \u03c0\u03c1\u03bf\u03ca\u03cc\u03bd\u03c4\u03bf\u03c2<\/b><span>\u00a0<\/span>\u039b\u03bf\u03cd\u03c4\u03c1\u03b9\u03bd\u03bf \u03c0\u03b1\u03b9\u03c7\u03bd\u03af\u03b4\u03b9 manga One Piece<\/li>\n<\/ul>\n<ul>\n<li>\n<b>\u03a7\u03c1\u03ae\u03c3\u03b7 \u03c4\u03bf\u03c5 Peluce<\/b>\u00a0\u03a0\u03b1\u03b9\u03c7\u03bd\u03af\u03b4\u03b9\u03b1, \u03b4\u03b9\u03b1\u03ba\u03bf\u03c3\u03bc\u03b7\u03c4\u03b9\u03ba\u03ac, \u03c3\u03c5\u03bb\u03bb\u03b5\u03ba\u03c4\u03b9\u03ba\u03ac \u03b5\u03af\u03b4\u03b7, \u03b4\u03ce\u03c1\u03b1<\/li>\n<\/ul>\n<ul>\n<li>\n<b>\u038c\u03bd\u03bf\u03bc\u03b1 \u03c7\u03b1\u03c1\u03b1\u03ba\u03c4\u03ae\u03c1\u03b1<\/b>\u00a0\u039b\u03b1\u03bc\u03c0\u03bf\u03c5\u03bd<\/li>\n<\/ul>\n<ul>\n<li>\n<b>\u039c\u03ad\u03b3\u03b5\u03b8\u03bf\u03c2 \u03bb\u03bf\u03cd\u03c4\u03c1\u03b9\u03bd\u03bf\u03c5 \u03c0\u03b1\u03b9\u03c7\u03bd\u03b9\u03b4\u03b9\u03bf\u03cd<\/b>\u00a0: 25 \u03b5\u03ba\u03b1\u03c4\u03bf\u03c3\u03c4\u03ac<\/li>\n<\/ul>\n<ul>\n<li>\n<b>\u03a5\u03bb\u03b7<\/b>\u00a0\u0392\u03b1\u03bc\u03b2\u03ac\u03ba\u03b9<\/li>\n<\/ul>\n<ul>\n<li>\n<b>\u03a3\u03c5\u03bd\u03b9\u03c3\u03c4\u03ce\u03bc\u03b5\u03bd\u03b7 \u03b7\u03bb\u03b9\u03ba\u03af\u03b1<\/b>\u00a0: \u03c0\u03b5\u03c1\u03b9\u03c3\u03c3\u03cc\u03c4\u03b5\u03c1\u03bf \u03b1\u03c0\u03cc 3 \u03c7\u03c1\u03cc\u03bd\u03b9\u03b1<\/li>\n<\/ul>\n<ul>\n<li>\n<b>\u0394\u03c9\u03c1\u03b5\u03ac\u03bd \u03c0\u03b1\u03c1\u03ac\u03b4\u03bf\u03c3\u03b7<\/b> \u03b3\u03b9\u03b1 \u03bf\u03c0\u03bf\u03b9\u03b1\u03b4\u03ae\u03c0\u03bf\u03c4\u03b5 \u03b1\u03b3\u03bf\u03c1\u03ac<\/li>\n<\/ul>","protected":false},"excerpt":{"rendered":"<p>Jeune pirate, pars \u00e0 la rencontre d&rsquo;une baleine pas comme les autres. Pour ce faire, procure-toi d\u00e8s maintenant cette Peluche Laboon. Laboon est une baleine (ou plus pr\u00e9cis\u00e9ment une Island Whale). Natif de West Blue, Laboon a atterri dans ce lieu en venant avec l&rsquo;\u00c9quipage du Rumbar dont Brook faisait part. Ils avaient promis de [&hellip;]<\/p>","protected":false},"featured_media":20902,"comment_status":"open","ping_status":"open","template":"","meta":[],"product_brand":[],"product_cat":[177],"product_tag":[271],"class_list":{"0":"post-9094","1":"product","2":"type-product","3":"status-publish","4":"has-post-thumbnail","6":"product_cat-peluches-one-piece","7":"product_tag-laboon","9":"first","10":"instock","11":"purchasable","12":"product-type-simple"},"yoast_head":"<!-- This site is optimized with the Yoast SEO plugin v27.5 - https:\/\/yoast.com\/product\/yoast-seo-wordpress\/ -->\n<title>Peluche Laboon | Boutique One Piece<\/title>\n<meta name=\"description\" content=\"D\u00e9couvrez la peluche One Piece Laboon la baleine, elle est aussi douce que mignonne ! Commencez votre aventure de pirate \u00e0 la recherche du One Piece dans l&#039;\u00e9quipage du Chapeau de Paille\" \/>\n<meta name=\"robots\" content=\"index, follow, max-snippet:-1, max-image-preview:large, max-video-preview:-1\" \/>\n<link rel=\"canonical\" href=\"https:\/\/boutique-one-piece.com\/el\/\u03bb\u03bf\u03cd\u03c4\u03c1\u03b9\u03bd\u03b1-\u03c0\u03b1\u03b9\u03c7\u03bd\u03af\u03b4\u03b9\u03b1-one-piece\/\u03bb\u03bf\u03cd\u03c4\u03c1\u03b9\u03bd\u03bf-\u03c0\u03b1\u03b9\u03c7\u03bd\u03af\u03b4\u03b9-laboon\/\" \/>\n<meta property=\"og:locale\" content=\"el_GR\" \/>\n<meta property=\"og:type\" content=\"article\" \/>\n<meta property=\"og:title\" content=\"Peluche Laboon | Boutique One Piece\" \/>\n<meta property=\"og:description\" content=\"D\u00e9couvrez la peluche One Piece Laboon la baleine, elle est aussi douce que mignonne ! Commencez votre aventure de pirate \u00e0 la recherche du One Piece dans l&#039;\u00e9quipage du Chapeau de Paille\" \/>\n<meta property=\"og:url\" content=\"https:\/\/boutique-one-piece.com\/el\/\u03bb\u03bf\u03cd\u03c4\u03c1\u03b9\u03bd\u03b1-\u03c0\u03b1\u03b9\u03c7\u03bd\u03af\u03b4\u03b9\u03b1-one-piece\/\u03bb\u03bf\u03cd\u03c4\u03c1\u03b9\u03bd\u03bf-\u03c0\u03b1\u03b9\u03c7\u03bd\u03af\u03b4\u03b9-laboon\/\" \/>\n<meta property=\"og:site_name\" content=\"Boutique One Piece\" \/>\n<meta property=\"article:modified_time\" content=\"2026-04-22T07:44:31+00:00\" \/>\n<meta property=\"og:image\" content=\"https:\/\/boutique-one-piece.com\/wp-content\/uploads\/2026\/04\/imgi_1_S09e0939941304896b06616e80ec83e674.jpg\" \/>\n\t<meta property=\"og:image:width\" content=\"2000\" \/>\n\t<meta property=\"og:image:height\" content=\"2000\" \/>\n\t<meta property=\"og:image:type\" content=\"image\/jpeg\" \/>\n<meta name=\"twitter:card\" content=\"summary_large_image\" \/>\n<meta name=\"twitter:label1\" content=\"\u0395\u03ba\u03c4\u03b9\u03bc\u03ce\u03bc\u03b5\u03bd\u03bf\u03c2 \u03c7\u03c1\u03cc\u03bd\u03bf\u03c2 \u03b1\u03bd\u03ac\u03b3\u03bd\u03c9\u03c3\u03b7\u03c2\" \/>\n\t<meta name=\"twitter:data1\" content=\"2 \u03bb\u03b5\u03c0\u03c4\u03ac\" \/>\n<script type=\"application\/ld+json\" class=\"yoast-schema-graph\">{\"@context\":\"https:\\\/\\\/schema.org\",\"@graph\":[{\"@type\":\"WebPage\",\"@id\":\"https:\\\/\\\/boutique-one-piece.com\\\/peluches-one-piece\\\/peluche-laboon\\\/\",\"url\":\"https:\\\/\\\/boutique-one-piece.com\\\/peluches-one-piece\\\/peluche-laboon\\\/\",\"name\":\"Peluche Laboon | Boutique One Piece\",\"isPartOf\":{\"@id\":\"https:\\\/\\\/boutique-one-piece.com\\\/#website\"},\"primaryImageOfPage\":{\"@id\":\"https:\\\/\\\/boutique-one-piece.com\\\/peluches-one-piece\\\/peluche-laboon\\\/#primaryimage\"},\"image\":{\"@id\":\"https:\\\/\\\/boutique-one-piece.com\\\/peluches-one-piece\\\/peluche-laboon\\\/#primaryimage\"},\"thumbnailUrl\":\"https:\\\/\\\/boutique-one-piece.com\\\/wp-content\\\/uploads\\\/2026\\\/04\\\/imgi_1_S09e0939941304896b06616e80ec83e674.jpg\",\"datePublished\":\"2022-09-27T20:17:35+00:00\",\"dateModified\":\"2026-04-22T07:44:31+00:00\",\"description\":\"D\u00e9couvrez la peluche One Piece Laboon la baleine, elle est aussi douce que mignonne ! Commencez votre aventure de pirate \u00e0 la recherche du One Piece dans l'\u00e9quipage du Chapeau de Paille\",\"breadcrumb\":{\"@id\":\"https:\\\/\\\/boutique-one-piece.com\\\/peluches-one-piece\\\/peluche-laboon\\\/#breadcrumb\"},\"inLanguage\":\"el\",\"potentialAction\":[{\"@type\":\"ReadAction\",\"target\":[\"https:\\\/\\\/boutique-one-piece.com\\\/peluches-one-piece\\\/peluche-laboon\\\/\"]}]},{\"@type\":\"ImageObject\",\"inLanguage\":\"el\",\"@id\":\"https:\\\/\\\/boutique-one-piece.com\\\/peluches-one-piece\\\/peluche-laboon\\\/#primaryimage\",\"url\":\"https:\\\/\\\/boutique-one-piece.com\\\/wp-content\\\/uploads\\\/2026\\\/04\\\/imgi_1_S09e0939941304896b06616e80ec83e674.jpg\",\"contentUrl\":\"https:\\\/\\\/boutique-one-piece.com\\\/wp-content\\\/uploads\\\/2026\\\/04\\\/imgi_1_S09e0939941304896b06616e80ec83e674.jpg\",\"width\":2000,\"height\":2000},{\"@type\":\"BreadcrumbList\",\"@id\":\"https:\\\/\\\/boutique-one-piece.com\\\/peluches-one-piece\\\/peluche-laboon\\\/#breadcrumb\",\"itemListElement\":[{\"@type\":\"ListItem\",\"position\":1,\"name\":\"Home\",\"item\":\"https:\\\/\\\/boutique-one-piece.com\\\/\"},{\"@type\":\"ListItem\",\"position\":2,\"name\":\"Shop\",\"item\":\"https:\\\/\\\/boutique-one-piece.com\\\/shop\\\/\"},{\"@type\":\"ListItem\",\"position\":3,\"name\":\"Peluche Laboon\"}]},{\"@type\":\"WebSite\",\"@id\":\"https:\\\/\\\/boutique-one-piece.com\\\/#website\",\"url\":\"https:\\\/\\\/boutique-one-piece.com\\\/\",\"name\":\"Boutique One Piece\",\"description\":\"Magasin Sp\u00e9cialis\u00e9 du Manga et l&#039;Anime One Piece\",\"publisher\":{\"@id\":\"https:\\\/\\\/boutique-one-piece.com\\\/#organization\"},\"potentialAction\":[{\"@type\":\"SearchAction\",\"target\":{\"@type\":\"EntryPoint\",\"urlTemplate\":\"https:\\\/\\\/boutique-one-piece.com\\\/?s={search_term_string}\"},\"query-input\":{\"@type\":\"PropertyValueSpecification\",\"valueRequired\":true,\"valueName\":\"search_term_string\"}}],\"inLanguage\":\"el\"},{\"@type\":\"Organization\",\"@id\":\"https:\\\/\\\/boutique-one-piece.com\\\/#organization\",\"name\":\"Boutique One Piece\",\"url\":\"https:\\\/\\\/boutique-one-piece.com\\\/\",\"logo\":{\"@type\":\"ImageObject\",\"inLanguage\":\"el\",\"@id\":\"https:\\\/\\\/boutique-one-piece.com\\\/#\\\/schema\\\/logo\\\/image\\\/\",\"url\":\"https:\\\/\\\/boutique-one-piece.com\\\/wp-content\\\/uploads\\\/2022\\\/09\\\/Logo-01.png\",\"contentUrl\":\"https:\\\/\\\/boutique-one-piece.com\\\/wp-content\\\/uploads\\\/2022\\\/09\\\/Logo-01.png\",\"width\":2318,\"height\":957,\"caption\":\"Boutique One Piece\"},\"image\":{\"@id\":\"https:\\\/\\\/boutique-one-piece.com\\\/#\\\/schema\\\/logo\\\/image\\\/\"}}]}<\/script>\n<!-- \/ Yoast SEO plugin. -->","yoast_head_json":{"title":"\u039b\u03bf\u03cd\u03c4\u03c1\u03b9\u03bd\u03bf Laboon | \u039a\u03b1\u03c4\u03ac\u03c3\u03c4\u03b7\u03bc\u03b1 \u039f\u03bb\u03cc\u03c3\u03c9\u03bc\u03c9\u03bd \u03a0\u03b9\u03ac\u03c4\u03c9\u03bd","description":"\u0391\u03bd\u03b1\u03ba\u03b1\u03bb\u03cd\u03c8\u03c4\u03b5 \u03c4\u03bf \u03bb\u03bf\u03cd\u03c4\u03c1\u03b9\u03bd\u03bf \u03b1\u03c1\u03ba\u03bf\u03c5\u03b4\u03ac\u03ba\u03b9 One Piece Laboon, \u03c4\u03b7 \u03c6\u03ac\u03bb\u03b1\u03b9\u03bd\u03b1 \u2013 \u03b5\u03af\u03bd\u03b1\u03b9 \u03c4\u03cc\u03c3\u03bf \u03b1\u03c0\u03b1\u03bb\u03cc \u03cc\u03c3\u03bf \u03ba\u03b1\u03b9 \u03c7\u03b1\u03c1\u03b9\u03c4\u03c9\u03bc\u03ad\u03bd\u03bf! \u039e\u03b5\u03ba\u03b9\u03bd\u03ae\u03c3\u03c4\u03b5 \u03c4\u03b7\u03bd \u03c0\u03b5\u03b9\u03c1\u03b1\u03c4\u03b9\u03ba\u03ae \u03c3\u03b1\u03c2 \u03c0\u03b5\u03c1\u03b9\u03c0\u03ad\u03c4\u03b5\u03b9\u03b1 \u03b1\u03bd\u03b1\u03b6\u03b7\u03c4\u03ce\u03bd\u03c4\u03b1\u03c2 \u03c4\u03bf One Piece \u03bc\u03b5 \u03c4\u03b7\u03bd \u03bf\u03bc\u03ac\u03b4\u03b1 \u03c4\u03bf\u03c5 Straw Hat.","robots":{"index":"index","follow":"follow","max-snippet":"max-snippet:-1","max-image-preview":"max-image-preview:large","max-video-preview":"max-video-preview:-1"},"canonical":"https:\/\/boutique-one-piece.com\/el\/\u03bb\u03bf\u03cd\u03c4\u03c1\u03b9\u03bd\u03b1-\u03c0\u03b1\u03b9\u03c7\u03bd\u03af\u03b4\u03b9\u03b1-one-piece\/\u03bb\u03bf\u03cd\u03c4\u03c1\u03b9\u03bd\u03bf-\u03c0\u03b1\u03b9\u03c7\u03bd\u03af\u03b4\u03b9-laboon\/","og_locale":"el_GR","og_type":"article","og_title":"Peluche Laboon | Boutique One Piece","og_description":"D\u00e9couvrez la peluche One Piece Laboon la baleine, elle est aussi douce que mignonne ! Commencez votre aventure de pirate \u00e0 la recherche du One Piece dans l'\u00e9quipage du Chapeau de Paille","og_url":"https:\/\/boutique-one-piece.com\/el\/\u03bb\u03bf\u03cd\u03c4\u03c1\u03b9\u03bd\u03b1-\u03c0\u03b1\u03b9\u03c7\u03bd\u03af\u03b4\u03b9\u03b1-one-piece\/\u03bb\u03bf\u03cd\u03c4\u03c1\u03b9\u03bd\u03bf-\u03c0\u03b1\u03b9\u03c7\u03bd\u03af\u03b4\u03b9-laboon\/","og_site_name":"Boutique One Piece","article_modified_time":"2026-04-22T07:44:31+00:00","og_image":[{"width":2000,"height":2000,"url":"https:\/\/boutique-one-piece.com\/wp-content\/uploads\/2026\/04\/imgi_1_S09e0939941304896b06616e80ec83e674.jpg","type":"image\/jpeg"}],"twitter_card":"summary_large_image","twitter_misc":{"\u0395\u03ba\u03c4\u03b9\u03bc\u03ce\u03bc\u03b5\u03bd\u03bf\u03c2 \u03c7\u03c1\u03cc\u03bd\u03bf\u03c2 \u03b1\u03bd\u03ac\u03b3\u03bd\u03c9\u03c3\u03b7\u03c2":"2 \u03bb\u03b5\u03c0\u03c4\u03ac"},"schema":{"@context":"https:\/\/schema.org","@graph":[{"@type":"WebPage","@id":"https:\/\/boutique-one-piece.com\/peluches-one-piece\/peluche-laboon\/","url":"https:\/\/boutique-one-piece.com\/peluches-one-piece\/peluche-laboon\/","name":"\u039b\u03bf\u03cd\u03c4\u03c1\u03b9\u03bd\u03bf Laboon | \u039a\u03b1\u03c4\u03ac\u03c3\u03c4\u03b7\u03bc\u03b1 \u039f\u03bb\u03cc\u03c3\u03c9\u03bc\u03c9\u03bd \u03a0\u03b9\u03ac\u03c4\u03c9\u03bd","isPartOf":{"@id":"https:\/\/boutique-one-piece.com\/#website"},"primaryImageOfPage":{"@id":"https:\/\/boutique-one-piece.com\/peluches-one-piece\/peluche-laboon\/#primaryimage"},"image":{"@id":"https:\/\/boutique-one-piece.com\/peluches-one-piece\/peluche-laboon\/#primaryimage"},"thumbnailUrl":"https:\/\/boutique-one-piece.com\/wp-content\/uploads\/2026\/04\/imgi_1_S09e0939941304896b06616e80ec83e674.jpg","datePublished":"2022-09-27T20:17:35+00:00","dateModified":"2026-04-22T07:44:31+00:00","description":"\u0391\u03bd\u03b1\u03ba\u03b1\u03bb\u03cd\u03c8\u03c4\u03b5 \u03c4\u03bf \u03bb\u03bf\u03cd\u03c4\u03c1\u03b9\u03bd\u03bf \u03b1\u03c1\u03ba\u03bf\u03c5\u03b4\u03ac\u03ba\u03b9 One Piece Laboon, \u03c4\u03b7 \u03c6\u03ac\u03bb\u03b1\u03b9\u03bd\u03b1 \u2013 \u03b5\u03af\u03bd\u03b1\u03b9 \u03c4\u03cc\u03c3\u03bf \u03b1\u03c0\u03b1\u03bb\u03cc \u03cc\u03c3\u03bf \u03ba\u03b1\u03b9 \u03c7\u03b1\u03c1\u03b9\u03c4\u03c9\u03bc\u03ad\u03bd\u03bf! \u039e\u03b5\u03ba\u03b9\u03bd\u03ae\u03c3\u03c4\u03b5 \u03c4\u03b7\u03bd \u03c0\u03b5\u03b9\u03c1\u03b1\u03c4\u03b9\u03ba\u03ae \u03c3\u03b1\u03c2 \u03c0\u03b5\u03c1\u03b9\u03c0\u03ad\u03c4\u03b5\u03b9\u03b1 \u03b1\u03bd\u03b1\u03b6\u03b7\u03c4\u03ce\u03bd\u03c4\u03b1\u03c2 \u03c4\u03bf One Piece \u03bc\u03b5 \u03c4\u03b7\u03bd \u03bf\u03bc\u03ac\u03b4\u03b1 \u03c4\u03bf\u03c5 Straw Hat.","breadcrumb":{"@id":"https:\/\/boutique-one-piece.com\/peluches-one-piece\/peluche-laboon\/#breadcrumb"},"inLanguage":"el","potentialAction":[{"@type":"ReadAction","target":["https:\/\/boutique-one-piece.com\/peluches-one-piece\/peluche-laboon\/"]}]},{"@type":"ImageObject","inLanguage":"el","@id":"https:\/\/boutique-one-piece.com\/peluches-one-piece\/peluche-laboon\/#primaryimage","url":"https:\/\/boutique-one-piece.com\/wp-content\/uploads\/2026\/04\/imgi_1_S09e0939941304896b06616e80ec83e674.jpg","contentUrl":"https:\/\/boutique-one-piece.com\/wp-content\/uploads\/2026\/04\/imgi_1_S09e0939941304896b06616e80ec83e674.jpg","width":2000,"height":2000},{"@type":"BreadcrumbList","@id":"https:\/\/boutique-one-piece.com\/peluches-one-piece\/peluche-laboon\/#breadcrumb","itemListElement":[{"@type":"ListItem","position":1,"name":"Home","item":"https:\/\/boutique-one-piece.com\/"},{"@type":"ListItem","position":2,"name":"Shop","item":"https:\/\/boutique-one-piece.com\/shop\/"},{"@type":"ListItem","position":3,"name":"Peluche Laboon"}]},{"@type":"WebSite","@id":"https:\/\/boutique-one-piece.com\/#website","url":"https:\/\/boutique-one-piece.com\/","name":"\u039a\u03b1\u03c4\u03ac\u03c3\u03c4\u03b7\u03bc\u03b1 One Piece","description":"\u0395\u03be\u03b5\u03b9\u03b4\u03b9\u03ba\u03b5\u03c5\u03bc\u03ad\u03bd\u03bf \u03ba\u03b1\u03c4\u03ac\u03c3\u03c4\u03b7\u03bc\u03b1 \u03b3\u03b9\u03b1 One Piece Manga \u03ba\u03b1\u03b9 Anime","publisher":{"@id":"https:\/\/boutique-one-piece.com\/#organization"},"potentialAction":[{"@type":"SearchAction","target":{"@type":"EntryPoint","urlTemplate":"https:\/\/boutique-one-piece.com\/?s={search_term_string}"},"query-input":{"@type":"PropertyValueSpecification","valueRequired":true,"valueName":"search_term_string"}}],"inLanguage":"el"},{"@type":"Organization","@id":"https:\/\/boutique-one-piece.com\/#organization","name":"\u039a\u03b1\u03c4\u03ac\u03c3\u03c4\u03b7\u03bc\u03b1 One Piece","url":"https:\/\/boutique-one-piece.com\/","logo":{"@type":"ImageObject","inLanguage":"el","@id":"https:\/\/boutique-one-piece.com\/#\/schema\/logo\/image\/","url":"https:\/\/boutique-one-piece.com\/wp-content\/uploads\/2022\/09\/Logo-01.png","contentUrl":"https:\/\/boutique-one-piece.com\/wp-content\/uploads\/2022\/09\/Logo-01.png","width":2318,"height":957,"caption":"Boutique One Piece"},"image":{"@id":"https:\/\/boutique-one-piece.com\/#\/schema\/logo\/image\/"}}]}},"_links":{"self":[{"href":"https:\/\/boutique-one-piece.com\/el\/wp-json\/wp\/v2\/product\/9094","targetHints":{"allow":["GET"]}}],"collection":[{"href":"https:\/\/boutique-one-piece.com\/el\/wp-json\/wp\/v2\/product"}],"about":[{"href":"https:\/\/boutique-one-piece.com\/el\/wp-json\/wp\/v2\/types\/product"}],"replies":[{"embeddable":true,"href":"https:\/\/boutique-one-piece.com\/el\/wp-json\/wp\/v2\/comments?post=9094"}],"wp:featuredmedia":[{"embeddable":true,"href":"https:\/\/boutique-one-piece.com\/el\/wp-json\/wp\/v2\/media\/20902"}],"wp:attachment":[{"href":"https:\/\/boutique-one-piece.com\/el\/wp-json\/wp\/v2\/media?parent=9094"}],"wp:term":[{"taxonomy":"product_brand","embeddable":true,"href":"https:\/\/boutique-one-piece.com\/el\/wp-json\/wp\/v2\/product_brand?post=9094"},{"taxonomy":"product_cat","embeddable":true,"href":"https:\/\/boutique-one-piece.com\/el\/wp-json\/wp\/v2\/product_cat?post=9094"},{"taxonomy":"product_tag","embeddable":true,"href":"https:\/\/boutique-one-piece.com\/el\/wp-json\/wp\/v2\/product_tag?post=9094"}],"curies":[{"name":"\u03b5\u03c1\u03b3\u03b1\u03c3\u03af\u03b1","href":"https:\/\/api.w.org\/{rel}","templated":true}]}}