{"id":9205,"date":"2022-09-27T20:18:06","date_gmt":"2022-09-27T20:18:06","guid":{"rendered":"https:\/\/boutique-one-piece.com\/uncategorized\/figurine-one-piece-sanji-film-z\/"},"modified":"2024-09-16T11:37:25","modified_gmt":"2024-09-16T11:37:25","slug":"%ce%bf%ce%bb%cf%8c%cf%83%cf%89%ce%bc%ce%b7-%cf%86%ce%b9%ce%b3%ce%bf%cf%8d%cf%81%ce%b1-sanji-%ce%b1%cf%80%cf%8c-%cf%84%ce%b7%ce%bd-%cf%84%ce%b1%ce%b9%ce%bd%ce%af%ce%b1-z","status":"publish","type":"product","link":"https:\/\/boutique-one-piece.com\/el\/%ce%ba%ce%b1%ce%bb%ce%bf%cf%8d%ce%b4%ce%b9%ce%b1-one-piece\/%ce%ba%ce%b1%ce%bb%ce%bf%cf%8d%ce%b4%ce%b9%ce%b1-vinsmoke-sanji-%ce%ad%ce%bd%ce%b1-%ce%ba%ce%bf%ce%bc%ce%bc%ce%ac%cf%84%ce%b9\/%ce%bf%ce%bb%cf%8c%cf%83%cf%89%ce%bc%ce%b7-%cf%86%ce%b9%ce%b3%ce%bf%cf%8d%cf%81%ce%b1-sanji-%ce%b1%cf%80%cf%8c-%cf%84%ce%b7%ce%bd-%cf%84%ce%b1%ce%b9%ce%bd%ce%af%ce%b1-z\/","title":{"rendered":"One Piece Sanji Movie Z \u03a6\u03b9\u03b3\u03bf\u03cd\u03c1\u03b1"},"content":{"rendered":"<h2>\u039d\u03b5\u03b1\u03c1\u03ad \u03c0\u03b5\u03b9\u03c1\u03b1\u03c4\u03ae, \u03ae\u03c1\u03b8\u03b5 \u03b7 \u03ce\u03c1\u03b1 \u03bd\u03b1 \u03b1\u03c0\u03bf\u03ba\u03c4\u03ae\u03c3\u03b5\u03b9\u03c2 \u03b1\u03c5\u03c4\u03cc \u03c4\u03bf One Piece Sanji Movie Z \u03c6\u03b9\u03b3\u03bf\u03cd\u03c1\u03b1.<\/h2>\n<p>\u03a5\u03c0\u03b5\u03bd\u03b8\u03c5\u03bc\u03af\u03b6\u03bf\u03c5\u03bc\u03b5 \u03cc\u03c4\u03b9 \u03c4\u03bf One Piece: Z, \u03ba\u03c5\u03ba\u03bb\u03bf\u03c6\u03bf\u03c1\u03b5\u03af \u03c3\u03c4\u03b7\u03bd \u0399\u03b1\u03c0\u03c9\u03bd\u03af\u03b1. <strong>One Piece Film: Z<\/strong>, \u03a4\u03bf One Piece, \u03c3\u03b5 \u03c3\u03ba\u03b7\u03bd\u03bf\u03b8\u03b5\u03c3\u03af\u03b1 Tatsuya Nagamine \u03ba\u03b1\u03b9 \u03b5\u03c0\u03af\u03b2\u03bb\u03b5\u03c8\u03b7 Eiichiro Oda, \u03b5\u03af\u03bd\u03b1\u03b9 \u03bc\u03b9\u03b1 \u03c4\u03b1\u03b9\u03bd\u03af\u03b1 \u03c4\u03bf\u03c5 2012. \u0395\u03af\u03bd\u03b1\u03b9 \u03b7 \u03b4\u03c9\u03b4\u03ad\u03ba\u03b1\u03c4\u03b7 \u03c4\u03b1\u03b9\u03bd\u03af\u03b1 \u03b2\u03b1\u03c3\u03b9\u03c3\u03bc\u03ad\u03bd\u03b7 \u03c3\u03c4\u03b7 \u03c3\u03b5\u03b9\u03c1\u03ac One Piece \u03c4\u03bf\u03c5 Eiichiro Oda. \u0397 \u03c3\u03cd\u03bd\u03bf\u03c8\u03b7 \u03b5\u03af\u03bd\u03b1\u03b9 \u03b7 \u03b5\u03be\u03ae\u03c2: \u039f\u03b9 \u03a0\u03ad\u03c4\u03c1\u03b5\u03c2 Dyna, \u03c4\u03c9\u03bd \u03bf\u03c0\u03bf\u03af\u03c9\u03bd \u03b7 \u03b4\u03cd\u03bd\u03b1\u03bc\u03b7 \u03bb\u03ad\u03b3\u03b5\u03c4\u03b1\u03b9 \u03cc\u03c4\u03b9 \u03b5\u03af\u03bd\u03b1\u03b9 \u03c0\u03b1\u03c1\u03cc\u03bc\u03bf\u03b9\u03b1 \u03bc\u03b5 \u03b1\u03c5\u03c4\u03ae \u03c4\u03c9\u03bd \u0391\u03c1\u03c7\u03b1\u03af\u03c9\u03bd \u038c\u03c0\u03bb\u03c9\u03bd, \u03ba\u03bb\u03ac\u03c0\u03b7\u03ba\u03b1\u03bd \u03be\u03b1\u03c6\u03bd\u03b9\u03ba\u03ac \u03b1\u03c0\u03cc \u03ad\u03bd\u03b1\u03bd \u03ac\u03bd\u03c4\u03c1\u03b1 \u03c0\u03bf\u03c5 \u03b4\u03b7\u03bc\u03b9\u03bf\u03cd\u03c1\u03b3\u03b7\u03c3\u03b5 \u03c4\u03bf\u03c5\u03c2 \u03b4\u03b9\u03ba\u03bf\u03cd\u03c2 \u03c4\u03bf\u03c5 \u03c0\u03b5\u03b6\u03bf\u03bd\u03b1\u03cd\u03c4\u03b5\u03c2 \u03c3\u03c4\u03bf\u03bd \u039d\u03ad\u03bf \u039a\u03cc\u03c3\u03bc\u03bf, \u03ad\u03bd\u03b1\u03bd \u03c0\u03c1\u03ce\u03b7\u03bd \u039d\u03b1\u03cd\u03b1\u03c1\u03c7\u03bf \u03a0\u03b5\u03b6\u03bf\u03bd\u03b1\u03c5\u03c4\u03ce\u03bd \u03bf\u03bd\u03cc\u03bc\u03b1\u03c4\u03b9 Zephyr, \u03b3\u03bd\u03c9\u03c3\u03c4\u03cc \u03ba\u03b1\u03b9 \u03c9\u03c2 &quot;\u00ab\u00a0<strong>\u0396 \u03bc\u03b5 \u03c4\u03bf \u039c\u03b1\u03cd\u03c1\u03bf \u03a7\u03ad\u03c1\u03b9<\/strong>\u00ab&quot;, \u03ba\u03b1\u03c0\u03b5\u03c4\u03ac\u03bd\u03b9\u03bf\u03c2 \u03c4\u03c9\u03bd \u039d\u03ad\u03c9\u03bd \u03a0\u03b5\u03b6\u03bf\u03bd\u03b1\u03c5\u03c4\u03ce\u03bd.<\/p>\n<p>\u0395\u03b4\u03ce, \u03c0\u03c1\u03cc\u03ba\u03b5\u03b9\u03c4\u03b1\u03b9 \u03b3\u03b9\u03b1 <strong>Sanji<\/strong> \u03b3\u03b9\u03b1 \u03c4\u03bf \u03bf\u03c0\u03bf\u03af\u03bf \u03bc\u03b9\u03bb\u03ac\u03bc\u03b5. \u03a3\u03af\u03b3\u03bf\u03c5\u03c1\u03b1 \u03b3\u03bd\u03c9\u03c1\u03af\u03b6\u03b5\u03c4\u03b5 \u03cc\u03c4\u03b9 \u03bf \u03a3\u03ac\u03bd\u03c4\u03b6\u03b9, \u03bc\u03b5 \u03c4\u03bf \u03c0\u03b1\u03c1\u03b1\u03c4\u03c3\u03bf\u03cd\u03ba\u03bb\u03b9 \u03a3\u03ac\u03bd\u03c4\u03b6\u03b9 \u03bf <strong>\u039c\u03b1\u03cd\u03c1\u03bf \u03c0\u03cc\u03b4\u03b9<\/strong>, \u039f \u03a3\u03ac\u03bd\u03c4\u03b6\u03b9 \u03b5\u03af\u03bd\u03b1\u03b9 \u03bf \u03bc\u03ac\u03b3\u03b5\u03b9\u03c1\u03b1\u03c2 \u03c4\u03b7\u03c2 \u03bf\u03bc\u03ac\u03b4\u03b1\u03c2 Straw Hat Crew. \u0388\u03bc\u03b1\u03b8\u03b5 \u03bc\u03b1\u03b3\u03b5\u03b9\u03c1\u03b9\u03ba\u03ad\u03c2 \u03c4\u03ad\u03c7\u03bd\u03b5\u03c2 \u03c3\u03c4\u03bf Baratie, \u03ad\u03bd\u03b1 \u03c0\u03bb\u03c9\u03c4\u03cc \u03b5\u03c3\u03c4\u03b9\u03b1\u03c4\u03cc\u03c1\u03b9\u03bf \u03c0\u03bf\u03c5 \u03b1\u03bd\u03ae\u03ba\u03b5\u03b9 \u03c3\u03c4\u03bf\u03bd Red-Leg Zeff, \u03ad\u03bd\u03b1\u03bd \u03c0\u03c1\u03ce\u03b7\u03bd \u03c0\u03b5\u03b9\u03c1\u03b1\u03c4\u03ae. \u03a0\u03b1\u03c1\u03b5\u03bc\u03c0\u03b9\u03c0\u03c4\u03cc\u03bd\u03c4\u03c9\u03c2, \u03b1\u03bd \u03c3\u03b1\u03c2 \u03b1\u03c1\u03ad\u03c3\u03b5\u03b9 \u03b9\u03b4\u03b9\u03b1\u03af\u03c4\u03b5\u03c1\u03b1 \u03b1\u03c5\u03c4\u03cc\u03c2 \u03bf \u03c7\u03b1\u03c1\u03b1\u03ba\u03c4\u03ae\u03c1\u03b1\u03c2, <a title=\"\u03a6\u0399\u0393\u039f\u03a5\u03a1\u0391 ONE PIECE SANJI KAWAII\" href=\"https:\/\/boutique-one-piece.com\/el\/%cf%86%ce%b9%ce%b3%ce%bf%cf%8d%cf%81%ce%b5%cf%82-one-piece\/%cf%80%cf%81%ce%bf%cf%8a%cf%8c%ce%bd%cf%84%ce%b1\/%ce%bc%ce%bf%ce%bd%ce%bf%ce%ba%cf%8c%ce%bc%ce%bc%ce%b1%cf%84%ce%bf-%ce%b5%ce%b9%ce%b4%cf%8e%ce%bb%ce%b9%ce%bf-sanji-kawaii\/\" target=\"_blank\" rel=\"noopener\">\u03c7\u03b1\u03c1\u03b9\u03c4\u03c9\u03bc\u03ad\u03bd\u03bf \u03b5\u03b9\u03b4\u03ce\u03bb\u03b9\u03bf Sanji<\/a> \u03b5\u03af\u03bd\u03b1\u03b9 \u03b5\u03bd\u03c4\u03cc\u03c2 \u03c4\u03c9\u03bd \u03b4\u03c5\u03bd\u03b1\u03c4\u03bf\u03c4\u03ae\u03c4\u03c9\u03bd \u03c3\u03b1\u03c2.<\/p>\n<h3>\u03a3\u03b1\u03c2 \u03ad\u03c7\u03b5\u03b9 \u03b3\u03bf\u03b7\u03c4\u03b5\u03cd\u03c3\u03b5\u03b9, \u03bb\u03bf\u03b9\u03c0\u03cc\u03bd, \u03b7 \u03c6\u03b9\u03b3\u03bf\u03cd\u03c1\u03b1 \u03c4\u03bf\u03c5 \u03a3\u03ac\u03bd\u03c4\u03b6\u03b9 \u03b1\u03c0\u03cc \u03c4\u03bf &quot;One Piece Film: Z&quot;; \u0391\u03bd \u03bd\u03b1\u03b9, \u03bc\u03b7\u03bd \u03c0\u03b5\u03c1\u03b9\u03bc\u03ad\u03bd\u03b5\u03c4\u03b5 \u03ac\u03bb\u03bb\u03bf \u03ba\u03b1\u03b9 \u03be\u03b5\u03ba\u03b9\u03bd\u03ae\u03c3\u03c4\u03b5 \u03bc\u03b9\u03b1 \u03c0\u03b5\u03c1\u03b9\u03c0\u03ad\u03c4\u03b5\u03b9\u03b1 \u03bc\u03b1\u03b6\u03af \u03c4\u03bf\u03c5.<\/h3>\n<p><strong>\u039d\u03b5\u03b1\u03c1\u03cc\u03c2 \u03c0\u03b5\u03b9\u03c1\u03b1\u03c4\u03ae\u03c2<\/strong>, \u039c\u03b7\u03bd \u03c8\u03ac\u03c7\u03bd\u03b5\u03c4\u03b5 \u03ac\u03bb\u03bb\u03bf, \u03b1\u03c5\u03c4\u03ac \u03c4\u03b1 \u03b8\u03c1\u03c5\u03bb\u03b9\u03ba\u03ac \u03ba\u03bf\u03bc\u03bc\u03ac\u03c4\u03b9\u03b1 One Piece \u03b5\u03af\u03bd\u03b1\u03b9 \u03ad\u03bd\u03b1\u03c2 \u03c0\u03c1\u03b1\u03b3\u03bc\u03b1\u03c4\u03b9\u03ba\u03cc\u03c2 \u03b8\u03b7\u03c3\u03b1\u03c5\u03c1\u03cc\u03c2. \u0399\u03b4\u03b1\u03bd\u03b9\u03ba\u03ac \u03b3\u03b9\u03b1 \u03b4\u03ce\u03c1\u03bf, \u03b4\u03b9\u03b1\u03ba\u03cc\u03c3\u03bc\u03b7\u03c3\u03b7 \u03ae \u03c3\u03c5\u03bb\u03bb\u03bf\u03b3\u03ae, \u03b1\u03c5\u03c4\u03ac \u03c4\u03b1 \u03b1\u03bd\u03c4\u03b9\u03ba\u03b5\u03af\u03bc\u03b5\u03bd\u03b1 \u03b8\u03b1 \u03b5\u03bc\u03c0\u03bb\u03bf\u03c5\u03c4\u03af\u03c3\u03bf\u03c5\u03bd \u03c4\u03b7 \u03c3\u03c5\u03bb\u03bb\u03bf\u03b3\u03ae \u03c3\u03b1\u03c2. <strong>\u03c4\u03bf \u03c3\u03cd\u03bc\u03c0\u03b1\u03bd One Piece \u03c3\u03bf\u03c5<\/strong>. \u03a0\u03ac\u03c1\u03b5 \u03c4\u03b7 \u03bc\u03bf\u03af\u03c1\u03b1 \u03c3\u03bf\u03c5 \u03c3\u03c4\u03b1 \u03c7\u03ad\u03c1\u03b9\u03b1 \u03c3\u03bf\u03c5 \u03ba\u03b1\u03b9 \u03b6\u03ae\u03c3\u03b5 \u03c0\u03bf\u03bb\u03bb\u03ad\u03c2 \u03c0\u03b5\u03c1\u03b9\u03c0\u03ad\u03c4\u03b5\u03b9\u03b5\u03c2 \u03bc\u03b5 \u03c4\u03bf \u03c0\u03bb\u03ae\u03c1\u03c9\u03bc\u03b1 \u03c4\u03bf\u03c5 Straw Hat.<\/p>\n<h2>\u03a0\u03bb\u03b7\u03c1\u03bf\u03c6\u03bf\u03c1\u03af\u03b5\u03c2 \u03b3\u03b9\u03b1 \u03c4\u03bf \u03b5\u03b9\u03b4\u03ce\u03bb\u03b9\u03bf Sanji \u03b1\u03c0\u03cc \u03c4\u03b7\u03bd \u03c4\u03b1\u03b9\u03bd\u03af\u03b1 Z\u00a0<\/h2>\n<ul>\n<li><span><b><u>\u039f\u03bb\u03cc\u03c3\u03c9\u03bc\u03bf \u03b5\u03b9\u03b4\u03ce\u03bb\u03b9\u03bf<\/u><\/b>\u00a0\u03a6\u03b9\u03b3\u03bf\u03cd\u03c1\u03b1 One Piece Premium \u03b3\u03b9\u03b1 \u03b1\u03bb\u03b7\u03b8\u03b9\u03bd\u03bf\u03cd\u03c2 \u03c0\u03b5\u03b9\u03c1\u03b1\u03c4\u03ad\u03c2<\/span><\/li>\n<\/ul>\n<ul>\n<li>\n<b>\u03a5\u03bb\u03b7<\/b><span>\u00a0<\/span>PVC<\/li>\n<\/ul>\n<ul>\n<li><span><strong>\u0394\u03b9\u03ac\u03c3\u03c4\u03b1\u03c3\u03b7<\/strong>\u00a0: 18 \u03b5\u03ba.<\/span><\/li>\n<\/ul>\n<ul>\n<li><span><strong>\u0394\u03a9\u03a1\u0395\u0391\u039d \u03a0\u0391\u03a1\u0391\u0394\u039f\u03a3\u0397<\/strong><\/span><\/li>\n<\/ul>","protected":false},"excerpt":{"rendered":"<p>Jeune pirate, le moment est venu pour toi de te procurer cette Figurine One Piece Sanji Film Z. Pour rappel, One Piece : Z, appel\u00e9 au Japon One Piece Film : Z, est un film r\u00e9alis\u00e9 en 2012 par Tatsuya Nagamine et supervis\u00e9 par Eiichiro Oda. Il est le douzi\u00e8me film bas\u00e9 sur la s\u00e9rie [&hellip;]<\/p>","protected":false},"featured_media":9207,"comment_status":"open","ping_status":"open","template":"","meta":[],"product_brand":[],"product_cat":[76,275,164],"product_tag":[112],"class_list":{"0":"post-9205","1":"product","2":"type-product","3":"status-publish","4":"has-post-thumbnail","6":"product_cat-figurines-one-piece","7":"product_cat-figurines-vinsmoke-sanji","8":"product_cat-goodies-vinsmoke-sanji-one-piece","9":"product_tag-sanji","11":"first","12":"instock","13":"purchasable","14":"product-type-simple"},"yoast_head":"<!-- This site is optimized with the Yoast SEO plugin v27.5 - https:\/\/yoast.com\/product\/yoast-seo-wordpress\/ -->\n<title>Figurine One Piece Sanji Film Z | Figurine One Piece \u2013 Boutique One Piece<\/title>\n<meta name=\"description\" content=\"Jeune pirate, le moment est venu pour toi de te procurer cette Figurine One Piece Sanji Film Z. Pour rappel, One Piece : Z, appel\u00e9 au Japon One Piece Film : Z, est un film r\u00e9alis\u00e9 en 2012 par Tatsuya Nagamine et supervis\u00e9 par Eiichiro Oda. Il est le douzi\u00e8me film bas\u00e9 sur la s\u00e9rie One Piece de Eiichiro Oda. En voici le\" \/>\n<meta name=\"robots\" content=\"index, follow, max-snippet:-1, max-image-preview:large, max-video-preview:-1\" \/>\n<link rel=\"canonical\" href=\"https:\/\/boutique-one-piece.com\/el\/\u03c6\u03b9\u03b3\u03bf\u03cd\u03c1\u03b5\u03c2-one-piece\/\u03c6\u03b9\u03b3\u03bf\u03cd\u03c1\u03b5\u03c2-vinsmoke-sanji\/\u03bf\u03bb\u03cc\u03c3\u03c9\u03bc\u03b7-\u03c6\u03b9\u03b3\u03bf\u03cd\u03c1\u03b1-sanji-\u03b1\u03c0\u03cc-\u03c4\u03b7\u03bd-\u03c4\u03b1\u03b9\u03bd\u03af\u03b1-z\/\" \/>\n<meta property=\"og:locale\" content=\"el_GR\" \/>\n<meta property=\"og:type\" content=\"article\" \/>\n<meta property=\"og:title\" content=\"Figurine One Piece Sanji Film Z | Figurine One Piece \u2013 Boutique One Piece\" \/>\n<meta property=\"og:description\" content=\"Jeune pirate, le moment est venu pour toi de te procurer cette Figurine One Piece Sanji Film Z. Pour rappel, One Piece : Z, appel\u00e9 au Japon One Piece Film : Z, est un film r\u00e9alis\u00e9 en 2012 par Tatsuya Nagamine et supervis\u00e9 par Eiichiro Oda. Il est le douzi\u00e8me film bas\u00e9 sur la s\u00e9rie One Piece de Eiichiro Oda. En voici le\" \/>\n<meta property=\"og:url\" content=\"https:\/\/boutique-one-piece.com\/el\/\u03c6\u03b9\u03b3\u03bf\u03cd\u03c1\u03b5\u03c2-one-piece\/\u03c6\u03b9\u03b3\u03bf\u03cd\u03c1\u03b5\u03c2-vinsmoke-sanji\/\u03bf\u03bb\u03cc\u03c3\u03c9\u03bc\u03b7-\u03c6\u03b9\u03b3\u03bf\u03cd\u03c1\u03b1-sanji-\u03b1\u03c0\u03cc-\u03c4\u03b7\u03bd-\u03c4\u03b1\u03b9\u03bd\u03af\u03b1-z\/\" \/>\n<meta property=\"og:site_name\" content=\"Boutique One Piece\" \/>\n<meta property=\"article:modified_time\" content=\"2024-09-16T11:37:25+00:00\" \/>\n<meta property=\"og:image\" content=\"https:\/\/boutique-one-piece.com\/wp-content\/uploads\/2022\/09\/Figurine-One-Piece-Sanji-Film-Z-1.jpg\" \/>\n\t<meta property=\"og:image:width\" content=\"600\" \/>\n\t<meta property=\"og:image:height\" content=\"600\" \/>\n\t<meta property=\"og:image:type\" content=\"image\/jpeg\" \/>\n<meta name=\"twitter:card\" content=\"summary_large_image\" \/>\n<meta name=\"twitter:label1\" content=\"\u0395\u03ba\u03c4\u03b9\u03bc\u03ce\u03bc\u03b5\u03bd\u03bf\u03c2 \u03c7\u03c1\u03cc\u03bd\u03bf\u03c2 \u03b1\u03bd\u03ac\u03b3\u03bd\u03c9\u03c3\u03b7\u03c2\" \/>\n\t<meta name=\"twitter:data1\" content=\"1 \u03bb\u03b5\u03c0\u03c4\u03cc\" \/>\n<script type=\"application\/ld+json\" class=\"yoast-schema-graph\">{\"@context\":\"https:\\\/\\\/schema.org\",\"@graph\":[{\"@type\":\"WebPage\",\"@id\":\"https:\\\/\\\/boutique-one-piece.com\\\/figurines-one-piece\\\/figurines-vinsmoke-sanji\\\/figurine-one-piece-sanji-film-z\\\/\",\"url\":\"https:\\\/\\\/boutique-one-piece.com\\\/figurines-one-piece\\\/figurines-vinsmoke-sanji\\\/figurine-one-piece-sanji-film-z\\\/\",\"name\":\"Figurine One Piece Sanji Film Z | Figurine One Piece \u2013 Boutique One Piece\",\"isPartOf\":{\"@id\":\"https:\\\/\\\/boutique-one-piece.com\\\/#website\"},\"primaryImageOfPage\":{\"@id\":\"https:\\\/\\\/boutique-one-piece.com\\\/figurines-one-piece\\\/figurines-vinsmoke-sanji\\\/figurine-one-piece-sanji-film-z\\\/#primaryimage\"},\"image\":{\"@id\":\"https:\\\/\\\/boutique-one-piece.com\\\/figurines-one-piece\\\/figurines-vinsmoke-sanji\\\/figurine-one-piece-sanji-film-z\\\/#primaryimage\"},\"thumbnailUrl\":\"https:\\\/\\\/boutique-one-piece.com\\\/wp-content\\\/uploads\\\/2022\\\/09\\\/Figurine-One-Piece-Sanji-Film-Z-1.jpg\",\"datePublished\":\"2022-09-27T20:18:06+00:00\",\"dateModified\":\"2024-09-16T11:37:25+00:00\",\"description\":\"Jeune pirate, le moment est venu pour toi de te procurer cette Figurine One Piece Sanji Film Z. Pour rappel, One Piece : Z, appel\u00e9 au Japon One Piece Film : Z, est un film r\u00e9alis\u00e9 en 2012 par Tatsuya Nagamine et supervis\u00e9 par Eiichiro Oda. Il est le douzi\u00e8me film bas\u00e9 sur la s\u00e9rie One Piece de Eiichiro Oda. En voici le\",\"breadcrumb\":{\"@id\":\"https:\\\/\\\/boutique-one-piece.com\\\/figurines-one-piece\\\/figurines-vinsmoke-sanji\\\/figurine-one-piece-sanji-film-z\\\/#breadcrumb\"},\"inLanguage\":\"el\",\"potentialAction\":[{\"@type\":\"ReadAction\",\"target\":[\"https:\\\/\\\/boutique-one-piece.com\\\/figurines-one-piece\\\/figurines-vinsmoke-sanji\\\/figurine-one-piece-sanji-film-z\\\/\"]}]},{\"@type\":\"ImageObject\",\"inLanguage\":\"el\",\"@id\":\"https:\\\/\\\/boutique-one-piece.com\\\/figurines-one-piece\\\/figurines-vinsmoke-sanji\\\/figurine-one-piece-sanji-film-z\\\/#primaryimage\",\"url\":\"https:\\\/\\\/boutique-one-piece.com\\\/wp-content\\\/uploads\\\/2022\\\/09\\\/Figurine-One-Piece-Sanji-Film-Z-1.jpg\",\"contentUrl\":\"https:\\\/\\\/boutique-one-piece.com\\\/wp-content\\\/uploads\\\/2022\\\/09\\\/Figurine-One-Piece-Sanji-Film-Z-1.jpg\",\"width\":600,\"height\":600},{\"@type\":\"BreadcrumbList\",\"@id\":\"https:\\\/\\\/boutique-one-piece.com\\\/figurines-one-piece\\\/figurines-vinsmoke-sanji\\\/figurine-one-piece-sanji-film-z\\\/#breadcrumb\",\"itemListElement\":[{\"@type\":\"ListItem\",\"position\":1,\"name\":\"Home\",\"item\":\"https:\\\/\\\/boutique-one-piece.com\\\/\"},{\"@type\":\"ListItem\",\"position\":2,\"name\":\"Shop\",\"item\":\"https:\\\/\\\/boutique-one-piece.com\\\/shop\\\/\"},{\"@type\":\"ListItem\",\"position\":3,\"name\":\"Figurine One Piece Sanji Film Z\"}]},{\"@type\":\"WebSite\",\"@id\":\"https:\\\/\\\/boutique-one-piece.com\\\/#website\",\"url\":\"https:\\\/\\\/boutique-one-piece.com\\\/\",\"name\":\"Boutique One Piece\",\"description\":\"Magasin Sp\u00e9cialis\u00e9 du Manga et l&#039;Anime One Piece\",\"publisher\":{\"@id\":\"https:\\\/\\\/boutique-one-piece.com\\\/#organization\"},\"potentialAction\":[{\"@type\":\"SearchAction\",\"target\":{\"@type\":\"EntryPoint\",\"urlTemplate\":\"https:\\\/\\\/boutique-one-piece.com\\\/?s={search_term_string}\"},\"query-input\":{\"@type\":\"PropertyValueSpecification\",\"valueRequired\":true,\"valueName\":\"search_term_string\"}}],\"inLanguage\":\"el\"},{\"@type\":\"Organization\",\"@id\":\"https:\\\/\\\/boutique-one-piece.com\\\/#organization\",\"name\":\"Boutique One Piece\",\"url\":\"https:\\\/\\\/boutique-one-piece.com\\\/\",\"logo\":{\"@type\":\"ImageObject\",\"inLanguage\":\"el\",\"@id\":\"https:\\\/\\\/boutique-one-piece.com\\\/#\\\/schema\\\/logo\\\/image\\\/\",\"url\":\"https:\\\/\\\/boutique-one-piece.com\\\/wp-content\\\/uploads\\\/2022\\\/09\\\/Logo-01.png\",\"contentUrl\":\"https:\\\/\\\/boutique-one-piece.com\\\/wp-content\\\/uploads\\\/2022\\\/09\\\/Logo-01.png\",\"width\":2318,\"height\":957,\"caption\":\"Boutique One Piece\"},\"image\":{\"@id\":\"https:\\\/\\\/boutique-one-piece.com\\\/#\\\/schema\\\/logo\\\/image\\\/\"}}]}<\/script>\n<!-- \/ Yoast SEO plugin. -->","yoast_head_json":{"title":"One Piece Sanji Movie Z \u03a6\u03b9\u03b3\u03bf\u03cd\u03c1\u03b1 | One Piece Figure \u2013 One Piece Shop","description":"\u039d\u03b5\u03b1\u03c1\u03ad \u03c0\u03b5\u03b9\u03c1\u03b1\u03c4\u03ae, \u03ae\u03c1\u03b8\u03b5 \u03b7 \u03ce\u03c1\u03b1 \u03bd\u03b1 \u03b1\u03c0\u03bf\u03ba\u03c4\u03ae\u03c3\u03b5\u03b9\u03c2 \u03b1\u03c5\u03c4\u03ae \u03c4\u03b7 \u03c6\u03b9\u03b3\u03bf\u03cd\u03c1\u03b1 One Piece Sanji Movie Z. \u03a5\u03c0\u03b5\u03bd\u03b8\u03c5\u03bc\u03af\u03b6\u03bf\u03c5\u03bc\u03b5 \u03cc\u03c4\u03b9 \u03c4\u03bf One Piece: Z, \u03c0\u03bf\u03c5 \u03bf\u03bd\u03bf\u03bc\u03ac\u03b6\u03b5\u03c4\u03b1\u03b9 One Piece Film: Z \u03c3\u03c4\u03b7\u03bd \u0399\u03b1\u03c0\u03c9\u03bd\u03af\u03b1, \u03b5\u03af\u03bd\u03b1\u03b9 \u03bc\u03b9\u03b1 \u03c4\u03b1\u03b9\u03bd\u03af\u03b1 \u03c4\u03bf\u03c5 2012 \u03c3\u03b5 \u03c3\u03ba\u03b7\u03bd\u03bf\u03b8\u03b5\u03c3\u03af\u03b1 Tatsuya Nagamine \u03ba\u03b1\u03b9 \u03b5\u03c0\u03b9\u03bc\u03ad\u03bb\u03b5\u03b9\u03b1 Eiichiro Oda. \u0395\u03af\u03bd\u03b1\u03b9 \u03b7 \u03b4\u03c9\u03b4\u03ad\u03ba\u03b1\u03c4\u03b7 \u03c4\u03b1\u03b9\u03bd\u03af\u03b1 \u03b2\u03b1\u03c3\u03b9\u03c3\u03bc\u03ad\u03bd\u03b7 \u03c3\u03c4\u03b7 \u03c3\u03b5\u03b9\u03c1\u03ac One Piece \u03c4\u03bf\u03c5 Eiichiro Oda. \u039f\u03c1\u03af\u03c3\u03c4\u03b5 \u03b7","robots":{"index":"index","follow":"follow","max-snippet":"max-snippet:-1","max-image-preview":"max-image-preview:large","max-video-preview":"max-video-preview:-1"},"canonical":"https:\/\/boutique-one-piece.com\/el\/\u03c6\u03b9\u03b3\u03bf\u03cd\u03c1\u03b5\u03c2-one-piece\/\u03c6\u03b9\u03b3\u03bf\u03cd\u03c1\u03b5\u03c2-vinsmoke-sanji\/\u03bf\u03bb\u03cc\u03c3\u03c9\u03bc\u03b7-\u03c6\u03b9\u03b3\u03bf\u03cd\u03c1\u03b1-sanji-\u03b1\u03c0\u03cc-\u03c4\u03b7\u03bd-\u03c4\u03b1\u03b9\u03bd\u03af\u03b1-z\/","og_locale":"el_GR","og_type":"article","og_title":"Figurine One Piece Sanji Film Z | Figurine One Piece \u2013 Boutique One Piece","og_description":"Jeune pirate, le moment est venu pour toi de te procurer cette Figurine One Piece Sanji Film Z. Pour rappel, One Piece : Z, appel\u00e9 au Japon One Piece Film : Z, est un film r\u00e9alis\u00e9 en 2012 par Tatsuya Nagamine et supervis\u00e9 par Eiichiro Oda. Il est le douzi\u00e8me film bas\u00e9 sur la s\u00e9rie One Piece de Eiichiro Oda. En voici le","og_url":"https:\/\/boutique-one-piece.com\/el\/\u03c6\u03b9\u03b3\u03bf\u03cd\u03c1\u03b5\u03c2-one-piece\/\u03c6\u03b9\u03b3\u03bf\u03cd\u03c1\u03b5\u03c2-vinsmoke-sanji\/\u03bf\u03bb\u03cc\u03c3\u03c9\u03bc\u03b7-\u03c6\u03b9\u03b3\u03bf\u03cd\u03c1\u03b1-sanji-\u03b1\u03c0\u03cc-\u03c4\u03b7\u03bd-\u03c4\u03b1\u03b9\u03bd\u03af\u03b1-z\/","og_site_name":"Boutique One Piece","article_modified_time":"2024-09-16T11:37:25+00:00","og_image":[{"width":600,"height":600,"url":"https:\/\/boutique-one-piece.com\/wp-content\/uploads\/2022\/09\/Figurine-One-Piece-Sanji-Film-Z-1.jpg","type":"image\/jpeg"}],"twitter_card":"summary_large_image","twitter_misc":{"\u0395\u03ba\u03c4\u03b9\u03bc\u03ce\u03bc\u03b5\u03bd\u03bf\u03c2 \u03c7\u03c1\u03cc\u03bd\u03bf\u03c2 \u03b1\u03bd\u03ac\u03b3\u03bd\u03c9\u03c3\u03b7\u03c2":"1 \u03bb\u03b5\u03c0\u03c4\u03cc"},"schema":{"@context":"https:\/\/schema.org","@graph":[{"@type":"WebPage","@id":"https:\/\/boutique-one-piece.com\/figurines-one-piece\/figurines-vinsmoke-sanji\/figurine-one-piece-sanji-film-z\/","url":"https:\/\/boutique-one-piece.com\/figurines-one-piece\/figurines-vinsmoke-sanji\/figurine-one-piece-sanji-film-z\/","name":"One Piece Sanji Movie Z \u03a6\u03b9\u03b3\u03bf\u03cd\u03c1\u03b1 | One Piece Figure \u2013 One Piece Shop","isPartOf":{"@id":"https:\/\/boutique-one-piece.com\/#website"},"primaryImageOfPage":{"@id":"https:\/\/boutique-one-piece.com\/figurines-one-piece\/figurines-vinsmoke-sanji\/figurine-one-piece-sanji-film-z\/#primaryimage"},"image":{"@id":"https:\/\/boutique-one-piece.com\/figurines-one-piece\/figurines-vinsmoke-sanji\/figurine-one-piece-sanji-film-z\/#primaryimage"},"thumbnailUrl":"https:\/\/boutique-one-piece.com\/wp-content\/uploads\/2022\/09\/Figurine-One-Piece-Sanji-Film-Z-1.jpg","datePublished":"2022-09-27T20:18:06+00:00","dateModified":"2024-09-16T11:37:25+00:00","description":"\u039d\u03b5\u03b1\u03c1\u03ad \u03c0\u03b5\u03b9\u03c1\u03b1\u03c4\u03ae, \u03ae\u03c1\u03b8\u03b5 \u03b7 \u03ce\u03c1\u03b1 \u03bd\u03b1 \u03b1\u03c0\u03bf\u03ba\u03c4\u03ae\u03c3\u03b5\u03b9\u03c2 \u03b1\u03c5\u03c4\u03ae \u03c4\u03b7 \u03c6\u03b9\u03b3\u03bf\u03cd\u03c1\u03b1 One Piece Sanji Movie Z. \u03a5\u03c0\u03b5\u03bd\u03b8\u03c5\u03bc\u03af\u03b6\u03bf\u03c5\u03bc\u03b5 \u03cc\u03c4\u03b9 \u03c4\u03bf One Piece: Z, \u03c0\u03bf\u03c5 \u03bf\u03bd\u03bf\u03bc\u03ac\u03b6\u03b5\u03c4\u03b1\u03b9 One Piece Film: Z \u03c3\u03c4\u03b7\u03bd \u0399\u03b1\u03c0\u03c9\u03bd\u03af\u03b1, \u03b5\u03af\u03bd\u03b1\u03b9 \u03bc\u03b9\u03b1 \u03c4\u03b1\u03b9\u03bd\u03af\u03b1 \u03c4\u03bf\u03c5 2012 \u03c3\u03b5 \u03c3\u03ba\u03b7\u03bd\u03bf\u03b8\u03b5\u03c3\u03af\u03b1 Tatsuya Nagamine \u03ba\u03b1\u03b9 \u03b5\u03c0\u03b9\u03bc\u03ad\u03bb\u03b5\u03b9\u03b1 Eiichiro Oda. \u0395\u03af\u03bd\u03b1\u03b9 \u03b7 \u03b4\u03c9\u03b4\u03ad\u03ba\u03b1\u03c4\u03b7 \u03c4\u03b1\u03b9\u03bd\u03af\u03b1 \u03b2\u03b1\u03c3\u03b9\u03c3\u03bc\u03ad\u03bd\u03b7 \u03c3\u03c4\u03b7 \u03c3\u03b5\u03b9\u03c1\u03ac One Piece \u03c4\u03bf\u03c5 Eiichiro Oda. \u039f\u03c1\u03af\u03c3\u03c4\u03b5 \u03b7","breadcrumb":{"@id":"https:\/\/boutique-one-piece.com\/figurines-one-piece\/figurines-vinsmoke-sanji\/figurine-one-piece-sanji-film-z\/#breadcrumb"},"inLanguage":"el","potentialAction":[{"@type":"ReadAction","target":["https:\/\/boutique-one-piece.com\/figurines-one-piece\/figurines-vinsmoke-sanji\/figurine-one-piece-sanji-film-z\/"]}]},{"@type":"ImageObject","inLanguage":"el","@id":"https:\/\/boutique-one-piece.com\/figurines-one-piece\/figurines-vinsmoke-sanji\/figurine-one-piece-sanji-film-z\/#primaryimage","url":"https:\/\/boutique-one-piece.com\/wp-content\/uploads\/2022\/09\/Figurine-One-Piece-Sanji-Film-Z-1.jpg","contentUrl":"https:\/\/boutique-one-piece.com\/wp-content\/uploads\/2022\/09\/Figurine-One-Piece-Sanji-Film-Z-1.jpg","width":600,"height":600},{"@type":"BreadcrumbList","@id":"https:\/\/boutique-one-piece.com\/figurines-one-piece\/figurines-vinsmoke-sanji\/figurine-one-piece-sanji-film-z\/#breadcrumb","itemListElement":[{"@type":"ListItem","position":1,"name":"Home","item":"https:\/\/boutique-one-piece.com\/"},{"@type":"ListItem","position":2,"name":"Shop","item":"https:\/\/boutique-one-piece.com\/shop\/"},{"@type":"ListItem","position":3,"name":"Figurine One Piece Sanji Film Z"}]},{"@type":"WebSite","@id":"https:\/\/boutique-one-piece.com\/#website","url":"https:\/\/boutique-one-piece.com\/","name":"\u039a\u03b1\u03c4\u03ac\u03c3\u03c4\u03b7\u03bc\u03b1 One Piece","description":"\u0395\u03be\u03b5\u03b9\u03b4\u03b9\u03ba\u03b5\u03c5\u03bc\u03ad\u03bd\u03bf \u03ba\u03b1\u03c4\u03ac\u03c3\u03c4\u03b7\u03bc\u03b1 \u03b3\u03b9\u03b1 One Piece Manga \u03ba\u03b1\u03b9 Anime","publisher":{"@id":"https:\/\/boutique-one-piece.com\/#organization"},"potentialAction":[{"@type":"SearchAction","target":{"@type":"EntryPoint","urlTemplate":"https:\/\/boutique-one-piece.com\/?s={search_term_string}"},"query-input":{"@type":"PropertyValueSpecification","valueRequired":true,"valueName":"search_term_string"}}],"inLanguage":"el"},{"@type":"Organization","@id":"https:\/\/boutique-one-piece.com\/#organization","name":"\u039a\u03b1\u03c4\u03ac\u03c3\u03c4\u03b7\u03bc\u03b1 One Piece","url":"https:\/\/boutique-one-piece.com\/","logo":{"@type":"ImageObject","inLanguage":"el","@id":"https:\/\/boutique-one-piece.com\/#\/schema\/logo\/image\/","url":"https:\/\/boutique-one-piece.com\/wp-content\/uploads\/2022\/09\/Logo-01.png","contentUrl":"https:\/\/boutique-one-piece.com\/wp-content\/uploads\/2022\/09\/Logo-01.png","width":2318,"height":957,"caption":"Boutique One Piece"},"image":{"@id":"https:\/\/boutique-one-piece.com\/#\/schema\/logo\/image\/"}}]}},"_links":{"self":[{"href":"https:\/\/boutique-one-piece.com\/el\/wp-json\/wp\/v2\/product\/9205","targetHints":{"allow":["GET"]}}],"collection":[{"href":"https:\/\/boutique-one-piece.com\/el\/wp-json\/wp\/v2\/product"}],"about":[{"href":"https:\/\/boutique-one-piece.com\/el\/wp-json\/wp\/v2\/types\/product"}],"replies":[{"embeddable":true,"href":"https:\/\/boutique-one-piece.com\/el\/wp-json\/wp\/v2\/comments?post=9205"}],"wp:featuredmedia":[{"embeddable":true,"href":"https:\/\/boutique-one-piece.com\/el\/wp-json\/wp\/v2\/media\/9207"}],"wp:attachment":[{"href":"https:\/\/boutique-one-piece.com\/el\/wp-json\/wp\/v2\/media?parent=9205"}],"wp:term":[{"taxonomy":"product_brand","embeddable":true,"href":"https:\/\/boutique-one-piece.com\/el\/wp-json\/wp\/v2\/product_brand?post=9205"},{"taxonomy":"product_cat","embeddable":true,"href":"https:\/\/boutique-one-piece.com\/el\/wp-json\/wp\/v2\/product_cat?post=9205"},{"taxonomy":"product_tag","embeddable":true,"href":"https:\/\/boutique-one-piece.com\/el\/wp-json\/wp\/v2\/product_tag?post=9205"}],"curies":[{"name":"\u03b5\u03c1\u03b3\u03b1\u03c3\u03af\u03b1","href":"https:\/\/api.w.org\/{rel}","templated":true}]}}