{"id":9306,"date":"2022-09-27T20:18:53","date_gmt":"2022-09-27T20:18:53","guid":{"rendered":"https:\/\/boutique-one-piece.com\/uncategorized\/avis-de-recherche-one-piece-charlotte-linlin-wanted\/"},"modified":"2024-09-16T11:40:05","modified_gmt":"2024-09-16T11:40:05","slug":"%ce%b1%cf%86%ce%af%cf%83%ce%b1-%cf%84%ce%bf%cf%85-one-piece-wanted-%cf%83%ce%b1%cf%81%ce%bb%cf%8c%cf%84-%ce%bb%ce%af%ce%bd%ce%bb%ce%b9%ce%bd","status":"publish","type":"product","link":"https:\/\/boutique-one-piece.com\/el\/%ce%b1%cf%86%ce%af%cf%83%ce%b1-%cf%80%ce%bf%cf%85-%ce%b6%ce%b7%cf%84%ce%ae%ce%b8%ce%b7%ce%ba%ce%b5-%ce%b1%cf%80%cf%8c-%cf%84%ce%bf-one-piece\/%ce%b1%cf%86%ce%af%cf%83%ce%b1-%cf%84%ce%bf%cf%85-one-piece-wanted-%cf%83%ce%b1%cf%81%ce%bb%cf%8c%cf%84-%ce%bb%ce%af%ce%bd%ce%bb%ce%b9%ce%bd\/","title":{"rendered":"\u0396\u03b7\u03c4\u03b5\u03af\u03c4\u03b1\u03b9 \u03b7 \u03a3\u03b1\u03c1\u03bb\u03cc\u03c4 \u039b\u03af\u03bd\u03bb\u03b9\u03bd"},"content":{"rendered":"<h2>\u03a3\u03b1\u03c2 \u03ac\u03c1\u03b5\u03c3\u03b5 \u03b7 \u03b9\u03c3\u03c4\u03bf\u03c1\u03af\u03b1 \u03c4\u03bf\u03c5 One Piece \u03b1\u03c0\u03cc \u03c4\u03b7\u03bd \u03c4\u03b1\u03b9\u03bd\u03af\u03b1 Totto Land; \u0391\u03bd \u03bd\u03b1\u03b9, \u03b1\u03c5\u03c4\u03ae \u03b7 \u03b1\u03c6\u03af\u03c3\u03b1 &quot;Charlotte Linlin Wanted&quot; \u03b8\u03b1 \u03c3\u03b1\u03c2 \u03c4\u03b1\u03b9\u03c1\u03b9\u03ac\u03be\u03b5\u03b9 \u03b1\u03c0\u03cc\u03bb\u03c5\u03c4\u03b1.<\/h2>\n<p>\u0397 \u03a3\u03ac\u03c1\u03bb\u03bf\u03c4 \u039b\u03af\u03bd\u03bb\u03b9\u03bd, \u03b3\u03bd\u03c9\u03c3\u03c4\u03ae \u03ba\u03b1\u03b9 \u03c9\u03c2 \u039c\u03b5\u03b3\u03ac\u03bb\u03b7 \u039c\u03b1\u03bc\u03ac, \u03b5\u03af\u03bd\u03b1\u03b9... <strong>\u0391\u03c5\u03c4\u03bf\u03ba\u03c1\u03ac\u03c4\u03bf\u03c1\u03b1\u03c2<\/strong> \u03bf \u03bf\u03c0\u03bf\u03af\u03bf\u03c2 \u03af\u03b4\u03c1\u03c5\u03c3\u03b5 \u03c4\u03b7 \u03b4\u03b9\u03ba\u03ae \u03c4\u03bf\u03c5 \u03c7\u03ce\u03c1\u03b1, \u03c4\u03b7 \u0393\u03b7 \u03c4\u03bf\u03c5 \u03a4\u03cc\u03c4\u03c4\u03bf, \u03c3\u03b5 \u03bc\u03b5\u03b3\u03ac\u03bb\u03bf \u03b2\u03b1\u03b8\u03bc\u03cc \u03bc\u03b5 \u03c4\u03b7 \u03b2\u03bf\u03ae\u03b8\u03b5\u03b9\u03b1 \u03c4\u03bf\u03c5 \u03a6\u03c1\u03bf\u03cd\u03c4\u03bf\u03c5 \u03c4\u03bf\u03c5 \u0394\u03b9\u03b1\u03b2\u03cc\u03bb\u03bf\u03c5. \u0395\u03bd\u03ce \u03c3\u03c5\u03c7\u03bd\u03ac \u03b1\u03bd\u03b1\u03c6\u03ad\u03c1\u03b5\u03c4\u03b1\u03b9 \u03cc\u03c4\u03b9 \u03c4\u03b1 \u03a6\u03c1\u03bf\u03cd\u03c4\u03b1 \u03c4\u03bf\u03c5 \u0394\u03b9\u03b1\u03b2\u03cc\u03bb\u03bf\u03c5 \u03b4\u03af\u03bd\u03bf\u03c5\u03bd \u03c3\u03c4\u03bf\u03c5\u03c2 \u03c7\u03c1\u03ae\u03c3\u03c4\u03b5\u03c2 \u03c4\u03bf\u03c5\u03c2 \u03bc\u03b5\u03b3\u03ac\u03bb\u03b7 \u03c3\u03c9\u03bc\u03b1\u03c4\u03b9\u03ba\u03ae \u03b4\u03cd\u03bd\u03b1\u03bc\u03b7, \u03b7 \u03b4\u03cd\u03bd\u03b1\u03bc\u03b7 \u03c4\u03bf\u03c5 \u03c6\u03c1\u03bf\u03cd\u03c4\u03bf\u03c5 \u03c4\u03bf\u03c5, \u03c0\u03bf\u03c5 \u03b5\u03af\u03bd\u03b1\u03b9 \u03c4\u03bf <strong>\u03a3\u03cc\u03c1\u03bf\u03c5 \u03a3\u03cc\u03c1\u03bf\u03c5 \u03bd\u03bf \u03bc\u03af<\/strong>, \u03c0\u03bf\u03c5 \u03c4\u03bf\u03c5 \u03b5\u03c0\u03b9\u03c4\u03c1\u03ad\u03c0\u03b5\u03b9 \u03bd\u03b1 \u03ba\u03bb\u03ad\u03c8\u03b5\u03b9 \u03c4\u03b7\u03bd \u03c8\u03c5\u03c7\u03ae \u03b1\u03c5\u03c4\u03bf\u03cd \u03c0\u03bf\u03c5 \u03c4\u03bf \u03c6\u03bf\u03b2\u03ac\u03c4\u03b1\u03b9 \u03ae \u03ad\u03bd\u03b1 \u03bc\u03ad\u03c1\u03bf\u03c2 \u03c4\u03bf\u03c5 \u03c0\u03c1\u03bf\u03c3\u03b4\u03cc\u03ba\u03b9\u03bc\u03bf\u03c5 \u03b6\u03c9\u03ae\u03c2 \u03c4\u03bf\u03c5.<\/p>\n<p>\u03a7\u03c1\u03b7\u03c3\u03b9\u03bc\u03bf\u03c0\u03bf\u03b9\u03ce\u03bd\u03c4\u03b1\u03c2 \u03c4\u03b7 \u03b4\u03b9\u03ba\u03ae \u03c4\u03b7\u03c2 \u03b6\u03c9\u03c4\u03b9\u03ba\u03ae \u03b4\u03cd\u03bd\u03b1\u03bc\u03b7, \u03bc\u03c0\u03bf\u03c1\u03b5\u03af \u03bd\u03b1 \u03b4\u03b7\u03bc\u03b9\u03bf\u03c5\u03c1\u03b3\u03ae\u03c3\u03b5\u03b9 \u03b6\u03c9\u03bd\u03c4\u03b1\u03bd\u03ac \u03cc\u03bd\u03c4\u03b1 \u03ba\u03b1\u03b9 \u03bd\u03b1 \u03c4\u03bf\u03c5\u03c2 \u03b5\u03bc\u03c6\u03c5\u03c3\u03ae\u03c3\u03b5\u03b9 \u03b6\u03c9\u03ae. \u0388\u03c4\u03c3\u03b9 \u03ad\u03c7\u03c4\u03b9\u03c3\u03b5 \u03c4\u03b7 \u03b4\u03b9\u03ba\u03ae \u03c4\u03b7\u03c2 \u03c7\u03ce\u03c1\u03b1 \u03ba\u03b1\u03b9 \u03b1\u03c0\u03bf\u03c6\u03ac\u03c3\u03b9\u03c3\u03b5 \u03cc\u03c4\u03b9 \u03c5\u03c6\u03b9\u03c3\u03c4\u03ac\u03bc\u03b5\u03bd\u03bf\u03af \u03c4\u03b7\u03c2 \u03b8\u03b1 \u03ae\u03c4\u03b1\u03bd \u03bf\u03b9 \u03b3\u03b9\u03bf\u03b9 \u03ba\u03b1\u03b9 \u03bf\u03b9 \u03ba\u03cc\u03c1\u03b5\u03c2 \u03c4\u03b7\u03c2, \u03bf\u03b9 \u03bf\u03c0\u03bf\u03af\u03bf\u03b9 \u03cc\u03bb\u03bf\u03b9 \u03c6\u03ad\u03c1\u03bf\u03c5\u03bd \u03c4\u03bf \u03cc\u03bd\u03bf\u03bc\u03b1 \u03a3\u03ac\u03c1\u03bb\u03bf\u03c4.<\/p>\n<h3>\u03a3\u03c5\u03bb\u03bb\u03ad\u03be\u03c4\u03b5 \u03c4\u03b9\u03c2 \u03b1\u03c6\u03af\u03c3\u03b5\u03c2 \u03bc\u03b5 \u03c4\u03b1 \u03bc\u03b5\u03b3\u03b1\u03bb\u03cd\u03c4\u03b5\u03c1\u03b1 \u03c0\u03bf\u03c3\u03ac \u03c7\u03ac\u03c1\u03b7 \u03c3\u03b5 \u03b1\u03c5\u03c4\u03ae\u03bd \u03c4\u03b7\u03bd \u03b1\u03c6\u03af\u03c3\u03b1 &quot;\u0396\u03b7\u03c4\u03b5\u03af\u03c4\u03b1\u03b9 \u03b7 \u03a3\u03b1\u03c1\u03bb\u03cc\u03c4 \u039b\u03af\u03bd\u03bb\u03b9\u03bd&quot;.<\/h3>\n<p>\u039f \u03c3\u03c4\u03cc\u03c7\u03bf\u03c2 \u03c4\u03b7\u03c2 \u03a3\u03ac\u03c1\u03bb\u03bf\u03c4 \u039b\u03af\u03bd\u03bb\u03b9\u03bd \u03b5\u03af\u03bd\u03b1\u03b9 \u03bd\u03b1 \u03b3\u03af\u03bd\u03b5\u03b9 \u03b7 \u0392\u03b1\u03c3\u03b9\u03bb\u03b9\u03ac\u03c2 \u03c4\u03c9\u03bd \u03a0\u03b5\u03b9\u03c1\u03b1\u03c4\u03ce\u03bd, \u03c0\u03c1\u03ac\u03b3\u03bc\u03b1 \u03c0\u03bf\u03c5 \u03c3\u03b7\u03bc\u03b1\u03af\u03bd\u03b5\u03b9 \u03cc\u03c4\u03b9 \u03b5\u03af\u03bd\u03b1\u03b9 \u03ac\u03bc\u03b5\u03c3\u03bf\u03c2 \u03b5\u03c7\u03b8\u03c1\u03cc\u03c2 \u03c4\u03b7\u03c2 \u03b1\u03c0\u03cc \u03ac\u03c0\u03bf\u03c8\u03b7 \u03b4\u03cd\u03bd\u03b1\u03bc\u03b7\u03c2 \u03b8\u03ad\u03bb\u03b7\u03c3\u03b7\u03c2. \u039f \u039b\u03bf\u03cd\u03c6\u03b9 \u03b8\u03b1 \u03c0\u03ac\u03b5\u03b9 \u03c3\u03c4\u03b7 \u03a7\u03ce\u03c1\u03b1 \u03c4\u03bf\u03c5 \u03a4\u03cc\u03c4\u03c4\u03bf \u03b3\u03b9\u03b1 \u03bd\u03b1 \u03b1\u03bd\u03b1\u03ba\u03c4\u03ae\u03c3\u03b5\u03b9 \u03c4\u03bf\u03bd \u03a3\u03ac\u03bd\u03c4\u03b6\u03b9 \u03b5\u03c0\u03b5\u03b9\u03b4\u03ae \u03b7 \u03bf\u03b9\u03ba\u03bf\u03b3\u03ad\u03bd\u03b5\u03b9\u03b1 \u0392\u03af\u03bd\u03c3\u03bc\u03bf\u03ba \u03b8\u03ad\u03bb\u03b5\u03b9 \u03bd\u03b1 \u03c4\u03bf\u03bd \u03b1\u03bd\u03b1\u03b3\u03ba\u03ac\u03c3\u03b5\u03b9 \u03bd\u03b1 \u03c0\u03b1\u03bd\u03c4\u03c1\u03b5\u03c5\u03c4\u03b5\u03af. <strong>\u03a0\u03bf\u03c5\u03c4\u03af\u03b3\u03ba\u03b1 \u03a3\u03b1\u03c1\u03bb\u03cc\u03c4<\/strong> \u03bd\u03b1 \u03b4\u03b7\u03bc\u03b9\u03bf\u03c5\u03c1\u03b3\u03ae\u03c3\u03b5\u03b9 \u03bc\u03b9\u03b1 \u03c3\u03c5\u03bc\u03bc\u03b1\u03c7\u03af\u03b1 \u03bc\u03b5 \u03c4\u03bf\u03bd \u03a3\u03c4\u03cc\u03bb\u03bf \u03c4\u03b7\u03c2 \u039c\u03b5\u03b3\u03ac\u03bb\u03b7\u03c2 \u039c\u03b1\u03bc\u03ac\u03c2. \u0397 \u03b1\u03bc\u03bf\u03b9\u03b2\u03ae \u03c4\u03bf\u03c5 \u03b3\u03b9\u03b1 \u03c4\u03b7 \u03c3\u03cd\u03bb\u03bb\u03b7\u03c8\u03b7 \u03ae \u03c4\u03bf\u03bd \u03b8\u03ac\u03bd\u03b1\u03c4\u03cc \u03c4\u03bf\u03c5 \u03b5\u03af\u03bd\u03b1\u03b9 4 \u03b4\u03b9\u03c3\u03b5\u03ba\u03b1\u03c4\u03bf\u03bc\u03bc\u03cd\u03c1\u03b9\u03b1 388 \u03b5\u03ba\u03b1\u03c4\u03bf\u03bc\u03bc\u03cd\u03c1\u03b9\u03b1 \u03bc\u03bf\u03cd\u03c1\u03b1.<\/p>\n<p>\u0391\u03bd \u03c3\u03b1\u03c2 \u03b1\u03c1\u03ad\u03c3\u03bf\u03c5\u03bd \u03c4\u03b1 \u03bc\u03c0\u03cc\u03bd\u03bf\u03c5\u03c2, \u03b1\u03c5\u03c4\u03cc <a href=\"https:\/\/boutique-one-piece.com\/el\/%ce%b5%ce%b9%ce%b4%ce%bf%cf%80%ce%bf%ce%af%ce%b7%cf%83%ce%b7-%ce%b6%ce%ae%cf%84%ce%b7%cf%83%ce%b7%cf%82\/\" target=\"_blank\" title=\"\u0391\u03bd\u03b1\u03ba\u03bf\u03af\u03bd\u03c9\u03c3\u03b7 \u03ba\u03b1\u03c4\u03b1\u03b6\u03b7\u03c4\u03bf\u03cd\u03bc\u03b5\u03bd\u03b7\u03c2 \u03b5\u03c4\u03b1\u03b9\u03c1\u03b5\u03af\u03b1\u03c2 Enel\" rel=\"noopener noreferrer\">\u0397 Enel \u03b6\u03ae\u03c4\u03b7\u03c3\u03b5 \u03b5\u03b9\u03b4\u03bf\u03c0\u03bf\u03af\u03b7\u03c3\u03b7<\/a> \u0398\u03b1 \u03c0\u03c1\u03ad\u03c0\u03b5\u03b9 \u03bd\u03b1 \u03c3\u03bf\u03c5 \u03b1\u03c1\u03ad\u03c3\u03b5\u03b9.<\/p>\n<p>\u00a0<\/p>\n<h2>\u03a0\u03bb\u03b7\u03c1\u03bf\u03c6\u03bf\u03c1\u03af\u03b5\u03c2 \u03b3\u03b9\u03b1 \u03c4\u03b7\u03bd \u03b1\u03c6\u03af\u03c3\u03b1 One Piece Wanted Big Mom<\/h2>\n<ul>\n<li><span><b><u>\u0391\u03c6\u03af\u03c3\u03b1 One Piece Wanted<\/u><\/b>\u00a0\u039c\u03b9\u03b1 \u03b3\u03bd\u03ae\u03c3\u03b9\u03b1 \u03b1\u03c6\u03af\u03c3\u03b1 \u03c4\u03bf\u03c5 One Piece \u03c0\u03bf\u03c5 \u03b1\u03bd\u03b1\u03b6\u03b7\u03c4\u03b5\u03af\u03c4\u03b1\u03b9 \u03b3\u03b9\u03b1 \u03b1\u03bb\u03b7\u03b8\u03b9\u03bd\u03bf\u03cd\u03c2 \u03c0\u03b5\u03b9\u03c1\u03b1\u03c4\u03ad\u03c2<\/span><\/li>\n<\/ul>\n<ul>\n<li>\n<b><u>\u03a4\u03bf \u03bc\u03c0\u03cc\u03bd\u03bf\u03c5\u03c2 \u03c4\u03b7\u03c2 \u03a3\u03b1\u03c1\u03bb\u03cc\u03c4 \u039b\u03af\u03bd\u03bb\u03b9\u03bd<\/u><\/b>\u00a04.388.000.000 \u039c\u03bf\u03cd\u03c1\u03b1<\/li>\n<\/ul>\n<ul>\n<li><span><strong>\u0395\u03ba\u03c4\u03cd\u03c0\u03c9\u03c3\u03b7 \u03c5\u03c8\u03b7\u03bb\u03ae\u03c2 \u03c0\u03bf\u03b9\u03cc\u03c4\u03b7\u03c4\u03b1\u03c2<\/strong>\u00a0\u03b1\u03ba\u03c1\u03b9\u03b2\u03ae \u03c7\u03c1\u03ce\u03bc\u03b1\u03c4\u03b1<\/span><\/li>\n<\/ul>\n<ul>\n<li>\n<strong>\u0394\u03b9\u03ac\u03c3\u03c4\u03b1\u03c3\u03b7<\/strong>\u00a0: 30 \u03b5\u03ba. x 21 \u03b5\u03ba. \u03ba\u03b1\u03b9 42 \u03b5\u03ba. x 30 \u03b5\u03ba.<\/li>\n<\/ul>\n<ul>\n<li><span><strong>\u0394\u03a9\u03a1\u0395\u0391\u039d \u03a0\u0391\u03a1\u0391\u0394\u039f\u03a3\u0397<\/strong><\/span><\/li>\n<\/ul>","protected":false},"excerpt":{"rendered":"<p>As-tu appr\u00e9ci\u00e9 l&rsquo;arc Totto land de One Piece ? Si c&rsquo;est le cas, cet Avis de Recherche Charlotte Linlin Wanted va te convenir. Charlotte Linlin, aussi appel\u00e9e Big Mom, est un Empereur qui a fond\u00e9 son propre pays, Totto Land en grande partie avec l&rsquo;aide son fruit du d\u00e9mon. Si l&rsquo;on parle souvent des fruits [&hellip;]<\/p>","protected":false},"featured_media":9308,"comment_status":"open","ping_status":"open","template":"","meta":[],"product_brand":[],"product_cat":[171],"product_tag":[],"class_list":{"0":"post-9306","1":"product","2":"type-product","3":"status-publish","4":"has-post-thumbnail","6":"product_cat-avis-de-recherche-one-piece","8":"first","9":"instock","10":"purchasable","11":"product-type-variable","12":"has-default-attributes"},"yoast_head":"<!-- This site is optimized with the Yoast SEO plugin v27.5 - https:\/\/yoast.com\/product\/yoast-seo-wordpress\/ -->\n<title>Avis de Recherche One Piece Charlotte Linlin Wanted | D\u00e9coration One Piece \u2013 Boutique One Piece<\/title>\n<meta name=\"description\" content=\"As-tu appr\u00e9ci\u00e9 l&#039;arc Totto land de One Piece ? Si c&#039;est le cas, cet Avis de Recherche Charlotte Linlin Wanted va te convenir. Charlotte Linlin, aussi appel\u00e9e Big Mom, est un Empereur qui a fond\u00e9 son propre pays, Totto Land en grande partie avec l&#039;aide son fruit du d\u00e9mon. Si l&#039;on parle souvent des fruits du d\u00e9mon qui co\" \/>\n<meta name=\"robots\" content=\"index, follow, max-snippet:-1, max-image-preview:large, max-video-preview:-1\" \/>\n<link rel=\"canonical\" href=\"https:\/\/boutique-one-piece.com\/el\/\u03b1\u03c6\u03af\u03c3\u03b1-\u03c0\u03bf\u03c5-\u03b6\u03b7\u03c4\u03ae\u03b8\u03b7\u03ba\u03b5-\u03b1\u03c0\u03cc-\u03c4\u03bf-one-piece\/\u03b1\u03c6\u03af\u03c3\u03b1-\u03c4\u03bf\u03c5-one-piece-wanted-\u03c3\u03b1\u03c1\u03bb\u03cc\u03c4-\u03bb\u03af\u03bd\u03bb\u03b9\u03bd\/\" \/>\n<meta property=\"og:locale\" content=\"el_GR\" \/>\n<meta property=\"og:type\" content=\"article\" \/>\n<meta property=\"og:title\" content=\"Avis de Recherche One Piece Charlotte Linlin Wanted | D\u00e9coration One Piece \u2013 Boutique One Piece\" \/>\n<meta property=\"og:description\" content=\"As-tu appr\u00e9ci\u00e9 l&#039;arc Totto land de One Piece ? Si c&#039;est le cas, cet Avis de Recherche Charlotte Linlin Wanted va te convenir. Charlotte Linlin, aussi appel\u00e9e Big Mom, est un Empereur qui a fond\u00e9 son propre pays, Totto Land en grande partie avec l&#039;aide son fruit du d\u00e9mon. Si l&#039;on parle souvent des fruits du d\u00e9mon qui co\" \/>\n<meta property=\"og:url\" content=\"https:\/\/boutique-one-piece.com\/el\/\u03b1\u03c6\u03af\u03c3\u03b1-\u03c0\u03bf\u03c5-\u03b6\u03b7\u03c4\u03ae\u03b8\u03b7\u03ba\u03b5-\u03b1\u03c0\u03cc-\u03c4\u03bf-one-piece\/\u03b1\u03c6\u03af\u03c3\u03b1-\u03c4\u03bf\u03c5-one-piece-wanted-\u03c3\u03b1\u03c1\u03bb\u03cc\u03c4-\u03bb\u03af\u03bd\u03bb\u03b9\u03bd\/\" \/>\n<meta property=\"og:site_name\" content=\"Boutique One Piece\" \/>\n<meta property=\"article:modified_time\" content=\"2024-09-16T11:40:05+00:00\" \/>\n<meta property=\"og:image\" content=\"https:\/\/boutique-one-piece.com\/wp-content\/uploads\/2022\/09\/Avis-de-Recherche-Charlotte-Linlin-Wanted.jpg\" \/>\n\t<meta property=\"og:image:width\" content=\"800\" \/>\n\t<meta property=\"og:image:height\" content=\"800\" \/>\n\t<meta property=\"og:image:type\" content=\"image\/jpeg\" \/>\n<meta name=\"twitter:card\" content=\"summary_large_image\" \/>\n<meta name=\"twitter:label1\" content=\"\u0395\u03ba\u03c4\u03b9\u03bc\u03ce\u03bc\u03b5\u03bd\u03bf\u03c2 \u03c7\u03c1\u03cc\u03bd\u03bf\u03c2 \u03b1\u03bd\u03ac\u03b3\u03bd\u03c9\u03c3\u03b7\u03c2\" \/>\n\t<meta name=\"twitter:data1\" content=\"2 \u03bb\u03b5\u03c0\u03c4\u03ac\" \/>\n<script type=\"application\/ld+json\" class=\"yoast-schema-graph\">{\"@context\":\"https:\\\/\\\/schema.org\",\"@graph\":[{\"@type\":\"WebPage\",\"@id\":\"https:\\\/\\\/boutique-one-piece.com\\\/avis-de-recherche-one-piece\\\/avis-de-recherche-one-piece-charlotte-linlin-wanted\\\/\",\"url\":\"https:\\\/\\\/boutique-one-piece.com\\\/avis-de-recherche-one-piece\\\/avis-de-recherche-one-piece-charlotte-linlin-wanted\\\/\",\"name\":\"Avis de Recherche One Piece Charlotte Linlin Wanted | D\u00e9coration One Piece \u2013 Boutique One Piece\",\"isPartOf\":{\"@id\":\"https:\\\/\\\/boutique-one-piece.com\\\/#website\"},\"primaryImageOfPage\":{\"@id\":\"https:\\\/\\\/boutique-one-piece.com\\\/avis-de-recherche-one-piece\\\/avis-de-recherche-one-piece-charlotte-linlin-wanted\\\/#primaryimage\"},\"image\":{\"@id\":\"https:\\\/\\\/boutique-one-piece.com\\\/avis-de-recherche-one-piece\\\/avis-de-recherche-one-piece-charlotte-linlin-wanted\\\/#primaryimage\"},\"thumbnailUrl\":\"https:\\\/\\\/boutique-one-piece.com\\\/wp-content\\\/uploads\\\/2022\\\/09\\\/Avis-de-Recherche-Charlotte-Linlin-Wanted.jpg\",\"datePublished\":\"2022-09-27T20:18:53+00:00\",\"dateModified\":\"2024-09-16T11:40:05+00:00\",\"description\":\"As-tu appr\u00e9ci\u00e9 l'arc Totto land de One Piece ? Si c'est le cas, cet Avis de Recherche Charlotte Linlin Wanted va te convenir. Charlotte Linlin, aussi appel\u00e9e Big Mom, est un Empereur qui a fond\u00e9 son propre pays, Totto Land en grande partie avec l'aide son fruit du d\u00e9mon. Si l'on parle souvent des fruits du d\u00e9mon qui co\",\"breadcrumb\":{\"@id\":\"https:\\\/\\\/boutique-one-piece.com\\\/avis-de-recherche-one-piece\\\/avis-de-recherche-one-piece-charlotte-linlin-wanted\\\/#breadcrumb\"},\"inLanguage\":\"el\",\"potentialAction\":[{\"@type\":\"ReadAction\",\"target\":[\"https:\\\/\\\/boutique-one-piece.com\\\/avis-de-recherche-one-piece\\\/avis-de-recherche-one-piece-charlotte-linlin-wanted\\\/\"]}]},{\"@type\":\"ImageObject\",\"inLanguage\":\"el\",\"@id\":\"https:\\\/\\\/boutique-one-piece.com\\\/avis-de-recherche-one-piece\\\/avis-de-recherche-one-piece-charlotte-linlin-wanted\\\/#primaryimage\",\"url\":\"https:\\\/\\\/boutique-one-piece.com\\\/wp-content\\\/uploads\\\/2022\\\/09\\\/Avis-de-Recherche-Charlotte-Linlin-Wanted.jpg\",\"contentUrl\":\"https:\\\/\\\/boutique-one-piece.com\\\/wp-content\\\/uploads\\\/2022\\\/09\\\/Avis-de-Recherche-Charlotte-Linlin-Wanted.jpg\",\"width\":800,\"height\":800,\"caption\":\"Avis de Recherche Charlotte Linlin Wanted 42 X 30 cm\"},{\"@type\":\"BreadcrumbList\",\"@id\":\"https:\\\/\\\/boutique-one-piece.com\\\/avis-de-recherche-one-piece\\\/avis-de-recherche-one-piece-charlotte-linlin-wanted\\\/#breadcrumb\",\"itemListElement\":[{\"@type\":\"ListItem\",\"position\":1,\"name\":\"Home\",\"item\":\"https:\\\/\\\/boutique-one-piece.com\\\/\"},{\"@type\":\"ListItem\",\"position\":2,\"name\":\"Shop\",\"item\":\"https:\\\/\\\/boutique-one-piece.com\\\/shop\\\/\"},{\"@type\":\"ListItem\",\"position\":3,\"name\":\"Avis de Recherche Charlotte Linlin Wanted\"}]},{\"@type\":\"WebSite\",\"@id\":\"https:\\\/\\\/boutique-one-piece.com\\\/#website\",\"url\":\"https:\\\/\\\/boutique-one-piece.com\\\/\",\"name\":\"Boutique One Piece\",\"description\":\"Magasin Sp\u00e9cialis\u00e9 du Manga et l&#039;Anime One Piece\",\"publisher\":{\"@id\":\"https:\\\/\\\/boutique-one-piece.com\\\/#organization\"},\"potentialAction\":[{\"@type\":\"SearchAction\",\"target\":{\"@type\":\"EntryPoint\",\"urlTemplate\":\"https:\\\/\\\/boutique-one-piece.com\\\/?s={search_term_string}\"},\"query-input\":{\"@type\":\"PropertyValueSpecification\",\"valueRequired\":true,\"valueName\":\"search_term_string\"}}],\"inLanguage\":\"el\"},{\"@type\":\"Organization\",\"@id\":\"https:\\\/\\\/boutique-one-piece.com\\\/#organization\",\"name\":\"Boutique One Piece\",\"url\":\"https:\\\/\\\/boutique-one-piece.com\\\/\",\"logo\":{\"@type\":\"ImageObject\",\"inLanguage\":\"el\",\"@id\":\"https:\\\/\\\/boutique-one-piece.com\\\/#\\\/schema\\\/logo\\\/image\\\/\",\"url\":\"https:\\\/\\\/boutique-one-piece.com\\\/wp-content\\\/uploads\\\/2022\\\/09\\\/Logo-01.png\",\"contentUrl\":\"https:\\\/\\\/boutique-one-piece.com\\\/wp-content\\\/uploads\\\/2022\\\/09\\\/Logo-01.png\",\"width\":2318,\"height\":957,\"caption\":\"Boutique One Piece\"},\"image\":{\"@id\":\"https:\\\/\\\/boutique-one-piece.com\\\/#\\\/schema\\\/logo\\\/image\\\/\"}}]}<\/script>\n<!-- \/ Yoast SEO plugin. -->","yoast_head_json":{"title":"\u0391\u03bd\u03b1\u03ba\u03bf\u03af\u03bd\u03c9\u03c3\u03b7 \u03b1\u03bd\u03b1\u03b6\u03ae\u03c4\u03b7\u03c3\u03b7\u03c2 \u03b3\u03b9\u03b1 \u03ad\u03bd\u03b1 \u03ba\u03bf\u03bc\u03bc\u03ac\u03c4\u03b9: Charlotte Linlin | \u0394\u03b9\u03b1\u03ba\u03bf\u03c3\u03bc\u03ae\u03c3\u03b5\u03b9\u03c2 One Piece \u2013 One Piece Shop","description":"\u03a3\u03b1\u03c2 \u03ac\u03c1\u03b5\u03c3\u03b5 \u03c4\u03bf \u03c4\u03cc\u03be\u03bf \u03c4\u03b7\u03c2 Totto Land \u03c4\u03bf\u03c5 One Piece; \u0391\u03bd \u03bd\u03b1\u03b9, \u03b1\u03c5\u03c4\u03ae \u03b7 \u03b1\u03c6\u03af\u03c3\u03b1 Charlotte Linlin Wanted \u03b5\u03af\u03bd\u03b1\u03b9 \u03b3\u03b9\u03b1 \u03b5\u03c3\u03ac\u03c2. \u0397 Charlotte Linlin, \u03b3\u03bd\u03c9\u03c3\u03c4\u03ae \u03ba\u03b1\u03b9 \u03c9\u03c2 Big Mom, \u03b5\u03af\u03bd\u03b1\u03b9 \u03bc\u03b9\u03b1 \u03b1\u03c5\u03c4\u03bf\u03ba\u03c1\u03ac\u03c4\u03b5\u03b9\u03c1\u03b1 \u03c0\u03bf\u03c5 \u03af\u03b4\u03c1\u03c5\u03c3\u03b5 \u03c4\u03b7 \u03b4\u03b9\u03ba\u03ae \u03c4\u03b7\u03c2 \u03c7\u03ce\u03c1\u03b1, \u03c4\u03b7 Totto Land, \u03c3\u03b5 \u03bc\u03b5\u03b3\u03ac\u03bb\u03bf \u03b2\u03b1\u03b8\u03bc\u03cc \u03bc\u03b5 \u03c4\u03b7 \u03b2\u03bf\u03ae\u03b8\u03b5\u03b9\u03b1 \u03c4\u03bf\u03c5 Devil Fruit. \u0395\u03bd\u03ce \u03c3\u03c5\u03c7\u03bd\u03ac \u03bc\u03b9\u03bb\u03ac\u03bc\u03b5 \u03b3\u03b9\u03b1 Devil Fruits \u03c0\u03bf\u03c5...","robots":{"index":"index","follow":"follow","max-snippet":"max-snippet:-1","max-image-preview":"max-image-preview:large","max-video-preview":"max-video-preview:-1"},"canonical":"https:\/\/boutique-one-piece.com\/el\/\u03b1\u03c6\u03af\u03c3\u03b1-\u03c0\u03bf\u03c5-\u03b6\u03b7\u03c4\u03ae\u03b8\u03b7\u03ba\u03b5-\u03b1\u03c0\u03cc-\u03c4\u03bf-one-piece\/\u03b1\u03c6\u03af\u03c3\u03b1-\u03c4\u03bf\u03c5-one-piece-wanted-\u03c3\u03b1\u03c1\u03bb\u03cc\u03c4-\u03bb\u03af\u03bd\u03bb\u03b9\u03bd\/","og_locale":"el_GR","og_type":"article","og_title":"Avis de Recherche One Piece Charlotte Linlin Wanted | D\u00e9coration One Piece \u2013 Boutique One Piece","og_description":"As-tu appr\u00e9ci\u00e9 l'arc Totto land de One Piece ? Si c'est le cas, cet Avis de Recherche Charlotte Linlin Wanted va te convenir. Charlotte Linlin, aussi appel\u00e9e Big Mom, est un Empereur qui a fond\u00e9 son propre pays, Totto Land en grande partie avec l'aide son fruit du d\u00e9mon. Si l'on parle souvent des fruits du d\u00e9mon qui co","og_url":"https:\/\/boutique-one-piece.com\/el\/\u03b1\u03c6\u03af\u03c3\u03b1-\u03c0\u03bf\u03c5-\u03b6\u03b7\u03c4\u03ae\u03b8\u03b7\u03ba\u03b5-\u03b1\u03c0\u03cc-\u03c4\u03bf-one-piece\/\u03b1\u03c6\u03af\u03c3\u03b1-\u03c4\u03bf\u03c5-one-piece-wanted-\u03c3\u03b1\u03c1\u03bb\u03cc\u03c4-\u03bb\u03af\u03bd\u03bb\u03b9\u03bd\/","og_site_name":"Boutique One Piece","article_modified_time":"2024-09-16T11:40:05+00:00","og_image":[{"width":800,"height":800,"url":"https:\/\/boutique-one-piece.com\/wp-content\/uploads\/2022\/09\/Avis-de-Recherche-Charlotte-Linlin-Wanted.jpg","type":"image\/jpeg"}],"twitter_card":"summary_large_image","twitter_misc":{"\u0395\u03ba\u03c4\u03b9\u03bc\u03ce\u03bc\u03b5\u03bd\u03bf\u03c2 \u03c7\u03c1\u03cc\u03bd\u03bf\u03c2 \u03b1\u03bd\u03ac\u03b3\u03bd\u03c9\u03c3\u03b7\u03c2":"2 \u03bb\u03b5\u03c0\u03c4\u03ac"},"schema":{"@context":"https:\/\/schema.org","@graph":[{"@type":"WebPage","@id":"https:\/\/boutique-one-piece.com\/avis-de-recherche-one-piece\/avis-de-recherche-one-piece-charlotte-linlin-wanted\/","url":"https:\/\/boutique-one-piece.com\/avis-de-recherche-one-piece\/avis-de-recherche-one-piece-charlotte-linlin-wanted\/","name":"\u0391\u03bd\u03b1\u03ba\u03bf\u03af\u03bd\u03c9\u03c3\u03b7 \u03b1\u03bd\u03b1\u03b6\u03ae\u03c4\u03b7\u03c3\u03b7\u03c2 \u03b3\u03b9\u03b1 \u03ad\u03bd\u03b1 \u03ba\u03bf\u03bc\u03bc\u03ac\u03c4\u03b9: Charlotte Linlin | \u0394\u03b9\u03b1\u03ba\u03bf\u03c3\u03bc\u03ae\u03c3\u03b5\u03b9\u03c2 One Piece \u2013 One Piece Shop","isPartOf":{"@id":"https:\/\/boutique-one-piece.com\/#website"},"primaryImageOfPage":{"@id":"https:\/\/boutique-one-piece.com\/avis-de-recherche-one-piece\/avis-de-recherche-one-piece-charlotte-linlin-wanted\/#primaryimage"},"image":{"@id":"https:\/\/boutique-one-piece.com\/avis-de-recherche-one-piece\/avis-de-recherche-one-piece-charlotte-linlin-wanted\/#primaryimage"},"thumbnailUrl":"https:\/\/boutique-one-piece.com\/wp-content\/uploads\/2022\/09\/Avis-de-Recherche-Charlotte-Linlin-Wanted.jpg","datePublished":"2022-09-27T20:18:53+00:00","dateModified":"2024-09-16T11:40:05+00:00","description":"\u03a3\u03b1\u03c2 \u03ac\u03c1\u03b5\u03c3\u03b5 \u03c4\u03bf \u03c4\u03cc\u03be\u03bf \u03c4\u03b7\u03c2 Totto Land \u03c4\u03bf\u03c5 One Piece; \u0391\u03bd \u03bd\u03b1\u03b9, \u03b1\u03c5\u03c4\u03ae \u03b7 \u03b1\u03c6\u03af\u03c3\u03b1 Charlotte Linlin Wanted \u03b5\u03af\u03bd\u03b1\u03b9 \u03b3\u03b9\u03b1 \u03b5\u03c3\u03ac\u03c2. \u0397 Charlotte Linlin, \u03b3\u03bd\u03c9\u03c3\u03c4\u03ae \u03ba\u03b1\u03b9 \u03c9\u03c2 Big Mom, \u03b5\u03af\u03bd\u03b1\u03b9 \u03bc\u03b9\u03b1 \u03b1\u03c5\u03c4\u03bf\u03ba\u03c1\u03ac\u03c4\u03b5\u03b9\u03c1\u03b1 \u03c0\u03bf\u03c5 \u03af\u03b4\u03c1\u03c5\u03c3\u03b5 \u03c4\u03b7 \u03b4\u03b9\u03ba\u03ae \u03c4\u03b7\u03c2 \u03c7\u03ce\u03c1\u03b1, \u03c4\u03b7 Totto Land, \u03c3\u03b5 \u03bc\u03b5\u03b3\u03ac\u03bb\u03bf \u03b2\u03b1\u03b8\u03bc\u03cc \u03bc\u03b5 \u03c4\u03b7 \u03b2\u03bf\u03ae\u03b8\u03b5\u03b9\u03b1 \u03c4\u03bf\u03c5 Devil Fruit. \u0395\u03bd\u03ce \u03c3\u03c5\u03c7\u03bd\u03ac \u03bc\u03b9\u03bb\u03ac\u03bc\u03b5 \u03b3\u03b9\u03b1 Devil Fruits \u03c0\u03bf\u03c5...","breadcrumb":{"@id":"https:\/\/boutique-one-piece.com\/avis-de-recherche-one-piece\/avis-de-recherche-one-piece-charlotte-linlin-wanted\/#breadcrumb"},"inLanguage":"el","potentialAction":[{"@type":"ReadAction","target":["https:\/\/boutique-one-piece.com\/avis-de-recherche-one-piece\/avis-de-recherche-one-piece-charlotte-linlin-wanted\/"]}]},{"@type":"ImageObject","inLanguage":"el","@id":"https:\/\/boutique-one-piece.com\/avis-de-recherche-one-piece\/avis-de-recherche-one-piece-charlotte-linlin-wanted\/#primaryimage","url":"https:\/\/boutique-one-piece.com\/wp-content\/uploads\/2022\/09\/Avis-de-Recherche-Charlotte-Linlin-Wanted.jpg","contentUrl":"https:\/\/boutique-one-piece.com\/wp-content\/uploads\/2022\/09\/Avis-de-Recherche-Charlotte-Linlin-Wanted.jpg","width":800,"height":800,"caption":"Avis de Recherche Charlotte Linlin Wanted 42 X 30 cm"},{"@type":"BreadcrumbList","@id":"https:\/\/boutique-one-piece.com\/avis-de-recherche-one-piece\/avis-de-recherche-one-piece-charlotte-linlin-wanted\/#breadcrumb","itemListElement":[{"@type":"ListItem","position":1,"name":"Home","item":"https:\/\/boutique-one-piece.com\/"},{"@type":"ListItem","position":2,"name":"Shop","item":"https:\/\/boutique-one-piece.com\/shop\/"},{"@type":"ListItem","position":3,"name":"Avis de Recherche Charlotte Linlin Wanted"}]},{"@type":"WebSite","@id":"https:\/\/boutique-one-piece.com\/#website","url":"https:\/\/boutique-one-piece.com\/","name":"\u039a\u03b1\u03c4\u03ac\u03c3\u03c4\u03b7\u03bc\u03b1 One Piece","description":"\u0395\u03be\u03b5\u03b9\u03b4\u03b9\u03ba\u03b5\u03c5\u03bc\u03ad\u03bd\u03bf \u03ba\u03b1\u03c4\u03ac\u03c3\u03c4\u03b7\u03bc\u03b1 \u03b3\u03b9\u03b1 One Piece Manga \u03ba\u03b1\u03b9 Anime","publisher":{"@id":"https:\/\/boutique-one-piece.com\/#organization"},"potentialAction":[{"@type":"SearchAction","target":{"@type":"EntryPoint","urlTemplate":"https:\/\/boutique-one-piece.com\/?s={search_term_string}"},"query-input":{"@type":"PropertyValueSpecification","valueRequired":true,"valueName":"search_term_string"}}],"inLanguage":"el"},{"@type":"Organization","@id":"https:\/\/boutique-one-piece.com\/#organization","name":"\u039a\u03b1\u03c4\u03ac\u03c3\u03c4\u03b7\u03bc\u03b1 One Piece","url":"https:\/\/boutique-one-piece.com\/","logo":{"@type":"ImageObject","inLanguage":"el","@id":"https:\/\/boutique-one-piece.com\/#\/schema\/logo\/image\/","url":"https:\/\/boutique-one-piece.com\/wp-content\/uploads\/2022\/09\/Logo-01.png","contentUrl":"https:\/\/boutique-one-piece.com\/wp-content\/uploads\/2022\/09\/Logo-01.png","width":2318,"height":957,"caption":"Boutique One Piece"},"image":{"@id":"https:\/\/boutique-one-piece.com\/#\/schema\/logo\/image\/"}}]}},"_links":{"self":[{"href":"https:\/\/boutique-one-piece.com\/el\/wp-json\/wp\/v2\/product\/9306","targetHints":{"allow":["GET"]}}],"collection":[{"href":"https:\/\/boutique-one-piece.com\/el\/wp-json\/wp\/v2\/product"}],"about":[{"href":"https:\/\/boutique-one-piece.com\/el\/wp-json\/wp\/v2\/types\/product"}],"replies":[{"embeddable":true,"href":"https:\/\/boutique-one-piece.com\/el\/wp-json\/wp\/v2\/comments?post=9306"}],"wp:featuredmedia":[{"embeddable":true,"href":"https:\/\/boutique-one-piece.com\/el\/wp-json\/wp\/v2\/media\/9308"}],"wp:attachment":[{"href":"https:\/\/boutique-one-piece.com\/el\/wp-json\/wp\/v2\/media?parent=9306"}],"wp:term":[{"taxonomy":"product_brand","embeddable":true,"href":"https:\/\/boutique-one-piece.com\/el\/wp-json\/wp\/v2\/product_brand?post=9306"},{"taxonomy":"product_cat","embeddable":true,"href":"https:\/\/boutique-one-piece.com\/el\/wp-json\/wp\/v2\/product_cat?post=9306"},{"taxonomy":"product_tag","embeddable":true,"href":"https:\/\/boutique-one-piece.com\/el\/wp-json\/wp\/v2\/product_tag?post=9306"}],"curies":[{"name":"\u03b5\u03c1\u03b3\u03b1\u03c3\u03af\u03b1","href":"https:\/\/api.w.org\/{rel}","templated":true}]}}