{"id":9324,"date":"2022-09-27T20:19:09","date_gmt":"2022-09-27T20:19:09","guid":{"rendered":"https:\/\/boutique-one-piece.com\/uncategorized\/drapeau-brook\/"},"modified":"2024-09-16T11:40:26","modified_gmt":"2024-09-16T11:40:26","slug":"%cf%83%ce%b7%ce%bc%ce%b1%ce%af%ce%b1-%ce%bc%cf%80%cf%81%ce%bf%cf%85%ce%ba","status":"publish","type":"product","link":"https:\/\/boutique-one-piece.com\/el\/%ce%ba%ce%b1%ce%bb%ce%bf%cf%8d%ce%b4%ce%b9%ce%b1-one-piece\/%ce%bc%cf%80%cf%81%ce%bf%cf%85%ce%ba-%ce%ba%ce%b1%ce%bb%ce%bf%cf%8d%ce%b4%ce%b9%ce%b1-one-piece\/%cf%83%ce%b7%ce%bc%ce%b1%ce%af%ce%b1-%ce%bc%cf%80%cf%81%ce%bf%cf%85%ce%ba\/","title":{"rendered":"\u03a3\u03b7\u03bc\u03b1\u03af\u03b1 \u039c\u03c0\u03c1\u03bf\u03c5\u03ba"},"content":{"rendered":"<h2>\u039d\u03b5\u03b1\u03c1\u03ad \u03bd\u03b1\u03cd\u03c4\u03b7, \u03c0\u03ac\u03c1\u03b5 \u03c3\u03c4\u03b1 \u03c7\u03ad\u03c1\u03b9\u03b1 \u03c3\u03bf\u03c5 \u03b1\u03c5\u03c4\u03ae \u03c4\u03b7 \u03a3\u03b7\u03bc\u03b1\u03af\u03b1 \u03c4\u03bf\u03c5 \u03a1\u03c5\u03b1\u03ba\u03b9\u03bf\u03cd \u03c7\u03c9\u03c1\u03af\u03c2 \u03c0\u03b5\u03c1\u03b1\u03b9\u03c4\u03ad\u03c1\u03c9 \u03ba\u03b1\u03b8\u03c5\u03c3\u03c4\u03ad\u03c1\u03b7\u03c3\u03b7.<\/h2>\n<p>\u0391\u03c5\u03c4\u03ae \u03b7 \u03c3\u03b7\u03bc\u03b1\u03af\u03b1 \u03b1\u03bd\u03c4\u03b9\u03c0\u03c1\u03bf\u03c3\u03c9\u03c0\u03b5\u03cd\u03b5\u03b9 \u03c4\u03bf\u03bd \u039c\u03c0\u03c1\u03bf\u03c5\u03ba \u03c0\u03c1\u03b9\u03bd \u03b1\u03c0\u03cc \u03c4\u03b7\u03bd \u0388\u03bb\u03bb\u03b5\u03b9\u03c8\u03b7. \u039d\u03b1 \u03c4\u03b9 \u03c0\u03c1\u03ad\u03c0\u03b5\u03b9 \u03bd\u03b1 \u03be\u03ad\u03c1\u03b5\u03c4\u03b5 \u03b3\u03b9&#039; \u03b1\u03c5\u03c4\u03cc\u03bd: \u03ad\u03c7\u03b5\u03b9 \u03c4\u03bf \u03c0\u03b1\u03c1\u03b1\u03c4\u03c3\u03bf\u03cd\u03ba\u03bb\u03b9<strong> \u039c\u03c0\u03c1\u03bf\u03c5\u03ba \u03c4\u03bf \u0392\u03bf\u03c5\u03b7\u03c4\u03cc<\/strong>. \u0391\u03c5\u03c4\u03cc \u03b5\u03af\u03bd\u03b1\u03b9 \u03c4\u03bf <strong>\u03bc\u03bf\u03c5\u03c3\u03b9\u03ba\u03cc\u03c2<\/strong> \u03ba\u03b1\u03b8\u03ce\u03c2 \u03ba\u03b1\u03b9 \u03bf \u03b4\u03b5\u03cd\u03c4\u03b5\u03c1\u03bf\u03c2 \u03be\u03b9\u03c6\u03bf\u03bc\u03ac\u03c7\u03bf\u03c2 (\u03bc\u03b5\u03c4\u03ac \u03c4\u03bf\u03bd \u0396\u03cc\u03c1\u03bf) \u03c4\u03bf\u03c5 \u03c0\u03bb\u03b7\u03c1\u03ce\u03bc\u03b1\u03c4\u03bf\u03c2 Straw Hat. \u0395\u03af\u03bd\u03b1\u03b9 \u03ad\u03bd\u03b1\u03c2 \u03b6\u03c9\u03bd\u03c4\u03b1\u03bd\u03cc\u03c2 \u03c3\u03ba\u03b5\u03bb\u03b5\u03c4\u03cc\u03c2 \u03c0\u03bf\u03c5 \u03c3\u03c5\u03bd\u03ac\u03bd\u03c4\u03b7\u03c3\u03b1\u03bd \u03c3\u03b5 \u03ad\u03bd\u03b1 \u03c0\u03bb\u03bf\u03af\u03bf-\u03c6\u03ac\u03bd\u03c4\u03b1\u03c3\u03bc\u03b1 \u03b1\u03c6\u03cc\u03c4\u03bf\u03c5 \u03b2\u03c1\u03ae\u03ba\u03b1\u03bd \u03ad\u03bd\u03b1 \u03bc\u03c5\u03c3\u03c4\u03b7\u03c1\u03b9\u03ce\u03b4\u03b5\u03c2 \u03b2\u03b1\u03c1\u03ad\u03bb\u03b9 \u03bd\u03b1 \u03c0\u03b1\u03c1\u03b1\u03c3\u03cd\u03c1\u03b5\u03c4\u03b1\u03b9 \u03c3\u03c4\u03bf\u03bd \u03c9\u03ba\u03b5\u03b1\u03bd\u03cc.<\/p>\n<p>\u0395\u03af\u03bd\u03b1\u03b9 \u03b5\u03c0\u03af\u03c3\u03b7\u03c2 \u03c7\u03c1\u03ae\u03c3\u03c4\u03b7\u03c2 \u03c4\u03bf\u03c5 \u03a6\u03c1\u03bf\u03cd\u03c4\u03bf\u03c5 \u03c4\u03bf\u03c5 \u0394\u03b9\u03b1\u03b2\u03cc\u03bb\u03bf\u03c5, \u03ac\u03c1\u03b1 \u03ad\u03c7\u03b5\u03b9 \u03c4\u03b9\u03c2 \u03b4\u03c5\u03bd\u03ac\u03bc\u03b5\u03b9\u03c2 \u03c4\u03bf\u03c5<strong> \u039a\u03b1\u03c1\u03c0\u03cc\u03c2 \u03c4\u03b7\u03c2 \u0391\u03bd\u03ac\u03c3\u03c4\u03b1\u03c3\u03b7\u03c2<\/strong>. \u0395\u03af\u03bd\u03b1\u03b9 \u03ad\u03bd\u03b1 \u03b1\u03c0\u03ad\u03b8\u03b1\u03bd\u03c4\u03bf \u03bf\u03bd \u03c0\u03bf\u03c5 \u03b5\u03c0\u03b1\u03bd\u03ad\u03c1\u03c7\u03b5\u03c4\u03b1\u03b9 \u03c3\u03c4\u03b7 \u03b6\u03c9\u03ae \u03c3\u03b5 \u03bc\u03b9\u03b1 \u03ba\u03b1\u03c4\u03ac\u03c3\u03c4\u03b1\u03c3\u03b7 \u03c8\u03b5\u03c5\u03b4\u03bf\u03b1\u03b8\u03b1\u03bd\u03b1\u03c3\u03af\u03b1\u03c2 \u03c7\u03ac\u03c1\u03b7 \u03c3\u03c4\u03b9\u03c2 \u03b4\u03c5\u03bd\u03ac\u03bc\u03b5\u03b9\u03c2 \u03b1\u03c5\u03c4\u03bf\u03cd \u03c4\u03bf\u03c5 \u03c6\u03c1\u03bf\u03cd\u03c4\u03bf\u03c5. \u0391\u03c5\u03c4\u03cc \u03c4\u03bf \u03c6\u03c1\u03bf\u03cd\u03c4\u03bf \u03b4\u03b5\u03bd \u03b5\u03af\u03bd\u03b1\u03b9 \u03b7 \u03b1\u03b9\u03c4\u03af\u03b1 \u03c4\u03b7\u03c2 \u03c4\u03c1\u03ad\u03c7\u03bf\u03c5\u03c3\u03b1\u03c2 \u03b5\u03bc\u03c6\u03ac\u03bd\u03b9\u03c3\u03ae\u03c2 \u03c4\u03bf\u03c5. \u03a4\u03ad\u03bb\u03bf\u03c2, \u03b5\u03af\u03bd\u03b1\u03b9 \u03c4\u03bf \u03ad\u03bd\u03b1\u03c4\u03bf \u03bc\u03ad\u03bb\u03bf\u03c2 \u03c4\u03bf\u03c5 \u03c0\u03bb\u03b7\u03c1\u03ce\u03bc\u03b1\u03c4\u03bf\u03c2 Straw Hat \u03ba\u03b1\u03b9 \u03c4\u03bf \u03cc\u03b3\u03b4\u03bf\u03bf \u03bc\u03ad\u03bb\u03bf\u03c2 \u03c0\u03bf\u03c5 \u03ad\u03c7\u03b5\u03b9 \u03c3\u03c5\u03bc\u03c6\u03c9\u03bd\u03ae\u03c3\u03b5\u03b9 \u03bd\u03b1 \u03b5\u03bd\u03c4\u03b1\u03c7\u03b8\u03b5\u03af \u03c3\u03c4\u03bf \u03c0\u03bb\u03ae\u03c1\u03c9\u03bc\u03b1 \u03c4\u03bf\u03c5 Luffy. \u0395\u03c0\u03b9\u03c0\u03bb\u03ad\u03bf\u03bd, \u03c4\u03bf <a title=\"\u03a3\u0397\u039c\u0391\u0399\u0391 LUFFY\" href=\"https:\/\/boutique-one-piece.com\/el\/%cf%83%ce%b7%ce%bc%ce%b1%ce%af%ce%b1-luffy\/\" target=\"_blank\" rel=\"noopener\">\u0397 \u03c3\u03b7\u03bc\u03b1\u03af\u03b1 \u03c4\u03bf\u03c5 \u039b\u03bf\u03cd\u03c6\u03b9<\/a> \u03b5\u03af\u03bd\u03b1\u03b9 \u03b5\u03bd\u03c4\u03cc\u03c2 \u03c4\u03c9\u03bd \u03b4\u03c5\u03bd\u03b1\u03c4\u03bf\u03c4\u03ae\u03c4\u03c9\u03bd \u03c3\u03b1\u03c2.<\/p>\n<h3>\u03a3\u03b1\u03c2 \u03ad\u03c7\u03b5\u03b9 \u03b3\u03bf\u03b7\u03c4\u03b5\u03cd\u03c3\u03b5\u03b9, \u03bb\u03bf\u03b9\u03c0\u03cc\u03bd, \u03b7 \u03c3\u03b7\u03bc\u03b1\u03af\u03b1 \u03c4\u03bf\u03c5 Brook the Humming; \u0391\u03bd \u03bd\u03b1\u03b9, \u03b1\u03b4\u03c1\u03ac\u03be\u03c4\u03b5 \u03c4\u03b7\u03bd \u03b5\u03c5\u03ba\u03b1\u03b9\u03c1\u03af\u03b1 \u03bd\u03b1 \u03b1\u03c0\u03bf\u03ba\u03c4\u03ae\u03c3\u03b5\u03c4\u03b5 \u03bc\u03af\u03b1. \u0398\u03b1 \u03b1\u03c0\u03bf\u03c4\u03af\u03b5\u03c4\u03b5 \u03ad\u03bd\u03b1\u03bd \u03cc\u03bc\u03bf\u03c1\u03c6\u03bf \u03c6\u03cc\u03c1\u03bf \u03c4\u03b9\u03bc\u03ae\u03c2 \u03c3\u03b5 \u03b1\u03c5\u03c4\u03cc\u03bd \u03c4\u03bf\u03bd \u03bc\u03bf\u03c5\u03c3\u03b9\u03ba\u03cc.<\/h3>\n<p>\u0395\u03af\u03c4\u03b5 \u03b5\u03af\u03c3\u03c4\u03b5 \u03c6\u03b1\u03bd\u03b1\u03c4\u03b9\u03ba\u03cc\u03c2 \u03b8\u03b1\u03c5\u03bc\u03b1\u03c3\u03c4\u03ae\u03c2 \u03b5\u03af\u03c4\u03b5 \u03c3\u03bf\u03b2\u03b1\u03c1\u03cc\u03c2 \u03c3\u03c5\u03bb\u03bb\u03ad\u03ba\u03c4\u03b7\u03c2, \u03b1\u03c5\u03c4\u03ac \u03c4\u03b1 \u03b1\u03bd\u03c4\u03b9\u03ba\u03b5\u03af\u03bc\u03b5\u03bd\u03b1 \u03b5\u03af\u03bd\u03b1\u03b9 \u03c3\u03af\u03b3\u03bf\u03c5\u03c1\u03b1 \u03b3\u03b9\u03b1 \u03b5\u03c3\u03ac\u03c2. \u0399\u03b4\u03b1\u03bd\u03b9\u03ba\u03ac \u03b3\u03b9\u03b1 \u03b4\u03ce\u03c1\u03bf, \u03b4\u03b9\u03b1\u03ba\u03cc\u03c3\u03bc\u03b7\u03c3\u03b7 \u03ae \u03b1\u03c0\u03bb\u03ce\u03c2 \u03b3\u03b9\u03b1 \u03b4\u03b9\u03b1\u03c3\u03ba\u03ad\u03b4\u03b1\u03c3\u03b7, \u03b1\u03c5\u03c4\u03ac \u03c4\u03b1 \u03b1\u03bd\u03c4\u03b9\u03ba\u03b5\u03af\u03bc\u03b5\u03bd\u03b1 \u03b8\u03b1 \u03c3\u03c5\u03bc\u03c0\u03bb\u03b7\u03c1\u03ce\u03c3\u03bf\u03c5\u03bd \u03c4\u03bf \u03bc\u03b5\u03bd\u03bf\u03cd. <strong>\u03c4\u03bf \u03c3\u03cd\u03bc\u03c0\u03b1\u03bd One Piece \u03c3\u03bf\u03c5<\/strong>. \u0391\u03bd\u03b1\u03bc\u03c6\u03af\u03b2\u03bf\u03bb\u03b1 \u03b3\u03bd\u03c9\u03c1\u03af\u03b6\u03b5\u03c4\u03b5 \u03cc\u03c4\u03b9 \u03b1\u03c5\u03c4\u03cc \u03c4\u03bf manga \u03b4\u03b9\u03b1\u03b4\u03c1\u03b1\u03bc\u03b1\u03c4\u03af\u03b6\u03b5\u03c4\u03b1\u03b9 \u03c3\u03b5 \u03ad\u03bd\u03b1\u03bd \u03c6\u03b1\u03bd\u03c4\u03b1\u03c3\u03c4\u03b9\u03ba\u03cc \u03ba\u03cc\u03c3\u03bc\u03bf \u03c0\u03bf\u03c5 \u03ba\u03c5\u03c1\u03b9\u03b1\u03c1\u03c7\u03b5\u03af\u03c4\u03b1\u03b9 \u03b1\u03c0\u03cc \u03c9\u03ba\u03b5\u03b1\u03bd\u03bf\u03cd\u03c2, \u03cc\u03c0\u03bf\u03c5 \u03bf\u03c1\u03b9\u03c3\u03bc\u03ad\u03bd\u03bf\u03b9 \u03c0\u03b5\u03b9\u03c1\u03b1\u03c4\u03ad\u03c2 \u03c6\u03b9\u03bb\u03bf\u03b4\u03bf\u03be\u03bf\u03cd\u03bd \u03b3\u03b9\u03b1 \u03bc\u03b9\u03b1 \u03b5\u03c0\u03bf\u03c7\u03ae \u03b5\u03bb\u03b5\u03c5\u03b8\u03b5\u03c1\u03af\u03b1\u03c2 \u03ba\u03b1\u03b9 \u03c0\u03b5\u03c1\u03b9\u03c0\u03ad\u03c4\u03b5\u03b9\u03b1\u03c2 \u03b3\u03bd\u03c9\u03c3\u03c4\u03ae \u03c9\u03c2 &quot;\u00ab<strong> \u03b7 \u03c7\u03c1\u03c5\u03c3\u03ae \u03b5\u03c0\u03bf\u03c7\u03ae \u03c4\u03b7\u03c2 \u03c0\u03b5\u03b9\u03c1\u03b1\u03c4\u03b5\u03af\u03b1\u03c2<\/strong> \u00bb\u0395\u03be\u03b1\u03c1\u03c4\u03ac\u03c4\u03b1\u03b9 \u03b1\u03c0\u03cc \u03b5\u03c3\u03ac\u03c2 \u03bd\u03b1 \u03b5\u03bd\u03c4\u03b1\u03c7\u03b8\u03b5\u03af\u03c4\u03b5 \u03c3\u03b5 \u03b1\u03c5\u03c4\u03cc \u03c4\u03bf \u03c3\u03cd\u03bc\u03c0\u03b1\u03bd, \u03cc\u03c0\u03bf\u03c5 \u03c3\u03b1\u03c2 \u03c0\u03b5\u03c1\u03b9\u03bc\u03ad\u03bd\u03bf\u03c5\u03bd \u03c0\u03bf\u03bb\u03bb\u03ad\u03c2 \u03c0\u03b5\u03c1\u03b9\u03c0\u03ad\u03c4\u03b5\u03b9\u03b5\u03c2.<\/p>\n<h2>\u03a0\u03bb\u03b7\u03c1\u03bf\u03c6\u03bf\u03c1\u03af\u03b5\u03c2 \u03b3\u03b9\u03b1 \u03c4\u03b7 \u03a3\u03b7\u03bc\u03b1\u03af\u03b1 \u03c4\u03bf\u03c5 \u0392\u03b1\u03c3\u03b9\u03bb\u03b9\u03ac \u03a3\u03bf\u03c5\u03bb:<\/h2>\n<ul>\n<li>\n<strong><u>\u03a3\u03b7\u03bc\u03b1\u03af\u03b1 One Piece<\/u><\/strong>\u00a0\u039c\u03b9\u03b1 \u03b3\u03bd\u03ae\u03c3\u03b9\u03b1 \u03c0\u03b5\u03b9\u03c1\u03b1\u03c4\u03b9\u03ba\u03ae \u03c3\u03b7\u03bc\u03b1\u03af\u03b1 \u03c4\u03bf\u03c5 One Piece \u03b3\u03b9\u03b1 \u03b1\u03bb\u03b7\u03b8\u03b9\u03bd\u03bf\u03cd\u03c2 \u03b8\u03b1\u03c5\u03bc\u03b1\u03c3\u03c4\u03ad\u03c2<\/li>\n<\/ul>\n<ul>\n<li>\n<strong>\u0395\u03ba\u03c4\u03cd\u03c0\u03c9\u03c3\u03b7 \u03c5\u03c8\u03b7\u03bb\u03ae\u03c2 \u03c0\u03bf\u03b9\u03cc\u03c4\u03b7\u03c4\u03b1\u03c2<\/strong>\u00a0\u03b1\u03ba\u03c1\u03b9\u03b2\u03ae \u03c7\u03c1\u03ce\u03bc\u03b1\u03c4\u03b1<\/li>\n<\/ul>\n<ul>\n<li>\n<strong>\u03a5\u03bb\u03b7<\/strong>\u00a0\u03a0\u03bf\u03bb\u03c5\u03b5\u03c3\u03c4\u03ad\u03c1\u03b1\u03c2<\/li>\n<\/ul>\n<ul>\n<li>\n<strong>\u0394\u03b9\u03ac\u03c3\u03c4\u03b1\u03c3\u03b7<\/strong>\u00a0: 100 \u03b5\u03ba. X 100 \u03b5\u03ba. \u03ae 90 \u03b5\u03ba. X 150 \u03b5\u03ba.<\/li>\n<\/ul>\n<ul>\n<li><strong>\u0394\u03a9\u03a1\u0395\u0391\u039d \u03a0\u0391\u03a1\u0391\u0394\u039f\u03a3\u0397<\/strong><\/li>\n<\/ul>","protected":false},"excerpt":{"rendered":"<p>Jeune moussaillon, procure-toi sans plus attendre ce Drapeau Brook. Ce drapeau, repr\u00e9sente Brook avant l&rsquo;Ellipse. Voici ce que tu dois savoir \u00e0 son sujet ; Il est surnomm\u00e9 Brook le fredonneur. C&rsquo;est le musicien ainsi que le second \u00e9p\u00e9iste (apr\u00e8s Zoro) de L&rsquo;\u00c9quipage du Chapeau de Paille. C&rsquo;est un squelette vivant qu&rsquo;ils ont rencontr\u00e9 \u00e0 [&hellip;]<\/p>","protected":false},"featured_media":9326,"comment_status":"open","ping_status":"open","template":"","meta":[],"product_brand":[],"product_cat":[212,157],"product_tag":[158],"class_list":{"0":"post-9324","1":"product","2":"type-product","3":"status-publish","4":"has-post-thumbnail","6":"product_cat-drapeaux-one-piece","7":"product_cat-goodies-brook-one-piece","8":"product_tag-brook","10":"first","11":"instock","12":"purchasable","13":"product-type-variable","14":"has-default-attributes"},"yoast_head":"<!-- This site is optimized with the Yoast SEO plugin v27.5 - https:\/\/yoast.com\/product\/yoast-seo-wordpress\/ -->\n<title>Drapeau Brook | Boutique One Piece<\/title>\n<meta name=\"description\" content=\"D\u00e9couvrez le Drapeau One Piece Brook, d\u00e9corez votre pi\u00e8ce en rejoignant la flotte de Brook ! Commencez votre aventure recherche du One Piece dans l&#039;\u00e9quipage du Chapeau de Paille\" \/>\n<meta name=\"robots\" content=\"index, follow, max-snippet:-1, max-image-preview:large, max-video-preview:-1\" \/>\n<link rel=\"canonical\" href=\"https:\/\/boutique-one-piece.com\/el\/\u03b4\u03b9\u03b1\u03ba\u03bf\u03c3\u03bc\u03ae\u03c3\u03b5\u03b9\u03c2-\u03b1\u03c0\u03cc-\u03ad\u03bd\u03b1-\u03ba\u03bf\u03bc\u03bc\u03ac\u03c4\u03b9\/\u03c3\u03b7\u03bc\u03b1\u03af\u03b5\u03c2-one-piece\/\u03c3\u03b7\u03bc\u03b1\u03af\u03b1-\u03bc\u03c0\u03c1\u03bf\u03c5\u03ba\/\" \/>\n<meta property=\"og:locale\" content=\"el_GR\" \/>\n<meta property=\"og:type\" content=\"article\" \/>\n<meta property=\"og:title\" content=\"Drapeau Brook | Boutique One Piece\" \/>\n<meta property=\"og:description\" content=\"D\u00e9couvrez le Drapeau One Piece Brook, d\u00e9corez votre pi\u00e8ce en rejoignant la flotte de Brook ! Commencez votre aventure recherche du One Piece dans l&#039;\u00e9quipage du Chapeau de Paille\" \/>\n<meta property=\"og:url\" content=\"https:\/\/boutique-one-piece.com\/el\/\u03b4\u03b9\u03b1\u03ba\u03bf\u03c3\u03bc\u03ae\u03c3\u03b5\u03b9\u03c2-\u03b1\u03c0\u03cc-\u03ad\u03bd\u03b1-\u03ba\u03bf\u03bc\u03bc\u03ac\u03c4\u03b9\/\u03c3\u03b7\u03bc\u03b1\u03af\u03b5\u03c2-one-piece\/\u03c3\u03b7\u03bc\u03b1\u03af\u03b1-\u03bc\u03c0\u03c1\u03bf\u03c5\u03ba\/\" \/>\n<meta property=\"og:site_name\" content=\"Boutique One Piece\" \/>\n<meta property=\"article:modified_time\" content=\"2024-09-16T11:40:26+00:00\" \/>\n<meta property=\"og:image\" content=\"https:\/\/boutique-one-piece.com\/wp-content\/uploads\/2022\/09\/Drapeau-Brook.jpg\" \/>\n\t<meta property=\"og:image:width\" content=\"800\" \/>\n\t<meta property=\"og:image:height\" content=\"680\" \/>\n\t<meta property=\"og:image:type\" content=\"image\/jpeg\" \/>\n<meta name=\"twitter:card\" content=\"summary_large_image\" \/>\n<meta name=\"twitter:label1\" content=\"\u0395\u03ba\u03c4\u03b9\u03bc\u03ce\u03bc\u03b5\u03bd\u03bf\u03c2 \u03c7\u03c1\u03cc\u03bd\u03bf\u03c2 \u03b1\u03bd\u03ac\u03b3\u03bd\u03c9\u03c3\u03b7\u03c2\" \/>\n\t<meta name=\"twitter:data1\" content=\"2 \u03bb\u03b5\u03c0\u03c4\u03ac\" \/>\n<script type=\"application\/ld+json\" class=\"yoast-schema-graph\">{\"@context\":\"https:\\\/\\\/schema.org\",\"@graph\":[{\"@type\":\"WebPage\",\"@id\":\"https:\\\/\\\/boutique-one-piece.com\\\/decorations-one-piece\\\/drapeaux-one-piece\\\/drapeau-brook\\\/\",\"url\":\"https:\\\/\\\/boutique-one-piece.com\\\/decorations-one-piece\\\/drapeaux-one-piece\\\/drapeau-brook\\\/\",\"name\":\"Drapeau Brook | Boutique One Piece\",\"isPartOf\":{\"@id\":\"https:\\\/\\\/boutique-one-piece.com\\\/#website\"},\"primaryImageOfPage\":{\"@id\":\"https:\\\/\\\/boutique-one-piece.com\\\/decorations-one-piece\\\/drapeaux-one-piece\\\/drapeau-brook\\\/#primaryimage\"},\"image\":{\"@id\":\"https:\\\/\\\/boutique-one-piece.com\\\/decorations-one-piece\\\/drapeaux-one-piece\\\/drapeau-brook\\\/#primaryimage\"},\"thumbnailUrl\":\"https:\\\/\\\/boutique-one-piece.com\\\/wp-content\\\/uploads\\\/2022\\\/09\\\/Drapeau-Brook.jpg\",\"datePublished\":\"2022-09-27T20:19:09+00:00\",\"dateModified\":\"2024-09-16T11:40:26+00:00\",\"description\":\"D\u00e9couvrez le Drapeau One Piece Brook, d\u00e9corez votre pi\u00e8ce en rejoignant la flotte de Brook ! Commencez votre aventure recherche du One Piece dans l'\u00e9quipage du Chapeau de Paille\",\"breadcrumb\":{\"@id\":\"https:\\\/\\\/boutique-one-piece.com\\\/decorations-one-piece\\\/drapeaux-one-piece\\\/drapeau-brook\\\/#breadcrumb\"},\"inLanguage\":\"el\",\"potentialAction\":[{\"@type\":\"ReadAction\",\"target\":[\"https:\\\/\\\/boutique-one-piece.com\\\/decorations-one-piece\\\/drapeaux-one-piece\\\/drapeau-brook\\\/\"]}]},{\"@type\":\"ImageObject\",\"inLanguage\":\"el\",\"@id\":\"https:\\\/\\\/boutique-one-piece.com\\\/decorations-one-piece\\\/drapeaux-one-piece\\\/drapeau-brook\\\/#primaryimage\",\"url\":\"https:\\\/\\\/boutique-one-piece.com\\\/wp-content\\\/uploads\\\/2022\\\/09\\\/Drapeau-Brook.jpg\",\"contentUrl\":\"https:\\\/\\\/boutique-one-piece.com\\\/wp-content\\\/uploads\\\/2022\\\/09\\\/Drapeau-Brook.jpg\",\"width\":800,\"height\":680,\"caption\":\"Drapeau Brook 90x150cm\"},{\"@type\":\"BreadcrumbList\",\"@id\":\"https:\\\/\\\/boutique-one-piece.com\\\/decorations-one-piece\\\/drapeaux-one-piece\\\/drapeau-brook\\\/#breadcrumb\",\"itemListElement\":[{\"@type\":\"ListItem\",\"position\":1,\"name\":\"Home\",\"item\":\"https:\\\/\\\/boutique-one-piece.com\\\/\"},{\"@type\":\"ListItem\",\"position\":2,\"name\":\"Shop\",\"item\":\"https:\\\/\\\/boutique-one-piece.com\\\/shop\\\/\"},{\"@type\":\"ListItem\",\"position\":3,\"name\":\"Drapeau Brook\"}]},{\"@type\":\"WebSite\",\"@id\":\"https:\\\/\\\/boutique-one-piece.com\\\/#website\",\"url\":\"https:\\\/\\\/boutique-one-piece.com\\\/\",\"name\":\"Boutique One Piece\",\"description\":\"Magasin Sp\u00e9cialis\u00e9 du Manga et l&#039;Anime One Piece\",\"publisher\":{\"@id\":\"https:\\\/\\\/boutique-one-piece.com\\\/#organization\"},\"potentialAction\":[{\"@type\":\"SearchAction\",\"target\":{\"@type\":\"EntryPoint\",\"urlTemplate\":\"https:\\\/\\\/boutique-one-piece.com\\\/?s={search_term_string}\"},\"query-input\":{\"@type\":\"PropertyValueSpecification\",\"valueRequired\":true,\"valueName\":\"search_term_string\"}}],\"inLanguage\":\"el\"},{\"@type\":\"Organization\",\"@id\":\"https:\\\/\\\/boutique-one-piece.com\\\/#organization\",\"name\":\"Boutique One Piece\",\"url\":\"https:\\\/\\\/boutique-one-piece.com\\\/\",\"logo\":{\"@type\":\"ImageObject\",\"inLanguage\":\"el\",\"@id\":\"https:\\\/\\\/boutique-one-piece.com\\\/#\\\/schema\\\/logo\\\/image\\\/\",\"url\":\"https:\\\/\\\/boutique-one-piece.com\\\/wp-content\\\/uploads\\\/2022\\\/09\\\/Logo-01.png\",\"contentUrl\":\"https:\\\/\\\/boutique-one-piece.com\\\/wp-content\\\/uploads\\\/2022\\\/09\\\/Logo-01.png\",\"width\":2318,\"height\":957,\"caption\":\"Boutique One Piece\"},\"image\":{\"@id\":\"https:\\\/\\\/boutique-one-piece.com\\\/#\\\/schema\\\/logo\\\/image\\\/\"}}]}<\/script>\n<!-- \/ Yoast SEO plugin. -->","yoast_head_json":{"title":"\u03a3\u03b7\u03bc\u03b1\u03af\u03b1 \u039c\u03c0\u03c1\u03bf\u03c5\u03ba | \u039a\u03b1\u03c4\u03ac\u03c3\u03c4\u03b7\u03bc\u03b1 \u039f\u03bb\u03cc\u03c3\u03c9\u03bc\u03c9\u03bd \u03a0\u03b9\u03ac\u03c4\u03c9\u03bd","description":"\u0391\u03bd\u03b1\u03ba\u03b1\u03bb\u03cd\u03c8\u03c4\u03b5 \u03c4\u03b7 \u03a3\u03b7\u03bc\u03b1\u03af\u03b1 One Piece Brook, \u03b4\u03b9\u03b1\u03ba\u03bf\u03c3\u03bc\u03ae\u03c3\u03c4\u03b5 \u03c4\u03bf \u03b4\u03c9\u03bc\u03ac\u03c4\u03b9\u03cc \u03c3\u03b1\u03c2 \u03b5\u03bd\u03c4\u03b1\u03c3\u03c3\u03cc\u03bc\u03b5\u03bd\u03bf\u03b9 \u03c3\u03c4\u03bf\u03bd \u03c3\u03c4\u03cc\u03bb\u03bf \u03c4\u03bf\u03c5 Brook! \u039e\u03b5\u03ba\u03b9\u03bd\u03ae\u03c3\u03c4\u03b5 \u03c4\u03b7\u03bd \u03c0\u03b5\u03c1\u03b9\u03c0\u03ad\u03c4\u03b5\u03b9\u03b1 \u03b1\u03bd\u03b1\u03b6\u03ae\u03c4\u03b7\u03c3\u03b7\u03c2 One Piece \u03bc\u03b5 \u03c4\u03b7\u03bd \u03bf\u03bc\u03ac\u03b4\u03b1 Straw Hat","robots":{"index":"index","follow":"follow","max-snippet":"max-snippet:-1","max-image-preview":"max-image-preview:large","max-video-preview":"max-video-preview:-1"},"canonical":"https:\/\/boutique-one-piece.com\/el\/\u03b4\u03b9\u03b1\u03ba\u03bf\u03c3\u03bc\u03ae\u03c3\u03b5\u03b9\u03c2-\u03b1\u03c0\u03cc-\u03ad\u03bd\u03b1-\u03ba\u03bf\u03bc\u03bc\u03ac\u03c4\u03b9\/\u03c3\u03b7\u03bc\u03b1\u03af\u03b5\u03c2-one-piece\/\u03c3\u03b7\u03bc\u03b1\u03af\u03b1-\u03bc\u03c0\u03c1\u03bf\u03c5\u03ba\/","og_locale":"el_GR","og_type":"article","og_title":"Drapeau Brook | Boutique One Piece","og_description":"D\u00e9couvrez le Drapeau One Piece Brook, d\u00e9corez votre pi\u00e8ce en rejoignant la flotte de Brook ! Commencez votre aventure recherche du One Piece dans l'\u00e9quipage du Chapeau de Paille","og_url":"https:\/\/boutique-one-piece.com\/el\/\u03b4\u03b9\u03b1\u03ba\u03bf\u03c3\u03bc\u03ae\u03c3\u03b5\u03b9\u03c2-\u03b1\u03c0\u03cc-\u03ad\u03bd\u03b1-\u03ba\u03bf\u03bc\u03bc\u03ac\u03c4\u03b9\/\u03c3\u03b7\u03bc\u03b1\u03af\u03b5\u03c2-one-piece\/\u03c3\u03b7\u03bc\u03b1\u03af\u03b1-\u03bc\u03c0\u03c1\u03bf\u03c5\u03ba\/","og_site_name":"Boutique One Piece","article_modified_time":"2024-09-16T11:40:26+00:00","og_image":[{"width":800,"height":680,"url":"https:\/\/boutique-one-piece.com\/wp-content\/uploads\/2022\/09\/Drapeau-Brook.jpg","type":"image\/jpeg"}],"twitter_card":"summary_large_image","twitter_misc":{"\u0395\u03ba\u03c4\u03b9\u03bc\u03ce\u03bc\u03b5\u03bd\u03bf\u03c2 \u03c7\u03c1\u03cc\u03bd\u03bf\u03c2 \u03b1\u03bd\u03ac\u03b3\u03bd\u03c9\u03c3\u03b7\u03c2":"2 \u03bb\u03b5\u03c0\u03c4\u03ac"},"schema":{"@context":"https:\/\/schema.org","@graph":[{"@type":"WebPage","@id":"https:\/\/boutique-one-piece.com\/decorations-one-piece\/drapeaux-one-piece\/drapeau-brook\/","url":"https:\/\/boutique-one-piece.com\/decorations-one-piece\/drapeaux-one-piece\/drapeau-brook\/","name":"\u03a3\u03b7\u03bc\u03b1\u03af\u03b1 \u039c\u03c0\u03c1\u03bf\u03c5\u03ba | \u039a\u03b1\u03c4\u03ac\u03c3\u03c4\u03b7\u03bc\u03b1 \u039f\u03bb\u03cc\u03c3\u03c9\u03bc\u03c9\u03bd \u03a0\u03b9\u03ac\u03c4\u03c9\u03bd","isPartOf":{"@id":"https:\/\/boutique-one-piece.com\/#website"},"primaryImageOfPage":{"@id":"https:\/\/boutique-one-piece.com\/decorations-one-piece\/drapeaux-one-piece\/drapeau-brook\/#primaryimage"},"image":{"@id":"https:\/\/boutique-one-piece.com\/decorations-one-piece\/drapeaux-one-piece\/drapeau-brook\/#primaryimage"},"thumbnailUrl":"https:\/\/boutique-one-piece.com\/wp-content\/uploads\/2022\/09\/Drapeau-Brook.jpg","datePublished":"2022-09-27T20:19:09+00:00","dateModified":"2024-09-16T11:40:26+00:00","description":"\u0391\u03bd\u03b1\u03ba\u03b1\u03bb\u03cd\u03c8\u03c4\u03b5 \u03c4\u03b7 \u03a3\u03b7\u03bc\u03b1\u03af\u03b1 One Piece Brook, \u03b4\u03b9\u03b1\u03ba\u03bf\u03c3\u03bc\u03ae\u03c3\u03c4\u03b5 \u03c4\u03bf \u03b4\u03c9\u03bc\u03ac\u03c4\u03b9\u03cc \u03c3\u03b1\u03c2 \u03b5\u03bd\u03c4\u03b1\u03c3\u03c3\u03cc\u03bc\u03b5\u03bd\u03bf\u03b9 \u03c3\u03c4\u03bf\u03bd \u03c3\u03c4\u03cc\u03bb\u03bf \u03c4\u03bf\u03c5 Brook! \u039e\u03b5\u03ba\u03b9\u03bd\u03ae\u03c3\u03c4\u03b5 \u03c4\u03b7\u03bd \u03c0\u03b5\u03c1\u03b9\u03c0\u03ad\u03c4\u03b5\u03b9\u03b1 \u03b1\u03bd\u03b1\u03b6\u03ae\u03c4\u03b7\u03c3\u03b7\u03c2 One Piece \u03bc\u03b5 \u03c4\u03b7\u03bd \u03bf\u03bc\u03ac\u03b4\u03b1 Straw Hat","breadcrumb":{"@id":"https:\/\/boutique-one-piece.com\/decorations-one-piece\/drapeaux-one-piece\/drapeau-brook\/#breadcrumb"},"inLanguage":"el","potentialAction":[{"@type":"ReadAction","target":["https:\/\/boutique-one-piece.com\/decorations-one-piece\/drapeaux-one-piece\/drapeau-brook\/"]}]},{"@type":"ImageObject","inLanguage":"el","@id":"https:\/\/boutique-one-piece.com\/decorations-one-piece\/drapeaux-one-piece\/drapeau-brook\/#primaryimage","url":"https:\/\/boutique-one-piece.com\/wp-content\/uploads\/2022\/09\/Drapeau-Brook.jpg","contentUrl":"https:\/\/boutique-one-piece.com\/wp-content\/uploads\/2022\/09\/Drapeau-Brook.jpg","width":800,"height":680,"caption":"Drapeau Brook 90x150cm"},{"@type":"BreadcrumbList","@id":"https:\/\/boutique-one-piece.com\/decorations-one-piece\/drapeaux-one-piece\/drapeau-brook\/#breadcrumb","itemListElement":[{"@type":"ListItem","position":1,"name":"Home","item":"https:\/\/boutique-one-piece.com\/"},{"@type":"ListItem","position":2,"name":"Shop","item":"https:\/\/boutique-one-piece.com\/shop\/"},{"@type":"ListItem","position":3,"name":"Drapeau Brook"}]},{"@type":"WebSite","@id":"https:\/\/boutique-one-piece.com\/#website","url":"https:\/\/boutique-one-piece.com\/","name":"\u039a\u03b1\u03c4\u03ac\u03c3\u03c4\u03b7\u03bc\u03b1 One Piece","description":"\u0395\u03be\u03b5\u03b9\u03b4\u03b9\u03ba\u03b5\u03c5\u03bc\u03ad\u03bd\u03bf \u03ba\u03b1\u03c4\u03ac\u03c3\u03c4\u03b7\u03bc\u03b1 \u03b3\u03b9\u03b1 One Piece Manga \u03ba\u03b1\u03b9 Anime","publisher":{"@id":"https:\/\/boutique-one-piece.com\/#organization"},"potentialAction":[{"@type":"SearchAction","target":{"@type":"EntryPoint","urlTemplate":"https:\/\/boutique-one-piece.com\/?s={search_term_string}"},"query-input":{"@type":"PropertyValueSpecification","valueRequired":true,"valueName":"search_term_string"}}],"inLanguage":"el"},{"@type":"Organization","@id":"https:\/\/boutique-one-piece.com\/#organization","name":"\u039a\u03b1\u03c4\u03ac\u03c3\u03c4\u03b7\u03bc\u03b1 One Piece","url":"https:\/\/boutique-one-piece.com\/","logo":{"@type":"ImageObject","inLanguage":"el","@id":"https:\/\/boutique-one-piece.com\/#\/schema\/logo\/image\/","url":"https:\/\/boutique-one-piece.com\/wp-content\/uploads\/2022\/09\/Logo-01.png","contentUrl":"https:\/\/boutique-one-piece.com\/wp-content\/uploads\/2022\/09\/Logo-01.png","width":2318,"height":957,"caption":"Boutique One Piece"},"image":{"@id":"https:\/\/boutique-one-piece.com\/#\/schema\/logo\/image\/"}}]}},"_links":{"self":[{"href":"https:\/\/boutique-one-piece.com\/el\/wp-json\/wp\/v2\/product\/9324","targetHints":{"allow":["GET"]}}],"collection":[{"href":"https:\/\/boutique-one-piece.com\/el\/wp-json\/wp\/v2\/product"}],"about":[{"href":"https:\/\/boutique-one-piece.com\/el\/wp-json\/wp\/v2\/types\/product"}],"replies":[{"embeddable":true,"href":"https:\/\/boutique-one-piece.com\/el\/wp-json\/wp\/v2\/comments?post=9324"}],"wp:featuredmedia":[{"embeddable":true,"href":"https:\/\/boutique-one-piece.com\/el\/wp-json\/wp\/v2\/media\/9326"}],"wp:attachment":[{"href":"https:\/\/boutique-one-piece.com\/el\/wp-json\/wp\/v2\/media?parent=9324"}],"wp:term":[{"taxonomy":"product_brand","embeddable":true,"href":"https:\/\/boutique-one-piece.com\/el\/wp-json\/wp\/v2\/product_brand?post=9324"},{"taxonomy":"product_cat","embeddable":true,"href":"https:\/\/boutique-one-piece.com\/el\/wp-json\/wp\/v2\/product_cat?post=9324"},{"taxonomy":"product_tag","embeddable":true,"href":"https:\/\/boutique-one-piece.com\/el\/wp-json\/wp\/v2\/product_tag?post=9324"}],"curies":[{"name":"\u03b5\u03c1\u03b3\u03b1\u03c3\u03af\u03b1","href":"https:\/\/api.w.org\/{rel}","templated":true}]}}