{"id":9395,"date":"2022-09-27T20:19:39","date_gmt":"2022-09-27T20:19:39","guid":{"rendered":"https:\/\/boutique-one-piece.com\/uncategorized\/figurine-one-piece-lattaque-de-luffy\/"},"modified":"2024-09-16T11:42:07","modified_gmt":"2024-09-16T11:42:07","slug":"%ce%b5%cf%80%ce%af%ce%b8%ce%b5%cf%83%ce%b7-%ce%bc%ce%bf%ce%bd%ce%bf%ce%ba%cf%8c%ce%bc%ce%bc%ce%b1%cf%84%ce%b7%cf%82-%cf%86%ce%b9%ce%b3%ce%bf%cf%8d%cf%81%ce%b1%cf%82-%cf%83%cf%84%ce%bf%ce%bd-luffy","status":"publish","type":"product","link":"https:\/\/boutique-one-piece.com\/el\/%cf%86%ce%b9%ce%b3%ce%bf%cf%8d%cf%81%ce%b5%cf%82-one-piece\/%cf%86%ce%b9%ce%b3%ce%bf%cf%8d%cf%81%ce%b5%cf%82-monkey-d-luffy\/%ce%b5%cf%80%ce%af%ce%b8%ce%b5%cf%83%ce%b7-%ce%bc%ce%bf%ce%bd%ce%bf%ce%ba%cf%8c%ce%bc%ce%bc%ce%b1%cf%84%ce%b7%cf%82-%cf%86%ce%b9%ce%b3%ce%bf%cf%8d%cf%81%ce%b1%cf%82-%cf%83%cf%84%ce%bf%ce%bd-luffy\/","title":{"rendered":"\u0395\u03c0\u03af\u03b8\u03b5\u03c3\u03b7 \u03c4\u03bf\u03c5 Luffy \u03c3\u03b5 \u03bc\u03b9\u03b1 \u03bc\u03bf\u03bd\u03ae \u03c6\u03b9\u03b3\u03bf\u03cd\u03c1\u03b1"},"content":{"rendered":"<h2>\u039d\u03b5\u03b1\u03c1\u03ad \u03c0\u03b5\u03b9\u03c1\u03b1\u03c4\u03ae, \u03ae\u03c1\u03b8\u03b5 \u03b7 \u03ce\u03c1\u03b1 \u03bd\u03b1 \u03b1\u03c0\u03bf\u03ba\u03c4\u03ae\u03c3\u03b5\u03b9\u03c2 \u03b1\u03c5\u03c4\u03cc \u03c4\u03bf One Piece Luffy&#039;s Attack Figurine.<\/h2>\n<p>\u03a9\u03c2 \u03ae\u03c1\u03c9\u03b1\u03c2 \u03c4\u03bf\u03c5 manga, \u03ad\u03c7\u03b5\u03b9 \u03c3\u03c5\u03c7\u03bd\u03ac \u03b5\u03c0\u03b9\u03b4\u03b5\u03af\u03be\u03b5\u03b9 \u03c4\u03b7\u03bd \u03b9\u03ba\u03b1\u03bd\u03cc\u03c4\u03b7\u03c4\u03ac \u03c4\u03bf\u03c5 \u03bd\u03b1 \u03c3\u03c0\u03ac\u03b5\u03b9 \u03b2\u03c1\u03ac\u03c7\u03bf\u03c5\u03c2 \u03bc\u03b5 \u03c4\u03b9\u03c2 \u03b3\u03c1\u03bf\u03b8\u03b9\u03ad\u03c2 \u03c4\u03bf\u03c5, \u03b1\u03ba\u03cc\u03bc\u03b7 \u03ba\u03b1\u03b9 \u03bd\u03b1 \u03b8\u03c1\u03c5\u03bc\u03bc\u03b1\u03c4\u03af\u03b6\u03b5\u03b9 \u03bb\u03b5\u03c0\u03af\u03b4\u03b5\u03c2 \u03c3\u03c0\u03b1\u03b8\u03b9\u03ce\u03bd \u03bc\u03b5 \u03c4\u03b1 \u03b4\u03cc\u03bd\u03c4\u03b9\u03b1 \u03c4\u03bf\u03c5. \u039f Luffy \u03b4\u03b5\u03bd \u03c6\u03b1\u03af\u03bd\u03b5\u03c4\u03b1\u03b9 \u03bd\u03b1 \u03b5\u03be\u03b1\u03c3\u03ba\u03b5\u03af \u03ba\u03ac\u03c0\u03bf\u03b9\u03b1 \u03c3\u03c5\u03b3\u03ba\u03b5\u03ba\u03c1\u03b9\u03bc\u03ad\u03bd\u03b7 \u03c0\u03bf\u03bb\u03b5\u03bc\u03b9\u03ba\u03ae \u03c4\u03ad\u03c7\u03bd\u03b7 \u03cc\u03c0\u03c9\u03c2 \u03bf Zoro \u03ba\u03b1\u03b9 \u03bf Sanji. \u03a0\u03bf\u03bb\u03b5\u03bc\u03ac \u03c7\u03c1\u03b7\u03c3\u03b9\u03bc\u03bf\u03c0\u03bf\u03b9\u03ce\u03bd\u03c4\u03b1\u03c2 \u03bf\u03c0\u03bf\u03b9\u03bf\u03b4\u03ae\u03c0\u03bf\u03c4\u03b5 \u03bc\u03ad\u03c1\u03bf\u03c2 \u03c4\u03bf\u03c5 \u03c3\u03ce\u03bc\u03b1\u03c4\u03cc\u03c2 \u03c4\u03bf\u03c5 \u03cc\u03c0\u03c9\u03c2 \u03ba\u03c1\u03af\u03bd\u03b5\u03b9 \u03ba\u03b1\u03c4\u03ac\u03bb\u03bb\u03b7\u03bb\u03bf. \u03a4\u03bf \u03c3\u03c4\u03c5\u03bb \u03c4\u03bf\u03c5 \u03b5\u03af\u03bd\u03b1\u03b9 \u03b1\u03c5\u03c4\u03bf\u03c3\u03c7\u03b5\u03b4\u03b9\u03b1\u03c3\u03c4\u03b9\u03ba\u03cc \u03ba\u03b1\u03b9 \u03b1\u03c1\u03ba\u03b5\u03c4\u03ac \u03b1\u03c0\u03c1\u03cc\u03b2\u03bb\u03b5\u03c0\u03c4\u03bf, \u03b3\u03b5\u03b3\u03bf\u03bd\u03cc\u03c2 \u03c0\u03bf\u03c5 \u03c4\u03bf\u03c5 \u03b5\u03c0\u03b9\u03c4\u03c1\u03ad\u03c0\u03b5\u03b9 \u03bd\u03b1 \u03b5\u03ba\u03c0\u03bb\u03ae\u03c3\u03c3\u03b5\u03b9 \u03c4\u03bf\u03c5\u03c2 \u03b5\u03c7\u03b8\u03c1\u03bf\u03cd\u03c2 \u03c4\u03bf\u03c5.<strong> \u039b\u03ac\u03c6\u03b9<\/strong> \u03c7\u03c1\u03b7\u03c3\u03b9\u03bc\u03bf\u03c0\u03bf\u03b9\u03b5\u03af \u03ba\u03c5\u03c1\u03af\u03c9\u03c2 \u03c4\u03b9\u03c2 \u03b4\u03c5\u03bd\u03ac\u03bc\u03b5\u03b9\u03c2 \u03c4\u03bf\u03c5<strong> Gomu Gomu no Mi<\/strong> \u03bd\u03b1 \u03c0\u03bf\u03bb\u03b5\u03bc\u03ae\u03c3\u03c9.<\/p>\n<p>\u038c\u03bb\u03b5\u03c2 \u03bf\u03b9 \u03b5\u03c0\u03b9\u03b8\u03ad\u03c3\u03b5\u03b9\u03c2 \u03c4\u03bf\u03c5 \u03b1\u03ba\u03bf\u03bb\u03bf\u03c5\u03b8\u03bf\u03cd\u03bd \u03b1\u03c5\u03c4\u03cc \u03c4\u03bf \u03bc\u03bf\u03c4\u03af\u03b2\u03bf: \u03be\u03b5\u03ba\u03b9\u03bd\u03bf\u03cd\u03bd \u03bc\u03b5 &quot;Gomu Gomu no&quot; \u03ba\u03b1\u03b9 \u03c4\u03b5\u03bb\u03b5\u03b9\u03ce\u03bd\u03bf\u03c5\u03bd \u03bc\u03b5 \u03bc\u03b9\u03b1 \u03bb\u03ad\u03be\u03b7 \u03c0\u03bf\u03c5 \u03c3\u03c7\u03b5\u03c4\u03af\u03b6\u03b5\u03c4\u03b1\u03b9 \u03bc\u03b5 \u03c4\u03b7\u03bd \u03b5\u03c0\u03af\u03b8\u03b5\u03c3\u03b7 (\u03c0.\u03c7., Gomu Gomu no Pistol). \u039f\u03b9 \u03c0\u03b5\u03c1\u03b9\u03c3\u03c3\u03cc\u03c4\u03b5\u03c1\u03b5\u03c2 \u03b1\u03c0\u03cc \u03c4\u03b9\u03c2 \u03b5\u03c0\u03b9\u03b8\u03ad\u03c3\u03b5\u03b9\u03c2 \u03c4\u03bf\u03c5 \u03b2\u03b1\u03c3\u03af\u03b6\u03bf\u03bd\u03c4\u03b1\u03b9 \u03c3\u03b5 \u03c0\u03b9\u03c3\u03c4\u03cc\u03bb\u03b9\u03b1 \u03ba\u03b1\u03b9 \u03ac\u03bb\u03bb\u03b1 \u03c0\u03c5\u03c1\u03bf\u03b2\u03cc\u03bb\u03b1 \u03cc\u03c0\u03bb\u03b1. \u039c\u03b5\u03c1\u03b9\u03ba\u03ad\u03c2 \u03b1\u03c0\u03cc \u03c4\u03b9\u03c2 \u03b5\u03c0\u03b9\u03b8\u03ad\u03c3\u03b5\u03b9\u03c2 \u03c4\u03bf\u03c5, \u03c9\u03c3\u03c4\u03cc\u03c3\u03bf, \u03b2\u03b1\u03c3\u03af\u03b6\u03bf\u03bd\u03c4\u03b1\u03b9 \u03c3\u03b5 \u03ac\u03bb\u03bb\u03b5\u03c2 \u03ad\u03bd\u03bd\u03bf\u03b9\u03b5\u03c2 \u03ae \u03b1\u03bd\u03c4\u03b9\u03ba\u03b5\u03af\u03bc\u03b5\u03bd\u03b1. \u0395\u03c0\u03b9\u03c0\u03bb\u03ad\u03bf\u03bd, \u03c4\u03bf <a title=\"\u03a6\u0399\u0393\u039f\u03a5\u03a1\u0391 LUFFY \u039c\u0395 \u0395\u039d\u0391\u039d \u039a\u039f\u039c\u039c\u0391\u03a4\u0399 \u039a\u0391\u0399 \u039c\u0395 \u03a4\u039f \u0391\u0395\u03a1\u039f\u0392\u039f\u039b\u039f\" href=\"https:\/\/boutique-one-piece.com\/el\/%ce%bc%ce%bf%ce%bd%ce%bf%ce%ba%cf%8c%ce%bc%ce%bc%ce%b1%cf%84%ce%bf-%ce%b5%ce%b9%ce%b4%cf%8e%ce%bb%ce%b9%ce%bf-%cf%84%ce%b6%ce%b5%cf%84-%cf%8c%cf%80%ce%bb%ce%bf%cf%85-luffy\/\" target=\"_blank\" rel=\"noopener\">\u03a6\u03b9\u03b3\u03bf\u03cd\u03c1\u03b1 \u03c4\u03bf\u03c5 Luffy \u03ba\u03b1\u03b9 \u03c4\u03b7\u03c2 \u03b5\u03c0\u03af\u03b8\u03b5\u03c3\u03ae\u03c2 \u03c4\u03bf\u03c5 Gomu Gomu no Pistol<\/a> \u03b5\u03af\u03bd\u03b1\u03b9 \u03b5\u03bd\u03c4\u03cc\u03c2 \u03c4\u03c9\u03bd \u03b4\u03c5\u03bd\u03b1\u03c4\u03bf\u03c4\u03ae\u03c4\u03c9\u03bd \u03c3\u03b1\u03c2.<\/p>\n<h3>\u039b\u03bf\u03b9\u03c0\u03cc\u03bd, \u03c3\u03b1\u03c2 \u03b3\u03bf\u03b7\u03c4\u03b5\u03cd\u03b5\u03b9 \u03b7 \u03c6\u03b9\u03b3\u03bf\u03cd\u03c1\u03b1 \u03b4\u03c1\u03ac\u03c3\u03b7\u03c2 \u03c4\u03bf\u03c5 Luffy \u03b5\u03bd \u03bc\u03ad\u03c3\u03c9 \u03bc\u03b9\u03b1\u03c2 \u03b5\u03c0\u03af\u03b8\u03b5\u03c3\u03b7\u03c2; \u0391\u03bd \u03bd\u03b1\u03b9, \u03bc\u03ac\u03b8\u03b5\u03c4\u03b5 \u03b1\u03c0\u03cc \u03ba\u03bf\u03bd\u03c4\u03ac. \u039f Luffy \u03b5\u03af\u03bd\u03b1\u03b9 \u03ad\u03bd\u03b1\u03c2 \u03c4\u03c1\u03bf\u03bc\u03b5\u03c1\u03cc\u03c2 \u03b1\u03bd\u03c4\u03af\u03c0\u03b1\u03bb\u03bf\u03c2.<\/h3>\n<p><strong>\u039d\u03b5\u03b1\u03c1\u03cc\u03c2 \u03c0\u03b5\u03b9\u03c1\u03b1\u03c4\u03ae\u03c2<\/strong>, \u03a4\u03b9 \u03c0\u03b5\u03c1\u03b9\u03bc\u03ad\u03bd\u03b5\u03c4\u03b5; \u0395\u03c0\u03b9\u03b2\u03b9\u03b2\u03b1\u03c3\u03c4\u03b5\u03af\u03c4\u03b5 \u03c3\u03c4\u03bf Thousand Sunny. \u039f Luffy \u03ba\u03b1\u03b9 \u03b7 \u03bf\u03bc\u03ac\u03b4\u03b1 \u03c4\u03bf\u03c5 \u03c3\u03b1\u03c2 \u03c0\u03b5\u03c1\u03b9\u03bc\u03ad\u03bd\u03bf\u03c5\u03bd. \u039e\u03b1\u03bd\u03b1\u03b6\u03ae\u03c3\u03c4\u03b5 \u03b1\u03c5\u03c4\u03cc \u03c4\u03bf anime \u03bc\u03b5 \u03b1\u03c5\u03c4\u03ac \u03c4\u03b1 \u03b8\u03c1\u03c5\u03bb\u03b9\u03ba\u03ac \u03b1\u03bd\u03c4\u03b9\u03ba\u03b5\u03af\u03bc\u03b5\u03bd\u03b1. \u0399\u03b4\u03b1\u03bd\u03b9\u03ba\u03ac \u03b3\u03b9\u03b1 \u03b4\u03ce\u03c1\u03b1, \u03b4\u03b9\u03b1\u03ba\u03cc\u03c3\u03bc\u03b7\u03c3\u03b7 \u03ae \u03c3\u03c5\u03bb\u03bb\u03bf\u03b3\u03ae, \u03b1\u03c5\u03c4\u03ac \u03c4\u03b1 \u03b1\u03bd\u03c4\u03b9\u03ba\u03b5\u03af\u03bc\u03b5\u03bd\u03b1 \u03b8\u03b1 \u03b5\u03bc\u03c0\u03bb\u03bf\u03c5\u03c4\u03af\u03c3\u03bf\u03c5\u03bd \u03c4\u03b7 \u03c3\u03c5\u03bb\u03bb\u03bf\u03b3\u03ae \u03c3\u03b1\u03c2. <strong>\u03c4\u03bf \u03c3\u03cd\u03bc\u03c0\u03b1\u03bd One Piece \u03c3\u03bf\u03c5<\/strong>. \u0397 \u03b5\u03c0\u03bf\u03c7\u03ae \u03c4\u03b7\u03c2 \u03c0\u03b5\u03b9\u03c1\u03b1\u03c4\u03b5\u03af\u03b1\u03c2 \u03b4\u03b5\u03bd \u03ad\u03c7\u03b5\u03b9 \u03c4\u03b5\u03bb\u03b5\u03b9\u03ce\u03c3\u03b5\u03b9 \u03c0\u03bf\u03c4\u03ad!<\/p>\n<h2>\u03a0\u03bb\u03b7\u03c1\u03bf\u03c6\u03bf\u03c1\u03af\u03b5\u03c2 \u03b3\u03b9\u03b1 \u03c4\u03bf \u03b5\u03b9\u03b4\u03ce\u03bb\u03b9\u03bf Luffy&#039;s Attack\u00a0<\/h2>\n<ul data-mce-fragment=\"1\">\n<li data-mce-fragment=\"1\"><span data-mce-fragment=\"1\"><b data-mce-fragment=\"1\"><u data-mce-fragment=\"1\">\u039f\u03bb\u03cc\u03c3\u03c9\u03bc\u03bf \u03b5\u03b9\u03b4\u03ce\u03bb\u03b9\u03bf<\/u><\/b>\u00a0\u03a6\u03b9\u03b3\u03bf\u03cd\u03c1\u03b1 One Piece Premium \u03b3\u03b9\u03b1 \u03b1\u03bb\u03b7\u03b8\u03b9\u03bd\u03bf\u03cd\u03c2 \u03c0\u03b5\u03b9\u03c1\u03b1\u03c4\u03ad\u03c2<\/span><\/li>\n<\/ul>\n<ul data-mce-fragment=\"1\">\n<li data-mce-fragment=\"1\">\n<b data-mce-fragment=\"1\">\u03a5\u03bb\u03b7<\/b><span data-mce-fragment=\"1\">\u00a0<\/span>PVC<\/li>\n<\/ul>\n<ul data-mce-fragment=\"1\">\n<li data-mce-fragment=\"1\"><span data-mce-fragment=\"1\"><strong data-mce-fragment=\"1\">\u0394\u03b9\u03ac\u03c3\u03c4\u03b1\u03c3\u03b7<\/strong>\u00a0: 16 \u03b5\u03ba.<\/span><\/li>\n<\/ul>\n<ul data-mce-fragment=\"1\">\n<li data-mce-fragment=\"1\"><span data-mce-fragment=\"1\"><strong data-mce-fragment=\"1\">\u0394\u03a9\u03a1\u0395\u0391\u039d \u03a0\u0391\u03a1\u0391\u0394\u039f\u03a3\u0397<\/strong><\/span><\/li>\n<\/ul>","protected":false},"excerpt":{"rendered":"<p>Jeune pirate, le moment est venu pour toi d&rsquo;acqu\u00e9rir cette Figurine One Piece L&rsquo;Attaque de Luffy. \u00c9tant le h\u00e9ros du manga, il a souvent d\u00e9montr\u00e9 \u00eatre \u00e0 m\u00eame de briser de la roche \u00e0 coups de poing, voire de briser des lames d&rsquo;\u00e9p\u00e9es avec les dents. Luffy ne semble pas pratiquer un quelconque art martial [&hellip;]<\/p>","protected":false},"featured_media":9397,"comment_status":"open","ping_status":"open","template":"","meta":[],"product_brand":[],"product_cat":[181,76],"product_tag":[92],"class_list":{"0":"post-9395","1":"product","2":"type-product","3":"status-publish","4":"has-post-thumbnail","6":"product_cat-figurines-monkey-d-luffy","7":"product_cat-figurines-one-piece","8":"product_tag-luffy","10":"first","11":"instock","12":"purchasable","13":"product-type-simple"},"yoast_head":"<!-- This site is optimized with the Yoast SEO plugin v27.5 - https:\/\/yoast.com\/product\/yoast-seo-wordpress\/ -->\n<title>Figurine One Piece L&#039;Attaque de Luffy | Figurine One Piece \u2013 Boutique One Piece<\/title>\n<meta name=\"description\" content=\"Jeune pirate, le moment est venu pour toi d&#039;acqu\u00e9rir cette Figurine One Piece L&#039;Attaque de Luffy. \u00c9tant le h\u00e9ros du manga, il a souvent d\u00e9montr\u00e9 \u00eatre \u00e0 m\u00eame de briser de la roche \u00e0 coups de poing, voire de briser des lames d&#039;\u00e9p\u00e9es avec les dents. Luffy ne semble pas pratiquer un quelconque art martial comme le font Zor\" \/>\n<meta name=\"robots\" content=\"index, follow, max-snippet:-1, max-image-preview:large, max-video-preview:-1\" \/>\n<link rel=\"canonical\" href=\"https:\/\/boutique-one-piece.com\/el\/\u03c6\u03b9\u03b3\u03bf\u03cd\u03c1\u03b5\u03c2-one-piece\/\u03c6\u03b9\u03b3\u03bf\u03cd\u03c1\u03b5\u03c2-monkey-d-luffy\/\u03b5\u03c0\u03af\u03b8\u03b5\u03c3\u03b7-\u03bc\u03bf\u03bd\u03bf\u03ba\u03cc\u03bc\u03bc\u03b1\u03c4\u03b7\u03c2-\u03c6\u03b9\u03b3\u03bf\u03cd\u03c1\u03b1\u03c2-\u03c3\u03c4\u03bf\u03bd-luffy\/\" \/>\n<meta property=\"og:locale\" content=\"el_GR\" \/>\n<meta property=\"og:type\" content=\"article\" \/>\n<meta property=\"og:title\" content=\"Figurine One Piece L&#039;Attaque de Luffy | Figurine One Piece \u2013 Boutique One Piece\" \/>\n<meta property=\"og:description\" content=\"Jeune pirate, le moment est venu pour toi d&#039;acqu\u00e9rir cette Figurine One Piece L&#039;Attaque de Luffy. \u00c9tant le h\u00e9ros du manga, il a souvent d\u00e9montr\u00e9 \u00eatre \u00e0 m\u00eame de briser de la roche \u00e0 coups de poing, voire de briser des lames d&#039;\u00e9p\u00e9es avec les dents. Luffy ne semble pas pratiquer un quelconque art martial comme le font Zor\" \/>\n<meta property=\"og:url\" content=\"https:\/\/boutique-one-piece.com\/el\/\u03c6\u03b9\u03b3\u03bf\u03cd\u03c1\u03b5\u03c2-one-piece\/\u03c6\u03b9\u03b3\u03bf\u03cd\u03c1\u03b5\u03c2-monkey-d-luffy\/\u03b5\u03c0\u03af\u03b8\u03b5\u03c3\u03b7-\u03bc\u03bf\u03bd\u03bf\u03ba\u03cc\u03bc\u03bc\u03b1\u03c4\u03b7\u03c2-\u03c6\u03b9\u03b3\u03bf\u03cd\u03c1\u03b1\u03c2-\u03c3\u03c4\u03bf\u03bd-luffy\/\" \/>\n<meta property=\"og:site_name\" content=\"Boutique One Piece\" \/>\n<meta property=\"article:modified_time\" content=\"2024-09-16T11:42:07+00:00\" \/>\n<meta property=\"og:image\" content=\"https:\/\/boutique-one-piece.com\/wp-content\/uploads\/2022\/09\/Figurine-One-Piece-LAttaque-de-Luffy-1.jpg\" \/>\n\t<meta property=\"og:image:width\" content=\"640\" \/>\n\t<meta property=\"og:image:height\" content=\"640\" \/>\n\t<meta property=\"og:image:type\" content=\"image\/jpeg\" \/>\n<meta name=\"twitter:card\" content=\"summary_large_image\" \/>\n<meta name=\"twitter:label1\" content=\"\u0395\u03ba\u03c4\u03b9\u03bc\u03ce\u03bc\u03b5\u03bd\u03bf\u03c2 \u03c7\u03c1\u03cc\u03bd\u03bf\u03c2 \u03b1\u03bd\u03ac\u03b3\u03bd\u03c9\u03c3\u03b7\u03c2\" \/>\n\t<meta name=\"twitter:data1\" content=\"1 \u03bb\u03b5\u03c0\u03c4\u03cc\" \/>\n<script type=\"application\/ld+json\" class=\"yoast-schema-graph\">{\"@context\":\"https:\\\/\\\/schema.org\",\"@graph\":[{\"@type\":\"WebPage\",\"@id\":\"https:\\\/\\\/boutique-one-piece.com\\\/figurines-one-piece\\\/figurines-monkey-d-luffy\\\/figurine-one-piece-lattaque-de-luffy\\\/\",\"url\":\"https:\\\/\\\/boutique-one-piece.com\\\/figurines-one-piece\\\/figurines-monkey-d-luffy\\\/figurine-one-piece-lattaque-de-luffy\\\/\",\"name\":\"Figurine One Piece L'Attaque de Luffy | Figurine One Piece \u2013 Boutique One Piece\",\"isPartOf\":{\"@id\":\"https:\\\/\\\/boutique-one-piece.com\\\/#website\"},\"primaryImageOfPage\":{\"@id\":\"https:\\\/\\\/boutique-one-piece.com\\\/figurines-one-piece\\\/figurines-monkey-d-luffy\\\/figurine-one-piece-lattaque-de-luffy\\\/#primaryimage\"},\"image\":{\"@id\":\"https:\\\/\\\/boutique-one-piece.com\\\/figurines-one-piece\\\/figurines-monkey-d-luffy\\\/figurine-one-piece-lattaque-de-luffy\\\/#primaryimage\"},\"thumbnailUrl\":\"https:\\\/\\\/boutique-one-piece.com\\\/wp-content\\\/uploads\\\/2022\\\/09\\\/Figurine-One-Piece-LAttaque-de-Luffy-1.jpg\",\"datePublished\":\"2022-09-27T20:19:39+00:00\",\"dateModified\":\"2024-09-16T11:42:07+00:00\",\"description\":\"Jeune pirate, le moment est venu pour toi d'acqu\u00e9rir cette Figurine One Piece L'Attaque de Luffy. \u00c9tant le h\u00e9ros du manga, il a souvent d\u00e9montr\u00e9 \u00eatre \u00e0 m\u00eame de briser de la roche \u00e0 coups de poing, voire de briser des lames d'\u00e9p\u00e9es avec les dents. Luffy ne semble pas pratiquer un quelconque art martial comme le font Zor\",\"breadcrumb\":{\"@id\":\"https:\\\/\\\/boutique-one-piece.com\\\/figurines-one-piece\\\/figurines-monkey-d-luffy\\\/figurine-one-piece-lattaque-de-luffy\\\/#breadcrumb\"},\"inLanguage\":\"el\",\"potentialAction\":[{\"@type\":\"ReadAction\",\"target\":[\"https:\\\/\\\/boutique-one-piece.com\\\/figurines-one-piece\\\/figurines-monkey-d-luffy\\\/figurine-one-piece-lattaque-de-luffy\\\/\"]}]},{\"@type\":\"ImageObject\",\"inLanguage\":\"el\",\"@id\":\"https:\\\/\\\/boutique-one-piece.com\\\/figurines-one-piece\\\/figurines-monkey-d-luffy\\\/figurine-one-piece-lattaque-de-luffy\\\/#primaryimage\",\"url\":\"https:\\\/\\\/boutique-one-piece.com\\\/wp-content\\\/uploads\\\/2022\\\/09\\\/Figurine-One-Piece-LAttaque-de-Luffy-1.jpg\",\"contentUrl\":\"https:\\\/\\\/boutique-one-piece.com\\\/wp-content\\\/uploads\\\/2022\\\/09\\\/Figurine-One-Piece-LAttaque-de-Luffy-1.jpg\",\"width\":640,\"height\":640},{\"@type\":\"BreadcrumbList\",\"@id\":\"https:\\\/\\\/boutique-one-piece.com\\\/figurines-one-piece\\\/figurines-monkey-d-luffy\\\/figurine-one-piece-lattaque-de-luffy\\\/#breadcrumb\",\"itemListElement\":[{\"@type\":\"ListItem\",\"position\":1,\"name\":\"Home\",\"item\":\"https:\\\/\\\/boutique-one-piece.com\\\/\"},{\"@type\":\"ListItem\",\"position\":2,\"name\":\"Shop\",\"item\":\"https:\\\/\\\/boutique-one-piece.com\\\/shop\\\/\"},{\"@type\":\"ListItem\",\"position\":3,\"name\":\"Figurine One Piece L&#8217;Attaque de Luffy\"}]},{\"@type\":\"WebSite\",\"@id\":\"https:\\\/\\\/boutique-one-piece.com\\\/#website\",\"url\":\"https:\\\/\\\/boutique-one-piece.com\\\/\",\"name\":\"Boutique One Piece\",\"description\":\"Magasin Sp\u00e9cialis\u00e9 du Manga et l&#039;Anime One Piece\",\"publisher\":{\"@id\":\"https:\\\/\\\/boutique-one-piece.com\\\/#organization\"},\"potentialAction\":[{\"@type\":\"SearchAction\",\"target\":{\"@type\":\"EntryPoint\",\"urlTemplate\":\"https:\\\/\\\/boutique-one-piece.com\\\/?s={search_term_string}\"},\"query-input\":{\"@type\":\"PropertyValueSpecification\",\"valueRequired\":true,\"valueName\":\"search_term_string\"}}],\"inLanguage\":\"el\"},{\"@type\":\"Organization\",\"@id\":\"https:\\\/\\\/boutique-one-piece.com\\\/#organization\",\"name\":\"Boutique One Piece\",\"url\":\"https:\\\/\\\/boutique-one-piece.com\\\/\",\"logo\":{\"@type\":\"ImageObject\",\"inLanguage\":\"el\",\"@id\":\"https:\\\/\\\/boutique-one-piece.com\\\/#\\\/schema\\\/logo\\\/image\\\/\",\"url\":\"https:\\\/\\\/boutique-one-piece.com\\\/wp-content\\\/uploads\\\/2022\\\/09\\\/Logo-01.png\",\"contentUrl\":\"https:\\\/\\\/boutique-one-piece.com\\\/wp-content\\\/uploads\\\/2022\\\/09\\\/Logo-01.png\",\"width\":2318,\"height\":957,\"caption\":\"Boutique One Piece\"},\"image\":{\"@id\":\"https:\\\/\\\/boutique-one-piece.com\\\/#\\\/schema\\\/logo\\\/image\\\/\"}}]}<\/script>\n<!-- \/ Yoast SEO plugin. -->","yoast_head_json":{"title":"One Piece Figure Attack of Luffy | One Piece Figure \u2013 One Piece Shop","description":"\u039d\u03b5\u03b1\u03c1\u03ad \u03c0\u03b5\u03b9\u03c1\u03b1\u03c4\u03ae, \u03ae\u03c1\u03b8\u03b5 \u03b7 \u03ce\u03c1\u03b1 \u03bd\u03b1 \u03b1\u03c0\u03bf\u03ba\u03c4\u03ae\u03c3\u03b5\u03b9\u03c2 \u03b1\u03c5\u03c4\u03ae \u03c4\u03b7\u03bd One Piece Luffy Attack Figure. \u03a9\u03c2 \u03ae\u03c1\u03c9\u03b1\u03c2 \u03c4\u03bf\u03c5 manga, \u03ad\u03c7\u03b5\u03b9 \u03c3\u03c5\u03c7\u03bd\u03ac \u03b5\u03c0\u03b9\u03b4\u03b5\u03af\u03be\u03b5\u03b9 \u03c4\u03b7\u03bd \u03b9\u03ba\u03b1\u03bd\u03cc\u03c4\u03b7\u03c4\u03ac \u03c4\u03bf\u03c5 \u03bd\u03b1 \u03c3\u03c0\u03ac\u03b5\u03b9 \u03b2\u03c1\u03ac\u03c7\u03bf\u03c5\u03c2 \u03bc\u03b5 \u03c4\u03b9\u03c2 \u03b3\u03c1\u03bf\u03b8\u03b9\u03ad\u03c2 \u03c4\u03bf\u03c5 \u03ae \u03b1\u03ba\u03cc\u03bc\u03b1 \u03ba\u03b1\u03b9 \u03bd\u03b1 \u03b8\u03c1\u03c5\u03bc\u03bc\u03b1\u03c4\u03af\u03b6\u03b5\u03b9 \u03bb\u03b5\u03c0\u03af\u03b4\u03b5\u03c2 \u03c3\u03c0\u03b1\u03b8\u03b9\u03ce\u03bd \u03bc\u03b5 \u03c4\u03b1 \u03b4\u03cc\u03bd\u03c4\u03b9\u03b1 \u03c4\u03bf\u03c5. \u039f Luffy \u03b4\u03b5\u03bd \u03c6\u03b1\u03af\u03bd\u03b5\u03c4\u03b1\u03b9 \u03bd\u03b1 \u03b5\u03be\u03b1\u03c3\u03ba\u03b5\u03af \u03ba\u03b1\u03bc\u03af\u03b1 \u03c0\u03bf\u03bb\u03b5\u03bc\u03b9\u03ba\u03ae \u03c4\u03ad\u03c7\u03bd\u03b7 \u03cc\u03c0\u03c9\u03c2 \u03bf Zoro.","robots":{"index":"index","follow":"follow","max-snippet":"max-snippet:-1","max-image-preview":"max-image-preview:large","max-video-preview":"max-video-preview:-1"},"canonical":"https:\/\/boutique-one-piece.com\/el\/\u03c6\u03b9\u03b3\u03bf\u03cd\u03c1\u03b5\u03c2-one-piece\/\u03c6\u03b9\u03b3\u03bf\u03cd\u03c1\u03b5\u03c2-monkey-d-luffy\/\u03b5\u03c0\u03af\u03b8\u03b5\u03c3\u03b7-\u03bc\u03bf\u03bd\u03bf\u03ba\u03cc\u03bc\u03bc\u03b1\u03c4\u03b7\u03c2-\u03c6\u03b9\u03b3\u03bf\u03cd\u03c1\u03b1\u03c2-\u03c3\u03c4\u03bf\u03bd-luffy\/","og_locale":"el_GR","og_type":"article","og_title":"Figurine One Piece L'Attaque de Luffy | Figurine One Piece \u2013 Boutique One Piece","og_description":"Jeune pirate, le moment est venu pour toi d'acqu\u00e9rir cette Figurine One Piece L'Attaque de Luffy. \u00c9tant le h\u00e9ros du manga, il a souvent d\u00e9montr\u00e9 \u00eatre \u00e0 m\u00eame de briser de la roche \u00e0 coups de poing, voire de briser des lames d'\u00e9p\u00e9es avec les dents. Luffy ne semble pas pratiquer un quelconque art martial comme le font Zor","og_url":"https:\/\/boutique-one-piece.com\/el\/\u03c6\u03b9\u03b3\u03bf\u03cd\u03c1\u03b5\u03c2-one-piece\/\u03c6\u03b9\u03b3\u03bf\u03cd\u03c1\u03b5\u03c2-monkey-d-luffy\/\u03b5\u03c0\u03af\u03b8\u03b5\u03c3\u03b7-\u03bc\u03bf\u03bd\u03bf\u03ba\u03cc\u03bc\u03bc\u03b1\u03c4\u03b7\u03c2-\u03c6\u03b9\u03b3\u03bf\u03cd\u03c1\u03b1\u03c2-\u03c3\u03c4\u03bf\u03bd-luffy\/","og_site_name":"Boutique One Piece","article_modified_time":"2024-09-16T11:42:07+00:00","og_image":[{"width":640,"height":640,"url":"https:\/\/boutique-one-piece.com\/wp-content\/uploads\/2022\/09\/Figurine-One-Piece-LAttaque-de-Luffy-1.jpg","type":"image\/jpeg"}],"twitter_card":"summary_large_image","twitter_misc":{"\u0395\u03ba\u03c4\u03b9\u03bc\u03ce\u03bc\u03b5\u03bd\u03bf\u03c2 \u03c7\u03c1\u03cc\u03bd\u03bf\u03c2 \u03b1\u03bd\u03ac\u03b3\u03bd\u03c9\u03c3\u03b7\u03c2":"1 \u03bb\u03b5\u03c0\u03c4\u03cc"},"schema":{"@context":"https:\/\/schema.org","@graph":[{"@type":"WebPage","@id":"https:\/\/boutique-one-piece.com\/figurines-one-piece\/figurines-monkey-d-luffy\/figurine-one-piece-lattaque-de-luffy\/","url":"https:\/\/boutique-one-piece.com\/figurines-one-piece\/figurines-monkey-d-luffy\/figurine-one-piece-lattaque-de-luffy\/","name":"One Piece Figure Attack of Luffy | One Piece Figure \u2013 One Piece Shop","isPartOf":{"@id":"https:\/\/boutique-one-piece.com\/#website"},"primaryImageOfPage":{"@id":"https:\/\/boutique-one-piece.com\/figurines-one-piece\/figurines-monkey-d-luffy\/figurine-one-piece-lattaque-de-luffy\/#primaryimage"},"image":{"@id":"https:\/\/boutique-one-piece.com\/figurines-one-piece\/figurines-monkey-d-luffy\/figurine-one-piece-lattaque-de-luffy\/#primaryimage"},"thumbnailUrl":"https:\/\/boutique-one-piece.com\/wp-content\/uploads\/2022\/09\/Figurine-One-Piece-LAttaque-de-Luffy-1.jpg","datePublished":"2022-09-27T20:19:39+00:00","dateModified":"2024-09-16T11:42:07+00:00","description":"\u039d\u03b5\u03b1\u03c1\u03ad \u03c0\u03b5\u03b9\u03c1\u03b1\u03c4\u03ae, \u03ae\u03c1\u03b8\u03b5 \u03b7 \u03ce\u03c1\u03b1 \u03bd\u03b1 \u03b1\u03c0\u03bf\u03ba\u03c4\u03ae\u03c3\u03b5\u03b9\u03c2 \u03b1\u03c5\u03c4\u03ae \u03c4\u03b7\u03bd One Piece Luffy Attack Figure. \u03a9\u03c2 \u03ae\u03c1\u03c9\u03b1\u03c2 \u03c4\u03bf\u03c5 manga, \u03ad\u03c7\u03b5\u03b9 \u03c3\u03c5\u03c7\u03bd\u03ac \u03b5\u03c0\u03b9\u03b4\u03b5\u03af\u03be\u03b5\u03b9 \u03c4\u03b7\u03bd \u03b9\u03ba\u03b1\u03bd\u03cc\u03c4\u03b7\u03c4\u03ac \u03c4\u03bf\u03c5 \u03bd\u03b1 \u03c3\u03c0\u03ac\u03b5\u03b9 \u03b2\u03c1\u03ac\u03c7\u03bf\u03c5\u03c2 \u03bc\u03b5 \u03c4\u03b9\u03c2 \u03b3\u03c1\u03bf\u03b8\u03b9\u03ad\u03c2 \u03c4\u03bf\u03c5 \u03ae \u03b1\u03ba\u03cc\u03bc\u03b1 \u03ba\u03b1\u03b9 \u03bd\u03b1 \u03b8\u03c1\u03c5\u03bc\u03bc\u03b1\u03c4\u03af\u03b6\u03b5\u03b9 \u03bb\u03b5\u03c0\u03af\u03b4\u03b5\u03c2 \u03c3\u03c0\u03b1\u03b8\u03b9\u03ce\u03bd \u03bc\u03b5 \u03c4\u03b1 \u03b4\u03cc\u03bd\u03c4\u03b9\u03b1 \u03c4\u03bf\u03c5. \u039f Luffy \u03b4\u03b5\u03bd \u03c6\u03b1\u03af\u03bd\u03b5\u03c4\u03b1\u03b9 \u03bd\u03b1 \u03b5\u03be\u03b1\u03c3\u03ba\u03b5\u03af \u03ba\u03b1\u03bc\u03af\u03b1 \u03c0\u03bf\u03bb\u03b5\u03bc\u03b9\u03ba\u03ae \u03c4\u03ad\u03c7\u03bd\u03b7 \u03cc\u03c0\u03c9\u03c2 \u03bf Zoro.","breadcrumb":{"@id":"https:\/\/boutique-one-piece.com\/figurines-one-piece\/figurines-monkey-d-luffy\/figurine-one-piece-lattaque-de-luffy\/#breadcrumb"},"inLanguage":"el","potentialAction":[{"@type":"ReadAction","target":["https:\/\/boutique-one-piece.com\/figurines-one-piece\/figurines-monkey-d-luffy\/figurine-one-piece-lattaque-de-luffy\/"]}]},{"@type":"ImageObject","inLanguage":"el","@id":"https:\/\/boutique-one-piece.com\/figurines-one-piece\/figurines-monkey-d-luffy\/figurine-one-piece-lattaque-de-luffy\/#primaryimage","url":"https:\/\/boutique-one-piece.com\/wp-content\/uploads\/2022\/09\/Figurine-One-Piece-LAttaque-de-Luffy-1.jpg","contentUrl":"https:\/\/boutique-one-piece.com\/wp-content\/uploads\/2022\/09\/Figurine-One-Piece-LAttaque-de-Luffy-1.jpg","width":640,"height":640},{"@type":"BreadcrumbList","@id":"https:\/\/boutique-one-piece.com\/figurines-one-piece\/figurines-monkey-d-luffy\/figurine-one-piece-lattaque-de-luffy\/#breadcrumb","itemListElement":[{"@type":"ListItem","position":1,"name":"Home","item":"https:\/\/boutique-one-piece.com\/"},{"@type":"ListItem","position":2,"name":"Shop","item":"https:\/\/boutique-one-piece.com\/shop\/"},{"@type":"ListItem","position":3,"name":"Figurine One Piece L&#8217;Attaque de Luffy"}]},{"@type":"WebSite","@id":"https:\/\/boutique-one-piece.com\/#website","url":"https:\/\/boutique-one-piece.com\/","name":"\u039a\u03b1\u03c4\u03ac\u03c3\u03c4\u03b7\u03bc\u03b1 One Piece","description":"\u0395\u03be\u03b5\u03b9\u03b4\u03b9\u03ba\u03b5\u03c5\u03bc\u03ad\u03bd\u03bf \u03ba\u03b1\u03c4\u03ac\u03c3\u03c4\u03b7\u03bc\u03b1 \u03b3\u03b9\u03b1 One Piece Manga \u03ba\u03b1\u03b9 Anime","publisher":{"@id":"https:\/\/boutique-one-piece.com\/#organization"},"potentialAction":[{"@type":"SearchAction","target":{"@type":"EntryPoint","urlTemplate":"https:\/\/boutique-one-piece.com\/?s={search_term_string}"},"query-input":{"@type":"PropertyValueSpecification","valueRequired":true,"valueName":"search_term_string"}}],"inLanguage":"el"},{"@type":"Organization","@id":"https:\/\/boutique-one-piece.com\/#organization","name":"\u039a\u03b1\u03c4\u03ac\u03c3\u03c4\u03b7\u03bc\u03b1 One Piece","url":"https:\/\/boutique-one-piece.com\/","logo":{"@type":"ImageObject","inLanguage":"el","@id":"https:\/\/boutique-one-piece.com\/#\/schema\/logo\/image\/","url":"https:\/\/boutique-one-piece.com\/wp-content\/uploads\/2022\/09\/Logo-01.png","contentUrl":"https:\/\/boutique-one-piece.com\/wp-content\/uploads\/2022\/09\/Logo-01.png","width":2318,"height":957,"caption":"Boutique One Piece"},"image":{"@id":"https:\/\/boutique-one-piece.com\/#\/schema\/logo\/image\/"}}]}},"_links":{"self":[{"href":"https:\/\/boutique-one-piece.com\/el\/wp-json\/wp\/v2\/product\/9395","targetHints":{"allow":["GET"]}}],"collection":[{"href":"https:\/\/boutique-one-piece.com\/el\/wp-json\/wp\/v2\/product"}],"about":[{"href":"https:\/\/boutique-one-piece.com\/el\/wp-json\/wp\/v2\/types\/product"}],"replies":[{"embeddable":true,"href":"https:\/\/boutique-one-piece.com\/el\/wp-json\/wp\/v2\/comments?post=9395"}],"wp:featuredmedia":[{"embeddable":true,"href":"https:\/\/boutique-one-piece.com\/el\/wp-json\/wp\/v2\/media\/9397"}],"wp:attachment":[{"href":"https:\/\/boutique-one-piece.com\/el\/wp-json\/wp\/v2\/media?parent=9395"}],"wp:term":[{"taxonomy":"product_brand","embeddable":true,"href":"https:\/\/boutique-one-piece.com\/el\/wp-json\/wp\/v2\/product_brand?post=9395"},{"taxonomy":"product_cat","embeddable":true,"href":"https:\/\/boutique-one-piece.com\/el\/wp-json\/wp\/v2\/product_cat?post=9395"},{"taxonomy":"product_tag","embeddable":true,"href":"https:\/\/boutique-one-piece.com\/el\/wp-json\/wp\/v2\/product_tag?post=9395"}],"curies":[{"name":"\u03b5\u03c1\u03b3\u03b1\u03c3\u03af\u03b1","href":"https:\/\/api.w.org\/{rel}","templated":true}]}}