{"id":9443,"date":"2022-09-27T20:19:49","date_gmt":"2022-09-27T20:19:49","guid":{"rendered":"https:\/\/boutique-one-piece.com\/uncategorized\/avis-de-recherche-one-piece-vinsmoke-sanji-wanted\/"},"modified":"2025-09-09T05:34:37","modified_gmt":"2025-09-09T05:34:37","slug":"%ce%b1%cf%86%ce%af%cf%83%ce%b1-%cf%84%ce%bf%cf%85-one-piece-wanted-vinsmoke-sanji","status":"publish","type":"product","link":"https:\/\/boutique-one-piece.com\/el\/%ce%b4%ce%b9%ce%b1%ce%ba%ce%bf%cf%83%ce%bc%ce%ae%cf%83%ce%b5%ce%b9%cf%82-%ce%b1%cf%80%cf%8c-%ce%ad%ce%bd%ce%b1-%ce%ba%ce%bf%ce%bc%ce%bc%ce%ac%cf%84%ce%b9\/%ce%b1%cf%86%ce%af%cf%83%ce%b1-%cf%84%ce%bf%cf%85-one-piece-wanted-vinsmoke-sanji\/","title":{"rendered":"\u0396\u03b7\u03c4\u03b5\u03af\u03c4\u03b1\u03b9 \u03bf \u0392\u03af\u03bd\u03c3\u03bc\u03bf\u03ba \u03a3\u03ac\u03bd\u03c4\u03b6\u03b9"},"content":{"rendered":"<h2>\u039d\u03b5\u03b1\u03c1\u03ad \u039d\u03b1\u03ba\u03ac\u03bc\u03b1, \u03ae\u03c1\u03b8\u03b5 \u03b7 \u03ce\u03c1\u03b1 \u03bd\u03b1 \u03b1\u03c0\u03bf\u03ba\u03c4\u03ae\u03c3\u03b5\u03b9\u03c2 \u03b1\u03c5\u03c4\u03ae \u03c4\u03b7\u03bd \u03b1\u03c6\u03af\u03c3\u03b1 &quot;\u0396\u03b7\u03c4\u03b5\u03af\u03c4\u03b1\u03b9 \u03bf \u0392\u03af\u03bd\u03c3\u03bc\u03bf\u03ba \u03a3\u03ac\u03bd\u03c4\u03b6\u03b9&quot;.<\/h2>\n<p>\u0391\u03bd\u03b1\u03bc\u03c6\u03af\u03b2\u03bf\u03bb\u03b1 \u03b3\u03bd\u03c9\u03c1\u03af\u03b6\u03b5\u03c4\u03b5 \u03cc\u03c4\u03b9 \u03bf \u03a3\u03ac\u03bd\u03c4\u03b6\u03b9, \u03b3\u03b5\u03bd\u03bd\u03b7\u03bc\u03ad\u03bd\u03bf\u03c2 \u03c9\u03c2 \u0392\u03af\u03bd\u03c3\u03bc\u03bf\u03ba \u03a3\u03ac\u03bd\u03c4\u03b6\u03b9 \u03c0\u03c1\u03b9\u03bd \u03b1\u03c0\u03b1\u03c1\u03bd\u03b7\u03b8\u03b5\u03af \u03c4\u03bf \u03b5\u03c0\u03ce\u03bd\u03c5\u03bc\u03cc \u03c4\u03bf\u03c5, \u03ad\u03c7\u03b5\u03b9 \u03c4\u03bf \u03c0\u03b1\u03c1\u03b1\u03c4\u03c3\u03bf\u03cd\u03ba\u03bb\u03b9 <strong>\u03a3\u03ac\u03bd\u03c4\u03b6\u03b9 \u03c4\u03bf \u039c\u03b1\u03cd\u03c1\u03bf \u03a0\u03cc\u03b4\u03b9<\/strong>. \u0395\u03af\u03bd\u03b1\u03b9 \u03bf \u03bc\u03ac\u03b3\u03b5\u03b9\u03c1\u03b1\u03c2 \u03c4\u03b7\u03c2 \u03bf\u03bc\u03ac\u03b4\u03b1\u03c2 Straw Hat Crew. \u039f Sanji \u03ad\u03bc\u03b1\u03b8\u03b5 \u03bc\u03b1\u03b3\u03b5\u03b9\u03c1\u03b9\u03ba\u03ad\u03c2 \u03c4\u03ad\u03c7\u03bd\u03b5\u03c2 \u03c3\u03c4\u03bf <strong>\u039c\u03c0\u03b1\u03c1\u03b1\u03c4\u03af<\/strong>, \u03ad\u03bd\u03b1 \u03c0\u03bb\u03c9\u03c4\u03cc \u03b5\u03c3\u03c4\u03b9\u03b1\u03c4\u03cc\u03c1\u03b9\u03bf \u03c0\u03bf\u03c5 \u03b1\u03bd\u03ae\u03ba\u03b5\u03b9 \u03c3\u03c4\u03bf\u03bd Red-Leg Zeff, \u03ad\u03bd\u03b1\u03bd \u03c0\u03c1\u03ce\u03b7\u03bd \u03c0\u03b5\u03b9\u03c1\u03b1\u03c4\u03ae. \u039f Sanji \u03b5\u03af\u03bd\u03b1\u03b9 \u03c0\u03bf\u03bb\u03cd \u03b9\u03c0\u03c0\u03bf\u03c4\u03b9\u03ba\u03cc\u03c2 \u03b1\u03c0\u03ad\u03bd\u03b1\u03bd\u03c4\u03b9 \u03c3\u03c4\u03b9\u03c2 \u03b3\u03c5\u03bd\u03b1\u03af\u03ba\u03b5\u03c2, \u03c3\u03b5 \u03c3\u03b7\u03bc\u03b5\u03af\u03bf \u03c0\u03bf\u03c5 \u03bc\u03c0\u03bf\u03c1\u03b5\u03af \u03bd\u03b1 \u03ba\u03b1\u03c4\u03b1\u03bb\u03ac\u03b2\u03b5\u03b9 \u03c0\u03cc\u03c4\u03b5 \u03bc\u03b9\u03b1 \u03b3\u03c5\u03bd\u03b1\u03af\u03ba\u03b1 \u03ba\u03b9\u03bd\u03b4\u03c5\u03bd\u03b5\u03cd\u03b5\u03b9 \u03b1\u03ba\u03cc\u03bc\u03b1 \u03ba\u03b1\u03b9 \u03b1\u03c0\u03cc \u03b1\u03c0\u03cc\u03c3\u03c4\u03b1\u03c3\u03b7 \u03c0\u03bf\u03bb\u03cd \u03bc\u03b5\u03b3\u03ac\u03bb\u03b7 \u03b3\u03b9\u03b1 \u03bd\u03b1 \u03c4\u03b7\u03bd \u03b1\u03ba\u03bf\u03cd\u03c3\u03b5\u03b9.<\/p>\n<p>\u0395\u03c0\u03bf\u03bc\u03ad\u03bd\u03c9\u03c2, \u03c0\u03bf\u03bb\u03cd \u03c3\u03c5\u03c7\u03bd\u03ac \u03b8\u03ad\u03c4\u03b5\u03b9 \u03c4\u03bf\u03bd \u03b5\u03b1\u03c5\u03c4\u03cc \u03c4\u03bf\u03c5 \u03c3\u03b5 \u03b8\u03b1\u03bd\u03ac\u03c3\u03b9\u03bc\u03bf \u03ba\u03af\u03bd\u03b4\u03c5\u03bd\u03bf \u03cc\u03c4\u03b1\u03bd \u03bf \u03b1\u03bd\u03c4\u03af\u03c0\u03b1\u03bb\u03cc\u03c2 \u03c4\u03bf\u03c5 \u03b5\u03af\u03bd\u03b1\u03b9 \u03b3\u03c5\u03bd\u03b1\u03af\u03ba\u03b1, \u03b1\u03c6\u03bf\u03cd \u03b1\u03c1\u03bd\u03b5\u03af\u03c4\u03b1\u03b9 \u03bd\u03b1 \u03c4\u03bf\u03c5\u03c2 \u03c7\u03c4\u03c5\u03c0\u03ae\u03c3\u03b5\u03b9. \u03a4\u03bf \u03bc\u03cc\u03bd\u03bf \u03c0\u03bf\u03c5 \u03bc\u03c0\u03bf\u03c1\u03b5\u03af \u03bd\u03b1 \u03ba\u03ac\u03bd\u03b5\u03b9 \u03c4\u03cc\u03c4\u03b5 \u03b5\u03af\u03bd\u03b1\u03b9 \u03bd\u03b1 \u03c0\u03c1\u03bf\u03c3\u03c0\u03b1\u03b8\u03ae\u03c3\u03b5\u03b9 \u03bd\u03b1 \u03b1\u03c0\u03bf\u03ba\u03c1\u03bf\u03cd\u03c3\u03b5\u03b9 \u03c4\u03b1 \u03c7\u03c4\u03c5\u03c0\u03ae\u03bc\u03b1\u03c4\u03ac \u03c4\u03bf\u03c5\u03c2. \u03a4\u03ad\u03bb\u03bf\u03c2, \u03cc\u03c0\u03c9\u03c2 \u03bc\u03c0\u03bf\u03c1\u03b5\u03af\u03c4\u03b5 \u03bd\u03b1 \u03b4\u03b5\u03af\u03c4\u03b5, <strong>\u03c4\u03bf \u03bc\u03c0\u03cc\u03bd\u03bf\u03c5\u03c2 \u03c4\u03bf\u03c5<\/strong> \u03b1\u03bd\u03ad\u03c1\u03c7\u03b5\u03c4\u03b1\u03b9 \u03c3\u03b5 330.000.000 \u039c\u03bf\u03cd\u03c1\u03b1. \u0395\u03c0\u03b9\u03c0\u03bb\u03ad\u03bf\u03bd, \u03b1\u03bd \u03b5\u03c0\u03b9\u03b8\u03c5\u03bc\u03b5\u03af\u03c4\u03b5 \u03bd\u03b1 \u03b5\u03c0\u03b5\u03ba\u03c4\u03b5\u03af\u03bd\u03b5\u03c4\u03b5 \u03c4\u03b7 \u03c3\u03c5\u03bb\u03bb\u03bf\u03b3\u03ae \u03c3\u03b1\u03c2 \u03bc\u03b5 \u03c4\u03b1 &quot;\u03ba\u03b1\u03c4\u03b1\u03b6\u03b7\u03c4\u03bf\u03cd\u03bc\u03b5\u03bd\u03b1&quot;, \u03c4\u03bf\u00ab<a title=\"\u0391\u039d\u0391\u0396\u0397\u03a4\u0395\u0399\u03a4\u0391\u0399 \u0391\u039d\u0391\u0396\u0397\u03a4\u0395\u0399\u03a4\u0391\u0399: \u0396\u0397\u03a4\u0395\u0399\u03a4\u0391\u0399 \u0397 \u039d\u0391\u039c\u0399\" href=\"https:\/\/boutique-one-piece.com\/el\/%ce%b1%cf%86%ce%af%cf%83%ce%b1-%cf%80%ce%bf%cf%85-%ce%b6%ce%b7%cf%84%ce%b5%ce%af%cf%84%ce%b1%ce%b9-%ce%b1%cf%80%cf%8c-%cf%84%ce%bf-one-piece-%ce%b7-nami-%ce%b6%ce%b7%cf%84%ce%b5%ce%af%cf%84%ce%b1\/\" target=\"_blank\" rel=\"noopener\">\u0391\u03c6\u03af\u03c3\u03b1 \u03c0\u03bf\u03c5 \u03ae\u03b8\u03b5\u03bb\u03b5 \u03b7 \u039d\u03ac\u03bc\u03b9<\/a> \u03b5\u03af\u03bd\u03b1\u03b9 \u03b5\u03bd\u03c4\u03cc\u03c2 \u03c4\u03c9\u03bd \u03b4\u03c5\u03bd\u03b1\u03c4\u03bf\u03c4\u03ae\u03c4\u03c9\u03bd \u03c3\u03b1\u03c2.<\/p>\n<h3>\u0391\u03c0\u03bf\u03ba\u03c4\u03ae\u03c3\u03c4\u03b5 \u03b1\u03bc\u03ad\u03c3\u03c9\u03c2 \u03c4\u03b7\u03bd \u03b1\u03c6\u03af\u03c3\u03b1 &quot;\u03ba\u03b1\u03c4\u03b1\u03b6\u03b7\u03c4\u03b5\u03af\u03c4\u03b1\u03b9&quot; \u03c4\u03bf\u03c5 \u03a3\u03ac\u03bd\u03c4\u03b6\u03b9 \u03c4\u03bf\u03c5 \u039c\u03b1\u03cd\u03c1\u03bf\u03c5 \u03a0\u03bf\u03b4\u03b9\u03bf\u03cd. \u039c\u03c0\u03bf\u03c1\u03b5\u03af\u03c4\u03b5 \u03bd\u03b1 \u03c4\u03b7\u03bd \u03ba\u03bf\u03bb\u03bb\u03ae\u03c3\u03b5\u03c4\u03b5 \u03c3\u03c4\u03bf\u03bd \u03c4\u03bf\u03af\u03c7\u03bf \u03c3\u03b1\u03c2.<\/h3>\n<p><strong>\u039c\u03bf\u03bd\u03bf\u03ba\u03cc\u03bc\u03bc\u03b1\u03c4\u03bf\u03c2<\/strong> \u03b5\u03af\u03bd\u03b1\u03b9 \u03c4\u03bf manga \u03bc\u03b5 \u03c4\u03b9\u03c2 \u03bc\u03b5\u03b3\u03b1\u03bb\u03cd\u03c4\u03b5\u03c1\u03b5\u03c2 \u03c0\u03c9\u03bb\u03ae\u03c3\u03b5\u03b9\u03c2 \u03c3\u03c4\u03bf\u03bd \u03ba\u03cc\u03c3\u03bc\u03bf. \u039d\u03b1 \u03b5\u03af\u03c3\u03c4\u03b5 \u03c0\u03b5\u03c1\u03ae\u03c6\u03b1\u03bd\u03bf\u03b9 \u03c0\u03bf\u03c5 \u03b5\u03af\u03c3\u03c4\u03b5 \u03bc\u03ad\u03c1\u03bf\u03c2 \u03b1\u03c5\u03c4\u03bf\u03cd \u03c4\u03bf\u03c5 \u03c5\u03c0\u03ad\u03c1\u03bf\u03c7\u03bf\u03c5 \u03c3\u03cd\u03bc\u03c0\u03b1\u03bd\u03c4\u03bf\u03c2 \u03cc\u03c0\u03bf\u03c5 \u03b7 \u03c0\u03b5\u03b9\u03c1\u03b1\u03c4\u03b5\u03af\u03b1 \u03b2\u03b1\u03c3\u03b9\u03bb\u03b5\u03cd\u03b5\u03b9. \u0395\u03c0\u03b9\u03c0\u03bb\u03ad\u03bf\u03bd, \u03bc\u03b7 \u03b4\u03b9\u03c3\u03c4\u03ac\u03c3\u03b5\u03c4\u03b5 \u03bd\u03b1 \u03b1\u03c0\u03bf\u03ba\u03c4\u03ae\u03c3\u03b5\u03c4\u03b5 \u03b1\u03c5\u03c4\u03ac \u03c4\u03b1 \u03bc\u03c5\u03b8\u03b9\u03ba\u03ac \u03b1\u03bd\u03c4\u03b9\u03ba\u03b5\u03af\u03bc\u03b5\u03bd\u03b1 \u03c0\u03bf\u03c5 \u03b8\u03b1 \u03c3\u03b1\u03c2 \u03b2\u03c5\u03b8\u03af\u03c3\u03bf\u03c5\u03bd \u03c0\u03af\u03c3\u03c9 \u03c3\u03c4\u03bf\u03bd \u03b1\u03b3\u03b1\u03c0\u03b7\u03bc\u03ad\u03bd\u03bf \u03c3\u03b1\u03c2 \u03ba\u03cc\u03c3\u03bc\u03bf \u03c4\u03c9\u03bd anime. \u0395\u03be\u03b1\u03c1\u03c4\u03ac\u03c4\u03b1\u03b9 \u03b1\u03c0\u03cc \u03b5\u03c3\u03ac\u03c2 \u03bd\u03b1 \u03b6\u03ae\u03c3\u03b5\u03c4\u03b5 \u03c4\u03b7\u03bd \u03c0\u03b5\u03c1\u03b9\u03c0\u03ad\u03c4\u03b5\u03b9\u03ac \u03c3\u03b1\u03c2!<strong> \u03bd\u03b5\u03b1\u03c1\u03cc\u03c2 \u03c0\u03b5\u03b9\u03c1\u03b1\u03c4\u03ae\u03c2<\/strong> \u038c\u03c0\u03c9\u03c2 \u03ba\u03c1\u03af\u03bd\u03b5\u03c4\u03b5 \u03ba\u03b1\u03c4\u03ac\u03bb\u03bb\u03b7\u03bb\u03bf. \u039c\u03cc\u03bd\u03bf \u03ad\u03bd\u03b1\u03c2 \u03ba\u03b1\u03bd\u03cc\u03bd\u03b1\u03c2: \u03b4\u03b5\u03bd \u03c5\u03c0\u03ac\u03c1\u03c7\u03bf\u03c5\u03bd \u03ba\u03b1\u03bd\u03cc\u03bd\u03b5\u03c2.<\/p>\n<h2>\u03a0\u03bb\u03b7\u03c1\u03bf\u03c6\u03bf\u03c1\u03af\u03b5\u03c2 \u03b3\u03b9\u03b1 \u03c4\u03b7\u03bd \u03b1\u03c6\u03af\u03c3\u03b1 \u03c4\u03bf\u03c5 One Piece Wanted Sanji<\/h2>\n<ul>\n<li><span><b><u>\u0391\u03c6\u03af\u03c3\u03b1 One Piece Wanted<\/u><\/b>\u00a0\u039c\u03b9\u03b1 \u03b3\u03bd\u03ae\u03c3\u03b9\u03b1 \u03b1\u03c6\u03af\u03c3\u03b1 \u03c4\u03bf\u03c5 One Piece \u03c0\u03bf\u03c5 \u03b1\u03bd\u03b1\u03b6\u03b7\u03c4\u03b5\u03af\u03c4\u03b1\u03b9 \u03b3\u03b9\u03b1 \u03b1\u03bb\u03b7\u03b8\u03b9\u03bd\u03bf\u03cd\u03c2 \u03c0\u03b5\u03b9\u03c1\u03b1\u03c4\u03ad\u03c2<\/span><\/li>\n<\/ul>\n<ul>\n<li>\n<b><u>\u0397 \u0395\u03c0\u03b9\u03ba\u03b7\u03c1\u03c5\u03b3\u03bc\u03ad\u03bd\u03b7 \u0392\u03af\u03bd\u03c3\u03bc\u03bf\u03ba \u03a3\u03ac\u03bd\u03c4\u03b6\u03b9<\/u><\/b>\u00a0330.000.000 \u039c\u03bf\u03cd\u03c1\u03b1<\/li>\n<\/ul>\n<ul>\n<li><span><strong>\u0395\u03ba\u03c4\u03cd\u03c0\u03c9\u03c3\u03b7 \u03c5\u03c8\u03b7\u03bb\u03ae\u03c2 \u03c0\u03bf\u03b9\u03cc\u03c4\u03b7\u03c4\u03b1\u03c2<\/strong>\u00a0\u03b1\u03ba\u03c1\u03b9\u03b2\u03ae \u03c7\u03c1\u03ce\u03bc\u03b1\u03c4\u03b1<\/span><\/li>\n<\/ul>\n<ul>\n<li>\n<strong>\u0394\u03b9\u03ac\u03c3\u03c4\u03b1\u03c3\u03b7<\/strong>\u00a0: 51 \u03b5\u03ba. x 36 \u03b5\u03ba.<\/li>\n<\/ul>\n<ul>\n<li><span><strong>\u0394\u03a9\u03a1\u0395\u0391\u039d \u03a0\u0391\u03a1\u0391\u0394\u039f\u03a3\u0397<\/strong><\/span><\/li>\n<\/ul>","protected":false},"excerpt":{"rendered":"<p>Jeune Nakama, le moment est venu pour toi de te procurer cet Avis de Recherche Vinsmoke Sanji Wanted. Tu n&rsquo;es pas sans savoir que Sanji, n\u00e9 Vinsmoke Sanji avant de renoncer \u00e0 son nom de famille, est surnomm\u00e9 Sanji la Jambe Noire. C&rsquo;est le cuisinier de l&rsquo;\u00c9quipage du Chapeau de Paille. Sanji a appris l&rsquo;art [&hellip;]<\/p>","protected":false},"featured_media":9445,"comment_status":"open","ping_status":"open","template":"","meta":[],"product_brand":[],"product_cat":[171,150],"product_tag":[],"class_list":{"0":"post-9443","1":"product","2":"type-product","3":"status-publish","4":"has-post-thumbnail","6":"product_cat-avis-de-recherche-one-piece","7":"product_cat-decorations-one-piece","9":"first","10":"instock","11":"purchasable","12":"product-type-simple"},"yoast_head":"<!-- This site is optimized with the Yoast SEO plugin v27.5 - https:\/\/yoast.com\/product\/yoast-seo-wordpress\/ -->\n<title>Avis de Recherche One Piece Vinsmoke Sanji Wanted | D\u00e9coration One Piece \u2013 Boutique One Piece<\/title>\n<meta name=\"description\" content=\"Jeune Nakama, le moment est venu pour toi de te procurer cet Avis de Recherche Vinsmoke Sanji Wanted. Tu n&#039;es pas sans savoir que Sanji, n\u00e9 Vinsmoke Sanji avant de renoncer \u00e0 son nom de famille, est surnomm\u00e9 Sanji la Jambe Noire. C&#039;est le cuisinier de l&#039;\u00c9quipage du Chapeau de Paille. Sanji a appris l&#039;art culinaire sur\" \/>\n<meta name=\"robots\" content=\"index, follow, max-snippet:-1, max-image-preview:large, max-video-preview:-1\" \/>\n<link rel=\"canonical\" href=\"https:\/\/boutique-one-piece.com\/el\/\u03b1\u03c6\u03af\u03c3\u03b1-\u03c0\u03bf\u03c5-\u03b6\u03b7\u03c4\u03ae\u03b8\u03b7\u03ba\u03b5-\u03b1\u03c0\u03cc-\u03c4\u03bf-one-piece\/\u03b1\u03c6\u03af\u03c3\u03b1-\u03c4\u03bf\u03c5-one-piece-wanted-vinsmoke-sanji\/\" \/>\n<meta property=\"og:locale\" content=\"el_GR\" \/>\n<meta property=\"og:type\" content=\"article\" \/>\n<meta property=\"og:title\" content=\"Avis de Recherche One Piece Vinsmoke Sanji Wanted | D\u00e9coration One Piece \u2013 Boutique One Piece\" \/>\n<meta property=\"og:description\" content=\"Jeune Nakama, le moment est venu pour toi de te procurer cet Avis de Recherche Vinsmoke Sanji Wanted. Tu n&#039;es pas sans savoir que Sanji, n\u00e9 Vinsmoke Sanji avant de renoncer \u00e0 son nom de famille, est surnomm\u00e9 Sanji la Jambe Noire. C&#039;est le cuisinier de l&#039;\u00c9quipage du Chapeau de Paille. Sanji a appris l&#039;art culinaire sur\" \/>\n<meta property=\"og:url\" content=\"https:\/\/boutique-one-piece.com\/el\/\u03b1\u03c6\u03af\u03c3\u03b1-\u03c0\u03bf\u03c5-\u03b6\u03b7\u03c4\u03ae\u03b8\u03b7\u03ba\u03b5-\u03b1\u03c0\u03cc-\u03c4\u03bf-one-piece\/\u03b1\u03c6\u03af\u03c3\u03b1-\u03c4\u03bf\u03c5-one-piece-wanted-vinsmoke-sanji\/\" \/>\n<meta property=\"og:site_name\" content=\"Boutique One Piece\" \/>\n<meta property=\"article:modified_time\" content=\"2025-09-09T05:34:37+00:00\" \/>\n<meta property=\"og:image\" content=\"https:\/\/boutique-one-piece.com\/wp-content\/uploads\/2022\/09\/Avis-de-Recherche-Vinsmoke-Sanji-Wanted-1.jpg\" \/>\n\t<meta property=\"og:image:width\" content=\"799\" \/>\n\t<meta property=\"og:image:height\" content=\"797\" \/>\n\t<meta property=\"og:image:type\" content=\"image\/jpeg\" \/>\n<meta name=\"twitter:card\" content=\"summary_large_image\" \/>\n<meta name=\"twitter:label1\" content=\"\u0395\u03ba\u03c4\u03b9\u03bc\u03ce\u03bc\u03b5\u03bd\u03bf\u03c2 \u03c7\u03c1\u03cc\u03bd\u03bf\u03c2 \u03b1\u03bd\u03ac\u03b3\u03bd\u03c9\u03c3\u03b7\u03c2\" \/>\n\t<meta name=\"twitter:data1\" content=\"2 \u03bb\u03b5\u03c0\u03c4\u03ac\" \/>\n<script type=\"application\/ld+json\" class=\"yoast-schema-graph\">{\"@context\":\"https:\\\/\\\/schema.org\",\"@graph\":[{\"@type\":\"WebPage\",\"@id\":\"https:\\\/\\\/boutique-one-piece.com\\\/avis-de-recherche-one-piece\\\/avis-de-recherche-one-piece-vinsmoke-sanji-wanted\\\/\",\"url\":\"https:\\\/\\\/boutique-one-piece.com\\\/avis-de-recherche-one-piece\\\/avis-de-recherche-one-piece-vinsmoke-sanji-wanted\\\/\",\"name\":\"Avis de Recherche One Piece Vinsmoke Sanji Wanted | D\u00e9coration One Piece \u2013 Boutique One Piece\",\"isPartOf\":{\"@id\":\"https:\\\/\\\/boutique-one-piece.com\\\/#website\"},\"primaryImageOfPage\":{\"@id\":\"https:\\\/\\\/boutique-one-piece.com\\\/avis-de-recherche-one-piece\\\/avis-de-recherche-one-piece-vinsmoke-sanji-wanted\\\/#primaryimage\"},\"image\":{\"@id\":\"https:\\\/\\\/boutique-one-piece.com\\\/avis-de-recherche-one-piece\\\/avis-de-recherche-one-piece-vinsmoke-sanji-wanted\\\/#primaryimage\"},\"thumbnailUrl\":\"https:\\\/\\\/boutique-one-piece.com\\\/wp-content\\\/uploads\\\/2022\\\/09\\\/Avis-de-Recherche-Vinsmoke-Sanji-Wanted-1.jpg\",\"datePublished\":\"2022-09-27T20:19:49+00:00\",\"dateModified\":\"2025-09-09T05:34:37+00:00\",\"description\":\"Jeune Nakama, le moment est venu pour toi de te procurer cet Avis de Recherche Vinsmoke Sanji Wanted. Tu n'es pas sans savoir que Sanji, n\u00e9 Vinsmoke Sanji avant de renoncer \u00e0 son nom de famille, est surnomm\u00e9 Sanji la Jambe Noire. C'est le cuisinier de l'\u00c9quipage du Chapeau de Paille. Sanji a appris l'art culinaire sur\",\"breadcrumb\":{\"@id\":\"https:\\\/\\\/boutique-one-piece.com\\\/avis-de-recherche-one-piece\\\/avis-de-recherche-one-piece-vinsmoke-sanji-wanted\\\/#breadcrumb\"},\"inLanguage\":\"el\",\"potentialAction\":[{\"@type\":\"ReadAction\",\"target\":[\"https:\\\/\\\/boutique-one-piece.com\\\/avis-de-recherche-one-piece\\\/avis-de-recherche-one-piece-vinsmoke-sanji-wanted\\\/\"]}]},{\"@type\":\"ImageObject\",\"inLanguage\":\"el\",\"@id\":\"https:\\\/\\\/boutique-one-piece.com\\\/avis-de-recherche-one-piece\\\/avis-de-recherche-one-piece-vinsmoke-sanji-wanted\\\/#primaryimage\",\"url\":\"https:\\\/\\\/boutique-one-piece.com\\\/wp-content\\\/uploads\\\/2022\\\/09\\\/Avis-de-Recherche-Vinsmoke-Sanji-Wanted-1.jpg\",\"contentUrl\":\"https:\\\/\\\/boutique-one-piece.com\\\/wp-content\\\/uploads\\\/2022\\\/09\\\/Avis-de-Recherche-Vinsmoke-Sanji-Wanted-1.jpg\",\"width\":799,\"height\":797},{\"@type\":\"BreadcrumbList\",\"@id\":\"https:\\\/\\\/boutique-one-piece.com\\\/avis-de-recherche-one-piece\\\/avis-de-recherche-one-piece-vinsmoke-sanji-wanted\\\/#breadcrumb\",\"itemListElement\":[{\"@type\":\"ListItem\",\"position\":1,\"name\":\"Home\",\"item\":\"https:\\\/\\\/boutique-one-piece.com\\\/\"},{\"@type\":\"ListItem\",\"position\":2,\"name\":\"Shop\",\"item\":\"https:\\\/\\\/boutique-one-piece.com\\\/shop\\\/\"},{\"@type\":\"ListItem\",\"position\":3,\"name\":\"Avis de Recherche Vinsmoke Sanji Wanted\"}]},{\"@type\":\"WebSite\",\"@id\":\"https:\\\/\\\/boutique-one-piece.com\\\/#website\",\"url\":\"https:\\\/\\\/boutique-one-piece.com\\\/\",\"name\":\"Boutique One Piece\",\"description\":\"Magasin Sp\u00e9cialis\u00e9 du Manga et l&#039;Anime One Piece\",\"publisher\":{\"@id\":\"https:\\\/\\\/boutique-one-piece.com\\\/#organization\"},\"potentialAction\":[{\"@type\":\"SearchAction\",\"target\":{\"@type\":\"EntryPoint\",\"urlTemplate\":\"https:\\\/\\\/boutique-one-piece.com\\\/?s={search_term_string}\"},\"query-input\":{\"@type\":\"PropertyValueSpecification\",\"valueRequired\":true,\"valueName\":\"search_term_string\"}}],\"inLanguage\":\"el\"},{\"@type\":\"Organization\",\"@id\":\"https:\\\/\\\/boutique-one-piece.com\\\/#organization\",\"name\":\"Boutique One Piece\",\"url\":\"https:\\\/\\\/boutique-one-piece.com\\\/\",\"logo\":{\"@type\":\"ImageObject\",\"inLanguage\":\"el\",\"@id\":\"https:\\\/\\\/boutique-one-piece.com\\\/#\\\/schema\\\/logo\\\/image\\\/\",\"url\":\"https:\\\/\\\/boutique-one-piece.com\\\/wp-content\\\/uploads\\\/2022\\\/09\\\/Logo-01.png\",\"contentUrl\":\"https:\\\/\\\/boutique-one-piece.com\\\/wp-content\\\/uploads\\\/2022\\\/09\\\/Logo-01.png\",\"width\":2318,\"height\":957,\"caption\":\"Boutique One Piece\"},\"image\":{\"@id\":\"https:\\\/\\\/boutique-one-piece.com\\\/#\\\/schema\\\/logo\\\/image\\\/\"}}]}<\/script>\n<!-- \/ Yoast SEO plugin. -->","yoast_head_json":{"title":"\u0391\u03c6\u03af\u03c3\u03b1 One Piece Wanted: Vinsmoke Sanji | \u0394\u03b9\u03b1\u03ba\u03bf\u03c3\u03bc\u03ae\u03c3\u03b5\u03b9\u03c2 One Piece \u2013 One Piece Shop","description":"\u039d\u03b5\u03b1\u03c1\u03ad \u039d\u03b1\u03ba\u03ac\u03bc\u03b1, \u03ae\u03c1\u03b8\u03b5 \u03b7 \u03ce\u03c1\u03b1 \u03bd\u03b1 \u03b1\u03c0\u03bf\u03ba\u03c4\u03ae\u03c3\u03b5\u03b9\u03c2 \u03b1\u03c5\u03c4\u03ae \u03c4\u03b7\u03bd \u03b1\u03c6\u03af\u03c3\u03b1 \u03bc\u03b5 \u03c4\u03af\u03c4\u03bb\u03bf &quot;\u0396\u03b7\u03c4\u03b5\u03af\u03c4\u03b1\u03b9 \u03bf Vinsmoke Sanji&quot;. \u03a3\u03af\u03b3\u03bf\u03c5\u03c1\u03b1 \u03b3\u03bd\u03c9\u03c1\u03af\u03b6\u03b5\u03b9\u03c2 \u03cc\u03c4\u03b9 \u03bf Sanji, \u03b3\u03b5\u03bd\u03bd\u03b7\u03bc\u03ad\u03bd\u03bf\u03c2 \u03c9\u03c2 Vinsmoke Sanji \u03c0\u03c1\u03b9\u03bd \u03b1\u03c6\u03ae\u03c3\u03b5\u03b9 \u03c4\u03bf \u03b5\u03c0\u03ce\u03bd\u03c5\u03bc\u03cc \u03c4\u03bf\u03c5, \u03ad\u03c7\u03b5\u03b9 \u03c4\u03bf \u03c0\u03b1\u03c1\u03b1\u03c4\u03c3\u03bf\u03cd\u03ba\u03bb\u03b9 Black Leg Sanji. \u0395\u03af\u03bd\u03b1\u03b9 \u03bf \u03bc\u03ac\u03b3\u03b5\u03b9\u03c1\u03b1\u03c2 \u03c4\u03b7\u03c2 \u03bf\u03bc\u03ac\u03b4\u03b1\u03c2 Straw Hat Crew. \u039f Sanji \u03ad\u03bc\u03b1\u03b8\u03b5 \u03bc\u03b1\u03b3\u03b5\u03b9\u03c1\u03b9\u03ba\u03ae \u03c4\u03ad\u03c7\u03bd\u03b7 \u03c3\u03c4\u03b9\u03c2...","robots":{"index":"index","follow":"follow","max-snippet":"max-snippet:-1","max-image-preview":"max-image-preview:large","max-video-preview":"max-video-preview:-1"},"canonical":"https:\/\/boutique-one-piece.com\/el\/\u03b1\u03c6\u03af\u03c3\u03b1-\u03c0\u03bf\u03c5-\u03b6\u03b7\u03c4\u03ae\u03b8\u03b7\u03ba\u03b5-\u03b1\u03c0\u03cc-\u03c4\u03bf-one-piece\/\u03b1\u03c6\u03af\u03c3\u03b1-\u03c4\u03bf\u03c5-one-piece-wanted-vinsmoke-sanji\/","og_locale":"el_GR","og_type":"article","og_title":"Avis de Recherche One Piece Vinsmoke Sanji Wanted | D\u00e9coration One Piece \u2013 Boutique One Piece","og_description":"Jeune Nakama, le moment est venu pour toi de te procurer cet Avis de Recherche Vinsmoke Sanji Wanted. Tu n'es pas sans savoir que Sanji, n\u00e9 Vinsmoke Sanji avant de renoncer \u00e0 son nom de famille, est surnomm\u00e9 Sanji la Jambe Noire. C'est le cuisinier de l'\u00c9quipage du Chapeau de Paille. Sanji a appris l'art culinaire sur","og_url":"https:\/\/boutique-one-piece.com\/el\/\u03b1\u03c6\u03af\u03c3\u03b1-\u03c0\u03bf\u03c5-\u03b6\u03b7\u03c4\u03ae\u03b8\u03b7\u03ba\u03b5-\u03b1\u03c0\u03cc-\u03c4\u03bf-one-piece\/\u03b1\u03c6\u03af\u03c3\u03b1-\u03c4\u03bf\u03c5-one-piece-wanted-vinsmoke-sanji\/","og_site_name":"Boutique One Piece","article_modified_time":"2025-09-09T05:34:37+00:00","og_image":[{"width":799,"height":797,"url":"https:\/\/boutique-one-piece.com\/wp-content\/uploads\/2022\/09\/Avis-de-Recherche-Vinsmoke-Sanji-Wanted-1.jpg","type":"image\/jpeg"}],"twitter_card":"summary_large_image","twitter_misc":{"\u0395\u03ba\u03c4\u03b9\u03bc\u03ce\u03bc\u03b5\u03bd\u03bf\u03c2 \u03c7\u03c1\u03cc\u03bd\u03bf\u03c2 \u03b1\u03bd\u03ac\u03b3\u03bd\u03c9\u03c3\u03b7\u03c2":"2 \u03bb\u03b5\u03c0\u03c4\u03ac"},"schema":{"@context":"https:\/\/schema.org","@graph":[{"@type":"WebPage","@id":"https:\/\/boutique-one-piece.com\/avis-de-recherche-one-piece\/avis-de-recherche-one-piece-vinsmoke-sanji-wanted\/","url":"https:\/\/boutique-one-piece.com\/avis-de-recherche-one-piece\/avis-de-recherche-one-piece-vinsmoke-sanji-wanted\/","name":"\u0391\u03c6\u03af\u03c3\u03b1 One Piece Wanted: Vinsmoke Sanji | \u0394\u03b9\u03b1\u03ba\u03bf\u03c3\u03bc\u03ae\u03c3\u03b5\u03b9\u03c2 One Piece \u2013 One Piece Shop","isPartOf":{"@id":"https:\/\/boutique-one-piece.com\/#website"},"primaryImageOfPage":{"@id":"https:\/\/boutique-one-piece.com\/avis-de-recherche-one-piece\/avis-de-recherche-one-piece-vinsmoke-sanji-wanted\/#primaryimage"},"image":{"@id":"https:\/\/boutique-one-piece.com\/avis-de-recherche-one-piece\/avis-de-recherche-one-piece-vinsmoke-sanji-wanted\/#primaryimage"},"thumbnailUrl":"https:\/\/boutique-one-piece.com\/wp-content\/uploads\/2022\/09\/Avis-de-Recherche-Vinsmoke-Sanji-Wanted-1.jpg","datePublished":"2022-09-27T20:19:49+00:00","dateModified":"2025-09-09T05:34:37+00:00","description":"\u039d\u03b5\u03b1\u03c1\u03ad \u039d\u03b1\u03ba\u03ac\u03bc\u03b1, \u03ae\u03c1\u03b8\u03b5 \u03b7 \u03ce\u03c1\u03b1 \u03bd\u03b1 \u03b1\u03c0\u03bf\u03ba\u03c4\u03ae\u03c3\u03b5\u03b9\u03c2 \u03b1\u03c5\u03c4\u03ae \u03c4\u03b7\u03bd \u03b1\u03c6\u03af\u03c3\u03b1 \u03bc\u03b5 \u03c4\u03af\u03c4\u03bb\u03bf &quot;\u0396\u03b7\u03c4\u03b5\u03af\u03c4\u03b1\u03b9 \u03bf Vinsmoke Sanji&quot;. \u03a3\u03af\u03b3\u03bf\u03c5\u03c1\u03b1 \u03b3\u03bd\u03c9\u03c1\u03af\u03b6\u03b5\u03b9\u03c2 \u03cc\u03c4\u03b9 \u03bf Sanji, \u03b3\u03b5\u03bd\u03bd\u03b7\u03bc\u03ad\u03bd\u03bf\u03c2 \u03c9\u03c2 Vinsmoke Sanji \u03c0\u03c1\u03b9\u03bd \u03b1\u03c6\u03ae\u03c3\u03b5\u03b9 \u03c4\u03bf \u03b5\u03c0\u03ce\u03bd\u03c5\u03bc\u03cc \u03c4\u03bf\u03c5, \u03ad\u03c7\u03b5\u03b9 \u03c4\u03bf \u03c0\u03b1\u03c1\u03b1\u03c4\u03c3\u03bf\u03cd\u03ba\u03bb\u03b9 Black Leg Sanji. \u0395\u03af\u03bd\u03b1\u03b9 \u03bf \u03bc\u03ac\u03b3\u03b5\u03b9\u03c1\u03b1\u03c2 \u03c4\u03b7\u03c2 \u03bf\u03bc\u03ac\u03b4\u03b1\u03c2 Straw Hat Crew. \u039f Sanji \u03ad\u03bc\u03b1\u03b8\u03b5 \u03bc\u03b1\u03b3\u03b5\u03b9\u03c1\u03b9\u03ba\u03ae \u03c4\u03ad\u03c7\u03bd\u03b7 \u03c3\u03c4\u03b9\u03c2...","breadcrumb":{"@id":"https:\/\/boutique-one-piece.com\/avis-de-recherche-one-piece\/avis-de-recherche-one-piece-vinsmoke-sanji-wanted\/#breadcrumb"},"inLanguage":"el","potentialAction":[{"@type":"ReadAction","target":["https:\/\/boutique-one-piece.com\/avis-de-recherche-one-piece\/avis-de-recherche-one-piece-vinsmoke-sanji-wanted\/"]}]},{"@type":"ImageObject","inLanguage":"el","@id":"https:\/\/boutique-one-piece.com\/avis-de-recherche-one-piece\/avis-de-recherche-one-piece-vinsmoke-sanji-wanted\/#primaryimage","url":"https:\/\/boutique-one-piece.com\/wp-content\/uploads\/2022\/09\/Avis-de-Recherche-Vinsmoke-Sanji-Wanted-1.jpg","contentUrl":"https:\/\/boutique-one-piece.com\/wp-content\/uploads\/2022\/09\/Avis-de-Recherche-Vinsmoke-Sanji-Wanted-1.jpg","width":799,"height":797},{"@type":"BreadcrumbList","@id":"https:\/\/boutique-one-piece.com\/avis-de-recherche-one-piece\/avis-de-recherche-one-piece-vinsmoke-sanji-wanted\/#breadcrumb","itemListElement":[{"@type":"ListItem","position":1,"name":"Home","item":"https:\/\/boutique-one-piece.com\/"},{"@type":"ListItem","position":2,"name":"Shop","item":"https:\/\/boutique-one-piece.com\/shop\/"},{"@type":"ListItem","position":3,"name":"Avis de Recherche Vinsmoke Sanji Wanted"}]},{"@type":"WebSite","@id":"https:\/\/boutique-one-piece.com\/#website","url":"https:\/\/boutique-one-piece.com\/","name":"\u039a\u03b1\u03c4\u03ac\u03c3\u03c4\u03b7\u03bc\u03b1 One Piece","description":"\u0395\u03be\u03b5\u03b9\u03b4\u03b9\u03ba\u03b5\u03c5\u03bc\u03ad\u03bd\u03bf \u03ba\u03b1\u03c4\u03ac\u03c3\u03c4\u03b7\u03bc\u03b1 \u03b3\u03b9\u03b1 One Piece Manga \u03ba\u03b1\u03b9 Anime","publisher":{"@id":"https:\/\/boutique-one-piece.com\/#organization"},"potentialAction":[{"@type":"SearchAction","target":{"@type":"EntryPoint","urlTemplate":"https:\/\/boutique-one-piece.com\/?s={search_term_string}"},"query-input":{"@type":"PropertyValueSpecification","valueRequired":true,"valueName":"search_term_string"}}],"inLanguage":"el"},{"@type":"Organization","@id":"https:\/\/boutique-one-piece.com\/#organization","name":"\u039a\u03b1\u03c4\u03ac\u03c3\u03c4\u03b7\u03bc\u03b1 One Piece","url":"https:\/\/boutique-one-piece.com\/","logo":{"@type":"ImageObject","inLanguage":"el","@id":"https:\/\/boutique-one-piece.com\/#\/schema\/logo\/image\/","url":"https:\/\/boutique-one-piece.com\/wp-content\/uploads\/2022\/09\/Logo-01.png","contentUrl":"https:\/\/boutique-one-piece.com\/wp-content\/uploads\/2022\/09\/Logo-01.png","width":2318,"height":957,"caption":"Boutique One Piece"},"image":{"@id":"https:\/\/boutique-one-piece.com\/#\/schema\/logo\/image\/"}}]}},"_links":{"self":[{"href":"https:\/\/boutique-one-piece.com\/el\/wp-json\/wp\/v2\/product\/9443","targetHints":{"allow":["GET"]}}],"collection":[{"href":"https:\/\/boutique-one-piece.com\/el\/wp-json\/wp\/v2\/product"}],"about":[{"href":"https:\/\/boutique-one-piece.com\/el\/wp-json\/wp\/v2\/types\/product"}],"replies":[{"embeddable":true,"href":"https:\/\/boutique-one-piece.com\/el\/wp-json\/wp\/v2\/comments?post=9443"}],"wp:featuredmedia":[{"embeddable":true,"href":"https:\/\/boutique-one-piece.com\/el\/wp-json\/wp\/v2\/media\/9445"}],"wp:attachment":[{"href":"https:\/\/boutique-one-piece.com\/el\/wp-json\/wp\/v2\/media?parent=9443"}],"wp:term":[{"taxonomy":"product_brand","embeddable":true,"href":"https:\/\/boutique-one-piece.com\/el\/wp-json\/wp\/v2\/product_brand?post=9443"},{"taxonomy":"product_cat","embeddable":true,"href":"https:\/\/boutique-one-piece.com\/el\/wp-json\/wp\/v2\/product_cat?post=9443"},{"taxonomy":"product_tag","embeddable":true,"href":"https:\/\/boutique-one-piece.com\/el\/wp-json\/wp\/v2\/product_tag?post=9443"}],"curies":[{"name":"\u03b5\u03c1\u03b3\u03b1\u03c3\u03af\u03b1","href":"https:\/\/api.w.org\/{rel}","templated":true}]}}