{"id":9812,"date":"2022-09-27T20:22:31","date_gmt":"2022-09-27T20:22:31","guid":{"rendered":"https:\/\/boutique-one-piece.com\/uncategorized\/figurine-one-piece-marco-mode-phoenix\/"},"modified":"2024-09-16T11:52:01","modified_gmt":"2024-09-16T11:52:01","slug":"%ce%bf%ce%bb%cf%8c%cf%83%cf%89%ce%bc%ce%bf-%ce%b5%ce%b9%ce%b4%cf%8e%ce%bb%ce%b9%ce%bf-marco-mode-phoenix","status":"publish","type":"product","link":"https:\/\/boutique-one-piece.com\/el\/%cf%86%ce%b9%ce%b3%ce%bf%cf%8d%cf%81%ce%b5%cf%82-one-piece\/%ce%bf%ce%bb%cf%8c%cf%83%cf%89%ce%bc%ce%bf-%ce%b5%ce%b9%ce%b4%cf%8e%ce%bb%ce%b9%ce%bf-marco-mode-phoenix\/","title":{"rendered":"One Piece \u03a6\u03b9\u03b3\u03bf\u03cd\u03c1\u03b1 Marco Mode Phoenix"},"content":{"rendered":"<h2>\u039d\u03b5\u03b1\u03c1\u03ad \u03c0\u03b5\u03b9\u03c1\u03b1\u03c4\u03ae, \u03ae\u03c1\u03b8\u03b5 \u03b7 \u03ce\u03c1\u03b1 \u03bd\u03b1 \u03b1\u03c1\u03c0\u03ac\u03be\u03b5\u03b9\u03c2 \u03b1\u03c5\u03c4\u03cc \u03c4\u03bf One Piece Marco Phoenix Mode \u03a6\u03b9\u03b3\u03bf\u03cd\u03c1\u03b1.<\/h2>\n<p>\u03a5\u03c0\u03b5\u03bd\u03b8\u03c5\u03bc\u03af\u03b6\u03bf\u03c5\u03bc\u03b5 \u03cc\u03c4\u03b9 \u03c4\u03bf Tori Tori no Mi, \u039c\u03bf\u03bd\u03c4\u03ad\u03bb\u03bf: \u03a6\u03bf\u03af\u03bd\u03b9\u03be, \u03b5\u03af\u03bd\u03b1\u03b9 \u03ad\u03bd\u03b1 \u03bc\u03c5\u03b8\u03b9\u03ba\u03cc \u03c6\u03c1\u03bf\u03cd\u03c4\u03bf \u03c4\u03bf\u03c5 \u03b4\u03b9\u03b1\u03b2\u03cc\u03bb\u03bf\u03c5 \u03c4\u03cd\u03c0\u03bf\u03c5 \u0396\u03cc\u03b1\u03bd \u03c0\u03bf\u03c5 \u03c4\u03c1\u03ce\u03b3\u03b5\u03c4\u03b1\u03b9 \u03b1\u03c0\u03cc <strong>Marco<\/strong>. \u0395\u03bc\u03c6\u03b1\u03bd\u03b9\u03b6\u03cc\u03bc\u03b5\u03bd\u03bf\u03c2 \u03b3\u03b9\u03b1 \u03c0\u03c1\u03ce\u03c4\u03b7 \u03c6\u03bf\u03c1\u03ac \u03ba\u03b1\u03c4\u03ac \u03c4\u03b7 \u03b4\u03b9\u03ac\u03c1\u03ba\u03b5\u03b9\u03b1 \u03c4\u03b7\u03c2 \u039c\u03ac\u03c7\u03b7\u03c2 \u03c4\u03bf\u03c5 Marineford, \u03c4\u03bf\u03c5 \u03b5\u03c0\u03b9\u03c4\u03c1\u03ad\u03c0\u03b5\u03b9 \u03bd\u03b1 \u03bc\u03b5\u03c4\u03b1\u03bc\u03bf\u03c1\u03c6\u03c9\u03b8\u03b5\u03af \u03c3\u03b5 \u03a6\u03bf\u03af\u03bd\u03b9\u03ba\u03b1 \u03ae \u03c3\u03b5 \u03c5\u03b2\u03c1\u03b9\u03b4\u03b9\u03ba\u03ae \u03bc\u03bf\u03c1\u03c6\u03ae. \u0395\u03c0\u03b9\u03c3\u03c4\u03c1\u03ad\u03c6\u03bf\u03bd\u03c4\u03b1\u03c2 \u03c3\u03c4\u03bf\u03bd Marco, \u03bd\u03b1 \u03c4\u03b9 \u03c0\u03c1\u03ad\u03c0\u03b5\u03b9 \u03bd\u03b1 \u03be\u03ad\u03c1\u03b5\u03c4\u03b5 \u03b3\u03b9&#039; \u03b1\u03c5\u03c4\u03cc\u03bd: \u039f Marco \u03ae\u03c4\u03b1\u03bd \u03bf \u03b4\u03b9\u03bf\u03b9\u03ba\u03b7\u03c4\u03ae\u03c2 \u03c4\u03b7\u03c2 \u03a0\u03c1\u03ce\u03c4\u03b7\u03c2 \u039c\u03b5\u03c1\u03b1\u03c1\u03c7\u03af\u03b1\u03c2 \u03c4\u03c9\u03bd \u03a0\u03b5\u03b9\u03c1\u03b1\u03c4\u03ce\u03bd Whitebeard.<\/p>\n<p>\u0389\u03c4\u03b1\u03bd \u03b5\u03c0\u03af\u03c3\u03b7\u03c2 \u03c4\u03bf \u03b4\u03b5\u03be\u03af \u03c7\u03ad\u03c1\u03b9 \u03c4\u03bf\u03c5 \u0393\u03b9\u03cc\u03bd\u03ba\u03bf \u0391\u03c3\u03c0\u03c1\u03bf\u03b3\u03ad\u03bd\u03b7 \u03ba\u03b1\u03b9 \u03bf \u03c0\u03b9\u03bf \u03c3\u03c4\u03b5\u03bd\u03cc\u03c2 \u03ad\u03bc\u03c0\u03b9\u03c3\u03c4\u03cc\u03c2 \u03c4\u03bf\u03c5. \u039c\u03b5\u03c4\u03ac \u03c4\u03bf\u03bd \u03a0\u03cc\u03bb\u03b5\u03bc\u03bf \u03c4\u03b7\u03c2 \u0391\u03bd\u03c4\u03af\u03c0\u03bf\u03b9\u03bd\u03b1\u03c2, \u03bf \u039c\u03ac\u03c1\u03ba\u03bf \u03b5\u03c0\u03ad\u03c3\u03c4\u03c1\u03b5\u03c8\u03b5 \u03c3\u03c4\u03b7 \u03a3\u03c6\u03af\u03b3\u03b3\u03b1, \u03c4\u03b7 \u03b3\u03b5\u03bd\u03ad\u03c4\u03b5\u03b9\u03c1\u03b1 \u03c4\u03bf\u03c5 \u03b5\u03ba\u03bb\u03b9\u03c0\u03cc\u03bd\u03c4\u03bf\u03c2 \u03ba\u03b1\u03c0\u03b5\u03c4\u03ac\u03bd\u03b9\u03bf\u03c5 \u03c4\u03bf\u03c5. \u03a4\u03ce\u03c1\u03b1 \u03b5\u03bd\u03b5\u03c1\u03b3\u03b5\u03af \u03c9\u03c2 <strong>\u03b3\u03b9\u03b1\u03c4\u03c1\u03cc\u03c2 \u03ba\u03b1\u03b9 \u03c0\u03c1\u03bf\u03c3\u03c4\u03ac\u03c4\u03b7\u03c2<\/strong> \u03ba\u03b1\u03c4\u03bf\u03af\u03ba\u03bf\u03c5\u03c2 \u03c4\u03bf\u03c5 \u03bd\u03b7\u03c3\u03b9\u03bf\u03cd \u03ba\u03b1\u03b9 \u03bc\u03ad\u03bb\u03b7 \u03c4\u03bf\u03c5 \u03c0\u03bb\u03b7\u03c1\u03ce\u03bc\u03b1\u03c4\u03bf\u03c2 \u03c4\u03bf\u03c5 \u0391\u03c3\u03c0\u03c1\u03bf\u03b3\u03ad\u03bd\u03b7. \u0395\u03c0\u03af\u03c3\u03b7\u03c2, \u03b1\u03bd \u03b8\u03ad\u03bb\u03b5\u03c4\u03b5 \u03bd\u03b1 \u03b5\u03c0\u03b5\u03ba\u03c4\u03b5\u03af\u03bd\u03b5\u03c4\u03b5 \u03c4\u03b7 \u03c3\u03c5\u03bb\u03bb\u03bf\u03b3\u03ae \u03b5\u03b9\u03b4\u03c9\u03bb\u03af\u03c9\u03bd \u03c3\u03b1\u03c2, \u03c4\u03bf <a title=\"ONE PIECE EDWARD NEWGATE \u039f \u0391\u03a5\u03a4\u039f\u039a\u03a1\u0391\u03a4\u039f\u03a1\u0391\u03a3 \u039b\u0395\u03a5\u039a\u039f\u0393\u0395\u039d\u0395\u0391\u03a3\" href=\"https:\/\/boutique-one-piece.com\/el\/one-piece-edward-newgate-%ce%bf-%ce%b1%cf%85%cf%84%ce%bf%ce%ba%cf%81%ce%ac%cf%84%ce%bf%cf%81%ce%b1%cf%82-%cf%84%ce%b7%cf%82-%ce%bb%ce%b5%cf%85%ce%ba%ce%bf%ce%b3%ce%ad%ce%bd%ce%b7%cf%82\/\" target=\"_blank\" rel=\"noopener\">\u03a6\u03b9\u03b3\u03bf\u03cd\u03c1\u03b1 \u03c4\u03bf\u03c5 \u0388\u03bd\u03c4\u03bf\u03c5\u03b1\u03c1\u03bd\u03c4 \u039d\u03b9\u03bf\u03cd\u03b3\u03ba\u03b5\u03ca\u03c4, \u039f \u0391\u03c5\u03c4\u03bf\u03ba\u03c1\u03ac\u03c4\u03bf\u03c1\u03b1\u03c2 \u039b\u03b5\u03c5\u03ba\u03bf\u03b3\u03ad\u03bd\u03b7\u03c2<\/a> \u03b5\u03af\u03bd\u03b1\u03b9 \u03b5\u03bd\u03c4\u03cc\u03c2 \u03c4\u03c9\u03bd \u03b4\u03c5\u03bd\u03b1\u03c4\u03bf\u03c4\u03ae\u03c4\u03c9\u03bd \u03c3\u03b1\u03c2.<\/p>\n<p><strong>\u039b\u03bf\u03b9\u03c0\u03cc\u03bd, \u03c3\u03b1\u03c2 \u03ad\u03c7\u03b5\u03b9 \u03b3\u03bf\u03b7\u03c4\u03b5\u03cd\u03c3\u03b5\u03b9 \u03bf \u039c\u03ac\u03c1\u03ba\u03bf, \u03b3\u03bd\u03c9\u03c3\u03c4\u03cc\u03c2 \u03ba\u03b1\u03b9 \u03c9\u03c2 \u039c\u03ac\u03c1\u03ba\u03bf \u03bf \u03a6\u03bf\u03af\u03bd\u03b9\u03ba\u03b1\u03c2; \u0391\u03bd \u03bd\u03b1\u03b9, \u03b5\u03bb\u03ac\u03c4\u03b5 \u03bc\u03b1\u03b6\u03af \u03c4\u03bf\u03c5 \u03c3\u03c4\u03b7 \u03a3\u03c6\u03af\u03b3\u03b3\u03b1 \u03ba\u03b1\u03b9 \u03b2\u03bf\u03b7\u03b8\u03ae\u03c3\u03c4\u03b5 \u03c4\u03bf\u03bd \u03bd\u03b1 \u03bf\u03bb\u03bf\u03ba\u03bb\u03b7\u03c1\u03ce\u03c3\u03b5\u03b9 \u03c4\u03b7\u03bd \u03b1\u03c0\u03bf\u03c3\u03c4\u03bf\u03bb\u03ae \u03c4\u03bf\u03c5.<\/strong><\/p>\n<p><strong>\u039c\u03bf\u03bd\u03bf\u03ba\u03cc\u03bc\u03bc\u03b1\u03c4\u03bf\u03c2<\/strong> \u03b5\u03af\u03bd\u03b1\u03b9 \u03c4\u03bf manga \u03bc\u03b5 \u03c4\u03b9\u03c2 \u03bc\u03b5\u03b3\u03b1\u03bb\u03cd\u03c4\u03b5\u03c1\u03b5\u03c2 \u03c0\u03c9\u03bb\u03ae\u03c3\u03b5\u03b9\u03c2 \u03c3\u03c4\u03bf\u03bd \u03ba\u03cc\u03c3\u03bc\u03bf. \u039d\u03b1 \u03b5\u03af\u03c3\u03c4\u03b5 \u03c0\u03b5\u03c1\u03ae\u03c6\u03b1\u03bd\u03bf\u03b9 \u03c0\u03bf\u03c5 \u03b5\u03af\u03c3\u03c4\u03b5 \u03bc\u03ad\u03c1\u03bf\u03c2 \u03b1\u03c5\u03c4\u03ae\u03c2 \u03c4\u03b7\u03c2 \u03c0\u03b5\u03c1\u03b9\u03c0\u03ad\u03c4\u03b5\u03b9\u03b1\u03c2 \u03ba\u03b1\u03b9 \u03c3\u03c5\u03bd\u03b5\u03c7\u03af\u03c3\u03c4\u03b5 \u03bd\u03b1 \u03b4\u03b5\u03af\u03c7\u03bd\u03b5\u03c4\u03b5 \u03c4\u03bf\u03bd \u03b5\u03bd\u03b8\u03bf\u03c5\u03c3\u03b9\u03b1\u03c3\u03bc\u03cc \u03c3\u03b1\u03c2 \u03b3\u03b9\u03b1 \u03b1\u03c5\u03c4\u03ae \u03c4\u03b7 \u03c3\u03b5\u03b9\u03c1\u03ac. \u0395\u03af\u03c4\u03b5 \u03b5\u03af\u03c3\u03c4\u03b5 \u03bc\u03b1\u03ba\u03c1\u03bf\u03c7\u03c1\u03cc\u03bd\u03b9\u03bf\u03c2 \u03b8\u03b1\u03c5\u03bc\u03b1\u03c3\u03c4\u03ae\u03c2 \u03b5\u03af\u03c4\u03b5 \u03b1\u03c6\u03bf\u03c3\u03b9\u03c9\u03bc\u03ad\u03bd\u03bf\u03c2 \u03c3\u03c5\u03bb\u03bb\u03ad\u03ba\u03c4\u03b7\u03c2, \u03b1\u03c5\u03c4\u03ac \u03c4\u03b1 \u03b8\u03c1\u03c5\u03bb\u03b9\u03ba\u03ac \u03b1\u03bd\u03c4\u03b9\u03ba\u03b5\u03af\u03bc\u03b5\u03bd\u03b1 \u03b5\u03af\u03bd\u03b1\u03b9 \u03c3\u03af\u03b3\u03bf\u03c5\u03c1\u03b1 \u03b3\u03b9\u03b1 \u03b5\u03c3\u03ac\u03c2. \u039c\u03b7\u03bd \u03c0\u03b5\u03c1\u03b9\u03bc\u03ad\u03bd\u03b5\u03c4\u03b5 \u03bb\u03bf\u03b9\u03c0\u03cc\u03bd \u03ac\u03bb\u03bb\u03bf \u03ba\u03b1\u03b9 \u03b1\u03b4\u03c1\u03ac\u03be\u03c4\u03b5 \u03c4\u03b7\u03bd \u03b5\u03c5\u03ba\u03b1\u03b9\u03c1\u03af\u03b1 \u03bd\u03b1 \u03b3\u03af\u03bd\u03b5\u03c4\u03b5 \u03bc\u03ad\u03bb\u03bf\u03c2 \u03c4\u03b7\u03c2 \u03bf\u03bc\u03ac\u03b4\u03b1\u03c2! <strong>\u03c8\u03ac\u03b8\u03b9\u03bd\u03bf \u03ba\u03b1\u03c0\u03ad\u03bb\u03bf<\/strong>. \u0397 \u03bc\u03bf\u03af\u03c1\u03b1 \u03c3\u03bf\u03c5 \u03b5\u03af\u03bd\u03b1\u03b9 \u03c3\u03c4\u03b1 \u03c7\u03ad\u03c1\u03b9\u03b1 \u03c3\u03bf\u03c5, \u03bd\u03b5\u03b1\u03c1\u03ad \u03c0\u03b5\u03b9\u03c1\u03b1\u03c4\u03ae!<\/p>\n<h2>\u03a0\u03bb\u03b7\u03c1\u03bf\u03c6\u03bf\u03c1\u03af\u03b5\u03c2 \u03c3\u03c7\u03b5\u03c4\u03b9\u03ba\u03ac \u03bc\u03b5 \u03c4\u03b7 \u03a6\u03b9\u03b3\u03bf\u03cd\u03c1\u03b1 Marco Mode Phoenix\u00a0<\/h2>\n<ul>\n<li><span><b><u>\u039f\u03bb\u03cc\u03c3\u03c9\u03bc\u03bf \u03b5\u03b9\u03b4\u03ce\u03bb\u03b9\u03bf<\/u><\/b>\u00a0\u03a6\u03b9\u03b3\u03bf\u03cd\u03c1\u03b1 One Piece Premium \u03b3\u03b9\u03b1 \u03b1\u03bb\u03b7\u03b8\u03b9\u03bd\u03bf\u03cd\u03c2 \u03c0\u03b5\u03b9\u03c1\u03b1\u03c4\u03ad\u03c2<\/span><\/li>\n<\/ul>\n<ul>\n<li>\n<b>\u03a5\u03bb\u03b7<\/b><span>\u00a0<\/span>PVC<\/li>\n<\/ul>\n<ul>\n<li><span><strong>\u0394\u03b9\u03ac\u03c3\u03c4\u03b1\u03c3\u03b7<\/strong>\u00a0: 39 \u03b5\u03ba.<\/span><\/li>\n<\/ul>\n<ul>\n<li><span><strong>\u0394\u03a9\u03a1\u0395\u0391\u039d \u03a0\u0391\u03a1\u0391\u0394\u039f\u03a3\u0397<\/strong><\/span><\/li>\n<\/ul>","protected":false},"excerpt":{"rendered":"<p>Jeune pirate, le moment est venu pour toi de t&#8217;emparer de cette Figurine One Piece Marco Mode Phoenix. Pour rappel, Le Tori Tori no Mi, mod\u00e8le Phoenix, est un Fruit du D\u00e9mon de type Zoan Mythique mang\u00e9 par Marco. Apparaissant pour la premi\u00e8re fois lors de la bataille de Marineford, il lui permet de se [&hellip;]<\/p>","protected":false},"featured_media":9814,"comment_status":"open","ping_status":"open","template":"","meta":[],"product_brand":[],"product_cat":[76],"product_tag":[210],"class_list":{"0":"post-9812","1":"product","2":"type-product","3":"status-publish","4":"has-post-thumbnail","6":"product_cat-figurines-one-piece","7":"product_tag-marco","9":"first","10":"instock","11":"purchasable","12":"product-type-simple"},"yoast_head":"<!-- This site is optimized with the Yoast SEO plugin v27.5 - https:\/\/yoast.com\/product\/yoast-seo-wordpress\/ -->\n<title>Figurine One Piece Marco Mode Phoenix | Figurine One Piece \u2013 Boutique One Piece<\/title>\n<meta name=\"description\" content=\"Jeune pirate, le moment est venu pour toi de t&#039;emparer de cette Figurine One Piece Marco Mode Phoenix. Pour rappel, Le Tori Tori no Mi, mod\u00e8le Phoenix, est un Fruit du D\u00e9mon de type Zoan Mythique mang\u00e9 par Marco. Apparaissant pour la premi\u00e8re fois lors de la bataille de Marineford, il lui permet de se transformer en Ph\" \/>\n<meta name=\"robots\" content=\"index, follow, max-snippet:-1, max-image-preview:large, max-video-preview:-1\" \/>\n<link rel=\"canonical\" href=\"https:\/\/boutique-one-piece.com\/el\/\u03c6\u03b9\u03b3\u03bf\u03cd\u03c1\u03b5\u03c2-one-piece\/\u03bf\u03bb\u03cc\u03c3\u03c9\u03bc\u03bf-\u03b5\u03b9\u03b4\u03ce\u03bb\u03b9\u03bf-marco-mode-phoenix\/\" \/>\n<meta property=\"og:locale\" content=\"el_GR\" \/>\n<meta property=\"og:type\" content=\"article\" \/>\n<meta property=\"og:title\" content=\"Figurine One Piece Marco Mode Phoenix | Figurine One Piece \u2013 Boutique One Piece\" \/>\n<meta property=\"og:description\" content=\"Jeune pirate, le moment est venu pour toi de t&#039;emparer de cette Figurine One Piece Marco Mode Phoenix. Pour rappel, Le Tori Tori no Mi, mod\u00e8le Phoenix, est un Fruit du D\u00e9mon de type Zoan Mythique mang\u00e9 par Marco. Apparaissant pour la premi\u00e8re fois lors de la bataille de Marineford, il lui permet de se transformer en Ph\" \/>\n<meta property=\"og:url\" content=\"https:\/\/boutique-one-piece.com\/el\/\u03c6\u03b9\u03b3\u03bf\u03cd\u03c1\u03b5\u03c2-one-piece\/\u03bf\u03bb\u03cc\u03c3\u03c9\u03bc\u03bf-\u03b5\u03b9\u03b4\u03ce\u03bb\u03b9\u03bf-marco-mode-phoenix\/\" \/>\n<meta property=\"og:site_name\" content=\"Boutique One Piece\" \/>\n<meta property=\"article:modified_time\" content=\"2024-09-16T11:52:01+00:00\" \/>\n<meta property=\"og:image\" content=\"https:\/\/boutique-one-piece.com\/wp-content\/uploads\/2022\/09\/Figurine-One-Piece-Marco-Mode-Phoenix.jpg\" \/>\n\t<meta property=\"og:image:width\" content=\"640\" \/>\n\t<meta property=\"og:image:height\" content=\"640\" \/>\n\t<meta property=\"og:image:type\" content=\"image\/jpeg\" \/>\n<meta name=\"twitter:card\" content=\"summary_large_image\" \/>\n<meta name=\"twitter:label1\" content=\"\u0395\u03ba\u03c4\u03b9\u03bc\u03ce\u03bc\u03b5\u03bd\u03bf\u03c2 \u03c7\u03c1\u03cc\u03bd\u03bf\u03c2 \u03b1\u03bd\u03ac\u03b3\u03bd\u03c9\u03c3\u03b7\u03c2\" \/>\n\t<meta name=\"twitter:data1\" content=\"2 \u03bb\u03b5\u03c0\u03c4\u03ac\" \/>\n<script type=\"application\/ld+json\" class=\"yoast-schema-graph\">{\"@context\":\"https:\\\/\\\/schema.org\",\"@graph\":[{\"@type\":\"WebPage\",\"@id\":\"https:\\\/\\\/boutique-one-piece.com\\\/figurines-one-piece\\\/figurine-one-piece-marco-mode-phoenix\\\/\",\"url\":\"https:\\\/\\\/boutique-one-piece.com\\\/figurines-one-piece\\\/figurine-one-piece-marco-mode-phoenix\\\/\",\"name\":\"Figurine One Piece Marco Mode Phoenix | Figurine One Piece \u2013 Boutique One Piece\",\"isPartOf\":{\"@id\":\"https:\\\/\\\/boutique-one-piece.com\\\/#website\"},\"primaryImageOfPage\":{\"@id\":\"https:\\\/\\\/boutique-one-piece.com\\\/figurines-one-piece\\\/figurine-one-piece-marco-mode-phoenix\\\/#primaryimage\"},\"image\":{\"@id\":\"https:\\\/\\\/boutique-one-piece.com\\\/figurines-one-piece\\\/figurine-one-piece-marco-mode-phoenix\\\/#primaryimage\"},\"thumbnailUrl\":\"https:\\\/\\\/boutique-one-piece.com\\\/wp-content\\\/uploads\\\/2022\\\/09\\\/Figurine-One-Piece-Marco-Mode-Phoenix.jpg\",\"datePublished\":\"2022-09-27T20:22:31+00:00\",\"dateModified\":\"2024-09-16T11:52:01+00:00\",\"description\":\"Jeune pirate, le moment est venu pour toi de t'emparer de cette Figurine One Piece Marco Mode Phoenix. Pour rappel, Le Tori Tori no Mi, mod\u00e8le Phoenix, est un Fruit du D\u00e9mon de type Zoan Mythique mang\u00e9 par Marco. Apparaissant pour la premi\u00e8re fois lors de la bataille de Marineford, il lui permet de se transformer en Ph\",\"breadcrumb\":{\"@id\":\"https:\\\/\\\/boutique-one-piece.com\\\/figurines-one-piece\\\/figurine-one-piece-marco-mode-phoenix\\\/#breadcrumb\"},\"inLanguage\":\"el\",\"potentialAction\":[{\"@type\":\"ReadAction\",\"target\":[\"https:\\\/\\\/boutique-one-piece.com\\\/figurines-one-piece\\\/figurine-one-piece-marco-mode-phoenix\\\/\"]}]},{\"@type\":\"ImageObject\",\"inLanguage\":\"el\",\"@id\":\"https:\\\/\\\/boutique-one-piece.com\\\/figurines-one-piece\\\/figurine-one-piece-marco-mode-phoenix\\\/#primaryimage\",\"url\":\"https:\\\/\\\/boutique-one-piece.com\\\/wp-content\\\/uploads\\\/2022\\\/09\\\/Figurine-One-Piece-Marco-Mode-Phoenix.jpg\",\"contentUrl\":\"https:\\\/\\\/boutique-one-piece.com\\\/wp-content\\\/uploads\\\/2022\\\/09\\\/Figurine-One-Piece-Marco-Mode-Phoenix.jpg\",\"width\":640,\"height\":640,\"caption\":\"Figurine One Piece Marco Mode Phoenix Default Title\"},{\"@type\":\"BreadcrumbList\",\"@id\":\"https:\\\/\\\/boutique-one-piece.com\\\/figurines-one-piece\\\/figurine-one-piece-marco-mode-phoenix\\\/#breadcrumb\",\"itemListElement\":[{\"@type\":\"ListItem\",\"position\":1,\"name\":\"Home\",\"item\":\"https:\\\/\\\/boutique-one-piece.com\\\/\"},{\"@type\":\"ListItem\",\"position\":2,\"name\":\"Shop\",\"item\":\"https:\\\/\\\/boutique-one-piece.com\\\/shop\\\/\"},{\"@type\":\"ListItem\",\"position\":3,\"name\":\"Figurine One Piece Marco Mode Phoenix\"}]},{\"@type\":\"WebSite\",\"@id\":\"https:\\\/\\\/boutique-one-piece.com\\\/#website\",\"url\":\"https:\\\/\\\/boutique-one-piece.com\\\/\",\"name\":\"Boutique One Piece\",\"description\":\"Magasin Sp\u00e9cialis\u00e9 du Manga et l&#039;Anime One Piece\",\"publisher\":{\"@id\":\"https:\\\/\\\/boutique-one-piece.com\\\/#organization\"},\"potentialAction\":[{\"@type\":\"SearchAction\",\"target\":{\"@type\":\"EntryPoint\",\"urlTemplate\":\"https:\\\/\\\/boutique-one-piece.com\\\/?s={search_term_string}\"},\"query-input\":{\"@type\":\"PropertyValueSpecification\",\"valueRequired\":true,\"valueName\":\"search_term_string\"}}],\"inLanguage\":\"el\"},{\"@type\":\"Organization\",\"@id\":\"https:\\\/\\\/boutique-one-piece.com\\\/#organization\",\"name\":\"Boutique One Piece\",\"url\":\"https:\\\/\\\/boutique-one-piece.com\\\/\",\"logo\":{\"@type\":\"ImageObject\",\"inLanguage\":\"el\",\"@id\":\"https:\\\/\\\/boutique-one-piece.com\\\/#\\\/schema\\\/logo\\\/image\\\/\",\"url\":\"https:\\\/\\\/boutique-one-piece.com\\\/wp-content\\\/uploads\\\/2022\\\/09\\\/Logo-01.png\",\"contentUrl\":\"https:\\\/\\\/boutique-one-piece.com\\\/wp-content\\\/uploads\\\/2022\\\/09\\\/Logo-01.png\",\"width\":2318,\"height\":957,\"caption\":\"Boutique One Piece\"},\"image\":{\"@id\":\"https:\\\/\\\/boutique-one-piece.com\\\/#\\\/schema\\\/logo\\\/image\\\/\"}}]}<\/script>\n<!-- \/ Yoast SEO plugin. -->","yoast_head_json":{"title":"\u03a6\u03b9\u03b3\u03bf\u03cd\u03c1\u03b1 One Piece Marco Mode Phoenix | \u03a6\u03b9\u03b3\u03bf\u03cd\u03c1\u03b1 One Piece \u2013 One Piece Shop","description":"\u039d\u03b5\u03b1\u03c1\u03ad \u03c0\u03b5\u03b9\u03c1\u03b1\u03c4\u03ae, \u03ae\u03c1\u03b8\u03b5 \u03b7 \u03ce\u03c1\u03b1 \u03bd\u03b1 \u03ba\u03b1\u03c4\u03b1\u03bb\u03ac\u03b2\u03b5\u03b9\u03c2 \u03b1\u03c5\u03c4\u03ae \u03c4\u03b7\u03bd One Piece \u03a6\u03b9\u03b3\u03bf\u03cd\u03c1\u03b1 Marco Phoenix Mode. \u03a5\u03c0\u03b5\u03bd\u03b8\u03c5\u03bc\u03af\u03b6\u03bf\u03c5\u03bc\u03b5 \u03cc\u03c4\u03b9 \u03b7 Tori Tori no Mi, \u039c\u03bf\u03bd\u03c4\u03ad\u03bb\u03bf \u03a6\u03bf\u03af\u03bd\u03b9\u03ba\u03b1, \u03b5\u03af\u03bd\u03b1\u03b9 \u03ad\u03bd\u03b1 \u03bc\u03c5\u03b8\u03b9\u03ba\u03cc \u03c6\u03c1\u03bf\u03cd\u03c4\u03bf \u03c4\u03bf\u03c5 \u03b4\u03b9\u03b1\u03b2\u03cc\u03bb\u03bf\u03c5 \u03c4\u03cd\u03c0\u03bf\u03c5 Zoan \u03c0\u03bf\u03c5 \u03c4\u03bf \u03ad\u03c6\u03b1\u03b3\u03b5 \u03bf Marco. \u0395\u03bc\u03c6\u03b1\u03bd\u03af\u03c3\u03c4\u03b7\u03ba\u03b5 \u03b3\u03b9\u03b1 \u03c0\u03c1\u03ce\u03c4\u03b7 \u03c6\u03bf\u03c1\u03ac \u03ba\u03b1\u03c4\u03ac \u03c4\u03b7 \u03b4\u03b9\u03ac\u03c1\u03ba\u03b5\u03b9\u03b1 \u03c4\u03b7\u03c2 \u039c\u03ac\u03c7\u03b7\u03c2 \u03c4\u03bf\u03c5 Marineford \u03ba\u03b1\u03b9 \u03c4\u03bf\u03c5 \u03b5\u03c0\u03ad\u03c4\u03c1\u03b5\u03c8\u03b5 \u03bd\u03b1 \u03bc\u03b5\u03c4\u03b1\u03bc\u03bf\u03c1\u03c6\u03c9\u03b8\u03b5\u03af \u03c3\u03b5 \u03a6\u03bf\u03af\u03bd\u03b9\u03ba\u03b1.","robots":{"index":"index","follow":"follow","max-snippet":"max-snippet:-1","max-image-preview":"max-image-preview:large","max-video-preview":"max-video-preview:-1"},"canonical":"https:\/\/boutique-one-piece.com\/el\/\u03c6\u03b9\u03b3\u03bf\u03cd\u03c1\u03b5\u03c2-one-piece\/\u03bf\u03bb\u03cc\u03c3\u03c9\u03bc\u03bf-\u03b5\u03b9\u03b4\u03ce\u03bb\u03b9\u03bf-marco-mode-phoenix\/","og_locale":"el_GR","og_type":"article","og_title":"Figurine One Piece Marco Mode Phoenix | Figurine One Piece \u2013 Boutique One Piece","og_description":"Jeune pirate, le moment est venu pour toi de t'emparer de cette Figurine One Piece Marco Mode Phoenix. Pour rappel, Le Tori Tori no Mi, mod\u00e8le Phoenix, est un Fruit du D\u00e9mon de type Zoan Mythique mang\u00e9 par Marco. Apparaissant pour la premi\u00e8re fois lors de la bataille de Marineford, il lui permet de se transformer en Ph","og_url":"https:\/\/boutique-one-piece.com\/el\/\u03c6\u03b9\u03b3\u03bf\u03cd\u03c1\u03b5\u03c2-one-piece\/\u03bf\u03bb\u03cc\u03c3\u03c9\u03bc\u03bf-\u03b5\u03b9\u03b4\u03ce\u03bb\u03b9\u03bf-marco-mode-phoenix\/","og_site_name":"Boutique One Piece","article_modified_time":"2024-09-16T11:52:01+00:00","og_image":[{"width":640,"height":640,"url":"https:\/\/boutique-one-piece.com\/wp-content\/uploads\/2022\/09\/Figurine-One-Piece-Marco-Mode-Phoenix.jpg","type":"image\/jpeg"}],"twitter_card":"summary_large_image","twitter_misc":{"\u0395\u03ba\u03c4\u03b9\u03bc\u03ce\u03bc\u03b5\u03bd\u03bf\u03c2 \u03c7\u03c1\u03cc\u03bd\u03bf\u03c2 \u03b1\u03bd\u03ac\u03b3\u03bd\u03c9\u03c3\u03b7\u03c2":"2 \u03bb\u03b5\u03c0\u03c4\u03ac"},"schema":{"@context":"https:\/\/schema.org","@graph":[{"@type":"WebPage","@id":"https:\/\/boutique-one-piece.com\/figurines-one-piece\/figurine-one-piece-marco-mode-phoenix\/","url":"https:\/\/boutique-one-piece.com\/figurines-one-piece\/figurine-one-piece-marco-mode-phoenix\/","name":"\u03a6\u03b9\u03b3\u03bf\u03cd\u03c1\u03b1 One Piece Marco Mode Phoenix | \u03a6\u03b9\u03b3\u03bf\u03cd\u03c1\u03b1 One Piece \u2013 One Piece Shop","isPartOf":{"@id":"https:\/\/boutique-one-piece.com\/#website"},"primaryImageOfPage":{"@id":"https:\/\/boutique-one-piece.com\/figurines-one-piece\/figurine-one-piece-marco-mode-phoenix\/#primaryimage"},"image":{"@id":"https:\/\/boutique-one-piece.com\/figurines-one-piece\/figurine-one-piece-marco-mode-phoenix\/#primaryimage"},"thumbnailUrl":"https:\/\/boutique-one-piece.com\/wp-content\/uploads\/2022\/09\/Figurine-One-Piece-Marco-Mode-Phoenix.jpg","datePublished":"2022-09-27T20:22:31+00:00","dateModified":"2024-09-16T11:52:01+00:00","description":"\u039d\u03b5\u03b1\u03c1\u03ad \u03c0\u03b5\u03b9\u03c1\u03b1\u03c4\u03ae, \u03ae\u03c1\u03b8\u03b5 \u03b7 \u03ce\u03c1\u03b1 \u03bd\u03b1 \u03ba\u03b1\u03c4\u03b1\u03bb\u03ac\u03b2\u03b5\u03b9\u03c2 \u03b1\u03c5\u03c4\u03ae \u03c4\u03b7\u03bd One Piece \u03a6\u03b9\u03b3\u03bf\u03cd\u03c1\u03b1 Marco Phoenix Mode. \u03a5\u03c0\u03b5\u03bd\u03b8\u03c5\u03bc\u03af\u03b6\u03bf\u03c5\u03bc\u03b5 \u03cc\u03c4\u03b9 \u03b7 Tori Tori no Mi, \u039c\u03bf\u03bd\u03c4\u03ad\u03bb\u03bf \u03a6\u03bf\u03af\u03bd\u03b9\u03ba\u03b1, \u03b5\u03af\u03bd\u03b1\u03b9 \u03ad\u03bd\u03b1 \u03bc\u03c5\u03b8\u03b9\u03ba\u03cc \u03c6\u03c1\u03bf\u03cd\u03c4\u03bf \u03c4\u03bf\u03c5 \u03b4\u03b9\u03b1\u03b2\u03cc\u03bb\u03bf\u03c5 \u03c4\u03cd\u03c0\u03bf\u03c5 Zoan \u03c0\u03bf\u03c5 \u03c4\u03bf \u03ad\u03c6\u03b1\u03b3\u03b5 \u03bf Marco. \u0395\u03bc\u03c6\u03b1\u03bd\u03af\u03c3\u03c4\u03b7\u03ba\u03b5 \u03b3\u03b9\u03b1 \u03c0\u03c1\u03ce\u03c4\u03b7 \u03c6\u03bf\u03c1\u03ac \u03ba\u03b1\u03c4\u03ac \u03c4\u03b7 \u03b4\u03b9\u03ac\u03c1\u03ba\u03b5\u03b9\u03b1 \u03c4\u03b7\u03c2 \u039c\u03ac\u03c7\u03b7\u03c2 \u03c4\u03bf\u03c5 Marineford \u03ba\u03b1\u03b9 \u03c4\u03bf\u03c5 \u03b5\u03c0\u03ad\u03c4\u03c1\u03b5\u03c8\u03b5 \u03bd\u03b1 \u03bc\u03b5\u03c4\u03b1\u03bc\u03bf\u03c1\u03c6\u03c9\u03b8\u03b5\u03af \u03c3\u03b5 \u03a6\u03bf\u03af\u03bd\u03b9\u03ba\u03b1.","breadcrumb":{"@id":"https:\/\/boutique-one-piece.com\/figurines-one-piece\/figurine-one-piece-marco-mode-phoenix\/#breadcrumb"},"inLanguage":"el","potentialAction":[{"@type":"ReadAction","target":["https:\/\/boutique-one-piece.com\/figurines-one-piece\/figurine-one-piece-marco-mode-phoenix\/"]}]},{"@type":"ImageObject","inLanguage":"el","@id":"https:\/\/boutique-one-piece.com\/figurines-one-piece\/figurine-one-piece-marco-mode-phoenix\/#primaryimage","url":"https:\/\/boutique-one-piece.com\/wp-content\/uploads\/2022\/09\/Figurine-One-Piece-Marco-Mode-Phoenix.jpg","contentUrl":"https:\/\/boutique-one-piece.com\/wp-content\/uploads\/2022\/09\/Figurine-One-Piece-Marco-Mode-Phoenix.jpg","width":640,"height":640,"caption":"Figurine One Piece Marco Mode Phoenix Default Title"},{"@type":"BreadcrumbList","@id":"https:\/\/boutique-one-piece.com\/figurines-one-piece\/figurine-one-piece-marco-mode-phoenix\/#breadcrumb","itemListElement":[{"@type":"ListItem","position":1,"name":"Home","item":"https:\/\/boutique-one-piece.com\/"},{"@type":"ListItem","position":2,"name":"Shop","item":"https:\/\/boutique-one-piece.com\/shop\/"},{"@type":"ListItem","position":3,"name":"Figurine One Piece Marco Mode Phoenix"}]},{"@type":"WebSite","@id":"https:\/\/boutique-one-piece.com\/#website","url":"https:\/\/boutique-one-piece.com\/","name":"\u039a\u03b1\u03c4\u03ac\u03c3\u03c4\u03b7\u03bc\u03b1 One Piece","description":"\u0395\u03be\u03b5\u03b9\u03b4\u03b9\u03ba\u03b5\u03c5\u03bc\u03ad\u03bd\u03bf \u03ba\u03b1\u03c4\u03ac\u03c3\u03c4\u03b7\u03bc\u03b1 \u03b3\u03b9\u03b1 One Piece Manga \u03ba\u03b1\u03b9 Anime","publisher":{"@id":"https:\/\/boutique-one-piece.com\/#organization"},"potentialAction":[{"@type":"SearchAction","target":{"@type":"EntryPoint","urlTemplate":"https:\/\/boutique-one-piece.com\/?s={search_term_string}"},"query-input":{"@type":"PropertyValueSpecification","valueRequired":true,"valueName":"search_term_string"}}],"inLanguage":"el"},{"@type":"Organization","@id":"https:\/\/boutique-one-piece.com\/#organization","name":"\u039a\u03b1\u03c4\u03ac\u03c3\u03c4\u03b7\u03bc\u03b1 One Piece","url":"https:\/\/boutique-one-piece.com\/","logo":{"@type":"ImageObject","inLanguage":"el","@id":"https:\/\/boutique-one-piece.com\/#\/schema\/logo\/image\/","url":"https:\/\/boutique-one-piece.com\/wp-content\/uploads\/2022\/09\/Logo-01.png","contentUrl":"https:\/\/boutique-one-piece.com\/wp-content\/uploads\/2022\/09\/Logo-01.png","width":2318,"height":957,"caption":"Boutique One Piece"},"image":{"@id":"https:\/\/boutique-one-piece.com\/#\/schema\/logo\/image\/"}}]}},"_links":{"self":[{"href":"https:\/\/boutique-one-piece.com\/el\/wp-json\/wp\/v2\/product\/9812","targetHints":{"allow":["GET"]}}],"collection":[{"href":"https:\/\/boutique-one-piece.com\/el\/wp-json\/wp\/v2\/product"}],"about":[{"href":"https:\/\/boutique-one-piece.com\/el\/wp-json\/wp\/v2\/types\/product"}],"replies":[{"embeddable":true,"href":"https:\/\/boutique-one-piece.com\/el\/wp-json\/wp\/v2\/comments?post=9812"}],"wp:featuredmedia":[{"embeddable":true,"href":"https:\/\/boutique-one-piece.com\/el\/wp-json\/wp\/v2\/media\/9814"}],"wp:attachment":[{"href":"https:\/\/boutique-one-piece.com\/el\/wp-json\/wp\/v2\/media?parent=9812"}],"wp:term":[{"taxonomy":"product_brand","embeddable":true,"href":"https:\/\/boutique-one-piece.com\/el\/wp-json\/wp\/v2\/product_brand?post=9812"},{"taxonomy":"product_cat","embeddable":true,"href":"https:\/\/boutique-one-piece.com\/el\/wp-json\/wp\/v2\/product_cat?post=9812"},{"taxonomy":"product_tag","embeddable":true,"href":"https:\/\/boutique-one-piece.com\/el\/wp-json\/wp\/v2\/product_tag?post=9812"}],"curies":[{"name":"\u03b5\u03c1\u03b3\u03b1\u03c3\u03af\u03b1","href":"https:\/\/api.w.org\/{rel}","templated":true}]}}