{"id":9870,"date":"2022-09-27T20:23:09","date_gmt":"2022-09-27T20:23:09","guid":{"rendered":"https:\/\/boutique-one-piece.com\/uncategorized\/figurine-one-piece-jinbe-karate-homme-poisson\/"},"modified":"2024-09-16T11:52:45","modified_gmt":"2024-09-16T11:52:45","slug":"%ce%ad%ce%bd%ce%b1-%ce%ba%ce%bf%ce%bc%ce%bc%ce%ac%cf%84%ce%b9-%ce%b5%ce%b9%ce%b4%cf%8e%ce%bb%ce%b9%ce%bf-jinbe-karate-fish-man","status":"publish","type":"product","link":"https:\/\/boutique-one-piece.com\/el\/%cf%86%ce%b9%ce%b3%ce%bf%cf%8d%cf%81%ce%b5%cf%82-one-piece\/%ce%b5%ce%b9%ce%b4%cf%8e%ce%bb%ce%b9%ce%b1-jinbe\/%ce%ad%ce%bd%ce%b1-%ce%ba%ce%bf%ce%bc%ce%bc%ce%ac%cf%84%ce%b9-%ce%b5%ce%b9%ce%b4%cf%8e%ce%bb%ce%b9%ce%bf-jinbe-karate-fish-man\/","title":{"rendered":"One Piece Jinbe Fish-Man \u03a6\u03b9\u03b3\u03bf\u03cd\u03c1\u03b1 \u039a\u03b1\u03c1\u03ac\u03c4\u03b5"},"content":{"rendered":"<h2>\u039d\u03b5\u03b1\u03c1\u03ad \u03c0\u03b5\u03b9\u03c1\u03b1\u03c4\u03ae, \u03ae\u03c1\u03b8\u03b5 \u03b7 \u03ce\u03c1\u03b1 \u03bd\u03b1 \u03b1\u03c0\u03bf\u03ba\u03c4\u03ae\u03c3\u03b5\u03b9\u03c2 \u03b1\u03c5\u03c4\u03cc \u03c4\u03bf One Piece Jinbe Fishman Karate Figurine.<\/h2>\n<p>\u039d\u03b1 \u03c4\u03b9 \u03c0\u03c1\u03ad\u03c0\u03b5\u03b9 \u03bd\u03b1 \u03be\u03ad\u03c1\u03b5\u03c4\u03b5 \u03b3\u03b9&#039; \u03b1\u03c5\u03c4\u03cc\u03bd: \u03c4\u03bf\u03bd \u03a4\u03b6\u03b9\u03bd\u03bc\u03c0\u03ad, \u03b3\u03bd\u03c9\u03c3\u03c4\u03cc \u03ba\u03b1\u03b9 \u03c9\u03c2 &quot;\u00ab\u00a0<strong>\u039f \u03a0\u03b1\u03bb\u03b1\u03b4\u03af\u03bd\u03bf\u03c2 \u03c4\u03c9\u03bd \u0398\u03b1\u03bb\u03b1\u03c3\u03c3\u03ce\u03bd<\/strong>\u00a0\u00bb\u03b5\u03af\u03bd\u03b1\u03b9 \u03bf \u03c0\u03b7\u03b4\u03b1\u03bb\u03b9\u03bf\u03cd\u03c7\u03bf\u03c2 \u03c4\u03bf\u03c5 \u03c0\u03bb\u03b7\u03c1\u03ce\u03bc\u03b1\u03c4\u03bf\u03c2 Straw Hat. \u039f \u03c0\u03b7\u03b4\u03b1\u03bb\u03b9\u03bf\u03cd\u03c7\u03bf\u03c2, \u03ae \u03c0\u03b7\u03b4\u03b1\u03bb\u03b9\u03bf\u03cd\u03c7\u03bf\u03c2, \u03b5\u03af\u03bd\u03b1\u03b9 \u03c4\u03bf \u03ac\u03c4\u03bf\u03bc\u03bf \u03c0\u03bf\u03c5 \u03ba\u03b1\u03c4\u03b5\u03c5\u03b8\u03cd\u03bd\u03b5\u03b9 \u03c4\u03bf \u03c0\u03bb\u03bf\u03af\u03bf.<strong> Jinbe<\/strong> \u03b5\u03af\u03bd\u03b1\u03b9 \u03b5\u03c0\u03af\u03c3\u03b7\u03bc\u03b1 \u03c4\u03bf \u03b4\u03ad\u03ba\u03b1\u03c4\u03bf \u03bc\u03ad\u03bb\u03bf\u03c2 \u03c4\u03bf\u03c5 \u03c0\u03bb\u03b7\u03c1\u03ce\u03bc\u03b1\u03c4\u03bf\u03c2 \u03c4\u03bf\u03c5 Straw Hat \u03ba\u03b1\u03b9 \u03c4\u03bf \u03ad\u03bd\u03b1\u03c4\u03bf \u03c0\u03bf\u03c5 \u03b5\u03bd\u03c4\u03ac\u03c3\u03c3\u03b5\u03c4\u03b1\u03b9 \u03c3\u03c4\u03bf \u03c0\u03bb\u03ae\u03c1\u03c9\u03bc\u03b1 \u03c4\u03bf\u03c5 Luffy.<\/p>\n<p>\u0395\u03c0\u03b9\u03c0\u03bb\u03ad\u03bf\u03bd, \u03c4\u03bf <a title=\"\u03a6\u0399\u0393\u039f\u03a5\u03a1\u0391 \u03a0\u039f\u039a\u0395\u039c\u039f\u039d CAPTAIN STRAW HAT LUFFY\" href=\"https:\/\/boutique-one-piece.com\/el\/%cf%86%ce%b9%ce%b3%ce%bf%cf%8d%cf%81%ce%b1-%cf%80%cf%8c%ce%ba%ce%b5%ce%bc%ce%bf%ce%bd-%cf%84%ce%bf%cf%85-%ce%ba%ce%ac%cf%80%cf%84%ce%b5%ce%bd-%ce%bb%ce%ac%cf%86%ce%b9-%ce%bc%ce%b5-%cf%84%ce%bf-%ce%ba\/\" target=\"_blank\" rel=\"noopener\">\u03c6\u03b9\u03b3\u03bf\u03cd\u03c1\u03b1 \u03c4\u03bf\u03c5 \u039a\u03b1\u03c0\u03b5\u03c4\u03ac\u03bd\u03b9\u03bf\u03c5 Straw Hat<\/a> \u03b5\u03af\u03bd\u03b1\u03b9 \u03c3\u03c4\u03b7 \u03b4\u03b9\u03ac\u03b8\u03b5\u03c3\u03ae \u03c3\u03b1\u03c2. \u0395\u03c0\u03b9\u03c3\u03c4\u03c1\u03ad\u03c6\u03bf\u03bd\u03c4\u03b1\u03c2 \u03c3\u03c4\u03bf\u03bd \u03a4\u03b6\u03af\u03bd\u03bc\u03c0\u03b5, \u03b8\u03b1 \u03c0\u03c1\u03ad\u03c0\u03b5\u03b9 \u03bd\u03b1 \u03be\u03ad\u03c1\u03b5\u03c4\u03b5 \u03cc\u03c4\u03b9 \u03b5\u03af\u03bd\u03b1\u03b9 \u03bc\u03ac\u03c3\u03c4\u03bf\u03c1\u03b1\u03c2 \u03c4\u03bf\u03c5 <strong>\u0391\u03bc\u03c6\u03af\u03b2\u03b9\u03bf \u039a\u03b1\u03c1\u03ac\u03c4\u03b5<\/strong>. \u03a7\u03c1\u03b7\u03c3\u03b9\u03bc\u03bf\u03c0\u03bf\u03b9\u03b5\u03af \u03bb\u03bf\u03b9\u03c0\u03cc\u03bd \u03b1\u03c5\u03c4\u03ae \u03c4\u03b7\u03bd \u03c0\u03bf\u03bb\u03b5\u03bc\u03b9\u03ba\u03ae \u03c4\u03ad\u03c7\u03bd\u03b7 \u03b3\u03b9\u03b1 \u03bd\u03b1 \u03bd\u03b9\u03ba\u03ae\u03c3\u03b5\u03b9 \u03c0\u03bf\u03bb\u03bb\u03bf\u03cd\u03c2 \u03ac\u03bd\u03c4\u03c1\u03b5\u03c2 \u03c4\u03b1\u03c5\u03c4\u03cc\u03c7\u03c1\u03bf\u03bd\u03b1. \u03a4\u03b1 \u03c7\u03c4\u03c5\u03c0\u03ae\u03bc\u03b1\u03c4\u03ac \u03c4\u03bf\u03c5 \u03b5\u03af\u03bd\u03b1\u03b9 \u03c4\u03cc\u03c3\u03bf \u03b4\u03c5\u03bd\u03b1\u03c4\u03ac \u03c0\u03bf\u03c5 \u03b4\u03b5\u03bd \u03c7\u03c1\u03b5\u03b9\u03ac\u03b6\u03b5\u03c4\u03b1\u03b9 \u03bd\u03b1 \u03ad\u03c1\u03b8\u03b5\u03b9 \u03c3\u03b5 \u03c3\u03c9\u03bc\u03b1\u03c4\u03b9\u03ba\u03ae \u03b5\u03c0\u03b1\u03c6\u03ae \u03bc\u03b5 \u03c4\u03bf\u03bd \u03b5\u03c7\u03b8\u03c1\u03cc, \u03b1\u03c6\u03bf\u03cd \u03bf \u03af\u03b4\u03b9\u03bf\u03c2 \u03bf \u03b1\u03ad\u03c1\u03b1\u03c2 \u03c4\u03bf\u03c5\u03c2 \u03b1\u03c0\u03c9\u03b8\u03b5\u03af.<\/p>\n<h3>\u03a3\u03b1\u03c2 \u03ad\u03c7\u03b5\u03b9 \u03b3\u03bf\u03b7\u03c4\u03b5\u03cd\u03c3\u03b5\u03b9, \u03bb\u03bf\u03b9\u03c0\u03cc\u03bd, \u03b7 \u03c6\u03b9\u03b3\u03bf\u03cd\u03c1\u03b1 \u03c4\u03bf\u03c5 \u00ab\u03a0\u03b1\u03bb\u03b1\u03b4\u03af\u03bd\u03bf\u03c5 \u03c4\u03c9\u03bd \u0398\u03b1\u03bb\u03b1\u03c3\u03c3\u03ce\u03bd\u00bb; \u0391\u03bd \u03bd\u03b1\u03b9, \u03b6\u03ae\u03c3\u03c4\u03b5 \u03c0\u03bf\u03bb\u03bb\u03ad\u03c2 \u03c0\u03b5\u03c1\u03b9\u03c0\u03ad\u03c4\u03b5\u03b9\u03b5\u03c2 \u03bc\u03b1\u03b6\u03af \u03c4\u03bf\u03c5 \u03b5\u03c0\u03b9\u03b2\u03b9\u03b2\u03b1\u03b6\u03cc\u03bc\u03b5\u03bd\u03bf\u03b9 \u03c3\u03c4\u03bf Thousand Sunny.<\/h3>\n<p>\u0395\u03af\u03c4\u03b5 \u03b5\u03af\u03c3\u03c4\u03b5 \u03c6\u03b1\u03bd\u03b1\u03c4\u03b9\u03ba\u03cc\u03c2 \u03b8\u03b1\u03c5\u03bc\u03b1\u03c3\u03c4\u03ae\u03c2 \u03b5\u03af\u03c4\u03b5 \u03c3\u03bf\u03b2\u03b1\u03c1\u03cc\u03c2 \u03c3\u03c5\u03bb\u03bb\u03ad\u03ba\u03c4\u03b7\u03c2, \u03b1\u03c5\u03c4\u03ac \u03c4\u03b1 \u03b1\u03bd\u03c4\u03b9\u03ba\u03b5\u03af\u03bc\u03b5\u03bd\u03b1 \u03b5\u03af\u03bd\u03b1\u03b9 \u03c3\u03af\u03b3\u03bf\u03c5\u03c1\u03b1 \u03b3\u03b9\u03b1 \u03b5\u03c3\u03ac\u03c2. \u0399\u03b4\u03b1\u03bd\u03b9\u03ba\u03ac \u03b3\u03b9\u03b1 \u03b4\u03ce\u03c1\u03bf, \u03b3\u03b9\u03b1 \u03bd\u03b1 \u03c4\u03b1 \u03c6\u03bf\u03c1\u03ad\u03c3\u03b5\u03c4\u03b5 \u03ae \u03b3\u03b9\u03b1 \u03bd\u03b1 \u03c4\u03b1 \u03c3\u03c5\u03bb\u03bb\u03ad\u03be\u03b5\u03c4\u03b5, \u03b1\u03c5\u03c4\u03ac \u03c4\u03b1 \u03b1\u03bd\u03c4\u03b9\u03ba\u03b5\u03af\u03bc\u03b5\u03bd\u03b1 \u03b8\u03b1 \u03b5\u03bc\u03c0\u03bb\u03bf\u03c5\u03c4\u03af\u03c3\u03bf\u03c5\u03bd \u03c4\u03b7 \u03c3\u03c5\u03bb\u03bb\u03bf\u03b3\u03ae \u03c3\u03b1\u03c2. <strong>\u03c4\u03bf \u03c3\u03cd\u03bc\u03c0\u03b1\u03bd One Piece \u03c3\u03bf\u03c5<\/strong>. \u03a0\u03ac\u03c1\u03b5 \u03c4\u03b7 \u03bc\u03bf\u03af\u03c1\u03b1 \u03c3\u03bf\u03c5 \u03c3\u03c4\u03b1 \u03c7\u03ad\u03c1\u03b9\u03b1 \u03c3\u03bf\u03c5, \u03bd\u03b5\u03b1\u03c1\u03ad \u03c0\u03b5\u03b9\u03c1\u03b1\u03c4\u03ae, \u03ba\u03b1\u03b9 \u03be\u03b5\u03ba\u03af\u03bd\u03b1 \u03c4\u03bf <strong>\u03a4\u03cc\u03bc\u03b1\u03c2 \u03a3\u03ac\u03bd\u03b9<\/strong>, \u03a0\u03bf\u03bb\u03bb\u03ad\u03c2 \u03c0\u03b5\u03c1\u03b9\u03c0\u03ad\u03c4\u03b5\u03b9\u03b5\u03c2 \u03c3\u03b1\u03c2 \u03c0\u03b5\u03c1\u03b9\u03bc\u03ad\u03bd\u03bf\u03c5\u03bd \u03b5\u03ba\u03b5\u03af.<\/p>\n<h2>\u03a0\u03bb\u03b7\u03c1\u03bf\u03c6\u03bf\u03c1\u03af\u03b5\u03c2 \u03b3\u03b9\u03b1 \u03c4\u03b7 \u03c6\u03b9\u03b3\u03bf\u03cd\u03c1\u03b1 \u03ba\u03b1\u03c1\u03ac\u03c4\u03b5 Jinbe Fish-Man&nbsp;<\/h2>\n<ul>\n<li><span><b><u>\u039f\u03bb\u03cc\u03c3\u03c9\u03bc\u03bf \u03b5\u03b9\u03b4\u03ce\u03bb\u03b9\u03bf<\/u><\/b>&nbsp;\u03a6\u03b9\u03b3\u03bf\u03cd\u03c1\u03b1 One Piece Premium \u03b3\u03b9\u03b1 \u03b1\u03bb\u03b7\u03b8\u03b9\u03bd\u03bf\u03cd\u03c2 \u03c0\u03b5\u03b9\u03c1\u03b1\u03c4\u03ad\u03c2<\/span><\/li>\n<\/ul>\n<ul>\n<li>\n<b>\u03a5\u03bb\u03b7<\/b><span>&nbsp;<\/span>PVC<\/li>\n<\/ul>\n<ul>\n<li><span><strong>\u0394\u03b9\u03ac\u03c3\u03c4\u03b1\u03c3\u03b7<\/strong>&nbsp;: 18 \u03b5\u03ba.<\/span><\/li>\n<\/ul>\n<ul>\n<li><span><strong>\u0394\u03a9\u03a1\u0395\u0391\u039d \u03a0\u0391\u03a1\u0391\u0394\u039f\u03a3\u0397<\/strong><\/span><\/li>\n<\/ul>","protected":false},"excerpt":{"rendered":"<p>Jeune pirate, le moment est venu pour toi de te procurer cette Figurine One Piece Jinbe Karat\u00e9 Des Hommes Poisson. Voici ce que tu dois savoir \u00e0 son sujet ; Jinbe \u00e9galement appel\u00e9 \u00ab\u00a0Le Paladin des Mers\u00a0\u00bb est le timonier de l&rsquo;\u00c9quipage du Chapeau de Paille. Un timonier ou un barreur, est la personne qui [&hellip;]<\/p>","protected":false},"featured_media":19236,"comment_status":"open","ping_status":"open","template":"","meta":[],"product_brand":[],"product_cat":[301,76],"product_tag":[274],"class_list":{"0":"post-9870","1":"product","2":"type-product","3":"status-publish","4":"has-post-thumbnail","6":"product_cat-figurines-jinbe","7":"product_cat-figurines-one-piece","8":"product_tag-jinbe","10":"first","11":"instock","12":"purchasable","13":"product-type-simple"},"yoast_head":"<!-- This site is optimized with the Yoast SEO plugin v27.5 - https:\/\/yoast.com\/product\/yoast-seo-wordpress\/ -->\n<title>Figurine One Piece Jinbe Karat\u00e9 Des Hommes Poisson | Figurine One Piece \u2013 Boutique One Piece<\/title>\n<meta name=\"description\" content=\"Jeune pirate, le moment est venu pour toi de te procurer cette Figurine One Piece Jinbe Karat\u00e9 Des Hommes Poisson. Voici ce que tu dois savoir \u00e0 son sujet ; Jinbe \u00e9galement appel\u00e9 &quot;Le Paladin des Mers&quot; est le timonier de l&#039;\u00c9quipage du Chapeau de Paille. Un timonier ou un barreur, est la personne qui dirige le navire. J\" \/>\n<meta name=\"robots\" content=\"index, follow, max-snippet:-1, max-image-preview:large, max-video-preview:-1\" \/>\n<link rel=\"canonical\" href=\"https:\/\/boutique-one-piece.com\/el\/\u03c6\u03b9\u03b3\u03bf\u03cd\u03c1\u03b5\u03c2-one-piece\/\u03b5\u03b9\u03b4\u03ce\u03bb\u03b9\u03b1-jinbe\/\u03ad\u03bd\u03b1-\u03ba\u03bf\u03bc\u03bc\u03ac\u03c4\u03b9-\u03b5\u03b9\u03b4\u03ce\u03bb\u03b9\u03bf-jinbe-karate-fish-man\/\" \/>\n<meta property=\"og:locale\" content=\"el_GR\" \/>\n<meta property=\"og:type\" content=\"article\" \/>\n<meta property=\"og:title\" content=\"Figurine One Piece Jinbe Karat\u00e9 Des Hommes Poisson | Figurine One Piece \u2013 Boutique One Piece\" \/>\n<meta property=\"og:description\" content=\"Jeune pirate, le moment est venu pour toi de te procurer cette Figurine One Piece Jinbe Karat\u00e9 Des Hommes Poisson. Voici ce que tu dois savoir \u00e0 son sujet ; Jinbe \u00e9galement appel\u00e9 &quot;Le Paladin des Mers&quot; est le timonier de l&#039;\u00c9quipage du Chapeau de Paille. Un timonier ou un barreur, est la personne qui dirige le navire. J\" \/>\n<meta property=\"og:url\" content=\"https:\/\/boutique-one-piece.com\/el\/\u03c6\u03b9\u03b3\u03bf\u03cd\u03c1\u03b5\u03c2-one-piece\/\u03b5\u03b9\u03b4\u03ce\u03bb\u03b9\u03b1-jinbe\/\u03ad\u03bd\u03b1-\u03ba\u03bf\u03bc\u03bc\u03ac\u03c4\u03b9-\u03b5\u03b9\u03b4\u03ce\u03bb\u03b9\u03bf-jinbe-karate-fish-man\/\" \/>\n<meta property=\"og:site_name\" content=\"Boutique One Piece\" \/>\n<meta property=\"article:modified_time\" content=\"2024-09-16T11:52:45+00:00\" \/>\n<meta property=\"og:image\" content=\"https:\/\/boutique-one-piece.com\/wp-content\/uploads\/2022\/09\/H8d6545effc834a45ba219f8e12ee17a0U.jpg\" \/>\n\t<meta property=\"og:image:width\" content=\"800\" \/>\n\t<meta property=\"og:image:height\" content=\"800\" \/>\n\t<meta property=\"og:image:type\" content=\"image\/jpeg\" \/>\n<meta name=\"twitter:card\" content=\"summary_large_image\" \/>\n<meta name=\"twitter:label1\" content=\"\u0395\u03ba\u03c4\u03b9\u03bc\u03ce\u03bc\u03b5\u03bd\u03bf\u03c2 \u03c7\u03c1\u03cc\u03bd\u03bf\u03c2 \u03b1\u03bd\u03ac\u03b3\u03bd\u03c9\u03c3\u03b7\u03c2\" \/>\n\t<meta name=\"twitter:data1\" content=\"2 \u03bb\u03b5\u03c0\u03c4\u03ac\" \/>\n<script type=\"application\/ld+json\" class=\"yoast-schema-graph\">{\"@context\":\"https:\\\/\\\/schema.org\",\"@graph\":[{\"@type\":\"WebPage\",\"@id\":\"https:\\\/\\\/boutique-one-piece.com\\\/figurines-one-piece\\\/figurines-jinbe\\\/figurine-one-piece-jinbe-karate-homme-poisson\\\/\",\"url\":\"https:\\\/\\\/boutique-one-piece.com\\\/figurines-one-piece\\\/figurines-jinbe\\\/figurine-one-piece-jinbe-karate-homme-poisson\\\/\",\"name\":\"Figurine One Piece Jinbe Karat\u00e9 Des Hommes Poisson | Figurine One Piece \u2013 Boutique One Piece\",\"isPartOf\":{\"@id\":\"https:\\\/\\\/boutique-one-piece.com\\\/#website\"},\"primaryImageOfPage\":{\"@id\":\"https:\\\/\\\/boutique-one-piece.com\\\/figurines-one-piece\\\/figurines-jinbe\\\/figurine-one-piece-jinbe-karate-homme-poisson\\\/#primaryimage\"},\"image\":{\"@id\":\"https:\\\/\\\/boutique-one-piece.com\\\/figurines-one-piece\\\/figurines-jinbe\\\/figurine-one-piece-jinbe-karate-homme-poisson\\\/#primaryimage\"},\"thumbnailUrl\":\"https:\\\/\\\/boutique-one-piece.com\\\/wp-content\\\/uploads\\\/2022\\\/09\\\/H8d6545effc834a45ba219f8e12ee17a0U.jpg\",\"datePublished\":\"2022-09-27T20:23:09+00:00\",\"dateModified\":\"2024-09-16T11:52:45+00:00\",\"description\":\"Jeune pirate, le moment est venu pour toi de te procurer cette Figurine One Piece Jinbe Karat\u00e9 Des Hommes Poisson. Voici ce que tu dois savoir \u00e0 son sujet ; Jinbe \u00e9galement appel\u00e9 \\\"Le Paladin des Mers\\\" est le timonier de l'\u00c9quipage du Chapeau de Paille. Un timonier ou un barreur, est la personne qui dirige le navire. J\",\"breadcrumb\":{\"@id\":\"https:\\\/\\\/boutique-one-piece.com\\\/figurines-one-piece\\\/figurines-jinbe\\\/figurine-one-piece-jinbe-karate-homme-poisson\\\/#breadcrumb\"},\"inLanguage\":\"el\",\"potentialAction\":[{\"@type\":\"ReadAction\",\"target\":[\"https:\\\/\\\/boutique-one-piece.com\\\/figurines-one-piece\\\/figurines-jinbe\\\/figurine-one-piece-jinbe-karate-homme-poisson\\\/\"]}]},{\"@type\":\"ImageObject\",\"inLanguage\":\"el\",\"@id\":\"https:\\\/\\\/boutique-one-piece.com\\\/figurines-one-piece\\\/figurines-jinbe\\\/figurine-one-piece-jinbe-karate-homme-poisson\\\/#primaryimage\",\"url\":\"https:\\\/\\\/boutique-one-piece.com\\\/wp-content\\\/uploads\\\/2022\\\/09\\\/H8d6545effc834a45ba219f8e12ee17a0U.jpg\",\"contentUrl\":\"https:\\\/\\\/boutique-one-piece.com\\\/wp-content\\\/uploads\\\/2022\\\/09\\\/H8d6545effc834a45ba219f8e12ee17a0U.jpg\",\"width\":800,\"height\":800},{\"@type\":\"BreadcrumbList\",\"@id\":\"https:\\\/\\\/boutique-one-piece.com\\\/figurines-one-piece\\\/figurines-jinbe\\\/figurine-one-piece-jinbe-karate-homme-poisson\\\/#breadcrumb\",\"itemListElement\":[{\"@type\":\"ListItem\",\"position\":1,\"name\":\"Home\",\"item\":\"https:\\\/\\\/boutique-one-piece.com\\\/\"},{\"@type\":\"ListItem\",\"position\":2,\"name\":\"Shop\",\"item\":\"https:\\\/\\\/boutique-one-piece.com\\\/shop\\\/\"},{\"@type\":\"ListItem\",\"position\":3,\"name\":\"Figurine One Piece Jinbe Karat\u00e9 Des Hommes Poisson\"}]},{\"@type\":\"WebSite\",\"@id\":\"https:\\\/\\\/boutique-one-piece.com\\\/#website\",\"url\":\"https:\\\/\\\/boutique-one-piece.com\\\/\",\"name\":\"Boutique One Piece\",\"description\":\"Magasin Sp\u00e9cialis\u00e9 du Manga et l&#039;Anime One Piece\",\"publisher\":{\"@id\":\"https:\\\/\\\/boutique-one-piece.com\\\/#organization\"},\"potentialAction\":[{\"@type\":\"SearchAction\",\"target\":{\"@type\":\"EntryPoint\",\"urlTemplate\":\"https:\\\/\\\/boutique-one-piece.com\\\/?s={search_term_string}\"},\"query-input\":{\"@type\":\"PropertyValueSpecification\",\"valueRequired\":true,\"valueName\":\"search_term_string\"}}],\"inLanguage\":\"el\"},{\"@type\":\"Organization\",\"@id\":\"https:\\\/\\\/boutique-one-piece.com\\\/#organization\",\"name\":\"Boutique One Piece\",\"url\":\"https:\\\/\\\/boutique-one-piece.com\\\/\",\"logo\":{\"@type\":\"ImageObject\",\"inLanguage\":\"el\",\"@id\":\"https:\\\/\\\/boutique-one-piece.com\\\/#\\\/schema\\\/logo\\\/image\\\/\",\"url\":\"https:\\\/\\\/boutique-one-piece.com\\\/wp-content\\\/uploads\\\/2022\\\/09\\\/Logo-01.png\",\"contentUrl\":\"https:\\\/\\\/boutique-one-piece.com\\\/wp-content\\\/uploads\\\/2022\\\/09\\\/Logo-01.png\",\"width\":2318,\"height\":957,\"caption\":\"Boutique One Piece\"},\"image\":{\"@id\":\"https:\\\/\\\/boutique-one-piece.com\\\/#\\\/schema\\\/logo\\\/image\\\/\"}}]}<\/script>\n<!-- \/ Yoast SEO plugin. -->","yoast_head_json":{"title":"One Piece Jinbe Fish-Man \u03a6\u03b9\u03b3\u03bf\u03cd\u03c1\u03b1 \u039a\u03b1\u03c1\u03ac\u03c4\u03b5 | One Piece Figure \u2013 One Piece Shop","description":"\u039d\u03b5\u03b1\u03c1\u03ad \u03c0\u03b5\u03b9\u03c1\u03b1\u03c4\u03ae, \u03ae\u03c1\u03b8\u03b5 \u03b7 \u03ce\u03c1\u03b1 \u03bd\u03b1 \u03b1\u03c0\u03bf\u03ba\u03c4\u03ae\u03c3\u03b5\u03b9\u03c2 \u03b1\u03c5\u03c4\u03ae \u03c4\u03b7\u03bd One Piece Jinbe Fish-Man \u039a\u03b1\u03c1\u03ac\u03c4\u03b5 \u03a6\u03b9\u03b3\u03bf\u03cd\u03c1\u03b1. \u039d\u03b1 \u03c4\u03b9 \u03c0\u03c1\u03ad\u03c0\u03b5\u03b9 \u03bd\u03b1 \u03be\u03ad\u03c1\u03b5\u03b9\u03c2 \u03b3\u03b9&#039; \u03b1\u03c5\u03c4\u03cc\u03bd: \u039f Jinbe, \u03b3\u03bd\u03c9\u03c3\u03c4\u03cc\u03c2 \u03ba\u03b1\u03b9 \u03c9\u03c2 &quot;\u039f \u03a0\u03b1\u03bb\u03b1\u03b4\u03af\u03bd\u03bf\u03c2 \u03c4\u03c9\u03bd \u0398\u03b1\u03bb\u03b1\u03c3\u03c3\u03ce\u03bd&quot;, \u03b5\u03af\u03bd\u03b1\u03b9 \u03bf \u03c4\u03b9\u03bc\u03bf\u03bd\u03b9\u03ad\u03c1\u03b7\u03c2 \u03c4\u03bf\u03c5 \u03c0\u03bb\u03b7\u03c1\u03ce\u03bc\u03b1\u03c4\u03bf\u03c2 Straw Hat. \u039f \u03c4\u03b9\u03bc\u03bf\u03bd\u03b9\u03ad\u03c1\u03b7\u03c2 \u03b5\u03af\u03bd\u03b1\u03b9 \u03c4\u03bf \u03ac\u03c4\u03bf\u03bc\u03bf \u03c0\u03bf\u03c5 \u03ba\u03b1\u03c4\u03b5\u03c5\u03b8\u03cd\u03bd\u03b5\u03b9 \u03c4\u03bf \u03c0\u03bb\u03bf\u03af\u03bf.","robots":{"index":"index","follow":"follow","max-snippet":"max-snippet:-1","max-image-preview":"max-image-preview:large","max-video-preview":"max-video-preview:-1"},"canonical":"https:\/\/boutique-one-piece.com\/el\/\u03c6\u03b9\u03b3\u03bf\u03cd\u03c1\u03b5\u03c2-one-piece\/\u03b5\u03b9\u03b4\u03ce\u03bb\u03b9\u03b1-jinbe\/\u03ad\u03bd\u03b1-\u03ba\u03bf\u03bc\u03bc\u03ac\u03c4\u03b9-\u03b5\u03b9\u03b4\u03ce\u03bb\u03b9\u03bf-jinbe-karate-fish-man\/","og_locale":"el_GR","og_type":"article","og_title":"Figurine One Piece Jinbe Karat\u00e9 Des Hommes Poisson | Figurine One Piece \u2013 Boutique One Piece","og_description":"Jeune pirate, le moment est venu pour toi de te procurer cette Figurine One Piece Jinbe Karat\u00e9 Des Hommes Poisson. Voici ce que tu dois savoir \u00e0 son sujet ; Jinbe \u00e9galement appel\u00e9 \"Le Paladin des Mers\" est le timonier de l'\u00c9quipage du Chapeau de Paille. Un timonier ou un barreur, est la personne qui dirige le navire. J","og_url":"https:\/\/boutique-one-piece.com\/el\/\u03c6\u03b9\u03b3\u03bf\u03cd\u03c1\u03b5\u03c2-one-piece\/\u03b5\u03b9\u03b4\u03ce\u03bb\u03b9\u03b1-jinbe\/\u03ad\u03bd\u03b1-\u03ba\u03bf\u03bc\u03bc\u03ac\u03c4\u03b9-\u03b5\u03b9\u03b4\u03ce\u03bb\u03b9\u03bf-jinbe-karate-fish-man\/","og_site_name":"Boutique One Piece","article_modified_time":"2024-09-16T11:52:45+00:00","og_image":[{"width":800,"height":800,"url":"https:\/\/boutique-one-piece.com\/wp-content\/uploads\/2022\/09\/H8d6545effc834a45ba219f8e12ee17a0U.jpg","type":"image\/jpeg"}],"twitter_card":"summary_large_image","twitter_misc":{"\u0395\u03ba\u03c4\u03b9\u03bc\u03ce\u03bc\u03b5\u03bd\u03bf\u03c2 \u03c7\u03c1\u03cc\u03bd\u03bf\u03c2 \u03b1\u03bd\u03ac\u03b3\u03bd\u03c9\u03c3\u03b7\u03c2":"2 \u03bb\u03b5\u03c0\u03c4\u03ac"},"schema":{"@context":"https:\/\/schema.org","@graph":[{"@type":"WebPage","@id":"https:\/\/boutique-one-piece.com\/figurines-one-piece\/figurines-jinbe\/figurine-one-piece-jinbe-karate-homme-poisson\/","url":"https:\/\/boutique-one-piece.com\/figurines-one-piece\/figurines-jinbe\/figurine-one-piece-jinbe-karate-homme-poisson\/","name":"One Piece Jinbe Fish-Man \u03a6\u03b9\u03b3\u03bf\u03cd\u03c1\u03b1 \u039a\u03b1\u03c1\u03ac\u03c4\u03b5 | One Piece Figure \u2013 One Piece Shop","isPartOf":{"@id":"https:\/\/boutique-one-piece.com\/#website"},"primaryImageOfPage":{"@id":"https:\/\/boutique-one-piece.com\/figurines-one-piece\/figurines-jinbe\/figurine-one-piece-jinbe-karate-homme-poisson\/#primaryimage"},"image":{"@id":"https:\/\/boutique-one-piece.com\/figurines-one-piece\/figurines-jinbe\/figurine-one-piece-jinbe-karate-homme-poisson\/#primaryimage"},"thumbnailUrl":"https:\/\/boutique-one-piece.com\/wp-content\/uploads\/2022\/09\/H8d6545effc834a45ba219f8e12ee17a0U.jpg","datePublished":"2022-09-27T20:23:09+00:00","dateModified":"2024-09-16T11:52:45+00:00","description":"\u039d\u03b5\u03b1\u03c1\u03ad \u03c0\u03b5\u03b9\u03c1\u03b1\u03c4\u03ae, \u03ae\u03c1\u03b8\u03b5 \u03b7 \u03ce\u03c1\u03b1 \u03bd\u03b1 \u03b1\u03c0\u03bf\u03ba\u03c4\u03ae\u03c3\u03b5\u03b9\u03c2 \u03b1\u03c5\u03c4\u03ae \u03c4\u03b7\u03bd One Piece Jinbe Fish-Man \u039a\u03b1\u03c1\u03ac\u03c4\u03b5 \u03a6\u03b9\u03b3\u03bf\u03cd\u03c1\u03b1. \u039d\u03b1 \u03c4\u03b9 \u03c0\u03c1\u03ad\u03c0\u03b5\u03b9 \u03bd\u03b1 \u03be\u03ad\u03c1\u03b5\u03b9\u03c2 \u03b3\u03b9&#039; \u03b1\u03c5\u03c4\u03cc\u03bd: \u039f Jinbe, \u03b3\u03bd\u03c9\u03c3\u03c4\u03cc\u03c2 \u03ba\u03b1\u03b9 \u03c9\u03c2 &quot;\u039f \u03a0\u03b1\u03bb\u03b1\u03b4\u03af\u03bd\u03bf\u03c2 \u03c4\u03c9\u03bd \u0398\u03b1\u03bb\u03b1\u03c3\u03c3\u03ce\u03bd&quot;, \u03b5\u03af\u03bd\u03b1\u03b9 \u03bf \u03c4\u03b9\u03bc\u03bf\u03bd\u03b9\u03ad\u03c1\u03b7\u03c2 \u03c4\u03bf\u03c5 \u03c0\u03bb\u03b7\u03c1\u03ce\u03bc\u03b1\u03c4\u03bf\u03c2 Straw Hat. \u039f \u03c4\u03b9\u03bc\u03bf\u03bd\u03b9\u03ad\u03c1\u03b7\u03c2 \u03b5\u03af\u03bd\u03b1\u03b9 \u03c4\u03bf \u03ac\u03c4\u03bf\u03bc\u03bf \u03c0\u03bf\u03c5 \u03ba\u03b1\u03c4\u03b5\u03c5\u03b8\u03cd\u03bd\u03b5\u03b9 \u03c4\u03bf \u03c0\u03bb\u03bf\u03af\u03bf.","breadcrumb":{"@id":"https:\/\/boutique-one-piece.com\/figurines-one-piece\/figurines-jinbe\/figurine-one-piece-jinbe-karate-homme-poisson\/#breadcrumb"},"inLanguage":"el","potentialAction":[{"@type":"ReadAction","target":["https:\/\/boutique-one-piece.com\/figurines-one-piece\/figurines-jinbe\/figurine-one-piece-jinbe-karate-homme-poisson\/"]}]},{"@type":"ImageObject","inLanguage":"el","@id":"https:\/\/boutique-one-piece.com\/figurines-one-piece\/figurines-jinbe\/figurine-one-piece-jinbe-karate-homme-poisson\/#primaryimage","url":"https:\/\/boutique-one-piece.com\/wp-content\/uploads\/2022\/09\/H8d6545effc834a45ba219f8e12ee17a0U.jpg","contentUrl":"https:\/\/boutique-one-piece.com\/wp-content\/uploads\/2022\/09\/H8d6545effc834a45ba219f8e12ee17a0U.jpg","width":800,"height":800},{"@type":"BreadcrumbList","@id":"https:\/\/boutique-one-piece.com\/figurines-one-piece\/figurines-jinbe\/figurine-one-piece-jinbe-karate-homme-poisson\/#breadcrumb","itemListElement":[{"@type":"ListItem","position":1,"name":"Home","item":"https:\/\/boutique-one-piece.com\/"},{"@type":"ListItem","position":2,"name":"Shop","item":"https:\/\/boutique-one-piece.com\/shop\/"},{"@type":"ListItem","position":3,"name":"Figurine One Piece Jinbe Karat\u00e9 Des Hommes Poisson"}]},{"@type":"WebSite","@id":"https:\/\/boutique-one-piece.com\/#website","url":"https:\/\/boutique-one-piece.com\/","name":"\u039a\u03b1\u03c4\u03ac\u03c3\u03c4\u03b7\u03bc\u03b1 One Piece","description":"\u0395\u03be\u03b5\u03b9\u03b4\u03b9\u03ba\u03b5\u03c5\u03bc\u03ad\u03bd\u03bf \u03ba\u03b1\u03c4\u03ac\u03c3\u03c4\u03b7\u03bc\u03b1 \u03b3\u03b9\u03b1 One Piece Manga \u03ba\u03b1\u03b9 Anime","publisher":{"@id":"https:\/\/boutique-one-piece.com\/#organization"},"potentialAction":[{"@type":"SearchAction","target":{"@type":"EntryPoint","urlTemplate":"https:\/\/boutique-one-piece.com\/?s={search_term_string}"},"query-input":{"@type":"PropertyValueSpecification","valueRequired":true,"valueName":"search_term_string"}}],"inLanguage":"el"},{"@type":"Organization","@id":"https:\/\/boutique-one-piece.com\/#organization","name":"\u039a\u03b1\u03c4\u03ac\u03c3\u03c4\u03b7\u03bc\u03b1 One Piece","url":"https:\/\/boutique-one-piece.com\/","logo":{"@type":"ImageObject","inLanguage":"el","@id":"https:\/\/boutique-one-piece.com\/#\/schema\/logo\/image\/","url":"https:\/\/boutique-one-piece.com\/wp-content\/uploads\/2022\/09\/Logo-01.png","contentUrl":"https:\/\/boutique-one-piece.com\/wp-content\/uploads\/2022\/09\/Logo-01.png","width":2318,"height":957,"caption":"Boutique One Piece"},"image":{"@id":"https:\/\/boutique-one-piece.com\/#\/schema\/logo\/image\/"}}]}},"_links":{"self":[{"href":"https:\/\/boutique-one-piece.com\/el\/wp-json\/wp\/v2\/product\/9870","targetHints":{"allow":["GET"]}}],"collection":[{"href":"https:\/\/boutique-one-piece.com\/el\/wp-json\/wp\/v2\/product"}],"about":[{"href":"https:\/\/boutique-one-piece.com\/el\/wp-json\/wp\/v2\/types\/product"}],"replies":[{"embeddable":true,"href":"https:\/\/boutique-one-piece.com\/el\/wp-json\/wp\/v2\/comments?post=9870"}],"wp:featuredmedia":[{"embeddable":true,"href":"https:\/\/boutique-one-piece.com\/el\/wp-json\/wp\/v2\/media\/19236"}],"wp:attachment":[{"href":"https:\/\/boutique-one-piece.com\/el\/wp-json\/wp\/v2\/media?parent=9870"}],"wp:term":[{"taxonomy":"product_brand","embeddable":true,"href":"https:\/\/boutique-one-piece.com\/el\/wp-json\/wp\/v2\/product_brand?post=9870"},{"taxonomy":"product_cat","embeddable":true,"href":"https:\/\/boutique-one-piece.com\/el\/wp-json\/wp\/v2\/product_cat?post=9870"},{"taxonomy":"product_tag","embeddable":true,"href":"https:\/\/boutique-one-piece.com\/el\/wp-json\/wp\/v2\/product_tag?post=9870"}],"curies":[{"name":"\u03b5\u03c1\u03b3\u03b1\u03c3\u03af\u03b1","href":"https:\/\/api.w.org\/{rel}","templated":true}]}}