{"id":10047,"date":"2022-09-27T20:24:18","date_gmt":"2022-09-27T20:24:18","guid":{"rendered":"https:\/\/boutique-one-piece.com\/uncategorized\/figurine-one-piece-luffy-fluide-offensif\/"},"modified":"2024-09-16T11:56:43","modified_gmt":"2024-09-16T11:56:43","slug":"one-piece-luffy-offensive-fluid-figurine","status":"publish","type":"product","link":"https:\/\/boutique-one-piece.com\/en\/one-piece-figurines\/one-piece-luffy-offensive-fluid-figurine\/","title":{"rendered":"One Piece Luffy Offensive Fluid Figure"},"content":{"rendered":"<h2>Young pirate, get your hands on this One Piece Luffy offensive fluid figure now.<\/h2>\n<p><strong>Luffy<\/strong> He needs no introduction, but here are a few words about him; he has a worldwide reputation for causing trouble and disaster, even among the Seven Warlords of the Sea and the Navy, having gone so far as to challenge two of the <strong>Four Emperors<\/strong> (Big Mom and Kaido), as well as by committing crimes and actions deemed dangerous by the World Government.<\/p>\n<p>As for the use of his <strong>offensive fluid<\/strong>, You should know that this is a mysterious power from the One Piece manga that allows the user to use their own spiritual energy for various purposes. There are three types of Haki: Perceptive Haki, Offensive Haki, and Conqueror&#039;s Haki. Here, we&#039;re talking about Offensive Haki, which gives its user the ability to use their own spiritual energy to essentially create an invisible armor around themselves, granting incredible offensive and defensive capabilities. Furthermore, the <a title=\"ONE PIECE ZORO OFFENSIVE FLUIDS FIGURE\" href=\"https:\/\/boutique-one-piece.com\/en\/one-piece-figurines\/products\/figurine-one-piece-+zoro-fluides-offensif\/\" target=\"_blank\" rel=\"noopener\">Zoro figure with offensive fluid<\/a> is within your reach.<\/p>\n<h3>So, are you captivated by the Luffy figure and his offensive Haki? If so, develop your Haki alongside him.<\/h3>\n<p>Whether you&#039;re a die-hard fan or a seasoned collector, these items are definitely for you. Perfect for gifting, decorating, or collecting, these items will enhance your collection. <strong>your One Piece universe<\/strong>. Don&#039;t hesitate any longer and seize the opportunity to sail aboard the <strong>Thousand Sunny<\/strong> to conquer the One Piece treasure.<\/p>\n<h2>Information on the Luffy Offensive Fluid Figure&nbsp;<\/h2>\n<ul>\n<li><span><b><u>One Piece figurine<\/u><\/b>&nbsp;Premium One Piece figurine for true pirates<\/span><\/li>\n<\/ul>\n<ul>\n<li>\n<b>Matter<\/b><span>&nbsp;<\/span>PVC<\/li>\n<\/ul>\n<ul>\n<li><span><strong>Dimension<\/strong>&nbsp;: 20 cm<\/span><\/li>\n<\/ul>\n<ul>\n<li><span><strong>FREE DELIVERY<\/strong><\/span><\/li>\n<\/ul>","protected":false},"excerpt":{"rendered":"<p>Young pirate, get your hands on this One Piece Luffy figure in his offensive fluid form now! Luffy needs no introduction, but here&#039;s a little about him: He has a worldwide reputation for causing trouble and disaster, even among the Seven Warlords of the Sea and the Marines, having gone so far as to challenge two of the Four Emperors [\u2026]<\/p>","protected":false},"featured_media":10049,"comment_status":"open","ping_status":"open","template":"","meta":[],"product_brand":[],"product_cat":[181,76],"product_tag":[92],"class_list":{"0":"post-10047","1":"product","2":"type-product","3":"status-publish","4":"has-post-thumbnail","6":"product_cat-figurines-monkey-d-luffy","7":"product_cat-figurines-one-piece","8":"product_tag-luffy","10":"first","11":"outofstock","12":"purchasable","13":"product-type-simple"},"yoast_head":"<!-- This site is optimized with the Yoast SEO plugin v27.5 - https:\/\/yoast.com\/product\/yoast-seo-wordpress\/ -->\n<title>Figurine One Piece Luffy fluide offensif | Figurine One Piece \u2013 Boutique One Piece<\/title>\n<meta name=\"description\" content=\"Jeune pirate, procure-toi d\u00e8s maintenant cette Figurine One Piece Luffy fluide offensif. Luffy n&#039;est plus \u00e0 pr\u00e9senter, mais voici quelques mots le concernant ; Il a une r\u00e9putation mondiale pour avoir caus\u00e9 des troubles et des catastrophes, m\u00eame parmi les 7 Capitaines Corsaires et la Marine, en \u00e9tant all\u00e9 jusqu&#039;\u00e0 d\u00e9fier\" \/>\n<meta name=\"robots\" content=\"index, follow, max-snippet:-1, max-image-preview:large, max-video-preview:-1\" \/>\n<link rel=\"canonical\" href=\"https:\/\/boutique-one-piece.com\/en\/one-piece-figurines\/one-piece-luffy-offensive-fluid-figurine\/\" \/>\n<meta property=\"og:locale\" content=\"en_US\" \/>\n<meta property=\"og:type\" content=\"article\" \/>\n<meta property=\"og:title\" content=\"Figurine One Piece Luffy fluide offensif | Figurine One Piece \u2013 Boutique One Piece\" \/>\n<meta property=\"og:description\" content=\"Jeune pirate, procure-toi d\u00e8s maintenant cette Figurine One Piece Luffy fluide offensif. Luffy n&#039;est plus \u00e0 pr\u00e9senter, mais voici quelques mots le concernant ; Il a une r\u00e9putation mondiale pour avoir caus\u00e9 des troubles et des catastrophes, m\u00eame parmi les 7 Capitaines Corsaires et la Marine, en \u00e9tant all\u00e9 jusqu&#039;\u00e0 d\u00e9fier\" \/>\n<meta property=\"og:url\" content=\"https:\/\/boutique-one-piece.com\/en\/one-piece-figurines\/one-piece-luffy-offensive-fluid-figurine\/\" \/>\n<meta property=\"og:site_name\" content=\"Boutique One Piece\" \/>\n<meta property=\"article:modified_time\" content=\"2024-09-16T11:56:43+00:00\" \/>\n<meta property=\"og:image\" content=\"https:\/\/boutique-one-piece.com\/wp-content\/uploads\/2022\/09\/Figurine-One-Piece-Luffy-fluide-offensif-1.jpg\" \/>\n\t<meta property=\"og:image:width\" content=\"800\" \/>\n\t<meta property=\"og:image:height\" content=\"800\" \/>\n\t<meta property=\"og:image:type\" content=\"image\/jpeg\" \/>\n<meta name=\"twitter:card\" content=\"summary_large_image\" \/>\n<meta name=\"twitter:label1\" content=\"Est. reading time\" \/>\n\t<meta name=\"twitter:data1\" content=\"2 minutes\" \/>\n<script type=\"application\/ld+json\" class=\"yoast-schema-graph\">{\"@context\":\"https:\\\/\\\/schema.org\",\"@graph\":[{\"@type\":\"WebPage\",\"@id\":\"https:\\\/\\\/boutique-one-piece.com\\\/figurines-one-piece\\\/figurine-one-piece-luffy-fluide-offensif\\\/\",\"url\":\"https:\\\/\\\/boutique-one-piece.com\\\/figurines-one-piece\\\/figurine-one-piece-luffy-fluide-offensif\\\/\",\"name\":\"Figurine One Piece Luffy fluide offensif | Figurine One Piece \u2013 Boutique One Piece\",\"isPartOf\":{\"@id\":\"https:\\\/\\\/boutique-one-piece.com\\\/#website\"},\"primaryImageOfPage\":{\"@id\":\"https:\\\/\\\/boutique-one-piece.com\\\/figurines-one-piece\\\/figurine-one-piece-luffy-fluide-offensif\\\/#primaryimage\"},\"image\":{\"@id\":\"https:\\\/\\\/boutique-one-piece.com\\\/figurines-one-piece\\\/figurine-one-piece-luffy-fluide-offensif\\\/#primaryimage\"},\"thumbnailUrl\":\"https:\\\/\\\/boutique-one-piece.com\\\/wp-content\\\/uploads\\\/2022\\\/09\\\/Figurine-One-Piece-Luffy-fluide-offensif-1.jpg\",\"datePublished\":\"2022-09-27T20:24:18+00:00\",\"dateModified\":\"2024-09-16T11:56:43+00:00\",\"description\":\"Jeune pirate, procure-toi d\u00e8s maintenant cette Figurine One Piece Luffy fluide offensif. Luffy n'est plus \u00e0 pr\u00e9senter, mais voici quelques mots le concernant ; Il a une r\u00e9putation mondiale pour avoir caus\u00e9 des troubles et des catastrophes, m\u00eame parmi les 7 Capitaines Corsaires et la Marine, en \u00e9tant all\u00e9 jusqu'\u00e0 d\u00e9fier\",\"breadcrumb\":{\"@id\":\"https:\\\/\\\/boutique-one-piece.com\\\/figurines-one-piece\\\/figurine-one-piece-luffy-fluide-offensif\\\/#breadcrumb\"},\"inLanguage\":\"en-US\",\"potentialAction\":[{\"@type\":\"ReadAction\",\"target\":[\"https:\\\/\\\/boutique-one-piece.com\\\/figurines-one-piece\\\/figurine-one-piece-luffy-fluide-offensif\\\/\"]}]},{\"@type\":\"ImageObject\",\"inLanguage\":\"en-US\",\"@id\":\"https:\\\/\\\/boutique-one-piece.com\\\/figurines-one-piece\\\/figurine-one-piece-luffy-fluide-offensif\\\/#primaryimage\",\"url\":\"https:\\\/\\\/boutique-one-piece.com\\\/wp-content\\\/uploads\\\/2022\\\/09\\\/Figurine-One-Piece-Luffy-fluide-offensif-1.jpg\",\"contentUrl\":\"https:\\\/\\\/boutique-one-piece.com\\\/wp-content\\\/uploads\\\/2022\\\/09\\\/Figurine-One-Piece-Luffy-fluide-offensif-1.jpg\",\"width\":800,\"height\":800},{\"@type\":\"BreadcrumbList\",\"@id\":\"https:\\\/\\\/boutique-one-piece.com\\\/figurines-one-piece\\\/figurine-one-piece-luffy-fluide-offensif\\\/#breadcrumb\",\"itemListElement\":[{\"@type\":\"ListItem\",\"position\":1,\"name\":\"Home\",\"item\":\"https:\\\/\\\/boutique-one-piece.com\\\/\"},{\"@type\":\"ListItem\",\"position\":2,\"name\":\"Shop\",\"item\":\"https:\\\/\\\/boutique-one-piece.com\\\/shop\\\/\"},{\"@type\":\"ListItem\",\"position\":3,\"name\":\"Figurine One Piece Luffy fluide offensif\"}]},{\"@type\":\"WebSite\",\"@id\":\"https:\\\/\\\/boutique-one-piece.com\\\/#website\",\"url\":\"https:\\\/\\\/boutique-one-piece.com\\\/\",\"name\":\"Boutique One Piece\",\"description\":\"Magasin Sp\u00e9cialis\u00e9 du Manga et l&#039;Anime One Piece\",\"publisher\":{\"@id\":\"https:\\\/\\\/boutique-one-piece.com\\\/#organization\"},\"potentialAction\":[{\"@type\":\"SearchAction\",\"target\":{\"@type\":\"EntryPoint\",\"urlTemplate\":\"https:\\\/\\\/boutique-one-piece.com\\\/?s={search_term_string}\"},\"query-input\":{\"@type\":\"PropertyValueSpecification\",\"valueRequired\":true,\"valueName\":\"search_term_string\"}}],\"inLanguage\":\"en-US\"},{\"@type\":\"Organization\",\"@id\":\"https:\\\/\\\/boutique-one-piece.com\\\/#organization\",\"name\":\"Boutique One Piece\",\"url\":\"https:\\\/\\\/boutique-one-piece.com\\\/\",\"logo\":{\"@type\":\"ImageObject\",\"inLanguage\":\"en-US\",\"@id\":\"https:\\\/\\\/boutique-one-piece.com\\\/#\\\/schema\\\/logo\\\/image\\\/\",\"url\":\"https:\\\/\\\/boutique-one-piece.com\\\/wp-content\\\/uploads\\\/2022\\\/09\\\/Logo-01.png\",\"contentUrl\":\"https:\\\/\\\/boutique-one-piece.com\\\/wp-content\\\/uploads\\\/2022\\\/09\\\/Logo-01.png\",\"width\":2318,\"height\":957,\"caption\":\"Boutique One Piece\"},\"image\":{\"@id\":\"https:\\\/\\\/boutique-one-piece.com\\\/#\\\/schema\\\/logo\\\/image\\\/\"}}]}<\/script>\n<!-- \/ Yoast SEO plugin. -->","yoast_head_json":{"title":"One Piece Luffy Offensive Fluid Figure | One Piece Figure \u2013 One Piece Shop","description":"Young pirate, get your hands on this One Piece Luffy figure in his offensive fluid form now! Luffy needs no introduction, but here&#039;s a little about him: He has a worldwide reputation for causing trouble and disaster, even among the Seven Warlords of the Sea and the Marines, going so far as to challenge...","robots":{"index":"index","follow":"follow","max-snippet":"max-snippet:-1","max-image-preview":"max-image-preview:large","max-video-preview":"max-video-preview:-1"},"canonical":"https:\/\/boutique-one-piece.com\/en\/one-piece-figurines\/one-piece-luffy-offensive-fluid-figurine\/","og_locale":"en_US","og_type":"article","og_title":"Figurine One Piece Luffy fluide offensif | Figurine One Piece \u2013 Boutique One Piece","og_description":"Jeune pirate, procure-toi d\u00e8s maintenant cette Figurine One Piece Luffy fluide offensif. Luffy n'est plus \u00e0 pr\u00e9senter, mais voici quelques mots le concernant ; Il a une r\u00e9putation mondiale pour avoir caus\u00e9 des troubles et des catastrophes, m\u00eame parmi les 7 Capitaines Corsaires et la Marine, en \u00e9tant all\u00e9 jusqu'\u00e0 d\u00e9fier","og_url":"https:\/\/boutique-one-piece.com\/en\/one-piece-figurines\/one-piece-luffy-offensive-fluid-figurine\/","og_site_name":"Boutique One Piece","article_modified_time":"2024-09-16T11:56:43+00:00","og_image":[{"width":800,"height":800,"url":"https:\/\/boutique-one-piece.com\/wp-content\/uploads\/2022\/09\/Figurine-One-Piece-Luffy-fluide-offensif-1.jpg","type":"image\/jpeg"}],"twitter_card":"summary_large_image","twitter_misc":{"Est. reading time":"2 minutes"},"schema":{"@context":"https:\/\/schema.org","@graph":[{"@type":"WebPage","@id":"https:\/\/boutique-one-piece.com\/figurines-one-piece\/figurine-one-piece-luffy-fluide-offensif\/","url":"https:\/\/boutique-one-piece.com\/figurines-one-piece\/figurine-one-piece-luffy-fluide-offensif\/","name":"One Piece Luffy Offensive Fluid Figure | One Piece Figure \u2013 One Piece Shop","isPartOf":{"@id":"https:\/\/boutique-one-piece.com\/#website"},"primaryImageOfPage":{"@id":"https:\/\/boutique-one-piece.com\/figurines-one-piece\/figurine-one-piece-luffy-fluide-offensif\/#primaryimage"},"image":{"@id":"https:\/\/boutique-one-piece.com\/figurines-one-piece\/figurine-one-piece-luffy-fluide-offensif\/#primaryimage"},"thumbnailUrl":"https:\/\/boutique-one-piece.com\/wp-content\/uploads\/2022\/09\/Figurine-One-Piece-Luffy-fluide-offensif-1.jpg","datePublished":"2022-09-27T20:24:18+00:00","dateModified":"2024-09-16T11:56:43+00:00","description":"Young pirate, get your hands on this One Piece Luffy figure in his offensive fluid form now! Luffy needs no introduction, but here&#039;s a little about him: He has a worldwide reputation for causing trouble and disaster, even among the Seven Warlords of the Sea and the Marines, going so far as to challenge...","breadcrumb":{"@id":"https:\/\/boutique-one-piece.com\/figurines-one-piece\/figurine-one-piece-luffy-fluide-offensif\/#breadcrumb"},"inLanguage":"en-US","potentialAction":[{"@type":"ReadAction","target":["https:\/\/boutique-one-piece.com\/figurines-one-piece\/figurine-one-piece-luffy-fluide-offensif\/"]}]},{"@type":"ImageObject","inLanguage":"en-US","@id":"https:\/\/boutique-one-piece.com\/figurines-one-piece\/figurine-one-piece-luffy-fluide-offensif\/#primaryimage","url":"https:\/\/boutique-one-piece.com\/wp-content\/uploads\/2022\/09\/Figurine-One-Piece-Luffy-fluide-offensif-1.jpg","contentUrl":"https:\/\/boutique-one-piece.com\/wp-content\/uploads\/2022\/09\/Figurine-One-Piece-Luffy-fluide-offensif-1.jpg","width":800,"height":800},{"@type":"BreadcrumbList","@id":"https:\/\/boutique-one-piece.com\/figurines-one-piece\/figurine-one-piece-luffy-fluide-offensif\/#breadcrumb","itemListElement":[{"@type":"ListItem","position":1,"name":"Home","item":"https:\/\/boutique-one-piece.com\/"},{"@type":"ListItem","position":2,"name":"Shop","item":"https:\/\/boutique-one-piece.com\/shop\/"},{"@type":"ListItem","position":3,"name":"Figurine One Piece Luffy fluide offensif"}]},{"@type":"WebSite","@id":"https:\/\/boutique-one-piece.com\/#website","url":"https:\/\/boutique-one-piece.com\/","name":"One Piece Shop","description":"Specialty store for One Piece Manga and Anime","publisher":{"@id":"https:\/\/boutique-one-piece.com\/#organization"},"potentialAction":[{"@type":"SearchAction","target":{"@type":"EntryPoint","urlTemplate":"https:\/\/boutique-one-piece.com\/?s={search_term_string}"},"query-input":{"@type":"PropertyValueSpecification","valueRequired":true,"valueName":"search_term_string"}}],"inLanguage":"en-US"},{"@type":"Organization","@id":"https:\/\/boutique-one-piece.com\/#organization","name":"One Piece Shop","url":"https:\/\/boutique-one-piece.com\/","logo":{"@type":"ImageObject","inLanguage":"en-US","@id":"https:\/\/boutique-one-piece.com\/#\/schema\/logo\/image\/","url":"https:\/\/boutique-one-piece.com\/wp-content\/uploads\/2022\/09\/Logo-01.png","contentUrl":"https:\/\/boutique-one-piece.com\/wp-content\/uploads\/2022\/09\/Logo-01.png","width":2318,"height":957,"caption":"Boutique One Piece"},"image":{"@id":"https:\/\/boutique-one-piece.com\/#\/schema\/logo\/image\/"}}]}},"_links":{"self":[{"href":"https:\/\/boutique-one-piece.com\/en\/wp-json\/wp\/v2\/product\/10047","targetHints":{"allow":["GET"]}}],"collection":[{"href":"https:\/\/boutique-one-piece.com\/en\/wp-json\/wp\/v2\/product"}],"about":[{"href":"https:\/\/boutique-one-piece.com\/en\/wp-json\/wp\/v2\/types\/product"}],"replies":[{"embeddable":true,"href":"https:\/\/boutique-one-piece.com\/en\/wp-json\/wp\/v2\/comments?post=10047"}],"wp:featuredmedia":[{"embeddable":true,"href":"https:\/\/boutique-one-piece.com\/en\/wp-json\/wp\/v2\/media\/10049"}],"wp:attachment":[{"href":"https:\/\/boutique-one-piece.com\/en\/wp-json\/wp\/v2\/media?parent=10047"}],"wp:term":[{"taxonomy":"product_brand","embeddable":true,"href":"https:\/\/boutique-one-piece.com\/en\/wp-json\/wp\/v2\/product_brand?post=10047"},{"taxonomy":"product_cat","embeddable":true,"href":"https:\/\/boutique-one-piece.com\/en\/wp-json\/wp\/v2\/product_cat?post=10047"},{"taxonomy":"product_tag","embeddable":true,"href":"https:\/\/boutique-one-piece.com\/en\/wp-json\/wp\/v2\/product_tag?post=10047"}],"curies":[{"name":"wp","href":"https:\/\/api.w.org\/{rel}","templated":true}]}}