{"id":10209,"date":"2022-09-27T20:33:02","date_gmt":"2022-09-27T20:33:02","guid":{"rendered":"https:\/\/boutique-one-piece.com\/uncategorized\/peluche-chopper-cosplay-luffy\/"},"modified":"2024-12-13T06:31:20","modified_gmt":"2024-12-13T06:31:20","slug":"chopper-plush-cosplay-luffy","status":"publish","type":"product","link":"https:\/\/boutique-one-piece.com\/en\/one-piece-goodies\/tony-goodies-tony-chopper-one-piece\/chopper-plush-cosplay-luffy\/","title":{"rendered":"Chopper Plush Cosplay Luffy"},"content":{"rendered":"<h2>Jeune pirate, voici un cosplay que tu dois poss\u00e9der. Cette Peluche Chopper Cosplay Luffy doit figurer dans ta collection d\u2019objets One Piece.<\/h2>\n<p>Let&#039;s start with <strong>Luffy<\/strong> ; m\u00eame si ce dernier n\u2019est plus \u00e0 pr\u00e9senter, voici ce que tu dois savoir \u00e0 son sujet ; Luffy est un pirate et le <strong>main protagonist<\/strong> du manga et anime One Piece. Son r\u00eave le plus cher est de devenir le Seigneur des Pirates en trouvant le tr\u00e9sor l\u00e9gendaire One Piece, cach\u00e9 quelque part dans le monde par Gol D. Roger. Selon lui, \u00eatre le Seigneur des Pirates signifie \u00eatre celui qui jouit d\u2019une libert\u00e9 sans pareille dans le monde.<\/p>\n<p>As for <strong>Chopper<\/strong>, tu n\u2019es pas sans savoir que c\u2019est le m\u00e9decin de l\u2019\u00c9quipage du Chapeau de Paille. C\u2019est aussi un renne qui a mang\u00e9 le Hito Hito no Mi, lui permettant de se transformer en humain. D\u2019ailleurs, si tu souhaites agrandir ta collection de peluches, la <a title=\"PLUSH CHOPPER COSPLAY PORTGAS D ACE\" href=\"https:\/\/boutique-one-piece.com\/en\/one-piece-plush-toy\/products\/plush-chopper-cosplay-portgas-d-ace\/\" target=\"_blank\" rel=\"noopener\">Chopper plush in Ace cosplay<\/a> is within your reach.<\/p>\n<h3>Alors, conquis par ce cosplay avec le capitaine de l\u2019\u00c9quipage du Chapeau de Paille ? Si oui, n\u2019h\u00e9site plus un instant et embarque \u00e0 leurs c\u00f4t\u00e9s. Bien des aventures t\u2019attendent.<\/h3>\n<p>Whether you&#039;re a die-hard fan or a seasoned collector, look no further, you&#039;ve come to the right place. Here, you&#039;ll find legendary items that will transport you back in time. <strong>l\u2019univers de Luffy<\/strong>. Ces objets sont parfaits pour offrir, collectionner ou encore t\u2019amuser. Alors n\u2019attends plus et saute sur l\u2019occasion de vivre bien des aventures tr\u00e9pidantes au sein de <strong>l\u2019univers One Piece<\/strong>.<\/p>\n<h2>Information about the One Piece Chopper Plush:<\/h2>\n<ul>\n<li>\u00a0<b>Product Type<\/b><span>\u00a0<\/span>One Piece manga plush toy<\/li>\n<\/ul>\n<ul>\n<li>\n<b>Use of the Peluce<\/b>\u00a0Toys, decorations, collectibles, gifts<\/li>\n<\/ul>\n<ul>\n<li>\n<b>Character Name<\/b>\u00a0Tony Chopper<\/li>\n<\/ul>\n<ul>\n<li>\n<b>Plush toy size<\/b>\u00a0: 25 or 30 centimeters<\/li>\n<\/ul>\n<ul>\n<li>\n<b>Matter<\/b>\u00a0: Cotton<\/li>\n<\/ul>\n<ul>\n<li>\n<b>Recommended Age<\/b>\u00a0: more than 3 years<\/li>\n<\/ul>\n<ul>\n<li>\n<b>Free Delivery<\/b> for any purchase<\/li>\n<\/ul>","protected":false},"excerpt":{"rendered":"<p>Jeune pirate, voici un cosplay que tu dois poss\u00e9der. Cette Peluche Chopper Cosplay Luffy doit figurer dans ta collection d\u2019objets One Piece. Commen\u00e7ons par Luffy ; m\u00eame si ce dernier n\u2019est plus \u00e0 pr\u00e9senter, voici ce que tu dois savoir \u00e0 son sujet ; Luffy est un pirate et le principal protagoniste du manga et [&hellip;]<\/p>","protected":false},"featured_media":10211,"comment_status":"open","ping_status":"open","template":"","meta":[],"product_brand":[],"product_cat":[163,177],"product_tag":[165],"class_list":{"0":"post-10209","1":"product","2":"type-product","3":"status-publish","4":"has-post-thumbnail","6":"product_cat-goodies-tony-tony-chopper-one-piece","7":"product_cat-peluches-one-piece","8":"product_tag-chopper","10":"first","11":"instock","12":"purchasable","13":"product-type-variable"},"yoast_head":"<!-- This site is optimized with the Yoast SEO plugin v27.5 - https:\/\/yoast.com\/product\/yoast-seo-wordpress\/ -->\n<title>Peluche Chopper Cosplay Luffy | Boutique One Piece<\/title>\n<meta name=\"description\" content=\"D\u00e9couvrez la peluche One Piece Tony Chopper d\u00e9guis\u00e9 en Luffy, elle est aussi douce que mignonne ! Commencez votre aventure de pirate \u00e0 la recherche du One Piece dans l&#039;\u00e9quipage du Chapeau de Paille\" \/>\n<meta name=\"robots\" content=\"index, follow, max-snippet:-1, max-image-preview:large, max-video-preview:-1\" \/>\n<link rel=\"canonical\" href=\"https:\/\/boutique-one-piece.com\/en\/one-piece-plush-toys\/chopper-plush-cosplay-luffy\/\" \/>\n<meta property=\"og:locale\" content=\"en_US\" \/>\n<meta property=\"og:type\" content=\"article\" \/>\n<meta property=\"og:title\" content=\"Peluche Chopper Cosplay Luffy | Boutique One Piece\" \/>\n<meta property=\"og:description\" content=\"D\u00e9couvrez la peluche One Piece Tony Chopper d\u00e9guis\u00e9 en Luffy, elle est aussi douce que mignonne ! Commencez votre aventure de pirate \u00e0 la recherche du One Piece dans l&#039;\u00e9quipage du Chapeau de Paille\" \/>\n<meta property=\"og:url\" content=\"https:\/\/boutique-one-piece.com\/en\/one-piece-plush-toys\/chopper-plush-cosplay-luffy\/\" \/>\n<meta property=\"og:site_name\" content=\"Boutique One Piece\" \/>\n<meta property=\"article:modified_time\" content=\"2024-12-13T06:31:20+00:00\" \/>\n<meta property=\"og:image\" content=\"https:\/\/boutique-one-piece.com\/wp-content\/uploads\/2022\/09\/Peluche-Chopper-Cosplay-Luffy.png\" \/>\n\t<meta property=\"og:image:width\" content=\"500\" \/>\n\t<meta property=\"og:image:height\" content=\"500\" \/>\n\t<meta property=\"og:image:type\" content=\"image\/png\" \/>\n<meta name=\"twitter:card\" content=\"summary_large_image\" \/>\n<meta name=\"twitter:label1\" content=\"Est. reading time\" \/>\n\t<meta name=\"twitter:data1\" content=\"2 minutes\" \/>\n<script type=\"application\/ld+json\" class=\"yoast-schema-graph\">{\"@context\":\"https:\\\/\\\/schema.org\",\"@graph\":[{\"@type\":\"WebPage\",\"@id\":\"https:\\\/\\\/boutique-one-piece.com\\\/peluches-one-piece\\\/peluche-chopper-cosplay-luffy\\\/\",\"url\":\"https:\\\/\\\/boutique-one-piece.com\\\/peluches-one-piece\\\/peluche-chopper-cosplay-luffy\\\/\",\"name\":\"Peluche Chopper Cosplay Luffy | Boutique One Piece\",\"isPartOf\":{\"@id\":\"https:\\\/\\\/boutique-one-piece.com\\\/#website\"},\"primaryImageOfPage\":{\"@id\":\"https:\\\/\\\/boutique-one-piece.com\\\/peluches-one-piece\\\/peluche-chopper-cosplay-luffy\\\/#primaryimage\"},\"image\":{\"@id\":\"https:\\\/\\\/boutique-one-piece.com\\\/peluches-one-piece\\\/peluche-chopper-cosplay-luffy\\\/#primaryimage\"},\"thumbnailUrl\":\"https:\\\/\\\/boutique-one-piece.com\\\/wp-content\\\/uploads\\\/2022\\\/09\\\/Peluche-Chopper-Cosplay-Luffy.png\",\"datePublished\":\"2022-09-27T20:33:02+00:00\",\"dateModified\":\"2024-12-13T06:31:20+00:00\",\"description\":\"D\u00e9couvrez la peluche One Piece Tony Chopper d\u00e9guis\u00e9 en Luffy, elle est aussi douce que mignonne ! Commencez votre aventure de pirate \u00e0 la recherche du One Piece dans l'\u00e9quipage du Chapeau de Paille\",\"breadcrumb\":{\"@id\":\"https:\\\/\\\/boutique-one-piece.com\\\/peluches-one-piece\\\/peluche-chopper-cosplay-luffy\\\/#breadcrumb\"},\"inLanguage\":\"en-US\",\"potentialAction\":[{\"@type\":\"ReadAction\",\"target\":[\"https:\\\/\\\/boutique-one-piece.com\\\/peluches-one-piece\\\/peluche-chopper-cosplay-luffy\\\/\"]}]},{\"@type\":\"ImageObject\",\"inLanguage\":\"en-US\",\"@id\":\"https:\\\/\\\/boutique-one-piece.com\\\/peluches-one-piece\\\/peluche-chopper-cosplay-luffy\\\/#primaryimage\",\"url\":\"https:\\\/\\\/boutique-one-piece.com\\\/wp-content\\\/uploads\\\/2022\\\/09\\\/Peluche-Chopper-Cosplay-Luffy.png\",\"contentUrl\":\"https:\\\/\\\/boutique-one-piece.com\\\/wp-content\\\/uploads\\\/2022\\\/09\\\/Peluche-Chopper-Cosplay-Luffy.png\",\"width\":500,\"height\":500,\"caption\":\"Peluche Chopper Cosplay Luffy 30cm\"},{\"@type\":\"BreadcrumbList\",\"@id\":\"https:\\\/\\\/boutique-one-piece.com\\\/peluches-one-piece\\\/peluche-chopper-cosplay-luffy\\\/#breadcrumb\",\"itemListElement\":[{\"@type\":\"ListItem\",\"position\":1,\"name\":\"Home\",\"item\":\"https:\\\/\\\/boutique-one-piece.com\\\/\"},{\"@type\":\"ListItem\",\"position\":2,\"name\":\"Shop\",\"item\":\"https:\\\/\\\/boutique-one-piece.com\\\/shop\\\/\"},{\"@type\":\"ListItem\",\"position\":3,\"name\":\"Peluche Chopper Cosplay Luffy\"}]},{\"@type\":\"WebSite\",\"@id\":\"https:\\\/\\\/boutique-one-piece.com\\\/#website\",\"url\":\"https:\\\/\\\/boutique-one-piece.com\\\/\",\"name\":\"Boutique One Piece\",\"description\":\"Magasin Sp\u00e9cialis\u00e9 du Manga et l&#039;Anime One Piece\",\"publisher\":{\"@id\":\"https:\\\/\\\/boutique-one-piece.com\\\/#organization\"},\"potentialAction\":[{\"@type\":\"SearchAction\",\"target\":{\"@type\":\"EntryPoint\",\"urlTemplate\":\"https:\\\/\\\/boutique-one-piece.com\\\/?s={search_term_string}\"},\"query-input\":{\"@type\":\"PropertyValueSpecification\",\"valueRequired\":true,\"valueName\":\"search_term_string\"}}],\"inLanguage\":\"en-US\"},{\"@type\":\"Organization\",\"@id\":\"https:\\\/\\\/boutique-one-piece.com\\\/#organization\",\"name\":\"Boutique One Piece\",\"url\":\"https:\\\/\\\/boutique-one-piece.com\\\/\",\"logo\":{\"@type\":\"ImageObject\",\"inLanguage\":\"en-US\",\"@id\":\"https:\\\/\\\/boutique-one-piece.com\\\/#\\\/schema\\\/logo\\\/image\\\/\",\"url\":\"https:\\\/\\\/boutique-one-piece.com\\\/wp-content\\\/uploads\\\/2022\\\/09\\\/Logo-01.png\",\"contentUrl\":\"https:\\\/\\\/boutique-one-piece.com\\\/wp-content\\\/uploads\\\/2022\\\/09\\\/Logo-01.png\",\"width\":2318,\"height\":957,\"caption\":\"Boutique One Piece\"},\"image\":{\"@id\":\"https:\\\/\\\/boutique-one-piece.com\\\/#\\\/schema\\\/logo\\\/image\\\/\"}}]}<\/script>\n<!-- \/ Yoast SEO plugin. -->","yoast_head_json":{"title":"Plush Chopper Cosplay Luffy | One Piece Shop","description":"Discover the One Piece Tony Chopper plush dressed as Luffy \u2013 it&#039;s as soft as it is cute! Start your pirate adventure in search of the One Piece with the Straw Hat crew","robots":{"index":"index","follow":"follow","max-snippet":"max-snippet:-1","max-image-preview":"max-image-preview:large","max-video-preview":"max-video-preview:-1"},"canonical":"https:\/\/boutique-one-piece.com\/en\/one-piece-plush-toys\/chopper-plush-cosplay-luffy\/","og_locale":"en_US","og_type":"article","og_title":"Peluche Chopper Cosplay Luffy | Boutique One Piece","og_description":"D\u00e9couvrez la peluche One Piece Tony Chopper d\u00e9guis\u00e9 en Luffy, elle est aussi douce que mignonne ! Commencez votre aventure de pirate \u00e0 la recherche du One Piece dans l'\u00e9quipage du Chapeau de Paille","og_url":"https:\/\/boutique-one-piece.com\/en\/one-piece-plush-toys\/chopper-plush-cosplay-luffy\/","og_site_name":"Boutique One Piece","article_modified_time":"2024-12-13T06:31:20+00:00","og_image":[{"width":500,"height":500,"url":"https:\/\/boutique-one-piece.com\/wp-content\/uploads\/2022\/09\/Peluche-Chopper-Cosplay-Luffy.png","type":"image\/png"}],"twitter_card":"summary_large_image","twitter_misc":{"Est. reading time":"2 minutes"},"schema":{"@context":"https:\/\/schema.org","@graph":[{"@type":"WebPage","@id":"https:\/\/boutique-one-piece.com\/peluches-one-piece\/peluche-chopper-cosplay-luffy\/","url":"https:\/\/boutique-one-piece.com\/peluches-one-piece\/peluche-chopper-cosplay-luffy\/","name":"Plush Chopper Cosplay Luffy | One Piece Shop","isPartOf":{"@id":"https:\/\/boutique-one-piece.com\/#website"},"primaryImageOfPage":{"@id":"https:\/\/boutique-one-piece.com\/peluches-one-piece\/peluche-chopper-cosplay-luffy\/#primaryimage"},"image":{"@id":"https:\/\/boutique-one-piece.com\/peluches-one-piece\/peluche-chopper-cosplay-luffy\/#primaryimage"},"thumbnailUrl":"https:\/\/boutique-one-piece.com\/wp-content\/uploads\/2022\/09\/Peluche-Chopper-Cosplay-Luffy.png","datePublished":"2022-09-27T20:33:02+00:00","dateModified":"2024-12-13T06:31:20+00:00","description":"Discover the One Piece Tony Chopper plush dressed as Luffy \u2013 it&#039;s as soft as it is cute! Start your pirate adventure in search of the One Piece with the Straw Hat crew","breadcrumb":{"@id":"https:\/\/boutique-one-piece.com\/peluches-one-piece\/peluche-chopper-cosplay-luffy\/#breadcrumb"},"inLanguage":"en-US","potentialAction":[{"@type":"ReadAction","target":["https:\/\/boutique-one-piece.com\/peluches-one-piece\/peluche-chopper-cosplay-luffy\/"]}]},{"@type":"ImageObject","inLanguage":"en-US","@id":"https:\/\/boutique-one-piece.com\/peluches-one-piece\/peluche-chopper-cosplay-luffy\/#primaryimage","url":"https:\/\/boutique-one-piece.com\/wp-content\/uploads\/2022\/09\/Peluche-Chopper-Cosplay-Luffy.png","contentUrl":"https:\/\/boutique-one-piece.com\/wp-content\/uploads\/2022\/09\/Peluche-Chopper-Cosplay-Luffy.png","width":500,"height":500,"caption":"Peluche Chopper Cosplay Luffy 30cm"},{"@type":"BreadcrumbList","@id":"https:\/\/boutique-one-piece.com\/peluches-one-piece\/peluche-chopper-cosplay-luffy\/#breadcrumb","itemListElement":[{"@type":"ListItem","position":1,"name":"Home","item":"https:\/\/boutique-one-piece.com\/"},{"@type":"ListItem","position":2,"name":"Shop","item":"https:\/\/boutique-one-piece.com\/shop\/"},{"@type":"ListItem","position":3,"name":"Peluche Chopper Cosplay Luffy"}]},{"@type":"WebSite","@id":"https:\/\/boutique-one-piece.com\/#website","url":"https:\/\/boutique-one-piece.com\/","name":"One Piece Shop","description":"Specialty store for One Piece Manga and Anime","publisher":{"@id":"https:\/\/boutique-one-piece.com\/#organization"},"potentialAction":[{"@type":"SearchAction","target":{"@type":"EntryPoint","urlTemplate":"https:\/\/boutique-one-piece.com\/?s={search_term_string}"},"query-input":{"@type":"PropertyValueSpecification","valueRequired":true,"valueName":"search_term_string"}}],"inLanguage":"en-US"},{"@type":"Organization","@id":"https:\/\/boutique-one-piece.com\/#organization","name":"One Piece Shop","url":"https:\/\/boutique-one-piece.com\/","logo":{"@type":"ImageObject","inLanguage":"en-US","@id":"https:\/\/boutique-one-piece.com\/#\/schema\/logo\/image\/","url":"https:\/\/boutique-one-piece.com\/wp-content\/uploads\/2022\/09\/Logo-01.png","contentUrl":"https:\/\/boutique-one-piece.com\/wp-content\/uploads\/2022\/09\/Logo-01.png","width":2318,"height":957,"caption":"Boutique One Piece"},"image":{"@id":"https:\/\/boutique-one-piece.com\/#\/schema\/logo\/image\/"}}]}},"_links":{"self":[{"href":"https:\/\/boutique-one-piece.com\/en\/wp-json\/wp\/v2\/product\/10209","targetHints":{"allow":["GET"]}}],"collection":[{"href":"https:\/\/boutique-one-piece.com\/en\/wp-json\/wp\/v2\/product"}],"about":[{"href":"https:\/\/boutique-one-piece.com\/en\/wp-json\/wp\/v2\/types\/product"}],"replies":[{"embeddable":true,"href":"https:\/\/boutique-one-piece.com\/en\/wp-json\/wp\/v2\/comments?post=10209"}],"wp:featuredmedia":[{"embeddable":true,"href":"https:\/\/boutique-one-piece.com\/en\/wp-json\/wp\/v2\/media\/10211"}],"wp:attachment":[{"href":"https:\/\/boutique-one-piece.com\/en\/wp-json\/wp\/v2\/media?parent=10209"}],"wp:term":[{"taxonomy":"product_brand","embeddable":true,"href":"https:\/\/boutique-one-piece.com\/en\/wp-json\/wp\/v2\/product_brand?post=10209"},{"taxonomy":"product_cat","embeddable":true,"href":"https:\/\/boutique-one-piece.com\/en\/wp-json\/wp\/v2\/product_cat?post=10209"},{"taxonomy":"product_tag","embeddable":true,"href":"https:\/\/boutique-one-piece.com\/en\/wp-json\/wp\/v2\/product_tag?post=10209"}],"curies":[{"name":"wp","href":"https:\/\/api.w.org\/{rel}","templated":true}]}}