{"id":10647,"date":"2022-09-27T20:35:44","date_gmt":"2022-09-27T20:35:44","guid":{"rendered":"https:\/\/boutique-one-piece.com\/uncategorized\/puzzle-1000-pieece-one-piece-porgas-d-ace\/"},"modified":"2024-09-16T12:10:21","modified_gmt":"2024-09-16T12:10:21","slug":"puzzle-1000-piece-one-piece-porgas-d-ace","status":"publish","type":"product","link":"https:\/\/boutique-one-piece.com\/en\/one-piece-puzzles\/puzzle-1000-piece-one-piece-porgas-d-ace\/","title":{"rendered":"1000 Piece Puzzle One Piece Porgas D. Ace"},"content":{"rendered":"<h2>A Super Game for a Pirate Like You!<\/h2>\n<p>If you are a\u00a0<strong>real pirate<\/strong>,\u00a0<strong>little<\/strong>\u00a0Or\u00a0<strong>big<\/strong>,You will appreciate it<span>\u00a0<\/span>there\u00a0<strong>quality<\/strong>\u00a0of the\u00a0<strong>wooden pieces<\/strong>, of the\u00a0<strong>paint<\/strong>\u00a0And\u00a0<strong>3D printing<\/strong>\u00a0of this\u00a0<strong>One Piece 1000 Piece Puzzle<\/strong>\u00a0But most importantly, with this puzzle game, you&#039;ll be part of\u00a0<strong>the fan crew<\/strong>\u00a0of\u00a0<strong>pirate manga<\/strong>\u00a0and you will obtain:<\/p>\n<ul>\n<li>\u00a0<strong>Admiration<\/strong>\u00a0of all the fans of\u00a0<strong>mugiwara<\/strong>\u00a0that you will invite to play at your house<\/li>\n<\/ul>\n<ul>\n<li>A real\u00a0<strong>printed puzzle<\/strong>\u00a0with which you can<strong>\u00a0have fun<\/strong> to gather all the pieces for<strong>\u00a0reveal<\/strong>\u00a0<strong>Porgas D. Ace<\/strong>\n<\/li>\n<\/ul>\n<p>\u00a0So, ready to <strong>play<\/strong> with a game <strong>One Piece<\/strong>\u00a0?<\/p>\n<h2>Are you a fan of the One Piece manga or anime? Show it with this!<span>\u00a0<\/span>One Piece 1000 Piece Puzzle!<\/h2>\n<p>If you\u00a0<strong>read<\/strong>\u00a0or wherever you look\u00a0<strong>the anime\u00a0<\/strong><strong>Japanese<\/strong>, There&#039;s a good chance you&#039;ve become\u00a0<strong>crazy about One Piece<\/strong>\u00a0With this!\u00a0<strong>1000-piece puzzle Poragas D. Ace<\/strong>, join the\u2019<strong>crew of fans of the franchise<\/strong><\/p>\n<p><strong>Ace with the Fiery Fist<\/strong>\u00a0the second commander of the fleet\u00a0<strong>Edward Newgate<\/strong>, THE\u00a0<strong>arms outstretched<\/strong>\u00a0with\u00a0<strong>flames<\/strong>\u00a0around him. Ace had eaten the\u00a0<strong>Pyro-Fruit<\/strong>\u00a0Or\u00a0<strong>Mera Mera No Mi<\/strong>, he has<span>\u00a0<\/span>was killed<span>\u00a0<\/span>by\u00a0<strong>Sakazuki Akainu<\/strong>\u00a0on\u00a0<strong>Mary Geoise<\/strong>\u00a0during the\u00a0<strong>Great War<\/strong><\/p>\n<h2><strong>Puzzle Information:<\/strong><\/h2>\n<ul>\n<li>\n<strong>High-quality printed puzzle\u00a0<\/strong>The pieces are made of wood.<\/li>\n<\/ul>\n<ul>\n<li>\n<strong>Ultra Design Puzzle<\/strong>\u00a0This 1000-piece puzzle is absolutely beautiful once it&#039;s finished.\u00a0<strong>finished<\/strong>\u00a0you can use it as\u00a0<strong>painting<\/strong>, Fans can&#039;t help but love it<\/li>\n<\/ul>\n<ul>\n<li>\n<strong>Color and Printing\u00a0<\/strong>One Piece puzzle with a print\u00a0<strong>Canvas<\/strong>\u00a0the benchmark in printing<\/li>\n<\/ul>\n<ul>\n<li>\n<strong>Medium Difficulty<\/strong>\u00a0: perfectly suitable for children from\u00a0<strong>6 years<\/strong>. Before that age, the\u00a0<strong>monitoring<\/strong>\u00a0of a\u00a0<strong>adult<\/strong>\u00a0East\u00a0<strong>recommended<\/strong>\n<\/li>\n<\/ul>\n<ul>\n<li>\n<strong>For Children and Adults<\/strong>\u00a0This is a good opportunity to do a\u00a0<strong>fun activity<\/strong>\u00a0And\u00a0<strong>exciting<\/strong>\u00a0with your\u00a0<strong>child<\/strong>\u00a0or with your\u00a0<strong>parents<\/strong>\n<\/li>\n<\/ul>\n<ul>\n<li>\n<strong>Dimension\u00a0<\/strong>: height\u00a0<strong>50 cm<\/strong>, width\u00a0<strong>75 cm<\/strong>, thickness\u00a0<strong>2 mm<\/strong>\n<\/li>\n<\/ul>\n<ul>\n<li>\n<strong>Free Delivery\u00a0<\/strong>for any purchase<\/li>\n<\/ul>\n<p><img fetchpriority=\"high\" decoding=\"async\" src=\"\/\/cdn.shopify.com\/s\/files\/1\/0087\/7556\/5348\/files\/puzzle_one_piece_1000_pieces_en_bois_large.jpg?v=1561382263\" alt=\"One Piece wooden game\" width=\"287\" height=\"283\"><\/p>\n<ul><\/ul>\n<ul><\/ul>","protected":false},"excerpt":{"rendered":"<p>A Super Game for a Pirate Like You! If you&#039;re a true pirate, young or old, you&#039;ll appreciate the quality of the wooden pieces, the paintwork, and the 3D printing of this 1000-piece One Piece Puzzle! But most importantly, with this puzzle game, you&#039;ll become part of the crew of pirate manga fans and you&#039;ll gain: The admiration of all the Straw Hat fans you&#039;ll invite to play at your house; A real printed puzzle with which you [\u2026]<\/p>","protected":false},"featured_media":10650,"comment_status":"open","ping_status":"open","template":"","meta":[],"product_brand":[],"product_cat":[197],"product_tag":[176,203],"class_list":{"0":"post-10647","1":"product","2":"type-product","3":"status-publish","4":"has-post-thumbnail","6":"product_cat-puzzles-one-piece","7":"product_tag-ace","8":"product_tag-puzzle-1000-pieces","10":"first","11":"instock","12":"purchasable","13":"product-type-simple"},"yoast_head":"<!-- This site is optimized with the Yoast SEO plugin v27.5 - https:\/\/yoast.com\/product\/yoast-seo-wordpress\/ -->\n<title>Puzzle 1000 Pi\u00e8ece Porgas D. Ace | Boutique One Piece<\/title>\n<meta name=\"description\" content=\"Puzzle Imprim\u00e9 1000 Pi\u00e8ces One Piece avec Porgas D. Ace en Flamme avec le Pyro-Fruit Jeux Puzzle Imrpim\u00e9 Sur Bois de Tr\u00e8s Haute Qualit\u00e9 pour les Petits et Grands\" \/>\n<meta name=\"robots\" content=\"index, follow, max-snippet:-1, max-image-preview:large, max-video-preview:-1\" \/>\n<link rel=\"canonical\" href=\"https:\/\/boutique-one-piece.com\/en\/one-piece-puzzles\/puzzle-1000-piece-one-piece-porgas-d-ace\/\" \/>\n<meta property=\"og:locale\" content=\"en_US\" \/>\n<meta property=\"og:type\" content=\"article\" \/>\n<meta property=\"og:title\" content=\"Puzzle 1000 Pi\u00e8ece Porgas D. Ace | Boutique One Piece\" \/>\n<meta property=\"og:description\" content=\"Puzzle Imprim\u00e9 1000 Pi\u00e8ces One Piece avec Porgas D. Ace en Flamme avec le Pyro-Fruit Jeux Puzzle Imrpim\u00e9 Sur Bois de Tr\u00e8s Haute Qualit\u00e9 pour les Petits et Grands\" \/>\n<meta property=\"og:url\" content=\"https:\/\/boutique-one-piece.com\/en\/one-piece-puzzles\/puzzle-1000-piece-one-piece-porgas-d-ace\/\" \/>\n<meta property=\"og:site_name\" content=\"Boutique One Piece\" \/>\n<meta property=\"article:modified_time\" content=\"2024-09-16T12:10:21+00:00\" \/>\n<meta property=\"og:image\" content=\"https:\/\/boutique-one-piece.com\/wp-content\/uploads\/2022\/09\/Puzzle-1000-Pieece-One-Piece-Porgas-D.-Ace-1.jpg\" \/>\n\t<meta property=\"og:image:width\" content=\"599\" \/>\n\t<meta property=\"og:image:height\" content=\"399\" \/>\n\t<meta property=\"og:image:type\" content=\"image\/jpeg\" \/>\n<meta name=\"twitter:card\" content=\"summary_large_image\" \/>\n<meta name=\"twitter:label1\" content=\"Est. reading time\" \/>\n\t<meta name=\"twitter:data1\" content=\"2 minutes\" \/>\n<script type=\"application\/ld+json\" class=\"yoast-schema-graph\">{\"@context\":\"https:\\\/\\\/schema.org\",\"@graph\":[{\"@type\":\"WebPage\",\"@id\":\"https:\\\/\\\/boutique-one-piece.com\\\/puzzles-one-piece\\\/puzzle-1000-pieece-one-piece-porgas-d-ace\\\/\",\"url\":\"https:\\\/\\\/boutique-one-piece.com\\\/puzzles-one-piece\\\/puzzle-1000-pieece-one-piece-porgas-d-ace\\\/\",\"name\":\"Puzzle 1000 Pi\u00e8ece Porgas D. Ace | Boutique One Piece\",\"isPartOf\":{\"@id\":\"https:\\\/\\\/boutique-one-piece.com\\\/#website\"},\"primaryImageOfPage\":{\"@id\":\"https:\\\/\\\/boutique-one-piece.com\\\/puzzles-one-piece\\\/puzzle-1000-pieece-one-piece-porgas-d-ace\\\/#primaryimage\"},\"image\":{\"@id\":\"https:\\\/\\\/boutique-one-piece.com\\\/puzzles-one-piece\\\/puzzle-1000-pieece-one-piece-porgas-d-ace\\\/#primaryimage\"},\"thumbnailUrl\":\"https:\\\/\\\/boutique-one-piece.com\\\/wp-content\\\/uploads\\\/2022\\\/09\\\/Puzzle-1000-Pieece-One-Piece-Porgas-D.-Ace-1.jpg\",\"datePublished\":\"2022-09-27T20:35:44+00:00\",\"dateModified\":\"2024-09-16T12:10:21+00:00\",\"description\":\"Puzzle Imprim\u00e9 1000 Pi\u00e8ces One Piece avec Porgas D. Ace en Flamme avec le Pyro-Fruit Jeux Puzzle Imrpim\u00e9 Sur Bois de Tr\u00e8s Haute Qualit\u00e9 pour les Petits et Grands\",\"breadcrumb\":{\"@id\":\"https:\\\/\\\/boutique-one-piece.com\\\/puzzles-one-piece\\\/puzzle-1000-pieece-one-piece-porgas-d-ace\\\/#breadcrumb\"},\"inLanguage\":\"en-US\",\"potentialAction\":[{\"@type\":\"ReadAction\",\"target\":[\"https:\\\/\\\/boutique-one-piece.com\\\/puzzles-one-piece\\\/puzzle-1000-pieece-one-piece-porgas-d-ace\\\/\"]}]},{\"@type\":\"ImageObject\",\"inLanguage\":\"en-US\",\"@id\":\"https:\\\/\\\/boutique-one-piece.com\\\/puzzles-one-piece\\\/puzzle-1000-pieece-one-piece-porgas-d-ace\\\/#primaryimage\",\"url\":\"https:\\\/\\\/boutique-one-piece.com\\\/wp-content\\\/uploads\\\/2022\\\/09\\\/Puzzle-1000-Pieece-One-Piece-Porgas-D.-Ace-1.jpg\",\"contentUrl\":\"https:\\\/\\\/boutique-one-piece.com\\\/wp-content\\\/uploads\\\/2022\\\/09\\\/Puzzle-1000-Pieece-One-Piece-Porgas-D.-Ace-1.jpg\",\"width\":599,\"height\":399},{\"@type\":\"BreadcrumbList\",\"@id\":\"https:\\\/\\\/boutique-one-piece.com\\\/puzzles-one-piece\\\/puzzle-1000-pieece-one-piece-porgas-d-ace\\\/#breadcrumb\",\"itemListElement\":[{\"@type\":\"ListItem\",\"position\":1,\"name\":\"Home\",\"item\":\"https:\\\/\\\/boutique-one-piece.com\\\/\"},{\"@type\":\"ListItem\",\"position\":2,\"name\":\"Shop\",\"item\":\"https:\\\/\\\/boutique-one-piece.com\\\/shop\\\/\"},{\"@type\":\"ListItem\",\"position\":3,\"name\":\"Puzzle 1000 Pi\u00e8ece One Piece Porgas D. Ace\"}]},{\"@type\":\"WebSite\",\"@id\":\"https:\\\/\\\/boutique-one-piece.com\\\/#website\",\"url\":\"https:\\\/\\\/boutique-one-piece.com\\\/\",\"name\":\"Boutique One Piece\",\"description\":\"Magasin Sp\u00e9cialis\u00e9 du Manga et l&#039;Anime One Piece\",\"publisher\":{\"@id\":\"https:\\\/\\\/boutique-one-piece.com\\\/#organization\"},\"potentialAction\":[{\"@type\":\"SearchAction\",\"target\":{\"@type\":\"EntryPoint\",\"urlTemplate\":\"https:\\\/\\\/boutique-one-piece.com\\\/?s={search_term_string}\"},\"query-input\":{\"@type\":\"PropertyValueSpecification\",\"valueRequired\":true,\"valueName\":\"search_term_string\"}}],\"inLanguage\":\"en-US\"},{\"@type\":\"Organization\",\"@id\":\"https:\\\/\\\/boutique-one-piece.com\\\/#organization\",\"name\":\"Boutique One Piece\",\"url\":\"https:\\\/\\\/boutique-one-piece.com\\\/\",\"logo\":{\"@type\":\"ImageObject\",\"inLanguage\":\"en-US\",\"@id\":\"https:\\\/\\\/boutique-one-piece.com\\\/#\\\/schema\\\/logo\\\/image\\\/\",\"url\":\"https:\\\/\\\/boutique-one-piece.com\\\/wp-content\\\/uploads\\\/2022\\\/09\\\/Logo-01.png\",\"contentUrl\":\"https:\\\/\\\/boutique-one-piece.com\\\/wp-content\\\/uploads\\\/2022\\\/09\\\/Logo-01.png\",\"width\":2318,\"height\":957,\"caption\":\"Boutique One Piece\"},\"image\":{\"@id\":\"https:\\\/\\\/boutique-one-piece.com\\\/#\\\/schema\\\/logo\\\/image\\\/\"}}]}<\/script>\n<!-- \/ Yoast SEO plugin. -->","yoast_head_json":{"title":"1000 Piece Puzzle Porgas D. Ace | One Piece Shop","description":"One Piece 1000 Piece Printed Puzzle featuring Porgas D. Ace in Flames with the Pyro-Fruit. High-Quality Wooden Printed Puzzle for Children and Adults","robots":{"index":"index","follow":"follow","max-snippet":"max-snippet:-1","max-image-preview":"max-image-preview:large","max-video-preview":"max-video-preview:-1"},"canonical":"https:\/\/boutique-one-piece.com\/en\/one-piece-puzzles\/puzzle-1000-piece-one-piece-porgas-d-ace\/","og_locale":"en_US","og_type":"article","og_title":"Puzzle 1000 Pi\u00e8ece Porgas D. Ace | Boutique One Piece","og_description":"Puzzle Imprim\u00e9 1000 Pi\u00e8ces One Piece avec Porgas D. Ace en Flamme avec le Pyro-Fruit Jeux Puzzle Imrpim\u00e9 Sur Bois de Tr\u00e8s Haute Qualit\u00e9 pour les Petits et Grands","og_url":"https:\/\/boutique-one-piece.com\/en\/one-piece-puzzles\/puzzle-1000-piece-one-piece-porgas-d-ace\/","og_site_name":"Boutique One Piece","article_modified_time":"2024-09-16T12:10:21+00:00","og_image":[{"width":599,"height":399,"url":"https:\/\/boutique-one-piece.com\/wp-content\/uploads\/2022\/09\/Puzzle-1000-Pieece-One-Piece-Porgas-D.-Ace-1.jpg","type":"image\/jpeg"}],"twitter_card":"summary_large_image","twitter_misc":{"Est. reading time":"2 minutes"},"schema":{"@context":"https:\/\/schema.org","@graph":[{"@type":"WebPage","@id":"https:\/\/boutique-one-piece.com\/puzzles-one-piece\/puzzle-1000-pieece-one-piece-porgas-d-ace\/","url":"https:\/\/boutique-one-piece.com\/puzzles-one-piece\/puzzle-1000-pieece-one-piece-porgas-d-ace\/","name":"1000 Piece Puzzle Porgas D. Ace | One Piece Shop","isPartOf":{"@id":"https:\/\/boutique-one-piece.com\/#website"},"primaryImageOfPage":{"@id":"https:\/\/boutique-one-piece.com\/puzzles-one-piece\/puzzle-1000-pieece-one-piece-porgas-d-ace\/#primaryimage"},"image":{"@id":"https:\/\/boutique-one-piece.com\/puzzles-one-piece\/puzzle-1000-pieece-one-piece-porgas-d-ace\/#primaryimage"},"thumbnailUrl":"https:\/\/boutique-one-piece.com\/wp-content\/uploads\/2022\/09\/Puzzle-1000-Pieece-One-Piece-Porgas-D.-Ace-1.jpg","datePublished":"2022-09-27T20:35:44+00:00","dateModified":"2024-09-16T12:10:21+00:00","description":"One Piece 1000 Piece Printed Puzzle featuring Porgas D. Ace in Flames with the Pyro-Fruit. High-Quality Wooden Printed Puzzle for Children and Adults","breadcrumb":{"@id":"https:\/\/boutique-one-piece.com\/puzzles-one-piece\/puzzle-1000-pieece-one-piece-porgas-d-ace\/#breadcrumb"},"inLanguage":"en-US","potentialAction":[{"@type":"ReadAction","target":["https:\/\/boutique-one-piece.com\/puzzles-one-piece\/puzzle-1000-pieece-one-piece-porgas-d-ace\/"]}]},{"@type":"ImageObject","inLanguage":"en-US","@id":"https:\/\/boutique-one-piece.com\/puzzles-one-piece\/puzzle-1000-pieece-one-piece-porgas-d-ace\/#primaryimage","url":"https:\/\/boutique-one-piece.com\/wp-content\/uploads\/2022\/09\/Puzzle-1000-Pieece-One-Piece-Porgas-D.-Ace-1.jpg","contentUrl":"https:\/\/boutique-one-piece.com\/wp-content\/uploads\/2022\/09\/Puzzle-1000-Pieece-One-Piece-Porgas-D.-Ace-1.jpg","width":599,"height":399},{"@type":"BreadcrumbList","@id":"https:\/\/boutique-one-piece.com\/puzzles-one-piece\/puzzle-1000-pieece-one-piece-porgas-d-ace\/#breadcrumb","itemListElement":[{"@type":"ListItem","position":1,"name":"Home","item":"https:\/\/boutique-one-piece.com\/"},{"@type":"ListItem","position":2,"name":"Shop","item":"https:\/\/boutique-one-piece.com\/shop\/"},{"@type":"ListItem","position":3,"name":"Puzzle 1000 Pi\u00e8ece One Piece Porgas D. Ace"}]},{"@type":"WebSite","@id":"https:\/\/boutique-one-piece.com\/#website","url":"https:\/\/boutique-one-piece.com\/","name":"One Piece Shop","description":"Specialty store for One Piece Manga and Anime","publisher":{"@id":"https:\/\/boutique-one-piece.com\/#organization"},"potentialAction":[{"@type":"SearchAction","target":{"@type":"EntryPoint","urlTemplate":"https:\/\/boutique-one-piece.com\/?s={search_term_string}"},"query-input":{"@type":"PropertyValueSpecification","valueRequired":true,"valueName":"search_term_string"}}],"inLanguage":"en-US"},{"@type":"Organization","@id":"https:\/\/boutique-one-piece.com\/#organization","name":"One Piece Shop","url":"https:\/\/boutique-one-piece.com\/","logo":{"@type":"ImageObject","inLanguage":"en-US","@id":"https:\/\/boutique-one-piece.com\/#\/schema\/logo\/image\/","url":"https:\/\/boutique-one-piece.com\/wp-content\/uploads\/2022\/09\/Logo-01.png","contentUrl":"https:\/\/boutique-one-piece.com\/wp-content\/uploads\/2022\/09\/Logo-01.png","width":2318,"height":957,"caption":"Boutique One Piece"},"image":{"@id":"https:\/\/boutique-one-piece.com\/#\/schema\/logo\/image\/"}}]}},"_links":{"self":[{"href":"https:\/\/boutique-one-piece.com\/en\/wp-json\/wp\/v2\/product\/10647","targetHints":{"allow":["GET"]}}],"collection":[{"href":"https:\/\/boutique-one-piece.com\/en\/wp-json\/wp\/v2\/product"}],"about":[{"href":"https:\/\/boutique-one-piece.com\/en\/wp-json\/wp\/v2\/types\/product"}],"replies":[{"embeddable":true,"href":"https:\/\/boutique-one-piece.com\/en\/wp-json\/wp\/v2\/comments?post=10647"}],"wp:featuredmedia":[{"embeddable":true,"href":"https:\/\/boutique-one-piece.com\/en\/wp-json\/wp\/v2\/media\/10650"}],"wp:attachment":[{"href":"https:\/\/boutique-one-piece.com\/en\/wp-json\/wp\/v2\/media?parent=10647"}],"wp:term":[{"taxonomy":"product_brand","embeddable":true,"href":"https:\/\/boutique-one-piece.com\/en\/wp-json\/wp\/v2\/product_brand?post=10647"},{"taxonomy":"product_cat","embeddable":true,"href":"https:\/\/boutique-one-piece.com\/en\/wp-json\/wp\/v2\/product_cat?post=10647"},{"taxonomy":"product_tag","embeddable":true,"href":"https:\/\/boutique-one-piece.com\/en\/wp-json\/wp\/v2\/product_tag?post=10647"}],"curies":[{"name":"wp","href":"https:\/\/api.w.org\/{rel}","templated":true}]}}