{"id":10688,"date":"2022-09-27T20:35:59","date_gmt":"2022-09-27T20:35:59","guid":{"rendered":"https:\/\/boutique-one-piece.com\/uncategorized\/short-de-bain-one-piece-luffy\/"},"modified":"2026-02-10T14:50:20","modified_gmt":"2026-02-10T14:50:20","slug":"one-piece-luffy-swim-shorts","status":"publish","type":"product","link":"https:\/\/boutique-one-piece.com\/en\/one-piece-clothes\/one-piece-swim-shorts\/one-piece-luffy-swim-shorts\/","title":{"rendered":"One Piece Luffy Swim Shorts"},"content":{"rendered":"<h2>Short de Bain One Piece Noir avec Monkey D. Luffy, Un\u00a0Maillot de Bain de qualit\u00e9 pour un pirate comme\u00a0toi\u00a0!<\/h2>\n<p>If you are a <strong>real pirate<\/strong>, You will be appreciated <strong>quality of materials,<\/strong>\u00a0of the <strong>design <\/strong>and<strong> l\u2019impression 3D<\/strong>\u00a0of this <strong>One Piece swim shorts<\/strong> But most importantly, with these shorts you&#039;ll be part of <strong>l\u2019\u00e9quipage\u00a0des fans<\/strong> of <strong>pirate manga<\/strong> and you will obtain:<\/p>\n<ul>\n<li>\u00a0<strong>L\u2019admiration<\/strong> of all the fans of <strong>mugiwara<\/strong> that you will meet<\/li>\n<\/ul>\n<ul>\n<li>A real <strong>printed swim shorts<\/strong> with which you can swim on <strong>Grand Line<\/strong>, mais attention il est d\u00e9conseill\u00e9 d\u2019aller\u00a0dans la mer si\u00a0tu as mang\u00e9 un <strong>devil fruit<\/strong><\/li>\n<\/ul>\n<p>So, ready to put on the <strong>Mugiwara No Luffy colors<\/strong>\u00a0?<\/p>\n<h2>Es-tu un fan du manga ou de l\u2019anim\u00e9 One Piece ? Montre le avec ce Short de Bain !<\/h2>\n<p>If you <strong>read<\/strong> or wherever you look\u00a0<strong>l\u2019anim\u00e9\u00a0<\/strong><b>Japanese<\/b>, There&#039;s a good chance you&#039;ve become <strong>crazy about One Piece<\/strong> With this! <strong>Black swim shorts<\/strong> <strong>Luffy<\/strong>, rejoins\u00a0l\u2019<strong>crew of fans of the franchise<\/strong><\/p>\n<p>These shorts are available in sizes<span>\u00a0<\/span><strong>XXS, XS, S, M, L, XL<\/strong>, il conviendra \u00e0 toutes les\u00a0cat\u00e9gories\u00a0de pirates, m\u00eame si tu n\u2019as pas <strong>d\u2019\u00e9p\u00e9e<\/strong>\u00a0or <strong>devil fruit<\/strong> you can still wear it\u00a0<\/p>\n<p><strong>Monkey D. Luffy<\/strong>, feared by the <strong>Marine<\/strong> after having <strong>burned the flag<\/strong> of <strong>World Government<\/strong> And <strong>defeated CP9<\/strong> \u00e0\u00a0<strong>Enies Lobby<\/strong> and to have <strong>struck<\/strong> A <strong>Celestial Dragon<\/strong> ( Or <strong>Tenryuubito<\/strong> ) has <strong>Sabaody<\/strong><\/p>\n<h3>N\u2019oublie pas de jeter\u00a0un oeil au guide des tailles ci-dessous.<\/h3>\n<p style=\"text-align: left\"><span><img decoding=\"async\" alt=\"size guide table baim one piece shorts xxs, xs, s, m, l, xl\" src=\"\/\/cdn.shopify.com\/s\/files\/1\/0087\/7556\/5348\/files\/boutque_one__piece_tableau_taille_short_de_bain_large.jpg?v=1560446518\" style=\"float: none\"><\/span><\/p>\n<h3>Washing Instructions:<\/h3>\n<ul>\n<li>Machine wash at 30\u00b0C, delicate cycle<\/li>\n<\/ul>\n<ul>\n<li>Iron on the reverse side<\/li>\n<\/ul>\n<p>For <strong>preserve the quality<\/strong> of this\u00a0<strong>One Piece Swim Shorts<\/strong>, We recommend that you <strong>respect<\/strong> THE <strong>washing instructions<\/strong>.<\/p>","protected":false},"excerpt":{"rendered":"<p>Short de Bain One Piece Noir avec Monkey D. Luffy, Un\u00a0Maillot de Bain de qualit\u00e9 pour un pirate comme\u00a0toi\u00a0! Si tu es un v\u00e9ritable pirate, tu seras appr\u00e9ci\u00e9 la qualit\u00e9 des mat\u00e9riaux,\u00a0de la conception et de l\u2019impression 3D\u00a0de ce short de bain One Piece !\u00a0Mais le plus important, avec ce short tu\u00a0feras partie de l\u2019\u00e9quipage\u00a0des [&hellip;]<\/p>","protected":false},"featured_media":10690,"comment_status":"open","ping_status":"open","template":"","meta":[],"product_brand":[],"product_cat":[66],"product_tag":[92],"class_list":{"0":"post-10688","1":"product","2":"type-product","3":"status-publish","4":"has-post-thumbnail","6":"product_cat-shorts-de-bain-one-piece","7":"product_tag-luffy","9":"first","10":"instock","11":"purchasable","12":"product-type-variable"},"yoast_head":"<!-- This site is optimized with the Yoast SEO plugin v27.5 - https:\/\/yoast.com\/product\/yoast-seo-wordpress\/ -->\n<title>Short de Bain Luffy | Boutique One Piece<\/title>\n<meta name=\"description\" content=\"Maillot de Bain Noir du Manga One Piece de Haute Qualit\u00e9 avec Luffy au Chapeau de Paille le Short parfait pour les Pirates qui vont \u00e0 la Mer ou \u00e0 la Piscine\" \/>\n<meta name=\"robots\" content=\"index, follow, max-snippet:-1, max-image-preview:large, max-video-preview:-1\" \/>\n<link rel=\"canonical\" href=\"https:\/\/boutique-one-piece.com\/en\/one-piece-clothes\/one-piece-swim-shorts\/one-piece-luffy-swim-shorts\/\" \/>\n<meta property=\"og:locale\" content=\"en_US\" \/>\n<meta property=\"og:type\" content=\"article\" \/>\n<meta property=\"og:title\" content=\"Short de Bain Luffy | Boutique One Piece\" \/>\n<meta property=\"og:description\" content=\"Maillot de Bain Noir du Manga One Piece de Haute Qualit\u00e9 avec Luffy au Chapeau de Paille le Short parfait pour les Pirates qui vont \u00e0 la Mer ou \u00e0 la Piscine\" \/>\n<meta property=\"og:url\" content=\"https:\/\/boutique-one-piece.com\/en\/one-piece-clothes\/one-piece-swim-shorts\/one-piece-luffy-swim-shorts\/\" \/>\n<meta property=\"og:site_name\" content=\"Boutique One Piece\" \/>\n<meta property=\"article:modified_time\" content=\"2026-02-10T14:50:20+00:00\" \/>\n<meta property=\"og:image\" content=\"https:\/\/boutique-one-piece.com\/wp-content\/uploads\/2022\/09\/Short-de-Bain-One-Piece-Luffy-1.jpg\" \/>\n\t<meta property=\"og:image:width\" content=\"800\" \/>\n\t<meta property=\"og:image:height\" content=\"800\" \/>\n\t<meta property=\"og:image:type\" content=\"image\/jpeg\" \/>\n<meta name=\"twitter:card\" content=\"summary_large_image\" \/>\n<meta name=\"twitter:label1\" content=\"Est. reading time\" \/>\n\t<meta name=\"twitter:data1\" content=\"2 minutes\" \/>\n<script type=\"application\/ld+json\" class=\"yoast-schema-graph\">{\"@context\":\"https:\\\/\\\/schema.org\",\"@graph\":[{\"@type\":\"WebPage\",\"@id\":\"https:\\\/\\\/boutique-one-piece.com\\\/vetements-one-piece\\\/shorts-de-bain-one-piece\\\/short-de-bain-one-piece-luffy\\\/\",\"url\":\"https:\\\/\\\/boutique-one-piece.com\\\/vetements-one-piece\\\/shorts-de-bain-one-piece\\\/short-de-bain-one-piece-luffy\\\/\",\"name\":\"Short de Bain Luffy | Boutique One Piece\",\"isPartOf\":{\"@id\":\"https:\\\/\\\/boutique-one-piece.com\\\/#website\"},\"primaryImageOfPage\":{\"@id\":\"https:\\\/\\\/boutique-one-piece.com\\\/vetements-one-piece\\\/shorts-de-bain-one-piece\\\/short-de-bain-one-piece-luffy\\\/#primaryimage\"},\"image\":{\"@id\":\"https:\\\/\\\/boutique-one-piece.com\\\/vetements-one-piece\\\/shorts-de-bain-one-piece\\\/short-de-bain-one-piece-luffy\\\/#primaryimage\"},\"thumbnailUrl\":\"https:\\\/\\\/boutique-one-piece.com\\\/wp-content\\\/uploads\\\/2022\\\/09\\\/Short-de-Bain-One-Piece-Luffy-1.jpg\",\"datePublished\":\"2022-09-27T20:35:59+00:00\",\"dateModified\":\"2026-02-10T14:50:20+00:00\",\"description\":\"Maillot de Bain Noir du Manga One Piece de Haute Qualit\u00e9 avec Luffy au Chapeau de Paille le Short parfait pour les Pirates qui vont \u00e0 la Mer ou \u00e0 la Piscine\",\"breadcrumb\":{\"@id\":\"https:\\\/\\\/boutique-one-piece.com\\\/vetements-one-piece\\\/shorts-de-bain-one-piece\\\/short-de-bain-one-piece-luffy\\\/#breadcrumb\"},\"inLanguage\":\"en-US\",\"potentialAction\":[{\"@type\":\"ReadAction\",\"target\":[\"https:\\\/\\\/boutique-one-piece.com\\\/vetements-one-piece\\\/shorts-de-bain-one-piece\\\/short-de-bain-one-piece-luffy\\\/\"]}]},{\"@type\":\"ImageObject\",\"inLanguage\":\"en-US\",\"@id\":\"https:\\\/\\\/boutique-one-piece.com\\\/vetements-one-piece\\\/shorts-de-bain-one-piece\\\/short-de-bain-one-piece-luffy\\\/#primaryimage\",\"url\":\"https:\\\/\\\/boutique-one-piece.com\\\/wp-content\\\/uploads\\\/2022\\\/09\\\/Short-de-Bain-One-Piece-Luffy-1.jpg\",\"contentUrl\":\"https:\\\/\\\/boutique-one-piece.com\\\/wp-content\\\/uploads\\\/2022\\\/09\\\/Short-de-Bain-One-Piece-Luffy-1.jpg\",\"width\":800,\"height\":800},{\"@type\":\"BreadcrumbList\",\"@id\":\"https:\\\/\\\/boutique-one-piece.com\\\/vetements-one-piece\\\/shorts-de-bain-one-piece\\\/short-de-bain-one-piece-luffy\\\/#breadcrumb\",\"itemListElement\":[{\"@type\":\"ListItem\",\"position\":1,\"name\":\"Home\",\"item\":\"https:\\\/\\\/boutique-one-piece.com\\\/\"},{\"@type\":\"ListItem\",\"position\":2,\"name\":\"Shop\",\"item\":\"https:\\\/\\\/boutique-one-piece.com\\\/shop\\\/\"},{\"@type\":\"ListItem\",\"position\":3,\"name\":\"Short de Bain One Piece Luffy\"}]},{\"@type\":\"WebSite\",\"@id\":\"https:\\\/\\\/boutique-one-piece.com\\\/#website\",\"url\":\"https:\\\/\\\/boutique-one-piece.com\\\/\",\"name\":\"Boutique One Piece\",\"description\":\"Magasin Sp\u00e9cialis\u00e9 du Manga et l&#039;Anime One Piece\",\"publisher\":{\"@id\":\"https:\\\/\\\/boutique-one-piece.com\\\/#organization\"},\"potentialAction\":[{\"@type\":\"SearchAction\",\"target\":{\"@type\":\"EntryPoint\",\"urlTemplate\":\"https:\\\/\\\/boutique-one-piece.com\\\/?s={search_term_string}\"},\"query-input\":{\"@type\":\"PropertyValueSpecification\",\"valueRequired\":true,\"valueName\":\"search_term_string\"}}],\"inLanguage\":\"en-US\"},{\"@type\":\"Organization\",\"@id\":\"https:\\\/\\\/boutique-one-piece.com\\\/#organization\",\"name\":\"Boutique One Piece\",\"url\":\"https:\\\/\\\/boutique-one-piece.com\\\/\",\"logo\":{\"@type\":\"ImageObject\",\"inLanguage\":\"en-US\",\"@id\":\"https:\\\/\\\/boutique-one-piece.com\\\/#\\\/schema\\\/logo\\\/image\\\/\",\"url\":\"https:\\\/\\\/boutique-one-piece.com\\\/wp-content\\\/uploads\\\/2022\\\/09\\\/Logo-01.png\",\"contentUrl\":\"https:\\\/\\\/boutique-one-piece.com\\\/wp-content\\\/uploads\\\/2022\\\/09\\\/Logo-01.png\",\"width\":2318,\"height\":957,\"caption\":\"Boutique One Piece\"},\"image\":{\"@id\":\"https:\\\/\\\/boutique-one-piece.com\\\/#\\\/schema\\\/logo\\\/image\\\/\"}}]}<\/script>\n<!-- \/ Yoast SEO plugin. -->","yoast_head_json":{"title":"Luffy Swim Shorts | One Piece Shop","description":"High-quality black One Piece manga swimsuit featuring Luffy with the Straw Hat; the perfect shorts for pirates going to the sea or the pool.","robots":{"index":"index","follow":"follow","max-snippet":"max-snippet:-1","max-image-preview":"max-image-preview:large","max-video-preview":"max-video-preview:-1"},"canonical":"https:\/\/boutique-one-piece.com\/en\/one-piece-clothes\/one-piece-swim-shorts\/one-piece-luffy-swim-shorts\/","og_locale":"en_US","og_type":"article","og_title":"Short de Bain Luffy | Boutique One Piece","og_description":"Maillot de Bain Noir du Manga One Piece de Haute Qualit\u00e9 avec Luffy au Chapeau de Paille le Short parfait pour les Pirates qui vont \u00e0 la Mer ou \u00e0 la Piscine","og_url":"https:\/\/boutique-one-piece.com\/en\/one-piece-clothes\/one-piece-swim-shorts\/one-piece-luffy-swim-shorts\/","og_site_name":"Boutique One Piece","article_modified_time":"2026-02-10T14:50:20+00:00","og_image":[{"width":800,"height":800,"url":"https:\/\/boutique-one-piece.com\/wp-content\/uploads\/2022\/09\/Short-de-Bain-One-Piece-Luffy-1.jpg","type":"image\/jpeg"}],"twitter_card":"summary_large_image","twitter_misc":{"Est. reading time":"2 minutes"},"schema":{"@context":"https:\/\/schema.org","@graph":[{"@type":"WebPage","@id":"https:\/\/boutique-one-piece.com\/vetements-one-piece\/shorts-de-bain-one-piece\/short-de-bain-one-piece-luffy\/","url":"https:\/\/boutique-one-piece.com\/vetements-one-piece\/shorts-de-bain-one-piece\/short-de-bain-one-piece-luffy\/","name":"Luffy Swim Shorts | One Piece Shop","isPartOf":{"@id":"https:\/\/boutique-one-piece.com\/#website"},"primaryImageOfPage":{"@id":"https:\/\/boutique-one-piece.com\/vetements-one-piece\/shorts-de-bain-one-piece\/short-de-bain-one-piece-luffy\/#primaryimage"},"image":{"@id":"https:\/\/boutique-one-piece.com\/vetements-one-piece\/shorts-de-bain-one-piece\/short-de-bain-one-piece-luffy\/#primaryimage"},"thumbnailUrl":"https:\/\/boutique-one-piece.com\/wp-content\/uploads\/2022\/09\/Short-de-Bain-One-Piece-Luffy-1.jpg","datePublished":"2022-09-27T20:35:59+00:00","dateModified":"2026-02-10T14:50:20+00:00","description":"High-quality black One Piece manga swimsuit featuring Luffy with the Straw Hat; the perfect shorts for pirates going to the sea or the pool.","breadcrumb":{"@id":"https:\/\/boutique-one-piece.com\/vetements-one-piece\/shorts-de-bain-one-piece\/short-de-bain-one-piece-luffy\/#breadcrumb"},"inLanguage":"en-US","potentialAction":[{"@type":"ReadAction","target":["https:\/\/boutique-one-piece.com\/vetements-one-piece\/shorts-de-bain-one-piece\/short-de-bain-one-piece-luffy\/"]}]},{"@type":"ImageObject","inLanguage":"en-US","@id":"https:\/\/boutique-one-piece.com\/vetements-one-piece\/shorts-de-bain-one-piece\/short-de-bain-one-piece-luffy\/#primaryimage","url":"https:\/\/boutique-one-piece.com\/wp-content\/uploads\/2022\/09\/Short-de-Bain-One-Piece-Luffy-1.jpg","contentUrl":"https:\/\/boutique-one-piece.com\/wp-content\/uploads\/2022\/09\/Short-de-Bain-One-Piece-Luffy-1.jpg","width":800,"height":800},{"@type":"BreadcrumbList","@id":"https:\/\/boutique-one-piece.com\/vetements-one-piece\/shorts-de-bain-one-piece\/short-de-bain-one-piece-luffy\/#breadcrumb","itemListElement":[{"@type":"ListItem","position":1,"name":"Home","item":"https:\/\/boutique-one-piece.com\/"},{"@type":"ListItem","position":2,"name":"Shop","item":"https:\/\/boutique-one-piece.com\/shop\/"},{"@type":"ListItem","position":3,"name":"Short de Bain One Piece Luffy"}]},{"@type":"WebSite","@id":"https:\/\/boutique-one-piece.com\/#website","url":"https:\/\/boutique-one-piece.com\/","name":"One Piece Shop","description":"Specialty store for One Piece Manga and Anime","publisher":{"@id":"https:\/\/boutique-one-piece.com\/#organization"},"potentialAction":[{"@type":"SearchAction","target":{"@type":"EntryPoint","urlTemplate":"https:\/\/boutique-one-piece.com\/?s={search_term_string}"},"query-input":{"@type":"PropertyValueSpecification","valueRequired":true,"valueName":"search_term_string"}}],"inLanguage":"en-US"},{"@type":"Organization","@id":"https:\/\/boutique-one-piece.com\/#organization","name":"One Piece Shop","url":"https:\/\/boutique-one-piece.com\/","logo":{"@type":"ImageObject","inLanguage":"en-US","@id":"https:\/\/boutique-one-piece.com\/#\/schema\/logo\/image\/","url":"https:\/\/boutique-one-piece.com\/wp-content\/uploads\/2022\/09\/Logo-01.png","contentUrl":"https:\/\/boutique-one-piece.com\/wp-content\/uploads\/2022\/09\/Logo-01.png","width":2318,"height":957,"caption":"Boutique One Piece"},"image":{"@id":"https:\/\/boutique-one-piece.com\/#\/schema\/logo\/image\/"}}]}},"_links":{"self":[{"href":"https:\/\/boutique-one-piece.com\/en\/wp-json\/wp\/v2\/product\/10688","targetHints":{"allow":["GET"]}}],"collection":[{"href":"https:\/\/boutique-one-piece.com\/en\/wp-json\/wp\/v2\/product"}],"about":[{"href":"https:\/\/boutique-one-piece.com\/en\/wp-json\/wp\/v2\/types\/product"}],"replies":[{"embeddable":true,"href":"https:\/\/boutique-one-piece.com\/en\/wp-json\/wp\/v2\/comments?post=10688"}],"wp:featuredmedia":[{"embeddable":true,"href":"https:\/\/boutique-one-piece.com\/en\/wp-json\/wp\/v2\/media\/10690"}],"wp:attachment":[{"href":"https:\/\/boutique-one-piece.com\/en\/wp-json\/wp\/v2\/media?parent=10688"}],"wp:term":[{"taxonomy":"product_brand","embeddable":true,"href":"https:\/\/boutique-one-piece.com\/en\/wp-json\/wp\/v2\/product_brand?post=10688"},{"taxonomy":"product_cat","embeddable":true,"href":"https:\/\/boutique-one-piece.com\/en\/wp-json\/wp\/v2\/product_cat?post=10688"},{"taxonomy":"product_tag","embeddable":true,"href":"https:\/\/boutique-one-piece.com\/en\/wp-json\/wp\/v2\/product_tag?post=10688"}],"curies":[{"name":"wp","href":"https:\/\/api.w.org\/{rel}","templated":true}]}}