{"id":10815,"date":"2022-09-27T20:36:46","date_gmt":"2022-09-27T20:36:46","guid":{"rendered":"https:\/\/boutique-one-piece.com\/uncategorized\/avis-de-recherche-sniperking-wanted\/"},"modified":"2025-12-02T21:43:41","modified_gmt":"2025-12-02T21:43:41","slug":"sniper-wanted-poster","status":"publish","type":"product","link":"https:\/\/boutique-one-piece.com\/en\/one-piece-wanted-poster\/sniper-wanted-poster\/","title":{"rendered":"Sniper King Wanted Notice"},"content":{"rendered":"<h2>Appr\u00e9cie le poster de Usopp lorsqu\u2019il est masqu\u00e9 gr\u00e2ce \u00e0 cet Avis de Recherche Sniper King Wanted.<\/h2>\n<p>Sniper King, also known as <strong>Sogeking<\/strong> est l\u2019identit\u00e9 que prend Ussop durant l\u2019arc Enies Lobbie. Il a m\u00eame droit \u00e0 sa propre musique, \u00ab\u00a0Sogeking no uta\u00a0\u00bb pour chanter ses propres louanges. C\u2019est une chanson qui a \u00e9t\u00e9 tr\u00e8s appr\u00e9ci\u00e9e des enfants suivant One Piece.<\/p>\n<p>Sniper King aura un grand r\u00f4le durant l\u2019arc <strong>Enies Lobby<\/strong> puisque durant cet arc, il est question du sauvetage de Nico Robin par Luffy et son \u00e9quipage. Sniper King vient en tant qu\u2019alli\u00e9 temporaire de Luffy et il aura plusieurs moments de gloire, car c\u2019est lui qui br\u00fble le drapeau du Gouvernement Mondial \u00e0 l\u2019aide d\u2019une bille br\u00fblante, mais c\u2019est aussi lui qui sauve Robin en tirant de tr\u00e8s loin sur des marines ayant eu l\u2019ordre de la tuer.<\/p>\n<h3>Show your passion for the greatest sniper on all the seas with this Sniper King wanted poster.<\/h3>\n<p>On peut dire que l\u2019invention du personnage de Sniper King est une jolie pirouette sc\u00e9naristique de Eiichiro Oda : en effet, Usopp ayant quitt\u00e9 l\u2019\u00e9quipage, le faire revenir sous une autre identit\u00e9 pour qu\u2019il puisse aider Luffy et avoir un r\u00f4le indispensable dans le <strong>Robin&#039;s rescue<\/strong> pour montrer son importance permettra \u00e0 Usopp de revenir apr\u00e8s des excuses et de rester l\u00e9gitime dans l\u2019\u00e9quipage des Mugiwara. Sniper King poss\u00e8de m\u00eame une prime de 30 millions sur sa t\u00eate.<\/p>\n<p>If you&#039;re a fan of bounty hunters, take a look at this <a href=\"https:\/\/boutique-one-piece.com\/en\/avis-de-recherche-vasco-shot-wanted\/\" target=\"_blank\" title=\"Vasco Shot wanted poster\" rel=\"noopener noreferrer\" class=\"broken_link\">Vasco Shot wanted poster<\/a>.<\/p>\n<h2>Informations sur l\u2019Affiche One Piece Wanted Sniper King<\/h2>\n<ul>\n<li><span><b><u>One Piece Wanted Poster<\/u><\/b>\u00a0: v\u00e9ritable Avis De Recherche de l\u2019univers One Piece pour les vrais pirates<\/span><\/li>\n<\/ul>\n<ul>\n<li>\n<b><u>Sniper King&#039;s Bounty<\/u><\/b>\u00a030,000,000 Berries<\/li>\n<\/ul>\n<ul>\n<li><span><strong>High Quality Printing<\/strong>\u00a0accurate colors<\/span><\/li>\n<\/ul>\n<ul>\n<li>\n<strong>Dimension<\/strong>\u00a0: 30 cm x 21 cm and 42 cm x 30 cm<\/li>\n<\/ul>\n<ul>\n<li><span><strong>FREE DELIVERY<\/strong><\/span><\/li>\n<\/ul>\n<div id=\"gtx-trans\" style=\"position: absolute;left: 221px;top: 124.5px\">\n<div class=\"gtx-trans-icon\"><\/div>\n<\/div>","protected":false},"excerpt":{"rendered":"<p>Appr\u00e9cie le poster de Usopp lorsqu\u2019il est masqu\u00e9 gr\u00e2ce \u00e0 cet Avis de Recherche Sniper King Wanted. Sniper King, aussi appel\u00e9 Sogeking est l\u2019identit\u00e9 que prend Ussop durant l\u2019arc Enies Lobbie. Il a m\u00eame droit \u00e0 sa propre musique, \u00ab\u00a0Sogeking no uta\u00a0\u00bb pour chanter ses propres louanges. C\u2019est une chanson qui a \u00e9t\u00e9 tr\u00e8s appr\u00e9ci\u00e9e [&hellip;]<\/p>","protected":false},"featured_media":10817,"comment_status":"open","ping_status":"open","template":"","meta":[],"product_brand":[],"product_cat":[171],"product_tag":[],"class_list":{"0":"post-10815","1":"product","2":"type-product","3":"status-publish","4":"has-post-thumbnail","6":"product_cat-avis-de-recherche-one-piece","8":"first","9":"outofstock","10":"purchasable","11":"product-type-variable"},"yoast_head":"<!-- This site is optimized with the Yoast SEO plugin v27.5 - https:\/\/yoast.com\/product\/yoast-seo-wordpress\/ -->\n<title>Avis De Recherche Sniper King Wanted | D\u00e9coration One Piece \u2013 Boutique One Piece<\/title>\n<meta name=\"description\" content=\"Appr\u00e9cie le poster de Usopp lorsqu&#039;il est masqu\u00e9 gr\u00e2ce \u00e0 cet Avis de Recherche Sniper King Wanted. Sniper King, aussi appel\u00e9 Sogeking est l&#039;identit\u00e9 que prend Ussop durant l&#039;arc Enies Lobbie. Il a m\u00eame droit \u00e0 sa propre musique, &quot;Sogeking no uta&quot; pour chanter ses propres louanges. C&#039;est une chanson qui a \u00e9t\u00e9 tr\u00e8s appr\u00e9\" \/>\n<meta name=\"robots\" content=\"index, follow, max-snippet:-1, max-image-preview:large, max-video-preview:-1\" \/>\n<link rel=\"canonical\" href=\"https:\/\/boutique-one-piece.com\/en\/one-piece-wanted-poster\/sniper-wanted-poster\/\" \/>\n<meta property=\"og:locale\" content=\"en_US\" \/>\n<meta property=\"og:type\" content=\"article\" \/>\n<meta property=\"og:title\" content=\"Avis De Recherche Sniper King Wanted | D\u00e9coration One Piece \u2013 Boutique One Piece\" \/>\n<meta property=\"og:description\" content=\"Appr\u00e9cie le poster de Usopp lorsqu&#039;il est masqu\u00e9 gr\u00e2ce \u00e0 cet Avis de Recherche Sniper King Wanted. Sniper King, aussi appel\u00e9 Sogeking est l&#039;identit\u00e9 que prend Ussop durant l&#039;arc Enies Lobbie. Il a m\u00eame droit \u00e0 sa propre musique, &quot;Sogeking no uta&quot; pour chanter ses propres louanges. C&#039;est une chanson qui a \u00e9t\u00e9 tr\u00e8s appr\u00e9\" \/>\n<meta property=\"og:url\" content=\"https:\/\/boutique-one-piece.com\/en\/one-piece-wanted-poster\/sniper-wanted-poster\/\" \/>\n<meta property=\"og:site_name\" content=\"Boutique One Piece\" \/>\n<meta property=\"article:modified_time\" content=\"2025-12-02T21:43:41+00:00\" \/>\n<meta property=\"og:image\" content=\"https:\/\/boutique-one-piece.com\/wp-content\/uploads\/2022\/09\/Avis-De-Recherche-Sniper-King-Wanted.jpg\" \/>\n\t<meta property=\"og:image:width\" content=\"800\" \/>\n\t<meta property=\"og:image:height\" content=\"800\" \/>\n\t<meta property=\"og:image:type\" content=\"image\/jpeg\" \/>\n<meta name=\"twitter:card\" content=\"summary_large_image\" \/>\n<meta name=\"twitter:label1\" content=\"Est. reading time\" \/>\n\t<meta name=\"twitter:data1\" content=\"2 minutes\" \/>\n<script type=\"application\/ld+json\" class=\"yoast-schema-graph\">{\"@context\":\"https:\\\/\\\/schema.org\",\"@graph\":[{\"@type\":\"WebPage\",\"@id\":\"https:\\\/\\\/boutique-one-piece.com\\\/avis-de-recherche-one-piece\\\/avis-de-recherche-sniperking-wanted\\\/\",\"url\":\"https:\\\/\\\/boutique-one-piece.com\\\/avis-de-recherche-one-piece\\\/avis-de-recherche-sniperking-wanted\\\/\",\"name\":\"Avis De Recherche Sniper King Wanted | D\u00e9coration One Piece \u2013 Boutique One Piece\",\"isPartOf\":{\"@id\":\"https:\\\/\\\/boutique-one-piece.com\\\/#website\"},\"primaryImageOfPage\":{\"@id\":\"https:\\\/\\\/boutique-one-piece.com\\\/avis-de-recherche-one-piece\\\/avis-de-recherche-sniperking-wanted\\\/#primaryimage\"},\"image\":{\"@id\":\"https:\\\/\\\/boutique-one-piece.com\\\/avis-de-recherche-one-piece\\\/avis-de-recherche-sniperking-wanted\\\/#primaryimage\"},\"thumbnailUrl\":\"https:\\\/\\\/boutique-one-piece.com\\\/wp-content\\\/uploads\\\/2022\\\/09\\\/Avis-De-Recherche-Sniper-King-Wanted.jpg\",\"datePublished\":\"2022-09-27T20:36:46+00:00\",\"dateModified\":\"2025-12-02T21:43:41+00:00\",\"description\":\"Appr\u00e9cie le poster de Usopp lorsqu'il est masqu\u00e9 gr\u00e2ce \u00e0 cet Avis de Recherche Sniper King Wanted. Sniper King, aussi appel\u00e9 Sogeking est l'identit\u00e9 que prend Ussop durant l'arc Enies Lobbie. Il a m\u00eame droit \u00e0 sa propre musique, \\\"Sogeking no uta\\\" pour chanter ses propres louanges. C'est une chanson qui a \u00e9t\u00e9 tr\u00e8s appr\u00e9\",\"breadcrumb\":{\"@id\":\"https:\\\/\\\/boutique-one-piece.com\\\/avis-de-recherche-one-piece\\\/avis-de-recherche-sniperking-wanted\\\/#breadcrumb\"},\"inLanguage\":\"en-US\",\"potentialAction\":[{\"@type\":\"ReadAction\",\"target\":[\"https:\\\/\\\/boutique-one-piece.com\\\/avis-de-recherche-one-piece\\\/avis-de-recherche-sniperking-wanted\\\/\"]}]},{\"@type\":\"ImageObject\",\"inLanguage\":\"en-US\",\"@id\":\"https:\\\/\\\/boutique-one-piece.com\\\/avis-de-recherche-one-piece\\\/avis-de-recherche-sniperking-wanted\\\/#primaryimage\",\"url\":\"https:\\\/\\\/boutique-one-piece.com\\\/wp-content\\\/uploads\\\/2022\\\/09\\\/Avis-De-Recherche-Sniper-King-Wanted.jpg\",\"contentUrl\":\"https:\\\/\\\/boutique-one-piece.com\\\/wp-content\\\/uploads\\\/2022\\\/09\\\/Avis-De-Recherche-Sniper-King-Wanted.jpg\",\"width\":800,\"height\":800,\"caption\":\"Avis De Recherche Sniper King Wanted 42 X 30 cm\"},{\"@type\":\"BreadcrumbList\",\"@id\":\"https:\\\/\\\/boutique-one-piece.com\\\/avis-de-recherche-one-piece\\\/avis-de-recherche-sniperking-wanted\\\/#breadcrumb\",\"itemListElement\":[{\"@type\":\"ListItem\",\"position\":1,\"name\":\"Home\",\"item\":\"https:\\\/\\\/boutique-one-piece.com\\\/\"},{\"@type\":\"ListItem\",\"position\":2,\"name\":\"Shop\",\"item\":\"https:\\\/\\\/boutique-one-piece.com\\\/shop\\\/\"},{\"@type\":\"ListItem\",\"position\":3,\"name\":\"Avis De Recherche Sniper King Wanted\"}]},{\"@type\":\"WebSite\",\"@id\":\"https:\\\/\\\/boutique-one-piece.com\\\/#website\",\"url\":\"https:\\\/\\\/boutique-one-piece.com\\\/\",\"name\":\"Boutique One Piece\",\"description\":\"Magasin Sp\u00e9cialis\u00e9 du Manga et l&#039;Anime One Piece\",\"publisher\":{\"@id\":\"https:\\\/\\\/boutique-one-piece.com\\\/#organization\"},\"potentialAction\":[{\"@type\":\"SearchAction\",\"target\":{\"@type\":\"EntryPoint\",\"urlTemplate\":\"https:\\\/\\\/boutique-one-piece.com\\\/?s={search_term_string}\"},\"query-input\":{\"@type\":\"PropertyValueSpecification\",\"valueRequired\":true,\"valueName\":\"search_term_string\"}}],\"inLanguage\":\"en-US\"},{\"@type\":\"Organization\",\"@id\":\"https:\\\/\\\/boutique-one-piece.com\\\/#organization\",\"name\":\"Boutique One Piece\",\"url\":\"https:\\\/\\\/boutique-one-piece.com\\\/\",\"logo\":{\"@type\":\"ImageObject\",\"inLanguage\":\"en-US\",\"@id\":\"https:\\\/\\\/boutique-one-piece.com\\\/#\\\/schema\\\/logo\\\/image\\\/\",\"url\":\"https:\\\/\\\/boutique-one-piece.com\\\/wp-content\\\/uploads\\\/2022\\\/09\\\/Logo-01.png\",\"contentUrl\":\"https:\\\/\\\/boutique-one-piece.com\\\/wp-content\\\/uploads\\\/2022\\\/09\\\/Logo-01.png\",\"width\":2318,\"height\":957,\"caption\":\"Boutique One Piece\"},\"image\":{\"@id\":\"https:\\\/\\\/boutique-one-piece.com\\\/#\\\/schema\\\/logo\\\/image\\\/\"}}]}<\/script>\n<!-- \/ Yoast SEO plugin. -->","yoast_head_json":{"title":"Sniper King Wanted Poster | One Piece Decoration \u2013 One Piece Shop","description":"Enjoy the poster of Usopp when he&#039;s masked thanks to this Sniper King Wanted Poster. Sniper King, also known as Sogeking, is the identity Usopp takes during the Enies Lobby arc. He even has his own song, &quot;Sogeking no Uta,&quot; to sing his own praises. It&#039;s a song that has been very popular.","robots":{"index":"index","follow":"follow","max-snippet":"max-snippet:-1","max-image-preview":"max-image-preview:large","max-video-preview":"max-video-preview:-1"},"canonical":"https:\/\/boutique-one-piece.com\/en\/one-piece-wanted-poster\/sniper-wanted-poster\/","og_locale":"en_US","og_type":"article","og_title":"Avis De Recherche Sniper King Wanted | D\u00e9coration One Piece \u2013 Boutique One Piece","og_description":"Appr\u00e9cie le poster de Usopp lorsqu'il est masqu\u00e9 gr\u00e2ce \u00e0 cet Avis de Recherche Sniper King Wanted. Sniper King, aussi appel\u00e9 Sogeking est l'identit\u00e9 que prend Ussop durant l'arc Enies Lobbie. Il a m\u00eame droit \u00e0 sa propre musique, \"Sogeking no uta\" pour chanter ses propres louanges. C'est une chanson qui a \u00e9t\u00e9 tr\u00e8s appr\u00e9","og_url":"https:\/\/boutique-one-piece.com\/en\/one-piece-wanted-poster\/sniper-wanted-poster\/","og_site_name":"Boutique One Piece","article_modified_time":"2025-12-02T21:43:41+00:00","og_image":[{"width":800,"height":800,"url":"https:\/\/boutique-one-piece.com\/wp-content\/uploads\/2022\/09\/Avis-De-Recherche-Sniper-King-Wanted.jpg","type":"image\/jpeg"}],"twitter_card":"summary_large_image","twitter_misc":{"Est. reading time":"2 minutes"},"schema":{"@context":"https:\/\/schema.org","@graph":[{"@type":"WebPage","@id":"https:\/\/boutique-one-piece.com\/avis-de-recherche-one-piece\/avis-de-recherche-sniperking-wanted\/","url":"https:\/\/boutique-one-piece.com\/avis-de-recherche-one-piece\/avis-de-recherche-sniperking-wanted\/","name":"Sniper King Wanted Poster | One Piece Decoration \u2013 One Piece Shop","isPartOf":{"@id":"https:\/\/boutique-one-piece.com\/#website"},"primaryImageOfPage":{"@id":"https:\/\/boutique-one-piece.com\/avis-de-recherche-one-piece\/avis-de-recherche-sniperking-wanted\/#primaryimage"},"image":{"@id":"https:\/\/boutique-one-piece.com\/avis-de-recherche-one-piece\/avis-de-recherche-sniperking-wanted\/#primaryimage"},"thumbnailUrl":"https:\/\/boutique-one-piece.com\/wp-content\/uploads\/2022\/09\/Avis-De-Recherche-Sniper-King-Wanted.jpg","datePublished":"2022-09-27T20:36:46+00:00","dateModified":"2025-12-02T21:43:41+00:00","description":"Enjoy the poster of Usopp when he&#039;s masked thanks to this Sniper King Wanted Poster. Sniper King, also known as Sogeking, is the identity Usopp takes during the Enies Lobby arc. He even has his own song, &quot;Sogeking no Uta,&quot; to sing his own praises. It&#039;s a song that has been very popular.","breadcrumb":{"@id":"https:\/\/boutique-one-piece.com\/avis-de-recherche-one-piece\/avis-de-recherche-sniperking-wanted\/#breadcrumb"},"inLanguage":"en-US","potentialAction":[{"@type":"ReadAction","target":["https:\/\/boutique-one-piece.com\/avis-de-recherche-one-piece\/avis-de-recherche-sniperking-wanted\/"]}]},{"@type":"ImageObject","inLanguage":"en-US","@id":"https:\/\/boutique-one-piece.com\/avis-de-recherche-one-piece\/avis-de-recherche-sniperking-wanted\/#primaryimage","url":"https:\/\/boutique-one-piece.com\/wp-content\/uploads\/2022\/09\/Avis-De-Recherche-Sniper-King-Wanted.jpg","contentUrl":"https:\/\/boutique-one-piece.com\/wp-content\/uploads\/2022\/09\/Avis-De-Recherche-Sniper-King-Wanted.jpg","width":800,"height":800,"caption":"Avis De Recherche Sniper King Wanted 42 X 30 cm"},{"@type":"BreadcrumbList","@id":"https:\/\/boutique-one-piece.com\/avis-de-recherche-one-piece\/avis-de-recherche-sniperking-wanted\/#breadcrumb","itemListElement":[{"@type":"ListItem","position":1,"name":"Home","item":"https:\/\/boutique-one-piece.com\/"},{"@type":"ListItem","position":2,"name":"Shop","item":"https:\/\/boutique-one-piece.com\/shop\/"},{"@type":"ListItem","position":3,"name":"Avis De Recherche Sniper King Wanted"}]},{"@type":"WebSite","@id":"https:\/\/boutique-one-piece.com\/#website","url":"https:\/\/boutique-one-piece.com\/","name":"One Piece Shop","description":"Specialty store for One Piece Manga and Anime","publisher":{"@id":"https:\/\/boutique-one-piece.com\/#organization"},"potentialAction":[{"@type":"SearchAction","target":{"@type":"EntryPoint","urlTemplate":"https:\/\/boutique-one-piece.com\/?s={search_term_string}"},"query-input":{"@type":"PropertyValueSpecification","valueRequired":true,"valueName":"search_term_string"}}],"inLanguage":"en-US"},{"@type":"Organization","@id":"https:\/\/boutique-one-piece.com\/#organization","name":"One Piece Shop","url":"https:\/\/boutique-one-piece.com\/","logo":{"@type":"ImageObject","inLanguage":"en-US","@id":"https:\/\/boutique-one-piece.com\/#\/schema\/logo\/image\/","url":"https:\/\/boutique-one-piece.com\/wp-content\/uploads\/2022\/09\/Logo-01.png","contentUrl":"https:\/\/boutique-one-piece.com\/wp-content\/uploads\/2022\/09\/Logo-01.png","width":2318,"height":957,"caption":"Boutique One Piece"},"image":{"@id":"https:\/\/boutique-one-piece.com\/#\/schema\/logo\/image\/"}}]}},"_links":{"self":[{"href":"https:\/\/boutique-one-piece.com\/en\/wp-json\/wp\/v2\/product\/10815","targetHints":{"allow":["GET"]}}],"collection":[{"href":"https:\/\/boutique-one-piece.com\/en\/wp-json\/wp\/v2\/product"}],"about":[{"href":"https:\/\/boutique-one-piece.com\/en\/wp-json\/wp\/v2\/types\/product"}],"replies":[{"embeddable":true,"href":"https:\/\/boutique-one-piece.com\/en\/wp-json\/wp\/v2\/comments?post=10815"}],"wp:featuredmedia":[{"embeddable":true,"href":"https:\/\/boutique-one-piece.com\/en\/wp-json\/wp\/v2\/media\/10817"}],"wp:attachment":[{"href":"https:\/\/boutique-one-piece.com\/en\/wp-json\/wp\/v2\/media?parent=10815"}],"wp:term":[{"taxonomy":"product_brand","embeddable":true,"href":"https:\/\/boutique-one-piece.com\/en\/wp-json\/wp\/v2\/product_brand?post=10815"},{"taxonomy":"product_cat","embeddable":true,"href":"https:\/\/boutique-one-piece.com\/en\/wp-json\/wp\/v2\/product_cat?post=10815"},{"taxonomy":"product_tag","embeddable":true,"href":"https:\/\/boutique-one-piece.com\/en\/wp-json\/wp\/v2\/product_tag?post=10815"}],"curies":[{"name":"wp","href":"https:\/\/api.w.org\/{rel}","templated":true}]}}