{"id":11408,"date":"2022-09-27T20:41:01","date_gmt":"2022-09-27T20:41:01","guid":{"rendered":"https:\/\/boutique-one-piece.com\/uncategorized\/figurine-chopper-le-roi-des-animaux\/"},"modified":"2024-09-16T12:29:36","modified_gmt":"2024-09-16T12:29:36","slug":"chopper-the-king-of-the-animals-figurine","status":"publish","type":"product","link":"https:\/\/boutique-one-piece.com\/en\/one-piece-goodies\/tony-goodies-tony-chopper-one-piece\/chopper-the-king-of-the-animals-figurine\/","title":{"rendered":"Chopper the King of the Animals Figurine"},"content":{"rendered":"<h2>Young pirate, the time has come for you to get this Chopper the King of the Animals Figurine.<\/h2>\n<p>As a reminder, Tony Tony Chopper is the doctor of the Straw Hat Crew. <strong>Chopper<\/strong> He is a reindeer who ate the Hito Hito no Mi, allowing him to transform into a human. He is originally from Drum Island, making him the first member of the Straw Hat crew to have been born there. <strong>The Road of All Perils<\/strong>.<\/p>\n<p>He is the sixth member of the crew, and the fifth to join. While his bounty before the time skip was just 50 Berries, it simply doubled to 100 Berries after the events of Dressrosa, making it the lowest bounty in the series.<\/p>\n<p>This low bounty is explained by the fact that the Navy considers him the crew&#039;s pet. Besides, if you&#039;re fond of this character, the <a title=\"ONE PIECE CUTE CHOPPER FIGURE\" href=\"https:\/\/boutique-one-piece.com\/en\/one-piece-cute-chopper-figurine\/\" target=\"_blank\" rel=\"noopener\">Chopper figurine too \u00abcute\u00bb<\/a> is within your reach.<\/p>\n<h3>So, are you won over by the Chopper figurine? If so, join the Straw Hat crew&#039;s doctor. Many adventures await you aboard the Thousand Sunny.<\/h3>\n<p><strong>Young pirate<\/strong>, Look no further. These legendary items are definitely for you. Perfect for collecting, gifting, or decorating, these items will expand your One Piece universe. So don&#039;t wait any longer and seize the opportunity to find the <strong>One Piece Treasure<\/strong> alongside Luffy and his crew.<\/p>\n<h2>Information about the Chopper the King of the Animals figurine\u00a0<\/h2>\n<ul>\n<li><span><b><u>One Piece figurine<\/u><\/b>\u00a0Premium One Piece figurine for true pirates<\/span><\/li>\n<\/ul>\n<ul>\n<li>\n<b>Matter<\/b><span>\u00a0<\/span>PVC<\/li>\n<\/ul>\n<ul>\n<li><span><strong>Dimension<\/strong>\u00a0: 10 cm<\/span><\/li>\n<\/ul>\n<ul>\n<li><span><strong>FREE DELIVERY<\/strong><\/span><\/li>\n<\/ul>","protected":false},"excerpt":{"rendered":"<p>Young pirate, the time has come for you to get your hands on this Chopper the King of Animals figurine. As a reminder, Tony Tony Chopper is the doctor of the Straw Hat Crew. Chopper is a reindeer who ate the Hito Hito no Mi, allowing him to transform into a human. He is originally from [\u2026]<\/p>","protected":false},"featured_media":11410,"comment_status":"open","ping_status":"open","template":"","meta":[],"product_brand":[],"product_cat":[76,333,163],"product_tag":[165],"class_list":{"0":"post-11408","1":"product","2":"type-product","3":"status-publish","4":"has-post-thumbnail","6":"product_cat-figurines-one-piece","7":"product_cat-figurines-tony-chopper","8":"product_cat-goodies-tony-tony-chopper-one-piece","9":"product_tag-chopper","11":"first","12":"instock","13":"purchasable","14":"product-type-simple"},"yoast_head":"<!-- This site is optimized with the Yoast SEO plugin v27.5 - https:\/\/yoast.com\/product\/yoast-seo-wordpress\/ -->\n<title>Figurine Chopper Le Roi Des Animaux | Figurine One Piece \u2013 Boutique One Piece<\/title>\n<meta name=\"description\" content=\"Jeune pirate, le moment est venu pour toi de te procurer cette Figurine Chopper Le Roi Des Animaux. Pour rappel, Tony Tony Chopper est le docteur de l&#039;\u00c9quipage du Chapeau de Paille. Chopper est un renne qui a mang\u00e9 le Hito Hito no Mi, lui permettant de se transformer en humain. Il est originaire de l&#039;\u00cele de Drum, ce qu\" \/>\n<meta name=\"robots\" content=\"index, follow, max-snippet:-1, max-image-preview:large, max-video-preview:-1\" \/>\n<link rel=\"canonical\" href=\"https:\/\/boutique-one-piece.com\/en\/one-piece-figurines\/tony-chopper-figurines\/chopper-the-king-of-the-animals-figurine\/\" \/>\n<meta property=\"og:locale\" content=\"en_US\" \/>\n<meta property=\"og:type\" content=\"article\" \/>\n<meta property=\"og:title\" content=\"Figurine Chopper Le Roi Des Animaux | Figurine One Piece \u2013 Boutique One Piece\" \/>\n<meta property=\"og:description\" content=\"Jeune pirate, le moment est venu pour toi de te procurer cette Figurine Chopper Le Roi Des Animaux. Pour rappel, Tony Tony Chopper est le docteur de l&#039;\u00c9quipage du Chapeau de Paille. Chopper est un renne qui a mang\u00e9 le Hito Hito no Mi, lui permettant de se transformer en humain. Il est originaire de l&#039;\u00cele de Drum, ce qu\" \/>\n<meta property=\"og:url\" content=\"https:\/\/boutique-one-piece.com\/en\/one-piece-figurines\/tony-chopper-figurines\/chopper-the-king-of-the-animals-figurine\/\" \/>\n<meta property=\"og:site_name\" content=\"Boutique One Piece\" \/>\n<meta property=\"article:modified_time\" content=\"2024-09-16T12:29:36+00:00\" \/>\n<meta property=\"og:image\" content=\"https:\/\/boutique-one-piece.com\/wp-content\/uploads\/2022\/09\/Figurine-Chopper-Le-Roi-Des-Animaux.jpg\" \/>\n\t<meta property=\"og:image:width\" content=\"640\" \/>\n\t<meta property=\"og:image:height\" content=\"640\" \/>\n\t<meta property=\"og:image:type\" content=\"image\/jpeg\" \/>\n<meta name=\"twitter:card\" content=\"summary_large_image\" \/>\n<meta name=\"twitter:label1\" content=\"Est. reading time\" \/>\n\t<meta name=\"twitter:data1\" content=\"1 minute\" \/>\n<script type=\"application\/ld+json\" class=\"yoast-schema-graph\">{\"@context\":\"https:\\\/\\\/schema.org\",\"@graph\":[{\"@type\":\"WebPage\",\"@id\":\"https:\\\/\\\/boutique-one-piece.com\\\/figurines-one-piece\\\/figurines-tony-chopper\\\/figurine-chopper-le-roi-des-animaux\\\/\",\"url\":\"https:\\\/\\\/boutique-one-piece.com\\\/figurines-one-piece\\\/figurines-tony-chopper\\\/figurine-chopper-le-roi-des-animaux\\\/\",\"name\":\"Figurine Chopper Le Roi Des Animaux | Figurine One Piece \u2013 Boutique One Piece\",\"isPartOf\":{\"@id\":\"https:\\\/\\\/boutique-one-piece.com\\\/#website\"},\"primaryImageOfPage\":{\"@id\":\"https:\\\/\\\/boutique-one-piece.com\\\/figurines-one-piece\\\/figurines-tony-chopper\\\/figurine-chopper-le-roi-des-animaux\\\/#primaryimage\"},\"image\":{\"@id\":\"https:\\\/\\\/boutique-one-piece.com\\\/figurines-one-piece\\\/figurines-tony-chopper\\\/figurine-chopper-le-roi-des-animaux\\\/#primaryimage\"},\"thumbnailUrl\":\"https:\\\/\\\/boutique-one-piece.com\\\/wp-content\\\/uploads\\\/2022\\\/09\\\/Figurine-Chopper-Le-Roi-Des-Animaux.jpg\",\"datePublished\":\"2022-09-27T20:41:01+00:00\",\"dateModified\":\"2024-09-16T12:29:36+00:00\",\"description\":\"Jeune pirate, le moment est venu pour toi de te procurer cette Figurine Chopper Le Roi Des Animaux. Pour rappel, Tony Tony Chopper est le docteur de l'\u00c9quipage du Chapeau de Paille. Chopper est un renne qui a mang\u00e9 le Hito Hito no Mi, lui permettant de se transformer en humain. Il est originaire de l'\u00cele de Drum, ce qu\",\"breadcrumb\":{\"@id\":\"https:\\\/\\\/boutique-one-piece.com\\\/figurines-one-piece\\\/figurines-tony-chopper\\\/figurine-chopper-le-roi-des-animaux\\\/#breadcrumb\"},\"inLanguage\":\"en-US\",\"potentialAction\":[{\"@type\":\"ReadAction\",\"target\":[\"https:\\\/\\\/boutique-one-piece.com\\\/figurines-one-piece\\\/figurines-tony-chopper\\\/figurine-chopper-le-roi-des-animaux\\\/\"]}]},{\"@type\":\"ImageObject\",\"inLanguage\":\"en-US\",\"@id\":\"https:\\\/\\\/boutique-one-piece.com\\\/figurines-one-piece\\\/figurines-tony-chopper\\\/figurine-chopper-le-roi-des-animaux\\\/#primaryimage\",\"url\":\"https:\\\/\\\/boutique-one-piece.com\\\/wp-content\\\/uploads\\\/2022\\\/09\\\/Figurine-Chopper-Le-Roi-Des-Animaux.jpg\",\"contentUrl\":\"https:\\\/\\\/boutique-one-piece.com\\\/wp-content\\\/uploads\\\/2022\\\/09\\\/Figurine-Chopper-Le-Roi-Des-Animaux.jpg\",\"width\":640,\"height\":640,\"caption\":\"Figurine Chopper Le Roi Des Animaux 4 in box\"},{\"@type\":\"BreadcrumbList\",\"@id\":\"https:\\\/\\\/boutique-one-piece.com\\\/figurines-one-piece\\\/figurines-tony-chopper\\\/figurine-chopper-le-roi-des-animaux\\\/#breadcrumb\",\"itemListElement\":[{\"@type\":\"ListItem\",\"position\":1,\"name\":\"Home\",\"item\":\"https:\\\/\\\/boutique-one-piece.com\\\/\"},{\"@type\":\"ListItem\",\"position\":2,\"name\":\"Shop\",\"item\":\"https:\\\/\\\/boutique-one-piece.com\\\/shop\\\/\"},{\"@type\":\"ListItem\",\"position\":3,\"name\":\"Figurine Chopper Le Roi Des Animaux\"}]},{\"@type\":\"WebSite\",\"@id\":\"https:\\\/\\\/boutique-one-piece.com\\\/#website\",\"url\":\"https:\\\/\\\/boutique-one-piece.com\\\/\",\"name\":\"Boutique One Piece\",\"description\":\"Magasin Sp\u00e9cialis\u00e9 du Manga et l&#039;Anime One Piece\",\"publisher\":{\"@id\":\"https:\\\/\\\/boutique-one-piece.com\\\/#organization\"},\"potentialAction\":[{\"@type\":\"SearchAction\",\"target\":{\"@type\":\"EntryPoint\",\"urlTemplate\":\"https:\\\/\\\/boutique-one-piece.com\\\/?s={search_term_string}\"},\"query-input\":{\"@type\":\"PropertyValueSpecification\",\"valueRequired\":true,\"valueName\":\"search_term_string\"}}],\"inLanguage\":\"en-US\"},{\"@type\":\"Organization\",\"@id\":\"https:\\\/\\\/boutique-one-piece.com\\\/#organization\",\"name\":\"Boutique One Piece\",\"url\":\"https:\\\/\\\/boutique-one-piece.com\\\/\",\"logo\":{\"@type\":\"ImageObject\",\"inLanguage\":\"en-US\",\"@id\":\"https:\\\/\\\/boutique-one-piece.com\\\/#\\\/schema\\\/logo\\\/image\\\/\",\"url\":\"https:\\\/\\\/boutique-one-piece.com\\\/wp-content\\\/uploads\\\/2022\\\/09\\\/Logo-01.png\",\"contentUrl\":\"https:\\\/\\\/boutique-one-piece.com\\\/wp-content\\\/uploads\\\/2022\\\/09\\\/Logo-01.png\",\"width\":2318,\"height\":957,\"caption\":\"Boutique One Piece\"},\"image\":{\"@id\":\"https:\\\/\\\/boutique-one-piece.com\\\/#\\\/schema\\\/logo\\\/image\\\/\"}}]}<\/script>\n<!-- \/ Yoast SEO plugin. -->","yoast_head_json":{"title":"Chopper the King of the Animals Figurine | One Piece Figurine \u2013 One Piece Shop","description":"Young pirate, the time has come for you to get your hands on this Chopper the King of Animals figurine. As a reminder, Tony Tony Chopper is the doctor of the Straw Hat Crew. Chopper is a reindeer who ate the Hito Hito no Mi, allowing him to transform into a human. He hails from Drum Island, which","robots":{"index":"index","follow":"follow","max-snippet":"max-snippet:-1","max-image-preview":"max-image-preview:large","max-video-preview":"max-video-preview:-1"},"canonical":"https:\/\/boutique-one-piece.com\/en\/one-piece-figurines\/tony-chopper-figurines\/chopper-the-king-of-the-animals-figurine\/","og_locale":"en_US","og_type":"article","og_title":"Figurine Chopper Le Roi Des Animaux | Figurine One Piece \u2013 Boutique One Piece","og_description":"Jeune pirate, le moment est venu pour toi de te procurer cette Figurine Chopper Le Roi Des Animaux. Pour rappel, Tony Tony Chopper est le docteur de l'\u00c9quipage du Chapeau de Paille. Chopper est un renne qui a mang\u00e9 le Hito Hito no Mi, lui permettant de se transformer en humain. Il est originaire de l'\u00cele de Drum, ce qu","og_url":"https:\/\/boutique-one-piece.com\/en\/one-piece-figurines\/tony-chopper-figurines\/chopper-the-king-of-the-animals-figurine\/","og_site_name":"Boutique One Piece","article_modified_time":"2024-09-16T12:29:36+00:00","og_image":[{"width":640,"height":640,"url":"https:\/\/boutique-one-piece.com\/wp-content\/uploads\/2022\/09\/Figurine-Chopper-Le-Roi-Des-Animaux.jpg","type":"image\/jpeg"}],"twitter_card":"summary_large_image","twitter_misc":{"Est. reading time":"1 minute"},"schema":{"@context":"https:\/\/schema.org","@graph":[{"@type":"WebPage","@id":"https:\/\/boutique-one-piece.com\/figurines-one-piece\/figurines-tony-chopper\/figurine-chopper-le-roi-des-animaux\/","url":"https:\/\/boutique-one-piece.com\/figurines-one-piece\/figurines-tony-chopper\/figurine-chopper-le-roi-des-animaux\/","name":"Chopper the King of the Animals Figurine | One Piece Figurine \u2013 One Piece Shop","isPartOf":{"@id":"https:\/\/boutique-one-piece.com\/#website"},"primaryImageOfPage":{"@id":"https:\/\/boutique-one-piece.com\/figurines-one-piece\/figurines-tony-chopper\/figurine-chopper-le-roi-des-animaux\/#primaryimage"},"image":{"@id":"https:\/\/boutique-one-piece.com\/figurines-one-piece\/figurines-tony-chopper\/figurine-chopper-le-roi-des-animaux\/#primaryimage"},"thumbnailUrl":"https:\/\/boutique-one-piece.com\/wp-content\/uploads\/2022\/09\/Figurine-Chopper-Le-Roi-Des-Animaux.jpg","datePublished":"2022-09-27T20:41:01+00:00","dateModified":"2024-09-16T12:29:36+00:00","description":"Young pirate, the time has come for you to get your hands on this Chopper the King of Animals figurine. As a reminder, Tony Tony Chopper is the doctor of the Straw Hat Crew. Chopper is a reindeer who ate the Hito Hito no Mi, allowing him to transform into a human. He hails from Drum Island, which","breadcrumb":{"@id":"https:\/\/boutique-one-piece.com\/figurines-one-piece\/figurines-tony-chopper\/figurine-chopper-le-roi-des-animaux\/#breadcrumb"},"inLanguage":"en-US","potentialAction":[{"@type":"ReadAction","target":["https:\/\/boutique-one-piece.com\/figurines-one-piece\/figurines-tony-chopper\/figurine-chopper-le-roi-des-animaux\/"]}]},{"@type":"ImageObject","inLanguage":"en-US","@id":"https:\/\/boutique-one-piece.com\/figurines-one-piece\/figurines-tony-chopper\/figurine-chopper-le-roi-des-animaux\/#primaryimage","url":"https:\/\/boutique-one-piece.com\/wp-content\/uploads\/2022\/09\/Figurine-Chopper-Le-Roi-Des-Animaux.jpg","contentUrl":"https:\/\/boutique-one-piece.com\/wp-content\/uploads\/2022\/09\/Figurine-Chopper-Le-Roi-Des-Animaux.jpg","width":640,"height":640,"caption":"Figurine Chopper Le Roi Des Animaux 4 in box"},{"@type":"BreadcrumbList","@id":"https:\/\/boutique-one-piece.com\/figurines-one-piece\/figurines-tony-chopper\/figurine-chopper-le-roi-des-animaux\/#breadcrumb","itemListElement":[{"@type":"ListItem","position":1,"name":"Home","item":"https:\/\/boutique-one-piece.com\/"},{"@type":"ListItem","position":2,"name":"Shop","item":"https:\/\/boutique-one-piece.com\/shop\/"},{"@type":"ListItem","position":3,"name":"Figurine Chopper Le Roi Des Animaux"}]},{"@type":"WebSite","@id":"https:\/\/boutique-one-piece.com\/#website","url":"https:\/\/boutique-one-piece.com\/","name":"One Piece Shop","description":"Specialty store for One Piece Manga and Anime","publisher":{"@id":"https:\/\/boutique-one-piece.com\/#organization"},"potentialAction":[{"@type":"SearchAction","target":{"@type":"EntryPoint","urlTemplate":"https:\/\/boutique-one-piece.com\/?s={search_term_string}"},"query-input":{"@type":"PropertyValueSpecification","valueRequired":true,"valueName":"search_term_string"}}],"inLanguage":"en-US"},{"@type":"Organization","@id":"https:\/\/boutique-one-piece.com\/#organization","name":"One Piece Shop","url":"https:\/\/boutique-one-piece.com\/","logo":{"@type":"ImageObject","inLanguage":"en-US","@id":"https:\/\/boutique-one-piece.com\/#\/schema\/logo\/image\/","url":"https:\/\/boutique-one-piece.com\/wp-content\/uploads\/2022\/09\/Logo-01.png","contentUrl":"https:\/\/boutique-one-piece.com\/wp-content\/uploads\/2022\/09\/Logo-01.png","width":2318,"height":957,"caption":"Boutique One Piece"},"image":{"@id":"https:\/\/boutique-one-piece.com\/#\/schema\/logo\/image\/"}}]}},"_links":{"self":[{"href":"https:\/\/boutique-one-piece.com\/en\/wp-json\/wp\/v2\/product\/11408","targetHints":{"allow":["GET"]}}],"collection":[{"href":"https:\/\/boutique-one-piece.com\/en\/wp-json\/wp\/v2\/product"}],"about":[{"href":"https:\/\/boutique-one-piece.com\/en\/wp-json\/wp\/v2\/types\/product"}],"replies":[{"embeddable":true,"href":"https:\/\/boutique-one-piece.com\/en\/wp-json\/wp\/v2\/comments?post=11408"}],"wp:featuredmedia":[{"embeddable":true,"href":"https:\/\/boutique-one-piece.com\/en\/wp-json\/wp\/v2\/media\/11410"}],"wp:attachment":[{"href":"https:\/\/boutique-one-piece.com\/en\/wp-json\/wp\/v2\/media?parent=11408"}],"wp:term":[{"taxonomy":"product_brand","embeddable":true,"href":"https:\/\/boutique-one-piece.com\/en\/wp-json\/wp\/v2\/product_brand?post=11408"},{"taxonomy":"product_cat","embeddable":true,"href":"https:\/\/boutique-one-piece.com\/en\/wp-json\/wp\/v2\/product_cat?post=11408"},{"taxonomy":"product_tag","embeddable":true,"href":"https:\/\/boutique-one-piece.com\/en\/wp-json\/wp\/v2\/product_tag?post=11408"}],"curies":[{"name":"wp","href":"https:\/\/api.w.org\/{rel}","templated":true}]}}