{"id":11620,"date":"2022-09-27T20:42:27","date_gmt":"2022-09-27T20:42:27","guid":{"rendered":"https:\/\/boutique-one-piece.com\/uncategorized\/figurine-one-piece-boa-hancock-kimono\/"},"modified":"2024-09-16T12:34:59","modified_gmt":"2024-09-16T12:34:59","slug":"one-piece-figurine-boa-hancock-kimono","status":"publish","type":"product","link":"https:\/\/boutique-one-piece.com\/en\/one-piece-figurines\/boa-hancock-figurines\/one-piece-figurine-boa-hancock-kimono\/","title":{"rendered":"One Piece Boa Hancock Kimono Figure"},"content":{"rendered":"<h2>Young pirate, the time has come for you to get this One Piece Boa Hancock Kimono Figurine.<\/h2>\n<p><strong>L\u2019Imp\u00e9ratrice Pirate Boa Hancock<\/strong> est la Princesse Serpent d\u2019Amazon Lily qui gouverne la tribu Kuja avec l\u2019aide de ses deux s\u009curs gorgones, Boa Marigold et Boa Sandersonia. Elle est \u00e9galement la capitaine actuelle de <strong>L\u2019\u00c9quipage des Pirates Kuja<\/strong>. Boa Hancock \u00e9tait le seul membre f\u00e9minin des 7 Capitaines Corsaires jusqu\u2019\u00e0 la dissolution de ce groupe. Elle a d\u2019abord \u00e9t\u00e9 mentionn\u00e9e par les Fr\u00e8res Risky \u00e0 la fin de l\u2019Arc Thriller Bark lorsqu\u2019ils comparaient sa beaut\u00e9 l\u00e9gendaire \u00e0 celle des sir\u00e8nes.<\/p>\n<p>Elle est consid\u00e9r\u00e9e par de nombreuses personnes comme \u00e9tant la plus belle femme au monde, notamment gr\u00e2ce \u00e0 son Fruit du D\u00e9mon qui fait tomber amoureux d\u2019elle la quasi-totalit\u00e9 des personnes qui la regardent.<\/p>\n<p>Tandis qu\u2019elle reste actuellement employ\u00e9e au sein des 7 Capitaines Corsaires, son amour pour <strong>Monkey D. Luffy<\/strong> l\u2019a pouss\u00e9e \u00e0 se retourner contre le Gouvernement Mondial \u00e0 de nombreuses occasions, mettant ainsi son statut de Capitaine Corsaire en p\u00e9ril. D\u2019ailleurs, la <a title=\"POK\u00c9MON FIGURE CAPTAIN STRAW HAT LUFFY\" href=\"https:\/\/boutique-one-piece.com\/en\/one-piece-figurines\/products\/pokemon-figurine-of-captain-luffy-with-the-straw-hat-hat\/\" target=\"_blank\" rel=\"noopener\">Luffy Straw Hat figurine<\/a> is within your reach.<\/p>\n<h3>Alors, conquis par la figurine de la jolie Boa Hancock ? Si tel est le cas, n\u2019attends plus et rejoins-la sur son \u00eele d\u2019Amazon Lily.<\/h3>\n<p>Whether you&#039;re a die-hard fan or a seasoned collector, these items are definitely for you. Perfect for gifting, decorating, or adding to your collection, these items will enhance your collection.<strong> your One Piece universe<\/strong>. Alors, n\u2019attends plus et saute sur l\u2019occasion de vivre bien des aventures plus palpitantes les unes que les autres dans l\u2019univers de <strong>Luffy<\/strong>.<\/p>\n<h2>Information about Boa Hancock Kimono Figurine\u00a0<\/h2>\n<ul>\n<li><span><b><u>One Piece figurine<\/u><\/b>\u00a0: Figurine\u00a0 premium de l\u2019univers One Piece pour les vrais pirates<\/span><\/li>\n<\/ul>\n<ul>\n<li>\n<b>Matter<\/b><span>\u00a0<\/span>PVC<\/li>\n<\/ul>\n<ul>\n<li><span><strong>Dimension<\/strong>\u00a0: 20 cm<\/span><\/li>\n<\/ul>\n<ul>\n<li><span><strong>FREE DELIVERY<\/strong><\/span><\/li>\n<\/ul>","protected":false},"excerpt":{"rendered":"<p>Jeune pirate, le moment est venu pour toi de te procurer cette Figurine One Piece Boa Hancock Kimono. L\u2019Imp\u00e9ratrice Pirate Boa Hancock est la Princesse Serpent d\u2019Amazon Lily qui gouverne la tribu Kuja avec l\u2019aide de ses deux s\u009curs gorgones, Boa Marigold et Boa Sandersonia. Elle est \u00e9galement la capitaine actuelle de L\u2019\u00c9quipage des Pirates [&hellip;]<\/p>","protected":false},"featured_media":11622,"comment_status":"open","ping_status":"open","template":"","meta":[],"product_brand":[],"product_cat":[174,76],"product_tag":[175],"class_list":{"0":"post-11620","1":"product","2":"type-product","3":"status-publish","4":"has-post-thumbnail","6":"product_cat-figurines-boa-hancock","7":"product_cat-figurines-one-piece","8":"product_tag-boa-hancock","10":"first","11":"instock","12":"purchasable","13":"product-type-simple"},"yoast_head":"<!-- This site is optimized with the Yoast SEO plugin v27.5 - https:\/\/yoast.com\/product\/yoast-seo-wordpress\/ -->\n<title>Figurine One Piece Boa Hancock Kimono | Figurine One Piece \u2013 Boutique One Piece<\/title>\n<meta name=\"description\" content=\"Jeune pirate, le moment est venu pour toi de te procurer cette Figurine One Piece Boa Hancock Kimono. L&#039;Imp\u00e9ratrice Pirate Boa Hancock est la Princesse Serpent d&#039;Amazon Lily qui gouverne la tribu Kuja avec l&#039;aide de ses deux s\u0153urs gorgones, Boa Marigold et Boa Sandersonia. Elle est \u00e9galement la capitaine actuelle de L&#039;\" \/>\n<meta name=\"robots\" content=\"index, follow, max-snippet:-1, max-image-preview:large, max-video-preview:-1\" \/>\n<link rel=\"canonical\" href=\"https:\/\/boutique-one-piece.com\/en\/one-piece-figurines\/boa-hancock-figurines\/one-piece-figurine-boa-hancock-kimono\/\" \/>\n<meta property=\"og:locale\" content=\"en_US\" \/>\n<meta property=\"og:type\" content=\"article\" \/>\n<meta property=\"og:title\" content=\"Figurine One Piece Boa Hancock Kimono | Figurine One Piece \u2013 Boutique One Piece\" \/>\n<meta property=\"og:description\" content=\"Jeune pirate, le moment est venu pour toi de te procurer cette Figurine One Piece Boa Hancock Kimono. L&#039;Imp\u00e9ratrice Pirate Boa Hancock est la Princesse Serpent d&#039;Amazon Lily qui gouverne la tribu Kuja avec l&#039;aide de ses deux s\u0153urs gorgones, Boa Marigold et Boa Sandersonia. Elle est \u00e9galement la capitaine actuelle de L&#039;\" \/>\n<meta property=\"og:url\" content=\"https:\/\/boutique-one-piece.com\/en\/one-piece-figurines\/boa-hancock-figurines\/one-piece-figurine-boa-hancock-kimono\/\" \/>\n<meta property=\"og:site_name\" content=\"Boutique One Piece\" \/>\n<meta property=\"article:modified_time\" content=\"2024-09-16T12:34:59+00:00\" \/>\n<meta property=\"og:image\" content=\"https:\/\/boutique-one-piece.com\/wp-content\/uploads\/2022\/09\/Figurine-One-Piece-Boa-Hancock-Kimono.jpg\" \/>\n\t<meta property=\"og:image:width\" content=\"640\" \/>\n\t<meta property=\"og:image:height\" content=\"640\" \/>\n\t<meta property=\"og:image:type\" content=\"image\/jpeg\" \/>\n<meta name=\"twitter:card\" content=\"summary_large_image\" \/>\n<meta name=\"twitter:label1\" content=\"Est. reading time\" \/>\n\t<meta name=\"twitter:data1\" content=\"2 minutes\" \/>\n<script type=\"application\/ld+json\" class=\"yoast-schema-graph\">{\"@context\":\"https:\\\/\\\/schema.org\",\"@graph\":[{\"@type\":\"WebPage\",\"@id\":\"https:\\\/\\\/boutique-one-piece.com\\\/figurines-one-piece\\\/figurines-boa-hancock\\\/figurine-one-piece-boa-hancock-kimono\\\/\",\"url\":\"https:\\\/\\\/boutique-one-piece.com\\\/figurines-one-piece\\\/figurines-boa-hancock\\\/figurine-one-piece-boa-hancock-kimono\\\/\",\"name\":\"Figurine One Piece Boa Hancock Kimono | Figurine One Piece \u2013 Boutique One Piece\",\"isPartOf\":{\"@id\":\"https:\\\/\\\/boutique-one-piece.com\\\/#website\"},\"primaryImageOfPage\":{\"@id\":\"https:\\\/\\\/boutique-one-piece.com\\\/figurines-one-piece\\\/figurines-boa-hancock\\\/figurine-one-piece-boa-hancock-kimono\\\/#primaryimage\"},\"image\":{\"@id\":\"https:\\\/\\\/boutique-one-piece.com\\\/figurines-one-piece\\\/figurines-boa-hancock\\\/figurine-one-piece-boa-hancock-kimono\\\/#primaryimage\"},\"thumbnailUrl\":\"https:\\\/\\\/boutique-one-piece.com\\\/wp-content\\\/uploads\\\/2022\\\/09\\\/Figurine-One-Piece-Boa-Hancock-Kimono.jpg\",\"datePublished\":\"2022-09-27T20:42:27+00:00\",\"dateModified\":\"2024-09-16T12:34:59+00:00\",\"description\":\"Jeune pirate, le moment est venu pour toi de te procurer cette Figurine One Piece Boa Hancock Kimono. L'Imp\u00e9ratrice Pirate Boa Hancock est la Princesse Serpent d'Amazon Lily qui gouverne la tribu Kuja avec l'aide de ses deux s\u0153urs gorgones, Boa Marigold et Boa Sandersonia. Elle est \u00e9galement la capitaine actuelle de L'\",\"breadcrumb\":{\"@id\":\"https:\\\/\\\/boutique-one-piece.com\\\/figurines-one-piece\\\/figurines-boa-hancock\\\/figurine-one-piece-boa-hancock-kimono\\\/#breadcrumb\"},\"inLanguage\":\"en-US\",\"potentialAction\":[{\"@type\":\"ReadAction\",\"target\":[\"https:\\\/\\\/boutique-one-piece.com\\\/figurines-one-piece\\\/figurines-boa-hancock\\\/figurine-one-piece-boa-hancock-kimono\\\/\"]}]},{\"@type\":\"ImageObject\",\"inLanguage\":\"en-US\",\"@id\":\"https:\\\/\\\/boutique-one-piece.com\\\/figurines-one-piece\\\/figurines-boa-hancock\\\/figurine-one-piece-boa-hancock-kimono\\\/#primaryimage\",\"url\":\"https:\\\/\\\/boutique-one-piece.com\\\/wp-content\\\/uploads\\\/2022\\\/09\\\/Figurine-One-Piece-Boa-Hancock-Kimono.jpg\",\"contentUrl\":\"https:\\\/\\\/boutique-one-piece.com\\\/wp-content\\\/uploads\\\/2022\\\/09\\\/Figurine-One-Piece-Boa-Hancock-Kimono.jpg\",\"width\":640,\"height\":640,\"caption\":\"Figurine One Piece Boa Hancock Kimono Default Title\"},{\"@type\":\"BreadcrumbList\",\"@id\":\"https:\\\/\\\/boutique-one-piece.com\\\/figurines-one-piece\\\/figurines-boa-hancock\\\/figurine-one-piece-boa-hancock-kimono\\\/#breadcrumb\",\"itemListElement\":[{\"@type\":\"ListItem\",\"position\":1,\"name\":\"Home\",\"item\":\"https:\\\/\\\/boutique-one-piece.com\\\/\"},{\"@type\":\"ListItem\",\"position\":2,\"name\":\"Shop\",\"item\":\"https:\\\/\\\/boutique-one-piece.com\\\/shop\\\/\"},{\"@type\":\"ListItem\",\"position\":3,\"name\":\"Figurine One Piece Boa Hancock Kimono\"}]},{\"@type\":\"WebSite\",\"@id\":\"https:\\\/\\\/boutique-one-piece.com\\\/#website\",\"url\":\"https:\\\/\\\/boutique-one-piece.com\\\/\",\"name\":\"Boutique One Piece\",\"description\":\"Magasin Sp\u00e9cialis\u00e9 du Manga et l&#039;Anime One Piece\",\"publisher\":{\"@id\":\"https:\\\/\\\/boutique-one-piece.com\\\/#organization\"},\"potentialAction\":[{\"@type\":\"SearchAction\",\"target\":{\"@type\":\"EntryPoint\",\"urlTemplate\":\"https:\\\/\\\/boutique-one-piece.com\\\/?s={search_term_string}\"},\"query-input\":{\"@type\":\"PropertyValueSpecification\",\"valueRequired\":true,\"valueName\":\"search_term_string\"}}],\"inLanguage\":\"en-US\"},{\"@type\":\"Organization\",\"@id\":\"https:\\\/\\\/boutique-one-piece.com\\\/#organization\",\"name\":\"Boutique One Piece\",\"url\":\"https:\\\/\\\/boutique-one-piece.com\\\/\",\"logo\":{\"@type\":\"ImageObject\",\"inLanguage\":\"en-US\",\"@id\":\"https:\\\/\\\/boutique-one-piece.com\\\/#\\\/schema\\\/logo\\\/image\\\/\",\"url\":\"https:\\\/\\\/boutique-one-piece.com\\\/wp-content\\\/uploads\\\/2022\\\/09\\\/Logo-01.png\",\"contentUrl\":\"https:\\\/\\\/boutique-one-piece.com\\\/wp-content\\\/uploads\\\/2022\\\/09\\\/Logo-01.png\",\"width\":2318,\"height\":957,\"caption\":\"Boutique One Piece\"},\"image\":{\"@id\":\"https:\\\/\\\/boutique-one-piece.com\\\/#\\\/schema\\\/logo\\\/image\\\/\"}}]}<\/script>\n<!-- \/ Yoast SEO plugin. -->","yoast_head_json":{"title":"One Piece Boa Hancock Kimono Figure | One Piece Figure \u2013 One Piece Shop","description":"Young pirate, the time has come for you to get your hands on this One Piece Boa Hancock Kimono Figure. The Pirate Empress Boa Hancock is the Snake Princess of Amazon Lily who rules the Kuja tribe with the help of her two gorgon sisters, Boa Marigold and Boa Sandersonia. She is also the current captain of the...'","robots":{"index":"index","follow":"follow","max-snippet":"max-snippet:-1","max-image-preview":"max-image-preview:large","max-video-preview":"max-video-preview:-1"},"canonical":"https:\/\/boutique-one-piece.com\/en\/one-piece-figurines\/boa-hancock-figurines\/one-piece-figurine-boa-hancock-kimono\/","og_locale":"en_US","og_type":"article","og_title":"Figurine One Piece Boa Hancock Kimono | Figurine One Piece \u2013 Boutique One Piece","og_description":"Jeune pirate, le moment est venu pour toi de te procurer cette Figurine One Piece Boa Hancock Kimono. L'Imp\u00e9ratrice Pirate Boa Hancock est la Princesse Serpent d'Amazon Lily qui gouverne la tribu Kuja avec l'aide de ses deux s\u0153urs gorgones, Boa Marigold et Boa Sandersonia. Elle est \u00e9galement la capitaine actuelle de L'","og_url":"https:\/\/boutique-one-piece.com\/en\/one-piece-figurines\/boa-hancock-figurines\/one-piece-figurine-boa-hancock-kimono\/","og_site_name":"Boutique One Piece","article_modified_time":"2024-09-16T12:34:59+00:00","og_image":[{"width":640,"height":640,"url":"https:\/\/boutique-one-piece.com\/wp-content\/uploads\/2022\/09\/Figurine-One-Piece-Boa-Hancock-Kimono.jpg","type":"image\/jpeg"}],"twitter_card":"summary_large_image","twitter_misc":{"Est. reading time":"2 minutes"},"schema":{"@context":"https:\/\/schema.org","@graph":[{"@type":"WebPage","@id":"https:\/\/boutique-one-piece.com\/figurines-one-piece\/figurines-boa-hancock\/figurine-one-piece-boa-hancock-kimono\/","url":"https:\/\/boutique-one-piece.com\/figurines-one-piece\/figurines-boa-hancock\/figurine-one-piece-boa-hancock-kimono\/","name":"One Piece Boa Hancock Kimono Figure | One Piece Figure \u2013 One Piece Shop","isPartOf":{"@id":"https:\/\/boutique-one-piece.com\/#website"},"primaryImageOfPage":{"@id":"https:\/\/boutique-one-piece.com\/figurines-one-piece\/figurines-boa-hancock\/figurine-one-piece-boa-hancock-kimono\/#primaryimage"},"image":{"@id":"https:\/\/boutique-one-piece.com\/figurines-one-piece\/figurines-boa-hancock\/figurine-one-piece-boa-hancock-kimono\/#primaryimage"},"thumbnailUrl":"https:\/\/boutique-one-piece.com\/wp-content\/uploads\/2022\/09\/Figurine-One-Piece-Boa-Hancock-Kimono.jpg","datePublished":"2022-09-27T20:42:27+00:00","dateModified":"2024-09-16T12:34:59+00:00","description":"Young pirate, the time has come for you to get your hands on this One Piece Boa Hancock Kimono Figure. The Pirate Empress Boa Hancock is the Snake Princess of Amazon Lily who rules the Kuja tribe with the help of her two gorgon sisters, Boa Marigold and Boa Sandersonia. She is also the current captain of the...'","breadcrumb":{"@id":"https:\/\/boutique-one-piece.com\/figurines-one-piece\/figurines-boa-hancock\/figurine-one-piece-boa-hancock-kimono\/#breadcrumb"},"inLanguage":"en-US","potentialAction":[{"@type":"ReadAction","target":["https:\/\/boutique-one-piece.com\/figurines-one-piece\/figurines-boa-hancock\/figurine-one-piece-boa-hancock-kimono\/"]}]},{"@type":"ImageObject","inLanguage":"en-US","@id":"https:\/\/boutique-one-piece.com\/figurines-one-piece\/figurines-boa-hancock\/figurine-one-piece-boa-hancock-kimono\/#primaryimage","url":"https:\/\/boutique-one-piece.com\/wp-content\/uploads\/2022\/09\/Figurine-One-Piece-Boa-Hancock-Kimono.jpg","contentUrl":"https:\/\/boutique-one-piece.com\/wp-content\/uploads\/2022\/09\/Figurine-One-Piece-Boa-Hancock-Kimono.jpg","width":640,"height":640,"caption":"Figurine One Piece Boa Hancock Kimono Default Title"},{"@type":"BreadcrumbList","@id":"https:\/\/boutique-one-piece.com\/figurines-one-piece\/figurines-boa-hancock\/figurine-one-piece-boa-hancock-kimono\/#breadcrumb","itemListElement":[{"@type":"ListItem","position":1,"name":"Home","item":"https:\/\/boutique-one-piece.com\/"},{"@type":"ListItem","position":2,"name":"Shop","item":"https:\/\/boutique-one-piece.com\/shop\/"},{"@type":"ListItem","position":3,"name":"Figurine One Piece Boa Hancock Kimono"}]},{"@type":"WebSite","@id":"https:\/\/boutique-one-piece.com\/#website","url":"https:\/\/boutique-one-piece.com\/","name":"One Piece Shop","description":"Specialty store for One Piece Manga and Anime","publisher":{"@id":"https:\/\/boutique-one-piece.com\/#organization"},"potentialAction":[{"@type":"SearchAction","target":{"@type":"EntryPoint","urlTemplate":"https:\/\/boutique-one-piece.com\/?s={search_term_string}"},"query-input":{"@type":"PropertyValueSpecification","valueRequired":true,"valueName":"search_term_string"}}],"inLanguage":"en-US"},{"@type":"Organization","@id":"https:\/\/boutique-one-piece.com\/#organization","name":"One Piece Shop","url":"https:\/\/boutique-one-piece.com\/","logo":{"@type":"ImageObject","inLanguage":"en-US","@id":"https:\/\/boutique-one-piece.com\/#\/schema\/logo\/image\/","url":"https:\/\/boutique-one-piece.com\/wp-content\/uploads\/2022\/09\/Logo-01.png","contentUrl":"https:\/\/boutique-one-piece.com\/wp-content\/uploads\/2022\/09\/Logo-01.png","width":2318,"height":957,"caption":"Boutique One Piece"},"image":{"@id":"https:\/\/boutique-one-piece.com\/#\/schema\/logo\/image\/"}}]}},"_links":{"self":[{"href":"https:\/\/boutique-one-piece.com\/en\/wp-json\/wp\/v2\/product\/11620","targetHints":{"allow":["GET"]}}],"collection":[{"href":"https:\/\/boutique-one-piece.com\/en\/wp-json\/wp\/v2\/product"}],"about":[{"href":"https:\/\/boutique-one-piece.com\/en\/wp-json\/wp\/v2\/types\/product"}],"replies":[{"embeddable":true,"href":"https:\/\/boutique-one-piece.com\/en\/wp-json\/wp\/v2\/comments?post=11620"}],"wp:featuredmedia":[{"embeddable":true,"href":"https:\/\/boutique-one-piece.com\/en\/wp-json\/wp\/v2\/media\/11622"}],"wp:attachment":[{"href":"https:\/\/boutique-one-piece.com\/en\/wp-json\/wp\/v2\/media?parent=11620"}],"wp:term":[{"taxonomy":"product_brand","embeddable":true,"href":"https:\/\/boutique-one-piece.com\/en\/wp-json\/wp\/v2\/product_brand?post=11620"},{"taxonomy":"product_cat","embeddable":true,"href":"https:\/\/boutique-one-piece.com\/en\/wp-json\/wp\/v2\/product_cat?post=11620"},{"taxonomy":"product_tag","embeddable":true,"href":"https:\/\/boutique-one-piece.com\/en\/wp-json\/wp\/v2\/product_tag?post=11620"}],"curies":[{"name":"wp","href":"https:\/\/api.w.org\/{rel}","templated":true}]}}