{"id":11742,"date":"2022-09-27T20:43:07","date_gmt":"2022-09-27T20:43:07","guid":{"rendered":"https:\/\/boutique-one-piece.com\/uncategorized\/sweat-one-piece-sabo-mera-mera-no-mi\/"},"modified":"2024-09-16T12:38:42","modified_gmt":"2024-09-16T12:38:42","slug":"one-piece-sweatshirt-sabo-mera-mera-no-mi","status":"publish","type":"product","link":"https:\/\/boutique-one-piece.com\/en\/one-piece-clothes\/one-piece-sweatshirts\/one-piece-sweatshirt-sabo-mera-mera-no-mi\/","title":{"rendered":"One Piece Sweatshirt Sabo Mera Mera No Mi"},"content":{"rendered":"<p><meta charset=\"utf-8\"><\/p>\n<h2>\n<b>Black and Red Long Sleeve Hoodie<\/b><b>\u00a0One Piece with Sabo using the Mera Mera No Mi,<\/b>\u00a0A Quality Sweatshirt for a Pirate Like You!<\/h2>\n<p>If you are a\u00a0<strong>real pirate<\/strong>, You will appreciate the\u00a0<strong>quality<\/strong>\u00a0fabric and\u00a0<strong>l\u2019impression 3D Canvas<\/strong>\u00a0of this<span>\u00a0<\/span><strong>One Piece sweatshirt<\/strong>\u00a0But most importantly, with this\u00a0<strong>printed sweatshirt<\/strong>\u00a0that&#039;s because you&#039;ll be part of\u00a0<strong>l\u2019\u00e9quipage\u00a0des fans<\/strong>\u00a0of\u00a0<strong>pirate manga<\/strong>\u00a0and you will obtain:<\/p>\n<ul>\n<li>\u00a0<strong>L\u2019admiration<\/strong>\u00a0of all the fans of\u00a0<strong>l\u2019univers<\/strong>\u00a0of the\u00a0<strong>license<\/strong>\u00a0of\u00a0<strong>manga<\/strong>\u00a0that you will encounter<\/li>\n<\/ul>\n<ul>\n<li>A real\u00a0<strong>hoodie<\/strong>\u00a0with which you can\u00a0<strong>share<\/strong>\u00a0your\u00a0<strong>passion<\/strong>\u00a0For\u00a0<strong>One Piece<\/strong>\n<\/li>\n<\/ul>\n<p>So, ready to wear the\u00a0<strong>colors\u00a0<\/strong>of<strong>\u00a0<\/strong>your<strong>\u00a0favorite manga<\/strong>\u00a0?<\/p>\n<h2>Es-tu un fan du manga ou de l\u2019anim\u00e9 One Piece ? Montre le avec ce Sweat One Piece !<\/h2>\n<p>If you\u00a0<strong>read<\/strong>\u00a0or wherever you look\u00a0\u00a0<strong>l\u2019anim\u00e9\u00a0japonais<\/strong>, There&#039;s a good chance you&#039;ve become\u00a0<strong>crazy about One Piece<\/strong>\u00a0With this!\u00a0<strong>One Piece Sweatshirt Sabo Mera Mera No Mi<\/strong>, rejoins\u00a0l\u2019<strong>crew of fans of the franchise<\/strong><\/p>\n<p>This\u00a0<strong>Cosplay-style sweatshirt\u00a0<\/strong>\u00a0is available in sizes\u00a0<strong>XXS<\/strong>,\u00a0<strong>XS<\/strong>,\u00a0<strong>S<\/strong>,<strong>\u00a0M<\/strong>,<strong>\u00a0L<\/strong>,\u00a0<strong>XL<\/strong>,\u00a0<strong>XXL<\/strong>,\u00a0<strong>3XL<\/strong>,\u00a0<strong>4XL<\/strong>\u00a0It will suit all categories of pirates.,\u00a0<strong>man<\/strong>\u00a0Or\u00a0<strong>women<\/strong>, m\u00eame si tu n\u2019as pas\u00a0<strong>d\u2019\u00e9p\u00e9e<\/strong>\u00a0or\u00a0<strong>devil fruit<\/strong>\u00a0You can still wear it proudly.<\/p>\n<h2>Sweatshirt Information:\u00a0<\/h2>\n<ul>\n<li>\n<strong>Premium Quality One Piece Sweatshirt\u00a0<\/strong>: has a<span>\u00a0<\/span><strong>high grammage<\/strong><span>\u00a0<\/span>with quality materials<\/li>\n<\/ul>\n<ul>\n<li>\n<strong>Great flexibility\u00a0<\/strong>: thanks to its composition, it does not<span>\u00a0<\/span><strong>crumpled<\/strong><span>\u00a0<\/span>not<\/li>\n<\/ul>\n<ul>\n<li>\n<strong>Very comfortable\u00a0<\/strong>: with<span>\u00a0<\/span>his<span>\u00a0<\/span><strong>fibers<\/strong><span>\u00a0<\/span>of<span>\u00a0<\/span><strong>cotton<\/strong><span>\u00a0<\/span>great<span>\u00a0<\/span><strong>soft<\/strong>, il n\u2019y a pas\u00a0de<span>\u00a0<\/span><strong>friction<\/strong>\n<\/li>\n<\/ul>\n<ul>\n<li>3D digital printing, original design<\/li>\n<\/ul>\n<ul>\n<li>\n<strong>Organic cotton\u00a0<\/strong>cotton<span>\u00a0<\/span><strong>high quality<\/strong>\u00a0with<span>\u00a0<\/span><strong>fibers<\/strong><span>\u00a0<\/span>extra<span>\u00a0<\/span><strong>long<\/strong>\n<\/li>\n<\/ul>\n<ul>\n<li>\n<strong>Free Delivery\u00a0<\/strong>for any purchase<strong>\u00a0<\/strong>\n<\/li>\n<\/ul>\n<p><strong>N\u2019oubliez pas de jeter\u00a0un oeil au guide des tailles ci-dessous.<\/strong><\/p>\n<p><img decoding=\"async\" src=\"https:\/\/cdn.shopify.com\/s\/files\/1\/0087\/7556\/5348\/files\/boutque_one_piece_tableau__taille_sweat_large.jpg?v=1559846386\" alt=\"One Piece sweatshirt size guide chart\"><\/p>\n<h3>Washing Instructions:<\/h3>\n<ul>\n<li>Machine wash at 30\u00b0C, delicate cycle<\/li>\n<\/ul>\n<ul>\n<li>Iron on the reverse side<\/li>\n<\/ul>\n<p>For<span>\u00a0<\/span><strong>preserve the quality<\/strong><span>\u00a0<\/span>of this<span>\u00a0<strong>sweatshirt<\/strong><\/span><strong>\u00a0One Piece<\/strong>, we recommend that you<span>\u00a0<\/span><strong>respect<\/strong><span>\u00a0<\/span>THE<span>\u00a0<\/span><strong>washing instructions<\/strong>.<\/p>","protected":false},"excerpt":{"rendered":"<p>Sweat\u00a0\u00e0 Capuche Noir et Rouge\u00a0\u00e0 Manches Longues\u00a0One Piece avec Sabo\u00a0qui utilise le Mera Mera No Mi,\u00a0Un\u00a0Sweat\u00a0de Qualit\u00e9 pour un Pirate Comme Toi\u00a0! Si tu es un\u00a0v\u00e9ritable pirate, tu sauras appr\u00e9cier la\u00a0qualit\u00e9\u00a0du tissu et de\u00a0l\u2019impression 3D Canvas\u00a0de ce\u00a0sweat\u00a0One Piece\u00a0!\u00a0Mais le plus important, avec ce\u00a0sweat\u00a0imprim\u00e9\u00a0c\u0092est que tu\u00a0feras partie de\u00a0l\u2019\u00e9quipage\u00a0des fans\u00a0du\u00a0manga de pirates\u00a0et tu obtiendras\u00a0: \u00a0L\u2019admiration\u00a0de tous les [&hellip;]<\/p>","protected":false},"featured_media":11744,"comment_status":"open","ping_status":"open","template":"","meta":[],"product_brand":[],"product_cat":[149],"product_tag":[180],"class_list":{"0":"post-11742","1":"product","2":"type-product","3":"status-publish","4":"has-post-thumbnail","6":"product_cat-sweats-one-piece","7":"product_tag-sabo","9":"first","10":"instock","11":"purchasable","12":"product-type-variable","13":"has-default-attributes"},"yoast_head":"<!-- This site is optimized with the Yoast SEO plugin v27.5 - https:\/\/yoast.com\/product\/yoast-seo-wordpress\/ -->\n<title>Sweat Sabo Mera Mera No Mi | Boutique One Piece<\/title>\n<meta name=\"description\" content=\"Sweat \u00e0 Capuche Noir et Rouge \u00e0 Manches Longues One Piece avec Sabo qui utilise le Mera Mera No Mi de Tr\u00e8s Haute Qualit\u00e9 : Partage ta Passion pour les Pirates !\" \/>\n<meta name=\"robots\" content=\"index, follow, max-snippet:-1, max-image-preview:large, max-video-preview:-1\" \/>\n<link rel=\"canonical\" href=\"https:\/\/boutique-one-piece.com\/en\/one-piece-clothes\/one-piece-sweatshirts\/one-piece-sweatshirt-sabo-mera-mera-no-mi\/\" \/>\n<meta property=\"og:locale\" content=\"en_US\" \/>\n<meta property=\"og:type\" content=\"article\" \/>\n<meta property=\"og:title\" content=\"Sweat Sabo Mera Mera No Mi | Boutique One Piece\" \/>\n<meta property=\"og:description\" content=\"Sweat \u00e0 Capuche Noir et Rouge \u00e0 Manches Longues One Piece avec Sabo qui utilise le Mera Mera No Mi de Tr\u00e8s Haute Qualit\u00e9 : Partage ta Passion pour les Pirates !\" \/>\n<meta property=\"og:url\" content=\"https:\/\/boutique-one-piece.com\/en\/one-piece-clothes\/one-piece-sweatshirts\/one-piece-sweatshirt-sabo-mera-mera-no-mi\/\" \/>\n<meta property=\"og:site_name\" content=\"Boutique One Piece\" \/>\n<meta property=\"article:modified_time\" content=\"2024-09-16T12:38:42+00:00\" \/>\n<meta property=\"og:image\" content=\"https:\/\/boutique-one-piece.com\/wp-content\/uploads\/2022\/09\/Sweat-One-Piece-Sabo-Mera-Mera-No-Mi.jpg\" \/>\n\t<meta property=\"og:image:width\" content=\"600\" \/>\n\t<meta property=\"og:image:height\" content=\"600\" \/>\n\t<meta property=\"og:image:type\" content=\"image\/jpeg\" \/>\n<meta name=\"twitter:card\" content=\"summary_large_image\" \/>\n<meta name=\"twitter:label1\" content=\"Est. reading time\" \/>\n\t<meta name=\"twitter:data1\" content=\"2 minutes\" \/>\n<script type=\"application\/ld+json\" class=\"yoast-schema-graph\">{\"@context\":\"https:\\\/\\\/schema.org\",\"@graph\":[{\"@type\":\"WebPage\",\"@id\":\"https:\\\/\\\/boutique-one-piece.com\\\/vetements-one-piece\\\/sweats-one-piece\\\/sweat-one-piece-sabo-mera-mera-no-mi\\\/\",\"url\":\"https:\\\/\\\/boutique-one-piece.com\\\/vetements-one-piece\\\/sweats-one-piece\\\/sweat-one-piece-sabo-mera-mera-no-mi\\\/\",\"name\":\"Sweat Sabo Mera Mera No Mi | Boutique One Piece\",\"isPartOf\":{\"@id\":\"https:\\\/\\\/boutique-one-piece.com\\\/#website\"},\"primaryImageOfPage\":{\"@id\":\"https:\\\/\\\/boutique-one-piece.com\\\/vetements-one-piece\\\/sweats-one-piece\\\/sweat-one-piece-sabo-mera-mera-no-mi\\\/#primaryimage\"},\"image\":{\"@id\":\"https:\\\/\\\/boutique-one-piece.com\\\/vetements-one-piece\\\/sweats-one-piece\\\/sweat-one-piece-sabo-mera-mera-no-mi\\\/#primaryimage\"},\"thumbnailUrl\":\"https:\\\/\\\/boutique-one-piece.com\\\/wp-content\\\/uploads\\\/2022\\\/09\\\/Sweat-One-Piece-Sabo-Mera-Mera-No-Mi.jpg\",\"datePublished\":\"2022-09-27T20:43:07+00:00\",\"dateModified\":\"2024-09-16T12:38:42+00:00\",\"description\":\"Sweat \u00e0 Capuche Noir et Rouge \u00e0 Manches Longues One Piece avec Sabo qui utilise le Mera Mera No Mi de Tr\u00e8s Haute Qualit\u00e9 : Partage ta Passion pour les Pirates !\",\"breadcrumb\":{\"@id\":\"https:\\\/\\\/boutique-one-piece.com\\\/vetements-one-piece\\\/sweats-one-piece\\\/sweat-one-piece-sabo-mera-mera-no-mi\\\/#breadcrumb\"},\"inLanguage\":\"en-US\",\"potentialAction\":[{\"@type\":\"ReadAction\",\"target\":[\"https:\\\/\\\/boutique-one-piece.com\\\/vetements-one-piece\\\/sweats-one-piece\\\/sweat-one-piece-sabo-mera-mera-no-mi\\\/\"]}]},{\"@type\":\"ImageObject\",\"inLanguage\":\"en-US\",\"@id\":\"https:\\\/\\\/boutique-one-piece.com\\\/vetements-one-piece\\\/sweats-one-piece\\\/sweat-one-piece-sabo-mera-mera-no-mi\\\/#primaryimage\",\"url\":\"https:\\\/\\\/boutique-one-piece.com\\\/wp-content\\\/uploads\\\/2022\\\/09\\\/Sweat-One-Piece-Sabo-Mera-Mera-No-Mi.jpg\",\"contentUrl\":\"https:\\\/\\\/boutique-one-piece.com\\\/wp-content\\\/uploads\\\/2022\\\/09\\\/Sweat-One-Piece-Sabo-Mera-Mera-No-Mi.jpg\",\"width\":600,\"height\":600,\"caption\":\"Sweat One Piece Sabo Mera Mera No Mi 4XL\"},{\"@type\":\"BreadcrumbList\",\"@id\":\"https:\\\/\\\/boutique-one-piece.com\\\/vetements-one-piece\\\/sweats-one-piece\\\/sweat-one-piece-sabo-mera-mera-no-mi\\\/#breadcrumb\",\"itemListElement\":[{\"@type\":\"ListItem\",\"position\":1,\"name\":\"Home\",\"item\":\"https:\\\/\\\/boutique-one-piece.com\\\/\"},{\"@type\":\"ListItem\",\"position\":2,\"name\":\"Shop\",\"item\":\"https:\\\/\\\/boutique-one-piece.com\\\/shop\\\/\"},{\"@type\":\"ListItem\",\"position\":3,\"name\":\"Sweat One Piece Sabo Mera Mera No Mi\"}]},{\"@type\":\"WebSite\",\"@id\":\"https:\\\/\\\/boutique-one-piece.com\\\/#website\",\"url\":\"https:\\\/\\\/boutique-one-piece.com\\\/\",\"name\":\"Boutique One Piece\",\"description\":\"Magasin Sp\u00e9cialis\u00e9 du Manga et l&#039;Anime One Piece\",\"publisher\":{\"@id\":\"https:\\\/\\\/boutique-one-piece.com\\\/#organization\"},\"potentialAction\":[{\"@type\":\"SearchAction\",\"target\":{\"@type\":\"EntryPoint\",\"urlTemplate\":\"https:\\\/\\\/boutique-one-piece.com\\\/?s={search_term_string}\"},\"query-input\":{\"@type\":\"PropertyValueSpecification\",\"valueRequired\":true,\"valueName\":\"search_term_string\"}}],\"inLanguage\":\"en-US\"},{\"@type\":\"Organization\",\"@id\":\"https:\\\/\\\/boutique-one-piece.com\\\/#organization\",\"name\":\"Boutique One Piece\",\"url\":\"https:\\\/\\\/boutique-one-piece.com\\\/\",\"logo\":{\"@type\":\"ImageObject\",\"inLanguage\":\"en-US\",\"@id\":\"https:\\\/\\\/boutique-one-piece.com\\\/#\\\/schema\\\/logo\\\/image\\\/\",\"url\":\"https:\\\/\\\/boutique-one-piece.com\\\/wp-content\\\/uploads\\\/2022\\\/09\\\/Logo-01.png\",\"contentUrl\":\"https:\\\/\\\/boutique-one-piece.com\\\/wp-content\\\/uploads\\\/2022\\\/09\\\/Logo-01.png\",\"width\":2318,\"height\":957,\"caption\":\"Boutique One Piece\"},\"image\":{\"@id\":\"https:\\\/\\\/boutique-one-piece.com\\\/#\\\/schema\\\/logo\\\/image\\\/\"}}]}<\/script>\n<!-- \/ Yoast SEO plugin. -->","yoast_head_json":{"title":"Sabo Mera Mera No Mi Sweatshirt | One Piece Shop","description":"Black and Red Long Sleeve One Piece Hoodie featuring Sabo using the Mera Mera No Mi - Very High Quality: Share your Passion for Pirates!","robots":{"index":"index","follow":"follow","max-snippet":"max-snippet:-1","max-image-preview":"max-image-preview:large","max-video-preview":"max-video-preview:-1"},"canonical":"https:\/\/boutique-one-piece.com\/en\/one-piece-clothes\/one-piece-sweatshirts\/one-piece-sweatshirt-sabo-mera-mera-no-mi\/","og_locale":"en_US","og_type":"article","og_title":"Sweat Sabo Mera Mera No Mi | Boutique One Piece","og_description":"Sweat \u00e0 Capuche Noir et Rouge \u00e0 Manches Longues One Piece avec Sabo qui utilise le Mera Mera No Mi de Tr\u00e8s Haute Qualit\u00e9 : Partage ta Passion pour les Pirates !","og_url":"https:\/\/boutique-one-piece.com\/en\/one-piece-clothes\/one-piece-sweatshirts\/one-piece-sweatshirt-sabo-mera-mera-no-mi\/","og_site_name":"Boutique One Piece","article_modified_time":"2024-09-16T12:38:42+00:00","og_image":[{"width":600,"height":600,"url":"https:\/\/boutique-one-piece.com\/wp-content\/uploads\/2022\/09\/Sweat-One-Piece-Sabo-Mera-Mera-No-Mi.jpg","type":"image\/jpeg"}],"twitter_card":"summary_large_image","twitter_misc":{"Est. reading time":"2 minutes"},"schema":{"@context":"https:\/\/schema.org","@graph":[{"@type":"WebPage","@id":"https:\/\/boutique-one-piece.com\/vetements-one-piece\/sweats-one-piece\/sweat-one-piece-sabo-mera-mera-no-mi\/","url":"https:\/\/boutique-one-piece.com\/vetements-one-piece\/sweats-one-piece\/sweat-one-piece-sabo-mera-mera-no-mi\/","name":"Sabo Mera Mera No Mi Sweatshirt | One Piece Shop","isPartOf":{"@id":"https:\/\/boutique-one-piece.com\/#website"},"primaryImageOfPage":{"@id":"https:\/\/boutique-one-piece.com\/vetements-one-piece\/sweats-one-piece\/sweat-one-piece-sabo-mera-mera-no-mi\/#primaryimage"},"image":{"@id":"https:\/\/boutique-one-piece.com\/vetements-one-piece\/sweats-one-piece\/sweat-one-piece-sabo-mera-mera-no-mi\/#primaryimage"},"thumbnailUrl":"https:\/\/boutique-one-piece.com\/wp-content\/uploads\/2022\/09\/Sweat-One-Piece-Sabo-Mera-Mera-No-Mi.jpg","datePublished":"2022-09-27T20:43:07+00:00","dateModified":"2024-09-16T12:38:42+00:00","description":"Black and Red Long Sleeve One Piece Hoodie featuring Sabo using the Mera Mera No Mi - Very High Quality: Share your Passion for Pirates!","breadcrumb":{"@id":"https:\/\/boutique-one-piece.com\/vetements-one-piece\/sweats-one-piece\/sweat-one-piece-sabo-mera-mera-no-mi\/#breadcrumb"},"inLanguage":"en-US","potentialAction":[{"@type":"ReadAction","target":["https:\/\/boutique-one-piece.com\/vetements-one-piece\/sweats-one-piece\/sweat-one-piece-sabo-mera-mera-no-mi\/"]}]},{"@type":"ImageObject","inLanguage":"en-US","@id":"https:\/\/boutique-one-piece.com\/vetements-one-piece\/sweats-one-piece\/sweat-one-piece-sabo-mera-mera-no-mi\/#primaryimage","url":"https:\/\/boutique-one-piece.com\/wp-content\/uploads\/2022\/09\/Sweat-One-Piece-Sabo-Mera-Mera-No-Mi.jpg","contentUrl":"https:\/\/boutique-one-piece.com\/wp-content\/uploads\/2022\/09\/Sweat-One-Piece-Sabo-Mera-Mera-No-Mi.jpg","width":600,"height":600,"caption":"Sweat One Piece Sabo Mera Mera No Mi 4XL"},{"@type":"BreadcrumbList","@id":"https:\/\/boutique-one-piece.com\/vetements-one-piece\/sweats-one-piece\/sweat-one-piece-sabo-mera-mera-no-mi\/#breadcrumb","itemListElement":[{"@type":"ListItem","position":1,"name":"Home","item":"https:\/\/boutique-one-piece.com\/"},{"@type":"ListItem","position":2,"name":"Shop","item":"https:\/\/boutique-one-piece.com\/shop\/"},{"@type":"ListItem","position":3,"name":"Sweat One Piece Sabo Mera Mera No Mi"}]},{"@type":"WebSite","@id":"https:\/\/boutique-one-piece.com\/#website","url":"https:\/\/boutique-one-piece.com\/","name":"One Piece Shop","description":"Specialty store for One Piece Manga and Anime","publisher":{"@id":"https:\/\/boutique-one-piece.com\/#organization"},"potentialAction":[{"@type":"SearchAction","target":{"@type":"EntryPoint","urlTemplate":"https:\/\/boutique-one-piece.com\/?s={search_term_string}"},"query-input":{"@type":"PropertyValueSpecification","valueRequired":true,"valueName":"search_term_string"}}],"inLanguage":"en-US"},{"@type":"Organization","@id":"https:\/\/boutique-one-piece.com\/#organization","name":"One Piece Shop","url":"https:\/\/boutique-one-piece.com\/","logo":{"@type":"ImageObject","inLanguage":"en-US","@id":"https:\/\/boutique-one-piece.com\/#\/schema\/logo\/image\/","url":"https:\/\/boutique-one-piece.com\/wp-content\/uploads\/2022\/09\/Logo-01.png","contentUrl":"https:\/\/boutique-one-piece.com\/wp-content\/uploads\/2022\/09\/Logo-01.png","width":2318,"height":957,"caption":"Boutique One Piece"},"image":{"@id":"https:\/\/boutique-one-piece.com\/#\/schema\/logo\/image\/"}}]}},"_links":{"self":[{"href":"https:\/\/boutique-one-piece.com\/en\/wp-json\/wp\/v2\/product\/11742","targetHints":{"allow":["GET"]}}],"collection":[{"href":"https:\/\/boutique-one-piece.com\/en\/wp-json\/wp\/v2\/product"}],"about":[{"href":"https:\/\/boutique-one-piece.com\/en\/wp-json\/wp\/v2\/types\/product"}],"replies":[{"embeddable":true,"href":"https:\/\/boutique-one-piece.com\/en\/wp-json\/wp\/v2\/comments?post=11742"}],"wp:featuredmedia":[{"embeddable":true,"href":"https:\/\/boutique-one-piece.com\/en\/wp-json\/wp\/v2\/media\/11744"}],"wp:attachment":[{"href":"https:\/\/boutique-one-piece.com\/en\/wp-json\/wp\/v2\/media?parent=11742"}],"wp:term":[{"taxonomy":"product_brand","embeddable":true,"href":"https:\/\/boutique-one-piece.com\/en\/wp-json\/wp\/v2\/product_brand?post=11742"},{"taxonomy":"product_cat","embeddable":true,"href":"https:\/\/boutique-one-piece.com\/en\/wp-json\/wp\/v2\/product_cat?post=11742"},{"taxonomy":"product_tag","embeddable":true,"href":"https:\/\/boutique-one-piece.com\/en\/wp-json\/wp\/v2\/product_tag?post=11742"}],"curies":[{"name":"wp","href":"https:\/\/api.w.org\/{rel}","templated":true}]}}