{"id":11772,"date":"2022-09-27T20:43:17","date_gmt":"2022-09-27T20:43:17","guid":{"rendered":"https:\/\/boutique-one-piece.com\/uncategorized\/sweat-one-piece-roi-des-pirates\/"},"modified":"2024-11-25T10:34:51","modified_gmt":"2024-11-25T10:34:51","slug":"one-piece-sweatshirt-king-of-the-pirates","status":"publish","type":"product","link":"https:\/\/boutique-one-piece.com\/en\/one-piece-goodies\/goodies-monkey-d-luffy-one-piece\/one-piece-sweatshirt-king-of-the-pirates\/","title":{"rendered":"One Piece Pirate King Sweatshirt"},"content":{"rendered":"<h2>One Piece long-sleeved hoodie featuring the Pirate King and his Straw Hat! A quality hoodie for a pirate like you!<\/h2>\n<p>If you are a\u00a0<strong>real pirate<\/strong>, You will appreciate the\u00a0<strong>quality<\/strong>\u00a0fabric and\u00a0<strong>l\u2019impression 3D Canvas<\/strong>\u00a0of this<span>\u00a0<\/span><strong>One Piece sweatshirt<\/strong>\u00a0But most importantly, with this\u00a0<strong>printed sweatshirt<\/strong>\u00a0that&#039;s because you&#039;ll be part of\u00a0<strong>l\u2019\u00e9quipage\u00a0des fans<\/strong>\u00a0of\u00a0<strong>pirate manga<\/strong>\u00a0and you will obtain:<\/p>\n<ul>\n<li>\u00a0<strong>L\u2019admiration<\/strong>\u00a0of all the fans of\u00a0<strong>l\u2019univers<\/strong>\u00a0of the\u00a0<strong>license<\/strong>\u00a0of\u00a0<strong>manga<\/strong>\u00a0that you will encounter<\/li>\n<\/ul>\n<ul>\n<li>A real\u00a0<strong>hoodie<\/strong>\u00a0with which you can\u00a0<strong>share<\/strong>\u00a0your\u00a0<strong>passion<\/strong>\u00a0For\u00a0<strong>One Piece<\/strong>\n<\/li>\n<\/ul>\n<p>So, ready to wear the\u00a0<strong>colors\u00a0<\/strong>of<strong>\u00a0<\/strong>your<strong>\u00a0favorite manga<\/strong>\u00a0?<\/p>\n<h2>Es-tu un fan du manga ou de l\u2019anim\u00e9 One Piece ? Montre le avec ce Sweat One Piece !<\/h2>\n<p>If you\u00a0<strong>read<\/strong>\u00a0or wherever you look\u00a0\u00a0<strong>l\u2019anim\u00e9\u00a0japonais<\/strong>, There&#039;s a good chance you&#039;ve become\u00a0<strong>crazy about One Piece<\/strong>\u00a0With this!\u00a0<strong>One Piece Pirate King Sweatshirt<\/strong>, rejoins\u00a0l\u2019<strong>crew of fans of the franchise<\/strong><\/p>\n<p>This\u00a0<strong>Sweatshirt\u00a0<\/strong>\u00a0is available in <strong>Black<\/strong>, <strong>White<\/strong>, <strong>Gray<\/strong>, <strong>Pink<\/strong> And <strong>Red<\/strong> and in sizes\u00a0<strong>XXS<\/strong>,\u00a0<strong>XS<\/strong>,\u00a0<strong>S<\/strong>,<strong>\u00a0M<\/strong>,<strong>\u00a0L<\/strong>,\u00a0<strong>XL<\/strong>,\u00a0<strong>XXL<\/strong>,\u00a0<strong>3XL<\/strong>,\u00a0<strong>4XL<\/strong>\u00a0It will suit all categories of pirates.,\u00a0<strong>man<\/strong>\u00a0Or\u00a0<strong>women<\/strong>, m\u00eame si tu n\u2019as pas\u00a0<strong>d\u2019\u00e9p\u00e9e<\/strong>\u00a0or\u00a0<strong>devil fruit<\/strong>\u00a0You can still wear it proudly.<\/p>\n<h2>Sweatshirt Information:\u00a0<\/h2>\n<ul>\n<li>\n<strong>Premium Quality One Piece Sweatshirt\u00a0<\/strong>: has a<span>\u00a0<\/span><strong>high grammage<\/strong><span>\u00a0<\/span>with quality materials<\/li>\n<\/ul>\n<ul>\n<li>\n<strong>Great flexibility\u00a0<\/strong>: thanks to its composition, it does not<span>\u00a0<\/span><strong>crumpled<\/strong><span>\u00a0<\/span>not<\/li>\n<\/ul>\n<ul>\n<li>\n<strong>Very comfortable\u00a0<\/strong>: with<span>\u00a0<\/span>his<span>\u00a0<\/span><strong>fibers<\/strong><span>\u00a0<\/span>of<span>\u00a0<\/span><strong>cotton<\/strong><span>\u00a0<\/span>great<span>\u00a0<\/span><strong>soft<\/strong>, il n\u2019y a pas\u00a0de<span>\u00a0<\/span><strong>friction<\/strong>\n<\/li>\n<\/ul>\n<ul>\n<li>3D digital printing, original design<\/li>\n<\/ul>\n<ul>\n<li>\n<strong>Organic cotton\u00a0<\/strong>cotton<span>\u00a0<\/span><strong>high quality<\/strong>\u00a0with<span>\u00a0<\/span><strong>fibers<\/strong><span>\u00a0<\/span>extra<span>\u00a0<\/span><strong>long<\/strong>\n<\/li>\n<\/ul>\n<ul>\n<li>\n<strong>Free Delivery\u00a0<\/strong>for any purchase<strong>\u00a0<\/strong>\n<\/li>\n<\/ul>\n<p><strong>N\u2019oubliez pas de jeter\u00a0un oeil au guide des tailles ci-dessous.<\/strong><\/p>\n<h2><img decoding=\"async\" src=\"https:\/\/cdn.shopify.com\/s\/files\/1\/0087\/7556\/5348\/files\/boutque_one_piece_tableau__taille_sweat_large.jpg?v=1559846386\" alt=\"One Piece sweatshirt size guide chart\"><\/h2>\n<h3>Washing Instructions:<\/h3>\n<ul>\n<li>Machine wash at 30\u00b0C, delicate cycle<\/li>\n<\/ul>\n<ul>\n<li>Iron on the reverse side<\/li>\n<\/ul>\n<p>For<span>\u00a0<\/span><strong>preserve the quality<\/strong><span>\u00a0<\/span>of this<span>\u00a0<strong>sweatshirt<\/strong><\/span><strong>\u00a0One Piece<\/strong>, we recommend that you<span>\u00a0<\/span><strong>respect<\/strong><span>\u00a0<\/span>THE<span>\u00a0<\/span><strong>washing instructions<\/strong>.<\/p>","protected":false},"excerpt":{"rendered":"<p>Sweat\u00a0\u00e0 Capuche \u00e0 Manches Longues One Piece avec King of Pirate et le Chapeau de Paille\u00a0\u00a0!\u00a0Un\u00a0Sweat\u00a0de Qualit\u00e9 pour un Pirate Comme Toi\u00a0! Si tu es un\u00a0v\u00e9ritable pirate, tu sauras appr\u00e9cier la\u00a0qualit\u00e9\u00a0du tissu et de\u00a0l\u2019impression 3D Canvas\u00a0de ce\u00a0sweat\u00a0One Piece\u00a0!\u00a0Mais le plus important, avec ce\u00a0sweat\u00a0imprim\u00e9\u00a0c\u0092est que tu\u00a0feras partie de\u00a0l\u2019\u00e9quipage\u00a0des fans\u00a0du\u00a0manga de pirates\u00a0et tu obtiendras\u00a0: \u00a0L\u2019admiration\u00a0de tous les [&hellip;]<\/p>","protected":false},"featured_media":20069,"comment_status":"open","ping_status":"open","template":"","meta":[],"product_brand":[],"product_cat":[80,149,54],"product_tag":[182,92],"class_list":{"0":"post-11772","1":"product","2":"type-product","3":"status-publish","4":"has-post-thumbnail","6":"product_cat-goodies-monkey-d-luffy-one-piece","7":"product_cat-sweats-one-piece","8":"product_cat-vetements-one-piece","9":"product_tag-logo","10":"product_tag-luffy","12":"first","13":"instock","14":"purchasable","15":"product-type-variable"},"yoast_head":"<!-- This site is optimized with the Yoast SEO plugin v27.5 - https:\/\/yoast.com\/product\/yoast-seo-wordpress\/ -->\n<title>Sweat One Piece Roi des Pirates | Boutique One Piece<\/title>\n<meta name=\"description\" content=\"Sweat \u00e0 Capuche One Piece King of Pirate avec le Chapeau de Paille en Noir, Blanc, Gris, Rose et Rouge de Haute Qualit\u00e9 Porte les couleurs de ton Mange pr\u00e9f\u00e9r\u00e9\" \/>\n<meta name=\"robots\" content=\"index, follow, max-snippet:-1, max-image-preview:large, max-video-preview:-1\" \/>\n<link rel=\"canonical\" href=\"https:\/\/boutique-one-piece.com\/en\/one-piece-clothes\/one-piece-sweatshirts\/one-piece-sweatshirt-king-of-the-pirates\/\" \/>\n<meta property=\"og:locale\" content=\"en_US\" \/>\n<meta property=\"og:type\" content=\"article\" \/>\n<meta property=\"og:title\" content=\"Sweat One Piece Roi des Pirates | Boutique One Piece\" \/>\n<meta property=\"og:description\" content=\"Sweat \u00e0 Capuche One Piece King of Pirate avec le Chapeau de Paille en Noir, Blanc, Gris, Rose et Rouge de Haute Qualit\u00e9 Porte les couleurs de ton Mange pr\u00e9f\u00e9r\u00e9\" \/>\n<meta property=\"og:url\" content=\"https:\/\/boutique-one-piece.com\/en\/one-piece-clothes\/one-piece-sweatshirts\/one-piece-sweatshirt-king-of-the-pirates\/\" \/>\n<meta property=\"og:site_name\" content=\"Boutique One Piece\" \/>\n<meta property=\"article:modified_time\" content=\"2024-11-25T10:34:51+00:00\" \/>\n<meta property=\"og:image\" content=\"https:\/\/boutique-one-piece.com\/wp-content\/uploads\/2022\/09\/THE-PIRATE-KING-Hoodies-For-Man-2019-Autumn-Winter-Fleece-Sweatshirts-Japanese-Anime-Men-s-Hoodie.jpg\" \/>\n\t<meta property=\"og:image:width\" content=\"800\" \/>\n\t<meta property=\"og:image:height\" content=\"800\" \/>\n\t<meta property=\"og:image:type\" content=\"image\/jpeg\" \/>\n<meta name=\"twitter:card\" content=\"summary_large_image\" \/>\n<meta name=\"twitter:label1\" content=\"Est. reading time\" \/>\n\t<meta name=\"twitter:data1\" content=\"3 minutes\" \/>\n<script type=\"application\/ld+json\" class=\"yoast-schema-graph\">{\"@context\":\"https:\\\/\\\/schema.org\",\"@graph\":[{\"@type\":\"WebPage\",\"@id\":\"https:\\\/\\\/boutique-one-piece.com\\\/vetements-one-piece\\\/sweats-one-piece\\\/sweat-one-piece-roi-des-pirates\\\/\",\"url\":\"https:\\\/\\\/boutique-one-piece.com\\\/vetements-one-piece\\\/sweats-one-piece\\\/sweat-one-piece-roi-des-pirates\\\/\",\"name\":\"Sweat One Piece Roi des Pirates | Boutique One Piece\",\"isPartOf\":{\"@id\":\"https:\\\/\\\/boutique-one-piece.com\\\/#website\"},\"primaryImageOfPage\":{\"@id\":\"https:\\\/\\\/boutique-one-piece.com\\\/vetements-one-piece\\\/sweats-one-piece\\\/sweat-one-piece-roi-des-pirates\\\/#primaryimage\"},\"image\":{\"@id\":\"https:\\\/\\\/boutique-one-piece.com\\\/vetements-one-piece\\\/sweats-one-piece\\\/sweat-one-piece-roi-des-pirates\\\/#primaryimage\"},\"thumbnailUrl\":\"https:\\\/\\\/boutique-one-piece.com\\\/wp-content\\\/uploads\\\/2022\\\/09\\\/THE-PIRATE-KING-Hoodies-For-Man-2019-Autumn-Winter-Fleece-Sweatshirts-Japanese-Anime-Men-s-Hoodie.jpg\",\"datePublished\":\"2022-09-27T20:43:17+00:00\",\"dateModified\":\"2024-11-25T10:34:51+00:00\",\"description\":\"Sweat \u00e0 Capuche One Piece King of Pirate avec le Chapeau de Paille en Noir, Blanc, Gris, Rose et Rouge de Haute Qualit\u00e9 Porte les couleurs de ton Mange pr\u00e9f\u00e9r\u00e9\",\"breadcrumb\":{\"@id\":\"https:\\\/\\\/boutique-one-piece.com\\\/vetements-one-piece\\\/sweats-one-piece\\\/sweat-one-piece-roi-des-pirates\\\/#breadcrumb\"},\"inLanguage\":\"en-US\",\"potentialAction\":[{\"@type\":\"ReadAction\",\"target\":[\"https:\\\/\\\/boutique-one-piece.com\\\/vetements-one-piece\\\/sweats-one-piece\\\/sweat-one-piece-roi-des-pirates\\\/\"]}]},{\"@type\":\"ImageObject\",\"inLanguage\":\"en-US\",\"@id\":\"https:\\\/\\\/boutique-one-piece.com\\\/vetements-one-piece\\\/sweats-one-piece\\\/sweat-one-piece-roi-des-pirates\\\/#primaryimage\",\"url\":\"https:\\\/\\\/boutique-one-piece.com\\\/wp-content\\\/uploads\\\/2022\\\/09\\\/THE-PIRATE-KING-Hoodies-For-Man-2019-Autumn-Winter-Fleece-Sweatshirts-Japanese-Anime-Men-s-Hoodie.jpg\",\"contentUrl\":\"https:\\\/\\\/boutique-one-piece.com\\\/wp-content\\\/uploads\\\/2022\\\/09\\\/THE-PIRATE-KING-Hoodies-For-Man-2019-Autumn-Winter-Fleece-Sweatshirts-Japanese-Anime-Men-s-Hoodie.jpg\",\"width\":800,\"height\":800},{\"@type\":\"BreadcrumbList\",\"@id\":\"https:\\\/\\\/boutique-one-piece.com\\\/vetements-one-piece\\\/sweats-one-piece\\\/sweat-one-piece-roi-des-pirates\\\/#breadcrumb\",\"itemListElement\":[{\"@type\":\"ListItem\",\"position\":1,\"name\":\"Home\",\"item\":\"https:\\\/\\\/boutique-one-piece.com\\\/\"},{\"@type\":\"ListItem\",\"position\":2,\"name\":\"Shop\",\"item\":\"https:\\\/\\\/boutique-one-piece.com\\\/shop\\\/\"},{\"@type\":\"ListItem\",\"position\":3,\"name\":\"Sweat One Piece Roi des Pirates\"}]},{\"@type\":\"WebSite\",\"@id\":\"https:\\\/\\\/boutique-one-piece.com\\\/#website\",\"url\":\"https:\\\/\\\/boutique-one-piece.com\\\/\",\"name\":\"Boutique One Piece\",\"description\":\"Magasin Sp\u00e9cialis\u00e9 du Manga et l&#039;Anime One Piece\",\"publisher\":{\"@id\":\"https:\\\/\\\/boutique-one-piece.com\\\/#organization\"},\"potentialAction\":[{\"@type\":\"SearchAction\",\"target\":{\"@type\":\"EntryPoint\",\"urlTemplate\":\"https:\\\/\\\/boutique-one-piece.com\\\/?s={search_term_string}\"},\"query-input\":{\"@type\":\"PropertyValueSpecification\",\"valueRequired\":true,\"valueName\":\"search_term_string\"}}],\"inLanguage\":\"en-US\"},{\"@type\":\"Organization\",\"@id\":\"https:\\\/\\\/boutique-one-piece.com\\\/#organization\",\"name\":\"Boutique One Piece\",\"url\":\"https:\\\/\\\/boutique-one-piece.com\\\/\",\"logo\":{\"@type\":\"ImageObject\",\"inLanguage\":\"en-US\",\"@id\":\"https:\\\/\\\/boutique-one-piece.com\\\/#\\\/schema\\\/logo\\\/image\\\/\",\"url\":\"https:\\\/\\\/boutique-one-piece.com\\\/wp-content\\\/uploads\\\/2022\\\/09\\\/Logo-01.png\",\"contentUrl\":\"https:\\\/\\\/boutique-one-piece.com\\\/wp-content\\\/uploads\\\/2022\\\/09\\\/Logo-01.png\",\"width\":2318,\"height\":957,\"caption\":\"Boutique One Piece\"},\"image\":{\"@id\":\"https:\\\/\\\/boutique-one-piece.com\\\/#\\\/schema\\\/logo\\\/image\\\/\"}}]}<\/script>\n<!-- \/ Yoast SEO plugin. -->","yoast_head_json":{"title":"One Piece Pirate King Sweatshirt | One Piece Shop","description":"One Piece King of Pirate Hoodie with Straw Hat in Black, White, Gray, Pink and Red. High Quality. Wear the colors of your favorite manga!","robots":{"index":"index","follow":"follow","max-snippet":"max-snippet:-1","max-image-preview":"max-image-preview:large","max-video-preview":"max-video-preview:-1"},"canonical":"https:\/\/boutique-one-piece.com\/en\/one-piece-clothes\/one-piece-sweatshirts\/one-piece-sweatshirt-king-of-the-pirates\/","og_locale":"en_US","og_type":"article","og_title":"Sweat One Piece Roi des Pirates | Boutique One Piece","og_description":"Sweat \u00e0 Capuche One Piece King of Pirate avec le Chapeau de Paille en Noir, Blanc, Gris, Rose et Rouge de Haute Qualit\u00e9 Porte les couleurs de ton Mange pr\u00e9f\u00e9r\u00e9","og_url":"https:\/\/boutique-one-piece.com\/en\/one-piece-clothes\/one-piece-sweatshirts\/one-piece-sweatshirt-king-of-the-pirates\/","og_site_name":"Boutique One Piece","article_modified_time":"2024-11-25T10:34:51+00:00","og_image":[{"width":800,"height":800,"url":"https:\/\/boutique-one-piece.com\/wp-content\/uploads\/2022\/09\/THE-PIRATE-KING-Hoodies-For-Man-2019-Autumn-Winter-Fleece-Sweatshirts-Japanese-Anime-Men-s-Hoodie.jpg","type":"image\/jpeg"}],"twitter_card":"summary_large_image","twitter_misc":{"Est. reading time":"3 minutes"},"schema":{"@context":"https:\/\/schema.org","@graph":[{"@type":"WebPage","@id":"https:\/\/boutique-one-piece.com\/vetements-one-piece\/sweats-one-piece\/sweat-one-piece-roi-des-pirates\/","url":"https:\/\/boutique-one-piece.com\/vetements-one-piece\/sweats-one-piece\/sweat-one-piece-roi-des-pirates\/","name":"One Piece Pirate King Sweatshirt | One Piece Shop","isPartOf":{"@id":"https:\/\/boutique-one-piece.com\/#website"},"primaryImageOfPage":{"@id":"https:\/\/boutique-one-piece.com\/vetements-one-piece\/sweats-one-piece\/sweat-one-piece-roi-des-pirates\/#primaryimage"},"image":{"@id":"https:\/\/boutique-one-piece.com\/vetements-one-piece\/sweats-one-piece\/sweat-one-piece-roi-des-pirates\/#primaryimage"},"thumbnailUrl":"https:\/\/boutique-one-piece.com\/wp-content\/uploads\/2022\/09\/THE-PIRATE-KING-Hoodies-For-Man-2019-Autumn-Winter-Fleece-Sweatshirts-Japanese-Anime-Men-s-Hoodie.jpg","datePublished":"2022-09-27T20:43:17+00:00","dateModified":"2024-11-25T10:34:51+00:00","description":"One Piece King of Pirate Hoodie with Straw Hat in Black, White, Gray, Pink and Red. High Quality. Wear the colors of your favorite manga!","breadcrumb":{"@id":"https:\/\/boutique-one-piece.com\/vetements-one-piece\/sweats-one-piece\/sweat-one-piece-roi-des-pirates\/#breadcrumb"},"inLanguage":"en-US","potentialAction":[{"@type":"ReadAction","target":["https:\/\/boutique-one-piece.com\/vetements-one-piece\/sweats-one-piece\/sweat-one-piece-roi-des-pirates\/"]}]},{"@type":"ImageObject","inLanguage":"en-US","@id":"https:\/\/boutique-one-piece.com\/vetements-one-piece\/sweats-one-piece\/sweat-one-piece-roi-des-pirates\/#primaryimage","url":"https:\/\/boutique-one-piece.com\/wp-content\/uploads\/2022\/09\/THE-PIRATE-KING-Hoodies-For-Man-2019-Autumn-Winter-Fleece-Sweatshirts-Japanese-Anime-Men-s-Hoodie.jpg","contentUrl":"https:\/\/boutique-one-piece.com\/wp-content\/uploads\/2022\/09\/THE-PIRATE-KING-Hoodies-For-Man-2019-Autumn-Winter-Fleece-Sweatshirts-Japanese-Anime-Men-s-Hoodie.jpg","width":800,"height":800},{"@type":"BreadcrumbList","@id":"https:\/\/boutique-one-piece.com\/vetements-one-piece\/sweats-one-piece\/sweat-one-piece-roi-des-pirates\/#breadcrumb","itemListElement":[{"@type":"ListItem","position":1,"name":"Home","item":"https:\/\/boutique-one-piece.com\/"},{"@type":"ListItem","position":2,"name":"Shop","item":"https:\/\/boutique-one-piece.com\/shop\/"},{"@type":"ListItem","position":3,"name":"Sweat One Piece Roi des Pirates"}]},{"@type":"WebSite","@id":"https:\/\/boutique-one-piece.com\/#website","url":"https:\/\/boutique-one-piece.com\/","name":"One Piece Shop","description":"Specialty store for One Piece Manga and Anime","publisher":{"@id":"https:\/\/boutique-one-piece.com\/#organization"},"potentialAction":[{"@type":"SearchAction","target":{"@type":"EntryPoint","urlTemplate":"https:\/\/boutique-one-piece.com\/?s={search_term_string}"},"query-input":{"@type":"PropertyValueSpecification","valueRequired":true,"valueName":"search_term_string"}}],"inLanguage":"en-US"},{"@type":"Organization","@id":"https:\/\/boutique-one-piece.com\/#organization","name":"One Piece Shop","url":"https:\/\/boutique-one-piece.com\/","logo":{"@type":"ImageObject","inLanguage":"en-US","@id":"https:\/\/boutique-one-piece.com\/#\/schema\/logo\/image\/","url":"https:\/\/boutique-one-piece.com\/wp-content\/uploads\/2022\/09\/Logo-01.png","contentUrl":"https:\/\/boutique-one-piece.com\/wp-content\/uploads\/2022\/09\/Logo-01.png","width":2318,"height":957,"caption":"Boutique One Piece"},"image":{"@id":"https:\/\/boutique-one-piece.com\/#\/schema\/logo\/image\/"}}]}},"_links":{"self":[{"href":"https:\/\/boutique-one-piece.com\/en\/wp-json\/wp\/v2\/product\/11772","targetHints":{"allow":["GET"]}}],"collection":[{"href":"https:\/\/boutique-one-piece.com\/en\/wp-json\/wp\/v2\/product"}],"about":[{"href":"https:\/\/boutique-one-piece.com\/en\/wp-json\/wp\/v2\/types\/product"}],"replies":[{"embeddable":true,"href":"https:\/\/boutique-one-piece.com\/en\/wp-json\/wp\/v2\/comments?post=11772"}],"wp:featuredmedia":[{"embeddable":true,"href":"https:\/\/boutique-one-piece.com\/en\/wp-json\/wp\/v2\/media\/20069"}],"wp:attachment":[{"href":"https:\/\/boutique-one-piece.com\/en\/wp-json\/wp\/v2\/media?parent=11772"}],"wp:term":[{"taxonomy":"product_brand","embeddable":true,"href":"https:\/\/boutique-one-piece.com\/en\/wp-json\/wp\/v2\/product_brand?post=11772"},{"taxonomy":"product_cat","embeddable":true,"href":"https:\/\/boutique-one-piece.com\/en\/wp-json\/wp\/v2\/product_cat?post=11772"},{"taxonomy":"product_tag","embeddable":true,"href":"https:\/\/boutique-one-piece.com\/en\/wp-json\/wp\/v2\/product_tag?post=11772"}],"curies":[{"name":"wp","href":"https:\/\/api.w.org\/{rel}","templated":true}]}}