{"id":12135,"date":"2022-09-27T20:53:44","date_gmt":"2022-09-27T20:53:44","guid":{"rendered":"https:\/\/boutique-one-piece.com\/uncategorized\/figurine-one-piece-lempereur-kaido-avec-son-kanabo\/"},"modified":"2024-09-16T12:48:08","modified_gmt":"2024-09-16T12:48:08","slug":"one-piece-figurine-of-emperor-kaido-with-his-kanabo","status":"publish","type":"product","link":"https:\/\/boutique-one-piece.com\/en\/one-piece-figurines\/one-piece-wano-kuni-figurines\/one-piece-figurine-of-emperor-kaido-with-his-kanabo\/","title":{"rendered":"One Piece figurine: Emperor Kaido with his Kanabo"},"content":{"rendered":"<h2>Jeune pirate, le moment est venu pour toi de te procurer cette Figurine One Piece L\u2019empereur Kaido avec son Kanabo.<\/h2>\n<p>Kaido nicknamed &quot;\u00ab\u00a0<strong>Kaido of the Hundred Beasts<\/strong>\u00ab\u00a0est le capitaine de l\u2019\u00e9quipage aux Cent B\u00eates. Il est \u00e9galement l\u2019un des<strong> four emperors<\/strong>. As a reminder, the Four Emperors are the four most notorious and powerful pirate captains in the world, but they are neither allies nor enemies of each other, preferring to remain autonomous in most circumstances.<\/p>\n<p>Quant \u00e0 son Kanabo, tu dois savoir qu\u2019il s\u2019agit d\u2019un gourdin, d\u2019une matraque ou d\u2019un pommeau pointu utilis\u00e9 dans le Japon f\u00e9odal comme arme par les samoura\u00efs et leurs vassaux. D\u2019ailleurs, si tu souhaites agrandir ta collection de figurines, la <a title=\"ONE PIECE FIGURE: EMPEROR SHANKS ON HIS THRONE\" href=\"https:\/\/boutique-one-piece.com\/en\/one-piece-figurine-of-emperor-shanks-on-his-throne\/\" target=\"_blank\" rel=\"noopener\">Emperor Shanks figurine on his throne<\/a>is within your reach.<\/p>\n<h3>Alors, conquis par la figurine de l\u2019empereur Kaido ? Si tel est le cas, n\u2019h\u00e9site plus et saute sur l\u2019occasion de vivre bien des aventures \u00e0 ses c\u00f4t\u00e9s.<\/h3>\n<p><strong>One Piece<\/strong> est le manga le plus vendu au monde. Sois fier de faire partie de l\u2019aventure et continue de revendiquer ta passion pour cet univers aux aventures plus palpitantes les unes que les autres. Ces objets mythiques te replongeront dans cette s\u00e9rie anim\u00e9e. Prends ton destin entre tes mains jeune pirate et embarque \u00e0 bord du <strong>Thousand Sunny<\/strong>, bien des aventures t\u2019y attendent !<\/p>\n<h2>Information sur Figurine L\u2019empereur Kaido avec son Kanabo\u00a0<\/h2>\n<ul>\n<li><span><b><u>One Piece figurine<\/u><\/b>\u00a0: Figurine\u00a0 premium de l\u2019univers One Piece pour les vrais pirates<\/span><\/li>\n<\/ul>\n<ul>\n<li>\n<b>Matter<\/b><span>\u00a0<\/span>PVC<\/li>\n<\/ul>\n<ul>\n<li><span><strong>Dimension<\/strong>\u00a0: 19 cm<\/span><\/li>\n<\/ul>\n<ul>\n<li><span><strong>FREE DELIVERY<\/strong><\/span><\/li>\n<\/ul>","protected":false},"excerpt":{"rendered":"<p>Jeune pirate, le moment est venu pour toi de te procurer cette Figurine One Piece L\u2019empereur Kaido avec son Kanabo. Kaido surnomm\u00e9 \u00ab\u00a0Kaido aux Cent B\u00eates\u00ab\u00a0est le capitaine de l\u2019\u00e9quipage aux Cent B\u00eates. Il est \u00e9galement l\u2019un des quatre empereurs. Pour rappel, les Quatre Empereurs sont les quatre capitaines pirate les plus notoires et les [&hellip;]<\/p>","protected":false},"featured_media":12137,"comment_status":"open","ping_status":"open","template":"","meta":[],"product_brand":[],"product_cat":[76,215],"product_tag":[216,217],"class_list":{"0":"post-12135","1":"product","2":"type-product","3":"status-publish","4":"has-post-thumbnail","6":"product_cat-figurines-one-piece","7":"product_cat-figurines-one-piece-wano-kuni","8":"product_tag-kaido","9":"product_tag-wano-kuni","11":"first","12":"instock","13":"purchasable","14":"product-type-simple"},"yoast_head":"<!-- This site is optimized with the Yoast SEO plugin v27.6 - https:\/\/yoast.com\/product\/yoast-seo-wordpress\/ -->\n<title>Figurine One Piece L&#039;empereur Kaido avec son Kanabo | Figurine One Piece \u2013 Boutique One Piece<\/title>\n<meta name=\"description\" content=\"Jeune pirate, le moment est venu pour toi de te procurer cette Figurine One Piece L&#039;empereur Kaido avec son Kanabo.Kaido surnomm\u00e9 &quot;Kaido aux Cent B\u00eates&quot;est le capitaine de l&#039;\u00e9quipage aux Cent B\u00eates. Il est \u00e9galement l&#039;un des quatre empereurs. Pour rappel, les Quatre Empereurs sont les quatre capitaines pirate les plus\" \/>\n<meta name=\"robots\" content=\"index, follow, max-snippet:-1, max-image-preview:large, max-video-preview:-1\" \/>\n<link rel=\"canonical\" href=\"https:\/\/boutique-one-piece.com\/en\/one-piece-figurines\/one-piece-wano-kuni-figurines\/one-piece-figurine-of-emperor-kaido-with-his-kanabo\/\" \/>\n<meta property=\"og:locale\" content=\"en_US\" \/>\n<meta property=\"og:type\" content=\"article\" \/>\n<meta property=\"og:title\" content=\"Figurine One Piece L&#039;empereur Kaido avec son Kanabo | Figurine One Piece \u2013 Boutique One Piece\" \/>\n<meta property=\"og:description\" content=\"Jeune pirate, le moment est venu pour toi de te procurer cette Figurine One Piece L&#039;empereur Kaido avec son Kanabo.Kaido surnomm\u00e9 &quot;Kaido aux Cent B\u00eates&quot;est le capitaine de l&#039;\u00e9quipage aux Cent B\u00eates. Il est \u00e9galement l&#039;un des quatre empereurs. Pour rappel, les Quatre Empereurs sont les quatre capitaines pirate les plus\" \/>\n<meta property=\"og:url\" content=\"https:\/\/boutique-one-piece.com\/en\/one-piece-figurines\/one-piece-wano-kuni-figurines\/one-piece-figurine-of-emperor-kaido-with-his-kanabo\/\" \/>\n<meta property=\"og:site_name\" content=\"Boutique One Piece\" \/>\n<meta property=\"article:modified_time\" content=\"2024-09-16T12:48:08+00:00\" \/>\n<meta property=\"og:image\" content=\"https:\/\/boutique-one-piece.com\/wp-content\/uploads\/2022\/09\/Figurine-One-Piece-Lempereur-Kaido-avec-son-Kanabo.jpg\" \/>\n\t<meta property=\"og:image:width\" content=\"640\" \/>\n\t<meta property=\"og:image:height\" content=\"640\" \/>\n\t<meta property=\"og:image:type\" content=\"image\/jpeg\" \/>\n<meta name=\"twitter:card\" content=\"summary_large_image\" \/>\n<meta name=\"twitter:label1\" content=\"Est. reading time\" \/>\n\t<meta name=\"twitter:data1\" content=\"1 minute\" \/>\n<script type=\"application\/ld+json\" class=\"yoast-schema-graph\">{\"@context\":\"https:\\\/\\\/schema.org\",\"@graph\":[{\"@type\":\"WebPage\",\"@id\":\"https:\\\/\\\/boutique-one-piece.com\\\/figurines-one-piece\\\/figurines-one-piece-wano-kuni\\\/figurine-one-piece-lempereur-kaido-avec-son-kanabo\\\/\",\"url\":\"https:\\\/\\\/boutique-one-piece.com\\\/figurines-one-piece\\\/figurines-one-piece-wano-kuni\\\/figurine-one-piece-lempereur-kaido-avec-son-kanabo\\\/\",\"name\":\"Figurine One Piece L'empereur Kaido avec son Kanabo | Figurine One Piece \u2013 Boutique One Piece\",\"isPartOf\":{\"@id\":\"https:\\\/\\\/boutique-one-piece.com\\\/#website\"},\"primaryImageOfPage\":{\"@id\":\"https:\\\/\\\/boutique-one-piece.com\\\/figurines-one-piece\\\/figurines-one-piece-wano-kuni\\\/figurine-one-piece-lempereur-kaido-avec-son-kanabo\\\/#primaryimage\"},\"image\":{\"@id\":\"https:\\\/\\\/boutique-one-piece.com\\\/figurines-one-piece\\\/figurines-one-piece-wano-kuni\\\/figurine-one-piece-lempereur-kaido-avec-son-kanabo\\\/#primaryimage\"},\"thumbnailUrl\":\"https:\\\/\\\/boutique-one-piece.com\\\/wp-content\\\/uploads\\\/2022\\\/09\\\/Figurine-One-Piece-Lempereur-Kaido-avec-son-Kanabo.jpg\",\"datePublished\":\"2022-09-27T20:53:44+00:00\",\"dateModified\":\"2024-09-16T12:48:08+00:00\",\"description\":\"Jeune pirate, le moment est venu pour toi de te procurer cette Figurine One Piece L'empereur Kaido avec son Kanabo.Kaido surnomm\u00e9 \\\"Kaido aux Cent B\u00eates\\\"est le capitaine de l'\u00e9quipage aux Cent B\u00eates. Il est \u00e9galement l'un des quatre empereurs. Pour rappel, les Quatre Empereurs sont les quatre capitaines pirate les plus\",\"breadcrumb\":{\"@id\":\"https:\\\/\\\/boutique-one-piece.com\\\/figurines-one-piece\\\/figurines-one-piece-wano-kuni\\\/figurine-one-piece-lempereur-kaido-avec-son-kanabo\\\/#breadcrumb\"},\"inLanguage\":\"en-US\",\"potentialAction\":[{\"@type\":\"ReadAction\",\"target\":[\"https:\\\/\\\/boutique-one-piece.com\\\/figurines-one-piece\\\/figurines-one-piece-wano-kuni\\\/figurine-one-piece-lempereur-kaido-avec-son-kanabo\\\/\"]}]},{\"@type\":\"ImageObject\",\"inLanguage\":\"en-US\",\"@id\":\"https:\\\/\\\/boutique-one-piece.com\\\/figurines-one-piece\\\/figurines-one-piece-wano-kuni\\\/figurine-one-piece-lempereur-kaido-avec-son-kanabo\\\/#primaryimage\",\"url\":\"https:\\\/\\\/boutique-one-piece.com\\\/wp-content\\\/uploads\\\/2022\\\/09\\\/Figurine-One-Piece-Lempereur-Kaido-avec-son-Kanabo.jpg\",\"contentUrl\":\"https:\\\/\\\/boutique-one-piece.com\\\/wp-content\\\/uploads\\\/2022\\\/09\\\/Figurine-One-Piece-Lempereur-Kaido-avec-son-Kanabo.jpg\",\"width\":640,\"height\":640,\"caption\":\"Figurine One Piece L'empereur Kaido avec son Kanabo Default Title\"},{\"@type\":\"BreadcrumbList\",\"@id\":\"https:\\\/\\\/boutique-one-piece.com\\\/figurines-one-piece\\\/figurines-one-piece-wano-kuni\\\/figurine-one-piece-lempereur-kaido-avec-son-kanabo\\\/#breadcrumb\",\"itemListElement\":[{\"@type\":\"ListItem\",\"position\":1,\"name\":\"Home\",\"item\":\"https:\\\/\\\/boutique-one-piece.com\\\/\"},{\"@type\":\"ListItem\",\"position\":2,\"name\":\"Shop\",\"item\":\"https:\\\/\\\/boutique-one-piece.com\\\/shop\\\/\"},{\"@type\":\"ListItem\",\"position\":3,\"name\":\"Figurine One Piece L&#8217;empereur Kaido avec son Kanabo\"}]},{\"@type\":\"WebSite\",\"@id\":\"https:\\\/\\\/boutique-one-piece.com\\\/#website\",\"url\":\"https:\\\/\\\/boutique-one-piece.com\\\/\",\"name\":\"Boutique One Piece\",\"description\":\"Magasin Sp\u00e9cialis\u00e9 du Manga et l&#039;Anime One Piece\",\"publisher\":{\"@id\":\"https:\\\/\\\/boutique-one-piece.com\\\/#organization\"},\"potentialAction\":[{\"@type\":\"SearchAction\",\"target\":{\"@type\":\"EntryPoint\",\"urlTemplate\":\"https:\\\/\\\/boutique-one-piece.com\\\/?s={search_term_string}\"},\"query-input\":{\"@type\":\"PropertyValueSpecification\",\"valueRequired\":true,\"valueName\":\"search_term_string\"}}],\"inLanguage\":\"en-US\"},{\"@type\":\"Organization\",\"@id\":\"https:\\\/\\\/boutique-one-piece.com\\\/#organization\",\"name\":\"Boutique One Piece\",\"url\":\"https:\\\/\\\/boutique-one-piece.com\\\/\",\"logo\":{\"@type\":\"ImageObject\",\"inLanguage\":\"en-US\",\"@id\":\"https:\\\/\\\/boutique-one-piece.com\\\/#\\\/schema\\\/logo\\\/image\\\/\",\"url\":\"https:\\\/\\\/boutique-one-piece.com\\\/wp-content\\\/uploads\\\/2022\\\/09\\\/Logo-01.png\",\"contentUrl\":\"https:\\\/\\\/boutique-one-piece.com\\\/wp-content\\\/uploads\\\/2022\\\/09\\\/Logo-01.png\",\"width\":2318,\"height\":957,\"caption\":\"Boutique One Piece\"},\"image\":{\"@id\":\"https:\\\/\\\/boutique-one-piece.com\\\/#\\\/schema\\\/logo\\\/image\\\/\"}}]}<\/script>\n<!-- \/ Yoast SEO plugin. -->","yoast_head_json":{"title":"One Piece Figure: Emperor Kaido with his Kanabo | One Piece Figure \u2013 One Piece Shop","description":"Young pirate, the time has come for you to get your hands on this One Piece Emperor Kaido figure with his Kanabo. Kaido, nicknamed &quot;Kaido of the Hundred Beasts,&quot; is the captain of the Beasts Pirates. He is also one of the Four Emperors. As a reminder, the Four Emperors are the four most powerful pirate captains.","robots":{"index":"index","follow":"follow","max-snippet":"max-snippet:-1","max-image-preview":"max-image-preview:large","max-video-preview":"max-video-preview:-1"},"canonical":"https:\/\/boutique-one-piece.com\/en\/one-piece-figurines\/one-piece-wano-kuni-figurines\/one-piece-figurine-of-emperor-kaido-with-his-kanabo\/","og_locale":"en_US","og_type":"article","og_title":"Figurine One Piece L'empereur Kaido avec son Kanabo | Figurine One Piece \u2013 Boutique One Piece","og_description":"Jeune pirate, le moment est venu pour toi de te procurer cette Figurine One Piece L'empereur Kaido avec son Kanabo.Kaido surnomm\u00e9 \"Kaido aux Cent B\u00eates\"est le capitaine de l'\u00e9quipage aux Cent B\u00eates. Il est \u00e9galement l'un des quatre empereurs. Pour rappel, les Quatre Empereurs sont les quatre capitaines pirate les plus","og_url":"https:\/\/boutique-one-piece.com\/en\/one-piece-figurines\/one-piece-wano-kuni-figurines\/one-piece-figurine-of-emperor-kaido-with-his-kanabo\/","og_site_name":"Boutique One Piece","article_modified_time":"2024-09-16T12:48:08+00:00","og_image":[{"width":640,"height":640,"url":"https:\/\/boutique-one-piece.com\/wp-content\/uploads\/2022\/09\/Figurine-One-Piece-Lempereur-Kaido-avec-son-Kanabo.jpg","type":"image\/jpeg"}],"twitter_card":"summary_large_image","twitter_misc":{"Est. reading time":"1 minute"},"schema":{"@context":"https:\/\/schema.org","@graph":[{"@type":"WebPage","@id":"https:\/\/boutique-one-piece.com\/figurines-one-piece\/figurines-one-piece-wano-kuni\/figurine-one-piece-lempereur-kaido-avec-son-kanabo\/","url":"https:\/\/boutique-one-piece.com\/figurines-one-piece\/figurines-one-piece-wano-kuni\/figurine-one-piece-lempereur-kaido-avec-son-kanabo\/","name":"One Piece Figure: Emperor Kaido with his Kanabo | One Piece Figure \u2013 One Piece Shop","isPartOf":{"@id":"https:\/\/boutique-one-piece.com\/#website"},"primaryImageOfPage":{"@id":"https:\/\/boutique-one-piece.com\/figurines-one-piece\/figurines-one-piece-wano-kuni\/figurine-one-piece-lempereur-kaido-avec-son-kanabo\/#primaryimage"},"image":{"@id":"https:\/\/boutique-one-piece.com\/figurines-one-piece\/figurines-one-piece-wano-kuni\/figurine-one-piece-lempereur-kaido-avec-son-kanabo\/#primaryimage"},"thumbnailUrl":"https:\/\/boutique-one-piece.com\/wp-content\/uploads\/2022\/09\/Figurine-One-Piece-Lempereur-Kaido-avec-son-Kanabo.jpg","datePublished":"2022-09-27T20:53:44+00:00","dateModified":"2024-09-16T12:48:08+00:00","description":"Young pirate, the time has come for you to get your hands on this One Piece Emperor Kaido figure with his Kanabo. Kaido, nicknamed &quot;Kaido of the Hundred Beasts,&quot; is the captain of the Beasts Pirates. He is also one of the Four Emperors. As a reminder, the Four Emperors are the four most powerful pirate captains.","breadcrumb":{"@id":"https:\/\/boutique-one-piece.com\/figurines-one-piece\/figurines-one-piece-wano-kuni\/figurine-one-piece-lempereur-kaido-avec-son-kanabo\/#breadcrumb"},"inLanguage":"en-US","potentialAction":[{"@type":"ReadAction","target":["https:\/\/boutique-one-piece.com\/figurines-one-piece\/figurines-one-piece-wano-kuni\/figurine-one-piece-lempereur-kaido-avec-son-kanabo\/"]}]},{"@type":"ImageObject","inLanguage":"en-US","@id":"https:\/\/boutique-one-piece.com\/figurines-one-piece\/figurines-one-piece-wano-kuni\/figurine-one-piece-lempereur-kaido-avec-son-kanabo\/#primaryimage","url":"https:\/\/boutique-one-piece.com\/wp-content\/uploads\/2022\/09\/Figurine-One-Piece-Lempereur-Kaido-avec-son-Kanabo.jpg","contentUrl":"https:\/\/boutique-one-piece.com\/wp-content\/uploads\/2022\/09\/Figurine-One-Piece-Lempereur-Kaido-avec-son-Kanabo.jpg","width":640,"height":640,"caption":"Figurine One Piece L'empereur Kaido avec son Kanabo Default Title"},{"@type":"BreadcrumbList","@id":"https:\/\/boutique-one-piece.com\/figurines-one-piece\/figurines-one-piece-wano-kuni\/figurine-one-piece-lempereur-kaido-avec-son-kanabo\/#breadcrumb","itemListElement":[{"@type":"ListItem","position":1,"name":"Home","item":"https:\/\/boutique-one-piece.com\/"},{"@type":"ListItem","position":2,"name":"Shop","item":"https:\/\/boutique-one-piece.com\/shop\/"},{"@type":"ListItem","position":3,"name":"Figurine One Piece L&#8217;empereur Kaido avec son Kanabo"}]},{"@type":"WebSite","@id":"https:\/\/boutique-one-piece.com\/#website","url":"https:\/\/boutique-one-piece.com\/","name":"One Piece Shop","description":"Specialty store for One Piece Manga and Anime","publisher":{"@id":"https:\/\/boutique-one-piece.com\/#organization"},"potentialAction":[{"@type":"SearchAction","target":{"@type":"EntryPoint","urlTemplate":"https:\/\/boutique-one-piece.com\/?s={search_term_string}"},"query-input":{"@type":"PropertyValueSpecification","valueRequired":true,"valueName":"search_term_string"}}],"inLanguage":"en-US"},{"@type":"Organization","@id":"https:\/\/boutique-one-piece.com\/#organization","name":"One Piece Shop","url":"https:\/\/boutique-one-piece.com\/","logo":{"@type":"ImageObject","inLanguage":"en-US","@id":"https:\/\/boutique-one-piece.com\/#\/schema\/logo\/image\/","url":"https:\/\/boutique-one-piece.com\/wp-content\/uploads\/2022\/09\/Logo-01.png","contentUrl":"https:\/\/boutique-one-piece.com\/wp-content\/uploads\/2022\/09\/Logo-01.png","width":2318,"height":957,"caption":"Boutique One Piece"},"image":{"@id":"https:\/\/boutique-one-piece.com\/#\/schema\/logo\/image\/"}}]}},"_links":{"self":[{"href":"https:\/\/boutique-one-piece.com\/en\/wp-json\/wp\/v2\/product\/12135","targetHints":{"allow":["GET"]}}],"collection":[{"href":"https:\/\/boutique-one-piece.com\/en\/wp-json\/wp\/v2\/product"}],"about":[{"href":"https:\/\/boutique-one-piece.com\/en\/wp-json\/wp\/v2\/types\/product"}],"replies":[{"embeddable":true,"href":"https:\/\/boutique-one-piece.com\/en\/wp-json\/wp\/v2\/comments?post=12135"}],"wp:featuredmedia":[{"embeddable":true,"href":"https:\/\/boutique-one-piece.com\/en\/wp-json\/wp\/v2\/media\/12137"}],"wp:attachment":[{"href":"https:\/\/boutique-one-piece.com\/en\/wp-json\/wp\/v2\/media?parent=12135"}],"wp:term":[{"taxonomy":"product_brand","embeddable":true,"href":"https:\/\/boutique-one-piece.com\/en\/wp-json\/wp\/v2\/product_brand?post=12135"},{"taxonomy":"product_cat","embeddable":true,"href":"https:\/\/boutique-one-piece.com\/en\/wp-json\/wp\/v2\/product_cat?post=12135"},{"taxonomy":"product_tag","embeddable":true,"href":"https:\/\/boutique-one-piece.com\/en\/wp-json\/wp\/v2\/product_tag?post=12135"}],"curies":[{"name":"wp","href":"https:\/\/api.w.org\/{rel}","templated":true}]}}