{"id":12503,"date":"2022-09-27T20:56:13","date_gmt":"2022-09-27T20:56:13","guid":{"rendered":"https:\/\/boutique-one-piece.com\/uncategorized\/tableau-one-piece-luffy\/"},"modified":"2024-09-18T02:21:20","modified_gmt":"2024-09-18T02:21:20","slug":"one-piece-luffy-painting","status":"publish","type":"product","link":"https:\/\/boutique-one-piece.com\/en\/one-piece-goodies\/goodies-monkey-d-luffy-one-piece\/one-piece-luffy-painting\/","title":{"rendered":"One Piece Luffy Painting"},"content":{"rendered":"<p><meta charset=\"utf-8\"><\/p>\n<h2>One Piece 5 Panel Canvas Print with Straw Hat Luffy - A quality canvas print for a pirate like you!<\/h2>\n<p>If you are a\u00a0<strong>real pirate<\/strong>, You will appreciate the\u00a0<strong>quality<\/strong>\u00a0canvas, paint, and a frame for their\u00a0<strong>designs\u00a0<\/strong>And\u00a0<strong>l\u2019impression 3D Canvas<\/strong>\u00a0of this\u00a0<strong>One Piece 5-panel painting<\/strong>\u00a0But most importantly, with this chart, you&#039;ll be part of\u00a0<strong>l\u2019\u00e9quipage\u00a0des fans<\/strong>\u00a0of\u00a0<strong>pirate manga<\/strong>\u00a0and you will obtain:<\/p>\n<ul>\n<li>\u00a0<strong>L\u2019admiration<\/strong>\u00a0of all the fans of\u00a0<strong>mugiwara<\/strong>\u00a0that you will invite to your home<\/li>\n<\/ul>\n<ul>\n<li>A real\u00a0<strong>5-piece printed chart<\/strong>\u00a0with which you can<strong>\u00a0t\u2019imaginer<\/strong>\u00a0<strong><\/strong>with<b>\u00a0Monkey D. Luffy<\/b>\n<\/li>\n<\/ul>\n<p>So, ready to show off the\u00a0<strong>colors <\/strong>of <strong>Mugiwara No Luffy<\/strong>\u00a0?<\/p>\n<h2>Es-tu un fan du manga ou de l\u2019anim\u00e9 One Piece ? Montre le avec ce Tableau 5 Pi\u00e8ces One Piece !<\/h2>\n<p>If you\u00a0<strong>read<\/strong>\u00a0or wherever you look\u00a0<strong>l\u2019anim\u00e9\u00a0<\/strong><strong>Japanese<\/strong>, There&#039;s a good chance you&#039;ve become\u00a0<strong>crazy about One Piece<\/strong>\u00a0With this!\u00a0<strong>Luffy 5-panel painting<\/strong>, rejoins\u00a0l\u2019<strong>crew of fans of the franchise<\/strong><\/p>\n<p>This\u00a0<strong>painting<\/strong>\u00a0is available with a\u00a0<strong>wooden frame<\/strong>\u00a0the variant &quot;\u00ab\u00a0<strong>With Frame<\/strong>\u00ab\u00a0, il est \u00e9galement possible d\u2019avoir uniquement la\u00a0<strong>cloth<\/strong>\u00a0with the variant &quot;\u00ab\u00a0<strong>Frameless<\/strong>\u00ab&quot;You will find the table in the sizes\u00a0<strong>Little<\/strong>,<strong>\u00a0AVERAGE<\/strong>,<strong>\u00a0Big<\/strong>,<strong>\u00a0XL<\/strong>, il conviendra \u00e0 toutes les\u00a0cat\u00e9gories\u00a0de pirates, m\u00eame si tu n\u2019as pas\u00a0<strong>d\u2019\u00e9p\u00e9e<\/strong>\u00a0or\u00a0<strong>devil fruit<\/strong>\u00a0tu peux quand m\u00eame l\u2019accrocher fi\u00e8rement chez toi<\/p>\n<p><meta charset=\"utf-8\"><\/p>\n<p><strong>Monkey D. Luffy<\/strong>, He is feared by the<span>\u00a0<\/span><strong>Marine<\/strong><span>\u00a0<\/span>after having<span>\u00a0<\/span><strong>burned the flag<\/strong><span>\u00a0<\/span>of<span>\u00a0<\/span><strong>World Government<\/strong><span>\u00a0<\/span>And<span>\u00a0<\/span><strong>defeated CP9<\/strong><span>\u00a0<\/span>\u00e0\u00a0<strong>Enies Lobby<\/strong><span>\u00a0<\/span>and to have<span>\u00a0<\/span><strong>struck<\/strong><span>\u00a0<\/span>A<span>\u00a0<\/span><strong>Celestial Dragon<\/strong><span>\u00a0<\/span>( Or<span>\u00a0<\/span><strong>Tenryuubito<\/strong><span>\u00a0<\/span>) on <strong>l\u2019archipel des<\/strong><span>\u00a0<\/span><strong>Sabaody<\/strong><\/p>\n<p>Information about the painting:<\/p>\n<ul>\n<li>\n<strong>High-quality printed canvas\u00a0<\/strong>: wall canvas made of <strong>cotton<\/strong> and <strong>linen<\/strong>, to obtain a <strong>cloth<\/strong> worthy of the name<\/li>\n<\/ul>\n<ul>\n<li>\n<strong>Ultra Design Painting<\/strong>\u00a0The five-part table provides a lot of <strong>style<\/strong> to a <strong>piece<\/strong>, les fans ne peuvent qu\u2019adorer<\/li>\n<\/ul>\n<ul style=\"font-weight: 400;\">\n<li>\n<strong>Color and Printing\u00a0<\/strong>One Piece painting with a print <strong>Canva<\/strong> la r\u00e9f\u00e9rence dans l\u2019impression de toiles<\/li>\n<\/ul>\n<ul style=\"font-weight: 400;\">\n<li>\n<strong>Lightweight Wall Art<\/strong>\u00a0: great setting <strong>light,<\/strong> il ne suffit que d\u2019un <strong>nail<\/strong> or of the <strong>fixed leg<\/strong> for the <strong>maintain<\/strong> At <strong>wall<\/strong>\n<\/li>\n<\/ul>\n<ul style=\"font-weight: 400;\">\n<li>\n<strong>Wooden Frame<\/strong>\u00a0: the variant &quot;\u00ab\u00a0<strong>With Frame<\/strong>\u00a0\u00bb est accompagn\u00e9e d\u2019un <strong>wooden frame<\/strong> and the version &quot;\u00ab\u00a0<strong>Frameless<\/strong>\u00a0\u00bb is delivered <strong>without the wooden frame<\/strong>\n<\/li>\n<\/ul>\n<ul style=\"font-weight: 400;\">\n<li>\n<strong>Free Delivery\u00a0<\/strong>for any purchase<strong>\u00a0<\/strong>\n<\/li>\n<\/ul>\n<h3>N\u2019oubliez pas de jeter\u00a0un oeil au guide des tailles ci-dessous.<\/h3>\n<h2>\n<strong style=\"font-size: 15px;\">One Piece 5 Piece Painting<\/strong><span style=\"font-size: 15px;\">,<\/span><strong style=\"font-size: 15px;\"> <\/strong><span style=\"font-size: 15px;\">Size<\/span><strong style=\"font-size: 15px;\"> <\/strong><span style=\"font-size: 15px;\">: <\/span><strong style=\"font-size: 15px;\">Little<\/strong><br \/>\n<\/h2>\n<p>\u00a0<img decoding=\"async\" src=\"https:\/\/cdn.shopify.com\/s\/files\/1\/0087\/7556\/5348\/files\/guide_taille_tableau_one_piece_petit_boutique_one_piece_large.jpg?v=1560247451\" alt=\"One Piece 5-Piece Size Guide (Small)\"><\/p>\n<p><strong>One Piece 5 Piece Painting<\/strong>, Size<strong> <\/strong>:<strong> AVERAGE<\/strong><\/p>\n<p>\u00a0<img decoding=\"async\" src=\"https:\/\/cdn.shopify.com\/s\/files\/1\/0087\/7556\/5348\/files\/guide_taille_tableau_one_piece_moyen_boutique_one_piece_large.jpg?v=1560247519\" alt=\"size guide chart one piece 5 pieces Medium\"><\/p>\n<p><strong>One Piece 5 Piece Painting<\/strong>, Size<strong> <\/strong>: <strong>Big<\/strong><\/p>\n<p>\u00a0<img decoding=\"async\" src=\"https:\/\/cdn.shopify.com\/s\/files\/1\/0087\/7556\/5348\/files\/guide_taille_tableau_one_piece_grand_boutique_one_piece_large.jpg?v=1560247582\" alt=\"One Piece 5-piece size chart (large)\"><\/p>\n<p><strong>One Piece 5 Piece Painting<\/strong>, Size: <strong>XL<\/strong><\/p>\n<p><img decoding=\"async\" src=\"https:\/\/cdn.shopify.com\/s\/files\/1\/0087\/7556\/5348\/files\/guide_taille_tableau_one_piece_xl_boutique_one_piece_large.jpg?v=1560247610\" alt=\"One Piece 5-piece XL size chart\"><\/p>","protected":false},"excerpt":{"rendered":"<p>Tableau One Piece 5 Panneaux avec Luffy au Chapeau de Paille Un Tableau de qualit\u00e9 pour un pirate comme\u00a0toi\u00a0! Si tu es un\u00a0v\u00e9ritable pirate, tu sauras appr\u00e9cier la\u00a0qualit\u00e9\u00a0de la toile, de la peinture et du cadre\u00a0pour leurs\u00a0conceptions\u00a0et\u00a0l\u2019impression 3D Canvas\u00a0de ce\u00a0tableau 5 panneaux\u00a0One Piece\u00a0!\u00a0Mais le plus important, avec ce\u00a0tableau\u00a0c\u0092est que tu\u00a0feras partie de\u00a0l\u2019\u00e9quipage\u00a0des fans\u00a0du\u00a0manga de pirates\u00a0et [&hellip;]<\/p>","protected":false},"featured_media":12505,"comment_status":"open","ping_status":"open","template":"","meta":[],"product_brand":[],"product_cat":[150,80,141],"product_tag":[92,142,143],"class_list":{"0":"post-12503","1":"product","2":"type-product","3":"status-publish","4":"has-post-thumbnail","6":"product_cat-decorations-one-piece","7":"product_cat-goodies-monkey-d-luffy-one-piece","8":"product_cat-tableaux-one-piece","9":"product_tag-luffy","10":"product_tag-tableau-5-pieces","11":"product_tag-toile","13":"first","14":"instock","15":"purchasable","16":"product-type-variable"},"yoast_head":"<!-- This site is optimized with the Yoast SEO plugin v27.5 - https:\/\/yoast.com\/product\/yoast-seo-wordpress\/ -->\n<title>Acheter Tableau Cinq Pi\u00e8eces Luffy | Boutique One Piece<\/title>\n<meta name=\"description\" content=\"Tableau 5 Pi\u00e8ces One Piece avec Luffy au Chapeau de Paille de Tr\u00e8s Haute Qualit\u00e9 Fan de l&#039;Univers des Pirates ce Tableau Imprim\u00e9 5 Panneaux est Fait Pour Vous !\" \/>\n<meta name=\"robots\" content=\"index, follow, max-snippet:-1, max-image-preview:large, max-video-preview:-1\" \/>\n<link rel=\"canonical\" href=\"https:\/\/boutique-one-piece.com\/en\/one-piece-decorations\/one-piece-luffy-painting\/\" \/>\n<meta property=\"og:locale\" content=\"en_US\" \/>\n<meta property=\"og:type\" content=\"article\" \/>\n<meta property=\"og:title\" content=\"Acheter Tableau Cinq Pi\u00e8eces Luffy | Boutique One Piece\" \/>\n<meta property=\"og:description\" content=\"Tableau 5 Pi\u00e8ces One Piece avec Luffy au Chapeau de Paille de Tr\u00e8s Haute Qualit\u00e9 Fan de l&#039;Univers des Pirates ce Tableau Imprim\u00e9 5 Panneaux est Fait Pour Vous !\" \/>\n<meta property=\"og:url\" content=\"https:\/\/boutique-one-piece.com\/en\/one-piece-decorations\/one-piece-luffy-painting\/\" \/>\n<meta property=\"og:site_name\" content=\"Boutique One Piece\" \/>\n<meta property=\"article:modified_time\" content=\"2024-09-18T02:21:20+00:00\" \/>\n<meta property=\"og:image\" content=\"https:\/\/boutique-one-piece.com\/wp-content\/uploads\/2022\/09\/Tableau-One-Piece-Luffy.jpg\" \/>\n\t<meta property=\"og:image:width\" content=\"600\" \/>\n\t<meta property=\"og:image:height\" content=\"600\" \/>\n\t<meta property=\"og:image:type\" content=\"image\/jpeg\" \/>\n<meta name=\"twitter:card\" content=\"summary_large_image\" \/>\n<meta name=\"twitter:label1\" content=\"Est. reading time\" \/>\n\t<meta name=\"twitter:data1\" content=\"2 minutes\" \/>\n<script type=\"application\/ld+json\" class=\"yoast-schema-graph\">{\"@context\":\"https:\\\/\\\/schema.org\",\"@graph\":[{\"@type\":\"WebPage\",\"@id\":\"https:\\\/\\\/boutique-one-piece.com\\\/decorations-one-piece\\\/tableau-one-piece-luffy\\\/\",\"url\":\"https:\\\/\\\/boutique-one-piece.com\\\/decorations-one-piece\\\/tableau-one-piece-luffy\\\/\",\"name\":\"Acheter Tableau Cinq Pi\u00e8eces Luffy | Boutique One Piece\",\"isPartOf\":{\"@id\":\"https:\\\/\\\/boutique-one-piece.com\\\/#website\"},\"primaryImageOfPage\":{\"@id\":\"https:\\\/\\\/boutique-one-piece.com\\\/decorations-one-piece\\\/tableau-one-piece-luffy\\\/#primaryimage\"},\"image\":{\"@id\":\"https:\\\/\\\/boutique-one-piece.com\\\/decorations-one-piece\\\/tableau-one-piece-luffy\\\/#primaryimage\"},\"thumbnailUrl\":\"https:\\\/\\\/boutique-one-piece.com\\\/wp-content\\\/uploads\\\/2022\\\/09\\\/Tableau-One-Piece-Luffy.jpg\",\"datePublished\":\"2022-09-27T20:56:13+00:00\",\"dateModified\":\"2024-09-18T02:21:20+00:00\",\"description\":\"Tableau 5 Pi\u00e8ces One Piece avec Luffy au Chapeau de Paille de Tr\u00e8s Haute Qualit\u00e9 Fan de l'Univers des Pirates ce Tableau Imprim\u00e9 5 Panneaux est Fait Pour Vous !\",\"breadcrumb\":{\"@id\":\"https:\\\/\\\/boutique-one-piece.com\\\/decorations-one-piece\\\/tableau-one-piece-luffy\\\/#breadcrumb\"},\"inLanguage\":\"en-US\",\"potentialAction\":[{\"@type\":\"ReadAction\",\"target\":[\"https:\\\/\\\/boutique-one-piece.com\\\/decorations-one-piece\\\/tableau-one-piece-luffy\\\/\"]}]},{\"@type\":\"ImageObject\",\"inLanguage\":\"en-US\",\"@id\":\"https:\\\/\\\/boutique-one-piece.com\\\/decorations-one-piece\\\/tableau-one-piece-luffy\\\/#primaryimage\",\"url\":\"https:\\\/\\\/boutique-one-piece.com\\\/wp-content\\\/uploads\\\/2022\\\/09\\\/Tableau-One-Piece-Luffy.jpg\",\"contentUrl\":\"https:\\\/\\\/boutique-one-piece.com\\\/wp-content\\\/uploads\\\/2022\\\/09\\\/Tableau-One-Piece-Luffy.jpg\",\"width\":600,\"height\":600,\"caption\":\"Tableau One Piece Luffy XL Avec Cadre\"},{\"@type\":\"BreadcrumbList\",\"@id\":\"https:\\\/\\\/boutique-one-piece.com\\\/decorations-one-piece\\\/tableau-one-piece-luffy\\\/#breadcrumb\",\"itemListElement\":[{\"@type\":\"ListItem\",\"position\":1,\"name\":\"Home\",\"item\":\"https:\\\/\\\/boutique-one-piece.com\\\/\"},{\"@type\":\"ListItem\",\"position\":2,\"name\":\"Shop\",\"item\":\"https:\\\/\\\/boutique-one-piece.com\\\/shop\\\/\"},{\"@type\":\"ListItem\",\"position\":3,\"name\":\"Tableau One Piece Luffy\"}]},{\"@type\":\"WebSite\",\"@id\":\"https:\\\/\\\/boutique-one-piece.com\\\/#website\",\"url\":\"https:\\\/\\\/boutique-one-piece.com\\\/\",\"name\":\"Boutique One Piece\",\"description\":\"Magasin Sp\u00e9cialis\u00e9 du Manga et l&#039;Anime One Piece\",\"publisher\":{\"@id\":\"https:\\\/\\\/boutique-one-piece.com\\\/#organization\"},\"potentialAction\":[{\"@type\":\"SearchAction\",\"target\":{\"@type\":\"EntryPoint\",\"urlTemplate\":\"https:\\\/\\\/boutique-one-piece.com\\\/?s={search_term_string}\"},\"query-input\":{\"@type\":\"PropertyValueSpecification\",\"valueRequired\":true,\"valueName\":\"search_term_string\"}}],\"inLanguage\":\"en-US\"},{\"@type\":\"Organization\",\"@id\":\"https:\\\/\\\/boutique-one-piece.com\\\/#organization\",\"name\":\"Boutique One Piece\",\"url\":\"https:\\\/\\\/boutique-one-piece.com\\\/\",\"logo\":{\"@type\":\"ImageObject\",\"inLanguage\":\"en-US\",\"@id\":\"https:\\\/\\\/boutique-one-piece.com\\\/#\\\/schema\\\/logo\\\/image\\\/\",\"url\":\"https:\\\/\\\/boutique-one-piece.com\\\/wp-content\\\/uploads\\\/2022\\\/09\\\/Logo-01.png\",\"contentUrl\":\"https:\\\/\\\/boutique-one-piece.com\\\/wp-content\\\/uploads\\\/2022\\\/09\\\/Logo-01.png\",\"width\":2318,\"height\":957,\"caption\":\"Boutique One Piece\"},\"image\":{\"@id\":\"https:\\\/\\\/boutique-one-piece.com\\\/#\\\/schema\\\/logo\\\/image\\\/\"}}]}<\/script>\n<!-- \/ Yoast SEO plugin. -->","yoast_head_json":{"title":"Buy Five Piece Luffy Canvas Print | One Piece Shop","description":"5-Piece One Piece Canvas Print with Straw Hat Luffy - Very High Quality - Fan of the Pirate Universe, this 5-Panel Printed Canvas Print is Made for You!","robots":{"index":"index","follow":"follow","max-snippet":"max-snippet:-1","max-image-preview":"max-image-preview:large","max-video-preview":"max-video-preview:-1"},"canonical":"https:\/\/boutique-one-piece.com\/en\/one-piece-decorations\/one-piece-luffy-painting\/","og_locale":"en_US","og_type":"article","og_title":"Acheter Tableau Cinq Pi\u00e8eces Luffy | Boutique One Piece","og_description":"Tableau 5 Pi\u00e8ces One Piece avec Luffy au Chapeau de Paille de Tr\u00e8s Haute Qualit\u00e9 Fan de l'Univers des Pirates ce Tableau Imprim\u00e9 5 Panneaux est Fait Pour Vous !","og_url":"https:\/\/boutique-one-piece.com\/en\/one-piece-decorations\/one-piece-luffy-painting\/","og_site_name":"Boutique One Piece","article_modified_time":"2024-09-18T02:21:20+00:00","og_image":[{"width":600,"height":600,"url":"https:\/\/boutique-one-piece.com\/wp-content\/uploads\/2022\/09\/Tableau-One-Piece-Luffy.jpg","type":"image\/jpeg"}],"twitter_card":"summary_large_image","twitter_misc":{"Est. reading time":"2 minutes"},"schema":{"@context":"https:\/\/schema.org","@graph":[{"@type":"WebPage","@id":"https:\/\/boutique-one-piece.com\/decorations-one-piece\/tableau-one-piece-luffy\/","url":"https:\/\/boutique-one-piece.com\/decorations-one-piece\/tableau-one-piece-luffy\/","name":"Buy Five Piece Luffy Canvas Print | One Piece Shop","isPartOf":{"@id":"https:\/\/boutique-one-piece.com\/#website"},"primaryImageOfPage":{"@id":"https:\/\/boutique-one-piece.com\/decorations-one-piece\/tableau-one-piece-luffy\/#primaryimage"},"image":{"@id":"https:\/\/boutique-one-piece.com\/decorations-one-piece\/tableau-one-piece-luffy\/#primaryimage"},"thumbnailUrl":"https:\/\/boutique-one-piece.com\/wp-content\/uploads\/2022\/09\/Tableau-One-Piece-Luffy.jpg","datePublished":"2022-09-27T20:56:13+00:00","dateModified":"2024-09-18T02:21:20+00:00","description":"5-Piece One Piece Canvas Print with Straw Hat Luffy - Very High Quality - Fan of the Pirate Universe, this 5-Panel Printed Canvas Print is Made for You!","breadcrumb":{"@id":"https:\/\/boutique-one-piece.com\/decorations-one-piece\/tableau-one-piece-luffy\/#breadcrumb"},"inLanguage":"en-US","potentialAction":[{"@type":"ReadAction","target":["https:\/\/boutique-one-piece.com\/decorations-one-piece\/tableau-one-piece-luffy\/"]}]},{"@type":"ImageObject","inLanguage":"en-US","@id":"https:\/\/boutique-one-piece.com\/decorations-one-piece\/tableau-one-piece-luffy\/#primaryimage","url":"https:\/\/boutique-one-piece.com\/wp-content\/uploads\/2022\/09\/Tableau-One-Piece-Luffy.jpg","contentUrl":"https:\/\/boutique-one-piece.com\/wp-content\/uploads\/2022\/09\/Tableau-One-Piece-Luffy.jpg","width":600,"height":600,"caption":"Tableau One Piece Luffy XL Avec Cadre"},{"@type":"BreadcrumbList","@id":"https:\/\/boutique-one-piece.com\/decorations-one-piece\/tableau-one-piece-luffy\/#breadcrumb","itemListElement":[{"@type":"ListItem","position":1,"name":"Home","item":"https:\/\/boutique-one-piece.com\/"},{"@type":"ListItem","position":2,"name":"Shop","item":"https:\/\/boutique-one-piece.com\/shop\/"},{"@type":"ListItem","position":3,"name":"Tableau One Piece Luffy"}]},{"@type":"WebSite","@id":"https:\/\/boutique-one-piece.com\/#website","url":"https:\/\/boutique-one-piece.com\/","name":"One Piece Shop","description":"Specialty store for One Piece Manga and Anime","publisher":{"@id":"https:\/\/boutique-one-piece.com\/#organization"},"potentialAction":[{"@type":"SearchAction","target":{"@type":"EntryPoint","urlTemplate":"https:\/\/boutique-one-piece.com\/?s={search_term_string}"},"query-input":{"@type":"PropertyValueSpecification","valueRequired":true,"valueName":"search_term_string"}}],"inLanguage":"en-US"},{"@type":"Organization","@id":"https:\/\/boutique-one-piece.com\/#organization","name":"One Piece Shop","url":"https:\/\/boutique-one-piece.com\/","logo":{"@type":"ImageObject","inLanguage":"en-US","@id":"https:\/\/boutique-one-piece.com\/#\/schema\/logo\/image\/","url":"https:\/\/boutique-one-piece.com\/wp-content\/uploads\/2022\/09\/Logo-01.png","contentUrl":"https:\/\/boutique-one-piece.com\/wp-content\/uploads\/2022\/09\/Logo-01.png","width":2318,"height":957,"caption":"Boutique One Piece"},"image":{"@id":"https:\/\/boutique-one-piece.com\/#\/schema\/logo\/image\/"}}]}},"_links":{"self":[{"href":"https:\/\/boutique-one-piece.com\/en\/wp-json\/wp\/v2\/product\/12503","targetHints":{"allow":["GET"]}}],"collection":[{"href":"https:\/\/boutique-one-piece.com\/en\/wp-json\/wp\/v2\/product"}],"about":[{"href":"https:\/\/boutique-one-piece.com\/en\/wp-json\/wp\/v2\/types\/product"}],"replies":[{"embeddable":true,"href":"https:\/\/boutique-one-piece.com\/en\/wp-json\/wp\/v2\/comments?post=12503"}],"wp:featuredmedia":[{"embeddable":true,"href":"https:\/\/boutique-one-piece.com\/en\/wp-json\/wp\/v2\/media\/12505"}],"wp:attachment":[{"href":"https:\/\/boutique-one-piece.com\/en\/wp-json\/wp\/v2\/media?parent=12503"}],"wp:term":[{"taxonomy":"product_brand","embeddable":true,"href":"https:\/\/boutique-one-piece.com\/en\/wp-json\/wp\/v2\/product_brand?post=12503"},{"taxonomy":"product_cat","embeddable":true,"href":"https:\/\/boutique-one-piece.com\/en\/wp-json\/wp\/v2\/product_cat?post=12503"},{"taxonomy":"product_tag","embeddable":true,"href":"https:\/\/boutique-one-piece.com\/en\/wp-json\/wp\/v2\/product_tag?post=12503"}],"curies":[{"name":"wp","href":"https:\/\/api.w.org\/{rel}","templated":true}]}}