{"id":12802,"date":"2022-09-27T20:58:24","date_gmt":"2022-09-27T20:58:24","guid":{"rendered":"https:\/\/boutique-one-piece.com\/uncategorized\/figurine-one-piece-luffy-gear-fourth-kong-man\/"},"modified":"2024-09-16T13:03:10","modified_gmt":"2024-09-16T13:03:10","slug":"one-piece-luffy-gear-fourth-kong-man-figurine","status":"publish","type":"product","link":"https:\/\/boutique-one-piece.com\/en\/one-piece-goodies\/goodies-monkey-d-luffy-one-piece\/one-piece-luffy-gear-fourth-kong-man-figurine\/","title":{"rendered":"One Piece Luffy Gear Fourth Kong Man Figure"},"content":{"rendered":"<h2>Young pirate, the time has come for you to get this One Piece Luffy Gear Fourth Kong Man Figurine.<\/h2>\n<p>Here&#039;s what you need to know about this; ; <strong>Gear Fourth<\/strong> est le nom d\u2019une technique de combat de Monkey D. Luffy qui appara\u00eet pour la premi\u00e8re fois dans le combat de ce dernier contre <strong>Doflamingo<\/strong>. This technique was developed by Luffy during his training on Rusukaina.<\/p>\n<p>As for <strong>Gum Gum Kong Gun<\/strong>, qui signifie litt\u00e9ralement \u00ab\u00a0Coup du Gorille\u00a0\u00bb ; c\u2019est la premi\u00e8re technique que Luffy utilise en Gear Fourth contre Doflamingo. En comprimant son poing de nouveau dans son avant-bras \u00e9largi, Luffy est capable de d\u00e9clencher un coup d\u00e9vastateur, brisant la d\u00e9fense de Doflamingo et l\u2019envoyant valdinguer. D\u2019ailleurs, si tu souhaites agrandir ta collection de figurines, la <a title=\"ONE PIECE DON QUIXOTE DOFLAMINGO FIGURE\" href=\"https:\/\/boutique-one-piece.com\/en\/one-piece-figurine-don-quixote-doflamingo\/\" target=\"_blank\" rel=\"noopener\">Doflamingo figurine<\/a> is within your reach.<\/p>\n<h3>Alors, conquis par la figurine de Luffy et sa technique de combat Gear Fourth Gum Gum Kong Gun ? Si tel est le cas, n\u2019h\u00e9site plus et rejoins-le lors de tous ses combats.<\/h3>\n<p>Whether you&#039;re a die-hard fan or a seasoned collector, look no further, these items are definitely for you. Perfect for gifting, decorating, or collecting, these items will complement <strong>your One Piece universe<\/strong>. Il ne te reste qu\u2019une seule chose \u00e0 faire <strong>young pirate<\/strong>, Take your destiny into your own hands and continue to live many more exciting adventures!<\/p>\n<h2>Information about Luffy Gear Fourth Kong Man Figure\u00a0<\/h2>\n<ul>\n<li><span><b><u>One Piece figurine<\/u><\/b>\u00a0: Figurine\u00a0 premium de l\u2019univers One Piece pour les vrais pirates<\/span><\/li>\n<\/ul>\n<ul>\n<li>\n<b>Matter<\/b><span>\u00a0<\/span>PVC<\/li>\n<\/ul>\n<ul>\n<li><span><strong>Dimension<\/strong>\u00a0: 16 cm<\/span><\/li>\n<\/ul>\n<ul>\n<li><span><strong>FREE DELIVERY<\/strong><\/span><\/li>\n<\/ul>","protected":false},"excerpt":{"rendered":"<p>Jeune pirate, le moment est venu pour toi de te procurer cette Figurine One Piece Luffy Gear Fourth Kong Man. Voici ce que tu dois savoir \u00e0 ce sujet ; Gear Fourth est le nom d\u2019une technique de combat de Monkey D. Luffy qui appara\u00eet pour la premi\u00e8re fois dans le combat de ce dernier [&hellip;]<\/p>","protected":false},"featured_media":12804,"comment_status":"open","ping_status":"open","template":"","meta":[],"product_brand":[],"product_cat":[181,76,80],"product_tag":[92],"class_list":{"0":"post-12802","1":"product","2":"type-product","3":"status-publish","4":"has-post-thumbnail","6":"product_cat-figurines-monkey-d-luffy","7":"product_cat-figurines-one-piece","8":"product_cat-goodies-monkey-d-luffy-one-piece","9":"product_tag-luffy","11":"first","12":"instock","13":"purchasable","14":"product-type-simple"},"yoast_head":"<!-- This site is optimized with the Yoast SEO plugin v27.5 - https:\/\/yoast.com\/product\/yoast-seo-wordpress\/ -->\n<title>Figurine One Piece Luffy Gear Fourth Kong Man | Figurine One Piece \u2013 Boutique One Piece<\/title>\n<meta name=\"description\" content=\"Jeune pirate, le moment est venu pour toi de te procurer cette Figurine One Piece Luffy Gear Fourth Kong Man. Voici ce que tu dois savoir \u00e0 ce sujet ; Gear Fourth est le nom d&#039;une technique de combat de Monkey D. Luffy qui appara\u00eet pour la premi\u00e8re fois dans le combat de ce dernier contre Doflamingo. Cette technique a\" \/>\n<meta name=\"robots\" content=\"index, follow, max-snippet:-1, max-image-preview:large, max-video-preview:-1\" \/>\n<link rel=\"canonical\" href=\"https:\/\/boutique-one-piece.com\/en\/one-piece-figurines\/monkey-d-luffy-figurines\/one-piece-luffy-gear-fourth-kong-man-figurine\/\" \/>\n<meta property=\"og:locale\" content=\"en_US\" \/>\n<meta property=\"og:type\" content=\"article\" \/>\n<meta property=\"og:title\" content=\"Figurine One Piece Luffy Gear Fourth Kong Man | Figurine One Piece \u2013 Boutique One Piece\" \/>\n<meta property=\"og:description\" content=\"Jeune pirate, le moment est venu pour toi de te procurer cette Figurine One Piece Luffy Gear Fourth Kong Man. Voici ce que tu dois savoir \u00e0 ce sujet ; Gear Fourth est le nom d&#039;une technique de combat de Monkey D. Luffy qui appara\u00eet pour la premi\u00e8re fois dans le combat de ce dernier contre Doflamingo. Cette technique a\" \/>\n<meta property=\"og:url\" content=\"https:\/\/boutique-one-piece.com\/en\/one-piece-figurines\/monkey-d-luffy-figurines\/one-piece-luffy-gear-fourth-kong-man-figurine\/\" \/>\n<meta property=\"og:site_name\" content=\"Boutique One Piece\" \/>\n<meta property=\"article:modified_time\" content=\"2024-09-16T13:03:10+00:00\" \/>\n<meta property=\"og:image\" content=\"https:\/\/boutique-one-piece.com\/wp-content\/uploads\/2022\/09\/Figurine-One-Piece-Luffy-Gear-Fourth-Kong-Man.jpg\" \/>\n\t<meta property=\"og:image:width\" content=\"640\" \/>\n\t<meta property=\"og:image:height\" content=\"640\" \/>\n\t<meta property=\"og:image:type\" content=\"image\/jpeg\" \/>\n<meta name=\"twitter:card\" content=\"summary_large_image\" \/>\n<meta name=\"twitter:label1\" content=\"Est. reading time\" \/>\n\t<meta name=\"twitter:data1\" content=\"1 minute\" \/>\n<script type=\"application\/ld+json\" class=\"yoast-schema-graph\">{\"@context\":\"https:\\\/\\\/schema.org\",\"@graph\":[{\"@type\":\"WebPage\",\"@id\":\"https:\\\/\\\/boutique-one-piece.com\\\/figurines-one-piece\\\/figurines-monkey-d-luffy\\\/figurine-one-piece-luffy-gear-fourth-kong-man\\\/\",\"url\":\"https:\\\/\\\/boutique-one-piece.com\\\/figurines-one-piece\\\/figurines-monkey-d-luffy\\\/figurine-one-piece-luffy-gear-fourth-kong-man\\\/\",\"name\":\"Figurine One Piece Luffy Gear Fourth Kong Man | Figurine One Piece \u2013 Boutique One Piece\",\"isPartOf\":{\"@id\":\"https:\\\/\\\/boutique-one-piece.com\\\/#website\"},\"primaryImageOfPage\":{\"@id\":\"https:\\\/\\\/boutique-one-piece.com\\\/figurines-one-piece\\\/figurines-monkey-d-luffy\\\/figurine-one-piece-luffy-gear-fourth-kong-man\\\/#primaryimage\"},\"image\":{\"@id\":\"https:\\\/\\\/boutique-one-piece.com\\\/figurines-one-piece\\\/figurines-monkey-d-luffy\\\/figurine-one-piece-luffy-gear-fourth-kong-man\\\/#primaryimage\"},\"thumbnailUrl\":\"https:\\\/\\\/boutique-one-piece.com\\\/wp-content\\\/uploads\\\/2022\\\/09\\\/Figurine-One-Piece-Luffy-Gear-Fourth-Kong-Man.jpg\",\"datePublished\":\"2022-09-27T20:58:24+00:00\",\"dateModified\":\"2024-09-16T13:03:10+00:00\",\"description\":\"Jeune pirate, le moment est venu pour toi de te procurer cette Figurine One Piece Luffy Gear Fourth Kong Man. Voici ce que tu dois savoir \u00e0 ce sujet ; Gear Fourth est le nom d'une technique de combat de Monkey D. Luffy qui appara\u00eet pour la premi\u00e8re fois dans le combat de ce dernier contre Doflamingo. Cette technique a\",\"breadcrumb\":{\"@id\":\"https:\\\/\\\/boutique-one-piece.com\\\/figurines-one-piece\\\/figurines-monkey-d-luffy\\\/figurine-one-piece-luffy-gear-fourth-kong-man\\\/#breadcrumb\"},\"inLanguage\":\"en-US\",\"potentialAction\":[{\"@type\":\"ReadAction\",\"target\":[\"https:\\\/\\\/boutique-one-piece.com\\\/figurines-one-piece\\\/figurines-monkey-d-luffy\\\/figurine-one-piece-luffy-gear-fourth-kong-man\\\/\"]}]},{\"@type\":\"ImageObject\",\"inLanguage\":\"en-US\",\"@id\":\"https:\\\/\\\/boutique-one-piece.com\\\/figurines-one-piece\\\/figurines-monkey-d-luffy\\\/figurine-one-piece-luffy-gear-fourth-kong-man\\\/#primaryimage\",\"url\":\"https:\\\/\\\/boutique-one-piece.com\\\/wp-content\\\/uploads\\\/2022\\\/09\\\/Figurine-One-Piece-Luffy-Gear-Fourth-Kong-Man.jpg\",\"contentUrl\":\"https:\\\/\\\/boutique-one-piece.com\\\/wp-content\\\/uploads\\\/2022\\\/09\\\/Figurine-One-Piece-Luffy-Gear-Fourth-Kong-Man.jpg\",\"width\":640,\"height\":640,\"caption\":\"Figurine One Piece Luffy Gear Fourth Kong Man Default Title\"},{\"@type\":\"BreadcrumbList\",\"@id\":\"https:\\\/\\\/boutique-one-piece.com\\\/figurines-one-piece\\\/figurines-monkey-d-luffy\\\/figurine-one-piece-luffy-gear-fourth-kong-man\\\/#breadcrumb\",\"itemListElement\":[{\"@type\":\"ListItem\",\"position\":1,\"name\":\"Home\",\"item\":\"https:\\\/\\\/boutique-one-piece.com\\\/\"},{\"@type\":\"ListItem\",\"position\":2,\"name\":\"Shop\",\"item\":\"https:\\\/\\\/boutique-one-piece.com\\\/shop\\\/\"},{\"@type\":\"ListItem\",\"position\":3,\"name\":\"Figurine One Piece Luffy Gear Fourth Kong Man\"}]},{\"@type\":\"WebSite\",\"@id\":\"https:\\\/\\\/boutique-one-piece.com\\\/#website\",\"url\":\"https:\\\/\\\/boutique-one-piece.com\\\/\",\"name\":\"Boutique One Piece\",\"description\":\"Magasin Sp\u00e9cialis\u00e9 du Manga et l&#039;Anime One Piece\",\"publisher\":{\"@id\":\"https:\\\/\\\/boutique-one-piece.com\\\/#organization\"},\"potentialAction\":[{\"@type\":\"SearchAction\",\"target\":{\"@type\":\"EntryPoint\",\"urlTemplate\":\"https:\\\/\\\/boutique-one-piece.com\\\/?s={search_term_string}\"},\"query-input\":{\"@type\":\"PropertyValueSpecification\",\"valueRequired\":true,\"valueName\":\"search_term_string\"}}],\"inLanguage\":\"en-US\"},{\"@type\":\"Organization\",\"@id\":\"https:\\\/\\\/boutique-one-piece.com\\\/#organization\",\"name\":\"Boutique One Piece\",\"url\":\"https:\\\/\\\/boutique-one-piece.com\\\/\",\"logo\":{\"@type\":\"ImageObject\",\"inLanguage\":\"en-US\",\"@id\":\"https:\\\/\\\/boutique-one-piece.com\\\/#\\\/schema\\\/logo\\\/image\\\/\",\"url\":\"https:\\\/\\\/boutique-one-piece.com\\\/wp-content\\\/uploads\\\/2022\\\/09\\\/Logo-01.png\",\"contentUrl\":\"https:\\\/\\\/boutique-one-piece.com\\\/wp-content\\\/uploads\\\/2022\\\/09\\\/Logo-01.png\",\"width\":2318,\"height\":957,\"caption\":\"Boutique One Piece\"},\"image\":{\"@id\":\"https:\\\/\\\/boutique-one-piece.com\\\/#\\\/schema\\\/logo\\\/image\\\/\"}}]}<\/script>\n<!-- \/ Yoast SEO plugin. -->","yoast_head_json":{"title":"One Piece Luffy Gear Fourth Kong Man Figure | One Piece Figure \u2013 One Piece Shop","description":"Young pirate, the time has come for you to get your hands on this One Piece Luffy Gear Fourth Kong Man Figure. Here&#039;s what you need to know about it: Gear Fourth is the name of a fighting technique used by Monkey D. Luffy, which first appeared during his fight against Doflamingo. This technique has","robots":{"index":"index","follow":"follow","max-snippet":"max-snippet:-1","max-image-preview":"max-image-preview:large","max-video-preview":"max-video-preview:-1"},"canonical":"https:\/\/boutique-one-piece.com\/en\/one-piece-figurines\/monkey-d-luffy-figurines\/one-piece-luffy-gear-fourth-kong-man-figurine\/","og_locale":"en_US","og_type":"article","og_title":"Figurine One Piece Luffy Gear Fourth Kong Man | Figurine One Piece \u2013 Boutique One Piece","og_description":"Jeune pirate, le moment est venu pour toi de te procurer cette Figurine One Piece Luffy Gear Fourth Kong Man. Voici ce que tu dois savoir \u00e0 ce sujet ; Gear Fourth est le nom d'une technique de combat de Monkey D. Luffy qui appara\u00eet pour la premi\u00e8re fois dans le combat de ce dernier contre Doflamingo. Cette technique a","og_url":"https:\/\/boutique-one-piece.com\/en\/one-piece-figurines\/monkey-d-luffy-figurines\/one-piece-luffy-gear-fourth-kong-man-figurine\/","og_site_name":"Boutique One Piece","article_modified_time":"2024-09-16T13:03:10+00:00","og_image":[{"width":640,"height":640,"url":"https:\/\/boutique-one-piece.com\/wp-content\/uploads\/2022\/09\/Figurine-One-Piece-Luffy-Gear-Fourth-Kong-Man.jpg","type":"image\/jpeg"}],"twitter_card":"summary_large_image","twitter_misc":{"Est. reading time":"1 minute"},"schema":{"@context":"https:\/\/schema.org","@graph":[{"@type":"WebPage","@id":"https:\/\/boutique-one-piece.com\/figurines-one-piece\/figurines-monkey-d-luffy\/figurine-one-piece-luffy-gear-fourth-kong-man\/","url":"https:\/\/boutique-one-piece.com\/figurines-one-piece\/figurines-monkey-d-luffy\/figurine-one-piece-luffy-gear-fourth-kong-man\/","name":"One Piece Luffy Gear Fourth Kong Man Figure | One Piece Figure \u2013 One Piece Shop","isPartOf":{"@id":"https:\/\/boutique-one-piece.com\/#website"},"primaryImageOfPage":{"@id":"https:\/\/boutique-one-piece.com\/figurines-one-piece\/figurines-monkey-d-luffy\/figurine-one-piece-luffy-gear-fourth-kong-man\/#primaryimage"},"image":{"@id":"https:\/\/boutique-one-piece.com\/figurines-one-piece\/figurines-monkey-d-luffy\/figurine-one-piece-luffy-gear-fourth-kong-man\/#primaryimage"},"thumbnailUrl":"https:\/\/boutique-one-piece.com\/wp-content\/uploads\/2022\/09\/Figurine-One-Piece-Luffy-Gear-Fourth-Kong-Man.jpg","datePublished":"2022-09-27T20:58:24+00:00","dateModified":"2024-09-16T13:03:10+00:00","description":"Young pirate, the time has come for you to get your hands on this One Piece Luffy Gear Fourth Kong Man Figure. Here&#039;s what you need to know about it: Gear Fourth is the name of a fighting technique used by Monkey D. Luffy, which first appeared during his fight against Doflamingo. This technique has","breadcrumb":{"@id":"https:\/\/boutique-one-piece.com\/figurines-one-piece\/figurines-monkey-d-luffy\/figurine-one-piece-luffy-gear-fourth-kong-man\/#breadcrumb"},"inLanguage":"en-US","potentialAction":[{"@type":"ReadAction","target":["https:\/\/boutique-one-piece.com\/figurines-one-piece\/figurines-monkey-d-luffy\/figurine-one-piece-luffy-gear-fourth-kong-man\/"]}]},{"@type":"ImageObject","inLanguage":"en-US","@id":"https:\/\/boutique-one-piece.com\/figurines-one-piece\/figurines-monkey-d-luffy\/figurine-one-piece-luffy-gear-fourth-kong-man\/#primaryimage","url":"https:\/\/boutique-one-piece.com\/wp-content\/uploads\/2022\/09\/Figurine-One-Piece-Luffy-Gear-Fourth-Kong-Man.jpg","contentUrl":"https:\/\/boutique-one-piece.com\/wp-content\/uploads\/2022\/09\/Figurine-One-Piece-Luffy-Gear-Fourth-Kong-Man.jpg","width":640,"height":640,"caption":"Figurine One Piece Luffy Gear Fourth Kong Man Default Title"},{"@type":"BreadcrumbList","@id":"https:\/\/boutique-one-piece.com\/figurines-one-piece\/figurines-monkey-d-luffy\/figurine-one-piece-luffy-gear-fourth-kong-man\/#breadcrumb","itemListElement":[{"@type":"ListItem","position":1,"name":"Home","item":"https:\/\/boutique-one-piece.com\/"},{"@type":"ListItem","position":2,"name":"Shop","item":"https:\/\/boutique-one-piece.com\/shop\/"},{"@type":"ListItem","position":3,"name":"Figurine One Piece Luffy Gear Fourth Kong Man"}]},{"@type":"WebSite","@id":"https:\/\/boutique-one-piece.com\/#website","url":"https:\/\/boutique-one-piece.com\/","name":"One Piece Shop","description":"Specialty store for One Piece Manga and Anime","publisher":{"@id":"https:\/\/boutique-one-piece.com\/#organization"},"potentialAction":[{"@type":"SearchAction","target":{"@type":"EntryPoint","urlTemplate":"https:\/\/boutique-one-piece.com\/?s={search_term_string}"},"query-input":{"@type":"PropertyValueSpecification","valueRequired":true,"valueName":"search_term_string"}}],"inLanguage":"en-US"},{"@type":"Organization","@id":"https:\/\/boutique-one-piece.com\/#organization","name":"One Piece Shop","url":"https:\/\/boutique-one-piece.com\/","logo":{"@type":"ImageObject","inLanguage":"en-US","@id":"https:\/\/boutique-one-piece.com\/#\/schema\/logo\/image\/","url":"https:\/\/boutique-one-piece.com\/wp-content\/uploads\/2022\/09\/Logo-01.png","contentUrl":"https:\/\/boutique-one-piece.com\/wp-content\/uploads\/2022\/09\/Logo-01.png","width":2318,"height":957,"caption":"Boutique One Piece"},"image":{"@id":"https:\/\/boutique-one-piece.com\/#\/schema\/logo\/image\/"}}]}},"_links":{"self":[{"href":"https:\/\/boutique-one-piece.com\/en\/wp-json\/wp\/v2\/product\/12802","targetHints":{"allow":["GET"]}}],"collection":[{"href":"https:\/\/boutique-one-piece.com\/en\/wp-json\/wp\/v2\/product"}],"about":[{"href":"https:\/\/boutique-one-piece.com\/en\/wp-json\/wp\/v2\/types\/product"}],"replies":[{"embeddable":true,"href":"https:\/\/boutique-one-piece.com\/en\/wp-json\/wp\/v2\/comments?post=12802"}],"wp:featuredmedia":[{"embeddable":true,"href":"https:\/\/boutique-one-piece.com\/en\/wp-json\/wp\/v2\/media\/12804"}],"wp:attachment":[{"href":"https:\/\/boutique-one-piece.com\/en\/wp-json\/wp\/v2\/media?parent=12802"}],"wp:term":[{"taxonomy":"product_brand","embeddable":true,"href":"https:\/\/boutique-one-piece.com\/en\/wp-json\/wp\/v2\/product_brand?post=12802"},{"taxonomy":"product_cat","embeddable":true,"href":"https:\/\/boutique-one-piece.com\/en\/wp-json\/wp\/v2\/product_cat?post=12802"},{"taxonomy":"product_tag","embeddable":true,"href":"https:\/\/boutique-one-piece.com\/en\/wp-json\/wp\/v2\/product_tag?post=12802"}],"curies":[{"name":"wp","href":"https:\/\/api.w.org\/{rel}","templated":true}]}}