{"id":12952,"date":"2022-09-27T20:59:19","date_gmt":"2022-09-27T20:59:19","guid":{"rendered":"https:\/\/boutique-one-piece.com\/uncategorized\/sweat-one-piece-les-chapeau-de-paille-style-militaire\/"},"modified":"2024-09-16T13:06:34","modified_gmt":"2024-09-16T13:06:34","slug":"one-piece-sweatshirt-military-style-straw-hat","status":"publish","type":"product","link":"https:\/\/boutique-one-piece.com\/en\/one-piece-clothes\/one-piece-sweatshirts\/one-piece-sweatshirt-military-style-straw-hat\/","title":{"rendered":"One Piece Straw Hat Military Style Sweatshirt"},"content":{"rendered":"<h2>Sweatshirt Information:\u00a0<\/h2>\n<ul>\n<li>\n<strong>Premium Quality One Piece Sweatshirt\u00a0<\/strong>It has a high paper weight and is made of quality materials.<\/li>\n<\/ul>\n<ul>\n<li>\n<strong>Great flexibility\u00a0<\/strong>Thanks to its composition, it doesn&#039;t wrinkle.<\/li>\n<\/ul>\n<ul>\n<li>\n<strong>Very comfortable\u00a0<\/strong>: with its super soft polyester fibers, there is no chafing<\/li>\n<\/ul>\n<ul>\n<li>\n<strong>3D digital printing<\/strong> original design<\/li>\n<\/ul>\n<ul>\n<li>\n<strong>Composition\u00a0<\/strong>High-quality polyester<\/li>\n<\/ul>\n<ul>\n<li>\n<strong>Free Delivery\u00a0<\/strong>for any purchase<strong>\u00a0<\/strong>\n<\/li>\n<\/ul>\n<h2><strong>Don&#039;t forget to check out the size guide below.<\/strong><\/h2>\n<ul>\n<li>\u00a0<strong>Premium quality jacket\u00a0<\/strong>Made with quality materials<\/li>\n<\/ul>\n<ul>\n<li>\n<strong>Very comfortable\u00a0<\/strong>: with<span>\u00a0<\/span>his\u00a0<strong>fibers<\/strong>\u00a0of\u00a0<strong>polyester<\/strong>\u00a0great\u00a0<strong>soft<\/strong>, there is no\u00a0<strong>friction<\/strong>\n<\/li>\n<\/ul>\n<ul>\n<li>\n<strong>3D digital printing<\/strong>\u00a0:\u00a0<strong>printed jacket<\/strong>\u00a0with an original design,\u00a0<strong>Canvas Print<\/strong>\n<\/li>\n<\/ul>\n<ul>\n<li>\n<strong>Free Delivery\u00a0<\/strong>for any purchase<\/li>\n<\/ul>\n<h2><strong>Don&#039;t forget to check out the size guide below.<\/strong><\/h2>\n<style><!--\n.content-table {\n  border-collapse: collapse;\n  margin: 25px 0;\n  font-size: 0.9em;\n  min-width: 400px;\n  border-radius: 5px 5px 0 0;\n  overflow: hidden;\n  box-shadow: 0 0 20px rgba(0, 0, 0, 0.15);\n  text-align: center;\n}\n.content-table thead tr {\n  background-color: #E6B96E;\n  color: #ffffff;\n  text-align: left;\n  font-weight: bold;\n}\n.content-table th,\n.content-table td {\n  padding: 12px 15px;\n}\n.content-table tbody tr {\n  border-bottom: 1px solid #dddddd;\n}\n.content-table tbody tr:nth-of-type(even) {\n  background-color: #f3f3f3;\n}\n.content-table tbody tr:last-of-type {\n  border-bottom: 2px solid #E6B96E;\n}\n--><\/style>\n<table class=\"content-table\">\n<thead>\n<tr>\n<th colspan=\"4\">SIZE GUIDE \u2013 CHOOSE YOUR SIZE<\/th>\n<\/tr>\n<tr>\n<th style=\"text-align: center;\">Size<\/th>\n<th style=\"text-align: center;\">Bust<\/th>\n<th style=\"text-align: center;\">Length<\/th>\n<th style=\"text-align: center;\">Sleeves<\/th>\n<\/tr>\n<\/thead>\n<tbody>\n<tr>\n<td style=\"text-align: center;\"><strong>S<\/strong><\/td>\n<td style=\"text-align: center;\">92<\/td>\n<td style=\"text-align: center;\">63\n<\/td>\n<td style=\"text-align: center;\">63<\/td>\n<\/tr>\n<tr class=\"active-row\">\n<td style=\"text-align: center;\"><strong>M<\/strong><\/td>\n<td style=\"text-align: center;\">96\n<\/td>\n<td style=\"text-align: center;\">65\n<\/td>\n<td style=\"text-align: center;\">65<\/td>\n<\/tr>\n<tr>\n<td style=\"text-align: center;\"><strong>L<\/strong><\/td>\n<td style=\"text-align: center;\">100\n<\/td>\n<td style=\"text-align: center;\">67\n<\/td>\n<td style=\"text-align: center;\">67<\/td>\n<\/tr>\n<tr class=\"active-row\">\n<td style=\"text-align: center;\"><strong>XL<\/strong><\/td>\n<td style=\"text-align: center;\">104<\/td>\n<td style=\"text-align: center;\">69\n<\/td>\n<td style=\"text-align: center;\">69\n<\/td>\n<\/tr>\n<tr>\n<td style=\"text-align: center;\"><strong>XXL<\/strong><\/td>\n<td style=\"text-align: center;\">108<\/td>\n<td style=\"text-align: center;\">71\n<\/td>\n<td style=\"text-align: center;\">71\n<\/td>\n<\/tr>\n<tr class=\"active-row\">\n<td style=\"text-align: center;\"><strong>3XL<\/strong><\/td>\n<td style=\"text-align: center;\">112\n<\/td>\n<td style=\"text-align: center;\">73<\/td>\n<td style=\"text-align: center;\">73\n<\/td>\n<\/tr>\n<tr>\n<td style=\"text-align: center;\"><strong>4XL<\/strong><\/td>\n<td style=\"text-align: center;\">116<\/td>\n<td style=\"text-align: center;\">75<\/td>\n<td style=\"text-align: center;\">75<\/td>\n<\/tr>\n<tr class=\"active-row\">\n<td style=\"text-align: center;\"><strong>5XL<\/strong><\/td>\n<td style=\"text-align: center;\">120\n<\/td>\n<td style=\"text-align: center;\">77<\/td>\n<td style=\"text-align: center;\">77\n<\/td>\n<\/tr>\n<\/tbody>\n<\/table>\n<p><\/p>\n<h3>Washing Instructions:<\/h3>\n<ul>\n<li>Machine wash at 30\u00b0C, delicate cycle<\/li>\n<\/ul>\n<ul>\n<li>Iron on the reverse side<\/li>\n<\/ul>\n<p>To preserve the quality of this\u00a0<strong>One Piece sweatshirt<\/strong>, We recommend that you follow the washing instructions.<\/p>","protected":false},"excerpt":{"rendered":"<p>Sweatshirt Information: Premium One Piece Sweatshirt: High-quality fabric with a high grammage and premium materials. Highly flexible: Thanks to its composition, it doesn&#039;t wrinkle. Very comfortable: With its super-soft polyester fibers, there&#039;s no chafing. 3D digital print: Original design. Composition: High-quality polyester. Free shipping on all orders.<\/p>","protected":false},"featured_media":12954,"comment_status":"open","ping_status":"open","template":"","meta":[],"product_brand":[],"product_cat":[149],"product_tag":[],"class_list":{"0":"post-12952","1":"product","2":"type-product","3":"status-publish","4":"has-post-thumbnail","6":"product_cat-sweats-one-piece","8":"first","9":"instock","10":"purchasable","11":"product-type-variable","12":"has-default-attributes"},"yoast_head":"<!-- This site is optimized with the Yoast SEO plugin v27.5 - https:\/\/yoast.com\/product\/yoast-seo-wordpress\/ -->\n<title>Sweat One Piece Les Chapeau De Paille Style Militaire | V\u00eatement One Piece \u2013 Boutique One Piece<\/title>\n<meta name=\"description\" content=\"Informations sur le Sweat :\u00a0 Sweat\u00a0One Piece\u00a0de qualit\u00e9 sup\u00e9rieur\u00a0:\u00a0poss\u00e8de un grammage \u00e9lev\u00e9 avec des mat\u00e9riaux de qualit\u00e9s Grande souplesse\u00a0: gr\u00e2ce \u00e0 sa composition, il ne se froisse pas Tr\u00e8s confortable\u00a0: avec ses fibres de polyester super doux, il n&#039;y a pas de frottements Impression digitale 3D : design original Co\" \/>\n<meta name=\"robots\" content=\"index, follow, max-snippet:-1, max-image-preview:large, max-video-preview:-1\" \/>\n<link rel=\"canonical\" href=\"https:\/\/boutique-one-piece.com\/en\/one-piece-clothes\/one-piece-sweatshirts\/one-piece-sweatshirt-military-style-straw-hat\/\" \/>\n<meta property=\"og:locale\" content=\"en_US\" \/>\n<meta property=\"og:type\" content=\"article\" \/>\n<meta property=\"og:title\" content=\"Sweat One Piece Les Chapeau De Paille Style Militaire | V\u00eatement One Piece \u2013 Boutique One Piece\" \/>\n<meta property=\"og:description\" content=\"Informations sur le Sweat :\u00a0 Sweat\u00a0One Piece\u00a0de qualit\u00e9 sup\u00e9rieur\u00a0:\u00a0poss\u00e8de un grammage \u00e9lev\u00e9 avec des mat\u00e9riaux de qualit\u00e9s Grande souplesse\u00a0: gr\u00e2ce \u00e0 sa composition, il ne se froisse pas Tr\u00e8s confortable\u00a0: avec ses fibres de polyester super doux, il n&#039;y a pas de frottements Impression digitale 3D : design original Co\" \/>\n<meta property=\"og:url\" content=\"https:\/\/boutique-one-piece.com\/en\/one-piece-clothes\/one-piece-sweatshirts\/one-piece-sweatshirt-military-style-straw-hat\/\" \/>\n<meta property=\"og:site_name\" content=\"Boutique One Piece\" \/>\n<meta property=\"article:modified_time\" content=\"2024-09-16T13:06:34+00:00\" \/>\n<meta property=\"og:image\" content=\"https:\/\/boutique-one-piece.com\/wp-content\/uploads\/2022\/09\/Sweat-One-Piece-Les-Chapeau-De-Paille-Style-Militaire.jpg\" \/>\n\t<meta property=\"og:image:width\" content=\"640\" \/>\n\t<meta property=\"og:image:height\" content=\"640\" \/>\n\t<meta property=\"og:image:type\" content=\"image\/jpeg\" \/>\n<meta name=\"twitter:card\" content=\"summary_large_image\" \/>\n<meta name=\"twitter:label1\" content=\"Est. reading time\" \/>\n\t<meta name=\"twitter:data1\" content=\"1 minute\" \/>\n<script type=\"application\/ld+json\" class=\"yoast-schema-graph\">{\"@context\":\"https:\\\/\\\/schema.org\",\"@graph\":[{\"@type\":\"WebPage\",\"@id\":\"https:\\\/\\\/boutique-one-piece.com\\\/vetements-one-piece\\\/sweats-one-piece\\\/sweat-one-piece-les-chapeau-de-paille-style-militaire\\\/\",\"url\":\"https:\\\/\\\/boutique-one-piece.com\\\/vetements-one-piece\\\/sweats-one-piece\\\/sweat-one-piece-les-chapeau-de-paille-style-militaire\\\/\",\"name\":\"Sweat One Piece Les Chapeau De Paille Style Militaire | V\u00eatement One Piece \u2013 Boutique One Piece\",\"isPartOf\":{\"@id\":\"https:\\\/\\\/boutique-one-piece.com\\\/#website\"},\"primaryImageOfPage\":{\"@id\":\"https:\\\/\\\/boutique-one-piece.com\\\/vetements-one-piece\\\/sweats-one-piece\\\/sweat-one-piece-les-chapeau-de-paille-style-militaire\\\/#primaryimage\"},\"image\":{\"@id\":\"https:\\\/\\\/boutique-one-piece.com\\\/vetements-one-piece\\\/sweats-one-piece\\\/sweat-one-piece-les-chapeau-de-paille-style-militaire\\\/#primaryimage\"},\"thumbnailUrl\":\"https:\\\/\\\/boutique-one-piece.com\\\/wp-content\\\/uploads\\\/2022\\\/09\\\/Sweat-One-Piece-Les-Chapeau-De-Paille-Style-Militaire.jpg\",\"datePublished\":\"2022-09-27T20:59:19+00:00\",\"dateModified\":\"2024-09-16T13:06:34+00:00\",\"description\":\"Informations sur le Sweat :\u00a0 Sweat\u00a0One Piece\u00a0de qualit\u00e9 sup\u00e9rieur\u00a0:\u00a0poss\u00e8de un grammage \u00e9lev\u00e9 avec des mat\u00e9riaux de qualit\u00e9s Grande souplesse\u00a0: gr\u00e2ce \u00e0 sa composition, il ne se froisse pas Tr\u00e8s confortable\u00a0: avec ses fibres de polyester super doux, il n'y a pas de frottements Impression digitale 3D : design original Co\",\"breadcrumb\":{\"@id\":\"https:\\\/\\\/boutique-one-piece.com\\\/vetements-one-piece\\\/sweats-one-piece\\\/sweat-one-piece-les-chapeau-de-paille-style-militaire\\\/#breadcrumb\"},\"inLanguage\":\"en-US\",\"potentialAction\":[{\"@type\":\"ReadAction\",\"target\":[\"https:\\\/\\\/boutique-one-piece.com\\\/vetements-one-piece\\\/sweats-one-piece\\\/sweat-one-piece-les-chapeau-de-paille-style-militaire\\\/\"]}]},{\"@type\":\"ImageObject\",\"inLanguage\":\"en-US\",\"@id\":\"https:\\\/\\\/boutique-one-piece.com\\\/vetements-one-piece\\\/sweats-one-piece\\\/sweat-one-piece-les-chapeau-de-paille-style-militaire\\\/#primaryimage\",\"url\":\"https:\\\/\\\/boutique-one-piece.com\\\/wp-content\\\/uploads\\\/2022\\\/09\\\/Sweat-One-Piece-Les-Chapeau-De-Paille-Style-Militaire.jpg\",\"contentUrl\":\"https:\\\/\\\/boutique-one-piece.com\\\/wp-content\\\/uploads\\\/2022\\\/09\\\/Sweat-One-Piece-Les-Chapeau-De-Paille-Style-Militaire.jpg\",\"width\":640,\"height\":640,\"caption\":\"Sweat One Piece Les Chapeau De Paille Style Militaire 5XL\"},{\"@type\":\"BreadcrumbList\",\"@id\":\"https:\\\/\\\/boutique-one-piece.com\\\/vetements-one-piece\\\/sweats-one-piece\\\/sweat-one-piece-les-chapeau-de-paille-style-militaire\\\/#breadcrumb\",\"itemListElement\":[{\"@type\":\"ListItem\",\"position\":1,\"name\":\"Home\",\"item\":\"https:\\\/\\\/boutique-one-piece.com\\\/\"},{\"@type\":\"ListItem\",\"position\":2,\"name\":\"Shop\",\"item\":\"https:\\\/\\\/boutique-one-piece.com\\\/shop\\\/\"},{\"@type\":\"ListItem\",\"position\":3,\"name\":\"Sweat One Piece Les Chapeau De Paille Style Militaire\"}]},{\"@type\":\"WebSite\",\"@id\":\"https:\\\/\\\/boutique-one-piece.com\\\/#website\",\"url\":\"https:\\\/\\\/boutique-one-piece.com\\\/\",\"name\":\"Boutique One Piece\",\"description\":\"Magasin Sp\u00e9cialis\u00e9 du Manga et l&#039;Anime One Piece\",\"publisher\":{\"@id\":\"https:\\\/\\\/boutique-one-piece.com\\\/#organization\"},\"potentialAction\":[{\"@type\":\"SearchAction\",\"target\":{\"@type\":\"EntryPoint\",\"urlTemplate\":\"https:\\\/\\\/boutique-one-piece.com\\\/?s={search_term_string}\"},\"query-input\":{\"@type\":\"PropertyValueSpecification\",\"valueRequired\":true,\"valueName\":\"search_term_string\"}}],\"inLanguage\":\"en-US\"},{\"@type\":\"Organization\",\"@id\":\"https:\\\/\\\/boutique-one-piece.com\\\/#organization\",\"name\":\"Boutique One Piece\",\"url\":\"https:\\\/\\\/boutique-one-piece.com\\\/\",\"logo\":{\"@type\":\"ImageObject\",\"inLanguage\":\"en-US\",\"@id\":\"https:\\\/\\\/boutique-one-piece.com\\\/#\\\/schema\\\/logo\\\/image\\\/\",\"url\":\"https:\\\/\\\/boutique-one-piece.com\\\/wp-content\\\/uploads\\\/2022\\\/09\\\/Logo-01.png\",\"contentUrl\":\"https:\\\/\\\/boutique-one-piece.com\\\/wp-content\\\/uploads\\\/2022\\\/09\\\/Logo-01.png\",\"width\":2318,\"height\":957,\"caption\":\"Boutique One Piece\"},\"image\":{\"@id\":\"https:\\\/\\\/boutique-one-piece.com\\\/#\\\/schema\\\/logo\\\/image\\\/\"}}]}<\/script>\n<!-- \/ Yoast SEO plugin. -->","yoast_head_json":{"title":"One Piece Straw Hat Military Style Sweatshirt | One Piece Clothing \u2013 One Piece Shop","description":"Sweatshirt Information: Premium One Piece Sweatshirt: High-quality fabric with a high grammage and quality materials. Highly flexible: Thanks to its composition, it doesn&#039;t wrinkle. Very comfortable: With its super-soft polyester fibers, there&#039;s no chafing. 3D digital print: Original design.","robots":{"index":"index","follow":"follow","max-snippet":"max-snippet:-1","max-image-preview":"max-image-preview:large","max-video-preview":"max-video-preview:-1"},"canonical":"https:\/\/boutique-one-piece.com\/en\/one-piece-clothes\/one-piece-sweatshirts\/one-piece-sweatshirt-military-style-straw-hat\/","og_locale":"en_US","og_type":"article","og_title":"Sweat One Piece Les Chapeau De Paille Style Militaire | V\u00eatement One Piece \u2013 Boutique One Piece","og_description":"Informations sur le Sweat :\u00a0 Sweat\u00a0One Piece\u00a0de qualit\u00e9 sup\u00e9rieur\u00a0:\u00a0poss\u00e8de un grammage \u00e9lev\u00e9 avec des mat\u00e9riaux de qualit\u00e9s Grande souplesse\u00a0: gr\u00e2ce \u00e0 sa composition, il ne se froisse pas Tr\u00e8s confortable\u00a0: avec ses fibres de polyester super doux, il n'y a pas de frottements Impression digitale 3D : design original Co","og_url":"https:\/\/boutique-one-piece.com\/en\/one-piece-clothes\/one-piece-sweatshirts\/one-piece-sweatshirt-military-style-straw-hat\/","og_site_name":"Boutique One Piece","article_modified_time":"2024-09-16T13:06:34+00:00","og_image":[{"width":640,"height":640,"url":"https:\/\/boutique-one-piece.com\/wp-content\/uploads\/2022\/09\/Sweat-One-Piece-Les-Chapeau-De-Paille-Style-Militaire.jpg","type":"image\/jpeg"}],"twitter_card":"summary_large_image","twitter_misc":{"Est. reading time":"1 minute"},"schema":{"@context":"https:\/\/schema.org","@graph":[{"@type":"WebPage","@id":"https:\/\/boutique-one-piece.com\/vetements-one-piece\/sweats-one-piece\/sweat-one-piece-les-chapeau-de-paille-style-militaire\/","url":"https:\/\/boutique-one-piece.com\/vetements-one-piece\/sweats-one-piece\/sweat-one-piece-les-chapeau-de-paille-style-militaire\/","name":"One Piece Straw Hat Military Style Sweatshirt | One Piece Clothing \u2013 One Piece Shop","isPartOf":{"@id":"https:\/\/boutique-one-piece.com\/#website"},"primaryImageOfPage":{"@id":"https:\/\/boutique-one-piece.com\/vetements-one-piece\/sweats-one-piece\/sweat-one-piece-les-chapeau-de-paille-style-militaire\/#primaryimage"},"image":{"@id":"https:\/\/boutique-one-piece.com\/vetements-one-piece\/sweats-one-piece\/sweat-one-piece-les-chapeau-de-paille-style-militaire\/#primaryimage"},"thumbnailUrl":"https:\/\/boutique-one-piece.com\/wp-content\/uploads\/2022\/09\/Sweat-One-Piece-Les-Chapeau-De-Paille-Style-Militaire.jpg","datePublished":"2022-09-27T20:59:19+00:00","dateModified":"2024-09-16T13:06:34+00:00","description":"Sweatshirt Information: Premium One Piece Sweatshirt: High-quality fabric with a high grammage and quality materials. Highly flexible: Thanks to its composition, it doesn&#039;t wrinkle. Very comfortable: With its super-soft polyester fibers, there&#039;s no chafing. 3D digital print: Original design.","breadcrumb":{"@id":"https:\/\/boutique-one-piece.com\/vetements-one-piece\/sweats-one-piece\/sweat-one-piece-les-chapeau-de-paille-style-militaire\/#breadcrumb"},"inLanguage":"en-US","potentialAction":[{"@type":"ReadAction","target":["https:\/\/boutique-one-piece.com\/vetements-one-piece\/sweats-one-piece\/sweat-one-piece-les-chapeau-de-paille-style-militaire\/"]}]},{"@type":"ImageObject","inLanguage":"en-US","@id":"https:\/\/boutique-one-piece.com\/vetements-one-piece\/sweats-one-piece\/sweat-one-piece-les-chapeau-de-paille-style-militaire\/#primaryimage","url":"https:\/\/boutique-one-piece.com\/wp-content\/uploads\/2022\/09\/Sweat-One-Piece-Les-Chapeau-De-Paille-Style-Militaire.jpg","contentUrl":"https:\/\/boutique-one-piece.com\/wp-content\/uploads\/2022\/09\/Sweat-One-Piece-Les-Chapeau-De-Paille-Style-Militaire.jpg","width":640,"height":640,"caption":"Sweat One Piece Les Chapeau De Paille Style Militaire 5XL"},{"@type":"BreadcrumbList","@id":"https:\/\/boutique-one-piece.com\/vetements-one-piece\/sweats-one-piece\/sweat-one-piece-les-chapeau-de-paille-style-militaire\/#breadcrumb","itemListElement":[{"@type":"ListItem","position":1,"name":"Home","item":"https:\/\/boutique-one-piece.com\/"},{"@type":"ListItem","position":2,"name":"Shop","item":"https:\/\/boutique-one-piece.com\/shop\/"},{"@type":"ListItem","position":3,"name":"Sweat One Piece Les Chapeau De Paille Style Militaire"}]},{"@type":"WebSite","@id":"https:\/\/boutique-one-piece.com\/#website","url":"https:\/\/boutique-one-piece.com\/","name":"One Piece Shop","description":"Specialty store for One Piece Manga and Anime","publisher":{"@id":"https:\/\/boutique-one-piece.com\/#organization"},"potentialAction":[{"@type":"SearchAction","target":{"@type":"EntryPoint","urlTemplate":"https:\/\/boutique-one-piece.com\/?s={search_term_string}"},"query-input":{"@type":"PropertyValueSpecification","valueRequired":true,"valueName":"search_term_string"}}],"inLanguage":"en-US"},{"@type":"Organization","@id":"https:\/\/boutique-one-piece.com\/#organization","name":"One Piece Shop","url":"https:\/\/boutique-one-piece.com\/","logo":{"@type":"ImageObject","inLanguage":"en-US","@id":"https:\/\/boutique-one-piece.com\/#\/schema\/logo\/image\/","url":"https:\/\/boutique-one-piece.com\/wp-content\/uploads\/2022\/09\/Logo-01.png","contentUrl":"https:\/\/boutique-one-piece.com\/wp-content\/uploads\/2022\/09\/Logo-01.png","width":2318,"height":957,"caption":"Boutique One Piece"},"image":{"@id":"https:\/\/boutique-one-piece.com\/#\/schema\/logo\/image\/"}}]}},"_links":{"self":[{"href":"https:\/\/boutique-one-piece.com\/en\/wp-json\/wp\/v2\/product\/12952","targetHints":{"allow":["GET"]}}],"collection":[{"href":"https:\/\/boutique-one-piece.com\/en\/wp-json\/wp\/v2\/product"}],"about":[{"href":"https:\/\/boutique-one-piece.com\/en\/wp-json\/wp\/v2\/types\/product"}],"replies":[{"embeddable":true,"href":"https:\/\/boutique-one-piece.com\/en\/wp-json\/wp\/v2\/comments?post=12952"}],"wp:featuredmedia":[{"embeddable":true,"href":"https:\/\/boutique-one-piece.com\/en\/wp-json\/wp\/v2\/media\/12954"}],"wp:attachment":[{"href":"https:\/\/boutique-one-piece.com\/en\/wp-json\/wp\/v2\/media?parent=12952"}],"wp:term":[{"taxonomy":"product_brand","embeddable":true,"href":"https:\/\/boutique-one-piece.com\/en\/wp-json\/wp\/v2\/product_brand?post=12952"},{"taxonomy":"product_cat","embeddable":true,"href":"https:\/\/boutique-one-piece.com\/en\/wp-json\/wp\/v2\/product_cat?post=12952"},{"taxonomy":"product_tag","embeddable":true,"href":"https:\/\/boutique-one-piece.com\/en\/wp-json\/wp\/v2\/product_tag?post=12952"}],"curies":[{"name":"wp","href":"https:\/\/api.w.org\/{rel}","templated":true}]}}