{"id":13168,"date":"2022-09-27T21:01:12","date_gmt":"2022-09-27T21:01:12","guid":{"rendered":"https:\/\/boutique-one-piece.com\/uncategorized\/figurine-one-piece-den-den-mushi-jinbe\/"},"modified":"2024-09-16T13:11:12","modified_gmt":"2024-09-16T13:11:12","slug":"one-piece-den-den-mushi-jinbe-figurine","status":"publish","type":"product","link":"https:\/\/boutique-one-piece.com\/en\/one-piece-figurines\/den-den-mushi-figurines\/one-piece-den-den-mushi-jinbe-figurine\/","title":{"rendered":"One Piece Den Den Mushi Jinbe Figure"},"content":{"rendered":"<h2>Young pirate, the time has come for you to get this One Piece Den Den Mushi Jinbe Figurine.<\/h2>\n<p><strong>Snailphones<\/strong>, Den Den Mushi, also known as Den Den Mushi, are snails that are usually seen with telephones and\/or fax machines attached to their shells. They allow several people to communicate even over very long distances. They mimic the gestures (especially of the mouth) of the speakers.<\/p>\n<p>Finally, the<strong> Den Den Mushi<\/strong>, They generally resemble their user. Here, the user is Jinbe, also known as &quot;The Paladin of the Seas.&quot; He is also the helmsman of the Straw Hat Crew. He is officially the tenth member of the Straw Hat Crew and the ninth to join Luffy&#039;s crew. By the way, if you want to expand your figure collection, the <a title=\"JINBE FIGURINE IN YELLOW KIMONO\" href=\"https:\/\/boutique-one-piece.com\/en\/yellow-kimono-jinbe-figurine\/\" target=\"_blank\" rel=\"noopener\">Jinbe figurine in Kimono<\/a> is within your reach.<\/p>\n<h3>So, are you captivated by Jinbe&#039;s Den Den Mushi? If so, you know what to do next. Discover what message awaits you.<\/h3>\n<p><strong>Young pirate<\/strong>, Take your destiny into your own hands and embark on board the <strong>Thousand Sunny<\/strong>. Many adventures await you there. These mythical objects will plunge you back into this anime with its thrilling adventures. So, what are you waiting for? Don&#039;t hesitate any longer and seize the opportunity to expand <strong>your One Piece universe<\/strong>.<\/p>\n<h2>Information about Den Den Mushi Jinbe Figurine\u00a0<\/h2>\n<ul data-mce-fragment=\"1\">\n<li data-mce-fragment=\"1\"><span data-mce-fragment=\"1\"><b data-mce-fragment=\"1\"><u data-mce-fragment=\"1\">One Piece figurine<\/u><\/b>\u00a0Premium One Piece figurine for true pirates<\/span><\/li>\n<\/ul>\n<ul data-mce-fragment=\"1\">\n<li data-mce-fragment=\"1\">\n<b data-mce-fragment=\"1\">Matter<\/b><span data-mce-fragment=\"1\">\u00a0<\/span>PVC<\/li>\n<\/ul>\n<ul data-mce-fragment=\"1\">\n<li data-mce-fragment=\"1\"><span data-mce-fragment=\"1\"><strong data-mce-fragment=\"1\">Dimension<\/strong>\u00a0: 12 cm<\/span><\/li>\n<\/ul>\n<ul data-mce-fragment=\"1\">\n<li data-mce-fragment=\"1\"><span data-mce-fragment=\"1\"><strong data-mce-fragment=\"1\">FREE DELIVERY<\/strong><\/span><\/li>\n<\/ul>","protected":false},"excerpt":{"rendered":"<p>Young pirate, the time has come for you to get your hands on this One Piece Den Den Mushi Jinbe figurine. Den Den Mushi, also known as Den Den Phones, are snails that are usually seen with telephones and\/or fax machines attached to their shells. They allow several people to communicate even over very long distances.<\/p>","protected":false},"featured_media":13170,"comment_status":"open","ping_status":"open","template":"","meta":[],"product_brand":[],"product_cat":[331,76],"product_tag":[386],"class_list":{"0":"post-13168","1":"product","2":"type-product","3":"status-publish","4":"has-post-thumbnail","6":"product_cat-figurines-den-den-mushi","7":"product_cat-figurines-one-piece","8":"product_tag-den-den-mushi","10":"first","11":"instock","12":"purchasable","13":"product-type-simple"},"yoast_head":"<!-- This site is optimized with the Yoast SEO plugin v27.5 - https:\/\/yoast.com\/product\/yoast-seo-wordpress\/ -->\n<title>Figurine One Piece Den Den Mushi Jinbe | Figurine One Piece \u2013 Boutique One Piece<\/title>\n<meta name=\"description\" content=\"Jeune pirate, le moment est venu pour toi de te procurer cette Figurine One Piece Den Den Mushi Jinbe. Les Escargophones, autrement appel\u00e9 Den Den Mushi, sont des escargots qui sont habituellement vus avec des t\u00e9l\u00e9phones et\/ou des machines fax attach\u00e9s \u00e0 leurs carapaces. Ils permettent \u00e0 plusieurs personnes de communiq\" \/>\n<meta name=\"robots\" content=\"index, follow, max-snippet:-1, max-image-preview:large, max-video-preview:-1\" \/>\n<link rel=\"canonical\" href=\"https:\/\/boutique-one-piece.com\/en\/one-piece-figurines\/den-den-mushi-figurines\/one-piece-den-den-mushi-jinbe-figurine\/\" \/>\n<meta property=\"og:locale\" content=\"en_US\" \/>\n<meta property=\"og:type\" content=\"article\" \/>\n<meta property=\"og:title\" content=\"Figurine One Piece Den Den Mushi Jinbe | Figurine One Piece \u2013 Boutique One Piece\" \/>\n<meta property=\"og:description\" content=\"Jeune pirate, le moment est venu pour toi de te procurer cette Figurine One Piece Den Den Mushi Jinbe. Les Escargophones, autrement appel\u00e9 Den Den Mushi, sont des escargots qui sont habituellement vus avec des t\u00e9l\u00e9phones et\/ou des machines fax attach\u00e9s \u00e0 leurs carapaces. Ils permettent \u00e0 plusieurs personnes de communiq\" \/>\n<meta property=\"og:url\" content=\"https:\/\/boutique-one-piece.com\/en\/one-piece-figurines\/den-den-mushi-figurines\/one-piece-den-den-mushi-jinbe-figurine\/\" \/>\n<meta property=\"og:site_name\" content=\"Boutique One Piece\" \/>\n<meta property=\"article:modified_time\" content=\"2024-09-16T13:11:12+00:00\" \/>\n<meta property=\"og:image\" content=\"https:\/\/boutique-one-piece.com\/wp-content\/uploads\/2022\/09\/Figurine-One-Piece-Den-Den-Mushi-Jinbe.jpg\" \/>\n\t<meta property=\"og:image:width\" content=\"640\" \/>\n\t<meta property=\"og:image:height\" content=\"640\" \/>\n\t<meta property=\"og:image:type\" content=\"image\/jpeg\" \/>\n<meta name=\"twitter:card\" content=\"summary_large_image\" \/>\n<meta name=\"twitter:label1\" content=\"Est. reading time\" \/>\n\t<meta name=\"twitter:data1\" content=\"1 minute\" \/>\n<script type=\"application\/ld+json\" class=\"yoast-schema-graph\">{\"@context\":\"https:\\\/\\\/schema.org\",\"@graph\":[{\"@type\":\"WebPage\",\"@id\":\"https:\\\/\\\/boutique-one-piece.com\\\/figurines-one-piece\\\/figurines-den-den-mushi\\\/figurine-one-piece-den-den-mushi-jinbe\\\/\",\"url\":\"https:\\\/\\\/boutique-one-piece.com\\\/figurines-one-piece\\\/figurines-den-den-mushi\\\/figurine-one-piece-den-den-mushi-jinbe\\\/\",\"name\":\"Figurine One Piece Den Den Mushi Jinbe | Figurine One Piece \u2013 Boutique One Piece\",\"isPartOf\":{\"@id\":\"https:\\\/\\\/boutique-one-piece.com\\\/#website\"},\"primaryImageOfPage\":{\"@id\":\"https:\\\/\\\/boutique-one-piece.com\\\/figurines-one-piece\\\/figurines-den-den-mushi\\\/figurine-one-piece-den-den-mushi-jinbe\\\/#primaryimage\"},\"image\":{\"@id\":\"https:\\\/\\\/boutique-one-piece.com\\\/figurines-one-piece\\\/figurines-den-den-mushi\\\/figurine-one-piece-den-den-mushi-jinbe\\\/#primaryimage\"},\"thumbnailUrl\":\"https:\\\/\\\/boutique-one-piece.com\\\/wp-content\\\/uploads\\\/2022\\\/09\\\/Figurine-One-Piece-Den-Den-Mushi-Jinbe.jpg\",\"datePublished\":\"2022-09-27T21:01:12+00:00\",\"dateModified\":\"2024-09-16T13:11:12+00:00\",\"description\":\"Jeune pirate, le moment est venu pour toi de te procurer cette Figurine One Piece Den Den Mushi Jinbe. Les Escargophones, autrement appel\u00e9 Den Den Mushi, sont des escargots qui sont habituellement vus avec des t\u00e9l\u00e9phones et\\\/ou des machines fax attach\u00e9s \u00e0 leurs carapaces. Ils permettent \u00e0 plusieurs personnes de communiq\",\"breadcrumb\":{\"@id\":\"https:\\\/\\\/boutique-one-piece.com\\\/figurines-one-piece\\\/figurines-den-den-mushi\\\/figurine-one-piece-den-den-mushi-jinbe\\\/#breadcrumb\"},\"inLanguage\":\"en-US\",\"potentialAction\":[{\"@type\":\"ReadAction\",\"target\":[\"https:\\\/\\\/boutique-one-piece.com\\\/figurines-one-piece\\\/figurines-den-den-mushi\\\/figurine-one-piece-den-den-mushi-jinbe\\\/\"]}]},{\"@type\":\"ImageObject\",\"inLanguage\":\"en-US\",\"@id\":\"https:\\\/\\\/boutique-one-piece.com\\\/figurines-one-piece\\\/figurines-den-den-mushi\\\/figurine-one-piece-den-den-mushi-jinbe\\\/#primaryimage\",\"url\":\"https:\\\/\\\/boutique-one-piece.com\\\/wp-content\\\/uploads\\\/2022\\\/09\\\/Figurine-One-Piece-Den-Den-Mushi-Jinbe.jpg\",\"contentUrl\":\"https:\\\/\\\/boutique-one-piece.com\\\/wp-content\\\/uploads\\\/2022\\\/09\\\/Figurine-One-Piece-Den-Den-Mushi-Jinbe.jpg\",\"width\":640,\"height\":640,\"caption\":\"Figurine One Piece Den Den Mushi Jinbe Default Title\"},{\"@type\":\"BreadcrumbList\",\"@id\":\"https:\\\/\\\/boutique-one-piece.com\\\/figurines-one-piece\\\/figurines-den-den-mushi\\\/figurine-one-piece-den-den-mushi-jinbe\\\/#breadcrumb\",\"itemListElement\":[{\"@type\":\"ListItem\",\"position\":1,\"name\":\"Home\",\"item\":\"https:\\\/\\\/boutique-one-piece.com\\\/\"},{\"@type\":\"ListItem\",\"position\":2,\"name\":\"Shop\",\"item\":\"https:\\\/\\\/boutique-one-piece.com\\\/shop\\\/\"},{\"@type\":\"ListItem\",\"position\":3,\"name\":\"Figurine One Piece Den Den Mushi Jinbe\"}]},{\"@type\":\"WebSite\",\"@id\":\"https:\\\/\\\/boutique-one-piece.com\\\/#website\",\"url\":\"https:\\\/\\\/boutique-one-piece.com\\\/\",\"name\":\"Boutique One Piece\",\"description\":\"Magasin Sp\u00e9cialis\u00e9 du Manga et l&#039;Anime One Piece\",\"publisher\":{\"@id\":\"https:\\\/\\\/boutique-one-piece.com\\\/#organization\"},\"potentialAction\":[{\"@type\":\"SearchAction\",\"target\":{\"@type\":\"EntryPoint\",\"urlTemplate\":\"https:\\\/\\\/boutique-one-piece.com\\\/?s={search_term_string}\"},\"query-input\":{\"@type\":\"PropertyValueSpecification\",\"valueRequired\":true,\"valueName\":\"search_term_string\"}}],\"inLanguage\":\"en-US\"},{\"@type\":\"Organization\",\"@id\":\"https:\\\/\\\/boutique-one-piece.com\\\/#organization\",\"name\":\"Boutique One Piece\",\"url\":\"https:\\\/\\\/boutique-one-piece.com\\\/\",\"logo\":{\"@type\":\"ImageObject\",\"inLanguage\":\"en-US\",\"@id\":\"https:\\\/\\\/boutique-one-piece.com\\\/#\\\/schema\\\/logo\\\/image\\\/\",\"url\":\"https:\\\/\\\/boutique-one-piece.com\\\/wp-content\\\/uploads\\\/2022\\\/09\\\/Logo-01.png\",\"contentUrl\":\"https:\\\/\\\/boutique-one-piece.com\\\/wp-content\\\/uploads\\\/2022\\\/09\\\/Logo-01.png\",\"width\":2318,\"height\":957,\"caption\":\"Boutique One Piece\"},\"image\":{\"@id\":\"https:\\\/\\\/boutique-one-piece.com\\\/#\\\/schema\\\/logo\\\/image\\\/\"}}]}<\/script>\n<!-- \/ Yoast SEO plugin. -->","yoast_head_json":{"title":"One Piece Den Den Mushi Jinbe Figure | One Piece Figure \u2013 One Piece Shop","description":"Young pirate, the time has come for you to get your hands on this One Piece Den Den Mushi Jinbe figurine. Den Den Mushi, also known as Den Den Phones, are snails that are usually seen with telephones and\/or fax machines attached to their shells. They allow several people to communicate...","robots":{"index":"index","follow":"follow","max-snippet":"max-snippet:-1","max-image-preview":"max-image-preview:large","max-video-preview":"max-video-preview:-1"},"canonical":"https:\/\/boutique-one-piece.com\/en\/one-piece-figurines\/den-den-mushi-figurines\/one-piece-den-den-mushi-jinbe-figurine\/","og_locale":"en_US","og_type":"article","og_title":"Figurine One Piece Den Den Mushi Jinbe | Figurine One Piece \u2013 Boutique One Piece","og_description":"Jeune pirate, le moment est venu pour toi de te procurer cette Figurine One Piece Den Den Mushi Jinbe. Les Escargophones, autrement appel\u00e9 Den Den Mushi, sont des escargots qui sont habituellement vus avec des t\u00e9l\u00e9phones et\/ou des machines fax attach\u00e9s \u00e0 leurs carapaces. Ils permettent \u00e0 plusieurs personnes de communiq","og_url":"https:\/\/boutique-one-piece.com\/en\/one-piece-figurines\/den-den-mushi-figurines\/one-piece-den-den-mushi-jinbe-figurine\/","og_site_name":"Boutique One Piece","article_modified_time":"2024-09-16T13:11:12+00:00","og_image":[{"width":640,"height":640,"url":"https:\/\/boutique-one-piece.com\/wp-content\/uploads\/2022\/09\/Figurine-One-Piece-Den-Den-Mushi-Jinbe.jpg","type":"image\/jpeg"}],"twitter_card":"summary_large_image","twitter_misc":{"Est. reading time":"1 minute"},"schema":{"@context":"https:\/\/schema.org","@graph":[{"@type":"WebPage","@id":"https:\/\/boutique-one-piece.com\/figurines-one-piece\/figurines-den-den-mushi\/figurine-one-piece-den-den-mushi-jinbe\/","url":"https:\/\/boutique-one-piece.com\/figurines-one-piece\/figurines-den-den-mushi\/figurine-one-piece-den-den-mushi-jinbe\/","name":"One Piece Den Den Mushi Jinbe Figure | One Piece Figure \u2013 One Piece Shop","isPartOf":{"@id":"https:\/\/boutique-one-piece.com\/#website"},"primaryImageOfPage":{"@id":"https:\/\/boutique-one-piece.com\/figurines-one-piece\/figurines-den-den-mushi\/figurine-one-piece-den-den-mushi-jinbe\/#primaryimage"},"image":{"@id":"https:\/\/boutique-one-piece.com\/figurines-one-piece\/figurines-den-den-mushi\/figurine-one-piece-den-den-mushi-jinbe\/#primaryimage"},"thumbnailUrl":"https:\/\/boutique-one-piece.com\/wp-content\/uploads\/2022\/09\/Figurine-One-Piece-Den-Den-Mushi-Jinbe.jpg","datePublished":"2022-09-27T21:01:12+00:00","dateModified":"2024-09-16T13:11:12+00:00","description":"Young pirate, the time has come for you to get your hands on this One Piece Den Den Mushi Jinbe figurine. Den Den Mushi, also known as Den Den Phones, are snails that are usually seen with telephones and\/or fax machines attached to their shells. They allow several people to communicate...","breadcrumb":{"@id":"https:\/\/boutique-one-piece.com\/figurines-one-piece\/figurines-den-den-mushi\/figurine-one-piece-den-den-mushi-jinbe\/#breadcrumb"},"inLanguage":"en-US","potentialAction":[{"@type":"ReadAction","target":["https:\/\/boutique-one-piece.com\/figurines-one-piece\/figurines-den-den-mushi\/figurine-one-piece-den-den-mushi-jinbe\/"]}]},{"@type":"ImageObject","inLanguage":"en-US","@id":"https:\/\/boutique-one-piece.com\/figurines-one-piece\/figurines-den-den-mushi\/figurine-one-piece-den-den-mushi-jinbe\/#primaryimage","url":"https:\/\/boutique-one-piece.com\/wp-content\/uploads\/2022\/09\/Figurine-One-Piece-Den-Den-Mushi-Jinbe.jpg","contentUrl":"https:\/\/boutique-one-piece.com\/wp-content\/uploads\/2022\/09\/Figurine-One-Piece-Den-Den-Mushi-Jinbe.jpg","width":640,"height":640,"caption":"Figurine One Piece Den Den Mushi Jinbe Default Title"},{"@type":"BreadcrumbList","@id":"https:\/\/boutique-one-piece.com\/figurines-one-piece\/figurines-den-den-mushi\/figurine-one-piece-den-den-mushi-jinbe\/#breadcrumb","itemListElement":[{"@type":"ListItem","position":1,"name":"Home","item":"https:\/\/boutique-one-piece.com\/"},{"@type":"ListItem","position":2,"name":"Shop","item":"https:\/\/boutique-one-piece.com\/shop\/"},{"@type":"ListItem","position":3,"name":"Figurine One Piece Den Den Mushi Jinbe"}]},{"@type":"WebSite","@id":"https:\/\/boutique-one-piece.com\/#website","url":"https:\/\/boutique-one-piece.com\/","name":"One Piece Shop","description":"Specialty store for One Piece Manga and Anime","publisher":{"@id":"https:\/\/boutique-one-piece.com\/#organization"},"potentialAction":[{"@type":"SearchAction","target":{"@type":"EntryPoint","urlTemplate":"https:\/\/boutique-one-piece.com\/?s={search_term_string}"},"query-input":{"@type":"PropertyValueSpecification","valueRequired":true,"valueName":"search_term_string"}}],"inLanguage":"en-US"},{"@type":"Organization","@id":"https:\/\/boutique-one-piece.com\/#organization","name":"One Piece Shop","url":"https:\/\/boutique-one-piece.com\/","logo":{"@type":"ImageObject","inLanguage":"en-US","@id":"https:\/\/boutique-one-piece.com\/#\/schema\/logo\/image\/","url":"https:\/\/boutique-one-piece.com\/wp-content\/uploads\/2022\/09\/Logo-01.png","contentUrl":"https:\/\/boutique-one-piece.com\/wp-content\/uploads\/2022\/09\/Logo-01.png","width":2318,"height":957,"caption":"Boutique One Piece"},"image":{"@id":"https:\/\/boutique-one-piece.com\/#\/schema\/logo\/image\/"}}]}},"_links":{"self":[{"href":"https:\/\/boutique-one-piece.com\/en\/wp-json\/wp\/v2\/product\/13168","targetHints":{"allow":["GET"]}}],"collection":[{"href":"https:\/\/boutique-one-piece.com\/en\/wp-json\/wp\/v2\/product"}],"about":[{"href":"https:\/\/boutique-one-piece.com\/en\/wp-json\/wp\/v2\/types\/product"}],"replies":[{"embeddable":true,"href":"https:\/\/boutique-one-piece.com\/en\/wp-json\/wp\/v2\/comments?post=13168"}],"wp:featuredmedia":[{"embeddable":true,"href":"https:\/\/boutique-one-piece.com\/en\/wp-json\/wp\/v2\/media\/13170"}],"wp:attachment":[{"href":"https:\/\/boutique-one-piece.com\/en\/wp-json\/wp\/v2\/media?parent=13168"}],"wp:term":[{"taxonomy":"product_brand","embeddable":true,"href":"https:\/\/boutique-one-piece.com\/en\/wp-json\/wp\/v2\/product_brand?post=13168"},{"taxonomy":"product_cat","embeddable":true,"href":"https:\/\/boutique-one-piece.com\/en\/wp-json\/wp\/v2\/product_cat?post=13168"},{"taxonomy":"product_tag","embeddable":true,"href":"https:\/\/boutique-one-piece.com\/en\/wp-json\/wp\/v2\/product_tag?post=13168"}],"curies":[{"name":"wp","href":"https:\/\/api.w.org\/{rel}","templated":true}]}}