{"id":13191,"date":"2022-09-27T21:01:33","date_gmt":"2022-09-27T21:01:33","guid":{"rendered":"https:\/\/boutique-one-piece.com\/uncategorized\/avis-de-recherche-coby-wanted\/"},"modified":"2024-09-16T13:11:44","modified_gmt":"2024-09-16T13:11:44","slug":"wanted-notice-coby-wanted","status":"publish","type":"product","link":"https:\/\/boutique-one-piece.com\/en\/one-piece-wanted-poster\/wanted-notice-coby-wanted\/","title":{"rendered":"Coby Wanted Notice"},"content":{"rendered":"<h2>If you want to give your decoration a fresh look, adorn your wall with this Coby Wanted poster.<\/h2>\n<p>Coby (que l\u2019on \u00e9crit \u00e9galement Koby), est le premier personnage que rencontre Luffy dans son aventure. \u00c0 ce moment, il est l\u2019esclave de la pirate <strong>Alvida<\/strong> and he performs all the household chores on the ship. He is freed from her control by Luffy and after an adventure at <strong>Shells Town<\/strong> o\u00f9 il se rend compte que toute la Marine n\u2019est pas int\u00e8gre, son v\u009cu de devenir un Marine se renforce, pour que la Marine soit droite avec tout le monde.<\/p>\n<h3>D\u00e9core tes murs avec cet avis de recherche fan made, car tu n\u2019es pas sans savoir que Coby n\u2019a pas de prime de recherche puisqu\u2019il est avec la Marine.<\/h3>\n<p>Malgr\u00e9 son int\u00e9gration \u00e0 la Marine, Coby est reconnaissant envers Luffy et ils se promettent de rester amis, m\u00eame si leurs destins tendent \u00e0 prendre des chemins totalement oppos\u00e9s, puisque la Marine pourchasse les pirates. Coby est un personnage que l\u2019on appr\u00e9cie car m\u00eame si \u00e0 premi\u00e8re vue, c\u2019est un froussard, il se laisse guider par ses \u00e9motions et son sens de la justice, qui l\u2019a tout de m\u00eame pouss\u00e9 \u00e0 tenir t\u00eate \u00e0 l\u2019Amiral Akainu pour stopper la bataille car cela \u00e9tait selon lui \u00ab\u00a0un trop grand nombre de vies g\u00e2ch\u00e9es\u00a0\u00bb. Apr\u00e8s l\u2019ellipse, il est un <strong>captain<\/strong> of the <strong>Marine<\/strong>.<\/p>\n<p>According to this wanted poster and based on its power estimate, the bounty is 250 million Berries for Coby&#039;s head.<\/p>\n<p>If you like <strong>bonuses<\/strong>, tu aimeras sans doute l\u2019<a href=\"https:\/\/boutique-one-piece.com\/en\/one-piece-wanted-poster\/products\/one-piece-wanted-poster-shanks-wanted\/\" target=\"_blank\" title=\"Shanks Wanted Notice\" rel=\"noopener noreferrer\">Shanks wanted poster<\/a>.<\/p>\n<h2>Informations sur l\u2019Affiche One Piece Wanted Coby<\/h2>\n<ul>\n<li><span><b><u>One Piece Wanted Poster<\/u><\/b>\u00a0: v\u00e9ritable Avis De Recherche de l\u2019univers One Piece pour les vrais pirates<\/span><\/li>\n<\/ul>\n<ul>\n<li>\n<b><u>Coby&#039;s Prime<\/u><\/b>\u00a0250,000,000 Berries<\/li>\n<\/ul>\n<ul>\n<li><span><strong>High Quality Printing<\/strong>\u00a0accurate colors<\/span><\/li>\n<\/ul>\n<ul>\n<li>\n<strong>Dimension<\/strong>\u00a0: 30 cm x 21 cm and 42 cm x 30 cm<\/li>\n<\/ul>\n<ul>\n<li><span><strong>FREE DELIVERY<\/strong><\/span><\/li>\n<\/ul>","protected":false},"excerpt":{"rendered":"<p>Si tu veux donner un nouveau souffle \u00e0 ta d\u00e9coration, orne ton mur avec cet Avis de Recherche Coby Wanted. Coby (que l\u2019on \u00e9crit \u00e9galement Koby), est le premier personnage que rencontre Luffy dans son aventure. \u00c0 ce moment, il est l\u2019esclave de la pirate Alvida et il effectue toutes les t\u00e2ches m\u00e9nag\u00e8res sur le [&hellip;]<\/p>","protected":false},"featured_media":13193,"comment_status":"open","ping_status":"open","template":"","meta":[],"product_brand":[],"product_cat":[171],"product_tag":[],"class_list":{"0":"post-13191","1":"product","2":"type-product","3":"status-publish","4":"has-post-thumbnail","6":"product_cat-avis-de-recherche-one-piece","8":"first","9":"instock","10":"purchasable","11":"product-type-variable","12":"has-default-attributes"},"yoast_head":"<!-- This site is optimized with the Yoast SEO plugin v27.5 - https:\/\/yoast.com\/product\/yoast-seo-wordpress\/ -->\n<title>Avis De Recherche Coby Wanted | D\u00e9coration One Piece \u2013 Boutique One Piece<\/title>\n<meta name=\"description\" content=\"Si tu veux donner un nouveau souffle \u00e0 ta d\u00e9coration, orne ton mur avec cet Avis de Recherche Coby Wanted. Coby (que l&#039;on \u00e9crit \u00e9galement Koby), est le premier personnage que rencontre Luffy dans son aventure. \u00c0 ce moment, il est l&#039;esclave de la pirate Alvida et il effectue toutes les t\u00e2ches m\u00e9nag\u00e8res sur le bateau. Il\" \/>\n<meta name=\"robots\" content=\"index, follow, max-snippet:-1, max-image-preview:large, max-video-preview:-1\" \/>\n<link rel=\"canonical\" href=\"https:\/\/boutique-one-piece.com\/en\/one-piece-wanted-poster\/wanted-notice-coby-wanted\/\" \/>\n<meta property=\"og:locale\" content=\"en_US\" \/>\n<meta property=\"og:type\" content=\"article\" \/>\n<meta property=\"og:title\" content=\"Avis De Recherche Coby Wanted | D\u00e9coration One Piece \u2013 Boutique One Piece\" \/>\n<meta property=\"og:description\" content=\"Si tu veux donner un nouveau souffle \u00e0 ta d\u00e9coration, orne ton mur avec cet Avis de Recherche Coby Wanted. Coby (que l&#039;on \u00e9crit \u00e9galement Koby), est le premier personnage que rencontre Luffy dans son aventure. \u00c0 ce moment, il est l&#039;esclave de la pirate Alvida et il effectue toutes les t\u00e2ches m\u00e9nag\u00e8res sur le bateau. Il\" \/>\n<meta property=\"og:url\" content=\"https:\/\/boutique-one-piece.com\/en\/one-piece-wanted-poster\/wanted-notice-coby-wanted\/\" \/>\n<meta property=\"og:site_name\" content=\"Boutique One Piece\" \/>\n<meta property=\"article:modified_time\" content=\"2024-09-16T13:11:44+00:00\" \/>\n<meta property=\"og:image\" content=\"https:\/\/boutique-one-piece.com\/wp-content\/uploads\/2022\/09\/Avis-De-Recherche-Coby-Wanted.jpg\" \/>\n\t<meta property=\"og:image:width\" content=\"800\" \/>\n\t<meta property=\"og:image:height\" content=\"800\" \/>\n\t<meta property=\"og:image:type\" content=\"image\/jpeg\" \/>\n<meta name=\"twitter:card\" content=\"summary_large_image\" \/>\n<meta name=\"twitter:label1\" content=\"Est. reading time\" \/>\n\t<meta name=\"twitter:data1\" content=\"2 minutes\" \/>\n<script type=\"application\/ld+json\" class=\"yoast-schema-graph\">{\"@context\":\"https:\\\/\\\/schema.org\",\"@graph\":[{\"@type\":\"WebPage\",\"@id\":\"https:\\\/\\\/boutique-one-piece.com\\\/avis-de-recherche-one-piece\\\/avis-de-recherche-coby-wanted\\\/\",\"url\":\"https:\\\/\\\/boutique-one-piece.com\\\/avis-de-recherche-one-piece\\\/avis-de-recherche-coby-wanted\\\/\",\"name\":\"Avis De Recherche Coby Wanted | D\u00e9coration One Piece \u2013 Boutique One Piece\",\"isPartOf\":{\"@id\":\"https:\\\/\\\/boutique-one-piece.com\\\/#website\"},\"primaryImageOfPage\":{\"@id\":\"https:\\\/\\\/boutique-one-piece.com\\\/avis-de-recherche-one-piece\\\/avis-de-recherche-coby-wanted\\\/#primaryimage\"},\"image\":{\"@id\":\"https:\\\/\\\/boutique-one-piece.com\\\/avis-de-recherche-one-piece\\\/avis-de-recherche-coby-wanted\\\/#primaryimage\"},\"thumbnailUrl\":\"https:\\\/\\\/boutique-one-piece.com\\\/wp-content\\\/uploads\\\/2022\\\/09\\\/Avis-De-Recherche-Coby-Wanted.jpg\",\"datePublished\":\"2022-09-27T21:01:33+00:00\",\"dateModified\":\"2024-09-16T13:11:44+00:00\",\"description\":\"Si tu veux donner un nouveau souffle \u00e0 ta d\u00e9coration, orne ton mur avec cet Avis de Recherche Coby Wanted. Coby (que l'on \u00e9crit \u00e9galement Koby), est le premier personnage que rencontre Luffy dans son aventure. \u00c0 ce moment, il est l'esclave de la pirate Alvida et il effectue toutes les t\u00e2ches m\u00e9nag\u00e8res sur le bateau. Il\",\"breadcrumb\":{\"@id\":\"https:\\\/\\\/boutique-one-piece.com\\\/avis-de-recherche-one-piece\\\/avis-de-recherche-coby-wanted\\\/#breadcrumb\"},\"inLanguage\":\"en-US\",\"potentialAction\":[{\"@type\":\"ReadAction\",\"target\":[\"https:\\\/\\\/boutique-one-piece.com\\\/avis-de-recherche-one-piece\\\/avis-de-recherche-coby-wanted\\\/\"]}]},{\"@type\":\"ImageObject\",\"inLanguage\":\"en-US\",\"@id\":\"https:\\\/\\\/boutique-one-piece.com\\\/avis-de-recherche-one-piece\\\/avis-de-recherche-coby-wanted\\\/#primaryimage\",\"url\":\"https:\\\/\\\/boutique-one-piece.com\\\/wp-content\\\/uploads\\\/2022\\\/09\\\/Avis-De-Recherche-Coby-Wanted.jpg\",\"contentUrl\":\"https:\\\/\\\/boutique-one-piece.com\\\/wp-content\\\/uploads\\\/2022\\\/09\\\/Avis-De-Recherche-Coby-Wanted.jpg\",\"width\":800,\"height\":800,\"caption\":\"Avis De Recherche Coby Wanted 42X30cm\"},{\"@type\":\"BreadcrumbList\",\"@id\":\"https:\\\/\\\/boutique-one-piece.com\\\/avis-de-recherche-one-piece\\\/avis-de-recherche-coby-wanted\\\/#breadcrumb\",\"itemListElement\":[{\"@type\":\"ListItem\",\"position\":1,\"name\":\"Home\",\"item\":\"https:\\\/\\\/boutique-one-piece.com\\\/\"},{\"@type\":\"ListItem\",\"position\":2,\"name\":\"Shop\",\"item\":\"https:\\\/\\\/boutique-one-piece.com\\\/shop\\\/\"},{\"@type\":\"ListItem\",\"position\":3,\"name\":\"Avis De Recherche Coby Wanted\"}]},{\"@type\":\"WebSite\",\"@id\":\"https:\\\/\\\/boutique-one-piece.com\\\/#website\",\"url\":\"https:\\\/\\\/boutique-one-piece.com\\\/\",\"name\":\"Boutique One Piece\",\"description\":\"Magasin Sp\u00e9cialis\u00e9 du Manga et l&#039;Anime One Piece\",\"publisher\":{\"@id\":\"https:\\\/\\\/boutique-one-piece.com\\\/#organization\"},\"potentialAction\":[{\"@type\":\"SearchAction\",\"target\":{\"@type\":\"EntryPoint\",\"urlTemplate\":\"https:\\\/\\\/boutique-one-piece.com\\\/?s={search_term_string}\"},\"query-input\":{\"@type\":\"PropertyValueSpecification\",\"valueRequired\":true,\"valueName\":\"search_term_string\"}}],\"inLanguage\":\"en-US\"},{\"@type\":\"Organization\",\"@id\":\"https:\\\/\\\/boutique-one-piece.com\\\/#organization\",\"name\":\"Boutique One Piece\",\"url\":\"https:\\\/\\\/boutique-one-piece.com\\\/\",\"logo\":{\"@type\":\"ImageObject\",\"inLanguage\":\"en-US\",\"@id\":\"https:\\\/\\\/boutique-one-piece.com\\\/#\\\/schema\\\/logo\\\/image\\\/\",\"url\":\"https:\\\/\\\/boutique-one-piece.com\\\/wp-content\\\/uploads\\\/2022\\\/09\\\/Logo-01.png\",\"contentUrl\":\"https:\\\/\\\/boutique-one-piece.com\\\/wp-content\\\/uploads\\\/2022\\\/09\\\/Logo-01.png\",\"width\":2318,\"height\":957,\"caption\":\"Boutique One Piece\"},\"image\":{\"@id\":\"https:\\\/\\\/boutique-one-piece.com\\\/#\\\/schema\\\/logo\\\/image\\\/\"}}]}<\/script>\n<!-- \/ Yoast SEO plugin. -->","yoast_head_json":{"title":"Coby Wanted Notice | One Piece Decorations \u2013 One Piece Shop","description":"If you want to give your decor a fresh look, adorn your wall with this Coby Wanted poster. Coby (also spelled Koby) is the first character Luffy meets on his adventure. At that time, he is the slave of the pirate Alvida and performs all the household chores on the ship.","robots":{"index":"index","follow":"follow","max-snippet":"max-snippet:-1","max-image-preview":"max-image-preview:large","max-video-preview":"max-video-preview:-1"},"canonical":"https:\/\/boutique-one-piece.com\/en\/one-piece-wanted-poster\/wanted-notice-coby-wanted\/","og_locale":"en_US","og_type":"article","og_title":"Avis De Recherche Coby Wanted | D\u00e9coration One Piece \u2013 Boutique One Piece","og_description":"Si tu veux donner un nouveau souffle \u00e0 ta d\u00e9coration, orne ton mur avec cet Avis de Recherche Coby Wanted. Coby (que l'on \u00e9crit \u00e9galement Koby), est le premier personnage que rencontre Luffy dans son aventure. \u00c0 ce moment, il est l'esclave de la pirate Alvida et il effectue toutes les t\u00e2ches m\u00e9nag\u00e8res sur le bateau. Il","og_url":"https:\/\/boutique-one-piece.com\/en\/one-piece-wanted-poster\/wanted-notice-coby-wanted\/","og_site_name":"Boutique One Piece","article_modified_time":"2024-09-16T13:11:44+00:00","og_image":[{"width":800,"height":800,"url":"https:\/\/boutique-one-piece.com\/wp-content\/uploads\/2022\/09\/Avis-De-Recherche-Coby-Wanted.jpg","type":"image\/jpeg"}],"twitter_card":"summary_large_image","twitter_misc":{"Est. reading time":"2 minutes"},"schema":{"@context":"https:\/\/schema.org","@graph":[{"@type":"WebPage","@id":"https:\/\/boutique-one-piece.com\/avis-de-recherche-one-piece\/avis-de-recherche-coby-wanted\/","url":"https:\/\/boutique-one-piece.com\/avis-de-recherche-one-piece\/avis-de-recherche-coby-wanted\/","name":"Coby Wanted Notice | One Piece Decorations \u2013 One Piece Shop","isPartOf":{"@id":"https:\/\/boutique-one-piece.com\/#website"},"primaryImageOfPage":{"@id":"https:\/\/boutique-one-piece.com\/avis-de-recherche-one-piece\/avis-de-recherche-coby-wanted\/#primaryimage"},"image":{"@id":"https:\/\/boutique-one-piece.com\/avis-de-recherche-one-piece\/avis-de-recherche-coby-wanted\/#primaryimage"},"thumbnailUrl":"https:\/\/boutique-one-piece.com\/wp-content\/uploads\/2022\/09\/Avis-De-Recherche-Coby-Wanted.jpg","datePublished":"2022-09-27T21:01:33+00:00","dateModified":"2024-09-16T13:11:44+00:00","description":"If you want to give your decor a fresh look, adorn your wall with this Coby Wanted poster. Coby (also spelled Koby) is the first character Luffy meets on his adventure. At that time, he is the slave of the pirate Alvida and performs all the household chores on the ship.","breadcrumb":{"@id":"https:\/\/boutique-one-piece.com\/avis-de-recherche-one-piece\/avis-de-recherche-coby-wanted\/#breadcrumb"},"inLanguage":"en-US","potentialAction":[{"@type":"ReadAction","target":["https:\/\/boutique-one-piece.com\/avis-de-recherche-one-piece\/avis-de-recherche-coby-wanted\/"]}]},{"@type":"ImageObject","inLanguage":"en-US","@id":"https:\/\/boutique-one-piece.com\/avis-de-recherche-one-piece\/avis-de-recherche-coby-wanted\/#primaryimage","url":"https:\/\/boutique-one-piece.com\/wp-content\/uploads\/2022\/09\/Avis-De-Recherche-Coby-Wanted.jpg","contentUrl":"https:\/\/boutique-one-piece.com\/wp-content\/uploads\/2022\/09\/Avis-De-Recherche-Coby-Wanted.jpg","width":800,"height":800,"caption":"Avis De Recherche Coby Wanted 42X30cm"},{"@type":"BreadcrumbList","@id":"https:\/\/boutique-one-piece.com\/avis-de-recherche-one-piece\/avis-de-recherche-coby-wanted\/#breadcrumb","itemListElement":[{"@type":"ListItem","position":1,"name":"Home","item":"https:\/\/boutique-one-piece.com\/"},{"@type":"ListItem","position":2,"name":"Shop","item":"https:\/\/boutique-one-piece.com\/shop\/"},{"@type":"ListItem","position":3,"name":"Avis De Recherche Coby Wanted"}]},{"@type":"WebSite","@id":"https:\/\/boutique-one-piece.com\/#website","url":"https:\/\/boutique-one-piece.com\/","name":"One Piece Shop","description":"Specialty store for One Piece Manga and Anime","publisher":{"@id":"https:\/\/boutique-one-piece.com\/#organization"},"potentialAction":[{"@type":"SearchAction","target":{"@type":"EntryPoint","urlTemplate":"https:\/\/boutique-one-piece.com\/?s={search_term_string}"},"query-input":{"@type":"PropertyValueSpecification","valueRequired":true,"valueName":"search_term_string"}}],"inLanguage":"en-US"},{"@type":"Organization","@id":"https:\/\/boutique-one-piece.com\/#organization","name":"One Piece Shop","url":"https:\/\/boutique-one-piece.com\/","logo":{"@type":"ImageObject","inLanguage":"en-US","@id":"https:\/\/boutique-one-piece.com\/#\/schema\/logo\/image\/","url":"https:\/\/boutique-one-piece.com\/wp-content\/uploads\/2022\/09\/Logo-01.png","contentUrl":"https:\/\/boutique-one-piece.com\/wp-content\/uploads\/2022\/09\/Logo-01.png","width":2318,"height":957,"caption":"Boutique One Piece"},"image":{"@id":"https:\/\/boutique-one-piece.com\/#\/schema\/logo\/image\/"}}]}},"_links":{"self":[{"href":"https:\/\/boutique-one-piece.com\/en\/wp-json\/wp\/v2\/product\/13191","targetHints":{"allow":["GET"]}}],"collection":[{"href":"https:\/\/boutique-one-piece.com\/en\/wp-json\/wp\/v2\/product"}],"about":[{"href":"https:\/\/boutique-one-piece.com\/en\/wp-json\/wp\/v2\/types\/product"}],"replies":[{"embeddable":true,"href":"https:\/\/boutique-one-piece.com\/en\/wp-json\/wp\/v2\/comments?post=13191"}],"wp:featuredmedia":[{"embeddable":true,"href":"https:\/\/boutique-one-piece.com\/en\/wp-json\/wp\/v2\/media\/13193"}],"wp:attachment":[{"href":"https:\/\/boutique-one-piece.com\/en\/wp-json\/wp\/v2\/media?parent=13191"}],"wp:term":[{"taxonomy":"product_brand","embeddable":true,"href":"https:\/\/boutique-one-piece.com\/en\/wp-json\/wp\/v2\/product_brand?post=13191"},{"taxonomy":"product_cat","embeddable":true,"href":"https:\/\/boutique-one-piece.com\/en\/wp-json\/wp\/v2\/product_cat?post=13191"},{"taxonomy":"product_tag","embeddable":true,"href":"https:\/\/boutique-one-piece.com\/en\/wp-json\/wp\/v2\/product_tag?post=13191"}],"curies":[{"name":"wp","href":"https:\/\/api.w.org\/{rel}","templated":true}]}}