{"id":13224,"date":"2022-09-27T21:01:48","date_gmt":"2022-09-27T21:01:48","guid":{"rendered":"https:\/\/boutique-one-piece.com\/uncategorized\/casquette-one-piece-la-marine\/"},"modified":"2024-09-16T15:25:14","modified_gmt":"2024-09-16T15:25:14","slug":"one-piece-navy-cap","status":"publish","type":"product","link":"https:\/\/boutique-one-piece.com\/en\/one-piece-clothes\/one-piece-caps-and-hats\/one-piece-navy-cap\/","title":{"rendered":"One Piece Navy Cap"},"content":{"rendered":"<ul>\n<li>\u00a0<strong>Premium quality cap\u00a0<\/strong>: constituted<span>\u00a0<\/span>of 4\u00a0<strong>rear panels<\/strong>\u00a0in\u00a0<strong>mesh<\/strong>, This\u00a0<strong>fabric<\/strong>\u00a0in\u00a0<strong>plastic<\/strong>\u00a0is very\u00a0<strong>aerated<\/strong>\u00a0thanks to its weave\u00ab\u00a0<strong>net<\/strong>\u00ab\u00a0<\/li>\n<\/ul>\n<ul>\n<li>\n<strong>Polyester<\/strong>\u00a0: with its\u00a0<strong>composition\u00a0<\/strong>in<strong>\u00a0polyester<\/strong>, This cap offers a perfect\u00a0<strong>protection<\/strong>\u00a0against the\u00a0<strong>sun\u00a0<\/strong>And<strong>\u00a0water<\/strong>.\u00a0<\/li>\n<\/ul>\n<ul>\n<li>\n<strong>Very comfortable\u00a0<\/strong>: with its ventilation, it is very comfortable to wear<\/li>\n<\/ul>\n<ul>\n<li>\n<strong>3D digital printing<\/strong>\u00a0: cap<strong>\u00a0printed<\/strong>\u00a0with an original design,\u00a0<strong>Canvas Print<\/strong>\n<\/li>\n<\/ul>\n<ul>\n<li>\n<strong>Curved visor\u00a0<\/strong>: there\u00a0<strong>visor<\/strong>\u00a0East<strong>\u00a0pre<\/strong><strong>-curved<\/strong>\n<\/li>\n<\/ul>\n<ul>\n<li>\n<strong>Snapback clasp<\/strong>\u00a0:\u00a0<strong>attached<\/strong>\u00a0in\u00a0<strong>plastic<\/strong>\u00a0with\u00a0<strong>buttons<\/strong>\u00a0of\u00a0<strong>pressures<\/strong>\n<\/li>\n<\/ul>\n<ul>\n<li>\n<strong>Free Delivery\u00a0<\/strong>for any purchase<\/li>\n<\/ul>","protected":false},"excerpt":{"rendered":"<p>\u00a0Premium quality cap: Made with 4 mesh back panels, this plastic fabric is highly breathable thanks to its mesh weave. Polyester: With its polyester composition, this cap offers excellent protection against sun and water. Very comfortable: Its ventilation makes it very pleasant to wear. 3D digital print: Cap printed with an original design. Canvas print. Curved visor: The visor is pre-curved. Snapback closure: Plastic fastener with snap buttons. Free shipping on all purchases.<\/p>","protected":false},"featured_media":13226,"comment_status":"open","ping_status":"open","template":"","meta":[],"product_brand":[],"product_cat":[190],"product_tag":[],"class_list":{"0":"post-13224","1":"product","2":"type-product","3":"status-publish","4":"has-post-thumbnail","6":"product_cat-casquettes-et-chapeaux-one-piece","8":"first","9":"instock","10":"purchasable","11":"product-type-variable","12":"has-default-attributes"},"yoast_head":"<!-- This site is optimized with the Yoast SEO plugin v27.5 - https:\/\/yoast.com\/product\/yoast-seo-wordpress\/ -->\n<title>Casquette One Piece La Marine | Boutique One Piece<\/title>\n<meta name=\"description\" content=\"\u00a0Casquette\u00a0 de qualit\u00e9 sup\u00e9rieure\u00a0: constitu\u00e9e\u00a0de 4\u00a0panneaux arri\u00e8re\u00a0en\u00a0mesh, ce\u00a0tissu\u00a0en\u00a0plastique\u00a0est tr\u00e8s\u00a0a\u00e9r\u00e9\u00a0gr\u00e2ce \u00e0 son\u00a0tissage\u00a0&quot;filet&quot; Polyester\u00a0: avec sa\u00a0composition\u00a0en\u00a0polyester, cette\u00a0casquette\u00a0offre une parfaite\u00a0protection\u00a0contre le\u00a0soleil\u00a0et\u00a0l&#039;eau.\u00a0 Tr\u00e8s confortable\u00a0: avec son a\u00e9ration, elle est tr\u00e8s agr\u00e9ab\" \/>\n<meta name=\"robots\" content=\"index, follow, max-snippet:-1, max-image-preview:large, max-video-preview:-1\" \/>\n<link rel=\"canonical\" href=\"https:\/\/boutique-one-piece.com\/en\/one-piece-clothes\/one-piece-caps-and-hats\/one-piece-navy-cap\/\" \/>\n<meta property=\"og:locale\" content=\"en_US\" \/>\n<meta property=\"og:type\" content=\"article\" \/>\n<meta property=\"og:title\" content=\"Casquette One Piece La Marine | Boutique One Piece\" \/>\n<meta property=\"og:description\" content=\"\u00a0Casquette\u00a0 de qualit\u00e9 sup\u00e9rieure\u00a0: constitu\u00e9e\u00a0de 4\u00a0panneaux arri\u00e8re\u00a0en\u00a0mesh, ce\u00a0tissu\u00a0en\u00a0plastique\u00a0est tr\u00e8s\u00a0a\u00e9r\u00e9\u00a0gr\u00e2ce \u00e0 son\u00a0tissage\u00a0&quot;filet&quot; Polyester\u00a0: avec sa\u00a0composition\u00a0en\u00a0polyester, cette\u00a0casquette\u00a0offre une parfaite\u00a0protection\u00a0contre le\u00a0soleil\u00a0et\u00a0l&#039;eau.\u00a0 Tr\u00e8s confortable\u00a0: avec son a\u00e9ration, elle est tr\u00e8s agr\u00e9ab\" \/>\n<meta property=\"og:url\" content=\"https:\/\/boutique-one-piece.com\/en\/one-piece-clothes\/one-piece-caps-and-hats\/one-piece-navy-cap\/\" \/>\n<meta property=\"og:site_name\" content=\"Boutique One Piece\" \/>\n<meta property=\"article:modified_time\" content=\"2024-09-16T15:25:14+00:00\" \/>\n<meta property=\"og:image\" content=\"https:\/\/boutique-one-piece.com\/wp-content\/uploads\/2022\/09\/Casquette-One-Piece-La-Marine-1.jpg\" \/>\n\t<meta property=\"og:image:width\" content=\"750\" \/>\n\t<meta property=\"og:image:height\" content=\"711\" \/>\n\t<meta property=\"og:image:type\" content=\"image\/jpeg\" \/>\n<meta name=\"twitter:card\" content=\"summary_large_image\" \/>\n<meta name=\"twitter:label1\" content=\"Est. reading time\" \/>\n\t<meta name=\"twitter:data1\" content=\"1 minute\" \/>\n<script type=\"application\/ld+json\" class=\"yoast-schema-graph\">{\"@context\":\"https:\\\/\\\/schema.org\",\"@graph\":[{\"@type\":\"WebPage\",\"@id\":\"https:\\\/\\\/boutique-one-piece.com\\\/vetements-one-piece\\\/casquettes-et-chapeaux-one-piece\\\/casquette-one-piece-la-marine\\\/\",\"url\":\"https:\\\/\\\/boutique-one-piece.com\\\/vetements-one-piece\\\/casquettes-et-chapeaux-one-piece\\\/casquette-one-piece-la-marine\\\/\",\"name\":\"Casquette One Piece La Marine | Boutique One Piece\",\"isPartOf\":{\"@id\":\"https:\\\/\\\/boutique-one-piece.com\\\/#website\"},\"primaryImageOfPage\":{\"@id\":\"https:\\\/\\\/boutique-one-piece.com\\\/vetements-one-piece\\\/casquettes-et-chapeaux-one-piece\\\/casquette-one-piece-la-marine\\\/#primaryimage\"},\"image\":{\"@id\":\"https:\\\/\\\/boutique-one-piece.com\\\/vetements-one-piece\\\/casquettes-et-chapeaux-one-piece\\\/casquette-one-piece-la-marine\\\/#primaryimage\"},\"thumbnailUrl\":\"https:\\\/\\\/boutique-one-piece.com\\\/wp-content\\\/uploads\\\/2022\\\/09\\\/Casquette-One-Piece-La-Marine-1.jpg\",\"datePublished\":\"2022-09-27T21:01:48+00:00\",\"dateModified\":\"2024-09-16T15:25:14+00:00\",\"description\":\"\u00a0Casquette\u00a0 de qualit\u00e9 sup\u00e9rieure\u00a0: constitu\u00e9e\u00a0de 4\u00a0panneaux arri\u00e8re\u00a0en\u00a0mesh, ce\u00a0tissu\u00a0en\u00a0plastique\u00a0est tr\u00e8s\u00a0a\u00e9r\u00e9\u00a0gr\u00e2ce \u00e0 son\u00a0tissage\u00a0\\\"filet\\\" Polyester\u00a0: avec sa\u00a0composition\u00a0en\u00a0polyester, cette\u00a0casquette\u00a0offre une parfaite\u00a0protection\u00a0contre le\u00a0soleil\u00a0et\u00a0l'eau.\u00a0 Tr\u00e8s confortable\u00a0: avec son a\u00e9ration, elle est tr\u00e8s agr\u00e9ab\",\"breadcrumb\":{\"@id\":\"https:\\\/\\\/boutique-one-piece.com\\\/vetements-one-piece\\\/casquettes-et-chapeaux-one-piece\\\/casquette-one-piece-la-marine\\\/#breadcrumb\"},\"inLanguage\":\"en-US\",\"potentialAction\":[{\"@type\":\"ReadAction\",\"target\":[\"https:\\\/\\\/boutique-one-piece.com\\\/vetements-one-piece\\\/casquettes-et-chapeaux-one-piece\\\/casquette-one-piece-la-marine\\\/\"]}]},{\"@type\":\"ImageObject\",\"inLanguage\":\"en-US\",\"@id\":\"https:\\\/\\\/boutique-one-piece.com\\\/vetements-one-piece\\\/casquettes-et-chapeaux-one-piece\\\/casquette-one-piece-la-marine\\\/#primaryimage\",\"url\":\"https:\\\/\\\/boutique-one-piece.com\\\/wp-content\\\/uploads\\\/2022\\\/09\\\/Casquette-One-Piece-La-Marine-1.jpg\",\"contentUrl\":\"https:\\\/\\\/boutique-one-piece.com\\\/wp-content\\\/uploads\\\/2022\\\/09\\\/Casquette-One-Piece-La-Marine-1.jpg\",\"width\":750,\"height\":711},{\"@type\":\"BreadcrumbList\",\"@id\":\"https:\\\/\\\/boutique-one-piece.com\\\/vetements-one-piece\\\/casquettes-et-chapeaux-one-piece\\\/casquette-one-piece-la-marine\\\/#breadcrumb\",\"itemListElement\":[{\"@type\":\"ListItem\",\"position\":1,\"name\":\"Home\",\"item\":\"https:\\\/\\\/boutique-one-piece.com\\\/\"},{\"@type\":\"ListItem\",\"position\":2,\"name\":\"Shop\",\"item\":\"https:\\\/\\\/boutique-one-piece.com\\\/shop\\\/\"},{\"@type\":\"ListItem\",\"position\":3,\"name\":\"Casquette One Piece La Marine\"}]},{\"@type\":\"WebSite\",\"@id\":\"https:\\\/\\\/boutique-one-piece.com\\\/#website\",\"url\":\"https:\\\/\\\/boutique-one-piece.com\\\/\",\"name\":\"Boutique One Piece\",\"description\":\"Magasin Sp\u00e9cialis\u00e9 du Manga et l&#039;Anime One Piece\",\"publisher\":{\"@id\":\"https:\\\/\\\/boutique-one-piece.com\\\/#organization\"},\"potentialAction\":[{\"@type\":\"SearchAction\",\"target\":{\"@type\":\"EntryPoint\",\"urlTemplate\":\"https:\\\/\\\/boutique-one-piece.com\\\/?s={search_term_string}\"},\"query-input\":{\"@type\":\"PropertyValueSpecification\",\"valueRequired\":true,\"valueName\":\"search_term_string\"}}],\"inLanguage\":\"en-US\"},{\"@type\":\"Organization\",\"@id\":\"https:\\\/\\\/boutique-one-piece.com\\\/#organization\",\"name\":\"Boutique One Piece\",\"url\":\"https:\\\/\\\/boutique-one-piece.com\\\/\",\"logo\":{\"@type\":\"ImageObject\",\"inLanguage\":\"en-US\",\"@id\":\"https:\\\/\\\/boutique-one-piece.com\\\/#\\\/schema\\\/logo\\\/image\\\/\",\"url\":\"https:\\\/\\\/boutique-one-piece.com\\\/wp-content\\\/uploads\\\/2022\\\/09\\\/Logo-01.png\",\"contentUrl\":\"https:\\\/\\\/boutique-one-piece.com\\\/wp-content\\\/uploads\\\/2022\\\/09\\\/Logo-01.png\",\"width\":2318,\"height\":957,\"caption\":\"Boutique One Piece\"},\"image\":{\"@id\":\"https:\\\/\\\/boutique-one-piece.com\\\/#\\\/schema\\\/logo\\\/image\\\/\"}}]}<\/script>\n<!-- \/ Yoast SEO plugin. -->","yoast_head_json":{"title":"One Piece Navy Cap | One Piece Shop","description":"\u00a0Premium quality cap: Made with 4 mesh back panels, this plastic fabric is highly breathable thanks to its &quot;net&quot; weave. Polyester: With its polyester composition, this cap offers excellent protection against sun and water. Very comfortable: Thanks to its ventilation, it is very pleasant to wear.","robots":{"index":"index","follow":"follow","max-snippet":"max-snippet:-1","max-image-preview":"max-image-preview:large","max-video-preview":"max-video-preview:-1"},"canonical":"https:\/\/boutique-one-piece.com\/en\/one-piece-clothes\/one-piece-caps-and-hats\/one-piece-navy-cap\/","og_locale":"en_US","og_type":"article","og_title":"Casquette One Piece La Marine | Boutique One Piece","og_description":"\u00a0Casquette\u00a0 de qualit\u00e9 sup\u00e9rieure\u00a0: constitu\u00e9e\u00a0de 4\u00a0panneaux arri\u00e8re\u00a0en\u00a0mesh, ce\u00a0tissu\u00a0en\u00a0plastique\u00a0est tr\u00e8s\u00a0a\u00e9r\u00e9\u00a0gr\u00e2ce \u00e0 son\u00a0tissage\u00a0\"filet\" Polyester\u00a0: avec sa\u00a0composition\u00a0en\u00a0polyester, cette\u00a0casquette\u00a0offre une parfaite\u00a0protection\u00a0contre le\u00a0soleil\u00a0et\u00a0l'eau.\u00a0 Tr\u00e8s confortable\u00a0: avec son a\u00e9ration, elle est tr\u00e8s agr\u00e9ab","og_url":"https:\/\/boutique-one-piece.com\/en\/one-piece-clothes\/one-piece-caps-and-hats\/one-piece-navy-cap\/","og_site_name":"Boutique One Piece","article_modified_time":"2024-09-16T15:25:14+00:00","og_image":[{"width":750,"height":711,"url":"https:\/\/boutique-one-piece.com\/wp-content\/uploads\/2022\/09\/Casquette-One-Piece-La-Marine-1.jpg","type":"image\/jpeg"}],"twitter_card":"summary_large_image","twitter_misc":{"Est. reading time":"1 minute"},"schema":{"@context":"https:\/\/schema.org","@graph":[{"@type":"WebPage","@id":"https:\/\/boutique-one-piece.com\/vetements-one-piece\/casquettes-et-chapeaux-one-piece\/casquette-one-piece-la-marine\/","url":"https:\/\/boutique-one-piece.com\/vetements-one-piece\/casquettes-et-chapeaux-one-piece\/casquette-one-piece-la-marine\/","name":"One Piece Navy Cap | One Piece Shop","isPartOf":{"@id":"https:\/\/boutique-one-piece.com\/#website"},"primaryImageOfPage":{"@id":"https:\/\/boutique-one-piece.com\/vetements-one-piece\/casquettes-et-chapeaux-one-piece\/casquette-one-piece-la-marine\/#primaryimage"},"image":{"@id":"https:\/\/boutique-one-piece.com\/vetements-one-piece\/casquettes-et-chapeaux-one-piece\/casquette-one-piece-la-marine\/#primaryimage"},"thumbnailUrl":"https:\/\/boutique-one-piece.com\/wp-content\/uploads\/2022\/09\/Casquette-One-Piece-La-Marine-1.jpg","datePublished":"2022-09-27T21:01:48+00:00","dateModified":"2024-09-16T15:25:14+00:00","description":"\u00a0Premium quality cap: Made with 4 mesh back panels, this plastic fabric is highly breathable thanks to its &quot;net&quot; weave. Polyester: With its polyester composition, this cap offers excellent protection against sun and water. Very comfortable: Thanks to its ventilation, it is very pleasant to wear.","breadcrumb":{"@id":"https:\/\/boutique-one-piece.com\/vetements-one-piece\/casquettes-et-chapeaux-one-piece\/casquette-one-piece-la-marine\/#breadcrumb"},"inLanguage":"en-US","potentialAction":[{"@type":"ReadAction","target":["https:\/\/boutique-one-piece.com\/vetements-one-piece\/casquettes-et-chapeaux-one-piece\/casquette-one-piece-la-marine\/"]}]},{"@type":"ImageObject","inLanguage":"en-US","@id":"https:\/\/boutique-one-piece.com\/vetements-one-piece\/casquettes-et-chapeaux-one-piece\/casquette-one-piece-la-marine\/#primaryimage","url":"https:\/\/boutique-one-piece.com\/wp-content\/uploads\/2022\/09\/Casquette-One-Piece-La-Marine-1.jpg","contentUrl":"https:\/\/boutique-one-piece.com\/wp-content\/uploads\/2022\/09\/Casquette-One-Piece-La-Marine-1.jpg","width":750,"height":711},{"@type":"BreadcrumbList","@id":"https:\/\/boutique-one-piece.com\/vetements-one-piece\/casquettes-et-chapeaux-one-piece\/casquette-one-piece-la-marine\/#breadcrumb","itemListElement":[{"@type":"ListItem","position":1,"name":"Home","item":"https:\/\/boutique-one-piece.com\/"},{"@type":"ListItem","position":2,"name":"Shop","item":"https:\/\/boutique-one-piece.com\/shop\/"},{"@type":"ListItem","position":3,"name":"Casquette One Piece La Marine"}]},{"@type":"WebSite","@id":"https:\/\/boutique-one-piece.com\/#website","url":"https:\/\/boutique-one-piece.com\/","name":"One Piece Shop","description":"Specialty store for One Piece Manga and Anime","publisher":{"@id":"https:\/\/boutique-one-piece.com\/#organization"},"potentialAction":[{"@type":"SearchAction","target":{"@type":"EntryPoint","urlTemplate":"https:\/\/boutique-one-piece.com\/?s={search_term_string}"},"query-input":{"@type":"PropertyValueSpecification","valueRequired":true,"valueName":"search_term_string"}}],"inLanguage":"en-US"},{"@type":"Organization","@id":"https:\/\/boutique-one-piece.com\/#organization","name":"One Piece Shop","url":"https:\/\/boutique-one-piece.com\/","logo":{"@type":"ImageObject","inLanguage":"en-US","@id":"https:\/\/boutique-one-piece.com\/#\/schema\/logo\/image\/","url":"https:\/\/boutique-one-piece.com\/wp-content\/uploads\/2022\/09\/Logo-01.png","contentUrl":"https:\/\/boutique-one-piece.com\/wp-content\/uploads\/2022\/09\/Logo-01.png","width":2318,"height":957,"caption":"Boutique One Piece"},"image":{"@id":"https:\/\/boutique-one-piece.com\/#\/schema\/logo\/image\/"}}]}},"_links":{"self":[{"href":"https:\/\/boutique-one-piece.com\/en\/wp-json\/wp\/v2\/product\/13224","targetHints":{"allow":["GET"]}}],"collection":[{"href":"https:\/\/boutique-one-piece.com\/en\/wp-json\/wp\/v2\/product"}],"about":[{"href":"https:\/\/boutique-one-piece.com\/en\/wp-json\/wp\/v2\/types\/product"}],"replies":[{"embeddable":true,"href":"https:\/\/boutique-one-piece.com\/en\/wp-json\/wp\/v2\/comments?post=13224"}],"wp:featuredmedia":[{"embeddable":true,"href":"https:\/\/boutique-one-piece.com\/en\/wp-json\/wp\/v2\/media\/13226"}],"wp:attachment":[{"href":"https:\/\/boutique-one-piece.com\/en\/wp-json\/wp\/v2\/media?parent=13224"}],"wp:term":[{"taxonomy":"product_brand","embeddable":true,"href":"https:\/\/boutique-one-piece.com\/en\/wp-json\/wp\/v2\/product_brand?post=13224"},{"taxonomy":"product_cat","embeddable":true,"href":"https:\/\/boutique-one-piece.com\/en\/wp-json\/wp\/v2\/product_cat?post=13224"},{"taxonomy":"product_tag","embeddable":true,"href":"https:\/\/boutique-one-piece.com\/en\/wp-json\/wp\/v2\/product_tag?post=13224"}],"curies":[{"name":"wp","href":"https:\/\/api.w.org\/{rel}","templated":true}]}}