{"id":13477,"date":"2022-09-27T21:20:34","date_gmt":"2022-09-27T21:20:34","guid":{"rendered":"https:\/\/boutique-one-piece.com\/uncategorized\/figurine-one-piece-sanji-la-jambe-noire\/"},"modified":"2024-09-16T13:17:10","modified_gmt":"2024-09-16T13:17:10","slug":"one-piece-sanji-black-leg-figurine","status":"publish","type":"product","link":"https:\/\/boutique-one-piece.com\/en\/one-piece-goodies\/goodies-vinsmoke-sanji-one-piece\/one-piece-sanji-black-leg-figurine\/","title":{"rendered":"One Piece Sanji Black Leg Figurine"},"content":{"rendered":"<h2>Young pirate, the time has come for you to get your hands on this One Piece Sanji Black Leg Figurine.<\/h2>\n<p>Sanji, born Vinsmoke Sanji before renouncing his surname, is nicknamed <strong>Sanji the Black Leg<\/strong>. It is also<strong> the cook<\/strong> of the Straw Hat Crew. He is the heir to a martial art with the peculiarity of using only the legs, of which Zeff is the presumed creator.<\/p>\n<p>Speaking of Zeff, you should know that he&#039;s a former pirate known as Red-Leg Zeff. He&#039;s also the chef of the Baratie restaurant ship. He&#039;s also Sanji&#039;s mentor and seems to have taught him his techniques. By the way, if you&#039;re a fan of this duo, the <a title=\"ONE PIECE ZEFF AND SANJI FIGURE\" href=\"https:\/\/boutique-one-piece.com\/en\/one-piece-zeff-and-sanji-figurine\/\" target=\"_blank\" rel=\"noopener\">Sanji and Zelf figurine<\/a> is within your reach.<\/p>\n<h3>So, are you captivated by the Sanji figurine? If so, don&#039;t hesitate any longer and seize this opportunity to learn this particular martial art alongside him.<\/h3>\n<p>Young pirate, the time has come for you to embark on the Thousand Sunny and set off in search of the <strong>One Piece treasure<\/strong> To do so, get your hands on these legendary items now. Perfect for gifting, decorating, or collecting, these items will expand your One Piece universe. Take your destiny into your own hands. <strong>young pirate,<\/strong> Many adventures await you!<\/p>\n<h2>Information about the Sanji Black Leg Figurine\u00a0<\/h2>\n<ul>\n<li><span><b><u>One Piece figurine<\/u><\/b>\u00a0Premium One Piece figurine for true pirates<\/span><\/li>\n<\/ul>\n<ul>\n<li>\n<b>Matter<\/b><span>\u00a0<\/span>PVC<\/li>\n<\/ul>\n<ul>\n<li><span><strong>Dimension<\/strong>\u00a0: 16 cm<\/span><\/li>\n<\/ul>\n<ul>\n<li><span><strong>FREE DELIVERY<\/strong><\/span><\/li>\n<\/ul>","protected":false},"excerpt":{"rendered":"<p>Young pirate, the time has come for you to get your hands on this One Piece Black Leg Sanji figure. Sanji, born Vinsmoke Sanji before renouncing his surname, is nicknamed Black Leg Sanji. He is also the cook of the Straw Hat Crew. He is the heir to a martial art featuring the [\u2026]<\/p>","protected":false},"featured_media":13479,"comment_status":"open","ping_status":"open","template":"","meta":[],"product_brand":[],"product_cat":[76,275,164],"product_tag":[112],"class_list":{"0":"post-13477","1":"product","2":"type-product","3":"status-publish","4":"has-post-thumbnail","6":"product_cat-figurines-one-piece","7":"product_cat-figurines-vinsmoke-sanji","8":"product_cat-goodies-vinsmoke-sanji-one-piece","9":"product_tag-sanji","11":"first","12":"instock","13":"purchasable","14":"product-type-simple"},"yoast_head":"<!-- This site is optimized with the Yoast SEO plugin v27.5 - https:\/\/yoast.com\/product\/yoast-seo-wordpress\/ -->\n<title>Figurine One Piece Sanji la Jambe Noire | Figurine One Piece \u2013 Boutique One Piece<\/title>\n<meta name=\"description\" content=\"Jeune pirate, le moment est venu pour toi de te procurer cette Figurine One Piece Sanji la Jambe Noire. Sanji, n\u00e9 Vinsmoke Sanji avant de renoncer \u00e0 son nom de famille, est surnomm\u00e9 Sanji la Jambe Noire. C&#039;est aussi le cuisinier de l&#039;\u00c9quipage de Chapeau de Paille. Il est l&#039;h\u00e9ritier d&#039;un art martial pr\u00e9sentant la partic\" \/>\n<meta name=\"robots\" content=\"index, follow, max-snippet:-1, max-image-preview:large, max-video-preview:-1\" \/>\n<link rel=\"canonical\" href=\"https:\/\/boutique-one-piece.com\/en\/one-piece-figurines\/vinsmoke-sanji-figurines\/one-piece-sanji-black-leg-figurine\/\" \/>\n<meta property=\"og:locale\" content=\"en_US\" \/>\n<meta property=\"og:type\" content=\"article\" \/>\n<meta property=\"og:title\" content=\"Figurine One Piece Sanji la Jambe Noire | Figurine One Piece \u2013 Boutique One Piece\" \/>\n<meta property=\"og:description\" content=\"Jeune pirate, le moment est venu pour toi de te procurer cette Figurine One Piece Sanji la Jambe Noire. Sanji, n\u00e9 Vinsmoke Sanji avant de renoncer \u00e0 son nom de famille, est surnomm\u00e9 Sanji la Jambe Noire. C&#039;est aussi le cuisinier de l&#039;\u00c9quipage de Chapeau de Paille. Il est l&#039;h\u00e9ritier d&#039;un art martial pr\u00e9sentant la partic\" \/>\n<meta property=\"og:url\" content=\"https:\/\/boutique-one-piece.com\/en\/one-piece-figurines\/vinsmoke-sanji-figurines\/one-piece-sanji-black-leg-figurine\/\" \/>\n<meta property=\"og:site_name\" content=\"Boutique One Piece\" \/>\n<meta property=\"article:modified_time\" content=\"2024-09-16T13:17:10+00:00\" \/>\n<meta property=\"og:image\" content=\"https:\/\/boutique-one-piece.com\/wp-content\/uploads\/2022\/09\/Figurine-One-Piece-Sanji-la-Jambe-Noire-1.jpg\" \/>\n\t<meta property=\"og:image:width\" content=\"800\" \/>\n\t<meta property=\"og:image:height\" content=\"800\" \/>\n\t<meta property=\"og:image:type\" content=\"image\/jpeg\" \/>\n<meta name=\"twitter:card\" content=\"summary_large_image\" \/>\n<meta name=\"twitter:label1\" content=\"Est. reading time\" \/>\n\t<meta name=\"twitter:data1\" content=\"1 minute\" \/>\n<script type=\"application\/ld+json\" class=\"yoast-schema-graph\">{\"@context\":\"https:\\\/\\\/schema.org\",\"@graph\":[{\"@type\":\"WebPage\",\"@id\":\"https:\\\/\\\/boutique-one-piece.com\\\/figurines-one-piece\\\/figurines-vinsmoke-sanji\\\/figurine-one-piece-sanji-la-jambe-noire\\\/\",\"url\":\"https:\\\/\\\/boutique-one-piece.com\\\/figurines-one-piece\\\/figurines-vinsmoke-sanji\\\/figurine-one-piece-sanji-la-jambe-noire\\\/\",\"name\":\"Figurine One Piece Sanji la Jambe Noire | Figurine One Piece \u2013 Boutique One Piece\",\"isPartOf\":{\"@id\":\"https:\\\/\\\/boutique-one-piece.com\\\/#website\"},\"primaryImageOfPage\":{\"@id\":\"https:\\\/\\\/boutique-one-piece.com\\\/figurines-one-piece\\\/figurines-vinsmoke-sanji\\\/figurine-one-piece-sanji-la-jambe-noire\\\/#primaryimage\"},\"image\":{\"@id\":\"https:\\\/\\\/boutique-one-piece.com\\\/figurines-one-piece\\\/figurines-vinsmoke-sanji\\\/figurine-one-piece-sanji-la-jambe-noire\\\/#primaryimage\"},\"thumbnailUrl\":\"https:\\\/\\\/boutique-one-piece.com\\\/wp-content\\\/uploads\\\/2022\\\/09\\\/Figurine-One-Piece-Sanji-la-Jambe-Noire-1.jpg\",\"datePublished\":\"2022-09-27T21:20:34+00:00\",\"dateModified\":\"2024-09-16T13:17:10+00:00\",\"description\":\"Jeune pirate, le moment est venu pour toi de te procurer cette Figurine One Piece Sanji la Jambe Noire. Sanji, n\u00e9 Vinsmoke Sanji avant de renoncer \u00e0 son nom de famille, est surnomm\u00e9 Sanji la Jambe Noire. C'est aussi le cuisinier de l'\u00c9quipage de Chapeau de Paille. Il est l'h\u00e9ritier d'un art martial pr\u00e9sentant la partic\",\"breadcrumb\":{\"@id\":\"https:\\\/\\\/boutique-one-piece.com\\\/figurines-one-piece\\\/figurines-vinsmoke-sanji\\\/figurine-one-piece-sanji-la-jambe-noire\\\/#breadcrumb\"},\"inLanguage\":\"en-US\",\"potentialAction\":[{\"@type\":\"ReadAction\",\"target\":[\"https:\\\/\\\/boutique-one-piece.com\\\/figurines-one-piece\\\/figurines-vinsmoke-sanji\\\/figurine-one-piece-sanji-la-jambe-noire\\\/\"]}]},{\"@type\":\"ImageObject\",\"inLanguage\":\"en-US\",\"@id\":\"https:\\\/\\\/boutique-one-piece.com\\\/figurines-one-piece\\\/figurines-vinsmoke-sanji\\\/figurine-one-piece-sanji-la-jambe-noire\\\/#primaryimage\",\"url\":\"https:\\\/\\\/boutique-one-piece.com\\\/wp-content\\\/uploads\\\/2022\\\/09\\\/Figurine-One-Piece-Sanji-la-Jambe-Noire-1.jpg\",\"contentUrl\":\"https:\\\/\\\/boutique-one-piece.com\\\/wp-content\\\/uploads\\\/2022\\\/09\\\/Figurine-One-Piece-Sanji-la-Jambe-Noire-1.jpg\",\"width\":800,\"height\":800},{\"@type\":\"BreadcrumbList\",\"@id\":\"https:\\\/\\\/boutique-one-piece.com\\\/figurines-one-piece\\\/figurines-vinsmoke-sanji\\\/figurine-one-piece-sanji-la-jambe-noire\\\/#breadcrumb\",\"itemListElement\":[{\"@type\":\"ListItem\",\"position\":1,\"name\":\"Home\",\"item\":\"https:\\\/\\\/boutique-one-piece.com\\\/\"},{\"@type\":\"ListItem\",\"position\":2,\"name\":\"Shop\",\"item\":\"https:\\\/\\\/boutique-one-piece.com\\\/shop\\\/\"},{\"@type\":\"ListItem\",\"position\":3,\"name\":\"Figurine One Piece Sanji la Jambe Noire\"}]},{\"@type\":\"WebSite\",\"@id\":\"https:\\\/\\\/boutique-one-piece.com\\\/#website\",\"url\":\"https:\\\/\\\/boutique-one-piece.com\\\/\",\"name\":\"Boutique One Piece\",\"description\":\"Magasin Sp\u00e9cialis\u00e9 du Manga et l&#039;Anime One Piece\",\"publisher\":{\"@id\":\"https:\\\/\\\/boutique-one-piece.com\\\/#organization\"},\"potentialAction\":[{\"@type\":\"SearchAction\",\"target\":{\"@type\":\"EntryPoint\",\"urlTemplate\":\"https:\\\/\\\/boutique-one-piece.com\\\/?s={search_term_string}\"},\"query-input\":{\"@type\":\"PropertyValueSpecification\",\"valueRequired\":true,\"valueName\":\"search_term_string\"}}],\"inLanguage\":\"en-US\"},{\"@type\":\"Organization\",\"@id\":\"https:\\\/\\\/boutique-one-piece.com\\\/#organization\",\"name\":\"Boutique One Piece\",\"url\":\"https:\\\/\\\/boutique-one-piece.com\\\/\",\"logo\":{\"@type\":\"ImageObject\",\"inLanguage\":\"en-US\",\"@id\":\"https:\\\/\\\/boutique-one-piece.com\\\/#\\\/schema\\\/logo\\\/image\\\/\",\"url\":\"https:\\\/\\\/boutique-one-piece.com\\\/wp-content\\\/uploads\\\/2022\\\/09\\\/Logo-01.png\",\"contentUrl\":\"https:\\\/\\\/boutique-one-piece.com\\\/wp-content\\\/uploads\\\/2022\\\/09\\\/Logo-01.png\",\"width\":2318,\"height\":957,\"caption\":\"Boutique One Piece\"},\"image\":{\"@id\":\"https:\\\/\\\/boutique-one-piece.com\\\/#\\\/schema\\\/logo\\\/image\\\/\"}}]}<\/script>\n<!-- \/ Yoast SEO plugin. -->","yoast_head_json":{"title":"One Piece Sanji the Black Leg Figure | One Piece Figure \u2013 One Piece Shop","description":"Young pirate, the time has come for you to get your hands on this One Piece Black Leg Sanji figure. Sanji, born Vinsmoke Sanji before renouncing his surname, is nicknamed Black Leg Sanji. He is also the cook of the Straw Hat Crew. He is the heir to a martial art featuring the practice of...","robots":{"index":"index","follow":"follow","max-snippet":"max-snippet:-1","max-image-preview":"max-image-preview:large","max-video-preview":"max-video-preview:-1"},"canonical":"https:\/\/boutique-one-piece.com\/en\/one-piece-figurines\/vinsmoke-sanji-figurines\/one-piece-sanji-black-leg-figurine\/","og_locale":"en_US","og_type":"article","og_title":"Figurine One Piece Sanji la Jambe Noire | Figurine One Piece \u2013 Boutique One Piece","og_description":"Jeune pirate, le moment est venu pour toi de te procurer cette Figurine One Piece Sanji la Jambe Noire. Sanji, n\u00e9 Vinsmoke Sanji avant de renoncer \u00e0 son nom de famille, est surnomm\u00e9 Sanji la Jambe Noire. C'est aussi le cuisinier de l'\u00c9quipage de Chapeau de Paille. Il est l'h\u00e9ritier d'un art martial pr\u00e9sentant la partic","og_url":"https:\/\/boutique-one-piece.com\/en\/one-piece-figurines\/vinsmoke-sanji-figurines\/one-piece-sanji-black-leg-figurine\/","og_site_name":"Boutique One Piece","article_modified_time":"2024-09-16T13:17:10+00:00","og_image":[{"width":800,"height":800,"url":"https:\/\/boutique-one-piece.com\/wp-content\/uploads\/2022\/09\/Figurine-One-Piece-Sanji-la-Jambe-Noire-1.jpg","type":"image\/jpeg"}],"twitter_card":"summary_large_image","twitter_misc":{"Est. reading time":"1 minute"},"schema":{"@context":"https:\/\/schema.org","@graph":[{"@type":"WebPage","@id":"https:\/\/boutique-one-piece.com\/figurines-one-piece\/figurines-vinsmoke-sanji\/figurine-one-piece-sanji-la-jambe-noire\/","url":"https:\/\/boutique-one-piece.com\/figurines-one-piece\/figurines-vinsmoke-sanji\/figurine-one-piece-sanji-la-jambe-noire\/","name":"One Piece Sanji the Black Leg Figure | One Piece Figure \u2013 One Piece Shop","isPartOf":{"@id":"https:\/\/boutique-one-piece.com\/#website"},"primaryImageOfPage":{"@id":"https:\/\/boutique-one-piece.com\/figurines-one-piece\/figurines-vinsmoke-sanji\/figurine-one-piece-sanji-la-jambe-noire\/#primaryimage"},"image":{"@id":"https:\/\/boutique-one-piece.com\/figurines-one-piece\/figurines-vinsmoke-sanji\/figurine-one-piece-sanji-la-jambe-noire\/#primaryimage"},"thumbnailUrl":"https:\/\/boutique-one-piece.com\/wp-content\/uploads\/2022\/09\/Figurine-One-Piece-Sanji-la-Jambe-Noire-1.jpg","datePublished":"2022-09-27T21:20:34+00:00","dateModified":"2024-09-16T13:17:10+00:00","description":"Young pirate, the time has come for you to get your hands on this One Piece Black Leg Sanji figure. Sanji, born Vinsmoke Sanji before renouncing his surname, is nicknamed Black Leg Sanji. He is also the cook of the Straw Hat Crew. He is the heir to a martial art featuring the practice of...","breadcrumb":{"@id":"https:\/\/boutique-one-piece.com\/figurines-one-piece\/figurines-vinsmoke-sanji\/figurine-one-piece-sanji-la-jambe-noire\/#breadcrumb"},"inLanguage":"en-US","potentialAction":[{"@type":"ReadAction","target":["https:\/\/boutique-one-piece.com\/figurines-one-piece\/figurines-vinsmoke-sanji\/figurine-one-piece-sanji-la-jambe-noire\/"]}]},{"@type":"ImageObject","inLanguage":"en-US","@id":"https:\/\/boutique-one-piece.com\/figurines-one-piece\/figurines-vinsmoke-sanji\/figurine-one-piece-sanji-la-jambe-noire\/#primaryimage","url":"https:\/\/boutique-one-piece.com\/wp-content\/uploads\/2022\/09\/Figurine-One-Piece-Sanji-la-Jambe-Noire-1.jpg","contentUrl":"https:\/\/boutique-one-piece.com\/wp-content\/uploads\/2022\/09\/Figurine-One-Piece-Sanji-la-Jambe-Noire-1.jpg","width":800,"height":800},{"@type":"BreadcrumbList","@id":"https:\/\/boutique-one-piece.com\/figurines-one-piece\/figurines-vinsmoke-sanji\/figurine-one-piece-sanji-la-jambe-noire\/#breadcrumb","itemListElement":[{"@type":"ListItem","position":1,"name":"Home","item":"https:\/\/boutique-one-piece.com\/"},{"@type":"ListItem","position":2,"name":"Shop","item":"https:\/\/boutique-one-piece.com\/shop\/"},{"@type":"ListItem","position":3,"name":"Figurine One Piece Sanji la Jambe Noire"}]},{"@type":"WebSite","@id":"https:\/\/boutique-one-piece.com\/#website","url":"https:\/\/boutique-one-piece.com\/","name":"One Piece Shop","description":"Specialty store for One Piece Manga and Anime","publisher":{"@id":"https:\/\/boutique-one-piece.com\/#organization"},"potentialAction":[{"@type":"SearchAction","target":{"@type":"EntryPoint","urlTemplate":"https:\/\/boutique-one-piece.com\/?s={search_term_string}"},"query-input":{"@type":"PropertyValueSpecification","valueRequired":true,"valueName":"search_term_string"}}],"inLanguage":"en-US"},{"@type":"Organization","@id":"https:\/\/boutique-one-piece.com\/#organization","name":"One Piece Shop","url":"https:\/\/boutique-one-piece.com\/","logo":{"@type":"ImageObject","inLanguage":"en-US","@id":"https:\/\/boutique-one-piece.com\/#\/schema\/logo\/image\/","url":"https:\/\/boutique-one-piece.com\/wp-content\/uploads\/2022\/09\/Logo-01.png","contentUrl":"https:\/\/boutique-one-piece.com\/wp-content\/uploads\/2022\/09\/Logo-01.png","width":2318,"height":957,"caption":"Boutique One Piece"},"image":{"@id":"https:\/\/boutique-one-piece.com\/#\/schema\/logo\/image\/"}}]}},"_links":{"self":[{"href":"https:\/\/boutique-one-piece.com\/en\/wp-json\/wp\/v2\/product\/13477","targetHints":{"allow":["GET"]}}],"collection":[{"href":"https:\/\/boutique-one-piece.com\/en\/wp-json\/wp\/v2\/product"}],"about":[{"href":"https:\/\/boutique-one-piece.com\/en\/wp-json\/wp\/v2\/types\/product"}],"replies":[{"embeddable":true,"href":"https:\/\/boutique-one-piece.com\/en\/wp-json\/wp\/v2\/comments?post=13477"}],"wp:featuredmedia":[{"embeddable":true,"href":"https:\/\/boutique-one-piece.com\/en\/wp-json\/wp\/v2\/media\/13479"}],"wp:attachment":[{"href":"https:\/\/boutique-one-piece.com\/en\/wp-json\/wp\/v2\/media?parent=13477"}],"wp:term":[{"taxonomy":"product_brand","embeddable":true,"href":"https:\/\/boutique-one-piece.com\/en\/wp-json\/wp\/v2\/product_brand?post=13477"},{"taxonomy":"product_cat","embeddable":true,"href":"https:\/\/boutique-one-piece.com\/en\/wp-json\/wp\/v2\/product_cat?post=13477"},{"taxonomy":"product_tag","embeddable":true,"href":"https:\/\/boutique-one-piece.com\/en\/wp-json\/wp\/v2\/product_tag?post=13477"}],"curies":[{"name":"wp","href":"https:\/\/api.w.org\/{rel}","templated":true}]}}