{"id":13484,"date":"2022-09-27T21:20:34","date_gmt":"2022-09-27T21:20:34","guid":{"rendered":"https:\/\/boutique-one-piece.com\/uncategorized\/figurine-one-piece-usopp-samourai-wano-kuni\/"},"modified":"2024-09-16T13:17:14","modified_gmt":"2024-09-16T13:17:14","slug":"one-piece-usopp-samurai-wano-kuni-figurine","status":"publish","type":"product","link":"https:\/\/boutique-one-piece.com\/en\/one-piece-figurines\/one-piece-wano-kuni-figurines\/one-piece-usopp-samurai-wano-kuni-figurine\/","title":{"rendered":"One Piece Usopp Samurai Wano Kuni Figure"},"content":{"rendered":"<h2>Young pirate, the time has come for you to get this One Piece Usopp Samurai Wano Kuni Figurine.<\/h2>\n<p>You should know that <strong>The Land of Wa or Wano Kuni<\/strong>, ou Wano, aussi appel\u00e9 anciennement \u00ab\u00a0Pays de l\u2019Or\u00a0\u00bb est un pays peupl\u00e9 essentiellement de samoura\u00efs et de ninjas, non affili\u00e9 au Gouvernement Mondial. L\u0092\u00eele est situ\u00e9e dans le<strong> New World<\/strong>. As for <strong>Usopp<\/strong>, \u00e9galement nomm\u00e9 Pipo dans les anciennes \u00e9ditions de Gl\u00e9nat du manga, est un membre de L\u2019\u00c9quipage du Chapeau de Paille.<\/p>\n<p>He holds the position of <strong>Tireur d\u2019\u00c9lite<\/strong> et est originaire du Village de Sirop. Bien que n\u2019\u00e9tant pas Charpentier Naval, il s\u2019occupait \u00e9galement de r\u00e9parer le Vogue Merry (dont il colmatait les trous avec les moyens du bord). Il est ensuite remplac\u00e9 par Franky, lorsque ce dernier et le Thousand Sunny rejoignirent l\u2019\u00e9quipage, pour ce qui est de l\u2019entretien du navire. D\u0092ailleurs, la <a title=\"ONE PIECE DEAD OR ALIVE FRANKY NEW WORLD FIGURE\" href=\"https:\/\/boutique-one-piece.com\/en\/one-piece-dead-or-alive-franky-new-world-figurine\/\" target=\"_blank\" rel=\"noopener\">Wanted Franky figurine<\/a> is within your reach.<\/p>\n<h3>Alors, conquis par la figurine d\u2019Usopp ? Si tel est le cas, rejoins le tireur d\u2019\u00e9lite de l\u2019\u00e9quipage du Chapeau de Paille. Bien des aventures vous attendent \u00e0 bord du Thousand Sunny.<\/h3>\n<p>Whether you&#039;re a die-hard fan or a seasoned collector, these items are definitely for you. So look no further, these legendary objects will enhance your collection. <strong>your One Piece universe<\/strong>. Take your destiny into your own hands, young pirate., <strong>the treasure of One Piece<\/strong>, n\u2019attend que toi.<\/p>\n<h2>Information about Usopp Samurai Wano Kuni Figure\u00a0<\/h2>\n<ul>\n<li><span><b><u>One Piece figurine<\/u><\/b>\u00a0: Figurine\u00a0 premium de l\u2019univers One Piece pour les vrais pirates<\/span><\/li>\n<\/ul>\n<ul>\n<li>\n<b>Matter<\/b><span>\u00a0<\/span>PVC<\/li>\n<\/ul>\n<ul>\n<li><span><strong>Dimension<\/strong>\u00a0: 25 cm<\/span><\/li>\n<\/ul>\n<ul>\n<li><span><strong>FREE DELIVERY<\/strong><\/span><\/li>\n<\/ul>","protected":false},"excerpt":{"rendered":"<p>Jeune pirate, le moment est venu pour toi de te procurer cette Figurine One Piece Usopp Samoura\u00ef Wano Kuni. Tu dois savoir que Le Pays des Wa ou Wano Kuni, ou Wano, aussi appel\u00e9 anciennement \u00ab\u00a0Pays de l\u2019Or\u00a0\u00bb est un pays peupl\u00e9 essentiellement de samoura\u00efs et de ninjas, non affili\u00e9 au Gouvernement Mondial. L\u0092\u00eele est [&hellip;]<\/p>","protected":false},"featured_media":13486,"comment_status":"open","ping_status":"open","template":"","meta":[],"product_brand":[],"product_cat":[76,215],"product_tag":[217],"class_list":{"0":"post-13484","1":"product","2":"type-product","3":"status-publish","4":"has-post-thumbnail","6":"product_cat-figurines-one-piece","7":"product_cat-figurines-one-piece-wano-kuni","8":"product_tag-wano-kuni","10":"first","11":"instock","12":"purchasable","13":"product-type-simple"},"yoast_head":"<!-- This site is optimized with the Yoast SEO plugin v27.5 - https:\/\/yoast.com\/product\/yoast-seo-wordpress\/ -->\n<title>Figurine One Piece Usopp Samoura\u00ef Wano Kuni | Figurine One Piece \u2013 Boutique One Piece<\/title>\n<meta name=\"description\" content=\"Jeune pirate, le moment est venu pour toi de te procurer cette Figurine One Piece Usopp Samoura\u00ef Wano Kuni. Tu dois savoir que Le Pays des Wa ou Wano Kuni, ou Wano, aussi appel\u00e9 anciennement &quot;Pays de l&#039;Or&quot; est un pays peupl\u00e9 essentiellement de samoura\u00efs et de ninjas, non affili\u00e9 au Gouvernement Mondial. L\u2019\u00eele est situ\u00e9\" \/>\n<meta name=\"robots\" content=\"index, follow, max-snippet:-1, max-image-preview:large, max-video-preview:-1\" \/>\n<link rel=\"canonical\" href=\"https:\/\/boutique-one-piece.com\/en\/one-piece-figurines\/one-piece-wano-kuni-figurines\/one-piece-usopp-samurai-wano-kuni-figurine\/\" \/>\n<meta property=\"og:locale\" content=\"en_US\" \/>\n<meta property=\"og:type\" content=\"article\" \/>\n<meta property=\"og:title\" content=\"Figurine One Piece Usopp Samoura\u00ef Wano Kuni | Figurine One Piece \u2013 Boutique One Piece\" \/>\n<meta property=\"og:description\" content=\"Jeune pirate, le moment est venu pour toi de te procurer cette Figurine One Piece Usopp Samoura\u00ef Wano Kuni. Tu dois savoir que Le Pays des Wa ou Wano Kuni, ou Wano, aussi appel\u00e9 anciennement &quot;Pays de l&#039;Or&quot; est un pays peupl\u00e9 essentiellement de samoura\u00efs et de ninjas, non affili\u00e9 au Gouvernement Mondial. L\u2019\u00eele est situ\u00e9\" \/>\n<meta property=\"og:url\" content=\"https:\/\/boutique-one-piece.com\/en\/one-piece-figurines\/one-piece-wano-kuni-figurines\/one-piece-usopp-samurai-wano-kuni-figurine\/\" \/>\n<meta property=\"og:site_name\" content=\"Boutique One Piece\" \/>\n<meta property=\"article:modified_time\" content=\"2024-09-16T13:17:14+00:00\" \/>\n<meta property=\"og:image\" content=\"https:\/\/boutique-one-piece.com\/wp-content\/uploads\/2022\/09\/Figurine-One-Piece-Usopp-Samourai-Wano-Kuni-1.jpg\" \/>\n\t<meta property=\"og:image:width\" content=\"600\" \/>\n\t<meta property=\"og:image:height\" content=\"600\" \/>\n\t<meta property=\"og:image:type\" content=\"image\/jpeg\" \/>\n<meta name=\"twitter:card\" content=\"summary_large_image\" \/>\n<meta name=\"twitter:label1\" content=\"Est. reading time\" \/>\n\t<meta name=\"twitter:data1\" content=\"1 minute\" \/>\n<script type=\"application\/ld+json\" class=\"yoast-schema-graph\">{\"@context\":\"https:\\\/\\\/schema.org\",\"@graph\":[{\"@type\":\"WebPage\",\"@id\":\"https:\\\/\\\/boutique-one-piece.com\\\/figurines-one-piece\\\/figurines-one-piece-wano-kuni\\\/figurine-one-piece-usopp-samourai-wano-kuni\\\/\",\"url\":\"https:\\\/\\\/boutique-one-piece.com\\\/figurines-one-piece\\\/figurines-one-piece-wano-kuni\\\/figurine-one-piece-usopp-samourai-wano-kuni\\\/\",\"name\":\"Figurine One Piece Usopp Samoura\u00ef Wano Kuni | Figurine One Piece \u2013 Boutique One Piece\",\"isPartOf\":{\"@id\":\"https:\\\/\\\/boutique-one-piece.com\\\/#website\"},\"primaryImageOfPage\":{\"@id\":\"https:\\\/\\\/boutique-one-piece.com\\\/figurines-one-piece\\\/figurines-one-piece-wano-kuni\\\/figurine-one-piece-usopp-samourai-wano-kuni\\\/#primaryimage\"},\"image\":{\"@id\":\"https:\\\/\\\/boutique-one-piece.com\\\/figurines-one-piece\\\/figurines-one-piece-wano-kuni\\\/figurine-one-piece-usopp-samourai-wano-kuni\\\/#primaryimage\"},\"thumbnailUrl\":\"https:\\\/\\\/boutique-one-piece.com\\\/wp-content\\\/uploads\\\/2022\\\/09\\\/Figurine-One-Piece-Usopp-Samourai-Wano-Kuni-1.jpg\",\"datePublished\":\"2022-09-27T21:20:34+00:00\",\"dateModified\":\"2024-09-16T13:17:14+00:00\",\"description\":\"Jeune pirate, le moment est venu pour toi de te procurer cette Figurine One Piece Usopp Samoura\u00ef Wano Kuni. Tu dois savoir que Le Pays des Wa ou Wano Kuni, ou Wano, aussi appel\u00e9 anciennement \\\"Pays de l'Or\\\" est un pays peupl\u00e9 essentiellement de samoura\u00efs et de ninjas, non affili\u00e9 au Gouvernement Mondial. L\u2019\u00eele est situ\u00e9\",\"breadcrumb\":{\"@id\":\"https:\\\/\\\/boutique-one-piece.com\\\/figurines-one-piece\\\/figurines-one-piece-wano-kuni\\\/figurine-one-piece-usopp-samourai-wano-kuni\\\/#breadcrumb\"},\"inLanguage\":\"en-US\",\"potentialAction\":[{\"@type\":\"ReadAction\",\"target\":[\"https:\\\/\\\/boutique-one-piece.com\\\/figurines-one-piece\\\/figurines-one-piece-wano-kuni\\\/figurine-one-piece-usopp-samourai-wano-kuni\\\/\"]}]},{\"@type\":\"ImageObject\",\"inLanguage\":\"en-US\",\"@id\":\"https:\\\/\\\/boutique-one-piece.com\\\/figurines-one-piece\\\/figurines-one-piece-wano-kuni\\\/figurine-one-piece-usopp-samourai-wano-kuni\\\/#primaryimage\",\"url\":\"https:\\\/\\\/boutique-one-piece.com\\\/wp-content\\\/uploads\\\/2022\\\/09\\\/Figurine-One-Piece-Usopp-Samourai-Wano-Kuni-1.jpg\",\"contentUrl\":\"https:\\\/\\\/boutique-one-piece.com\\\/wp-content\\\/uploads\\\/2022\\\/09\\\/Figurine-One-Piece-Usopp-Samourai-Wano-Kuni-1.jpg\",\"width\":600,\"height\":600},{\"@type\":\"BreadcrumbList\",\"@id\":\"https:\\\/\\\/boutique-one-piece.com\\\/figurines-one-piece\\\/figurines-one-piece-wano-kuni\\\/figurine-one-piece-usopp-samourai-wano-kuni\\\/#breadcrumb\",\"itemListElement\":[{\"@type\":\"ListItem\",\"position\":1,\"name\":\"Home\",\"item\":\"https:\\\/\\\/boutique-one-piece.com\\\/\"},{\"@type\":\"ListItem\",\"position\":2,\"name\":\"Shop\",\"item\":\"https:\\\/\\\/boutique-one-piece.com\\\/shop\\\/\"},{\"@type\":\"ListItem\",\"position\":3,\"name\":\"Figurine One Piece Usopp Samoura\u00ef Wano Kuni\"}]},{\"@type\":\"WebSite\",\"@id\":\"https:\\\/\\\/boutique-one-piece.com\\\/#website\",\"url\":\"https:\\\/\\\/boutique-one-piece.com\\\/\",\"name\":\"Boutique One Piece\",\"description\":\"Magasin Sp\u00e9cialis\u00e9 du Manga et l&#039;Anime One Piece\",\"publisher\":{\"@id\":\"https:\\\/\\\/boutique-one-piece.com\\\/#organization\"},\"potentialAction\":[{\"@type\":\"SearchAction\",\"target\":{\"@type\":\"EntryPoint\",\"urlTemplate\":\"https:\\\/\\\/boutique-one-piece.com\\\/?s={search_term_string}\"},\"query-input\":{\"@type\":\"PropertyValueSpecification\",\"valueRequired\":true,\"valueName\":\"search_term_string\"}}],\"inLanguage\":\"en-US\"},{\"@type\":\"Organization\",\"@id\":\"https:\\\/\\\/boutique-one-piece.com\\\/#organization\",\"name\":\"Boutique One Piece\",\"url\":\"https:\\\/\\\/boutique-one-piece.com\\\/\",\"logo\":{\"@type\":\"ImageObject\",\"inLanguage\":\"en-US\",\"@id\":\"https:\\\/\\\/boutique-one-piece.com\\\/#\\\/schema\\\/logo\\\/image\\\/\",\"url\":\"https:\\\/\\\/boutique-one-piece.com\\\/wp-content\\\/uploads\\\/2022\\\/09\\\/Logo-01.png\",\"contentUrl\":\"https:\\\/\\\/boutique-one-piece.com\\\/wp-content\\\/uploads\\\/2022\\\/09\\\/Logo-01.png\",\"width\":2318,\"height\":957,\"caption\":\"Boutique One Piece\"},\"image\":{\"@id\":\"https:\\\/\\\/boutique-one-piece.com\\\/#\\\/schema\\\/logo\\\/image\\\/\"}}]}<\/script>\n<!-- \/ Yoast SEO plugin. -->","yoast_head_json":{"title":"One Piece Usopp Samurai Wano Kuni Figure | One Piece Figure \u2013 One Piece Shop","description":"Young pirate, the time has come for you to get your hands on this One Piece Usopp Samurai Wano Country figure. You should know that the Land of Wano, also known as Wano Country or simply Wano, formerly called the &quot;Land of Gold,&quot; is a country populated mainly by samurai and ninjas, and is not affiliated with the World Government. The island is located","robots":{"index":"index","follow":"follow","max-snippet":"max-snippet:-1","max-image-preview":"max-image-preview:large","max-video-preview":"max-video-preview:-1"},"canonical":"https:\/\/boutique-one-piece.com\/en\/one-piece-figurines\/one-piece-wano-kuni-figurines\/one-piece-usopp-samurai-wano-kuni-figurine\/","og_locale":"en_US","og_type":"article","og_title":"Figurine One Piece Usopp Samoura\u00ef Wano Kuni | Figurine One Piece \u2013 Boutique One Piece","og_description":"Jeune pirate, le moment est venu pour toi de te procurer cette Figurine One Piece Usopp Samoura\u00ef Wano Kuni. Tu dois savoir que Le Pays des Wa ou Wano Kuni, ou Wano, aussi appel\u00e9 anciennement \"Pays de l'Or\" est un pays peupl\u00e9 essentiellement de samoura\u00efs et de ninjas, non affili\u00e9 au Gouvernement Mondial. L\u2019\u00eele est situ\u00e9","og_url":"https:\/\/boutique-one-piece.com\/en\/one-piece-figurines\/one-piece-wano-kuni-figurines\/one-piece-usopp-samurai-wano-kuni-figurine\/","og_site_name":"Boutique One Piece","article_modified_time":"2024-09-16T13:17:14+00:00","og_image":[{"width":600,"height":600,"url":"https:\/\/boutique-one-piece.com\/wp-content\/uploads\/2022\/09\/Figurine-One-Piece-Usopp-Samourai-Wano-Kuni-1.jpg","type":"image\/jpeg"}],"twitter_card":"summary_large_image","twitter_misc":{"Est. reading time":"1 minute"},"schema":{"@context":"https:\/\/schema.org","@graph":[{"@type":"WebPage","@id":"https:\/\/boutique-one-piece.com\/figurines-one-piece\/figurines-one-piece-wano-kuni\/figurine-one-piece-usopp-samourai-wano-kuni\/","url":"https:\/\/boutique-one-piece.com\/figurines-one-piece\/figurines-one-piece-wano-kuni\/figurine-one-piece-usopp-samourai-wano-kuni\/","name":"One Piece Usopp Samurai Wano Kuni Figure | One Piece Figure \u2013 One Piece Shop","isPartOf":{"@id":"https:\/\/boutique-one-piece.com\/#website"},"primaryImageOfPage":{"@id":"https:\/\/boutique-one-piece.com\/figurines-one-piece\/figurines-one-piece-wano-kuni\/figurine-one-piece-usopp-samourai-wano-kuni\/#primaryimage"},"image":{"@id":"https:\/\/boutique-one-piece.com\/figurines-one-piece\/figurines-one-piece-wano-kuni\/figurine-one-piece-usopp-samourai-wano-kuni\/#primaryimage"},"thumbnailUrl":"https:\/\/boutique-one-piece.com\/wp-content\/uploads\/2022\/09\/Figurine-One-Piece-Usopp-Samourai-Wano-Kuni-1.jpg","datePublished":"2022-09-27T21:20:34+00:00","dateModified":"2024-09-16T13:17:14+00:00","description":"Young pirate, the time has come for you to get your hands on this One Piece Usopp Samurai Wano Country figure. You should know that the Land of Wano, also known as Wano Country or simply Wano, formerly called the &quot;Land of Gold,&quot; is a country populated mainly by samurai and ninjas, and is not affiliated with the World Government. The island is located","breadcrumb":{"@id":"https:\/\/boutique-one-piece.com\/figurines-one-piece\/figurines-one-piece-wano-kuni\/figurine-one-piece-usopp-samourai-wano-kuni\/#breadcrumb"},"inLanguage":"en-US","potentialAction":[{"@type":"ReadAction","target":["https:\/\/boutique-one-piece.com\/figurines-one-piece\/figurines-one-piece-wano-kuni\/figurine-one-piece-usopp-samourai-wano-kuni\/"]}]},{"@type":"ImageObject","inLanguage":"en-US","@id":"https:\/\/boutique-one-piece.com\/figurines-one-piece\/figurines-one-piece-wano-kuni\/figurine-one-piece-usopp-samourai-wano-kuni\/#primaryimage","url":"https:\/\/boutique-one-piece.com\/wp-content\/uploads\/2022\/09\/Figurine-One-Piece-Usopp-Samourai-Wano-Kuni-1.jpg","contentUrl":"https:\/\/boutique-one-piece.com\/wp-content\/uploads\/2022\/09\/Figurine-One-Piece-Usopp-Samourai-Wano-Kuni-1.jpg","width":600,"height":600},{"@type":"BreadcrumbList","@id":"https:\/\/boutique-one-piece.com\/figurines-one-piece\/figurines-one-piece-wano-kuni\/figurine-one-piece-usopp-samourai-wano-kuni\/#breadcrumb","itemListElement":[{"@type":"ListItem","position":1,"name":"Home","item":"https:\/\/boutique-one-piece.com\/"},{"@type":"ListItem","position":2,"name":"Shop","item":"https:\/\/boutique-one-piece.com\/shop\/"},{"@type":"ListItem","position":3,"name":"Figurine One Piece Usopp Samoura\u00ef Wano Kuni"}]},{"@type":"WebSite","@id":"https:\/\/boutique-one-piece.com\/#website","url":"https:\/\/boutique-one-piece.com\/","name":"One Piece Shop","description":"Specialty store for One Piece Manga and Anime","publisher":{"@id":"https:\/\/boutique-one-piece.com\/#organization"},"potentialAction":[{"@type":"SearchAction","target":{"@type":"EntryPoint","urlTemplate":"https:\/\/boutique-one-piece.com\/?s={search_term_string}"},"query-input":{"@type":"PropertyValueSpecification","valueRequired":true,"valueName":"search_term_string"}}],"inLanguage":"en-US"},{"@type":"Organization","@id":"https:\/\/boutique-one-piece.com\/#organization","name":"One Piece Shop","url":"https:\/\/boutique-one-piece.com\/","logo":{"@type":"ImageObject","inLanguage":"en-US","@id":"https:\/\/boutique-one-piece.com\/#\/schema\/logo\/image\/","url":"https:\/\/boutique-one-piece.com\/wp-content\/uploads\/2022\/09\/Logo-01.png","contentUrl":"https:\/\/boutique-one-piece.com\/wp-content\/uploads\/2022\/09\/Logo-01.png","width":2318,"height":957,"caption":"Boutique One Piece"},"image":{"@id":"https:\/\/boutique-one-piece.com\/#\/schema\/logo\/image\/"}}]}},"_links":{"self":[{"href":"https:\/\/boutique-one-piece.com\/en\/wp-json\/wp\/v2\/product\/13484","targetHints":{"allow":["GET"]}}],"collection":[{"href":"https:\/\/boutique-one-piece.com\/en\/wp-json\/wp\/v2\/product"}],"about":[{"href":"https:\/\/boutique-one-piece.com\/en\/wp-json\/wp\/v2\/types\/product"}],"replies":[{"embeddable":true,"href":"https:\/\/boutique-one-piece.com\/en\/wp-json\/wp\/v2\/comments?post=13484"}],"wp:featuredmedia":[{"embeddable":true,"href":"https:\/\/boutique-one-piece.com\/en\/wp-json\/wp\/v2\/media\/13486"}],"wp:attachment":[{"href":"https:\/\/boutique-one-piece.com\/en\/wp-json\/wp\/v2\/media?parent=13484"}],"wp:term":[{"taxonomy":"product_brand","embeddable":true,"href":"https:\/\/boutique-one-piece.com\/en\/wp-json\/wp\/v2\/product_brand?post=13484"},{"taxonomy":"product_cat","embeddable":true,"href":"https:\/\/boutique-one-piece.com\/en\/wp-json\/wp\/v2\/product_cat?post=13484"},{"taxonomy":"product_tag","embeddable":true,"href":"https:\/\/boutique-one-piece.com\/en\/wp-json\/wp\/v2\/product_tag?post=13484"}],"curies":[{"name":"wp","href":"https:\/\/api.w.org\/{rel}","templated":true}]}}