{"id":13978,"date":"2022-09-27T21:24:01","date_gmt":"2022-09-27T21:24:01","guid":{"rendered":"https:\/\/boutique-one-piece.com\/uncategorized\/figurine-one-piece-frere-de-sanji\/"},"modified":"2024-09-16T13:27:56","modified_gmt":"2024-09-16T13:27:56","slug":"one-piece-figurine-brother-of-sanji","status":"publish","type":"product","link":"https:\/\/boutique-one-piece.com\/en\/one-piece-figurines\/one-piece-figurine-brother-of-sanji\/","title":{"rendered":"One Piece Ichiji Figure"},"content":{"rendered":"<h2>Young pirate, the time has come for you to get this One Piece Ichiji Figurine.<\/h2>\n<p><strong>Vinsmoke Ichiji<\/strong> alias Sparking Red, signifiant le \u00ab\u00a0Rouge \u00c9tincelant\u00a0\u00bb, est un Commandant du Germa 66 et le fils a\u00een\u00e9 de la Famille Vinsmoke, faisant de lui un prince. C\u2019est un humain g\u00e9n\u00e9tiquement modifi\u00e9 par son p\u00e8re.<\/p>\n<p>A brief aside regarding <strong>Germa 66<\/strong>, prononc\u00e9 Germa Double Six. Cette organisation paramilitaire est \u00e9galement connue sous le nom de Bellicistes. Elle est donc dirig\u00e9e par Vinsmoke Judge. En raison de leurs actions, le Germa 66 est le groupe antagoniste secondaire de l\u2019Arc Tougato. Cette organisation a conquis North Blue dans le pass\u00e9. Enfin, tu dois savoir que malgr\u00e9 sa cruaut\u00e9 et son apathie, Ichiji est capable de faire preuve de reconnaissance.<\/p>\n<p>Lorsque Oven tenta de tuer Sanji et Luffy, Ichiji sauva les deux hommes en attaquant Oven, en guise de remboursement pour l\u2019avoir sauv\u00e9 lors de la Tea Party de Big Mom. D\u2019ailleurs, la <a title=\"ONE PIECE BIG MOM ON HER THRONE FIGURINE\" href=\"https:\/\/boutique-one-piece.com\/en\/one-piece-figurines\/products\/one-piece-big-mom-figurine-on-her-throne-26-cm\/\" target=\"_blank\" rel=\"noopener\">Big Mom figurine on her throne<\/a> is within your reach.<\/p>\n<h3>So, are you captivated by the Vinsmoke Ichiji figure? If so, join his paramilitary organization.<\/h3>\n<p>One Piece is <strong>the best-selling manga<\/strong> to the world. Be proud to be part of this fan base and continue to show your passion for this universe. These legendary items will take you back to <strong>l\u2019univers de Luffy<\/strong> et de sa qu\u00eate du One Piece. D\u00e9sormais ton destin est entre tes mains. Alors, n\u2019attends plus et saute sur l\u2019occasion de vivre bien des aventures dans cet univers o\u00f9 la piraterie n\u2019est jamais finie.<\/p>\n<h2>Information about Ichili Figurines\u00a0<\/h2>\n<ul>\n<li><span><b><u>One Piece figurine<\/u><\/b>\u00a0: Figurine\u00a0 premium de l\u2019univers One Piece pour les vrais pirates<\/span><\/li>\n<\/ul>\n<ul>\n<li>\n<b>Matter<\/b><span>\u00a0<\/span>PVC<\/li>\n<\/ul>\n<ul>\n<li><span><strong>Dimension<\/strong>\u00a0: 11 cm<\/span><\/li>\n<\/ul>\n<ul>\n<li><span><strong>FREE DELIVERY<\/strong><\/span><\/li>\n<\/ul>","protected":false},"excerpt":{"rendered":"<p>Jeune pirate, le moment est venu pour toi de te procurer cette Figurine One Piece Ichiji. Vinsmoke Ichiji alias Sparking Red, signifiant le \u00ab\u00a0Rouge \u00c9tincelant\u00a0\u00bb, est un Commandant du Germa 66 et le fils a\u00een\u00e9 de la Famille Vinsmoke, faisant de lui un prince. C\u2019est un humain g\u00e9n\u00e9tiquement modifi\u00e9 par son p\u00e8re. Petite parenth\u00e8se concernant [&hellip;]<\/p>","protected":false},"featured_media":13980,"comment_status":"open","ping_status":"open","template":"","meta":[],"product_brand":[],"product_cat":[76],"product_tag":[406],"class_list":{"0":"post-13978","1":"product","2":"type-product","3":"status-publish","4":"has-post-thumbnail","6":"product_cat-figurines-one-piece","7":"product_tag-ichiji","9":"first","10":"instock","11":"purchasable","12":"product-type-simple"},"yoast_head":"<!-- This site is optimized with the Yoast SEO plugin v27.5 - https:\/\/yoast.com\/product\/yoast-seo-wordpress\/ -->\n<title>Figurine One Piece Ichiji Vinsmoke | Boutique One Piece<\/title>\n<meta name=\"description\" content=\"Jeune pirate, le moment est venu pour toi de te procurer cette Figurine One Piece Ichiji. Vinsmoke Ichiji alias Sparking Red, signifiant le &quot;Rouge \u00c9tincelant&quot;, est un Commandant du Germa 66 et le fils a\u00een\u00e9 de la Famille Vinsmoke, faisant de lui un prince. C&#039;est un humain g\u00e9n\u00e9tiquement modifi\u00e9 par son p\u00e8re. Petite paren\" \/>\n<meta name=\"robots\" content=\"index, follow, max-snippet:-1, max-image-preview:large, max-video-preview:-1\" \/>\n<link rel=\"canonical\" href=\"https:\/\/boutique-one-piece.com\/en\/one-piece-figurines\/one-piece-figurine-brother-of-sanji\/\" \/>\n<meta property=\"og:locale\" content=\"en_US\" \/>\n<meta property=\"og:type\" content=\"article\" \/>\n<meta property=\"og:title\" content=\"Figurine One Piece Ichiji Vinsmoke | Boutique One Piece\" \/>\n<meta property=\"og:description\" content=\"Jeune pirate, le moment est venu pour toi de te procurer cette Figurine One Piece Ichiji. Vinsmoke Ichiji alias Sparking Red, signifiant le &quot;Rouge \u00c9tincelant&quot;, est un Commandant du Germa 66 et le fils a\u00een\u00e9 de la Famille Vinsmoke, faisant de lui un prince. C&#039;est un humain g\u00e9n\u00e9tiquement modifi\u00e9 par son p\u00e8re. Petite paren\" \/>\n<meta property=\"og:url\" content=\"https:\/\/boutique-one-piece.com\/en\/one-piece-figurines\/one-piece-figurine-brother-of-sanji\/\" \/>\n<meta property=\"og:site_name\" content=\"Boutique One Piece\" \/>\n<meta property=\"article:modified_time\" content=\"2024-09-16T13:27:56+00:00\" \/>\n<meta property=\"og:image\" content=\"https:\/\/boutique-one-piece.com\/wp-content\/uploads\/2022\/09\/Figurine-One-Piece-Ichiji.jpg\" \/>\n\t<meta property=\"og:image:width\" content=\"565\" \/>\n\t<meta property=\"og:image:height\" content=\"552\" \/>\n\t<meta property=\"og:image:type\" content=\"image\/jpeg\" \/>\n<meta name=\"twitter:card\" content=\"summary_large_image\" \/>\n<meta name=\"twitter:label1\" content=\"Est. reading time\" \/>\n\t<meta name=\"twitter:data1\" content=\"1 minute\" \/>\n<script type=\"application\/ld+json\" class=\"yoast-schema-graph\">{\"@context\":\"https:\\\/\\\/schema.org\",\"@graph\":[{\"@type\":\"WebPage\",\"@id\":\"https:\\\/\\\/boutique-one-piece.com\\\/figurines-one-piece\\\/figurine-one-piece-frere-de-sanji\\\/\",\"url\":\"https:\\\/\\\/boutique-one-piece.com\\\/figurines-one-piece\\\/figurine-one-piece-frere-de-sanji\\\/\",\"name\":\"Figurine One Piece Ichiji Vinsmoke | Boutique One Piece\",\"isPartOf\":{\"@id\":\"https:\\\/\\\/boutique-one-piece.com\\\/#website\"},\"primaryImageOfPage\":{\"@id\":\"https:\\\/\\\/boutique-one-piece.com\\\/figurines-one-piece\\\/figurine-one-piece-frere-de-sanji\\\/#primaryimage\"},\"image\":{\"@id\":\"https:\\\/\\\/boutique-one-piece.com\\\/figurines-one-piece\\\/figurine-one-piece-frere-de-sanji\\\/#primaryimage\"},\"thumbnailUrl\":\"https:\\\/\\\/boutique-one-piece.com\\\/wp-content\\\/uploads\\\/2022\\\/09\\\/Figurine-One-Piece-Ichiji.jpg\",\"datePublished\":\"2022-09-27T21:24:01+00:00\",\"dateModified\":\"2024-09-16T13:27:56+00:00\",\"description\":\"Jeune pirate, le moment est venu pour toi de te procurer cette Figurine One Piece Ichiji. Vinsmoke Ichiji alias Sparking Red, signifiant le \\\"Rouge \u00c9tincelant\\\", est un Commandant du Germa 66 et le fils a\u00een\u00e9 de la Famille Vinsmoke, faisant de lui un prince. C'est un humain g\u00e9n\u00e9tiquement modifi\u00e9 par son p\u00e8re. Petite paren\",\"breadcrumb\":{\"@id\":\"https:\\\/\\\/boutique-one-piece.com\\\/figurines-one-piece\\\/figurine-one-piece-frere-de-sanji\\\/#breadcrumb\"},\"inLanguage\":\"en-US\",\"potentialAction\":[{\"@type\":\"ReadAction\",\"target\":[\"https:\\\/\\\/boutique-one-piece.com\\\/figurines-one-piece\\\/figurine-one-piece-frere-de-sanji\\\/\"]}]},{\"@type\":\"ImageObject\",\"inLanguage\":\"en-US\",\"@id\":\"https:\\\/\\\/boutique-one-piece.com\\\/figurines-one-piece\\\/figurine-one-piece-frere-de-sanji\\\/#primaryimage\",\"url\":\"https:\\\/\\\/boutique-one-piece.com\\\/wp-content\\\/uploads\\\/2022\\\/09\\\/Figurine-One-Piece-Ichiji.jpg\",\"contentUrl\":\"https:\\\/\\\/boutique-one-piece.com\\\/wp-content\\\/uploads\\\/2022\\\/09\\\/Figurine-One-Piece-Ichiji.jpg\",\"width\":565,\"height\":552,\"caption\":\"Figurine One Piece Ichiji Default Title\"},{\"@type\":\"BreadcrumbList\",\"@id\":\"https:\\\/\\\/boutique-one-piece.com\\\/figurines-one-piece\\\/figurine-one-piece-frere-de-sanji\\\/#breadcrumb\",\"itemListElement\":[{\"@type\":\"ListItem\",\"position\":1,\"name\":\"Home\",\"item\":\"https:\\\/\\\/boutique-one-piece.com\\\/\"},{\"@type\":\"ListItem\",\"position\":2,\"name\":\"Shop\",\"item\":\"https:\\\/\\\/boutique-one-piece.com\\\/shop\\\/\"},{\"@type\":\"ListItem\",\"position\":3,\"name\":\"Figurine One Piece Ichiji\"}]},{\"@type\":\"WebSite\",\"@id\":\"https:\\\/\\\/boutique-one-piece.com\\\/#website\",\"url\":\"https:\\\/\\\/boutique-one-piece.com\\\/\",\"name\":\"Boutique One Piece\",\"description\":\"Magasin Sp\u00e9cialis\u00e9 du Manga et l&#039;Anime One Piece\",\"publisher\":{\"@id\":\"https:\\\/\\\/boutique-one-piece.com\\\/#organization\"},\"potentialAction\":[{\"@type\":\"SearchAction\",\"target\":{\"@type\":\"EntryPoint\",\"urlTemplate\":\"https:\\\/\\\/boutique-one-piece.com\\\/?s={search_term_string}\"},\"query-input\":{\"@type\":\"PropertyValueSpecification\",\"valueRequired\":true,\"valueName\":\"search_term_string\"}}],\"inLanguage\":\"en-US\"},{\"@type\":\"Organization\",\"@id\":\"https:\\\/\\\/boutique-one-piece.com\\\/#organization\",\"name\":\"Boutique One Piece\",\"url\":\"https:\\\/\\\/boutique-one-piece.com\\\/\",\"logo\":{\"@type\":\"ImageObject\",\"inLanguage\":\"en-US\",\"@id\":\"https:\\\/\\\/boutique-one-piece.com\\\/#\\\/schema\\\/logo\\\/image\\\/\",\"url\":\"https:\\\/\\\/boutique-one-piece.com\\\/wp-content\\\/uploads\\\/2022\\\/09\\\/Logo-01.png\",\"contentUrl\":\"https:\\\/\\\/boutique-one-piece.com\\\/wp-content\\\/uploads\\\/2022\\\/09\\\/Logo-01.png\",\"width\":2318,\"height\":957,\"caption\":\"Boutique One Piece\"},\"image\":{\"@id\":\"https:\\\/\\\/boutique-one-piece.com\\\/#\\\/schema\\\/logo\\\/image\\\/\"}}]}<\/script>\n<!-- \/ Yoast SEO plugin. -->","yoast_head_json":{"title":"One Piece Ichiji Vinsmoke Figure | One Piece Shop","description":"Young pirate, the time has come for you to get your hands on this One Piece Ichiji figure. Vinsmoke Ichiji, also known as Sparking Red, is a Commander of Germa 66 and the eldest son of the Vinsmoke Family, making him a prince. He is a genetically modified human, created by his father. (Small family)","robots":{"index":"index","follow":"follow","max-snippet":"max-snippet:-1","max-image-preview":"max-image-preview:large","max-video-preview":"max-video-preview:-1"},"canonical":"https:\/\/boutique-one-piece.com\/en\/one-piece-figurines\/one-piece-figurine-brother-of-sanji\/","og_locale":"en_US","og_type":"article","og_title":"Figurine One Piece Ichiji Vinsmoke | Boutique One Piece","og_description":"Jeune pirate, le moment est venu pour toi de te procurer cette Figurine One Piece Ichiji. Vinsmoke Ichiji alias Sparking Red, signifiant le \"Rouge \u00c9tincelant\", est un Commandant du Germa 66 et le fils a\u00een\u00e9 de la Famille Vinsmoke, faisant de lui un prince. C'est un humain g\u00e9n\u00e9tiquement modifi\u00e9 par son p\u00e8re. Petite paren","og_url":"https:\/\/boutique-one-piece.com\/en\/one-piece-figurines\/one-piece-figurine-brother-of-sanji\/","og_site_name":"Boutique One Piece","article_modified_time":"2024-09-16T13:27:56+00:00","og_image":[{"width":565,"height":552,"url":"https:\/\/boutique-one-piece.com\/wp-content\/uploads\/2022\/09\/Figurine-One-Piece-Ichiji.jpg","type":"image\/jpeg"}],"twitter_card":"summary_large_image","twitter_misc":{"Est. reading time":"1 minute"},"schema":{"@context":"https:\/\/schema.org","@graph":[{"@type":"WebPage","@id":"https:\/\/boutique-one-piece.com\/figurines-one-piece\/figurine-one-piece-frere-de-sanji\/","url":"https:\/\/boutique-one-piece.com\/figurines-one-piece\/figurine-one-piece-frere-de-sanji\/","name":"One Piece Ichiji Vinsmoke Figure | One Piece Shop","isPartOf":{"@id":"https:\/\/boutique-one-piece.com\/#website"},"primaryImageOfPage":{"@id":"https:\/\/boutique-one-piece.com\/figurines-one-piece\/figurine-one-piece-frere-de-sanji\/#primaryimage"},"image":{"@id":"https:\/\/boutique-one-piece.com\/figurines-one-piece\/figurine-one-piece-frere-de-sanji\/#primaryimage"},"thumbnailUrl":"https:\/\/boutique-one-piece.com\/wp-content\/uploads\/2022\/09\/Figurine-One-Piece-Ichiji.jpg","datePublished":"2022-09-27T21:24:01+00:00","dateModified":"2024-09-16T13:27:56+00:00","description":"Young pirate, the time has come for you to get your hands on this One Piece Ichiji figure. Vinsmoke Ichiji, also known as Sparking Red, is a Commander of Germa 66 and the eldest son of the Vinsmoke Family, making him a prince. He is a genetically modified human, created by his father. (Small family)","breadcrumb":{"@id":"https:\/\/boutique-one-piece.com\/figurines-one-piece\/figurine-one-piece-frere-de-sanji\/#breadcrumb"},"inLanguage":"en-US","potentialAction":[{"@type":"ReadAction","target":["https:\/\/boutique-one-piece.com\/figurines-one-piece\/figurine-one-piece-frere-de-sanji\/"]}]},{"@type":"ImageObject","inLanguage":"en-US","@id":"https:\/\/boutique-one-piece.com\/figurines-one-piece\/figurine-one-piece-frere-de-sanji\/#primaryimage","url":"https:\/\/boutique-one-piece.com\/wp-content\/uploads\/2022\/09\/Figurine-One-Piece-Ichiji.jpg","contentUrl":"https:\/\/boutique-one-piece.com\/wp-content\/uploads\/2022\/09\/Figurine-One-Piece-Ichiji.jpg","width":565,"height":552,"caption":"Figurine One Piece Ichiji Default Title"},{"@type":"BreadcrumbList","@id":"https:\/\/boutique-one-piece.com\/figurines-one-piece\/figurine-one-piece-frere-de-sanji\/#breadcrumb","itemListElement":[{"@type":"ListItem","position":1,"name":"Home","item":"https:\/\/boutique-one-piece.com\/"},{"@type":"ListItem","position":2,"name":"Shop","item":"https:\/\/boutique-one-piece.com\/shop\/"},{"@type":"ListItem","position":3,"name":"Figurine One Piece Ichiji"}]},{"@type":"WebSite","@id":"https:\/\/boutique-one-piece.com\/#website","url":"https:\/\/boutique-one-piece.com\/","name":"One Piece Shop","description":"Specialty store for One Piece Manga and Anime","publisher":{"@id":"https:\/\/boutique-one-piece.com\/#organization"},"potentialAction":[{"@type":"SearchAction","target":{"@type":"EntryPoint","urlTemplate":"https:\/\/boutique-one-piece.com\/?s={search_term_string}"},"query-input":{"@type":"PropertyValueSpecification","valueRequired":true,"valueName":"search_term_string"}}],"inLanguage":"en-US"},{"@type":"Organization","@id":"https:\/\/boutique-one-piece.com\/#organization","name":"One Piece Shop","url":"https:\/\/boutique-one-piece.com\/","logo":{"@type":"ImageObject","inLanguage":"en-US","@id":"https:\/\/boutique-one-piece.com\/#\/schema\/logo\/image\/","url":"https:\/\/boutique-one-piece.com\/wp-content\/uploads\/2022\/09\/Logo-01.png","contentUrl":"https:\/\/boutique-one-piece.com\/wp-content\/uploads\/2022\/09\/Logo-01.png","width":2318,"height":957,"caption":"Boutique One Piece"},"image":{"@id":"https:\/\/boutique-one-piece.com\/#\/schema\/logo\/image\/"}}]}},"_links":{"self":[{"href":"https:\/\/boutique-one-piece.com\/en\/wp-json\/wp\/v2\/product\/13978","targetHints":{"allow":["GET"]}}],"collection":[{"href":"https:\/\/boutique-one-piece.com\/en\/wp-json\/wp\/v2\/product"}],"about":[{"href":"https:\/\/boutique-one-piece.com\/en\/wp-json\/wp\/v2\/types\/product"}],"replies":[{"embeddable":true,"href":"https:\/\/boutique-one-piece.com\/en\/wp-json\/wp\/v2\/comments?post=13978"}],"wp:featuredmedia":[{"embeddable":true,"href":"https:\/\/boutique-one-piece.com\/en\/wp-json\/wp\/v2\/media\/13980"}],"wp:attachment":[{"href":"https:\/\/boutique-one-piece.com\/en\/wp-json\/wp\/v2\/media?parent=13978"}],"wp:term":[{"taxonomy":"product_brand","embeddable":true,"href":"https:\/\/boutique-one-piece.com\/en\/wp-json\/wp\/v2\/product_brand?post=13978"},{"taxonomy":"product_cat","embeddable":true,"href":"https:\/\/boutique-one-piece.com\/en\/wp-json\/wp\/v2\/product_cat?post=13978"},{"taxonomy":"product_tag","embeddable":true,"href":"https:\/\/boutique-one-piece.com\/en\/wp-json\/wp\/v2\/product_tag?post=13978"}],"curies":[{"name":"wp","href":"https:\/\/api.w.org\/{rel}","templated":true}]}}