{"id":14600,"date":"2022-09-27T21:33:15","date_gmt":"2022-09-27T21:33:15","guid":{"rendered":"https:\/\/boutique-one-piece.com\/uncategorized\/avis-de-recherche-alvida-wanted\/"},"modified":"2024-09-16T13:45:06","modified_gmt":"2024-09-16T13:45:06","slug":"alvida-wanted-poster","status":"publish","type":"product","link":"https:\/\/boutique-one-piece.com\/en\/one-piece-wanted-poster\/alvida-wanted-poster\/","title":{"rendered":"Alvida Wanted Notice"},"content":{"rendered":"<h2>Treat yourself to a poster that combines a beautiful woman and piracy. This Alvida Wanted poster will make a great decoration for your walls.<\/h2>\n<p>Alvida is the <strong>first captain<\/strong> pirate que rencontre Luffy lorsqu\u2019il d\u00e9bute son aventure. C\u2019est une femme ob\u00e8se qui se bat avec une grosse<strong> club<\/strong>, et qui force son \u00e9quipage \u00e0 dire qu\u2019elle est la plus belle. Alvida est aussi une femme maniaque qui ne supporte pas la poussi\u00e8re et tout ce qui se r\u00e9f\u00e8re \u00e0 de la salet\u00e9. C\u2019est \u00e9galement sur son bateau que s\u2019est retrouv\u00e9 Coby, qui s\u2019occupait des t\u00e2ches m\u00e9nag\u00e8res et \u00e9tait l\u2019esclave d\u2019Alvida. Elle, ainsi que la plupart de son \u00e9quipage sera vaincu par Luffy, qui s\u2019enfuira de son bateau avec Coby.<\/p>\n<h3>Es-tu pr\u00eat \u00e0 d\u00e9buter une collection de poster avec cet Avis de recherche d\u2019Alvida ?<\/h3>\n<p>Dans la suite de l\u2019aventure, Alvida mange le fruit du d\u00e9mon du <strong>Sube Sube no mi<\/strong>, qui va lui modifier son apparence. Elle va grandement s\u2019affiner et son \u00e9quipage va tomber sous son charme. Il lui permet de tout faire glisser sur sa peau, y compris les attaques physiques. Elle s\u2019en sert \u00e9galement pour se d\u00e9placer en glissant, et ainsi gagner en vitesse. Elle s\u2019allie avec <strong>Baggy the Clown<\/strong> and will even assume command of his crew when they are imprisoned in Impel Down. His head is worth 5 million berries.<\/p>\n<p>Also gives in to this <a href=\"https:\/\/boutique-one-piece.com\/en\/one-piece-wanted-poster-nico-robin-wanted\/\" target=\"_blank\" title=\"Nico Robin wanted poster\" rel=\"noopener noreferrer\">wanted notice for Nico Robin<\/a>.<\/p>\n<p>\u00a0<\/p>\n<h2>Informations sur l\u2019Affiche One Piece Wanted Alvida<\/h2>\n<ul>\n<li><span><b><u>One Piece Wanted Poster<\/u><\/b>\u00a0: v\u00e9ritable Avis De Recherche de l\u2019univers One Piece pour les vrais pirates<\/span><\/li>\n<\/ul>\n<ul>\n<li>\n<b><u>Alvida&#039;s Bonus<\/u><\/b>\u00a05,000,000 Berries<\/li>\n<\/ul>\n<ul>\n<li><span><strong>High Quality Printing<\/strong>\u00a0accurate colors<\/span><\/li>\n<\/ul>\n<ul>\n<li>\n<strong>Dimension<\/strong>\u00a0: 51 cm x 36 cm<\/li>\n<\/ul>\n<ul>\n<li><span><strong>FREE DELIVERY<\/strong><\/span><\/li>\n<\/ul>","protected":false},"excerpt":{"rendered":"<p>Laisse-toi tenter par une affiche qui allie jolie femme et piraterie. Cet avis de Recherche Alvida Wanted fera office de d\u00e9cor sur tes murs. Alvida est la premi\u00e8re capitaine pirate que rencontre Luffy lorsqu\u2019il d\u00e9bute son aventure. C\u2019est une femme ob\u00e8se qui se bat avec une grosse massue, et qui force son \u00e9quipage \u00e0 dire [&hellip;]<\/p>","protected":false},"featured_media":14602,"comment_status":"open","ping_status":"open","template":"","meta":[],"product_brand":[],"product_cat":[171],"product_tag":[],"class_list":{"0":"post-14600","1":"product","2":"type-product","3":"status-publish","4":"has-post-thumbnail","6":"product_cat-avis-de-recherche-one-piece","8":"first","9":"instock","10":"purchasable","11":"product-type-simple"},"yoast_head":"<!-- This site is optimized with the Yoast SEO plugin v27.5 - https:\/\/yoast.com\/product\/yoast-seo-wordpress\/ -->\n<title>Avis De Recherche Alvida Wanted | D\u00e9coration One Piece \u2013 Boutique One Piece<\/title>\n<meta name=\"description\" content=\"Laisse-toi tenter par une affiche qui allie jolie femme et piraterie. Cet avis de Recherche Alvida Wanted fera office de d\u00e9cor sur tes murs. Alvida est la premi\u00e8re capitaine pirate que rencontre Luffy lorsqu&#039;il d\u00e9bute son aventure. C&#039;est une femme ob\u00e8se qui se bat avec une grosse massue, et qui force son \u00e9quipage \u00e0 dir\" \/>\n<meta name=\"robots\" content=\"index, follow, max-snippet:-1, max-image-preview:large, max-video-preview:-1\" \/>\n<link rel=\"canonical\" href=\"https:\/\/boutique-one-piece.com\/en\/one-piece-wanted-poster\/alvida-wanted-poster\/\" \/>\n<meta property=\"og:locale\" content=\"en_US\" \/>\n<meta property=\"og:type\" content=\"article\" \/>\n<meta property=\"og:title\" content=\"Avis De Recherche Alvida Wanted | D\u00e9coration One Piece \u2013 Boutique One Piece\" \/>\n<meta property=\"og:description\" content=\"Laisse-toi tenter par une affiche qui allie jolie femme et piraterie. Cet avis de Recherche Alvida Wanted fera office de d\u00e9cor sur tes murs. Alvida est la premi\u00e8re capitaine pirate que rencontre Luffy lorsqu&#039;il d\u00e9bute son aventure. C&#039;est une femme ob\u00e8se qui se bat avec une grosse massue, et qui force son \u00e9quipage \u00e0 dir\" \/>\n<meta property=\"og:url\" content=\"https:\/\/boutique-one-piece.com\/en\/one-piece-wanted-poster\/alvida-wanted-poster\/\" \/>\n<meta property=\"og:site_name\" content=\"Boutique One Piece\" \/>\n<meta property=\"article:modified_time\" content=\"2024-09-16T13:45:06+00:00\" \/>\n<meta property=\"og:image\" content=\"https:\/\/boutique-one-piece.com\/wp-content\/uploads\/2022\/09\/Avis-De-Recherche-Alvida-Wanted-1.jpg\" \/>\n\t<meta property=\"og:image:width\" content=\"797\" \/>\n\t<meta property=\"og:image:height\" content=\"798\" \/>\n\t<meta property=\"og:image:type\" content=\"image\/jpeg\" \/>\n<meta name=\"twitter:card\" content=\"summary_large_image\" \/>\n<meta name=\"twitter:label1\" content=\"Est. reading time\" \/>\n\t<meta name=\"twitter:data1\" content=\"1 minute\" \/>\n<script type=\"application\/ld+json\" class=\"yoast-schema-graph\">{\"@context\":\"https:\\\/\\\/schema.org\",\"@graph\":[{\"@type\":\"WebPage\",\"@id\":\"https:\\\/\\\/boutique-one-piece.com\\\/avis-de-recherche-one-piece\\\/avis-de-recherche-alvida-wanted\\\/\",\"url\":\"https:\\\/\\\/boutique-one-piece.com\\\/avis-de-recherche-one-piece\\\/avis-de-recherche-alvida-wanted\\\/\",\"name\":\"Avis De Recherche Alvida Wanted | D\u00e9coration One Piece \u2013 Boutique One Piece\",\"isPartOf\":{\"@id\":\"https:\\\/\\\/boutique-one-piece.com\\\/#website\"},\"primaryImageOfPage\":{\"@id\":\"https:\\\/\\\/boutique-one-piece.com\\\/avis-de-recherche-one-piece\\\/avis-de-recherche-alvida-wanted\\\/#primaryimage\"},\"image\":{\"@id\":\"https:\\\/\\\/boutique-one-piece.com\\\/avis-de-recherche-one-piece\\\/avis-de-recherche-alvida-wanted\\\/#primaryimage\"},\"thumbnailUrl\":\"https:\\\/\\\/boutique-one-piece.com\\\/wp-content\\\/uploads\\\/2022\\\/09\\\/Avis-De-Recherche-Alvida-Wanted-1.jpg\",\"datePublished\":\"2022-09-27T21:33:15+00:00\",\"dateModified\":\"2024-09-16T13:45:06+00:00\",\"description\":\"Laisse-toi tenter par une affiche qui allie jolie femme et piraterie. Cet avis de Recherche Alvida Wanted fera office de d\u00e9cor sur tes murs. Alvida est la premi\u00e8re capitaine pirate que rencontre Luffy lorsqu'il d\u00e9bute son aventure. C'est une femme ob\u00e8se qui se bat avec une grosse massue, et qui force son \u00e9quipage \u00e0 dir\",\"breadcrumb\":{\"@id\":\"https:\\\/\\\/boutique-one-piece.com\\\/avis-de-recherche-one-piece\\\/avis-de-recherche-alvida-wanted\\\/#breadcrumb\"},\"inLanguage\":\"en-US\",\"potentialAction\":[{\"@type\":\"ReadAction\",\"target\":[\"https:\\\/\\\/boutique-one-piece.com\\\/avis-de-recherche-one-piece\\\/avis-de-recherche-alvida-wanted\\\/\"]}]},{\"@type\":\"ImageObject\",\"inLanguage\":\"en-US\",\"@id\":\"https:\\\/\\\/boutique-one-piece.com\\\/avis-de-recherche-one-piece\\\/avis-de-recherche-alvida-wanted\\\/#primaryimage\",\"url\":\"https:\\\/\\\/boutique-one-piece.com\\\/wp-content\\\/uploads\\\/2022\\\/09\\\/Avis-De-Recherche-Alvida-Wanted-1.jpg\",\"contentUrl\":\"https:\\\/\\\/boutique-one-piece.com\\\/wp-content\\\/uploads\\\/2022\\\/09\\\/Avis-De-Recherche-Alvida-Wanted-1.jpg\",\"width\":797,\"height\":798},{\"@type\":\"BreadcrumbList\",\"@id\":\"https:\\\/\\\/boutique-one-piece.com\\\/avis-de-recherche-one-piece\\\/avis-de-recherche-alvida-wanted\\\/#breadcrumb\",\"itemListElement\":[{\"@type\":\"ListItem\",\"position\":1,\"name\":\"Home\",\"item\":\"https:\\\/\\\/boutique-one-piece.com\\\/\"},{\"@type\":\"ListItem\",\"position\":2,\"name\":\"Shop\",\"item\":\"https:\\\/\\\/boutique-one-piece.com\\\/shop\\\/\"},{\"@type\":\"ListItem\",\"position\":3,\"name\":\"Avis De Recherche Alvida Wanted\"}]},{\"@type\":\"WebSite\",\"@id\":\"https:\\\/\\\/boutique-one-piece.com\\\/#website\",\"url\":\"https:\\\/\\\/boutique-one-piece.com\\\/\",\"name\":\"Boutique One Piece\",\"description\":\"Magasin Sp\u00e9cialis\u00e9 du Manga et l&#039;Anime One Piece\",\"publisher\":{\"@id\":\"https:\\\/\\\/boutique-one-piece.com\\\/#organization\"},\"potentialAction\":[{\"@type\":\"SearchAction\",\"target\":{\"@type\":\"EntryPoint\",\"urlTemplate\":\"https:\\\/\\\/boutique-one-piece.com\\\/?s={search_term_string}\"},\"query-input\":{\"@type\":\"PropertyValueSpecification\",\"valueRequired\":true,\"valueName\":\"search_term_string\"}}],\"inLanguage\":\"en-US\"},{\"@type\":\"Organization\",\"@id\":\"https:\\\/\\\/boutique-one-piece.com\\\/#organization\",\"name\":\"Boutique One Piece\",\"url\":\"https:\\\/\\\/boutique-one-piece.com\\\/\",\"logo\":{\"@type\":\"ImageObject\",\"inLanguage\":\"en-US\",\"@id\":\"https:\\\/\\\/boutique-one-piece.com\\\/#\\\/schema\\\/logo\\\/image\\\/\",\"url\":\"https:\\\/\\\/boutique-one-piece.com\\\/wp-content\\\/uploads\\\/2022\\\/09\\\/Logo-01.png\",\"contentUrl\":\"https:\\\/\\\/boutique-one-piece.com\\\/wp-content\\\/uploads\\\/2022\\\/09\\\/Logo-01.png\",\"width\":2318,\"height\":957,\"caption\":\"Boutique One Piece\"},\"image\":{\"@id\":\"https:\\\/\\\/boutique-one-piece.com\\\/#\\\/schema\\\/logo\\\/image\\\/\"}}]}<\/script>\n<!-- \/ Yoast SEO plugin. -->","yoast_head_json":{"title":"Alvida Wanted Notice | One Piece Decorations \u2013 One Piece Shop","description":"Treat yourself to a poster that combines a beautiful woman and piracy. This &quot;Alvida Wanted&quot; poster will make a great decoration for your walls. Alvida is the first pirate captain Luffy meets when he begins his adventure. She&#039;s an obese woman who fights with a large club and forces her crew to...","robots":{"index":"index","follow":"follow","max-snippet":"max-snippet:-1","max-image-preview":"max-image-preview:large","max-video-preview":"max-video-preview:-1"},"canonical":"https:\/\/boutique-one-piece.com\/en\/one-piece-wanted-poster\/alvida-wanted-poster\/","og_locale":"en_US","og_type":"article","og_title":"Avis De Recherche Alvida Wanted | D\u00e9coration One Piece \u2013 Boutique One Piece","og_description":"Laisse-toi tenter par une affiche qui allie jolie femme et piraterie. Cet avis de Recherche Alvida Wanted fera office de d\u00e9cor sur tes murs. Alvida est la premi\u00e8re capitaine pirate que rencontre Luffy lorsqu'il d\u00e9bute son aventure. C'est une femme ob\u00e8se qui se bat avec une grosse massue, et qui force son \u00e9quipage \u00e0 dir","og_url":"https:\/\/boutique-one-piece.com\/en\/one-piece-wanted-poster\/alvida-wanted-poster\/","og_site_name":"Boutique One Piece","article_modified_time":"2024-09-16T13:45:06+00:00","og_image":[{"width":797,"height":798,"url":"https:\/\/boutique-one-piece.com\/wp-content\/uploads\/2022\/09\/Avis-De-Recherche-Alvida-Wanted-1.jpg","type":"image\/jpeg"}],"twitter_card":"summary_large_image","twitter_misc":{"Est. reading time":"1 minute"},"schema":{"@context":"https:\/\/schema.org","@graph":[{"@type":"WebPage","@id":"https:\/\/boutique-one-piece.com\/avis-de-recherche-one-piece\/avis-de-recherche-alvida-wanted\/","url":"https:\/\/boutique-one-piece.com\/avis-de-recherche-one-piece\/avis-de-recherche-alvida-wanted\/","name":"Alvida Wanted Notice | One Piece Decorations \u2013 One Piece Shop","isPartOf":{"@id":"https:\/\/boutique-one-piece.com\/#website"},"primaryImageOfPage":{"@id":"https:\/\/boutique-one-piece.com\/avis-de-recherche-one-piece\/avis-de-recherche-alvida-wanted\/#primaryimage"},"image":{"@id":"https:\/\/boutique-one-piece.com\/avis-de-recherche-one-piece\/avis-de-recherche-alvida-wanted\/#primaryimage"},"thumbnailUrl":"https:\/\/boutique-one-piece.com\/wp-content\/uploads\/2022\/09\/Avis-De-Recherche-Alvida-Wanted-1.jpg","datePublished":"2022-09-27T21:33:15+00:00","dateModified":"2024-09-16T13:45:06+00:00","description":"Treat yourself to a poster that combines a beautiful woman and piracy. This &quot;Alvida Wanted&quot; poster will make a great decoration for your walls. Alvida is the first pirate captain Luffy meets when he begins his adventure. She&#039;s an obese woman who fights with a large club and forces her crew to...","breadcrumb":{"@id":"https:\/\/boutique-one-piece.com\/avis-de-recherche-one-piece\/avis-de-recherche-alvida-wanted\/#breadcrumb"},"inLanguage":"en-US","potentialAction":[{"@type":"ReadAction","target":["https:\/\/boutique-one-piece.com\/avis-de-recherche-one-piece\/avis-de-recherche-alvida-wanted\/"]}]},{"@type":"ImageObject","inLanguage":"en-US","@id":"https:\/\/boutique-one-piece.com\/avis-de-recherche-one-piece\/avis-de-recherche-alvida-wanted\/#primaryimage","url":"https:\/\/boutique-one-piece.com\/wp-content\/uploads\/2022\/09\/Avis-De-Recherche-Alvida-Wanted-1.jpg","contentUrl":"https:\/\/boutique-one-piece.com\/wp-content\/uploads\/2022\/09\/Avis-De-Recherche-Alvida-Wanted-1.jpg","width":797,"height":798},{"@type":"BreadcrumbList","@id":"https:\/\/boutique-one-piece.com\/avis-de-recherche-one-piece\/avis-de-recherche-alvida-wanted\/#breadcrumb","itemListElement":[{"@type":"ListItem","position":1,"name":"Home","item":"https:\/\/boutique-one-piece.com\/"},{"@type":"ListItem","position":2,"name":"Shop","item":"https:\/\/boutique-one-piece.com\/shop\/"},{"@type":"ListItem","position":3,"name":"Avis De Recherche Alvida Wanted"}]},{"@type":"WebSite","@id":"https:\/\/boutique-one-piece.com\/#website","url":"https:\/\/boutique-one-piece.com\/","name":"One Piece Shop","description":"Specialty store for One Piece Manga and Anime","publisher":{"@id":"https:\/\/boutique-one-piece.com\/#organization"},"potentialAction":[{"@type":"SearchAction","target":{"@type":"EntryPoint","urlTemplate":"https:\/\/boutique-one-piece.com\/?s={search_term_string}"},"query-input":{"@type":"PropertyValueSpecification","valueRequired":true,"valueName":"search_term_string"}}],"inLanguage":"en-US"},{"@type":"Organization","@id":"https:\/\/boutique-one-piece.com\/#organization","name":"One Piece Shop","url":"https:\/\/boutique-one-piece.com\/","logo":{"@type":"ImageObject","inLanguage":"en-US","@id":"https:\/\/boutique-one-piece.com\/#\/schema\/logo\/image\/","url":"https:\/\/boutique-one-piece.com\/wp-content\/uploads\/2022\/09\/Logo-01.png","contentUrl":"https:\/\/boutique-one-piece.com\/wp-content\/uploads\/2022\/09\/Logo-01.png","width":2318,"height":957,"caption":"Boutique One Piece"},"image":{"@id":"https:\/\/boutique-one-piece.com\/#\/schema\/logo\/image\/"}}]}},"_links":{"self":[{"href":"https:\/\/boutique-one-piece.com\/en\/wp-json\/wp\/v2\/product\/14600","targetHints":{"allow":["GET"]}}],"collection":[{"href":"https:\/\/boutique-one-piece.com\/en\/wp-json\/wp\/v2\/product"}],"about":[{"href":"https:\/\/boutique-one-piece.com\/en\/wp-json\/wp\/v2\/types\/product"}],"replies":[{"embeddable":true,"href":"https:\/\/boutique-one-piece.com\/en\/wp-json\/wp\/v2\/comments?post=14600"}],"wp:featuredmedia":[{"embeddable":true,"href":"https:\/\/boutique-one-piece.com\/en\/wp-json\/wp\/v2\/media\/14602"}],"wp:attachment":[{"href":"https:\/\/boutique-one-piece.com\/en\/wp-json\/wp\/v2\/media?parent=14600"}],"wp:term":[{"taxonomy":"product_brand","embeddable":true,"href":"https:\/\/boutique-one-piece.com\/en\/wp-json\/wp\/v2\/product_brand?post=14600"},{"taxonomy":"product_cat","embeddable":true,"href":"https:\/\/boutique-one-piece.com\/en\/wp-json\/wp\/v2\/product_cat?post=14600"},{"taxonomy":"product_tag","embeddable":true,"href":"https:\/\/boutique-one-piece.com\/en\/wp-json\/wp\/v2\/product_tag?post=14600"}],"curies":[{"name":"wp","href":"https:\/\/api.w.org\/{rel}","templated":true}]}}