{"id":14668,"date":"2022-09-27T21:33:37","date_gmt":"2022-09-27T21:33:37","guid":{"rendered":"https:\/\/boutique-one-piece.com\/uncategorized\/bomber-one-piece-logo-law\/"},"modified":"2024-12-13T07:49:18","modified_gmt":"2024-12-13T07:49:18","slug":"one-piece-logo-bomber-jacket","status":"publish","type":"product","link":"https:\/\/boutique-one-piece.com\/en\/one-piece-clothes\/bomber-one-piece\/one-piece-logo-bomber-jacket\/","title":{"rendered":"One Piece Logo Law Bomber"},"content":{"rendered":"<h2><b>Green Bomber Jacket<span>\u00a0<\/span>One Piece with Trafalgar D. Water Law of Very High Quality: Join the Heart Pirates and Become a Pirate of Law!<\/b><\/h2>\n<p>If you are a\u00a0<strong>real pirate<\/strong>, You will appreciate the\u00a0<strong>quality<\/strong>\u00a0fabric and\u00a0<strong>3D Canvas printing<\/strong>\u00a0of this<span>\u00a0<\/span><strong>One Piece jacket<\/strong>\u00a0But most importantly, with this<span>\u00a0<\/span><strong>printed bomber jacket<\/strong>\u00a0that&#039;s because you&#039;ll be part of\u00a0<strong>the fan crew<\/strong>\u00a0of\u00a0<strong>pirate manga<\/strong>\u00a0and you will obtain:<\/p>\n<ul>\n<li>\u00a0<strong>Admiration<\/strong>\u00a0of all the fans of<span>\u00a0<\/span><strong>the universe<\/strong><span>\u00a0<\/span>of the<span>\u00a0<\/span><strong>license<\/strong><span>\u00a0<\/span>of<span>\u00a0<\/span><strong>manga<\/strong>\u00a0that you will encounter<\/li>\n<\/ul>\n<ul>\n<li>A real<span>\u00a0<\/span><b>jacket<\/b>\u00a0with which you can\u00a0<strong>share<\/strong><span>\u00a0<\/span>your<span>\u00a0<\/span><strong>passion<\/strong><span>\u00a0<\/span>For<span>\u00a0<\/span><strong>One Piece<\/strong>\n<\/li>\n<\/ul>\n<p>So, ready to wear the\u00a0<strong>colors\u00a0<\/strong>of<b>\u00a0<\/b>your<b><span>\u00a0<\/span>favorite manga<\/b>\u00a0?<\/p>\n<h2>Are you a fan of the One Piece manga or anime? Show it off with this One Piece bomber jacket!<\/h2>\n<p>If you\u00a0<strong>read<\/strong>\u00a0or wherever you look\u00a0<span>\u00a0<\/span><strong>Japanese anime<\/strong>, There&#039;s a good chance you&#039;ve become\u00a0<strong>crazy about One Piece<\/strong>\u00a0With this\u00a0<strong>One Piece Logo Law Jacket<\/strong>, join the\u2019<strong>crew of fans of the franchise<\/strong><\/p>\n<p>This<strong><\/strong>all<span>\u00a0<\/span><strong>green bomber jacket<\/strong>\u00a0is available in sizes\u00a0<strong>XS<\/strong>,\u00a0<strong>S<\/strong>,<strong>\u00a0M<\/strong>,<strong>\u00a0L<\/strong>,\u00a0<strong>XL<\/strong>,\u00a0<strong>XXL<\/strong>,<span>\u00a0<\/span><strong>3XL<\/strong>,<span>\u00a0<\/span><strong>4XL<\/strong>, It will suit all categories of pirates.,<span>\u00a0<\/span><strong>man<\/strong>\u00a0Or<span>\u00a0<\/span><strong>women<\/strong>, even if you don&#039;t have\u00a0<strong>sword<\/strong>\u00a0or\u00a0<strong>devil fruit<\/strong>\u00a0You can still wear it proudly.<\/p>\n<h2>Information about the Bomber:\u00a0<\/h2>\n<ul><\/ul>\n<ul><\/ul>\n<ul>\n<li>\n<strong>High-quality One Piece bomber jacket\u00a0<\/strong><span>:\u00a0<\/span>It has a high paper weight and is made of quality materials.<\/li>\n<\/ul>\n<ul>\n<li><span><strong>Cotton lining<\/strong>\u00a0: bomber jacket with a cotton lining, good protection against the cold<\/span><\/li>\n<\/ul>\n<ul>\n<li><span><strong>Streetwear style\u00a0<\/strong>Thanks to its &quot;aviator&quot; cut, the bomber jacket gives a casual look<\/span><\/li>\n<\/ul>\n<ul>\n<li>\n<strong>Very comfortable<span>\u00a0<\/span><\/strong>With these super soft cotton and polyester fibers, there is no chafing.<\/li>\n<\/ul>\n<ul>\n<li><span>3D digital printing, original design<\/span><\/li>\n<\/ul>\n<ul>\n<li><span><b>Cotton<\/b><strong>\u00a0organic\u00a0<\/strong>High-quality cotton with extra-long fibers<\/span><\/li>\n<\/ul>\n<ul>\n<li><span><strong>Free Delivery\u00a0<\/strong>for any purchase<strong>\u00a0<\/strong><\/span><\/li>\n<\/ul>\n<p><strong>Don&#039;t forget to take a look at the size guide below.<\/strong><\/p>\n<h2><img decoding=\"async\" src=\"https:\/\/cdn.shopify.com\/s\/files\/1\/0087\/7556\/5348\/files\/boutque_one__piece_tableau_taille_veste_bombers_large.jpg?v=1559998400\" alt=\"One Piece bomber jacket size guide\"><\/h2>\n<h3>One Piece Bomber Jacket Washing Instructions:<\/h3>\n<ul>\n<li>Machine wash at 30\u00b0C, delicate cycle<\/li>\n<\/ul>\n<ul>\n<li>Iron on the reverse side<\/li>\n<\/ul>\n<p>For<span>\u00a0<\/span><strong>preserve the quality<\/strong><span>\u00a0<\/span>of this<span>\u00a0<\/span><strong>One Piece Bomber Jacket<\/strong>, we recommend that you<span>\u00a0<\/span><strong>respect<\/strong><span>\u00a0<\/span>THE<span>\u00a0<\/span><strong>washing instructions<\/strong>.<\/p>","protected":false},"excerpt":{"rendered":"<p>High-Quality One Piece Green Bomber Jacket with Trafalgar D. Water Law: Join the Heart Pirates and become a pirate of Law! If you&#039;re a true pirate, you&#039;ll appreciate the quality of the fabric and the 3D canvas print of this One Piece jacket! But most importantly, with this printed bomber jacket, you&#039;ll be part of the crew of fans of the pirate manga and you&#039;ll gain: The admiration of [\u2026]<\/p>","protected":false},"featured_media":14670,"comment_status":"open","ping_status":"open","template":"","meta":[],"product_brand":[],"product_cat":[697,15],"product_tag":[348,202,182],"class_list":{"0":"post-14668","1":"product","2":"type-product","3":"status-publish","4":"has-post-thumbnail","6":"product_cat-bomber-one-piece","7":"product_cat-manga-one-piece","8":"product_tag-bomber","9":"product_tag-law","10":"product_tag-logo","12":"first","13":"outofstock","14":"purchasable","15":"product-type-variable","16":"has-default-attributes"},"yoast_head":"<!-- This site is optimized with the Yoast SEO plugin v27.5 - https:\/\/yoast.com\/product\/yoast-seo-wordpress\/ -->\n<title>Bomber One Piece Logo Law | Boutique One Piece<\/title>\n<meta name=\"description\" content=\"Veste Bomber Vert One Piece avec Trafalgar D. Water Law de Tr\u00e8s Haute Qualit\u00e9 Rejoins l&#039;\u00c9quipage du Heart de Deviens un Pirate de Law, de la g\u00e9n\u00e9ration t\u00e9rrible\" \/>\n<meta name=\"robots\" content=\"index, follow, max-snippet:-1, max-image-preview:large, max-video-preview:-1\" \/>\n<link rel=\"canonical\" href=\"https:\/\/boutique-one-piece.com\/en\/one-piece-clothes\/bomber-one-piece\/one-piece-logo-bomber-jacket\/\" \/>\n<meta property=\"og:locale\" content=\"en_US\" \/>\n<meta property=\"og:type\" content=\"article\" \/>\n<meta property=\"og:title\" content=\"Bomber One Piece Logo Law | Boutique One Piece\" \/>\n<meta property=\"og:description\" content=\"Veste Bomber Vert One Piece avec Trafalgar D. Water Law de Tr\u00e8s Haute Qualit\u00e9 Rejoins l&#039;\u00c9quipage du Heart de Deviens un Pirate de Law, de la g\u00e9n\u00e9ration t\u00e9rrible\" \/>\n<meta property=\"og:url\" content=\"https:\/\/boutique-one-piece.com\/en\/one-piece-clothes\/bomber-one-piece\/one-piece-logo-bomber-jacket\/\" \/>\n<meta property=\"og:site_name\" content=\"Boutique One Piece\" \/>\n<meta property=\"article:modified_time\" content=\"2024-12-13T07:49:18+00:00\" \/>\n<meta property=\"og:image\" content=\"https:\/\/boutique-one-piece.com\/wp-content\/uploads\/2022\/09\/Bomber-One-Piece-Logo-Law.jpg\" \/>\n\t<meta property=\"og:image:width\" content=\"600\" \/>\n\t<meta property=\"og:image:height\" content=\"600\" \/>\n\t<meta property=\"og:image:type\" content=\"image\/jpeg\" \/>\n<meta name=\"twitter:card\" content=\"summary_large_image\" \/>\n<meta name=\"twitter:label1\" content=\"Est. reading time\" \/>\n\t<meta name=\"twitter:data1\" content=\"2 minutes\" \/>\n<script type=\"application\/ld+json\" class=\"yoast-schema-graph\">{\"@context\":\"https:\\\/\\\/schema.org\",\"@graph\":[{\"@type\":\"WebPage\",\"@id\":\"https:\\\/\\\/boutique-one-piece.com\\\/vetements-one-piece\\\/bomber-one-piece\\\/bomber-one-piece-logo-law\\\/\",\"url\":\"https:\\\/\\\/boutique-one-piece.com\\\/vetements-one-piece\\\/bomber-one-piece\\\/bomber-one-piece-logo-law\\\/\",\"name\":\"Bomber One Piece Logo Law | Boutique One Piece\",\"isPartOf\":{\"@id\":\"https:\\\/\\\/boutique-one-piece.com\\\/#website\"},\"primaryImageOfPage\":{\"@id\":\"https:\\\/\\\/boutique-one-piece.com\\\/vetements-one-piece\\\/bomber-one-piece\\\/bomber-one-piece-logo-law\\\/#primaryimage\"},\"image\":{\"@id\":\"https:\\\/\\\/boutique-one-piece.com\\\/vetements-one-piece\\\/bomber-one-piece\\\/bomber-one-piece-logo-law\\\/#primaryimage\"},\"thumbnailUrl\":\"https:\\\/\\\/boutique-one-piece.com\\\/wp-content\\\/uploads\\\/2022\\\/09\\\/Bomber-One-Piece-Logo-Law.jpg\",\"datePublished\":\"2022-09-27T21:33:37+00:00\",\"dateModified\":\"2024-12-13T07:49:18+00:00\",\"description\":\"Veste Bomber Vert One Piece avec Trafalgar D. Water Law de Tr\u00e8s Haute Qualit\u00e9 Rejoins l'\u00c9quipage du Heart de Deviens un Pirate de Law, de la g\u00e9n\u00e9ration t\u00e9rrible\",\"breadcrumb\":{\"@id\":\"https:\\\/\\\/boutique-one-piece.com\\\/vetements-one-piece\\\/bomber-one-piece\\\/bomber-one-piece-logo-law\\\/#breadcrumb\"},\"inLanguage\":\"en-US\",\"potentialAction\":[{\"@type\":\"ReadAction\",\"target\":[\"https:\\\/\\\/boutique-one-piece.com\\\/vetements-one-piece\\\/bomber-one-piece\\\/bomber-one-piece-logo-law\\\/\"]}]},{\"@type\":\"ImageObject\",\"inLanguage\":\"en-US\",\"@id\":\"https:\\\/\\\/boutique-one-piece.com\\\/vetements-one-piece\\\/bomber-one-piece\\\/bomber-one-piece-logo-law\\\/#primaryimage\",\"url\":\"https:\\\/\\\/boutique-one-piece.com\\\/wp-content\\\/uploads\\\/2022\\\/09\\\/Bomber-One-Piece-Logo-Law.jpg\",\"contentUrl\":\"https:\\\/\\\/boutique-one-piece.com\\\/wp-content\\\/uploads\\\/2022\\\/09\\\/Bomber-One-Piece-Logo-Law.jpg\",\"width\":600,\"height\":600,\"caption\":\"Bomber One Piece Logo Law 4xl\"},{\"@type\":\"BreadcrumbList\",\"@id\":\"https:\\\/\\\/boutique-one-piece.com\\\/vetements-one-piece\\\/bomber-one-piece\\\/bomber-one-piece-logo-law\\\/#breadcrumb\",\"itemListElement\":[{\"@type\":\"ListItem\",\"position\":1,\"name\":\"Home\",\"item\":\"https:\\\/\\\/boutique-one-piece.com\\\/\"},{\"@type\":\"ListItem\",\"position\":2,\"name\":\"Shop\",\"item\":\"https:\\\/\\\/boutique-one-piece.com\\\/shop\\\/\"},{\"@type\":\"ListItem\",\"position\":3,\"name\":\"Bomber One Piece Logo Law\"}]},{\"@type\":\"WebSite\",\"@id\":\"https:\\\/\\\/boutique-one-piece.com\\\/#website\",\"url\":\"https:\\\/\\\/boutique-one-piece.com\\\/\",\"name\":\"Boutique One Piece\",\"description\":\"Magasin Sp\u00e9cialis\u00e9 du Manga et l&#039;Anime One Piece\",\"publisher\":{\"@id\":\"https:\\\/\\\/boutique-one-piece.com\\\/#organization\"},\"potentialAction\":[{\"@type\":\"SearchAction\",\"target\":{\"@type\":\"EntryPoint\",\"urlTemplate\":\"https:\\\/\\\/boutique-one-piece.com\\\/?s={search_term_string}\"},\"query-input\":{\"@type\":\"PropertyValueSpecification\",\"valueRequired\":true,\"valueName\":\"search_term_string\"}}],\"inLanguage\":\"en-US\"},{\"@type\":\"Organization\",\"@id\":\"https:\\\/\\\/boutique-one-piece.com\\\/#organization\",\"name\":\"Boutique One Piece\",\"url\":\"https:\\\/\\\/boutique-one-piece.com\\\/\",\"logo\":{\"@type\":\"ImageObject\",\"inLanguage\":\"en-US\",\"@id\":\"https:\\\/\\\/boutique-one-piece.com\\\/#\\\/schema\\\/logo\\\/image\\\/\",\"url\":\"https:\\\/\\\/boutique-one-piece.com\\\/wp-content\\\/uploads\\\/2022\\\/09\\\/Logo-01.png\",\"contentUrl\":\"https:\\\/\\\/boutique-one-piece.com\\\/wp-content\\\/uploads\\\/2022\\\/09\\\/Logo-01.png\",\"width\":2318,\"height\":957,\"caption\":\"Boutique One Piece\"},\"image\":{\"@id\":\"https:\\\/\\\/boutique-one-piece.com\\\/#\\\/schema\\\/logo\\\/image\\\/\"}}]}<\/script>\n<!-- \/ Yoast SEO plugin. -->","yoast_head_json":{"title":"One Piece Logo Law Bomber Jacket | One Piece Shop","description":"One Piece Green Bomber Jacket with Trafalgar D. Water Law - Very High Quality - Join the Heart Pirates and Become a Pirate of Law&#039;s Worst Generation","robots":{"index":"index","follow":"follow","max-snippet":"max-snippet:-1","max-image-preview":"max-image-preview:large","max-video-preview":"max-video-preview:-1"},"canonical":"https:\/\/boutique-one-piece.com\/en\/one-piece-clothes\/bomber-one-piece\/one-piece-logo-bomber-jacket\/","og_locale":"en_US","og_type":"article","og_title":"Bomber One Piece Logo Law | Boutique One Piece","og_description":"Veste Bomber Vert One Piece avec Trafalgar D. Water Law de Tr\u00e8s Haute Qualit\u00e9 Rejoins l'\u00c9quipage du Heart de Deviens un Pirate de Law, de la g\u00e9n\u00e9ration t\u00e9rrible","og_url":"https:\/\/boutique-one-piece.com\/en\/one-piece-clothes\/bomber-one-piece\/one-piece-logo-bomber-jacket\/","og_site_name":"Boutique One Piece","article_modified_time":"2024-12-13T07:49:18+00:00","og_image":[{"width":600,"height":600,"url":"https:\/\/boutique-one-piece.com\/wp-content\/uploads\/2022\/09\/Bomber-One-Piece-Logo-Law.jpg","type":"image\/jpeg"}],"twitter_card":"summary_large_image","twitter_misc":{"Est. reading time":"2 minutes"},"schema":{"@context":"https:\/\/schema.org","@graph":[{"@type":"WebPage","@id":"https:\/\/boutique-one-piece.com\/vetements-one-piece\/bomber-one-piece\/bomber-one-piece-logo-law\/","url":"https:\/\/boutique-one-piece.com\/vetements-one-piece\/bomber-one-piece\/bomber-one-piece-logo-law\/","name":"One Piece Logo Law Bomber Jacket | One Piece Shop","isPartOf":{"@id":"https:\/\/boutique-one-piece.com\/#website"},"primaryImageOfPage":{"@id":"https:\/\/boutique-one-piece.com\/vetements-one-piece\/bomber-one-piece\/bomber-one-piece-logo-law\/#primaryimage"},"image":{"@id":"https:\/\/boutique-one-piece.com\/vetements-one-piece\/bomber-one-piece\/bomber-one-piece-logo-law\/#primaryimage"},"thumbnailUrl":"https:\/\/boutique-one-piece.com\/wp-content\/uploads\/2022\/09\/Bomber-One-Piece-Logo-Law.jpg","datePublished":"2022-09-27T21:33:37+00:00","dateModified":"2024-12-13T07:49:18+00:00","description":"One Piece Green Bomber Jacket with Trafalgar D. Water Law - Very High Quality - Join the Heart Pirates and Become a Pirate of Law&#039;s Worst Generation","breadcrumb":{"@id":"https:\/\/boutique-one-piece.com\/vetements-one-piece\/bomber-one-piece\/bomber-one-piece-logo-law\/#breadcrumb"},"inLanguage":"en-US","potentialAction":[{"@type":"ReadAction","target":["https:\/\/boutique-one-piece.com\/vetements-one-piece\/bomber-one-piece\/bomber-one-piece-logo-law\/"]}]},{"@type":"ImageObject","inLanguage":"en-US","@id":"https:\/\/boutique-one-piece.com\/vetements-one-piece\/bomber-one-piece\/bomber-one-piece-logo-law\/#primaryimage","url":"https:\/\/boutique-one-piece.com\/wp-content\/uploads\/2022\/09\/Bomber-One-Piece-Logo-Law.jpg","contentUrl":"https:\/\/boutique-one-piece.com\/wp-content\/uploads\/2022\/09\/Bomber-One-Piece-Logo-Law.jpg","width":600,"height":600,"caption":"Bomber One Piece Logo Law 4xl"},{"@type":"BreadcrumbList","@id":"https:\/\/boutique-one-piece.com\/vetements-one-piece\/bomber-one-piece\/bomber-one-piece-logo-law\/#breadcrumb","itemListElement":[{"@type":"ListItem","position":1,"name":"Home","item":"https:\/\/boutique-one-piece.com\/"},{"@type":"ListItem","position":2,"name":"Shop","item":"https:\/\/boutique-one-piece.com\/shop\/"},{"@type":"ListItem","position":3,"name":"Bomber One Piece Logo Law"}]},{"@type":"WebSite","@id":"https:\/\/boutique-one-piece.com\/#website","url":"https:\/\/boutique-one-piece.com\/","name":"One Piece Shop","description":"Specialty store for One Piece Manga and Anime","publisher":{"@id":"https:\/\/boutique-one-piece.com\/#organization"},"potentialAction":[{"@type":"SearchAction","target":{"@type":"EntryPoint","urlTemplate":"https:\/\/boutique-one-piece.com\/?s={search_term_string}"},"query-input":{"@type":"PropertyValueSpecification","valueRequired":true,"valueName":"search_term_string"}}],"inLanguage":"en-US"},{"@type":"Organization","@id":"https:\/\/boutique-one-piece.com\/#organization","name":"One Piece Shop","url":"https:\/\/boutique-one-piece.com\/","logo":{"@type":"ImageObject","inLanguage":"en-US","@id":"https:\/\/boutique-one-piece.com\/#\/schema\/logo\/image\/","url":"https:\/\/boutique-one-piece.com\/wp-content\/uploads\/2022\/09\/Logo-01.png","contentUrl":"https:\/\/boutique-one-piece.com\/wp-content\/uploads\/2022\/09\/Logo-01.png","width":2318,"height":957,"caption":"Boutique One Piece"},"image":{"@id":"https:\/\/boutique-one-piece.com\/#\/schema\/logo\/image\/"}}]}},"_links":{"self":[{"href":"https:\/\/boutique-one-piece.com\/en\/wp-json\/wp\/v2\/product\/14668","targetHints":{"allow":["GET"]}}],"collection":[{"href":"https:\/\/boutique-one-piece.com\/en\/wp-json\/wp\/v2\/product"}],"about":[{"href":"https:\/\/boutique-one-piece.com\/en\/wp-json\/wp\/v2\/types\/product"}],"replies":[{"embeddable":true,"href":"https:\/\/boutique-one-piece.com\/en\/wp-json\/wp\/v2\/comments?post=14668"}],"wp:featuredmedia":[{"embeddable":true,"href":"https:\/\/boutique-one-piece.com\/en\/wp-json\/wp\/v2\/media\/14670"}],"wp:attachment":[{"href":"https:\/\/boutique-one-piece.com\/en\/wp-json\/wp\/v2\/media?parent=14668"}],"wp:term":[{"taxonomy":"product_brand","embeddable":true,"href":"https:\/\/boutique-one-piece.com\/en\/wp-json\/wp\/v2\/product_brand?post=14668"},{"taxonomy":"product_cat","embeddable":true,"href":"https:\/\/boutique-one-piece.com\/en\/wp-json\/wp\/v2\/product_cat?post=14668"},{"taxonomy":"product_tag","embeddable":true,"href":"https:\/\/boutique-one-piece.com\/en\/wp-json\/wp\/v2\/product_tag?post=14668"}],"curies":[{"name":"wp","href":"https:\/\/api.w.org\/{rel}","templated":true}]}}