{"id":14727,"date":"2022-09-27T21:33:56","date_gmt":"2022-09-27T21:33:56","guid":{"rendered":"https:\/\/boutique-one-piece.com\/uncategorized\/t-shirt-one-piece-trafalgar-d-water-law-2\/"},"modified":"2024-09-16T13:48:44","modified_gmt":"2024-09-16T13:48:44","slug":"t-shirt-one-piece-trafalgar-d-water-law-2","status":"publish","type":"product","link":"https:\/\/boutique-one-piece.com\/en\/one-piece-clothes\/one-piece-t-shirts\/t-shirt-one-piece-trafalgar-d-water-law-2\/","title":{"rendered":"One Piece Trafalgar Law T-Shirt"},"content":{"rendered":"<h2>\n<b>One Piece Trafalgar D. Water Law T-Shirt with his Jolly Roger<\/b><b>Join the Crew of&nbsp;<\/b><b>Trafalgar Law<\/b><b>&nbsp;Wear these colors! Proudly show your membership in &quot;Team Law&quot;\u00ab<\/b><\/h2>\n<p>If you are a&nbsp;<strong>real pirate<\/strong>, You will appreciate the&nbsp;<strong>quality<\/strong>&nbsp;fabric and&nbsp;<strong>3D Canvas printing<\/strong>&nbsp;of this&nbsp;<strong>One Piece t-shirt<\/strong>&nbsp;But most importantly, with this&nbsp;<strong>printed jersey<\/strong>&nbsp;that&#039;s because you&#039;ll be part of&nbsp;<strong>the fan crew<\/strong>&nbsp;of&nbsp;<strong>pirate manga<\/strong>&nbsp;and you will obtain:<\/p>\n<ul>\n<li>&nbsp;<strong>Admiration<\/strong>&nbsp;of all the fans of&nbsp;<strong>mugiwara<\/strong>&nbsp;that you will encounter<\/li>\n<\/ul>\n<ul>\n<li>A real&nbsp;<strong>printed t-shirt<\/strong>&nbsp;with which you can&nbsp;<strong>share<\/strong><span>&nbsp;<\/span>your<span>&nbsp;<\/span><strong>passion<\/strong><span>&nbsp;<\/span>For<span>&nbsp;<\/span><strong>the universe<\/strong><span>&nbsp;<\/span>of the<span>&nbsp;<\/span><strong>One Piece license<\/strong><\/li>\n<\/ul>\n<p>So, ready to wear the&nbsp;<strong>colors&nbsp;<\/strong>of<b>&nbsp;<\/b>your<b><span>&nbsp;<\/span>favorite manga<\/b>&nbsp;?<\/p>\n<h2>Are you a fan of the One Piece manga or anime? Show it off with this One Piece printed shirt!<\/h2>\n<p>If you&nbsp;<strong>read<\/strong>&nbsp;or wherever you look&nbsp;<span>&nbsp;<\/span><strong>Japanese anime<\/strong>, There&#039;s a good chance you&#039;ve become&nbsp;<strong>crazy about One Piece<\/strong>&nbsp;With this!<span>&nbsp;<\/span><strong>One Piece T-Shirt<span>&nbsp;Trafalgar Law<\/span><\/strong>, join the\u2019<strong>crew of fans of the franchise<\/strong><\/p>\n<p>This&nbsp;<strong>white t-shirt<\/strong>&nbsp;is available in sizes&nbsp;<strong>XS<\/strong>,<strong>&nbsp;S<\/strong>,<strong>&nbsp;M<\/strong>,<strong>&nbsp;L<\/strong>,&nbsp;<strong>XL<\/strong>,&nbsp;<strong>XXL<\/strong>, It will suit all categories of pirates.,<span>&nbsp;<\/span><strong>man<\/strong>&nbsp;Or<span>&nbsp;<\/span><strong>women<\/strong>, even if you don&#039;t have&nbsp;<strong>sword<\/strong>&nbsp;or&nbsp;<strong>devil fruit<\/strong>&nbsp;You can still wear it proudly.<\/p>\n<h2>Information about the T-shirt:&nbsp;<\/h2>\n<ul>\n<li>&nbsp;<strong>Premium quality jersey&nbsp;<\/strong>: has a&nbsp;<strong>high grammage<\/strong>, with quality materials<\/li>\n<\/ul>\n<ul>\n<li>\n<strong>Loose Fit<\/strong>&nbsp;:&nbsp;&nbsp;<strong>t-shirt<\/strong>&nbsp;with a&nbsp;<strong>wide cut<\/strong>, for added comfort<\/li>\n<\/ul>\n<ul>\n<li>\n<strong>Very comfortable&nbsp;<\/strong>with these&nbsp;<strong>fibers<\/strong>&nbsp;of&nbsp;<strong>cotton<\/strong>&nbsp;great&nbsp;<strong>soft<\/strong>, there is no&nbsp;<strong>friction<\/strong><\/li>\n<\/ul>\n<ul>\n<li>\n<strong>3D digital printing<\/strong>&nbsp;:&nbsp;<strong>printed t-shirt<\/strong>&nbsp;with an original design,&nbsp;<strong>Canvas Print<\/strong><\/li>\n<\/ul>\n<ul>\n<li>\n<strong>Organic cotton&nbsp;<\/strong>: quality cotton with&nbsp;<strong>extra long fibers<\/strong><\/li>\n<\/ul>\n<ul>\n<li>\n<strong>Free Delivery&nbsp;<\/strong>for any purchase<\/li>\n<\/ul>\n<h2><strong>Don&#039;t forget to take a look at the size guide below.<\/strong><\/h2>\n<p><span>&nbsp;<img decoding=\"async\" src=\"https:\/\/cdn.shopify.com\/s\/files\/1\/0087\/7556\/5348\/files\/boutque__one__piece__tableau__taille__t-shirt_large.jpg?v=1559655065\" alt=\"One Piece Luffy Future King of the Pirates T-shirt Size Guide\"><\/span><\/p>\n<h3>Washing Instructions:<\/h3>\n<ul>\n<li>Machine wash at 30\u00b0C, delicate cycle<\/li>\n<\/ul>\n<ul>\n<li>Go back to<span>&nbsp;<\/span>the reverse<\/li>\n<\/ul>\n<p>For<span>&nbsp;<\/span><strong>preserve the quality<\/strong><span>&nbsp;<\/span>of this<span>&nbsp;<\/span><strong>One Piece t-shirt<\/strong>, we recommend that you<span>&nbsp;<\/span><strong>respect<\/strong><span>&nbsp;<\/span>THE<span>&nbsp;<\/span><strong>washing instructions<\/strong>.<\/p>","protected":false},"excerpt":{"rendered":"<p>One Piece Trafalgar D. Water Law T-Shirt with his Jolly Roger. Join Trafalgar Law&#039;s crew by wearing these colors! Proudly show your allegiance to &quot;Team Law.&quot; If you&#039;re a true pirate, you&#039;ll appreciate the quality of the fabric and the 3D canvas print of this One Piece t-shirt! But most importantly, with this printed shirt, you&#039;ll be part of the crew of fans of the pirate manga and you&#039;ll get: [\u2026]<\/p>","protected":false},"featured_media":18189,"comment_status":"open","ping_status":"open","template":"","meta":[],"product_brand":[],"product_cat":[53],"product_tag":[202],"class_list":{"0":"post-14727","1":"product","2":"type-product","3":"status-publish","4":"has-post-thumbnail","6":"product_cat-t-shirts-one-piece","7":"product_tag-law","9":"first","10":"instock","11":"purchasable","12":"product-type-variable"},"yoast_head":"<!-- This site is optimized with the Yoast SEO plugin v27.5 - https:\/\/yoast.com\/product\/yoast-seo-wordpress\/ -->\n<title>T-Shirt One Piece Trafalgar D. Water Law et son Jolly Roger<\/title>\n<meta name=\"description\" content=\"T-Shirt One Piece Trafalgar D. Water Law avec son Jolly Roger en Rouge de Tr\u00e8s Haute Qualit\u00e9 : Rejoins l&#039;\u00c9quipage de Trafalgar Law en Portant ces Couleurs !\" \/>\n<meta name=\"robots\" content=\"index, follow, max-snippet:-1, max-image-preview:large, max-video-preview:-1\" \/>\n<link rel=\"canonical\" href=\"https:\/\/boutique-one-piece.com\/en\/one-piece-clothes\/one-piece-t-shirts\/t-shirt-one-piece-trafalgar-d-water-law-2\/\" \/>\n<meta property=\"og:locale\" content=\"en_US\" \/>\n<meta property=\"og:type\" content=\"article\" \/>\n<meta property=\"og:title\" content=\"T-Shirt One Piece Trafalgar D. Water Law et son Jolly Roger\" \/>\n<meta property=\"og:description\" content=\"T-Shirt One Piece Trafalgar D. Water Law avec son Jolly Roger en Rouge de Tr\u00e8s Haute Qualit\u00e9 : Rejoins l&#039;\u00c9quipage de Trafalgar Law en Portant ces Couleurs !\" \/>\n<meta property=\"og:url\" content=\"https:\/\/boutique-one-piece.com\/en\/one-piece-clothes\/one-piece-t-shirts\/t-shirt-one-piece-trafalgar-d-water-law-2\/\" \/>\n<meta property=\"og:site_name\" content=\"Boutique One Piece\" \/>\n<meta property=\"article:modified_time\" content=\"2024-09-16T13:48:44+00:00\" \/>\n<meta property=\"og:image\" content=\"https:\/\/boutique-one-piece.com\/wp-content\/uploads\/2022\/09\/t-shirt-one-piece-trafalgar-law-4973894434852.jpg\" \/>\n\t<meta property=\"og:image:width\" content=\"600\" \/>\n\t<meta property=\"og:image:height\" content=\"600\" \/>\n\t<meta property=\"og:image:type\" content=\"image\/jpeg\" \/>\n<meta name=\"twitter:card\" content=\"summary_large_image\" \/>\n<meta name=\"twitter:label1\" content=\"Est. reading time\" \/>\n\t<meta name=\"twitter:data1\" content=\"3 minutes\" \/>\n<script type=\"application\/ld+json\" class=\"yoast-schema-graph\">{\"@context\":\"https:\\\/\\\/schema.org\",\"@graph\":[{\"@type\":\"WebPage\",\"@id\":\"https:\\\/\\\/boutique-one-piece.com\\\/vetements-one-piece\\\/t-shirts-one-piece\\\/t-shirt-one-piece-trafalgar-d-water-law-2\\\/\",\"url\":\"https:\\\/\\\/boutique-one-piece.com\\\/vetements-one-piece\\\/t-shirts-one-piece\\\/t-shirt-one-piece-trafalgar-d-water-law-2\\\/\",\"name\":\"T-Shirt One Piece Trafalgar D. Water Law et son Jolly Roger\",\"isPartOf\":{\"@id\":\"https:\\\/\\\/boutique-one-piece.com\\\/#website\"},\"primaryImageOfPage\":{\"@id\":\"https:\\\/\\\/boutique-one-piece.com\\\/vetements-one-piece\\\/t-shirts-one-piece\\\/t-shirt-one-piece-trafalgar-d-water-law-2\\\/#primaryimage\"},\"image\":{\"@id\":\"https:\\\/\\\/boutique-one-piece.com\\\/vetements-one-piece\\\/t-shirts-one-piece\\\/t-shirt-one-piece-trafalgar-d-water-law-2\\\/#primaryimage\"},\"thumbnailUrl\":\"https:\\\/\\\/boutique-one-piece.com\\\/wp-content\\\/uploads\\\/2022\\\/09\\\/t-shirt-one-piece-trafalgar-law-4973894434852.jpg\",\"datePublished\":\"2022-09-27T21:33:56+00:00\",\"dateModified\":\"2024-09-16T13:48:44+00:00\",\"description\":\"T-Shirt One Piece Trafalgar D. Water Law avec son Jolly Roger en Rouge de Tr\u00e8s Haute Qualit\u00e9 : Rejoins l'\u00c9quipage de Trafalgar Law en Portant ces Couleurs !\",\"breadcrumb\":{\"@id\":\"https:\\\/\\\/boutique-one-piece.com\\\/vetements-one-piece\\\/t-shirts-one-piece\\\/t-shirt-one-piece-trafalgar-d-water-law-2\\\/#breadcrumb\"},\"inLanguage\":\"en-US\",\"potentialAction\":[{\"@type\":\"ReadAction\",\"target\":[\"https:\\\/\\\/boutique-one-piece.com\\\/vetements-one-piece\\\/t-shirts-one-piece\\\/t-shirt-one-piece-trafalgar-d-water-law-2\\\/\"]}]},{\"@type\":\"ImageObject\",\"inLanguage\":\"en-US\",\"@id\":\"https:\\\/\\\/boutique-one-piece.com\\\/vetements-one-piece\\\/t-shirts-one-piece\\\/t-shirt-one-piece-trafalgar-d-water-law-2\\\/#primaryimage\",\"url\":\"https:\\\/\\\/boutique-one-piece.com\\\/wp-content\\\/uploads\\\/2022\\\/09\\\/t-shirt-one-piece-trafalgar-law-4973894434852.jpg\",\"contentUrl\":\"https:\\\/\\\/boutique-one-piece.com\\\/wp-content\\\/uploads\\\/2022\\\/09\\\/t-shirt-one-piece-trafalgar-law-4973894434852.jpg\",\"width\":600,\"height\":600},{\"@type\":\"BreadcrumbList\",\"@id\":\"https:\\\/\\\/boutique-one-piece.com\\\/vetements-one-piece\\\/t-shirts-one-piece\\\/t-shirt-one-piece-trafalgar-d-water-law-2\\\/#breadcrumb\",\"itemListElement\":[{\"@type\":\"ListItem\",\"position\":1,\"name\":\"Home\",\"item\":\"https:\\\/\\\/boutique-one-piece.com\\\/\"},{\"@type\":\"ListItem\",\"position\":2,\"name\":\"Shop\",\"item\":\"https:\\\/\\\/boutique-one-piece.com\\\/shop\\\/\"},{\"@type\":\"ListItem\",\"position\":3,\"name\":\"T-Shirt One Piece Trafalgar Law\"}]},{\"@type\":\"WebSite\",\"@id\":\"https:\\\/\\\/boutique-one-piece.com\\\/#website\",\"url\":\"https:\\\/\\\/boutique-one-piece.com\\\/\",\"name\":\"Boutique One Piece\",\"description\":\"Magasin Sp\u00e9cialis\u00e9 du Manga et l&#039;Anime One Piece\",\"publisher\":{\"@id\":\"https:\\\/\\\/boutique-one-piece.com\\\/#organization\"},\"potentialAction\":[{\"@type\":\"SearchAction\",\"target\":{\"@type\":\"EntryPoint\",\"urlTemplate\":\"https:\\\/\\\/boutique-one-piece.com\\\/?s={search_term_string}\"},\"query-input\":{\"@type\":\"PropertyValueSpecification\",\"valueRequired\":true,\"valueName\":\"search_term_string\"}}],\"inLanguage\":\"en-US\"},{\"@type\":\"Organization\",\"@id\":\"https:\\\/\\\/boutique-one-piece.com\\\/#organization\",\"name\":\"Boutique One Piece\",\"url\":\"https:\\\/\\\/boutique-one-piece.com\\\/\",\"logo\":{\"@type\":\"ImageObject\",\"inLanguage\":\"en-US\",\"@id\":\"https:\\\/\\\/boutique-one-piece.com\\\/#\\\/schema\\\/logo\\\/image\\\/\",\"url\":\"https:\\\/\\\/boutique-one-piece.com\\\/wp-content\\\/uploads\\\/2022\\\/09\\\/Logo-01.png\",\"contentUrl\":\"https:\\\/\\\/boutique-one-piece.com\\\/wp-content\\\/uploads\\\/2022\\\/09\\\/Logo-01.png\",\"width\":2318,\"height\":957,\"caption\":\"Boutique One Piece\"},\"image\":{\"@id\":\"https:\\\/\\\/boutique-one-piece.com\\\/#\\\/schema\\\/logo\\\/image\\\/\"}}]}<\/script>\n<!-- \/ Yoast SEO plugin. -->","yoast_head_json":{"title":"One Piece T-Shirt Trafalgar D. Water Law and his Jolly Roger","description":"One Piece Trafalgar D. Water Law T-Shirt with his Jolly Roger in Red - Very High Quality: Join Trafalgar Law&#039;s Crew by Wearing These Colors!","robots":{"index":"index","follow":"follow","max-snippet":"max-snippet:-1","max-image-preview":"max-image-preview:large","max-video-preview":"max-video-preview:-1"},"canonical":"https:\/\/boutique-one-piece.com\/en\/one-piece-clothes\/one-piece-t-shirts\/t-shirt-one-piece-trafalgar-d-water-law-2\/","og_locale":"en_US","og_type":"article","og_title":"T-Shirt One Piece Trafalgar D. Water Law et son Jolly Roger","og_description":"T-Shirt One Piece Trafalgar D. Water Law avec son Jolly Roger en Rouge de Tr\u00e8s Haute Qualit\u00e9 : Rejoins l'\u00c9quipage de Trafalgar Law en Portant ces Couleurs !","og_url":"https:\/\/boutique-one-piece.com\/en\/one-piece-clothes\/one-piece-t-shirts\/t-shirt-one-piece-trafalgar-d-water-law-2\/","og_site_name":"Boutique One Piece","article_modified_time":"2024-09-16T13:48:44+00:00","og_image":[{"width":600,"height":600,"url":"https:\/\/boutique-one-piece.com\/wp-content\/uploads\/2022\/09\/t-shirt-one-piece-trafalgar-law-4973894434852.jpg","type":"image\/jpeg"}],"twitter_card":"summary_large_image","twitter_misc":{"Est. reading time":"3 minutes"},"schema":{"@context":"https:\/\/schema.org","@graph":[{"@type":"WebPage","@id":"https:\/\/boutique-one-piece.com\/vetements-one-piece\/t-shirts-one-piece\/t-shirt-one-piece-trafalgar-d-water-law-2\/","url":"https:\/\/boutique-one-piece.com\/vetements-one-piece\/t-shirts-one-piece\/t-shirt-one-piece-trafalgar-d-water-law-2\/","name":"One Piece T-Shirt Trafalgar D. Water Law and his Jolly Roger","isPartOf":{"@id":"https:\/\/boutique-one-piece.com\/#website"},"primaryImageOfPage":{"@id":"https:\/\/boutique-one-piece.com\/vetements-one-piece\/t-shirts-one-piece\/t-shirt-one-piece-trafalgar-d-water-law-2\/#primaryimage"},"image":{"@id":"https:\/\/boutique-one-piece.com\/vetements-one-piece\/t-shirts-one-piece\/t-shirt-one-piece-trafalgar-d-water-law-2\/#primaryimage"},"thumbnailUrl":"https:\/\/boutique-one-piece.com\/wp-content\/uploads\/2022\/09\/t-shirt-one-piece-trafalgar-law-4973894434852.jpg","datePublished":"2022-09-27T21:33:56+00:00","dateModified":"2024-09-16T13:48:44+00:00","description":"One Piece Trafalgar D. Water Law T-Shirt with his Jolly Roger in Red - Very High Quality: Join Trafalgar Law&#039;s Crew by Wearing These Colors!","breadcrumb":{"@id":"https:\/\/boutique-one-piece.com\/vetements-one-piece\/t-shirts-one-piece\/t-shirt-one-piece-trafalgar-d-water-law-2\/#breadcrumb"},"inLanguage":"en-US","potentialAction":[{"@type":"ReadAction","target":["https:\/\/boutique-one-piece.com\/vetements-one-piece\/t-shirts-one-piece\/t-shirt-one-piece-trafalgar-d-water-law-2\/"]}]},{"@type":"ImageObject","inLanguage":"en-US","@id":"https:\/\/boutique-one-piece.com\/vetements-one-piece\/t-shirts-one-piece\/t-shirt-one-piece-trafalgar-d-water-law-2\/#primaryimage","url":"https:\/\/boutique-one-piece.com\/wp-content\/uploads\/2022\/09\/t-shirt-one-piece-trafalgar-law-4973894434852.jpg","contentUrl":"https:\/\/boutique-one-piece.com\/wp-content\/uploads\/2022\/09\/t-shirt-one-piece-trafalgar-law-4973894434852.jpg","width":600,"height":600},{"@type":"BreadcrumbList","@id":"https:\/\/boutique-one-piece.com\/vetements-one-piece\/t-shirts-one-piece\/t-shirt-one-piece-trafalgar-d-water-law-2\/#breadcrumb","itemListElement":[{"@type":"ListItem","position":1,"name":"Home","item":"https:\/\/boutique-one-piece.com\/"},{"@type":"ListItem","position":2,"name":"Shop","item":"https:\/\/boutique-one-piece.com\/shop\/"},{"@type":"ListItem","position":3,"name":"T-Shirt One Piece Trafalgar Law"}]},{"@type":"WebSite","@id":"https:\/\/boutique-one-piece.com\/#website","url":"https:\/\/boutique-one-piece.com\/","name":"One Piece Shop","description":"Specialty store for One Piece Manga and Anime","publisher":{"@id":"https:\/\/boutique-one-piece.com\/#organization"},"potentialAction":[{"@type":"SearchAction","target":{"@type":"EntryPoint","urlTemplate":"https:\/\/boutique-one-piece.com\/?s={search_term_string}"},"query-input":{"@type":"PropertyValueSpecification","valueRequired":true,"valueName":"search_term_string"}}],"inLanguage":"en-US"},{"@type":"Organization","@id":"https:\/\/boutique-one-piece.com\/#organization","name":"One Piece Shop","url":"https:\/\/boutique-one-piece.com\/","logo":{"@type":"ImageObject","inLanguage":"en-US","@id":"https:\/\/boutique-one-piece.com\/#\/schema\/logo\/image\/","url":"https:\/\/boutique-one-piece.com\/wp-content\/uploads\/2022\/09\/Logo-01.png","contentUrl":"https:\/\/boutique-one-piece.com\/wp-content\/uploads\/2022\/09\/Logo-01.png","width":2318,"height":957,"caption":"Boutique One Piece"},"image":{"@id":"https:\/\/boutique-one-piece.com\/#\/schema\/logo\/image\/"}}]}},"_links":{"self":[{"href":"https:\/\/boutique-one-piece.com\/en\/wp-json\/wp\/v2\/product\/14727","targetHints":{"allow":["GET"]}}],"collection":[{"href":"https:\/\/boutique-one-piece.com\/en\/wp-json\/wp\/v2\/product"}],"about":[{"href":"https:\/\/boutique-one-piece.com\/en\/wp-json\/wp\/v2\/types\/product"}],"replies":[{"embeddable":true,"href":"https:\/\/boutique-one-piece.com\/en\/wp-json\/wp\/v2\/comments?post=14727"}],"wp:featuredmedia":[{"embeddable":true,"href":"https:\/\/boutique-one-piece.com\/en\/wp-json\/wp\/v2\/media\/18189"}],"wp:attachment":[{"href":"https:\/\/boutique-one-piece.com\/en\/wp-json\/wp\/v2\/media?parent=14727"}],"wp:term":[{"taxonomy":"product_brand","embeddable":true,"href":"https:\/\/boutique-one-piece.com\/en\/wp-json\/wp\/v2\/product_brand?post=14727"},{"taxonomy":"product_cat","embeddable":true,"href":"https:\/\/boutique-one-piece.com\/en\/wp-json\/wp\/v2\/product_cat?post=14727"},{"taxonomy":"product_tag","embeddable":true,"href":"https:\/\/boutique-one-piece.com\/en\/wp-json\/wp\/v2\/product_tag?post=14727"}],"curies":[{"name":"wp","href":"https:\/\/api.w.org\/{rel}","templated":true}]}}