{"id":15205,"date":"2022-09-27T21:36:53","date_gmt":"2022-09-27T21:36:53","guid":{"rendered":"https:\/\/boutique-one-piece.com\/uncategorized\/bomber-one-piece-barbe-blanche\/"},"modified":"2024-12-12T05:27:06","modified_gmt":"2024-12-12T05:27:06","slug":"white-beard-one-piece-bomber","status":"publish","type":"product","link":"https:\/\/boutique-one-piece.com\/en\/one-piece-clothes\/bomber-one-piece\/white-beard-one-piece-bomber\/","title":{"rendered":"Whitebeard One Piece Bomber Jacket"},"content":{"rendered":"<h2><b>Veste\u00a0Bomber Noir\u00a0One Piece avec\u00a0Logo Barbe Blanche de Tr\u00e8s Haute Qualit\u00e9 : Rejoins l\u2019\u00c9quipage de l\u2019Ancien Empereur et Deviens un Pirates de Edward Newgate !<\/b><\/h2>\n<p>If you are a\u00a0<strong>real pirate<\/strong>, You will appreciate the\u00a0<strong>quality<\/strong>\u00a0fabric and\u00a0<strong>l\u2019impression 3D Canvas<\/strong>\u00a0of this<span>\u00a0<\/span><strong>One Piece jacket<\/strong>\u00a0But most importantly, with this<span>\u00a0<\/span><strong>printed bomber jacket<\/strong>\u00a0that&#039;s because you&#039;ll be part of\u00a0<strong>l\u2019\u00e9quipage\u00a0des fans<\/strong>\u00a0of\u00a0<strong>pirate manga<\/strong>\u00a0and you will obtain:<\/p>\n<ul>\n<li>\u00a0<strong>L\u2019admiration<\/strong>\u00a0of all the fans of<span>\u00a0<\/span><strong>l\u2019univers<\/strong><span>\u00a0<\/span>of the<span>\u00a0<\/span><strong>license<\/strong><span>\u00a0<\/span>of<span>\u00a0<\/span><strong>manga<\/strong>\u00a0that you will encounter<\/li>\n<\/ul>\n<ul>\n<li>A real<span>\u00a0<\/span><b>jacket<\/b>\u00a0with which you can\u00a0<strong>share<\/strong><span>\u00a0<\/span>your<span>\u00a0<\/span><strong>passion<\/strong><span>\u00a0<\/span>For<span>\u00a0<\/span><strong>One Piece<\/strong>\n<\/li>\n<\/ul>\n<p>So, ready to wear the\u00a0<strong>colors\u00a0<\/strong>of<b>\u00a0<\/b>your<b><span>\u00a0<\/span>favorite manga<\/b>\u00a0?<\/p>\n<h2>Es-tu un fan du manga ou de l\u2019anim\u00e9 One Piece ? Montre le avec ce Bomber One Piece !<\/h2>\n<p>If you\u00a0<strong>read<\/strong>\u00a0or wherever you look\u00a0<span>\u00a0<\/span><strong>l\u2019anim\u00e9\u00a0japonais<\/strong>, There&#039;s a good chance you&#039;ve become\u00a0<strong>crazy about One Piece<\/strong>\u00a0With this\u00a0<strong>One Piece Whitebeard jacket<\/strong>, rejoins\u00a0l\u2019<strong>crew of fans of the franchise<\/strong><\/p>\n<p>This<strong><\/strong>all<span>\u00a0<\/span><strong>black bomber jacket<\/strong>\u00a0is available in sizes\u00a0<strong>XS<\/strong>,\u00a0<strong>S<\/strong>,<strong>\u00a0M<\/strong>,<strong>\u00a0L<\/strong>,\u00a0<strong>XL<\/strong>,\u00a0<strong>XXL<\/strong>,<span>\u00a0<\/span><strong>3XL<\/strong>,<span>\u00a0<\/span><strong>4XL<\/strong>, It will suit all categories of pirates.,<span>\u00a0<\/span><strong>man<\/strong>\u00a0Or<span>\u00a0<\/span><strong>women<\/strong>, m\u00eame si tu n\u2019as pas\u00a0<strong>d\u2019\u00e9p\u00e9e<\/strong>\u00a0or\u00a0<strong>devil fruit<\/strong>\u00a0You can still wear it proudly.<\/p>\n<h2>Information about the Bomber:\u00a0<\/h2>\n<ul><\/ul>\n<ul><\/ul>\n<ul>\n<li>\n<strong>High-quality One Piece bomber jacket\u00a0<\/strong><span>:\u00a0<\/span>It has a high paper weight and is made of quality materials.<\/li>\n<\/ul>\n<ul>\n<li><span><strong>Cotton lining<\/strong>\u00a0: bomber jacket with a cotton lining, good protection against the cold<\/span><\/li>\n<\/ul>\n<ul>\n<li><span><strong>Streetwear style\u00a0<\/strong>Thanks to its &quot;aviator&quot; cut, the bomber jacket gives a casual look<\/span><\/li>\n<\/ul>\n<ul>\n<li>\n<strong>Very comfortable<span>\u00a0<\/span><\/strong>: avec ces fibres de coton et de polyester super doux, il n\u2019y a pas\u00a0de frottements<\/li>\n<\/ul>\n<ul>\n<li><span>3D digital printing, original design<\/span><\/li>\n<\/ul>\n<ul>\n<li><span><b>Cotton<\/b><strong>\u00a0organic\u00a0<\/strong>High-quality cotton with extra-long fibers<\/span><\/li>\n<\/ul>\n<ul>\n<li><span><strong>Free Delivery\u00a0<\/strong>for any purchase<strong>\u00a0<\/strong><\/span><\/li>\n<\/ul>\n<p><strong>N\u2019oubliez pas de jeter\u00a0un oeil au guide des tailles ci-dessous.<\/strong><\/p>\n<p><img decoding=\"async\" src=\"https:\/\/cdn.shopify.com\/s\/files\/1\/0087\/7556\/5348\/files\/boutque_one__piece_tableau_taille_veste_bombers_large.jpg?v=1559998400\" alt=\"One Piece bomber jacket size guide\"><\/p>\n<h3>One Piece Bomber Jacket Washing Instructions:<\/h3>\n<ul>\n<li>Machine wash at 30\u00b0C, delicate cycle<\/li>\n<\/ul>\n<ul>\n<li>Iron on the reverse side<\/li>\n<\/ul>\n<p>For<span>\u00a0<\/span><strong>preserve the quality<\/strong><span>\u00a0<\/span>of this<span>\u00a0<\/span><strong>One Piece Bomber Jacket<\/strong>, we recommend that you<span>\u00a0<\/span><strong>respect<\/strong><span>\u00a0<\/span>THE<span>\u00a0<\/span><strong>washing instructions<\/strong>.<\/p>","protected":false},"excerpt":{"rendered":"<p>Veste\u00a0Bomber Noir\u00a0One Piece avec\u00a0Logo Barbe Blanche de Tr\u00e8s Haute Qualit\u00e9 : Rejoins l\u2019\u00c9quipage de l\u2019Ancien Empereur et Deviens un Pirates de Edward Newgate ! Si tu es un\u00a0v\u00e9ritable pirate, tu sauras appr\u00e9cier la\u00a0qualit\u00e9\u00a0du tissu et de\u00a0l\u2019impression 3D Canvas\u00a0de cette\u00a0veste One Piece\u00a0!\u00a0Mais le plus important, avec ce\u00a0bomber\u00a0imprim\u00e9\u00a0c\u0092est que tu\u00a0feras partie de\u00a0l\u2019\u00e9quipage\u00a0des fans\u00a0du\u00a0manga de pirates\u00a0et tu obtiendras\u00a0: [&hellip;]<\/p>","protected":false},"featured_media":15207,"comment_status":"open","ping_status":"open","template":"","meta":[],"product_brand":[],"product_cat":[697,15],"product_tag":[199,348,182],"class_list":{"0":"post-15205","1":"product","2":"type-product","3":"status-publish","4":"has-post-thumbnail","6":"product_cat-bomber-one-piece","7":"product_cat-manga-one-piece","8":"product_tag-barbe-blanche","9":"product_tag-bomber","10":"product_tag-logo","12":"first","13":"outofstock","14":"purchasable","15":"product-type-variable","16":"has-default-attributes"},"yoast_head":"<!-- This site is optimized with the Yoast SEO plugin v27.5 - https:\/\/yoast.com\/product\/yoast-seo-wordpress\/ -->\n<title>Bomber One Piece Barbe Blanche | Boutique One Piece<\/title>\n<meta name=\"description\" content=\"Veste Bomber Noir One Piece avec Logo Barbe Blanche de Tr\u00e8s Haute Qualit\u00e9 : Rejoins l&#039;\u00c9quipage de l&#039;Ancien Empereur et Deviens un Pirates de Edward Newgate !\" \/>\n<meta name=\"robots\" content=\"index, follow, max-snippet:-1, max-image-preview:large, max-video-preview:-1\" \/>\n<link rel=\"canonical\" href=\"https:\/\/boutique-one-piece.com\/en\/one-piece-clothes\/bomber-one-piece\/white-beard-one-piece-bomber\/\" \/>\n<meta property=\"og:locale\" content=\"en_US\" \/>\n<meta property=\"og:type\" content=\"article\" \/>\n<meta property=\"og:title\" content=\"Bomber One Piece Barbe Blanche | Boutique One Piece\" \/>\n<meta property=\"og:description\" content=\"Veste Bomber Noir One Piece avec Logo Barbe Blanche de Tr\u00e8s Haute Qualit\u00e9 : Rejoins l&#039;\u00c9quipage de l&#039;Ancien Empereur et Deviens un Pirates de Edward Newgate !\" \/>\n<meta property=\"og:url\" content=\"https:\/\/boutique-one-piece.com\/en\/one-piece-clothes\/bomber-one-piece\/white-beard-one-piece-bomber\/\" \/>\n<meta property=\"og:site_name\" content=\"Boutique One Piece\" \/>\n<meta property=\"article:modified_time\" content=\"2024-12-12T05:27:06+00:00\" \/>\n<meta property=\"og:image\" content=\"https:\/\/boutique-one-piece.com\/wp-content\/uploads\/2022\/09\/Bomber-One-Piece-Barbe-Blanche.jpg\" \/>\n\t<meta property=\"og:image:width\" content=\"600\" \/>\n\t<meta property=\"og:image:height\" content=\"600\" \/>\n\t<meta property=\"og:image:type\" content=\"image\/jpeg\" \/>\n<meta name=\"twitter:card\" content=\"summary_large_image\" \/>\n<meta name=\"twitter:label1\" content=\"Est. reading time\" \/>\n\t<meta name=\"twitter:data1\" content=\"2 minutes\" \/>\n<script type=\"application\/ld+json\" class=\"yoast-schema-graph\">{\"@context\":\"https:\\\/\\\/schema.org\",\"@graph\":[{\"@type\":\"WebPage\",\"@id\":\"https:\\\/\\\/boutique-one-piece.com\\\/vetements-one-piece\\\/bomber-one-piece\\\/bomber-one-piece-barbe-blanche\\\/\",\"url\":\"https:\\\/\\\/boutique-one-piece.com\\\/vetements-one-piece\\\/bomber-one-piece\\\/bomber-one-piece-barbe-blanche\\\/\",\"name\":\"Bomber One Piece Barbe Blanche | Boutique One Piece\",\"isPartOf\":{\"@id\":\"https:\\\/\\\/boutique-one-piece.com\\\/#website\"},\"primaryImageOfPage\":{\"@id\":\"https:\\\/\\\/boutique-one-piece.com\\\/vetements-one-piece\\\/bomber-one-piece\\\/bomber-one-piece-barbe-blanche\\\/#primaryimage\"},\"image\":{\"@id\":\"https:\\\/\\\/boutique-one-piece.com\\\/vetements-one-piece\\\/bomber-one-piece\\\/bomber-one-piece-barbe-blanche\\\/#primaryimage\"},\"thumbnailUrl\":\"https:\\\/\\\/boutique-one-piece.com\\\/wp-content\\\/uploads\\\/2022\\\/09\\\/Bomber-One-Piece-Barbe-Blanche.jpg\",\"datePublished\":\"2022-09-27T21:36:53+00:00\",\"dateModified\":\"2024-12-12T05:27:06+00:00\",\"description\":\"Veste Bomber Noir One Piece avec Logo Barbe Blanche de Tr\u00e8s Haute Qualit\u00e9 : Rejoins l'\u00c9quipage de l'Ancien Empereur et Deviens un Pirates de Edward Newgate !\",\"breadcrumb\":{\"@id\":\"https:\\\/\\\/boutique-one-piece.com\\\/vetements-one-piece\\\/bomber-one-piece\\\/bomber-one-piece-barbe-blanche\\\/#breadcrumb\"},\"inLanguage\":\"en-US\",\"potentialAction\":[{\"@type\":\"ReadAction\",\"target\":[\"https:\\\/\\\/boutique-one-piece.com\\\/vetements-one-piece\\\/bomber-one-piece\\\/bomber-one-piece-barbe-blanche\\\/\"]}]},{\"@type\":\"ImageObject\",\"inLanguage\":\"en-US\",\"@id\":\"https:\\\/\\\/boutique-one-piece.com\\\/vetements-one-piece\\\/bomber-one-piece\\\/bomber-one-piece-barbe-blanche\\\/#primaryimage\",\"url\":\"https:\\\/\\\/boutique-one-piece.com\\\/wp-content\\\/uploads\\\/2022\\\/09\\\/Bomber-One-Piece-Barbe-Blanche.jpg\",\"contentUrl\":\"https:\\\/\\\/boutique-one-piece.com\\\/wp-content\\\/uploads\\\/2022\\\/09\\\/Bomber-One-Piece-Barbe-Blanche.jpg\",\"width\":600,\"height\":600,\"caption\":\"Bomber One Piece Barbe Blanche 4xl\"},{\"@type\":\"BreadcrumbList\",\"@id\":\"https:\\\/\\\/boutique-one-piece.com\\\/vetements-one-piece\\\/bomber-one-piece\\\/bomber-one-piece-barbe-blanche\\\/#breadcrumb\",\"itemListElement\":[{\"@type\":\"ListItem\",\"position\":1,\"name\":\"Home\",\"item\":\"https:\\\/\\\/boutique-one-piece.com\\\/\"},{\"@type\":\"ListItem\",\"position\":2,\"name\":\"Shop\",\"item\":\"https:\\\/\\\/boutique-one-piece.com\\\/shop\\\/\"},{\"@type\":\"ListItem\",\"position\":3,\"name\":\"Bomber One Piece Barbe Blanche\"}]},{\"@type\":\"WebSite\",\"@id\":\"https:\\\/\\\/boutique-one-piece.com\\\/#website\",\"url\":\"https:\\\/\\\/boutique-one-piece.com\\\/\",\"name\":\"Boutique One Piece\",\"description\":\"Magasin Sp\u00e9cialis\u00e9 du Manga et l&#039;Anime One Piece\",\"publisher\":{\"@id\":\"https:\\\/\\\/boutique-one-piece.com\\\/#organization\"},\"potentialAction\":[{\"@type\":\"SearchAction\",\"target\":{\"@type\":\"EntryPoint\",\"urlTemplate\":\"https:\\\/\\\/boutique-one-piece.com\\\/?s={search_term_string}\"},\"query-input\":{\"@type\":\"PropertyValueSpecification\",\"valueRequired\":true,\"valueName\":\"search_term_string\"}}],\"inLanguage\":\"en-US\"},{\"@type\":\"Organization\",\"@id\":\"https:\\\/\\\/boutique-one-piece.com\\\/#organization\",\"name\":\"Boutique One Piece\",\"url\":\"https:\\\/\\\/boutique-one-piece.com\\\/\",\"logo\":{\"@type\":\"ImageObject\",\"inLanguage\":\"en-US\",\"@id\":\"https:\\\/\\\/boutique-one-piece.com\\\/#\\\/schema\\\/logo\\\/image\\\/\",\"url\":\"https:\\\/\\\/boutique-one-piece.com\\\/wp-content\\\/uploads\\\/2022\\\/09\\\/Logo-01.png\",\"contentUrl\":\"https:\\\/\\\/boutique-one-piece.com\\\/wp-content\\\/uploads\\\/2022\\\/09\\\/Logo-01.png\",\"width\":2318,\"height\":957,\"caption\":\"Boutique One Piece\"},\"image\":{\"@id\":\"https:\\\/\\\/boutique-one-piece.com\\\/#\\\/schema\\\/logo\\\/image\\\/\"}}]}<\/script>\n<!-- \/ Yoast SEO plugin. -->","yoast_head_json":{"title":"Whitebeard One Piece Bomber Jacket | One Piece Shop","description":"High-quality One Piece black bomber jacket with Whitebeard logo: Join the crew of the former Emperor and become a pirate of Edward Newgate!","robots":{"index":"index","follow":"follow","max-snippet":"max-snippet:-1","max-image-preview":"max-image-preview:large","max-video-preview":"max-video-preview:-1"},"canonical":"https:\/\/boutique-one-piece.com\/en\/one-piece-clothes\/bomber-one-piece\/white-beard-one-piece-bomber\/","og_locale":"en_US","og_type":"article","og_title":"Bomber One Piece Barbe Blanche | Boutique One Piece","og_description":"Veste Bomber Noir One Piece avec Logo Barbe Blanche de Tr\u00e8s Haute Qualit\u00e9 : Rejoins l'\u00c9quipage de l'Ancien Empereur et Deviens un Pirates de Edward Newgate !","og_url":"https:\/\/boutique-one-piece.com\/en\/one-piece-clothes\/bomber-one-piece\/white-beard-one-piece-bomber\/","og_site_name":"Boutique One Piece","article_modified_time":"2024-12-12T05:27:06+00:00","og_image":[{"width":600,"height":600,"url":"https:\/\/boutique-one-piece.com\/wp-content\/uploads\/2022\/09\/Bomber-One-Piece-Barbe-Blanche.jpg","type":"image\/jpeg"}],"twitter_card":"summary_large_image","twitter_misc":{"Est. reading time":"2 minutes"},"schema":{"@context":"https:\/\/schema.org","@graph":[{"@type":"WebPage","@id":"https:\/\/boutique-one-piece.com\/vetements-one-piece\/bomber-one-piece\/bomber-one-piece-barbe-blanche\/","url":"https:\/\/boutique-one-piece.com\/vetements-one-piece\/bomber-one-piece\/bomber-one-piece-barbe-blanche\/","name":"Whitebeard One Piece Bomber Jacket | One Piece Shop","isPartOf":{"@id":"https:\/\/boutique-one-piece.com\/#website"},"primaryImageOfPage":{"@id":"https:\/\/boutique-one-piece.com\/vetements-one-piece\/bomber-one-piece\/bomber-one-piece-barbe-blanche\/#primaryimage"},"image":{"@id":"https:\/\/boutique-one-piece.com\/vetements-one-piece\/bomber-one-piece\/bomber-one-piece-barbe-blanche\/#primaryimage"},"thumbnailUrl":"https:\/\/boutique-one-piece.com\/wp-content\/uploads\/2022\/09\/Bomber-One-Piece-Barbe-Blanche.jpg","datePublished":"2022-09-27T21:36:53+00:00","dateModified":"2024-12-12T05:27:06+00:00","description":"High-quality One Piece black bomber jacket with Whitebeard logo: Join the crew of the former Emperor and become a pirate of Edward Newgate!","breadcrumb":{"@id":"https:\/\/boutique-one-piece.com\/vetements-one-piece\/bomber-one-piece\/bomber-one-piece-barbe-blanche\/#breadcrumb"},"inLanguage":"en-US","potentialAction":[{"@type":"ReadAction","target":["https:\/\/boutique-one-piece.com\/vetements-one-piece\/bomber-one-piece\/bomber-one-piece-barbe-blanche\/"]}]},{"@type":"ImageObject","inLanguage":"en-US","@id":"https:\/\/boutique-one-piece.com\/vetements-one-piece\/bomber-one-piece\/bomber-one-piece-barbe-blanche\/#primaryimage","url":"https:\/\/boutique-one-piece.com\/wp-content\/uploads\/2022\/09\/Bomber-One-Piece-Barbe-Blanche.jpg","contentUrl":"https:\/\/boutique-one-piece.com\/wp-content\/uploads\/2022\/09\/Bomber-One-Piece-Barbe-Blanche.jpg","width":600,"height":600,"caption":"Bomber One Piece Barbe Blanche 4xl"},{"@type":"BreadcrumbList","@id":"https:\/\/boutique-one-piece.com\/vetements-one-piece\/bomber-one-piece\/bomber-one-piece-barbe-blanche\/#breadcrumb","itemListElement":[{"@type":"ListItem","position":1,"name":"Home","item":"https:\/\/boutique-one-piece.com\/"},{"@type":"ListItem","position":2,"name":"Shop","item":"https:\/\/boutique-one-piece.com\/shop\/"},{"@type":"ListItem","position":3,"name":"Bomber One Piece Barbe Blanche"}]},{"@type":"WebSite","@id":"https:\/\/boutique-one-piece.com\/#website","url":"https:\/\/boutique-one-piece.com\/","name":"One Piece Shop","description":"Specialty store for One Piece Manga and Anime","publisher":{"@id":"https:\/\/boutique-one-piece.com\/#organization"},"potentialAction":[{"@type":"SearchAction","target":{"@type":"EntryPoint","urlTemplate":"https:\/\/boutique-one-piece.com\/?s={search_term_string}"},"query-input":{"@type":"PropertyValueSpecification","valueRequired":true,"valueName":"search_term_string"}}],"inLanguage":"en-US"},{"@type":"Organization","@id":"https:\/\/boutique-one-piece.com\/#organization","name":"One Piece Shop","url":"https:\/\/boutique-one-piece.com\/","logo":{"@type":"ImageObject","inLanguage":"en-US","@id":"https:\/\/boutique-one-piece.com\/#\/schema\/logo\/image\/","url":"https:\/\/boutique-one-piece.com\/wp-content\/uploads\/2022\/09\/Logo-01.png","contentUrl":"https:\/\/boutique-one-piece.com\/wp-content\/uploads\/2022\/09\/Logo-01.png","width":2318,"height":957,"caption":"Boutique One Piece"},"image":{"@id":"https:\/\/boutique-one-piece.com\/#\/schema\/logo\/image\/"}}]}},"_links":{"self":[{"href":"https:\/\/boutique-one-piece.com\/en\/wp-json\/wp\/v2\/product\/15205","targetHints":{"allow":["GET"]}}],"collection":[{"href":"https:\/\/boutique-one-piece.com\/en\/wp-json\/wp\/v2\/product"}],"about":[{"href":"https:\/\/boutique-one-piece.com\/en\/wp-json\/wp\/v2\/types\/product"}],"replies":[{"embeddable":true,"href":"https:\/\/boutique-one-piece.com\/en\/wp-json\/wp\/v2\/comments?post=15205"}],"wp:featuredmedia":[{"embeddable":true,"href":"https:\/\/boutique-one-piece.com\/en\/wp-json\/wp\/v2\/media\/15207"}],"wp:attachment":[{"href":"https:\/\/boutique-one-piece.com\/en\/wp-json\/wp\/v2\/media?parent=15205"}],"wp:term":[{"taxonomy":"product_brand","embeddable":true,"href":"https:\/\/boutique-one-piece.com\/en\/wp-json\/wp\/v2\/product_brand?post=15205"},{"taxonomy":"product_cat","embeddable":true,"href":"https:\/\/boutique-one-piece.com\/en\/wp-json\/wp\/v2\/product_cat?post=15205"},{"taxonomy":"product_tag","embeddable":true,"href":"https:\/\/boutique-one-piece.com\/en\/wp-json\/wp\/v2\/product_tag?post=15205"}],"curies":[{"name":"wp","href":"https:\/\/api.w.org\/{rel}","templated":true}]}}