{"id":16585,"date":"2022-09-27T21:54:22","date_gmt":"2022-09-27T21:54:22","guid":{"rendered":"https:\/\/boutique-one-piece.com\/uncategorized\/avis-de-recherche-dracule-mihawk-wanted\/"},"modified":"2024-09-16T14:42:59","modified_gmt":"2024-09-16T14:42:59","slug":"dracule-mihawk-wanted-poster","status":"publish","type":"product","link":"https:\/\/boutique-one-piece.com\/en\/one-piece-wanted-poster\/dracule-mihawk-wanted-poster\/","title":{"rendered":"Dracule Mihawk Wanted Notice"},"content":{"rendered":"<h2>Are you ready to see one of the most popular collectibles of One Piece&#039;s greatest swordsman? Come take a closer look at this Dracule Mihawk Wanted Poster.<\/h2>\n<p>Dracule Mihawk, also known as &quot;\u00ab\u00a0<strong>Hawk&#039;s Eye<\/strong>\u00a0\u00bb&quot;is undoubtedly <strong>le plus grand \u00e9p\u00e9iste de l\u2019univers de One Piece<\/strong>. Il est respect\u00e9 par tous les escrimeurs et tous veulent se mesurer \u00e0 lui au moins une fois dans leur vie. Mihawk est un des antagonistes durant l\u2019Arc Baratie o\u00f9 il bat Zoro, mais il est surpris par la bravoure et le sens de l\u2019honneur de celui-ci.<\/p>\n<p>Il sera aussi un des antagonistes durant la bataille de Marineford puisque c\u2019est un <strong>Shichibukai<\/strong>. Il se bat donc aux c\u00f4t\u00e9s de la Marine. Durant l\u2019ellipse, il va entra\u00eener Zoro pendant deux ans.<\/p>\n<h3>Fais-toi une collection d\u2019avis de recherche de tes personnages pr\u00e9f\u00e9r\u00e9s du manga en commen\u00e7ant par celui d\u2019Oeil de Faucon.<\/h3>\n<p>Dracule Mihawk est un personnage tr\u00e8s charismatique de l\u2019univers de One Piece, et ses apparitions donnent toujours lieu \u00e0 des sc\u00e8nes marquantes tant il en impose gr\u00e2ce \u00e0 sa puissance. Cela est aussi d\u00fb au fait qu\u2019il est un grand solitaire et qu\u2019il se laisse d\u00e9river sur une petite barque pour prendre la mer, et qu\u2019il peut couper un navire en deux avec son \u00e9p\u00e9e si particuli\u00e8re en forme de crucifix, <strong>Kokuto Yoru<\/strong>. La prime \u00e0 l\u2019actif de Dracule Mihawk est de 600 millions de Berry.<\/p>\n<p>Si tu aimes les belles primes, que penses-tu de l\u2019<a href=\"https:\/\/boutique-one-piece.com\/en\/avis-de-recherche-van-augur-wanted\/\" target=\"_blank\" title=\"Van Augur Wanted\" rel=\"noopener noreferrer\">Van Augur wanted notice<\/a> ?<\/p>\n<h2>Informations sur l\u2019Affiche One Piece Wanted Dracule Mihawk<\/h2>\n<ul>\n<li><span><b><u>One Piece Wanted Poster<\/u><\/b>\u00a0: v\u00e9ritable Avis De Recherche de l\u2019univers One Piece pour les vrais pirates<\/span><\/li>\n<\/ul>\n<ul>\n<li>\n<b><u>Dracule Mihawk&#039;s Bounty<\/u><\/b>\u00a0600,000,000 Berries<\/li>\n<\/ul>\n<ul>\n<li><span><strong>High Quality Printing<\/strong>\u00a0accurate colors<\/span><\/li>\n<\/ul>\n<ul>\n<li>\n<strong>Dimension<\/strong>\u00a0: 51 cm x 36 cm<\/li>\n<\/ul>\n<ul>\n<li><span><strong>FREE DELIVERY<\/strong><\/span><\/li>\n<\/ul>","protected":false},"excerpt":{"rendered":"<p>Es-tu pr\u00eat \u00e0 voir un des goodies les plus appr\u00e9cies du plus grand Sabreur de One Piece ? Viens voir de plus pr\u00e8s cet Avis de Recherche Dracule Mihawk Wanted. Dracule Mihawk, aussi appel\u00e9 \u00ab\u00a0Oeil de Faucon\u00a0\u00bb est sans conteste le plus grand \u00e9p\u00e9iste de l\u2019univers de One Piece. Il est respect\u00e9 par tous les [&hellip;]<\/p>","protected":false},"featured_media":16587,"comment_status":"open","ping_status":"open","template":"","meta":[],"product_brand":[],"product_cat":[171],"product_tag":[325],"class_list":{"0":"post-16585","1":"product","2":"type-product","3":"status-publish","4":"has-post-thumbnail","6":"product_cat-avis-de-recherche-one-piece","7":"product_tag-avalo-pizarro","9":"first","10":"instock","11":"purchasable","12":"product-type-simple"},"yoast_head":"<!-- This site is optimized with the Yoast SEO plugin v27.5 - https:\/\/yoast.com\/product\/yoast-seo-wordpress\/ -->\n<title>Avis De Recherche Dracule Mihawk Wanted | Boutique One Piece<\/title>\n<meta name=\"description\" content=\"Es-tu pr\u00eat \u00e0 voir un des goodies les plus appr\u00e9cies du plus grand Sabreur de One Piece ? Viens voir de plus pr\u00e8s cet Avis de Recherche Dracule Mihawk Wanted. Dracule Mihawk, aussi appel\u00e9 &quot;Oeil de Faucon&quot; est sans conteste le plus grand \u00e9p\u00e9iste de l&#039;univers de One Piece. Il est respect\u00e9 par tous les escrimeurs et tous v\" \/>\n<meta name=\"robots\" content=\"index, follow, max-snippet:-1, max-image-preview:large, max-video-preview:-1\" \/>\n<link rel=\"canonical\" href=\"https:\/\/boutique-one-piece.com\/en\/one-piece-wanted-poster\/dracule-mihawk-wanted-poster\/\" \/>\n<meta property=\"og:locale\" content=\"en_US\" \/>\n<meta property=\"og:type\" content=\"article\" \/>\n<meta property=\"og:title\" content=\"Avis De Recherche Dracule Mihawk Wanted | Boutique One Piece\" \/>\n<meta property=\"og:description\" content=\"Es-tu pr\u00eat \u00e0 voir un des goodies les plus appr\u00e9cies du plus grand Sabreur de One Piece ? Viens voir de plus pr\u00e8s cet Avis de Recherche Dracule Mihawk Wanted. Dracule Mihawk, aussi appel\u00e9 &quot;Oeil de Faucon&quot; est sans conteste le plus grand \u00e9p\u00e9iste de l&#039;univers de One Piece. Il est respect\u00e9 par tous les escrimeurs et tous v\" \/>\n<meta property=\"og:url\" content=\"https:\/\/boutique-one-piece.com\/en\/one-piece-wanted-poster\/dracule-mihawk-wanted-poster\/\" \/>\n<meta property=\"og:site_name\" content=\"Boutique One Piece\" \/>\n<meta property=\"article:modified_time\" content=\"2024-09-16T14:42:59+00:00\" \/>\n<meta property=\"og:image\" content=\"https:\/\/boutique-one-piece.com\/wp-content\/uploads\/2022\/09\/Avis-De-Recherche-Dracule-Mihawk-Wanted-1.jpg\" \/>\n\t<meta property=\"og:image:width\" content=\"800\" \/>\n\t<meta property=\"og:image:height\" content=\"800\" \/>\n\t<meta property=\"og:image:type\" content=\"image\/jpeg\" \/>\n<meta name=\"twitter:card\" content=\"summary_large_image\" \/>\n<meta name=\"twitter:label1\" content=\"Est. reading time\" \/>\n\t<meta name=\"twitter:data1\" content=\"2 minutes\" \/>\n<script type=\"application\/ld+json\" class=\"yoast-schema-graph\">{\"@context\":\"https:\\\/\\\/schema.org\",\"@graph\":[{\"@type\":\"WebPage\",\"@id\":\"https:\\\/\\\/boutique-one-piece.com\\\/avis-de-recherche-one-piece\\\/avis-de-recherche-dracule-mihawk-wanted\\\/\",\"url\":\"https:\\\/\\\/boutique-one-piece.com\\\/avis-de-recherche-one-piece\\\/avis-de-recherche-dracule-mihawk-wanted\\\/\",\"name\":\"Avis De Recherche Dracule Mihawk Wanted | Boutique One Piece\",\"isPartOf\":{\"@id\":\"https:\\\/\\\/boutique-one-piece.com\\\/#website\"},\"primaryImageOfPage\":{\"@id\":\"https:\\\/\\\/boutique-one-piece.com\\\/avis-de-recherche-one-piece\\\/avis-de-recherche-dracule-mihawk-wanted\\\/#primaryimage\"},\"image\":{\"@id\":\"https:\\\/\\\/boutique-one-piece.com\\\/avis-de-recherche-one-piece\\\/avis-de-recherche-dracule-mihawk-wanted\\\/#primaryimage\"},\"thumbnailUrl\":\"https:\\\/\\\/boutique-one-piece.com\\\/wp-content\\\/uploads\\\/2022\\\/09\\\/Avis-De-Recherche-Dracule-Mihawk-Wanted-1.jpg\",\"datePublished\":\"2022-09-27T21:54:22+00:00\",\"dateModified\":\"2024-09-16T14:42:59+00:00\",\"description\":\"Es-tu pr\u00eat \u00e0 voir un des goodies les plus appr\u00e9cies du plus grand Sabreur de One Piece ? Viens voir de plus pr\u00e8s cet Avis de Recherche Dracule Mihawk Wanted. Dracule Mihawk, aussi appel\u00e9 \\\"Oeil de Faucon\\\" est sans conteste le plus grand \u00e9p\u00e9iste de l'univers de One Piece. Il est respect\u00e9 par tous les escrimeurs et tous v\",\"breadcrumb\":{\"@id\":\"https:\\\/\\\/boutique-one-piece.com\\\/avis-de-recherche-one-piece\\\/avis-de-recherche-dracule-mihawk-wanted\\\/#breadcrumb\"},\"inLanguage\":\"en-US\",\"potentialAction\":[{\"@type\":\"ReadAction\",\"target\":[\"https:\\\/\\\/boutique-one-piece.com\\\/avis-de-recherche-one-piece\\\/avis-de-recherche-dracule-mihawk-wanted\\\/\"]}]},{\"@type\":\"ImageObject\",\"inLanguage\":\"en-US\",\"@id\":\"https:\\\/\\\/boutique-one-piece.com\\\/avis-de-recherche-one-piece\\\/avis-de-recherche-dracule-mihawk-wanted\\\/#primaryimage\",\"url\":\"https:\\\/\\\/boutique-one-piece.com\\\/wp-content\\\/uploads\\\/2022\\\/09\\\/Avis-De-Recherche-Dracule-Mihawk-Wanted-1.jpg\",\"contentUrl\":\"https:\\\/\\\/boutique-one-piece.com\\\/wp-content\\\/uploads\\\/2022\\\/09\\\/Avis-De-Recherche-Dracule-Mihawk-Wanted-1.jpg\",\"width\":800,\"height\":800},{\"@type\":\"BreadcrumbList\",\"@id\":\"https:\\\/\\\/boutique-one-piece.com\\\/avis-de-recherche-one-piece\\\/avis-de-recherche-dracule-mihawk-wanted\\\/#breadcrumb\",\"itemListElement\":[{\"@type\":\"ListItem\",\"position\":1,\"name\":\"Home\",\"item\":\"https:\\\/\\\/boutique-one-piece.com\\\/\"},{\"@type\":\"ListItem\",\"position\":2,\"name\":\"Shop\",\"item\":\"https:\\\/\\\/boutique-one-piece.com\\\/shop\\\/\"},{\"@type\":\"ListItem\",\"position\":3,\"name\":\"Avis De Recherche Dracule Mihawk Wanted\"}]},{\"@type\":\"WebSite\",\"@id\":\"https:\\\/\\\/boutique-one-piece.com\\\/#website\",\"url\":\"https:\\\/\\\/boutique-one-piece.com\\\/\",\"name\":\"Boutique One Piece\",\"description\":\"Magasin Sp\u00e9cialis\u00e9 du Manga et l&#039;Anime One Piece\",\"publisher\":{\"@id\":\"https:\\\/\\\/boutique-one-piece.com\\\/#organization\"},\"potentialAction\":[{\"@type\":\"SearchAction\",\"target\":{\"@type\":\"EntryPoint\",\"urlTemplate\":\"https:\\\/\\\/boutique-one-piece.com\\\/?s={search_term_string}\"},\"query-input\":{\"@type\":\"PropertyValueSpecification\",\"valueRequired\":true,\"valueName\":\"search_term_string\"}}],\"inLanguage\":\"en-US\"},{\"@type\":\"Organization\",\"@id\":\"https:\\\/\\\/boutique-one-piece.com\\\/#organization\",\"name\":\"Boutique One Piece\",\"url\":\"https:\\\/\\\/boutique-one-piece.com\\\/\",\"logo\":{\"@type\":\"ImageObject\",\"inLanguage\":\"en-US\",\"@id\":\"https:\\\/\\\/boutique-one-piece.com\\\/#\\\/schema\\\/logo\\\/image\\\/\",\"url\":\"https:\\\/\\\/boutique-one-piece.com\\\/wp-content\\\/uploads\\\/2022\\\/09\\\/Logo-01.png\",\"contentUrl\":\"https:\\\/\\\/boutique-one-piece.com\\\/wp-content\\\/uploads\\\/2022\\\/09\\\/Logo-01.png\",\"width\":2318,\"height\":957,\"caption\":\"Boutique One Piece\"},\"image\":{\"@id\":\"https:\\\/\\\/boutique-one-piece.com\\\/#\\\/schema\\\/logo\\\/image\\\/\"}}]}<\/script>\n<!-- \/ Yoast SEO plugin. -->","yoast_head_json":{"title":"Dracule Mihawk Wanted Notice | One Piece Shop","description":"Are you ready to see one of the most popular collectibles of One Piece&#039;s greatest swordsman? Come take a closer look at this Dracule Mihawk Wanted Poster. Dracule Mihawk, also known as &quot;Hawkeye,&quot; is undoubtedly the greatest swordsman in the One Piece universe. He is respected by all swordsmen and all...","robots":{"index":"index","follow":"follow","max-snippet":"max-snippet:-1","max-image-preview":"max-image-preview:large","max-video-preview":"max-video-preview:-1"},"canonical":"https:\/\/boutique-one-piece.com\/en\/one-piece-wanted-poster\/dracule-mihawk-wanted-poster\/","og_locale":"en_US","og_type":"article","og_title":"Avis De Recherche Dracule Mihawk Wanted | Boutique One Piece","og_description":"Es-tu pr\u00eat \u00e0 voir un des goodies les plus appr\u00e9cies du plus grand Sabreur de One Piece ? Viens voir de plus pr\u00e8s cet Avis de Recherche Dracule Mihawk Wanted. Dracule Mihawk, aussi appel\u00e9 \"Oeil de Faucon\" est sans conteste le plus grand \u00e9p\u00e9iste de l'univers de One Piece. Il est respect\u00e9 par tous les escrimeurs et tous v","og_url":"https:\/\/boutique-one-piece.com\/en\/one-piece-wanted-poster\/dracule-mihawk-wanted-poster\/","og_site_name":"Boutique One Piece","article_modified_time":"2024-09-16T14:42:59+00:00","og_image":[{"width":800,"height":800,"url":"https:\/\/boutique-one-piece.com\/wp-content\/uploads\/2022\/09\/Avis-De-Recherche-Dracule-Mihawk-Wanted-1.jpg","type":"image\/jpeg"}],"twitter_card":"summary_large_image","twitter_misc":{"Est. reading time":"2 minutes"},"schema":{"@context":"https:\/\/schema.org","@graph":[{"@type":"WebPage","@id":"https:\/\/boutique-one-piece.com\/avis-de-recherche-one-piece\/avis-de-recherche-dracule-mihawk-wanted\/","url":"https:\/\/boutique-one-piece.com\/avis-de-recherche-one-piece\/avis-de-recherche-dracule-mihawk-wanted\/","name":"Dracule Mihawk Wanted Notice | One Piece Shop","isPartOf":{"@id":"https:\/\/boutique-one-piece.com\/#website"},"primaryImageOfPage":{"@id":"https:\/\/boutique-one-piece.com\/avis-de-recherche-one-piece\/avis-de-recherche-dracule-mihawk-wanted\/#primaryimage"},"image":{"@id":"https:\/\/boutique-one-piece.com\/avis-de-recherche-one-piece\/avis-de-recherche-dracule-mihawk-wanted\/#primaryimage"},"thumbnailUrl":"https:\/\/boutique-one-piece.com\/wp-content\/uploads\/2022\/09\/Avis-De-Recherche-Dracule-Mihawk-Wanted-1.jpg","datePublished":"2022-09-27T21:54:22+00:00","dateModified":"2024-09-16T14:42:59+00:00","description":"Are you ready to see one of the most popular collectibles of One Piece&#039;s greatest swordsman? Come take a closer look at this Dracule Mihawk Wanted Poster. Dracule Mihawk, also known as &quot;Hawkeye,&quot; is undoubtedly the greatest swordsman in the One Piece universe. He is respected by all swordsmen and all...","breadcrumb":{"@id":"https:\/\/boutique-one-piece.com\/avis-de-recherche-one-piece\/avis-de-recherche-dracule-mihawk-wanted\/#breadcrumb"},"inLanguage":"en-US","potentialAction":[{"@type":"ReadAction","target":["https:\/\/boutique-one-piece.com\/avis-de-recherche-one-piece\/avis-de-recherche-dracule-mihawk-wanted\/"]}]},{"@type":"ImageObject","inLanguage":"en-US","@id":"https:\/\/boutique-one-piece.com\/avis-de-recherche-one-piece\/avis-de-recherche-dracule-mihawk-wanted\/#primaryimage","url":"https:\/\/boutique-one-piece.com\/wp-content\/uploads\/2022\/09\/Avis-De-Recherche-Dracule-Mihawk-Wanted-1.jpg","contentUrl":"https:\/\/boutique-one-piece.com\/wp-content\/uploads\/2022\/09\/Avis-De-Recherche-Dracule-Mihawk-Wanted-1.jpg","width":800,"height":800},{"@type":"BreadcrumbList","@id":"https:\/\/boutique-one-piece.com\/avis-de-recherche-one-piece\/avis-de-recherche-dracule-mihawk-wanted\/#breadcrumb","itemListElement":[{"@type":"ListItem","position":1,"name":"Home","item":"https:\/\/boutique-one-piece.com\/"},{"@type":"ListItem","position":2,"name":"Shop","item":"https:\/\/boutique-one-piece.com\/shop\/"},{"@type":"ListItem","position":3,"name":"Avis De Recherche Dracule Mihawk Wanted"}]},{"@type":"WebSite","@id":"https:\/\/boutique-one-piece.com\/#website","url":"https:\/\/boutique-one-piece.com\/","name":"One Piece Shop","description":"Specialty store for One Piece Manga and Anime","publisher":{"@id":"https:\/\/boutique-one-piece.com\/#organization"},"potentialAction":[{"@type":"SearchAction","target":{"@type":"EntryPoint","urlTemplate":"https:\/\/boutique-one-piece.com\/?s={search_term_string}"},"query-input":{"@type":"PropertyValueSpecification","valueRequired":true,"valueName":"search_term_string"}}],"inLanguage":"en-US"},{"@type":"Organization","@id":"https:\/\/boutique-one-piece.com\/#organization","name":"One Piece Shop","url":"https:\/\/boutique-one-piece.com\/","logo":{"@type":"ImageObject","inLanguage":"en-US","@id":"https:\/\/boutique-one-piece.com\/#\/schema\/logo\/image\/","url":"https:\/\/boutique-one-piece.com\/wp-content\/uploads\/2022\/09\/Logo-01.png","contentUrl":"https:\/\/boutique-one-piece.com\/wp-content\/uploads\/2022\/09\/Logo-01.png","width":2318,"height":957,"caption":"Boutique One Piece"},"image":{"@id":"https:\/\/boutique-one-piece.com\/#\/schema\/logo\/image\/"}}]}},"_links":{"self":[{"href":"https:\/\/boutique-one-piece.com\/en\/wp-json\/wp\/v2\/product\/16585","targetHints":{"allow":["GET"]}}],"collection":[{"href":"https:\/\/boutique-one-piece.com\/en\/wp-json\/wp\/v2\/product"}],"about":[{"href":"https:\/\/boutique-one-piece.com\/en\/wp-json\/wp\/v2\/types\/product"}],"replies":[{"embeddable":true,"href":"https:\/\/boutique-one-piece.com\/en\/wp-json\/wp\/v2\/comments?post=16585"}],"wp:featuredmedia":[{"embeddable":true,"href":"https:\/\/boutique-one-piece.com\/en\/wp-json\/wp\/v2\/media\/16587"}],"wp:attachment":[{"href":"https:\/\/boutique-one-piece.com\/en\/wp-json\/wp\/v2\/media?parent=16585"}],"wp:term":[{"taxonomy":"product_brand","embeddable":true,"href":"https:\/\/boutique-one-piece.com\/en\/wp-json\/wp\/v2\/product_brand?post=16585"},{"taxonomy":"product_cat","embeddable":true,"href":"https:\/\/boutique-one-piece.com\/en\/wp-json\/wp\/v2\/product_cat?post=16585"},{"taxonomy":"product_tag","embeddable":true,"href":"https:\/\/boutique-one-piece.com\/en\/wp-json\/wp\/v2\/product_tag?post=16585"}],"curies":[{"name":"wp","href":"https:\/\/api.w.org\/{rel}","templated":true}]}}