{"id":17480,"date":"2022-09-27T22:01:49","date_gmt":"2022-09-27T22:01:49","guid":{"rendered":"https:\/\/boutique-one-piece.com\/uncategorized\/avis-de-recherche-capone-bege-wanted\/"},"modified":"2024-09-16T15:09:34","modified_gmt":"2024-09-16T15:09:34","slug":"capone-bege-wanted-poster","status":"publish","type":"product","link":"https:\/\/boutique-one-piece.com\/en\/one-piece-wanted-poster\/capone-bege-wanted-poster\/","title":{"rendered":"Capone Bege Wanted Notice"},"content":{"rendered":"<h2>Mix up the mafia and piracy by falling for this Capone Bege Wanted poster.<\/h2>\n<p>Capone Gang Bege is one of the <strong>supernova<\/strong> of the worst generation. He is therefore the captain of his own crew, the <strong>Fire Tanks<\/strong>. With its design heavily inspired by the mafia, as well as its name, it is inspired by the bandit<strong> Al Capone<\/strong>. He&#039;s a pirate who likes to stay out of the limelight and operate in the shadows.<\/p>\n<p>He&#039;s not a coward, though; it&#039;s part of his strategy, which is to surprise his enemies and take them down quickly. Capone Bege is ruthless and sadistic, but he knows good manners and expects others to be beyond reproach.<\/p>\n<h3>Show your attachment to a ruthless One Piece pirate with this wanted poster for Capone Gang Bege.<\/h3>\n<p>Capone Bege ate the Devil Fruit of <strong>Shiro Shiro no mi<\/strong>, which makes him a fortress man. Even though he can be angry if his men do not respect his will, his fruit allows him to house a large number of his men whom he miniaturizes in his body.<\/p>\n<p>They revert to their normal appearance when these men leave his body. This is central to his strategy, which, as mentioned above, is to surprise his adversaries in order to execute them swiftly. A bounty of 300 million Berries has been placed on his head.<\/p>\n<p>If you&#039;re passionate about bonuses, this <a href=\"https:\/\/boutique-one-piece.com\/en\/one-piece-wanted-poster-tony-tony-chopper\/\" target=\"_blank\" title=\"Tony Tony Chopper wanted\" rel=\"noopener noreferrer\">Chopper wanted poster<\/a> This might interest you.<\/p>\n<p>\u00a0<\/p>\n<h2>Information about the One Piece Wanted Capone Bege poster<\/h2>\n<ul>\n<li><span><b><u>One Piece Wanted Poster<\/u><\/b>\u00a0A genuine One Piece wanted poster for true pirates<\/span><\/li>\n<\/ul>\n<ul>\n<li>\n<b><u>Capone Bege&#039;s Bounty<\/u><\/b>\u00a0: 300,000,000 Berrys and 180,000,000 Berrys<\/li>\n<\/ul>\n<ul>\n<li><span><strong>High Quality Printing<\/strong>\u00a0accurate colors<\/span><\/li>\n<\/ul>\n<ul>\n<li>\n<strong>Dimension<\/strong>\u00a0300 million Berries (51 cm x 36 cm) and 180 million Berries (42 cm x 30 cm)<\/li>\n<\/ul>\n<ul>\n<li><span><strong>FREE DELIVERY<\/strong><\/span><\/li>\n<\/ul>","protected":false},"excerpt":{"rendered":"<p>Mix the mafia and piracy by snapping up this Capone Bege Wanted Poster. Capone Gang Bege is one of the Worst Generation Supernovas. He&#039;s the captain of his own crew, the Fire Tanks. With his design heavily inspired by mobsters, as well as his name, he&#039;s based on the notorious gangster [\u2026]<\/p>","protected":false},"featured_media":17482,"comment_status":"open","ping_status":"open","template":"","meta":[],"product_brand":[],"product_cat":[171],"product_tag":[],"class_list":{"0":"post-17480","1":"product","2":"type-product","3":"status-publish","4":"has-post-thumbnail","6":"product_cat-avis-de-recherche-one-piece","8":"first","9":"instock","10":"purchasable","11":"product-type-variable","12":"has-default-attributes"},"yoast_head":"<!-- This site is optimized with the Yoast SEO plugin v27.5 - https:\/\/yoast.com\/product\/yoast-seo-wordpress\/ -->\n<title>Avis De Recherche Capone Bege Wanted | D\u00e9coration One Piece \u2013 Boutique One Piece<\/title>\n<meta name=\"description\" content=\"M\u00eale la mafia et la piraterie en craquant pour cet Avis de Recherche Capone Bege Wanted. Capone Gang Bege est un des supernovae de la pire g\u00e9n\u00e9ration. Il est donc le capitaine de son propre \u00e9quipage, les Fire Tanks. Avec son design fortement inspir\u00e9 des mafieux, ainsi que son nom, il est inspir\u00e9 du bandit Al Capone. C&#039;\" \/>\n<meta name=\"robots\" content=\"index, follow, max-snippet:-1, max-image-preview:large, max-video-preview:-1\" \/>\n<link rel=\"canonical\" href=\"https:\/\/boutique-one-piece.com\/en\/one-piece-wanted-poster\/capone-bege-wanted-poster\/\" \/>\n<meta property=\"og:locale\" content=\"en_US\" \/>\n<meta property=\"og:type\" content=\"article\" \/>\n<meta property=\"og:title\" content=\"Avis De Recherche Capone Bege Wanted | D\u00e9coration One Piece \u2013 Boutique One Piece\" \/>\n<meta property=\"og:description\" content=\"M\u00eale la mafia et la piraterie en craquant pour cet Avis de Recherche Capone Bege Wanted. Capone Gang Bege est un des supernovae de la pire g\u00e9n\u00e9ration. Il est donc le capitaine de son propre \u00e9quipage, les Fire Tanks. Avec son design fortement inspir\u00e9 des mafieux, ainsi que son nom, il est inspir\u00e9 du bandit Al Capone. C&#039;\" \/>\n<meta property=\"og:url\" content=\"https:\/\/boutique-one-piece.com\/en\/one-piece-wanted-poster\/capone-bege-wanted-poster\/\" \/>\n<meta property=\"og:site_name\" content=\"Boutique One Piece\" \/>\n<meta property=\"article:modified_time\" content=\"2024-09-16T15:09:34+00:00\" \/>\n<meta property=\"og:image\" content=\"https:\/\/boutique-one-piece.com\/wp-content\/uploads\/2022\/09\/Avis-De-Recherche-Capone-Bege-Wanted.jpg\" \/>\n\t<meta property=\"og:image:width\" content=\"800\" \/>\n\t<meta property=\"og:image:height\" content=\"800\" \/>\n\t<meta property=\"og:image:type\" content=\"image\/jpeg\" \/>\n<meta name=\"twitter:card\" content=\"summary_large_image\" \/>\n<meta name=\"twitter:label1\" content=\"Est. reading time\" \/>\n\t<meta name=\"twitter:data1\" content=\"2 minutes\" \/>\n<script type=\"application\/ld+json\" class=\"yoast-schema-graph\">{\"@context\":\"https:\\\/\\\/schema.org\",\"@graph\":[{\"@type\":\"WebPage\",\"@id\":\"https:\\\/\\\/boutique-one-piece.com\\\/avis-de-recherche-one-piece\\\/avis-de-recherche-capone-bege-wanted\\\/\",\"url\":\"https:\\\/\\\/boutique-one-piece.com\\\/avis-de-recherche-one-piece\\\/avis-de-recherche-capone-bege-wanted\\\/\",\"name\":\"Avis De Recherche Capone Bege Wanted | D\u00e9coration One Piece \u2013 Boutique One Piece\",\"isPartOf\":{\"@id\":\"https:\\\/\\\/boutique-one-piece.com\\\/#website\"},\"primaryImageOfPage\":{\"@id\":\"https:\\\/\\\/boutique-one-piece.com\\\/avis-de-recherche-one-piece\\\/avis-de-recherche-capone-bege-wanted\\\/#primaryimage\"},\"image\":{\"@id\":\"https:\\\/\\\/boutique-one-piece.com\\\/avis-de-recherche-one-piece\\\/avis-de-recherche-capone-bege-wanted\\\/#primaryimage\"},\"thumbnailUrl\":\"https:\\\/\\\/boutique-one-piece.com\\\/wp-content\\\/uploads\\\/2022\\\/09\\\/Avis-De-Recherche-Capone-Bege-Wanted.jpg\",\"datePublished\":\"2022-09-27T22:01:49+00:00\",\"dateModified\":\"2024-09-16T15:09:34+00:00\",\"description\":\"M\u00eale la mafia et la piraterie en craquant pour cet Avis de Recherche Capone Bege Wanted. Capone Gang Bege est un des supernovae de la pire g\u00e9n\u00e9ration. Il est donc le capitaine de son propre \u00e9quipage, les Fire Tanks. Avec son design fortement inspir\u00e9 des mafieux, ainsi que son nom, il est inspir\u00e9 du bandit Al Capone. C'\",\"breadcrumb\":{\"@id\":\"https:\\\/\\\/boutique-one-piece.com\\\/avis-de-recherche-one-piece\\\/avis-de-recherche-capone-bege-wanted\\\/#breadcrumb\"},\"inLanguage\":\"en-US\",\"potentialAction\":[{\"@type\":\"ReadAction\",\"target\":[\"https:\\\/\\\/boutique-one-piece.com\\\/avis-de-recherche-one-piece\\\/avis-de-recherche-capone-bege-wanted\\\/\"]}]},{\"@type\":\"ImageObject\",\"inLanguage\":\"en-US\",\"@id\":\"https:\\\/\\\/boutique-one-piece.com\\\/avis-de-recherche-one-piece\\\/avis-de-recherche-capone-bege-wanted\\\/#primaryimage\",\"url\":\"https:\\\/\\\/boutique-one-piece.com\\\/wp-content\\\/uploads\\\/2022\\\/09\\\/Avis-De-Recherche-Capone-Bege-Wanted.jpg\",\"contentUrl\":\"https:\\\/\\\/boutique-one-piece.com\\\/wp-content\\\/uploads\\\/2022\\\/09\\\/Avis-De-Recherche-Capone-Bege-Wanted.jpg\",\"width\":800,\"height\":800,\"caption\":\"000\"},{\"@type\":\"BreadcrumbList\",\"@id\":\"https:\\\/\\\/boutique-one-piece.com\\\/avis-de-recherche-one-piece\\\/avis-de-recherche-capone-bege-wanted\\\/#breadcrumb\",\"itemListElement\":[{\"@type\":\"ListItem\",\"position\":1,\"name\":\"Home\",\"item\":\"https:\\\/\\\/boutique-one-piece.com\\\/\"},{\"@type\":\"ListItem\",\"position\":2,\"name\":\"Shop\",\"item\":\"https:\\\/\\\/boutique-one-piece.com\\\/shop\\\/\"},{\"@type\":\"ListItem\",\"position\":3,\"name\":\"Avis De Recherche Capone Bege Wanted\"}]},{\"@type\":\"WebSite\",\"@id\":\"https:\\\/\\\/boutique-one-piece.com\\\/#website\",\"url\":\"https:\\\/\\\/boutique-one-piece.com\\\/\",\"name\":\"Boutique One Piece\",\"description\":\"Magasin Sp\u00e9cialis\u00e9 du Manga et l&#039;Anime One Piece\",\"publisher\":{\"@id\":\"https:\\\/\\\/boutique-one-piece.com\\\/#organization\"},\"potentialAction\":[{\"@type\":\"SearchAction\",\"target\":{\"@type\":\"EntryPoint\",\"urlTemplate\":\"https:\\\/\\\/boutique-one-piece.com\\\/?s={search_term_string}\"},\"query-input\":{\"@type\":\"PropertyValueSpecification\",\"valueRequired\":true,\"valueName\":\"search_term_string\"}}],\"inLanguage\":\"en-US\"},{\"@type\":\"Organization\",\"@id\":\"https:\\\/\\\/boutique-one-piece.com\\\/#organization\",\"name\":\"Boutique One Piece\",\"url\":\"https:\\\/\\\/boutique-one-piece.com\\\/\",\"logo\":{\"@type\":\"ImageObject\",\"inLanguage\":\"en-US\",\"@id\":\"https:\\\/\\\/boutique-one-piece.com\\\/#\\\/schema\\\/logo\\\/image\\\/\",\"url\":\"https:\\\/\\\/boutique-one-piece.com\\\/wp-content\\\/uploads\\\/2022\\\/09\\\/Logo-01.png\",\"contentUrl\":\"https:\\\/\\\/boutique-one-piece.com\\\/wp-content\\\/uploads\\\/2022\\\/09\\\/Logo-01.png\",\"width\":2318,\"height\":957,\"caption\":\"Boutique One Piece\"},\"image\":{\"@id\":\"https:\\\/\\\/boutique-one-piece.com\\\/#\\\/schema\\\/logo\\\/image\\\/\"}}]}<\/script>\n<!-- \/ Yoast SEO plugin. -->","yoast_head_json":{"title":"Capone Bege Wanted Poster | One Piece Decor \u2013 One Piece Shop","description":"Mix the mafia and piracy by snapping up this Capone Bege Wanted Poster. Capone Gang Bege is one of the Worst Generation Supernovas. He&#039;s the captain of his own crew, the Fire Tanks. With his design heavily inspired by mobsters, as well as his name, he&#039;s based on the gangster Al Capone.'","robots":{"index":"index","follow":"follow","max-snippet":"max-snippet:-1","max-image-preview":"max-image-preview:large","max-video-preview":"max-video-preview:-1"},"canonical":"https:\/\/boutique-one-piece.com\/en\/one-piece-wanted-poster\/capone-bege-wanted-poster\/","og_locale":"en_US","og_type":"article","og_title":"Avis De Recherche Capone Bege Wanted | D\u00e9coration One Piece \u2013 Boutique One Piece","og_description":"M\u00eale la mafia et la piraterie en craquant pour cet Avis de Recherche Capone Bege Wanted. Capone Gang Bege est un des supernovae de la pire g\u00e9n\u00e9ration. Il est donc le capitaine de son propre \u00e9quipage, les Fire Tanks. Avec son design fortement inspir\u00e9 des mafieux, ainsi que son nom, il est inspir\u00e9 du bandit Al Capone. C'","og_url":"https:\/\/boutique-one-piece.com\/en\/one-piece-wanted-poster\/capone-bege-wanted-poster\/","og_site_name":"Boutique One Piece","article_modified_time":"2024-09-16T15:09:34+00:00","og_image":[{"width":800,"height":800,"url":"https:\/\/boutique-one-piece.com\/wp-content\/uploads\/2022\/09\/Avis-De-Recherche-Capone-Bege-Wanted.jpg","type":"image\/jpeg"}],"twitter_card":"summary_large_image","twitter_misc":{"Est. reading time":"2 minutes"},"schema":{"@context":"https:\/\/schema.org","@graph":[{"@type":"WebPage","@id":"https:\/\/boutique-one-piece.com\/avis-de-recherche-one-piece\/avis-de-recherche-capone-bege-wanted\/","url":"https:\/\/boutique-one-piece.com\/avis-de-recherche-one-piece\/avis-de-recherche-capone-bege-wanted\/","name":"Capone Bege Wanted Poster | One Piece Decor \u2013 One Piece Shop","isPartOf":{"@id":"https:\/\/boutique-one-piece.com\/#website"},"primaryImageOfPage":{"@id":"https:\/\/boutique-one-piece.com\/avis-de-recherche-one-piece\/avis-de-recherche-capone-bege-wanted\/#primaryimage"},"image":{"@id":"https:\/\/boutique-one-piece.com\/avis-de-recherche-one-piece\/avis-de-recherche-capone-bege-wanted\/#primaryimage"},"thumbnailUrl":"https:\/\/boutique-one-piece.com\/wp-content\/uploads\/2022\/09\/Avis-De-Recherche-Capone-Bege-Wanted.jpg","datePublished":"2022-09-27T22:01:49+00:00","dateModified":"2024-09-16T15:09:34+00:00","description":"Mix the mafia and piracy by snapping up this Capone Bege Wanted Poster. Capone Gang Bege is one of the Worst Generation Supernovas. He&#039;s the captain of his own crew, the Fire Tanks. With his design heavily inspired by mobsters, as well as his name, he&#039;s based on the gangster Al Capone.'","breadcrumb":{"@id":"https:\/\/boutique-one-piece.com\/avis-de-recherche-one-piece\/avis-de-recherche-capone-bege-wanted\/#breadcrumb"},"inLanguage":"en-US","potentialAction":[{"@type":"ReadAction","target":["https:\/\/boutique-one-piece.com\/avis-de-recherche-one-piece\/avis-de-recherche-capone-bege-wanted\/"]}]},{"@type":"ImageObject","inLanguage":"en-US","@id":"https:\/\/boutique-one-piece.com\/avis-de-recherche-one-piece\/avis-de-recherche-capone-bege-wanted\/#primaryimage","url":"https:\/\/boutique-one-piece.com\/wp-content\/uploads\/2022\/09\/Avis-De-Recherche-Capone-Bege-Wanted.jpg","contentUrl":"https:\/\/boutique-one-piece.com\/wp-content\/uploads\/2022\/09\/Avis-De-Recherche-Capone-Bege-Wanted.jpg","width":800,"height":800,"caption":"000"},{"@type":"BreadcrumbList","@id":"https:\/\/boutique-one-piece.com\/avis-de-recherche-one-piece\/avis-de-recherche-capone-bege-wanted\/#breadcrumb","itemListElement":[{"@type":"ListItem","position":1,"name":"Home","item":"https:\/\/boutique-one-piece.com\/"},{"@type":"ListItem","position":2,"name":"Shop","item":"https:\/\/boutique-one-piece.com\/shop\/"},{"@type":"ListItem","position":3,"name":"Avis De Recherche Capone Bege Wanted"}]},{"@type":"WebSite","@id":"https:\/\/boutique-one-piece.com\/#website","url":"https:\/\/boutique-one-piece.com\/","name":"One Piece Shop","description":"Specialty store for One Piece Manga and Anime","publisher":{"@id":"https:\/\/boutique-one-piece.com\/#organization"},"potentialAction":[{"@type":"SearchAction","target":{"@type":"EntryPoint","urlTemplate":"https:\/\/boutique-one-piece.com\/?s={search_term_string}"},"query-input":{"@type":"PropertyValueSpecification","valueRequired":true,"valueName":"search_term_string"}}],"inLanguage":"en-US"},{"@type":"Organization","@id":"https:\/\/boutique-one-piece.com\/#organization","name":"One Piece Shop","url":"https:\/\/boutique-one-piece.com\/","logo":{"@type":"ImageObject","inLanguage":"en-US","@id":"https:\/\/boutique-one-piece.com\/#\/schema\/logo\/image\/","url":"https:\/\/boutique-one-piece.com\/wp-content\/uploads\/2022\/09\/Logo-01.png","contentUrl":"https:\/\/boutique-one-piece.com\/wp-content\/uploads\/2022\/09\/Logo-01.png","width":2318,"height":957,"caption":"Boutique One Piece"},"image":{"@id":"https:\/\/boutique-one-piece.com\/#\/schema\/logo\/image\/"}}]}},"_links":{"self":[{"href":"https:\/\/boutique-one-piece.com\/en\/wp-json\/wp\/v2\/product\/17480","targetHints":{"allow":["GET"]}}],"collection":[{"href":"https:\/\/boutique-one-piece.com\/en\/wp-json\/wp\/v2\/product"}],"about":[{"href":"https:\/\/boutique-one-piece.com\/en\/wp-json\/wp\/v2\/types\/product"}],"replies":[{"embeddable":true,"href":"https:\/\/boutique-one-piece.com\/en\/wp-json\/wp\/v2\/comments?post=17480"}],"wp:featuredmedia":[{"embeddable":true,"href":"https:\/\/boutique-one-piece.com\/en\/wp-json\/wp\/v2\/media\/17482"}],"wp:attachment":[{"href":"https:\/\/boutique-one-piece.com\/en\/wp-json\/wp\/v2\/media?parent=17480"}],"wp:term":[{"taxonomy":"product_brand","embeddable":true,"href":"https:\/\/boutique-one-piece.com\/en\/wp-json\/wp\/v2\/product_brand?post=17480"},{"taxonomy":"product_cat","embeddable":true,"href":"https:\/\/boutique-one-piece.com\/en\/wp-json\/wp\/v2\/product_cat?post=17480"},{"taxonomy":"product_tag","embeddable":true,"href":"https:\/\/boutique-one-piece.com\/en\/wp-json\/wp\/v2\/product_tag?post=17480"}],"curies":[{"name":"wp","href":"https:\/\/api.w.org\/{rel}","templated":true}]}}