{"id":17539,"date":"2022-09-27T22:02:16","date_gmt":"2022-09-27T22:02:16","guid":{"rendered":"https:\/\/boutique-one-piece.com\/uncategorized\/avis-de-recherche-urouge-wanted\/"},"modified":"2024-09-16T15:11:00","modified_gmt":"2024-09-16T15:11:00","slug":"wanted-notice-urouge-wanted","status":"publish","type":"product","link":"https:\/\/boutique-one-piece.com\/en\/one-piece-wanted-poster\/wanted-notice-urouge-wanted\/","title":{"rendered":"Urouge Wanted Notice"},"content":{"rendered":"<h2>Do you appreciate pirates who are out of the ordinary, even in One Piece? If so, this Urouge Wanted poster is just what you need to complete your decor.<\/h2>\n<p>Urouge, which is nicknamed &quot;\u00ab\u00a0<strong>the mad monk<\/strong>\u00a0\u00bb&quot; is one of the worst generation pirates and the captain of his own crew. He is a rather atypical character physically, as he has wings on his back, which proves that he has roots in the people of the <strong>celestial islands<\/strong>, But he&#039;s also very tall and very muscular. He&#039;s a <strong>Supernova<\/strong> He fears nothing and loves to fight. His motivations remain mysterious since we don&#039;t really know what his actions were during Luffy&#039;s adventure before the time skip, even though we see him on Sabaody.<\/p>\n<h3>Hang this wanted poster from Urouge on a wall so you can keep a valuable accessory from your favorite manga in sight.<\/h3>\n<p>However, we know that during the time skip, Urouge attempted to invade Big Mom&#039;s territory, Whole Cake Island, and that he defeated one of the Sweet Commanders before being defeated by Charlotte Cracker, which demonstrates his confidence and considerable power. Afterward, he retreated to a sky island where he healed his wounds, waiting to return to action. <strong>prime<\/strong> is 108 million berries.<\/p>\n<p>If you&#039;re a fan of bonuses, this <a href=\"https:\/\/boutique-one-piece.com\/en\/one-piece-wanted-poster\/products\/one-piece-wanted-poster-vinsmoke-sanji\/\" target=\"_blank\" title=\"Wanted notice: Sanji Vinsmoke\" rel=\"noopener noreferrer\">Vinsmoke Sanji wanted poster<\/a> You should like it.<\/p>\n<h2>Information about the One Piece Wanted Urouge poster<\/h2>\n<ul>\n<li><span><b><u>One Piece Wanted Poster<\/u><\/b>\u00a0A genuine One Piece wanted poster for true pirates<\/span><\/li>\n<\/ul>\n<ul>\n<li>\n<b><u>Urouge Prime<\/u><\/b>\u00a0108,000,000 Berries<\/li>\n<\/ul>\n<ul>\n<li><span><strong>High Quality Printing<\/strong>\u00a0accurate colors<\/span><\/li>\n<\/ul>\n<ul>\n<li>\n<strong>Dimension<\/strong>\u00a0: 51 cm x 36 cm<\/li>\n<\/ul>\n<ul>\n<li><span><strong>FREE DELIVERY<\/strong><\/span><\/li>\n<\/ul>","protected":false},"excerpt":{"rendered":"<p>Do you appreciate pirates who are out of the ordinary, even in One Piece? If so, this Urouge Wanted Poster is just what you need to complete your decor. Urouge, nicknamed &quot;the Mad Monk,&quot; is one of the Worst Generation pirates and the captain of his own crew. He is [\u2026]<\/p>","protected":false},"featured_media":17541,"comment_status":"open","ping_status":"open","template":"","meta":[],"product_brand":[],"product_cat":[171],"product_tag":[],"class_list":{"0":"post-17539","1":"product","2":"type-product","3":"status-publish","4":"has-post-thumbnail","6":"product_cat-avis-de-recherche-one-piece","8":"first","9":"instock","10":"purchasable","11":"product-type-simple"},"yoast_head":"<!-- This site is optimized with the Yoast SEO plugin v27.5 - https:\/\/yoast.com\/product\/yoast-seo-wordpress\/ -->\n<title>Avis De Recherche Urouge Wanted | D\u00e9coration One Piece \u2013 Boutique One Piece<\/title>\n<meta name=\"description\" content=\"Appr\u00e9cies-tu les pirates qui sortent de l&#039;ordinaire, m\u00eame dans One Piece ? Si tel est le cas, cet Avis de Recherche Urouge Wanted est ce qu&#039;il te faut pour parfaire ta d\u00e9coration. Urouge, qui est surnomm\u00e9 &quot;le moine fou&quot; est un des pirates de la pire g\u00e9n\u00e9ration et le capitaine de son propre \u00e9quipage. C&#039;est un personnage\" \/>\n<meta name=\"robots\" content=\"index, follow, max-snippet:-1, max-image-preview:large, max-video-preview:-1\" \/>\n<link rel=\"canonical\" href=\"https:\/\/boutique-one-piece.com\/en\/one-piece-wanted-poster\/wanted-notice-urouge-wanted\/\" \/>\n<meta property=\"og:locale\" content=\"en_US\" \/>\n<meta property=\"og:type\" content=\"article\" \/>\n<meta property=\"og:title\" content=\"Avis De Recherche Urouge Wanted | D\u00e9coration One Piece \u2013 Boutique One Piece\" \/>\n<meta property=\"og:description\" content=\"Appr\u00e9cies-tu les pirates qui sortent de l&#039;ordinaire, m\u00eame dans One Piece ? Si tel est le cas, cet Avis de Recherche Urouge Wanted est ce qu&#039;il te faut pour parfaire ta d\u00e9coration. Urouge, qui est surnomm\u00e9 &quot;le moine fou&quot; est un des pirates de la pire g\u00e9n\u00e9ration et le capitaine de son propre \u00e9quipage. C&#039;est un personnage\" \/>\n<meta property=\"og:url\" content=\"https:\/\/boutique-one-piece.com\/en\/one-piece-wanted-poster\/wanted-notice-urouge-wanted\/\" \/>\n<meta property=\"og:site_name\" content=\"Boutique One Piece\" \/>\n<meta property=\"article:modified_time\" content=\"2024-09-16T15:11:00+00:00\" \/>\n<meta property=\"og:image\" content=\"https:\/\/boutique-one-piece.com\/wp-content\/uploads\/2022\/09\/Avis-De-Recherche-Urouge-Wanted-1.jpg\" \/>\n\t<meta property=\"og:image:width\" content=\"640\" \/>\n\t<meta property=\"og:image:height\" content=\"640\" \/>\n\t<meta property=\"og:image:type\" content=\"image\/jpeg\" \/>\n<meta name=\"twitter:card\" content=\"summary_large_image\" \/>\n<meta name=\"twitter:label1\" content=\"Est. reading time\" \/>\n\t<meta name=\"twitter:data1\" content=\"1 minute\" \/>\n<script type=\"application\/ld+json\" class=\"yoast-schema-graph\">{\"@context\":\"https:\\\/\\\/schema.org\",\"@graph\":[{\"@type\":\"WebPage\",\"@id\":\"https:\\\/\\\/boutique-one-piece.com\\\/avis-de-recherche-one-piece\\\/avis-de-recherche-urouge-wanted\\\/\",\"url\":\"https:\\\/\\\/boutique-one-piece.com\\\/avis-de-recherche-one-piece\\\/avis-de-recherche-urouge-wanted\\\/\",\"name\":\"Avis De Recherche Urouge Wanted | D\u00e9coration One Piece \u2013 Boutique One Piece\",\"isPartOf\":{\"@id\":\"https:\\\/\\\/boutique-one-piece.com\\\/#website\"},\"primaryImageOfPage\":{\"@id\":\"https:\\\/\\\/boutique-one-piece.com\\\/avis-de-recherche-one-piece\\\/avis-de-recherche-urouge-wanted\\\/#primaryimage\"},\"image\":{\"@id\":\"https:\\\/\\\/boutique-one-piece.com\\\/avis-de-recherche-one-piece\\\/avis-de-recherche-urouge-wanted\\\/#primaryimage\"},\"thumbnailUrl\":\"https:\\\/\\\/boutique-one-piece.com\\\/wp-content\\\/uploads\\\/2022\\\/09\\\/Avis-De-Recherche-Urouge-Wanted-1.jpg\",\"datePublished\":\"2022-09-27T22:02:16+00:00\",\"dateModified\":\"2024-09-16T15:11:00+00:00\",\"description\":\"Appr\u00e9cies-tu les pirates qui sortent de l'ordinaire, m\u00eame dans One Piece ? Si tel est le cas, cet Avis de Recherche Urouge Wanted est ce qu'il te faut pour parfaire ta d\u00e9coration. Urouge, qui est surnomm\u00e9 \\\"le moine fou\\\" est un des pirates de la pire g\u00e9n\u00e9ration et le capitaine de son propre \u00e9quipage. C'est un personnage\",\"breadcrumb\":{\"@id\":\"https:\\\/\\\/boutique-one-piece.com\\\/avis-de-recherche-one-piece\\\/avis-de-recherche-urouge-wanted\\\/#breadcrumb\"},\"inLanguage\":\"en-US\",\"potentialAction\":[{\"@type\":\"ReadAction\",\"target\":[\"https:\\\/\\\/boutique-one-piece.com\\\/avis-de-recherche-one-piece\\\/avis-de-recherche-urouge-wanted\\\/\"]}]},{\"@type\":\"ImageObject\",\"inLanguage\":\"en-US\",\"@id\":\"https:\\\/\\\/boutique-one-piece.com\\\/avis-de-recherche-one-piece\\\/avis-de-recherche-urouge-wanted\\\/#primaryimage\",\"url\":\"https:\\\/\\\/boutique-one-piece.com\\\/wp-content\\\/uploads\\\/2022\\\/09\\\/Avis-De-Recherche-Urouge-Wanted-1.jpg\",\"contentUrl\":\"https:\\\/\\\/boutique-one-piece.com\\\/wp-content\\\/uploads\\\/2022\\\/09\\\/Avis-De-Recherche-Urouge-Wanted-1.jpg\",\"width\":640,\"height\":640},{\"@type\":\"BreadcrumbList\",\"@id\":\"https:\\\/\\\/boutique-one-piece.com\\\/avis-de-recherche-one-piece\\\/avis-de-recherche-urouge-wanted\\\/#breadcrumb\",\"itemListElement\":[{\"@type\":\"ListItem\",\"position\":1,\"name\":\"Home\",\"item\":\"https:\\\/\\\/boutique-one-piece.com\\\/\"},{\"@type\":\"ListItem\",\"position\":2,\"name\":\"Shop\",\"item\":\"https:\\\/\\\/boutique-one-piece.com\\\/shop\\\/\"},{\"@type\":\"ListItem\",\"position\":3,\"name\":\"Avis De Recherche Urouge Wanted\"}]},{\"@type\":\"WebSite\",\"@id\":\"https:\\\/\\\/boutique-one-piece.com\\\/#website\",\"url\":\"https:\\\/\\\/boutique-one-piece.com\\\/\",\"name\":\"Boutique One Piece\",\"description\":\"Magasin Sp\u00e9cialis\u00e9 du Manga et l&#039;Anime One Piece\",\"publisher\":{\"@id\":\"https:\\\/\\\/boutique-one-piece.com\\\/#organization\"},\"potentialAction\":[{\"@type\":\"SearchAction\",\"target\":{\"@type\":\"EntryPoint\",\"urlTemplate\":\"https:\\\/\\\/boutique-one-piece.com\\\/?s={search_term_string}\"},\"query-input\":{\"@type\":\"PropertyValueSpecification\",\"valueRequired\":true,\"valueName\":\"search_term_string\"}}],\"inLanguage\":\"en-US\"},{\"@type\":\"Organization\",\"@id\":\"https:\\\/\\\/boutique-one-piece.com\\\/#organization\",\"name\":\"Boutique One Piece\",\"url\":\"https:\\\/\\\/boutique-one-piece.com\\\/\",\"logo\":{\"@type\":\"ImageObject\",\"inLanguage\":\"en-US\",\"@id\":\"https:\\\/\\\/boutique-one-piece.com\\\/#\\\/schema\\\/logo\\\/image\\\/\",\"url\":\"https:\\\/\\\/boutique-one-piece.com\\\/wp-content\\\/uploads\\\/2022\\\/09\\\/Logo-01.png\",\"contentUrl\":\"https:\\\/\\\/boutique-one-piece.com\\\/wp-content\\\/uploads\\\/2022\\\/09\\\/Logo-01.png\",\"width\":2318,\"height\":957,\"caption\":\"Boutique One Piece\"},\"image\":{\"@id\":\"https:\\\/\\\/boutique-one-piece.com\\\/#\\\/schema\\\/logo\\\/image\\\/\"}}]}<\/script>\n<!-- \/ Yoast SEO plugin. -->","yoast_head_json":{"title":"Wanted Notice: Urouge | One Piece Decorations \u2013 One Piece Shop","description":"Do you appreciate pirates who are out of the ordinary, even in One Piece? If so, this Urouge Wanted Poster is just what you need to complete your decor. Urouge, nicknamed &quot;the Mad Monk,&quot; is one of the Worst Generation pirates and the captain of his own crew. He is a character","robots":{"index":"index","follow":"follow","max-snippet":"max-snippet:-1","max-image-preview":"max-image-preview:large","max-video-preview":"max-video-preview:-1"},"canonical":"https:\/\/boutique-one-piece.com\/en\/one-piece-wanted-poster\/wanted-notice-urouge-wanted\/","og_locale":"en_US","og_type":"article","og_title":"Avis De Recherche Urouge Wanted | D\u00e9coration One Piece \u2013 Boutique One Piece","og_description":"Appr\u00e9cies-tu les pirates qui sortent de l'ordinaire, m\u00eame dans One Piece ? Si tel est le cas, cet Avis de Recherche Urouge Wanted est ce qu'il te faut pour parfaire ta d\u00e9coration. Urouge, qui est surnomm\u00e9 \"le moine fou\" est un des pirates de la pire g\u00e9n\u00e9ration et le capitaine de son propre \u00e9quipage. C'est un personnage","og_url":"https:\/\/boutique-one-piece.com\/en\/one-piece-wanted-poster\/wanted-notice-urouge-wanted\/","og_site_name":"Boutique One Piece","article_modified_time":"2024-09-16T15:11:00+00:00","og_image":[{"width":640,"height":640,"url":"https:\/\/boutique-one-piece.com\/wp-content\/uploads\/2022\/09\/Avis-De-Recherche-Urouge-Wanted-1.jpg","type":"image\/jpeg"}],"twitter_card":"summary_large_image","twitter_misc":{"Est. reading time":"1 minute"},"schema":{"@context":"https:\/\/schema.org","@graph":[{"@type":"WebPage","@id":"https:\/\/boutique-one-piece.com\/avis-de-recherche-one-piece\/avis-de-recherche-urouge-wanted\/","url":"https:\/\/boutique-one-piece.com\/avis-de-recherche-one-piece\/avis-de-recherche-urouge-wanted\/","name":"Wanted Notice: Urouge | One Piece Decorations \u2013 One Piece Shop","isPartOf":{"@id":"https:\/\/boutique-one-piece.com\/#website"},"primaryImageOfPage":{"@id":"https:\/\/boutique-one-piece.com\/avis-de-recherche-one-piece\/avis-de-recherche-urouge-wanted\/#primaryimage"},"image":{"@id":"https:\/\/boutique-one-piece.com\/avis-de-recherche-one-piece\/avis-de-recherche-urouge-wanted\/#primaryimage"},"thumbnailUrl":"https:\/\/boutique-one-piece.com\/wp-content\/uploads\/2022\/09\/Avis-De-Recherche-Urouge-Wanted-1.jpg","datePublished":"2022-09-27T22:02:16+00:00","dateModified":"2024-09-16T15:11:00+00:00","description":"Do you appreciate pirates who are out of the ordinary, even in One Piece? If so, this Urouge Wanted Poster is just what you need to complete your decor. Urouge, nicknamed &quot;the Mad Monk,&quot; is one of the Worst Generation pirates and the captain of his own crew. He is a character","breadcrumb":{"@id":"https:\/\/boutique-one-piece.com\/avis-de-recherche-one-piece\/avis-de-recherche-urouge-wanted\/#breadcrumb"},"inLanguage":"en-US","potentialAction":[{"@type":"ReadAction","target":["https:\/\/boutique-one-piece.com\/avis-de-recherche-one-piece\/avis-de-recherche-urouge-wanted\/"]}]},{"@type":"ImageObject","inLanguage":"en-US","@id":"https:\/\/boutique-one-piece.com\/avis-de-recherche-one-piece\/avis-de-recherche-urouge-wanted\/#primaryimage","url":"https:\/\/boutique-one-piece.com\/wp-content\/uploads\/2022\/09\/Avis-De-Recherche-Urouge-Wanted-1.jpg","contentUrl":"https:\/\/boutique-one-piece.com\/wp-content\/uploads\/2022\/09\/Avis-De-Recherche-Urouge-Wanted-1.jpg","width":640,"height":640},{"@type":"BreadcrumbList","@id":"https:\/\/boutique-one-piece.com\/avis-de-recherche-one-piece\/avis-de-recherche-urouge-wanted\/#breadcrumb","itemListElement":[{"@type":"ListItem","position":1,"name":"Home","item":"https:\/\/boutique-one-piece.com\/"},{"@type":"ListItem","position":2,"name":"Shop","item":"https:\/\/boutique-one-piece.com\/shop\/"},{"@type":"ListItem","position":3,"name":"Avis De Recherche Urouge Wanted"}]},{"@type":"WebSite","@id":"https:\/\/boutique-one-piece.com\/#website","url":"https:\/\/boutique-one-piece.com\/","name":"One Piece Shop","description":"Specialty store for One Piece Manga and Anime","publisher":{"@id":"https:\/\/boutique-one-piece.com\/#organization"},"potentialAction":[{"@type":"SearchAction","target":{"@type":"EntryPoint","urlTemplate":"https:\/\/boutique-one-piece.com\/?s={search_term_string}"},"query-input":{"@type":"PropertyValueSpecification","valueRequired":true,"valueName":"search_term_string"}}],"inLanguage":"en-US"},{"@type":"Organization","@id":"https:\/\/boutique-one-piece.com\/#organization","name":"One Piece Shop","url":"https:\/\/boutique-one-piece.com\/","logo":{"@type":"ImageObject","inLanguage":"en-US","@id":"https:\/\/boutique-one-piece.com\/#\/schema\/logo\/image\/","url":"https:\/\/boutique-one-piece.com\/wp-content\/uploads\/2022\/09\/Logo-01.png","contentUrl":"https:\/\/boutique-one-piece.com\/wp-content\/uploads\/2022\/09\/Logo-01.png","width":2318,"height":957,"caption":"Boutique One Piece"},"image":{"@id":"https:\/\/boutique-one-piece.com\/#\/schema\/logo\/image\/"}}]}},"_links":{"self":[{"href":"https:\/\/boutique-one-piece.com\/en\/wp-json\/wp\/v2\/product\/17539","targetHints":{"allow":["GET"]}}],"collection":[{"href":"https:\/\/boutique-one-piece.com\/en\/wp-json\/wp\/v2\/product"}],"about":[{"href":"https:\/\/boutique-one-piece.com\/en\/wp-json\/wp\/v2\/types\/product"}],"replies":[{"embeddable":true,"href":"https:\/\/boutique-one-piece.com\/en\/wp-json\/wp\/v2\/comments?post=17539"}],"wp:featuredmedia":[{"embeddable":true,"href":"https:\/\/boutique-one-piece.com\/en\/wp-json\/wp\/v2\/media\/17541"}],"wp:attachment":[{"href":"https:\/\/boutique-one-piece.com\/en\/wp-json\/wp\/v2\/media?parent=17539"}],"wp:term":[{"taxonomy":"product_brand","embeddable":true,"href":"https:\/\/boutique-one-piece.com\/en\/wp-json\/wp\/v2\/product_brand?post=17539"},{"taxonomy":"product_cat","embeddable":true,"href":"https:\/\/boutique-one-piece.com\/en\/wp-json\/wp\/v2\/product_cat?post=17539"},{"taxonomy":"product_tag","embeddable":true,"href":"https:\/\/boutique-one-piece.com\/en\/wp-json\/wp\/v2\/product_tag?post=17539"}],"curies":[{"name":"wp","href":"https:\/\/api.w.org\/{rel}","templated":true}]}}