{"id":8281,"date":"2022-09-27T18:53:53","date_gmt":"2022-09-27T18:53:53","guid":{"rendered":"https:\/\/boutique-one-piece.com\/uncategorized\/tableau-manga-one-piece\/"},"modified":"2026-04-02T12:12:19","modified_gmt":"2026-04-02T12:12:19","slug":"one-piece-manga-painting","status":"publish","type":"product","link":"https:\/\/boutique-one-piece.com\/en\/one-piece-goodies\/goodies-monkey-d-luffy-one-piece\/one-piece-manga-painting\/","title":{"rendered":"One Piece Manga Painting"},"content":{"rendered":"<p><meta charset=\"utf-8\"><\/p>\n<h2>Excellent quality for a pirate like you!<\/h2>\n<p>If you are a\u00a0<strong>real pirate<\/strong>, You will appreciate the\u00a0<strong>quality<\/strong>\u00a0canvas, paint, and a frame for their\u00a0<strong>designs\u00a0<\/strong>And\u00a0<strong>3D Canvas printing<\/strong>\u00a0of this\u00a0<strong>One Piece 5-panel painting<\/strong>\u00a0But most importantly, with this chart, you&#039;ll be part of\u00a0<strong>the fan crew<\/strong>\u00a0of\u00a0<strong>pirate manga<\/strong>\u00a0and you will obtain:<\/p>\n<ul>\n<li>\u00a0<strong>Admiration<\/strong>\u00a0of all the fans of\u00a0<strong>mugiwara<\/strong>\u00a0that you will invite to your home<\/li>\n<\/ul>\n<ul>\n<li>A real\u00a0<strong>5-piece printed chart<\/strong>\u00a0with which you can<strong>\u00a0to imagine\u00a0<\/strong>in the <strong>One Piece Manga<\/strong>\n<\/li>\n<\/ul>\n<p>So, ready to show off the\u00a0<strong>colors <\/strong>of <strong>manga<\/strong> at your place ?<\/p>\n<h2>Are you a fan of the One Piece manga or anime? Show it off with this 5-Piece One Piece Canvas Print!<\/h2>\n<p>If you\u00a0<strong>read<\/strong>\u00a0or wherever you look\u00a0<strong>the anime\u00a0<\/strong><strong>Japanese<\/strong>, There&#039;s a good chance you&#039;ve become\u00a0<strong>crazy about One Piece<\/strong>\u00a0With this!\u00a0<strong>5-panel Manga One Piece poster<\/strong>, join the\u2019<strong>crew of fans of the franchise<\/strong><\/p>\n<p>This\u00a0<strong>painting<\/strong>\u00a0is available with a\u00a0<strong>wooden frame<\/strong>\u00a0the variant &quot;\u00ab\u00a0<strong>With Frame<\/strong>\u00ab&quot;It is also possible to have only the\u00a0<strong>cloth<\/strong>\u00a0with the variant &quot;\u00ab\u00a0<strong>Frameless<\/strong>\u00ab&quot;You will find the table in the sizes\u00a0<strong>Little<\/strong>,<strong>\u00a0AVERAGE<\/strong>,<strong>\u00a0Big<\/strong>,<strong>\u00a0XL<\/strong>, It will suit all types of pirates, even if you don&#039;t have\u00a0<strong>sword<\/strong>\u00a0or\u00a0<strong>devil fruit<\/strong>\u00a0you can still proudly hang it up at home<\/p>\n<p><b>5-panel table\u00a0<\/b>with the <strong>One Piece logo<\/strong>\u00a0And<strong>\u00a0<\/strong>A background with scenes from the manga in black and white. One Piece is more than a manga; it&#039;s the adventure of men and women who want to achieve their dreams.<\/p>\n<h2>Information about the painting:<\/h2>\n<ul>\n<li>\n<strong>High-quality printed canvas\u00a0<\/strong>: wall canvas made of <strong>cotton<\/strong> and <strong>linen<\/strong>, to obtain a <strong>cloth<\/strong> worthy of the name<\/li>\n<\/ul>\n<ul>\n<li>\n<strong>Ultra Design Painting<\/strong>\u00a0The five-part table provides a lot of <strong>style<\/strong> to a <strong>piece<\/strong>, Fans can&#039;t help but love it<\/li>\n<\/ul>\n<ul style=\"font-weight: 400;\">\n<li>\n<strong>Color and Printing\u00a0<\/strong>One Piece painting with a print <strong>Canva<\/strong> the benchmark in canvas printing<\/li>\n<\/ul>\n<ul style=\"font-weight: 400;\">\n<li>\n<strong>Lightweight Wall Art<\/strong>\u00a0: great setting <strong>light,<\/strong> all it takes is one <strong>nail<\/strong> or of the <strong>fixed leg<\/strong> for the <strong>maintain<\/strong> At <strong>wall<\/strong>\n<\/li>\n<\/ul>\n<ul style=\"font-weight: 400;\">\n<li>\n<strong>Wooden Frame<\/strong>\u00a0: the variant &quot;\u00ab\u00a0<strong>With Frame<\/strong>\u00a0\u00bb is accompanied by a <strong>wooden frame<\/strong> and the version &quot;\u00ab\u00a0<strong>Frameless<\/strong>\u00a0\u00bb is delivered <strong>without the wooden frame<\/strong>\n<\/li>\n<\/ul>\n<ul style=\"font-weight: 400;\">\n<li>\n<strong>Free Delivery\u00a0<\/strong>for any purchase<strong>\u00a0<\/strong>\n<\/li>\n<\/ul>\n<h3>Don&#039;t forget to take a look at the size guide below.<\/h3>\n<h2>\n<strong style=\"font-size: 15px;\">One Piece 5 Piece Painting<\/strong><span style=\"font-size: 15px;\">,<\/span><strong style=\"font-size: 15px;\"> <\/strong><span style=\"font-size: 15px;\">Size<\/span><strong style=\"font-size: 15px;\"> <\/strong><span style=\"font-size: 15px;\">: <\/span><strong style=\"font-size: 15px;\">Little<\/strong><br \/>\n<\/h2>\n<p>\u00a0<img decoding=\"async\" src=\"https:\/\/cdn.shopify.com\/s\/files\/1\/0087\/7556\/5348\/files\/guide_taille_tableau_one_piece_petit_boutique_one_piece_large.jpg?v=1560247451\" alt=\"One Piece 5-Piece Size Guide (Small)\"><\/p>\n<p><strong>One Piece 5 Piece Painting<\/strong>, Size<strong> <\/strong>:<strong> AVERAGE<\/strong><\/p>\n<p>\u00a0<img decoding=\"async\" src=\"https:\/\/cdn.shopify.com\/s\/files\/1\/0087\/7556\/5348\/files\/guide_taille_tableau_one_piece_moyen_boutique_one_piece_large.jpg?v=1560247519\" alt=\"size guide chart one piece 5 pieces Medium\"><\/p>\n<p><strong>One Piece 5 Piece Painting<\/strong>, Size<strong> <\/strong>: <strong>Big<\/strong><\/p>\n<p>\u00a0<img decoding=\"async\" src=\"https:\/\/cdn.shopify.com\/s\/files\/1\/0087\/7556\/5348\/files\/guide_taille_tableau_one_piece_grand_boutique_one_piece_large.jpg?v=1560247582\" alt=\"One Piece 5-piece size chart (large)\"><\/p>\n<p><strong>One Piece 5 Piece Painting<\/strong>, Size: <strong>XL<\/strong><\/p>\n<p><img decoding=\"async\" src=\"https:\/\/cdn.shopify.com\/s\/files\/1\/0087\/7556\/5348\/files\/guide_taille_tableau_one_piece_xl_boutique_one_piece_large.jpg?v=1560247610\" alt=\"One Piece 5-piece XL size chart\"><\/p>","protected":false},"excerpt":{"rendered":"<p>Super quality for a pirate like you! If you&#039;re a true pirate, you&#039;ll appreciate the quality of the canvas, paint, and frame, as well as the 3D canvas printing of this 5-panel One Piece painting! But most importantly, with this painting, you&#039;ll be part of the crew of pirate manga fans and you&#039;ll gain: The admiration of all the Straw Hat fans you invite over. A true work of art [\u2026]<\/p>","protected":false},"featured_media":8283,"comment_status":"open","ping_status":"open","template":"","meta":[],"product_brand":[],"product_cat":[150,80,151,141],"product_tag":[92,142,143,113],"class_list":{"0":"post-8281","1":"product","2":"type-product","3":"status-publish","4":"has-post-thumbnail","6":"product_cat-decorations-one-piece","7":"product_cat-goodies-monkey-d-luffy-one-piece","8":"product_cat-goodies-roronoa-zoro-one-piece","9":"product_cat-tableaux-one-piece","10":"product_tag-luffy","11":"product_tag-tableau-5-pieces","12":"product_tag-toile","13":"product_tag-zoro","15":"first","16":"instock","17":"purchasable","18":"product-type-variable"},"yoast_head":"<!-- This site is optimized with the Yoast SEO plugin v27.5 - https:\/\/yoast.com\/product\/yoast-seo-wordpress\/ -->\n<title>Tableau Manga One Piece | Boutique One Piece<\/title>\n<meta name=\"description\" content=\"Tableau 5 Pi\u00e8ces avec le Logo One Piece et un Fond en Manga de Tr\u00e8s Haute Qualit\u00e9 Fan de l&#039;Univers des Pirates ce Tableau Manga 5 Panneaux est Fait Pour Vous !\" \/>\n<meta name=\"robots\" content=\"index, follow, max-snippet:-1, max-image-preview:large, max-video-preview:-1\" \/>\n<link rel=\"canonical\" href=\"https:\/\/boutique-one-piece.com\/en\/one-piece-goodies\/roronoa-zoro-one-piece-goodies\/one-piece-manga-painting\/\" \/>\n<meta property=\"og:locale\" content=\"en_US\" \/>\n<meta property=\"og:type\" content=\"article\" \/>\n<meta property=\"og:title\" content=\"Tableau Manga One Piece | Boutique One Piece\" \/>\n<meta property=\"og:description\" content=\"Tableau 5 Pi\u00e8ces avec le Logo One Piece et un Fond en Manga de Tr\u00e8s Haute Qualit\u00e9 Fan de l&#039;Univers des Pirates ce Tableau Manga 5 Panneaux est Fait Pour Vous !\" \/>\n<meta property=\"og:url\" content=\"https:\/\/boutique-one-piece.com\/en\/one-piece-goodies\/roronoa-zoro-one-piece-goodies\/one-piece-manga-painting\/\" \/>\n<meta property=\"og:site_name\" content=\"Boutique One Piece\" \/>\n<meta property=\"article:modified_time\" content=\"2026-04-02T12:12:19+00:00\" \/>\n<meta property=\"og:image\" content=\"https:\/\/boutique-one-piece.com\/wp-content\/uploads\/2022\/09\/Tableau-Manga-One-Piece.jpg\" \/>\n\t<meta property=\"og:image:width\" content=\"600\" \/>\n\t<meta property=\"og:image:height\" content=\"600\" \/>\n\t<meta property=\"og:image:type\" content=\"image\/jpeg\" \/>\n<meta name=\"twitter:card\" content=\"summary_large_image\" \/>\n<meta name=\"twitter:label1\" content=\"Est. reading time\" \/>\n\t<meta name=\"twitter:data1\" content=\"2 minutes\" \/>\n<script type=\"application\/ld+json\" class=\"yoast-schema-graph\">{\"@context\":\"https:\\\/\\\/schema.org\",\"@graph\":[{\"@type\":\"WebPage\",\"@id\":\"https:\\\/\\\/boutique-one-piece.com\\\/goodies-one-piece\\\/goodies-roronoa-zoro-one-piece\\\/tableau-manga-one-piece\\\/\",\"url\":\"https:\\\/\\\/boutique-one-piece.com\\\/goodies-one-piece\\\/goodies-roronoa-zoro-one-piece\\\/tableau-manga-one-piece\\\/\",\"name\":\"Tableau Manga One Piece | Boutique One Piece\",\"isPartOf\":{\"@id\":\"https:\\\/\\\/boutique-one-piece.com\\\/#website\"},\"primaryImageOfPage\":{\"@id\":\"https:\\\/\\\/boutique-one-piece.com\\\/goodies-one-piece\\\/goodies-roronoa-zoro-one-piece\\\/tableau-manga-one-piece\\\/#primaryimage\"},\"image\":{\"@id\":\"https:\\\/\\\/boutique-one-piece.com\\\/goodies-one-piece\\\/goodies-roronoa-zoro-one-piece\\\/tableau-manga-one-piece\\\/#primaryimage\"},\"thumbnailUrl\":\"https:\\\/\\\/boutique-one-piece.com\\\/wp-content\\\/uploads\\\/2022\\\/09\\\/Tableau-Manga-One-Piece.jpg\",\"datePublished\":\"2022-09-27T18:53:53+00:00\",\"dateModified\":\"2026-04-02T12:12:19+00:00\",\"description\":\"Tableau 5 Pi\u00e8ces avec le Logo One Piece et un Fond en Manga de Tr\u00e8s Haute Qualit\u00e9 Fan de l'Univers des Pirates ce Tableau Manga 5 Panneaux est Fait Pour Vous !\",\"breadcrumb\":{\"@id\":\"https:\\\/\\\/boutique-one-piece.com\\\/goodies-one-piece\\\/goodies-roronoa-zoro-one-piece\\\/tableau-manga-one-piece\\\/#breadcrumb\"},\"inLanguage\":\"en-US\",\"potentialAction\":[{\"@type\":\"ReadAction\",\"target\":[\"https:\\\/\\\/boutique-one-piece.com\\\/goodies-one-piece\\\/goodies-roronoa-zoro-one-piece\\\/tableau-manga-one-piece\\\/\"]}]},{\"@type\":\"ImageObject\",\"inLanguage\":\"en-US\",\"@id\":\"https:\\\/\\\/boutique-one-piece.com\\\/goodies-one-piece\\\/goodies-roronoa-zoro-one-piece\\\/tableau-manga-one-piece\\\/#primaryimage\",\"url\":\"https:\\\/\\\/boutique-one-piece.com\\\/wp-content\\\/uploads\\\/2022\\\/09\\\/Tableau-Manga-One-Piece.jpg\",\"contentUrl\":\"https:\\\/\\\/boutique-one-piece.com\\\/wp-content\\\/uploads\\\/2022\\\/09\\\/Tableau-Manga-One-Piece.jpg\",\"width\":600,\"height\":600,\"caption\":\"Tableau Manga One PieceXLAvec Cadre\"},{\"@type\":\"BreadcrumbList\",\"@id\":\"https:\\\/\\\/boutique-one-piece.com\\\/goodies-one-piece\\\/goodies-roronoa-zoro-one-piece\\\/tableau-manga-one-piece\\\/#breadcrumb\",\"itemListElement\":[{\"@type\":\"ListItem\",\"position\":1,\"name\":\"Home\",\"item\":\"https:\\\/\\\/boutique-one-piece.com\\\/\"},{\"@type\":\"ListItem\",\"position\":2,\"name\":\"Shop\",\"item\":\"https:\\\/\\\/boutique-one-piece.com\\\/shop\\\/\"},{\"@type\":\"ListItem\",\"position\":3,\"name\":\"Tableau Manga One Piece\"}]},{\"@type\":\"WebSite\",\"@id\":\"https:\\\/\\\/boutique-one-piece.com\\\/#website\",\"url\":\"https:\\\/\\\/boutique-one-piece.com\\\/\",\"name\":\"Boutique One Piece\",\"description\":\"Magasin Sp\u00e9cialis\u00e9 du Manga et l&#039;Anime One Piece\",\"publisher\":{\"@id\":\"https:\\\/\\\/boutique-one-piece.com\\\/#organization\"},\"potentialAction\":[{\"@type\":\"SearchAction\",\"target\":{\"@type\":\"EntryPoint\",\"urlTemplate\":\"https:\\\/\\\/boutique-one-piece.com\\\/?s={search_term_string}\"},\"query-input\":{\"@type\":\"PropertyValueSpecification\",\"valueRequired\":true,\"valueName\":\"search_term_string\"}}],\"inLanguage\":\"en-US\"},{\"@type\":\"Organization\",\"@id\":\"https:\\\/\\\/boutique-one-piece.com\\\/#organization\",\"name\":\"Boutique One Piece\",\"url\":\"https:\\\/\\\/boutique-one-piece.com\\\/\",\"logo\":{\"@type\":\"ImageObject\",\"inLanguage\":\"en-US\",\"@id\":\"https:\\\/\\\/boutique-one-piece.com\\\/#\\\/schema\\\/logo\\\/image\\\/\",\"url\":\"https:\\\/\\\/boutique-one-piece.com\\\/wp-content\\\/uploads\\\/2022\\\/09\\\/Logo-01.png\",\"contentUrl\":\"https:\\\/\\\/boutique-one-piece.com\\\/wp-content\\\/uploads\\\/2022\\\/09\\\/Logo-01.png\",\"width\":2318,\"height\":957,\"caption\":\"Boutique One Piece\"},\"image\":{\"@id\":\"https:\\\/\\\/boutique-one-piece.com\\\/#\\\/schema\\\/logo\\\/image\\\/\"}}]}<\/script>\n<!-- \/ Yoast SEO plugin. -->","yoast_head_json":{"title":"One Piece Manga Painting | One Piece Shop","description":"5-Piece Canvas Print with One Piece Logo and High-Quality Manga Background. Fans of the Pirate Universe, this 5-Panel Manga Canvas Print is for you!","robots":{"index":"index","follow":"follow","max-snippet":"max-snippet:-1","max-image-preview":"max-image-preview:large","max-video-preview":"max-video-preview:-1"},"canonical":"https:\/\/boutique-one-piece.com\/en\/one-piece-goodies\/roronoa-zoro-one-piece-goodies\/one-piece-manga-painting\/","og_locale":"en_US","og_type":"article","og_title":"Tableau Manga One Piece | Boutique One Piece","og_description":"Tableau 5 Pi\u00e8ces avec le Logo One Piece et un Fond en Manga de Tr\u00e8s Haute Qualit\u00e9 Fan de l'Univers des Pirates ce Tableau Manga 5 Panneaux est Fait Pour Vous !","og_url":"https:\/\/boutique-one-piece.com\/en\/one-piece-goodies\/roronoa-zoro-one-piece-goodies\/one-piece-manga-painting\/","og_site_name":"Boutique One Piece","article_modified_time":"2026-04-02T12:12:19+00:00","og_image":[{"width":600,"height":600,"url":"https:\/\/boutique-one-piece.com\/wp-content\/uploads\/2022\/09\/Tableau-Manga-One-Piece.jpg","type":"image\/jpeg"}],"twitter_card":"summary_large_image","twitter_misc":{"Est. reading time":"2 minutes"},"schema":{"@context":"https:\/\/schema.org","@graph":[{"@type":"WebPage","@id":"https:\/\/boutique-one-piece.com\/goodies-one-piece\/goodies-roronoa-zoro-one-piece\/tableau-manga-one-piece\/","url":"https:\/\/boutique-one-piece.com\/goodies-one-piece\/goodies-roronoa-zoro-one-piece\/tableau-manga-one-piece\/","name":"One Piece Manga Painting | One Piece Shop","isPartOf":{"@id":"https:\/\/boutique-one-piece.com\/#website"},"primaryImageOfPage":{"@id":"https:\/\/boutique-one-piece.com\/goodies-one-piece\/goodies-roronoa-zoro-one-piece\/tableau-manga-one-piece\/#primaryimage"},"image":{"@id":"https:\/\/boutique-one-piece.com\/goodies-one-piece\/goodies-roronoa-zoro-one-piece\/tableau-manga-one-piece\/#primaryimage"},"thumbnailUrl":"https:\/\/boutique-one-piece.com\/wp-content\/uploads\/2022\/09\/Tableau-Manga-One-Piece.jpg","datePublished":"2022-09-27T18:53:53+00:00","dateModified":"2026-04-02T12:12:19+00:00","description":"5-Piece Canvas Print with One Piece Logo and High-Quality Manga Background. Fans of the Pirate Universe, this 5-Panel Manga Canvas Print is for you!","breadcrumb":{"@id":"https:\/\/boutique-one-piece.com\/goodies-one-piece\/goodies-roronoa-zoro-one-piece\/tableau-manga-one-piece\/#breadcrumb"},"inLanguage":"en-US","potentialAction":[{"@type":"ReadAction","target":["https:\/\/boutique-one-piece.com\/goodies-one-piece\/goodies-roronoa-zoro-one-piece\/tableau-manga-one-piece\/"]}]},{"@type":"ImageObject","inLanguage":"en-US","@id":"https:\/\/boutique-one-piece.com\/goodies-one-piece\/goodies-roronoa-zoro-one-piece\/tableau-manga-one-piece\/#primaryimage","url":"https:\/\/boutique-one-piece.com\/wp-content\/uploads\/2022\/09\/Tableau-Manga-One-Piece.jpg","contentUrl":"https:\/\/boutique-one-piece.com\/wp-content\/uploads\/2022\/09\/Tableau-Manga-One-Piece.jpg","width":600,"height":600,"caption":"Tableau Manga One PieceXLAvec Cadre"},{"@type":"BreadcrumbList","@id":"https:\/\/boutique-one-piece.com\/goodies-one-piece\/goodies-roronoa-zoro-one-piece\/tableau-manga-one-piece\/#breadcrumb","itemListElement":[{"@type":"ListItem","position":1,"name":"Home","item":"https:\/\/boutique-one-piece.com\/"},{"@type":"ListItem","position":2,"name":"Shop","item":"https:\/\/boutique-one-piece.com\/shop\/"},{"@type":"ListItem","position":3,"name":"Tableau Manga One Piece"}]},{"@type":"WebSite","@id":"https:\/\/boutique-one-piece.com\/#website","url":"https:\/\/boutique-one-piece.com\/","name":"One Piece Shop","description":"Specialty store for One Piece Manga and Anime","publisher":{"@id":"https:\/\/boutique-one-piece.com\/#organization"},"potentialAction":[{"@type":"SearchAction","target":{"@type":"EntryPoint","urlTemplate":"https:\/\/boutique-one-piece.com\/?s={search_term_string}"},"query-input":{"@type":"PropertyValueSpecification","valueRequired":true,"valueName":"search_term_string"}}],"inLanguage":"en-US"},{"@type":"Organization","@id":"https:\/\/boutique-one-piece.com\/#organization","name":"One Piece Shop","url":"https:\/\/boutique-one-piece.com\/","logo":{"@type":"ImageObject","inLanguage":"en-US","@id":"https:\/\/boutique-one-piece.com\/#\/schema\/logo\/image\/","url":"https:\/\/boutique-one-piece.com\/wp-content\/uploads\/2022\/09\/Logo-01.png","contentUrl":"https:\/\/boutique-one-piece.com\/wp-content\/uploads\/2022\/09\/Logo-01.png","width":2318,"height":957,"caption":"Boutique One Piece"},"image":{"@id":"https:\/\/boutique-one-piece.com\/#\/schema\/logo\/image\/"}}]}},"_links":{"self":[{"href":"https:\/\/boutique-one-piece.com\/en\/wp-json\/wp\/v2\/product\/8281","targetHints":{"allow":["GET"]}}],"collection":[{"href":"https:\/\/boutique-one-piece.com\/en\/wp-json\/wp\/v2\/product"}],"about":[{"href":"https:\/\/boutique-one-piece.com\/en\/wp-json\/wp\/v2\/types\/product"}],"replies":[{"embeddable":true,"href":"https:\/\/boutique-one-piece.com\/en\/wp-json\/wp\/v2\/comments?post=8281"}],"wp:featuredmedia":[{"embeddable":true,"href":"https:\/\/boutique-one-piece.com\/en\/wp-json\/wp\/v2\/media\/8283"}],"wp:attachment":[{"href":"https:\/\/boutique-one-piece.com\/en\/wp-json\/wp\/v2\/media?parent=8281"}],"wp:term":[{"taxonomy":"product_brand","embeddable":true,"href":"https:\/\/boutique-one-piece.com\/en\/wp-json\/wp\/v2\/product_brand?post=8281"},{"taxonomy":"product_cat","embeddable":true,"href":"https:\/\/boutique-one-piece.com\/en\/wp-json\/wp\/v2\/product_cat?post=8281"},{"taxonomy":"product_tag","embeddable":true,"href":"https:\/\/boutique-one-piece.com\/en\/wp-json\/wp\/v2\/product_tag?post=8281"}],"curies":[{"name":"wp","href":"https:\/\/api.w.org\/{rel}","templated":true}]}}