{"id":8638,"date":"2022-09-27T20:14:12","date_gmt":"2022-09-27T20:14:12","guid":{"rendered":"https:\/\/boutique-one-piece.com\/uncategorized\/peluche-chopper-kawai\/"},"modified":"2026-03-26T21:31:45","modified_gmt":"2026-03-26T21:31:45","slug":"kawaii-chopper-plush","status":"publish","type":"product","link":"https:\/\/boutique-one-piece.com\/en\/one-piece-goodies\/tony-goodies-tony-chopper-one-piece\/kawaii-chopper-plush\/","title":{"rendered":"Kawaii Chopper Plush"},"content":{"rendered":"<h2>Young pirate, let yourself be charmed by this Kawaii Chopper Plush.<\/h2>\n<p>As a reminder, <strong>Chopper<\/strong> est le docteur de l\u2019\u00c9quipage du Chapeau de Paille. D\u2019ailleurs, tu peux retrouver la <a href=\"https:\/\/boutique-one-piece.com\/en\/chopper-plush-cosplay-luffy\/\" title=\"Chopper Luffy Cosplay Plush\" target=\"_blank\" rel=\"noopener\">Chopper plush cosplay Luffy<\/a>. Ceci \u00e9tant dit, son r\u00eave est de r\u00e9aliser le r\u00eave de son d\u00e9funt mentor. En effet, la croyance d\u2019<strong>Hiluluk<\/strong>, dit qu\u2019il n\u2019y a aucune maladie incurable et que devenir un m\u00e9decin qui peut gu\u00e9rir toute maladie est possible.<\/p>\n<p>\u00c0 cette fin, sa nature enfantine dispara\u00eet chaque fois que ses comp\u00e9tences sont n\u00e9cessaires ; il ne craint pas le moins du monde dans toutes les actions concernant le bien-\u00eatre de ses patients. Enfin, il est le sixi\u00e8me membre de\u00a0l\u2019\u00e9quipage, mais le cinqui\u00e8me \u00e0 se joindre \u00e0 avoir rejoint les rangs.<\/p>\n<h3>Alors, conquis par la peluche de Chopper dans sa version Kawai ? Comment ne pas l\u2019\u00eatre ? Il ne te reste plus qu\u2019\u00e0 adopter le gentil Tony Tony Chopper.<\/h3>\n<p><strong>One Piece<\/strong> est le manga le plus vendu au monde. Il ne tient qu\u2019\u00e0 toi de rejoindre l\u2019univers fantastique de Luffy. Ces objets mythiques te plongeront ou te replongeront au sein de ton univers favori. Parfaits pour offrir, collectionner ou t\u2019amuser, ces objets sont forc\u00e9ment faits pour toi. Alors, saute sur l\u2019occasion d\u2019embarquer \u00e0 bord du <strong>Thousand Sunny<\/strong>, l\u2019\u00c9quipage au Chapeau de Paille t\u2019y attend.<\/p>\n<h2>Information about the One Piece Chopper Plush:<\/h2>\n<ul>\n<li>\u00a0<b>Product Type<\/b><span>\u00a0<\/span>One Piece manga plush toy<\/li>\n<\/ul>\n<ul>\n<li>\n<b>Use of the Peluce<\/b>\u00a0Toys, decorations, collectibles, gifts<\/li>\n<\/ul>\n<ul>\n<li>\n<b>Character Name<\/b>\u00a0Tony Chopper<\/li>\n<\/ul>\n<ul>\n<li>\n<b>Plush toy size<\/b>\u00a0: 25 or 30 centimeters<\/li>\n<\/ul>\n<ul>\n<li>\n<b>Matter<\/b>\u00a0: Cotton<\/li>\n<\/ul>\n<ul>\n<li>\n<b>Recommended Age<\/b>\u00a0: more than 3 years<\/li>\n<\/ul>\n<ul>\n<li>\n<b>Free Delivery<\/b> for any purchase<\/li>\n<\/ul>","protected":false},"excerpt":{"rendered":"<p>Jeune pirate, laisse-toi attendrir par cette Peluche Chopper Kawai. Pour rappel, Chopper est le docteur de l\u2019\u00c9quipage du Chapeau de Paille. D\u2019ailleurs, tu peux retrouver la peluche Chopper cosplay Luffy. Ceci \u00e9tant dit, son r\u00eave est de r\u00e9aliser le r\u00eave de son d\u00e9funt mentor. En effet, la croyance d\u2019Hiluluk, dit qu\u2019il n\u2019y a aucune maladie [&hellip;]<\/p>","protected":false},"featured_media":8640,"comment_status":"open","ping_status":"open","template":"","meta":[],"product_brand":[],"product_cat":[163,177],"product_tag":[165],"class_list":{"0":"post-8638","1":"product","2":"type-product","3":"status-publish","4":"has-post-thumbnail","6":"product_cat-goodies-tony-tony-chopper-one-piece","7":"product_cat-peluches-one-piece","8":"product_tag-chopper","10":"first","11":"outofstock","12":"purchasable","13":"product-type-simple"},"yoast_head":"<!-- This site is optimized with the Yoast SEO plugin v27.5 - https:\/\/yoast.com\/product\/yoast-seo-wordpress\/ -->\n<title>Peluche Chopper Kawai | Boutique One Piece<\/title>\n<meta name=\"description\" content=\"D\u00e9couvrez la peluche One Piece Tony Chopper Kawai, elle est aussi douce que mignonne ! Commencez votre aventure de pirate \u00e0 la recherche du One Piece dans l&#039;\u00e9quipage du Chapeau de Paille\" \/>\n<meta name=\"robots\" content=\"index, follow, max-snippet:-1, max-image-preview:large, max-video-preview:-1\" \/>\n<link rel=\"canonical\" href=\"https:\/\/boutique-one-piece.com\/en\/one-piece-goodies\/tony-goodies-tony-chopper-one-piece\/kawaii-chopper-plush\/\" \/>\n<meta property=\"og:locale\" content=\"en_US\" \/>\n<meta property=\"og:type\" content=\"article\" \/>\n<meta property=\"og:title\" content=\"Peluche Chopper Kawai | Boutique One Piece\" \/>\n<meta property=\"og:description\" content=\"D\u00e9couvrez la peluche One Piece Tony Chopper Kawai, elle est aussi douce que mignonne ! Commencez votre aventure de pirate \u00e0 la recherche du One Piece dans l&#039;\u00e9quipage du Chapeau de Paille\" \/>\n<meta property=\"og:url\" content=\"https:\/\/boutique-one-piece.com\/en\/one-piece-goodies\/tony-goodies-tony-chopper-one-piece\/kawaii-chopper-plush\/\" \/>\n<meta property=\"og:site_name\" content=\"Boutique One Piece\" \/>\n<meta property=\"article:modified_time\" content=\"2026-03-26T21:31:45+00:00\" \/>\n<meta property=\"og:image\" content=\"https:\/\/boutique-one-piece.com\/wp-content\/uploads\/2022\/09\/Peluche-Chopper-Kawai-1.png\" \/>\n\t<meta property=\"og:image:width\" content=\"500\" \/>\n\t<meta property=\"og:image:height\" content=\"500\" \/>\n\t<meta property=\"og:image:type\" content=\"image\/png\" \/>\n<meta name=\"twitter:card\" content=\"summary_large_image\" \/>\n<meta name=\"twitter:label1\" content=\"Est. reading time\" \/>\n\t<meta name=\"twitter:data1\" content=\"2 minutes\" \/>\n<script type=\"application\/ld+json\" class=\"yoast-schema-graph\">{\"@context\":\"https:\\\/\\\/schema.org\",\"@graph\":[{\"@type\":\"WebPage\",\"@id\":\"https:\\\/\\\/boutique-one-piece.com\\\/goodies-one-piece\\\/goodies-tony-tony-chopper-one-piece\\\/peluche-chopper-kawai\\\/\",\"url\":\"https:\\\/\\\/boutique-one-piece.com\\\/goodies-one-piece\\\/goodies-tony-tony-chopper-one-piece\\\/peluche-chopper-kawai\\\/\",\"name\":\"Peluche Chopper Kawai | Boutique One Piece\",\"isPartOf\":{\"@id\":\"https:\\\/\\\/boutique-one-piece.com\\\/#website\"},\"primaryImageOfPage\":{\"@id\":\"https:\\\/\\\/boutique-one-piece.com\\\/goodies-one-piece\\\/goodies-tony-tony-chopper-one-piece\\\/peluche-chopper-kawai\\\/#primaryimage\"},\"image\":{\"@id\":\"https:\\\/\\\/boutique-one-piece.com\\\/goodies-one-piece\\\/goodies-tony-tony-chopper-one-piece\\\/peluche-chopper-kawai\\\/#primaryimage\"},\"thumbnailUrl\":\"https:\\\/\\\/boutique-one-piece.com\\\/wp-content\\\/uploads\\\/2022\\\/09\\\/Peluche-Chopper-Kawai-1.png\",\"datePublished\":\"2022-09-27T20:14:12+00:00\",\"dateModified\":\"2026-03-26T21:31:45+00:00\",\"description\":\"D\u00e9couvrez la peluche One Piece Tony Chopper Kawai, elle est aussi douce que mignonne ! Commencez votre aventure de pirate \u00e0 la recherche du One Piece dans l'\u00e9quipage du Chapeau de Paille\",\"breadcrumb\":{\"@id\":\"https:\\\/\\\/boutique-one-piece.com\\\/goodies-one-piece\\\/goodies-tony-tony-chopper-one-piece\\\/peluche-chopper-kawai\\\/#breadcrumb\"},\"inLanguage\":\"en-US\",\"potentialAction\":[{\"@type\":\"ReadAction\",\"target\":[\"https:\\\/\\\/boutique-one-piece.com\\\/goodies-one-piece\\\/goodies-tony-tony-chopper-one-piece\\\/peluche-chopper-kawai\\\/\"]}]},{\"@type\":\"ImageObject\",\"inLanguage\":\"en-US\",\"@id\":\"https:\\\/\\\/boutique-one-piece.com\\\/goodies-one-piece\\\/goodies-tony-tony-chopper-one-piece\\\/peluche-chopper-kawai\\\/#primaryimage\",\"url\":\"https:\\\/\\\/boutique-one-piece.com\\\/wp-content\\\/uploads\\\/2022\\\/09\\\/Peluche-Chopper-Kawai-1.png\",\"contentUrl\":\"https:\\\/\\\/boutique-one-piece.com\\\/wp-content\\\/uploads\\\/2022\\\/09\\\/Peluche-Chopper-Kawai-1.png\",\"width\":500,\"height\":500},{\"@type\":\"BreadcrumbList\",\"@id\":\"https:\\\/\\\/boutique-one-piece.com\\\/goodies-one-piece\\\/goodies-tony-tony-chopper-one-piece\\\/peluche-chopper-kawai\\\/#breadcrumb\",\"itemListElement\":[{\"@type\":\"ListItem\",\"position\":1,\"name\":\"Home\",\"item\":\"https:\\\/\\\/boutique-one-piece.com\\\/\"},{\"@type\":\"ListItem\",\"position\":2,\"name\":\"Shop\",\"item\":\"https:\\\/\\\/boutique-one-piece.com\\\/shop\\\/\"},{\"@type\":\"ListItem\",\"position\":3,\"name\":\"Peluche Chopper Kawai\"}]},{\"@type\":\"WebSite\",\"@id\":\"https:\\\/\\\/boutique-one-piece.com\\\/#website\",\"url\":\"https:\\\/\\\/boutique-one-piece.com\\\/\",\"name\":\"Boutique One Piece\",\"description\":\"Magasin Sp\u00e9cialis\u00e9 du Manga et l&#039;Anime One Piece\",\"publisher\":{\"@id\":\"https:\\\/\\\/boutique-one-piece.com\\\/#organization\"},\"potentialAction\":[{\"@type\":\"SearchAction\",\"target\":{\"@type\":\"EntryPoint\",\"urlTemplate\":\"https:\\\/\\\/boutique-one-piece.com\\\/?s={search_term_string}\"},\"query-input\":{\"@type\":\"PropertyValueSpecification\",\"valueRequired\":true,\"valueName\":\"search_term_string\"}}],\"inLanguage\":\"en-US\"},{\"@type\":\"Organization\",\"@id\":\"https:\\\/\\\/boutique-one-piece.com\\\/#organization\",\"name\":\"Boutique One Piece\",\"url\":\"https:\\\/\\\/boutique-one-piece.com\\\/\",\"logo\":{\"@type\":\"ImageObject\",\"inLanguage\":\"en-US\",\"@id\":\"https:\\\/\\\/boutique-one-piece.com\\\/#\\\/schema\\\/logo\\\/image\\\/\",\"url\":\"https:\\\/\\\/boutique-one-piece.com\\\/wp-content\\\/uploads\\\/2022\\\/09\\\/Logo-01.png\",\"contentUrl\":\"https:\\\/\\\/boutique-one-piece.com\\\/wp-content\\\/uploads\\\/2022\\\/09\\\/Logo-01.png\",\"width\":2318,\"height\":957,\"caption\":\"Boutique One Piece\"},\"image\":{\"@id\":\"https:\\\/\\\/boutique-one-piece.com\\\/#\\\/schema\\\/logo\\\/image\\\/\"}}]}<\/script>\n<!-- \/ Yoast SEO plugin. -->","yoast_head_json":{"title":"Kawai Chopper Plush | One Piece Shop","description":"Discover the One Piece Tony Chopper Kawaii plush \u2013 it&#039;s as soft as it is cute! Start your pirate adventure in search of the One Piece with the Straw Hat crew","robots":{"index":"index","follow":"follow","max-snippet":"max-snippet:-1","max-image-preview":"max-image-preview:large","max-video-preview":"max-video-preview:-1"},"canonical":"https:\/\/boutique-one-piece.com\/en\/one-piece-goodies\/tony-goodies-tony-chopper-one-piece\/kawaii-chopper-plush\/","og_locale":"en_US","og_type":"article","og_title":"Peluche Chopper Kawai | Boutique One Piece","og_description":"D\u00e9couvrez la peluche One Piece Tony Chopper Kawai, elle est aussi douce que mignonne ! Commencez votre aventure de pirate \u00e0 la recherche du One Piece dans l'\u00e9quipage du Chapeau de Paille","og_url":"https:\/\/boutique-one-piece.com\/en\/one-piece-goodies\/tony-goodies-tony-chopper-one-piece\/kawaii-chopper-plush\/","og_site_name":"Boutique One Piece","article_modified_time":"2026-03-26T21:31:45+00:00","og_image":[{"width":500,"height":500,"url":"https:\/\/boutique-one-piece.com\/wp-content\/uploads\/2022\/09\/Peluche-Chopper-Kawai-1.png","type":"image\/png"}],"twitter_card":"summary_large_image","twitter_misc":{"Est. reading time":"2 minutes"},"schema":{"@context":"https:\/\/schema.org","@graph":[{"@type":"WebPage","@id":"https:\/\/boutique-one-piece.com\/goodies-one-piece\/goodies-tony-tony-chopper-one-piece\/peluche-chopper-kawai\/","url":"https:\/\/boutique-one-piece.com\/goodies-one-piece\/goodies-tony-tony-chopper-one-piece\/peluche-chopper-kawai\/","name":"Kawai Chopper Plush | One Piece Shop","isPartOf":{"@id":"https:\/\/boutique-one-piece.com\/#website"},"primaryImageOfPage":{"@id":"https:\/\/boutique-one-piece.com\/goodies-one-piece\/goodies-tony-tony-chopper-one-piece\/peluche-chopper-kawai\/#primaryimage"},"image":{"@id":"https:\/\/boutique-one-piece.com\/goodies-one-piece\/goodies-tony-tony-chopper-one-piece\/peluche-chopper-kawai\/#primaryimage"},"thumbnailUrl":"https:\/\/boutique-one-piece.com\/wp-content\/uploads\/2022\/09\/Peluche-Chopper-Kawai-1.png","datePublished":"2022-09-27T20:14:12+00:00","dateModified":"2026-03-26T21:31:45+00:00","description":"Discover the One Piece Tony Chopper Kawaii plush \u2013 it&#039;s as soft as it is cute! Start your pirate adventure in search of the One Piece with the Straw Hat crew","breadcrumb":{"@id":"https:\/\/boutique-one-piece.com\/goodies-one-piece\/goodies-tony-tony-chopper-one-piece\/peluche-chopper-kawai\/#breadcrumb"},"inLanguage":"en-US","potentialAction":[{"@type":"ReadAction","target":["https:\/\/boutique-one-piece.com\/goodies-one-piece\/goodies-tony-tony-chopper-one-piece\/peluche-chopper-kawai\/"]}]},{"@type":"ImageObject","inLanguage":"en-US","@id":"https:\/\/boutique-one-piece.com\/goodies-one-piece\/goodies-tony-tony-chopper-one-piece\/peluche-chopper-kawai\/#primaryimage","url":"https:\/\/boutique-one-piece.com\/wp-content\/uploads\/2022\/09\/Peluche-Chopper-Kawai-1.png","contentUrl":"https:\/\/boutique-one-piece.com\/wp-content\/uploads\/2022\/09\/Peluche-Chopper-Kawai-1.png","width":500,"height":500},{"@type":"BreadcrumbList","@id":"https:\/\/boutique-one-piece.com\/goodies-one-piece\/goodies-tony-tony-chopper-one-piece\/peluche-chopper-kawai\/#breadcrumb","itemListElement":[{"@type":"ListItem","position":1,"name":"Home","item":"https:\/\/boutique-one-piece.com\/"},{"@type":"ListItem","position":2,"name":"Shop","item":"https:\/\/boutique-one-piece.com\/shop\/"},{"@type":"ListItem","position":3,"name":"Peluche Chopper Kawai"}]},{"@type":"WebSite","@id":"https:\/\/boutique-one-piece.com\/#website","url":"https:\/\/boutique-one-piece.com\/","name":"One Piece Shop","description":"Specialty store for One Piece Manga and Anime","publisher":{"@id":"https:\/\/boutique-one-piece.com\/#organization"},"potentialAction":[{"@type":"SearchAction","target":{"@type":"EntryPoint","urlTemplate":"https:\/\/boutique-one-piece.com\/?s={search_term_string}"},"query-input":{"@type":"PropertyValueSpecification","valueRequired":true,"valueName":"search_term_string"}}],"inLanguage":"en-US"},{"@type":"Organization","@id":"https:\/\/boutique-one-piece.com\/#organization","name":"One Piece Shop","url":"https:\/\/boutique-one-piece.com\/","logo":{"@type":"ImageObject","inLanguage":"en-US","@id":"https:\/\/boutique-one-piece.com\/#\/schema\/logo\/image\/","url":"https:\/\/boutique-one-piece.com\/wp-content\/uploads\/2022\/09\/Logo-01.png","contentUrl":"https:\/\/boutique-one-piece.com\/wp-content\/uploads\/2022\/09\/Logo-01.png","width":2318,"height":957,"caption":"Boutique One Piece"},"image":{"@id":"https:\/\/boutique-one-piece.com\/#\/schema\/logo\/image\/"}}]}},"_links":{"self":[{"href":"https:\/\/boutique-one-piece.com\/en\/wp-json\/wp\/v2\/product\/8638","targetHints":{"allow":["GET"]}}],"collection":[{"href":"https:\/\/boutique-one-piece.com\/en\/wp-json\/wp\/v2\/product"}],"about":[{"href":"https:\/\/boutique-one-piece.com\/en\/wp-json\/wp\/v2\/types\/product"}],"replies":[{"embeddable":true,"href":"https:\/\/boutique-one-piece.com\/en\/wp-json\/wp\/v2\/comments?post=8638"}],"wp:featuredmedia":[{"embeddable":true,"href":"https:\/\/boutique-one-piece.com\/en\/wp-json\/wp\/v2\/media\/8640"}],"wp:attachment":[{"href":"https:\/\/boutique-one-piece.com\/en\/wp-json\/wp\/v2\/media?parent=8638"}],"wp:term":[{"taxonomy":"product_brand","embeddable":true,"href":"https:\/\/boutique-one-piece.com\/en\/wp-json\/wp\/v2\/product_brand?post=8638"},{"taxonomy":"product_cat","embeddable":true,"href":"https:\/\/boutique-one-piece.com\/en\/wp-json\/wp\/v2\/product_cat?post=8638"},{"taxonomy":"product_tag","embeddable":true,"href":"https:\/\/boutique-one-piece.com\/en\/wp-json\/wp\/v2\/product_tag?post=8638"}],"curies":[{"name":"wp","href":"https:\/\/api.w.org\/{rel}","templated":true}]}}