{"id":8684,"date":"2022-09-27T20:14:22","date_gmt":"2022-09-27T20:14:22","guid":{"rendered":"https:\/\/boutique-one-piece.com\/uncategorized\/peluche-trafalgar-law\/"},"modified":"2025-06-10T03:37:09","modified_gmt":"2025-06-10T03:37:09","slug":"trafalgar-law-plush-toy","status":"publish","type":"product","link":"https:\/\/boutique-one-piece.com\/en\/one-piece-plush-toys\/trafalgar-law-plush-toy\/","title":{"rendered":"Trafalgar Law Plush Toy"},"content":{"rendered":"<h2>Jeune pirate, pars \u00e0 la rencontre du Capitaine de l\u2019\u00c9quipage du Heart. Pour ce faire, procure-toi sans plus attendre cette Peluche Trafalgar Law.<\/h2>\n<p><strong>Trafalgar Law<\/strong>, whose real name is Trafalgar D. Water Law, is the <strong>Capitaine et Docteur de L\u2019\u00c9quipage du Heart<\/strong>, un \u00e9quipage pirate constitu\u00e9 surtout de docteurs. Il vient de la Ville Blanche, une \u00eele de North Blue. Il fait partie d\u2019un groupe de onze pirates qu\u2019on surnomme les Onze Supernovae sur L\u2019Archipel Sabaody, des pirates de renom dont la prime d\u00e9passe 100 000 000 Berry.<\/p>\n<p>Tu dois \u00e9galement savoir qu\u2019il est l\u2019un des alli\u00e9s centraux des Pirates du Chapeau de Paille pendant les Sagas Dressrosa et Quatres Empereurs. Il agit \u00e9galement en tant qu\u2019alli\u00e9 de Luffy pendant le film One Piece: Stampede. D\u2019ailleurs, la <a title=\"LUFFY PLUSH\" href=\"https:\/\/boutique-one-piece.com\/en\/luffy-plush\/\" target=\"_blank\" rel=\"noopener\">Luffy plush toy<\/a> is within your reach, it comes at the perfect time if you want to expand your plush toy collection.<\/p>\n<h3>Embarque le temps d\u2019un instant \u00e0 bord de l\u2019\u00e9quipage de Heart. Le Capitaine Trafalgar Law t\u2019attend \u00e0 bord de son navire. N\u2019h\u00e9site plus et procure-toi la peluche \u00e0 son effigie. Tu vivras des aventures tr\u00e9pidantes \u00e0 ses c\u00f4t\u00e9s.<\/h3>\n<p>Young pirate, take your destiny into your own hands. Be honest. <strong>l\u2019univers fantastique de Luffy<\/strong>. These legendary items will transport you back to this world where pirates rule. Whether you&#039;re a seasoned collector or a lifelong fan, you&#039;ve come to the right place; these items will enhance your collection. <strong>your One Piece universe<\/strong>.<\/p>\n<h2>Information about the One Piece Law Plush:<\/h2>\n<ul>\n<li>\u00a0<b>Product Type<\/b><span>\u00a0<\/span>One Piece manga plush toy<\/li>\n<\/ul>\n<ul>\n<li>\n<b>Use of the Peluce<\/b>\u00a0Toys, decorations, collectibles, gifts<\/li>\n<\/ul>\n<ul>\n<li>\n<b>Character Name<\/b>\u00a0Trafalgar Law<\/li>\n<\/ul>\n<ul>\n<li>\n<b>Plush toy size<\/b>\u00a0: 25 centimeters<\/li>\n<\/ul>\n<ul>\n<li>\n<b>Matter<\/b>\u00a0: Cotton<\/li>\n<\/ul>\n<ul>\n<li>\n<b>Recommended Age<\/b>\u00a0: more than 3 years<\/li>\n<\/ul>\n<ul>\n<li>\n<b>Free Delivery<\/b> for any purchase<\/li>\n<\/ul>","protected":false},"excerpt":{"rendered":"<p>Jeune pirate, pars \u00e0 la rencontre du Capitaine de l\u2019\u00c9quipage du Heart. Pour ce faire, procure-toi sans plus attendre cette Peluche Trafalgar Law. Trafalgar Law, de son vrai nom Trafalgar D. Water Law, est le Capitaine et Docteur de L\u2019\u00c9quipage du Heart, un \u00e9quipage pirate constitu\u00e9 surtout de docteurs. Il vient de la Ville Blanche, [&hellip;]<\/p>","protected":false},"featured_media":8686,"comment_status":"open","ping_status":"open","template":"","meta":[],"product_brand":[],"product_cat":[177],"product_tag":[202],"class_list":{"0":"post-8684","1":"product","2":"type-product","3":"status-publish","4":"has-post-thumbnail","6":"product_cat-peluches-one-piece","7":"product_tag-law","9":"first","10":"instock","11":"purchasable","12":"product-type-simple"},"yoast_head":"<!-- This site is optimized with the Yoast SEO plugin v27.5 - https:\/\/yoast.com\/product\/yoast-seo-wordpress\/ -->\n<title>Peluche Trafalgar Law | Boutique One Piece<\/title>\n<meta name=\"description\" content=\"D\u00e9couvrez la peluche One Piece Trafalgar Law, elle est aussi douce que mignonne ! Commencez votre aventure de pirate \u00e0 la recherche du One Piece dans l&#039;\u00e9quipage du Chapeau de Paille\" \/>\n<meta name=\"robots\" content=\"index, follow, max-snippet:-1, max-image-preview:large, max-video-preview:-1\" \/>\n<link rel=\"canonical\" href=\"https:\/\/boutique-one-piece.com\/en\/one-piece-plush-toys\/trafalgar-law-plush-toy\/\" \/>\n<meta property=\"og:locale\" content=\"en_US\" \/>\n<meta property=\"og:type\" content=\"article\" \/>\n<meta property=\"og:title\" content=\"Peluche Trafalgar Law | Boutique One Piece\" \/>\n<meta property=\"og:description\" content=\"D\u00e9couvrez la peluche One Piece Trafalgar Law, elle est aussi douce que mignonne ! Commencez votre aventure de pirate \u00e0 la recherche du One Piece dans l&#039;\u00e9quipage du Chapeau de Paille\" \/>\n<meta property=\"og:url\" content=\"https:\/\/boutique-one-piece.com\/en\/one-piece-plush-toys\/trafalgar-law-plush-toy\/\" \/>\n<meta property=\"og:site_name\" content=\"Boutique One Piece\" \/>\n<meta property=\"article:modified_time\" content=\"2025-06-10T03:37:09+00:00\" \/>\n<meta property=\"og:image\" content=\"https:\/\/boutique-one-piece.com\/wp-content\/uploads\/2022\/09\/Peluche-Trafalgar-Law-1.png\" \/>\n\t<meta property=\"og:image:width\" content=\"500\" \/>\n\t<meta property=\"og:image:height\" content=\"500\" \/>\n\t<meta property=\"og:image:type\" content=\"image\/png\" \/>\n<meta name=\"twitter:card\" content=\"summary_large_image\" \/>\n<meta name=\"twitter:label1\" content=\"Est. reading time\" \/>\n\t<meta name=\"twitter:data1\" content=\"1 minute\" \/>\n<script type=\"application\/ld+json\" class=\"yoast-schema-graph\">{\"@context\":\"https:\\\/\\\/schema.org\",\"@graph\":[{\"@type\":\"WebPage\",\"@id\":\"https:\\\/\\\/boutique-one-piece.com\\\/peluches-one-piece\\\/peluche-trafalgar-law\\\/\",\"url\":\"https:\\\/\\\/boutique-one-piece.com\\\/peluches-one-piece\\\/peluche-trafalgar-law\\\/\",\"name\":\"Peluche Trafalgar Law | Boutique One Piece\",\"isPartOf\":{\"@id\":\"https:\\\/\\\/boutique-one-piece.com\\\/#website\"},\"primaryImageOfPage\":{\"@id\":\"https:\\\/\\\/boutique-one-piece.com\\\/peluches-one-piece\\\/peluche-trafalgar-law\\\/#primaryimage\"},\"image\":{\"@id\":\"https:\\\/\\\/boutique-one-piece.com\\\/peluches-one-piece\\\/peluche-trafalgar-law\\\/#primaryimage\"},\"thumbnailUrl\":\"https:\\\/\\\/boutique-one-piece.com\\\/wp-content\\\/uploads\\\/2022\\\/09\\\/Peluche-Trafalgar-Law-1.png\",\"datePublished\":\"2022-09-27T20:14:22+00:00\",\"dateModified\":\"2025-06-10T03:37:09+00:00\",\"description\":\"D\u00e9couvrez la peluche One Piece Trafalgar Law, elle est aussi douce que mignonne ! Commencez votre aventure de pirate \u00e0 la recherche du One Piece dans l'\u00e9quipage du Chapeau de Paille\",\"breadcrumb\":{\"@id\":\"https:\\\/\\\/boutique-one-piece.com\\\/peluches-one-piece\\\/peluche-trafalgar-law\\\/#breadcrumb\"},\"inLanguage\":\"en-US\",\"potentialAction\":[{\"@type\":\"ReadAction\",\"target\":[\"https:\\\/\\\/boutique-one-piece.com\\\/peluches-one-piece\\\/peluche-trafalgar-law\\\/\"]}]},{\"@type\":\"ImageObject\",\"inLanguage\":\"en-US\",\"@id\":\"https:\\\/\\\/boutique-one-piece.com\\\/peluches-one-piece\\\/peluche-trafalgar-law\\\/#primaryimage\",\"url\":\"https:\\\/\\\/boutique-one-piece.com\\\/wp-content\\\/uploads\\\/2022\\\/09\\\/Peluche-Trafalgar-Law-1.png\",\"contentUrl\":\"https:\\\/\\\/boutique-one-piece.com\\\/wp-content\\\/uploads\\\/2022\\\/09\\\/Peluche-Trafalgar-Law-1.png\",\"width\":500,\"height\":500},{\"@type\":\"BreadcrumbList\",\"@id\":\"https:\\\/\\\/boutique-one-piece.com\\\/peluches-one-piece\\\/peluche-trafalgar-law\\\/#breadcrumb\",\"itemListElement\":[{\"@type\":\"ListItem\",\"position\":1,\"name\":\"Home\",\"item\":\"https:\\\/\\\/boutique-one-piece.com\\\/\"},{\"@type\":\"ListItem\",\"position\":2,\"name\":\"Shop\",\"item\":\"https:\\\/\\\/boutique-one-piece.com\\\/shop\\\/\"},{\"@type\":\"ListItem\",\"position\":3,\"name\":\"Peluche Trafalgar Law\"}]},{\"@type\":\"WebSite\",\"@id\":\"https:\\\/\\\/boutique-one-piece.com\\\/#website\",\"url\":\"https:\\\/\\\/boutique-one-piece.com\\\/\",\"name\":\"Boutique One Piece\",\"description\":\"Magasin Sp\u00e9cialis\u00e9 du Manga et l&#039;Anime One Piece\",\"publisher\":{\"@id\":\"https:\\\/\\\/boutique-one-piece.com\\\/#organization\"},\"potentialAction\":[{\"@type\":\"SearchAction\",\"target\":{\"@type\":\"EntryPoint\",\"urlTemplate\":\"https:\\\/\\\/boutique-one-piece.com\\\/?s={search_term_string}\"},\"query-input\":{\"@type\":\"PropertyValueSpecification\",\"valueRequired\":true,\"valueName\":\"search_term_string\"}}],\"inLanguage\":\"en-US\"},{\"@type\":\"Organization\",\"@id\":\"https:\\\/\\\/boutique-one-piece.com\\\/#organization\",\"name\":\"Boutique One Piece\",\"url\":\"https:\\\/\\\/boutique-one-piece.com\\\/\",\"logo\":{\"@type\":\"ImageObject\",\"inLanguage\":\"en-US\",\"@id\":\"https:\\\/\\\/boutique-one-piece.com\\\/#\\\/schema\\\/logo\\\/image\\\/\",\"url\":\"https:\\\/\\\/boutique-one-piece.com\\\/wp-content\\\/uploads\\\/2022\\\/09\\\/Logo-01.png\",\"contentUrl\":\"https:\\\/\\\/boutique-one-piece.com\\\/wp-content\\\/uploads\\\/2022\\\/09\\\/Logo-01.png\",\"width\":2318,\"height\":957,\"caption\":\"Boutique One Piece\"},\"image\":{\"@id\":\"https:\\\/\\\/boutique-one-piece.com\\\/#\\\/schema\\\/logo\\\/image\\\/\"}}]}<\/script>\n<!-- \/ Yoast SEO plugin. -->","yoast_head_json":{"title":"Trafalgar Law Plush | One Piece Shop","description":"Discover the One Piece Trafalgar Law plush \u2013 it&#039;s as soft as it is cute! Begin your pirate adventure in search of the One Piece with the Straw Hat crew","robots":{"index":"index","follow":"follow","max-snippet":"max-snippet:-1","max-image-preview":"max-image-preview:large","max-video-preview":"max-video-preview:-1"},"canonical":"https:\/\/boutique-one-piece.com\/en\/one-piece-plush-toys\/trafalgar-law-plush-toy\/","og_locale":"en_US","og_type":"article","og_title":"Peluche Trafalgar Law | Boutique One Piece","og_description":"D\u00e9couvrez la peluche One Piece Trafalgar Law, elle est aussi douce que mignonne ! Commencez votre aventure de pirate \u00e0 la recherche du One Piece dans l'\u00e9quipage du Chapeau de Paille","og_url":"https:\/\/boutique-one-piece.com\/en\/one-piece-plush-toys\/trafalgar-law-plush-toy\/","og_site_name":"Boutique One Piece","article_modified_time":"2025-06-10T03:37:09+00:00","og_image":[{"width":500,"height":500,"url":"https:\/\/boutique-one-piece.com\/wp-content\/uploads\/2022\/09\/Peluche-Trafalgar-Law-1.png","type":"image\/png"}],"twitter_card":"summary_large_image","twitter_misc":{"Est. reading time":"1 minute"},"schema":{"@context":"https:\/\/schema.org","@graph":[{"@type":"WebPage","@id":"https:\/\/boutique-one-piece.com\/peluches-one-piece\/peluche-trafalgar-law\/","url":"https:\/\/boutique-one-piece.com\/peluches-one-piece\/peluche-trafalgar-law\/","name":"Trafalgar Law Plush | One Piece Shop","isPartOf":{"@id":"https:\/\/boutique-one-piece.com\/#website"},"primaryImageOfPage":{"@id":"https:\/\/boutique-one-piece.com\/peluches-one-piece\/peluche-trafalgar-law\/#primaryimage"},"image":{"@id":"https:\/\/boutique-one-piece.com\/peluches-one-piece\/peluche-trafalgar-law\/#primaryimage"},"thumbnailUrl":"https:\/\/boutique-one-piece.com\/wp-content\/uploads\/2022\/09\/Peluche-Trafalgar-Law-1.png","datePublished":"2022-09-27T20:14:22+00:00","dateModified":"2025-06-10T03:37:09+00:00","description":"Discover the One Piece Trafalgar Law plush \u2013 it&#039;s as soft as it is cute! Begin your pirate adventure in search of the One Piece with the Straw Hat crew","breadcrumb":{"@id":"https:\/\/boutique-one-piece.com\/peluches-one-piece\/peluche-trafalgar-law\/#breadcrumb"},"inLanguage":"en-US","potentialAction":[{"@type":"ReadAction","target":["https:\/\/boutique-one-piece.com\/peluches-one-piece\/peluche-trafalgar-law\/"]}]},{"@type":"ImageObject","inLanguage":"en-US","@id":"https:\/\/boutique-one-piece.com\/peluches-one-piece\/peluche-trafalgar-law\/#primaryimage","url":"https:\/\/boutique-one-piece.com\/wp-content\/uploads\/2022\/09\/Peluche-Trafalgar-Law-1.png","contentUrl":"https:\/\/boutique-one-piece.com\/wp-content\/uploads\/2022\/09\/Peluche-Trafalgar-Law-1.png","width":500,"height":500},{"@type":"BreadcrumbList","@id":"https:\/\/boutique-one-piece.com\/peluches-one-piece\/peluche-trafalgar-law\/#breadcrumb","itemListElement":[{"@type":"ListItem","position":1,"name":"Home","item":"https:\/\/boutique-one-piece.com\/"},{"@type":"ListItem","position":2,"name":"Shop","item":"https:\/\/boutique-one-piece.com\/shop\/"},{"@type":"ListItem","position":3,"name":"Peluche Trafalgar Law"}]},{"@type":"WebSite","@id":"https:\/\/boutique-one-piece.com\/#website","url":"https:\/\/boutique-one-piece.com\/","name":"One Piece Shop","description":"Specialty store for One Piece Manga and Anime","publisher":{"@id":"https:\/\/boutique-one-piece.com\/#organization"},"potentialAction":[{"@type":"SearchAction","target":{"@type":"EntryPoint","urlTemplate":"https:\/\/boutique-one-piece.com\/?s={search_term_string}"},"query-input":{"@type":"PropertyValueSpecification","valueRequired":true,"valueName":"search_term_string"}}],"inLanguage":"en-US"},{"@type":"Organization","@id":"https:\/\/boutique-one-piece.com\/#organization","name":"One Piece Shop","url":"https:\/\/boutique-one-piece.com\/","logo":{"@type":"ImageObject","inLanguage":"en-US","@id":"https:\/\/boutique-one-piece.com\/#\/schema\/logo\/image\/","url":"https:\/\/boutique-one-piece.com\/wp-content\/uploads\/2022\/09\/Logo-01.png","contentUrl":"https:\/\/boutique-one-piece.com\/wp-content\/uploads\/2022\/09\/Logo-01.png","width":2318,"height":957,"caption":"Boutique One Piece"},"image":{"@id":"https:\/\/boutique-one-piece.com\/#\/schema\/logo\/image\/"}}]}},"_links":{"self":[{"href":"https:\/\/boutique-one-piece.com\/en\/wp-json\/wp\/v2\/product\/8684","targetHints":{"allow":["GET"]}}],"collection":[{"href":"https:\/\/boutique-one-piece.com\/en\/wp-json\/wp\/v2\/product"}],"about":[{"href":"https:\/\/boutique-one-piece.com\/en\/wp-json\/wp\/v2\/types\/product"}],"replies":[{"embeddable":true,"href":"https:\/\/boutique-one-piece.com\/en\/wp-json\/wp\/v2\/comments?post=8684"}],"wp:featuredmedia":[{"embeddable":true,"href":"https:\/\/boutique-one-piece.com\/en\/wp-json\/wp\/v2\/media\/8686"}],"wp:attachment":[{"href":"https:\/\/boutique-one-piece.com\/en\/wp-json\/wp\/v2\/media?parent=8684"}],"wp:term":[{"taxonomy":"product_brand","embeddable":true,"href":"https:\/\/boutique-one-piece.com\/en\/wp-json\/wp\/v2\/product_brand?post=8684"},{"taxonomy":"product_cat","embeddable":true,"href":"https:\/\/boutique-one-piece.com\/en\/wp-json\/wp\/v2\/product_cat?post=8684"},{"taxonomy":"product_tag","embeddable":true,"href":"https:\/\/boutique-one-piece.com\/en\/wp-json\/wp\/v2\/product_tag?post=8684"}],"curies":[{"name":"wp","href":"https:\/\/api.w.org\/{rel}","templated":true}]}}