{"id":8785,"date":"2022-09-27T20:15:13","date_gmt":"2022-09-27T20:15:13","guid":{"rendered":"https:\/\/boutique-one-piece.com\/uncategorized\/short-de-bain-one-piece-ace-et-luffy\/"},"modified":"2024-09-16T11:27:25","modified_gmt":"2024-09-16T11:27:25","slug":"one-piece-ace-and-luffy-swim-shorts","status":"publish","type":"product","link":"https:\/\/boutique-one-piece.com\/en\/one-piece-clothes\/one-piece-swim-shorts\/one-piece-ace-and-luffy-swim-shorts\/","title":{"rendered":"One Piece Ace and Luffy Swim Shorts"},"content":{"rendered":"<h2>Excellent quality for a pirate like you!<\/h2>\n<p>If you are a\u00a0<strong>real pirate<\/strong>, you will be<span>\u00a0<\/span>appreciate the\u00a0<strong>quality of materials,<\/strong>\u00a0of the\u00a0<strong>design\u00a0<\/strong>and<strong>\u00a0l\u2019impression 3D<\/strong>\u00a0of this\u00a0<strong>One Piece swim shorts<\/strong>\u00a0But most importantly, with these shorts you&#039;ll be part of\u00a0<strong>l\u2019\u00e9quipage\u00a0des fans<\/strong>\u00a0of\u00a0<strong>pirate manga<\/strong>\u00a0and you will obtain:<\/p>\n<ul>\n<li>\u00a0<strong>L\u2019admiration<\/strong>\u00a0of all the fans of\u00a0<strong>mugiwara<\/strong>\u00a0that you will meet<\/li>\n<\/ul>\n<ul>\n<li>A real\u00a0<strong>printed swim shorts<\/strong>\u00a0with which you can swim on\u00a0<strong>Grand Line<\/strong>, mais attention il est d\u00e9conseill\u00e9 d\u2019aller\u00a0dans la mer si\u00a0tu as mang\u00e9 un\u00a0<strong>devil fruit<\/strong>\n<\/li>\n<\/ul>\n<p>So, ready to put on the\u00a0<strong>colors of the two brothers<\/strong>\u00a0?<\/p>\n<h2>Es-tu un fan du manga ou de l\u2019anim\u00e9 One Piece ? Montre le avec ce Short de Bain !<\/h2>\n<p>If you\u00a0<strong>read<\/strong>\u00a0or wherever you look\u00a0<strong>l\u2019anim\u00e9 japonnais<\/strong>, There&#039;s a good chance you&#039;ve become\u00a0<strong>crazy about One Piece<\/strong>\u00a0With this!\u00a0<strong>swim shorts<\/strong>\u00a0<strong>Ace and Luffy<\/strong>, rejoins\u00a0l\u2019<strong>crew of fans of the franchise<\/strong><\/p>\n<p>This\u00a0<strong>black swim shorts<\/strong>\u00a0is available in sizes\u00a0<strong>XXS, XS, S, M, L, XL<\/strong>, il conviendra \u00e0 toutes les\u00a0cat\u00e9gories\u00a0de pirates, m\u00eame si tu n\u2019as pas\u00a0<strong>d\u2019\u00e9p\u00e9e<\/strong>\u00a0or\u00a0<strong>devil fruit<\/strong>\u00a0you can still wear it\u00a0<\/p>\n<p><strong>Porgas D. Ace<\/strong>\u00a0And\u00a0<strong>Monkey D. Luffy<\/strong>, born to two fathers with\u00a0<strong>legendary names<\/strong>. Ace is the son of\u00a0<strong>Gol D. Roger<\/strong>\u00a0THE\u00a0<strong>King of the Pirates<\/strong>\u00a0and Luffy is the son of\u00a0<strong>Monkey D. Dragon<\/strong>\u00a0Head of\u00a0<strong>l\u2019Arm\u00e9e R\u00e9volutionnaire<\/strong>\u00a0And\u00a0<strong>l\u2019homme le plus recherch\u00e9<\/strong>\u00a0of\u00a0<strong>l\u2019univers One Piece<\/strong><\/p>\n<h2>Information about the Shorts:\u00a0<\/h2>\n<ul>\n<li>\n<strong>High-quality one-piece swim shorts\u00a0<\/strong>: has a high grammage<\/li>\n<\/ul>\n<ul style=\"font-weight: 400;\">\n<li>\n<strong>Very comfortable\u00a0<\/strong>: avec ces fibres de\u00a0polyester\u00a0super doux, il n\u2019y a pas\u00a0de frottements<\/li>\n<\/ul>\n<ul style=\"font-weight: 400;\">\n<li>\n<strong>Canvas Print<\/strong>\u00a0: 3D digital, original design<\/li>\n<\/ul>\n<ul style=\"font-weight: 400;\">\n<li>\n<strong>Polyester\u00a0<\/strong>High-quality polyester for quick drying<\/li>\n<\/ul>\n<ul style=\"font-weight: 400;\">\n<li>\n<strong>Free Delivery\u00a0<\/strong>for any purchase<strong>\u00a0<\/strong>\n<\/li>\n<\/ul>\n<h3>N\u2019oublie pas de jeter\u00a0un oeil au guide des tailles ci-dessous.<\/h3>\n<h2><img decoding=\"async\" alt=\"size guide table baim one piece shorts xxs, xs, s, m, l, xl\" src=\"\/\/cdn.shopify.com\/s\/files\/1\/0087\/7556\/5348\/files\/boutque_one__piece_tableau_taille_short_de_bain_large.jpg?v=1560446518\" style=\"font-size: 15px; float: none;\"><\/h2>\n<h3>Washing Instructions:<\/h3>\n<ul>\n<li>Machine wash at 30\u00b0C, delicate cycle<\/li>\n<\/ul>\n<ul>\n<li>Iron on the reverse side<\/li>\n<\/ul>\n<p>For <strong>preserve the quality<\/strong> of this\u00a0<strong>One Piece Swim Shorts<\/strong>, We recommend that you <strong>respect<\/strong> THE <strong>washing instructions<\/strong>.<\/p>","protected":false},"excerpt":{"rendered":"<p>Une super qualit\u00e9 pour un pirate comme\u00a0toi\u00a0! Si tu es un\u00a0v\u00e9ritable pirate, tu seras\u00a0appr\u00e9cier la\u00a0qualit\u00e9 des mat\u00e9riaux,\u00a0de la\u00a0conception\u00a0et de\u00a0l\u2019impression 3D\u00a0de ce\u00a0short de bain One Piece\u00a0!\u00a0Mais le plus important, avec ce short tu\u00a0feras partie de\u00a0l\u2019\u00e9quipage\u00a0des fans\u00a0du\u00a0manga de pirates\u00a0et tu obtiendras\u00a0: \u00a0L\u2019admiration\u00a0de tous les fans des\u00a0mugiwara\u00a0que tu rencontreras Un v\u00e9ritable\u00a0short de bain imprim\u00e9\u00a0avec lequel tu pourras nager\u00a0sur\u00a0Grand [&hellip;]<\/p>","protected":false},"featured_media":8787,"comment_status":"open","ping_status":"open","template":"","meta":[],"product_brand":[],"product_cat":[66],"product_tag":[176,92],"class_list":{"0":"post-8785","1":"product","2":"type-product","3":"status-publish","4":"has-post-thumbnail","6":"product_cat-shorts-de-bain-one-piece","7":"product_tag-ace","8":"product_tag-luffy","10":"first","11":"instock","12":"purchasable","13":"product-type-variable","14":"has-default-attributes"},"yoast_head":"<!-- This site is optimized with the Yoast SEO plugin v27.5 - https:\/\/yoast.com\/product\/yoast-seo-wordpress\/ -->\n<title>Short de Bain Ace et Luffy | Boutique One Piece<\/title>\n<meta name=\"description\" content=\"Maillot de Bain du Manga One Piece de Haute Qualit\u00e9 avec ace et luffy le Short de Bain Noir parfait pour Tous les Pirates qui vont \u00e0 la Mer ou \u00e0 la Piscine\" \/>\n<meta name=\"robots\" content=\"index, follow, max-snippet:-1, max-image-preview:large, max-video-preview:-1\" \/>\n<link rel=\"canonical\" href=\"https:\/\/boutique-one-piece.com\/en\/one-piece-clothes\/one-piece-swim-shorts\/one-piece-ace-and-luffy-swim-shorts\/\" \/>\n<meta property=\"og:locale\" content=\"en_US\" \/>\n<meta property=\"og:type\" content=\"article\" \/>\n<meta property=\"og:title\" content=\"Short de Bain Ace et Luffy | Boutique One Piece\" \/>\n<meta property=\"og:description\" content=\"Maillot de Bain du Manga One Piece de Haute Qualit\u00e9 avec ace et luffy le Short de Bain Noir parfait pour Tous les Pirates qui vont \u00e0 la Mer ou \u00e0 la Piscine\" \/>\n<meta property=\"og:url\" content=\"https:\/\/boutique-one-piece.com\/en\/one-piece-clothes\/one-piece-swim-shorts\/one-piece-ace-and-luffy-swim-shorts\/\" \/>\n<meta property=\"og:site_name\" content=\"Boutique One Piece\" \/>\n<meta property=\"article:modified_time\" content=\"2024-09-16T11:27:25+00:00\" \/>\n<meta property=\"og:image\" content=\"https:\/\/boutique-one-piece.com\/wp-content\/uploads\/2022\/09\/Short-de-Bain-One-Piece-Ace-et-Luffy.jpg\" \/>\n\t<meta property=\"og:image:width\" content=\"638\" \/>\n\t<meta property=\"og:image:height\" content=\"640\" \/>\n\t<meta property=\"og:image:type\" content=\"image\/jpeg\" \/>\n<meta name=\"twitter:card\" content=\"summary_large_image\" \/>\n<meta name=\"twitter:label1\" content=\"Est. reading time\" \/>\n\t<meta name=\"twitter:data1\" content=\"2 minutes\" \/>\n<script type=\"application\/ld+json\" class=\"yoast-schema-graph\">{\"@context\":\"https:\\\/\\\/schema.org\",\"@graph\":[{\"@type\":\"WebPage\",\"@id\":\"https:\\\/\\\/boutique-one-piece.com\\\/vetements-one-piece\\\/shorts-de-bain-one-piece\\\/short-de-bain-one-piece-ace-et-luffy\\\/\",\"url\":\"https:\\\/\\\/boutique-one-piece.com\\\/vetements-one-piece\\\/shorts-de-bain-one-piece\\\/short-de-bain-one-piece-ace-et-luffy\\\/\",\"name\":\"Short de Bain Ace et Luffy | Boutique One Piece\",\"isPartOf\":{\"@id\":\"https:\\\/\\\/boutique-one-piece.com\\\/#website\"},\"primaryImageOfPage\":{\"@id\":\"https:\\\/\\\/boutique-one-piece.com\\\/vetements-one-piece\\\/shorts-de-bain-one-piece\\\/short-de-bain-one-piece-ace-et-luffy\\\/#primaryimage\"},\"image\":{\"@id\":\"https:\\\/\\\/boutique-one-piece.com\\\/vetements-one-piece\\\/shorts-de-bain-one-piece\\\/short-de-bain-one-piece-ace-et-luffy\\\/#primaryimage\"},\"thumbnailUrl\":\"https:\\\/\\\/boutique-one-piece.com\\\/wp-content\\\/uploads\\\/2022\\\/09\\\/Short-de-Bain-One-Piece-Ace-et-Luffy.jpg\",\"datePublished\":\"2022-09-27T20:15:13+00:00\",\"dateModified\":\"2024-09-16T11:27:25+00:00\",\"description\":\"Maillot de Bain du Manga One Piece de Haute Qualit\u00e9 avec ace et luffy le Short de Bain Noir parfait pour Tous les Pirates qui vont \u00e0 la Mer ou \u00e0 la Piscine\",\"breadcrumb\":{\"@id\":\"https:\\\/\\\/boutique-one-piece.com\\\/vetements-one-piece\\\/shorts-de-bain-one-piece\\\/short-de-bain-one-piece-ace-et-luffy\\\/#breadcrumb\"},\"inLanguage\":\"en-US\",\"potentialAction\":[{\"@type\":\"ReadAction\",\"target\":[\"https:\\\/\\\/boutique-one-piece.com\\\/vetements-one-piece\\\/shorts-de-bain-one-piece\\\/short-de-bain-one-piece-ace-et-luffy\\\/\"]}]},{\"@type\":\"ImageObject\",\"inLanguage\":\"en-US\",\"@id\":\"https:\\\/\\\/boutique-one-piece.com\\\/vetements-one-piece\\\/shorts-de-bain-one-piece\\\/short-de-bain-one-piece-ace-et-luffy\\\/#primaryimage\",\"url\":\"https:\\\/\\\/boutique-one-piece.com\\\/wp-content\\\/uploads\\\/2022\\\/09\\\/Short-de-Bain-One-Piece-Ace-et-Luffy.jpg\",\"contentUrl\":\"https:\\\/\\\/boutique-one-piece.com\\\/wp-content\\\/uploads\\\/2022\\\/09\\\/Short-de-Bain-One-Piece-Ace-et-Luffy.jpg\",\"width\":638,\"height\":640,\"caption\":\"Short de Bain One Piece Ace et Luffy xl\"},{\"@type\":\"BreadcrumbList\",\"@id\":\"https:\\\/\\\/boutique-one-piece.com\\\/vetements-one-piece\\\/shorts-de-bain-one-piece\\\/short-de-bain-one-piece-ace-et-luffy\\\/#breadcrumb\",\"itemListElement\":[{\"@type\":\"ListItem\",\"position\":1,\"name\":\"Home\",\"item\":\"https:\\\/\\\/boutique-one-piece.com\\\/\"},{\"@type\":\"ListItem\",\"position\":2,\"name\":\"Shop\",\"item\":\"https:\\\/\\\/boutique-one-piece.com\\\/shop\\\/\"},{\"@type\":\"ListItem\",\"position\":3,\"name\":\"Short de Bain One Piece Ace et Luffy\"}]},{\"@type\":\"WebSite\",\"@id\":\"https:\\\/\\\/boutique-one-piece.com\\\/#website\",\"url\":\"https:\\\/\\\/boutique-one-piece.com\\\/\",\"name\":\"Boutique One Piece\",\"description\":\"Magasin Sp\u00e9cialis\u00e9 du Manga et l&#039;Anime One Piece\",\"publisher\":{\"@id\":\"https:\\\/\\\/boutique-one-piece.com\\\/#organization\"},\"potentialAction\":[{\"@type\":\"SearchAction\",\"target\":{\"@type\":\"EntryPoint\",\"urlTemplate\":\"https:\\\/\\\/boutique-one-piece.com\\\/?s={search_term_string}\"},\"query-input\":{\"@type\":\"PropertyValueSpecification\",\"valueRequired\":true,\"valueName\":\"search_term_string\"}}],\"inLanguage\":\"en-US\"},{\"@type\":\"Organization\",\"@id\":\"https:\\\/\\\/boutique-one-piece.com\\\/#organization\",\"name\":\"Boutique One Piece\",\"url\":\"https:\\\/\\\/boutique-one-piece.com\\\/\",\"logo\":{\"@type\":\"ImageObject\",\"inLanguage\":\"en-US\",\"@id\":\"https:\\\/\\\/boutique-one-piece.com\\\/#\\\/schema\\\/logo\\\/image\\\/\",\"url\":\"https:\\\/\\\/boutique-one-piece.com\\\/wp-content\\\/uploads\\\/2022\\\/09\\\/Logo-01.png\",\"contentUrl\":\"https:\\\/\\\/boutique-one-piece.com\\\/wp-content\\\/uploads\\\/2022\\\/09\\\/Logo-01.png\",\"width\":2318,\"height\":957,\"caption\":\"Boutique One Piece\"},\"image\":{\"@id\":\"https:\\\/\\\/boutique-one-piece.com\\\/#\\\/schema\\\/logo\\\/image\\\/\"}}]}<\/script>\n<!-- \/ Yoast SEO plugin. -->","yoast_head_json":{"title":"Ace and Luffy Swim Shorts | One Piece Shop","description":"High-quality One Piece manga swimsuit featuring Ace and Luffy. The black swim shorts are perfect for all pirates going to the sea or the pool.","robots":{"index":"index","follow":"follow","max-snippet":"max-snippet:-1","max-image-preview":"max-image-preview:large","max-video-preview":"max-video-preview:-1"},"canonical":"https:\/\/boutique-one-piece.com\/en\/one-piece-clothes\/one-piece-swim-shorts\/one-piece-ace-and-luffy-swim-shorts\/","og_locale":"en_US","og_type":"article","og_title":"Short de Bain Ace et Luffy | Boutique One Piece","og_description":"Maillot de Bain du Manga One Piece de Haute Qualit\u00e9 avec ace et luffy le Short de Bain Noir parfait pour Tous les Pirates qui vont \u00e0 la Mer ou \u00e0 la Piscine","og_url":"https:\/\/boutique-one-piece.com\/en\/one-piece-clothes\/one-piece-swim-shorts\/one-piece-ace-and-luffy-swim-shorts\/","og_site_name":"Boutique One Piece","article_modified_time":"2024-09-16T11:27:25+00:00","og_image":[{"width":638,"height":640,"url":"https:\/\/boutique-one-piece.com\/wp-content\/uploads\/2022\/09\/Short-de-Bain-One-Piece-Ace-et-Luffy.jpg","type":"image\/jpeg"}],"twitter_card":"summary_large_image","twitter_misc":{"Est. reading time":"2 minutes"},"schema":{"@context":"https:\/\/schema.org","@graph":[{"@type":"WebPage","@id":"https:\/\/boutique-one-piece.com\/vetements-one-piece\/shorts-de-bain-one-piece\/short-de-bain-one-piece-ace-et-luffy\/","url":"https:\/\/boutique-one-piece.com\/vetements-one-piece\/shorts-de-bain-one-piece\/short-de-bain-one-piece-ace-et-luffy\/","name":"Ace and Luffy Swim Shorts | One Piece Shop","isPartOf":{"@id":"https:\/\/boutique-one-piece.com\/#website"},"primaryImageOfPage":{"@id":"https:\/\/boutique-one-piece.com\/vetements-one-piece\/shorts-de-bain-one-piece\/short-de-bain-one-piece-ace-et-luffy\/#primaryimage"},"image":{"@id":"https:\/\/boutique-one-piece.com\/vetements-one-piece\/shorts-de-bain-one-piece\/short-de-bain-one-piece-ace-et-luffy\/#primaryimage"},"thumbnailUrl":"https:\/\/boutique-one-piece.com\/wp-content\/uploads\/2022\/09\/Short-de-Bain-One-Piece-Ace-et-Luffy.jpg","datePublished":"2022-09-27T20:15:13+00:00","dateModified":"2024-09-16T11:27:25+00:00","description":"High-quality One Piece manga swimsuit featuring Ace and Luffy. The black swim shorts are perfect for all pirates going to the sea or the pool.","breadcrumb":{"@id":"https:\/\/boutique-one-piece.com\/vetements-one-piece\/shorts-de-bain-one-piece\/short-de-bain-one-piece-ace-et-luffy\/#breadcrumb"},"inLanguage":"en-US","potentialAction":[{"@type":"ReadAction","target":["https:\/\/boutique-one-piece.com\/vetements-one-piece\/shorts-de-bain-one-piece\/short-de-bain-one-piece-ace-et-luffy\/"]}]},{"@type":"ImageObject","inLanguage":"en-US","@id":"https:\/\/boutique-one-piece.com\/vetements-one-piece\/shorts-de-bain-one-piece\/short-de-bain-one-piece-ace-et-luffy\/#primaryimage","url":"https:\/\/boutique-one-piece.com\/wp-content\/uploads\/2022\/09\/Short-de-Bain-One-Piece-Ace-et-Luffy.jpg","contentUrl":"https:\/\/boutique-one-piece.com\/wp-content\/uploads\/2022\/09\/Short-de-Bain-One-Piece-Ace-et-Luffy.jpg","width":638,"height":640,"caption":"Short de Bain One Piece Ace et Luffy xl"},{"@type":"BreadcrumbList","@id":"https:\/\/boutique-one-piece.com\/vetements-one-piece\/shorts-de-bain-one-piece\/short-de-bain-one-piece-ace-et-luffy\/#breadcrumb","itemListElement":[{"@type":"ListItem","position":1,"name":"Home","item":"https:\/\/boutique-one-piece.com\/"},{"@type":"ListItem","position":2,"name":"Shop","item":"https:\/\/boutique-one-piece.com\/shop\/"},{"@type":"ListItem","position":3,"name":"Short de Bain One Piece Ace et Luffy"}]},{"@type":"WebSite","@id":"https:\/\/boutique-one-piece.com\/#website","url":"https:\/\/boutique-one-piece.com\/","name":"One Piece Shop","description":"Specialty store for One Piece Manga and Anime","publisher":{"@id":"https:\/\/boutique-one-piece.com\/#organization"},"potentialAction":[{"@type":"SearchAction","target":{"@type":"EntryPoint","urlTemplate":"https:\/\/boutique-one-piece.com\/?s={search_term_string}"},"query-input":{"@type":"PropertyValueSpecification","valueRequired":true,"valueName":"search_term_string"}}],"inLanguage":"en-US"},{"@type":"Organization","@id":"https:\/\/boutique-one-piece.com\/#organization","name":"One Piece Shop","url":"https:\/\/boutique-one-piece.com\/","logo":{"@type":"ImageObject","inLanguage":"en-US","@id":"https:\/\/boutique-one-piece.com\/#\/schema\/logo\/image\/","url":"https:\/\/boutique-one-piece.com\/wp-content\/uploads\/2022\/09\/Logo-01.png","contentUrl":"https:\/\/boutique-one-piece.com\/wp-content\/uploads\/2022\/09\/Logo-01.png","width":2318,"height":957,"caption":"Boutique One Piece"},"image":{"@id":"https:\/\/boutique-one-piece.com\/#\/schema\/logo\/image\/"}}]}},"_links":{"self":[{"href":"https:\/\/boutique-one-piece.com\/en\/wp-json\/wp\/v2\/product\/8785","targetHints":{"allow":["GET"]}}],"collection":[{"href":"https:\/\/boutique-one-piece.com\/en\/wp-json\/wp\/v2\/product"}],"about":[{"href":"https:\/\/boutique-one-piece.com\/en\/wp-json\/wp\/v2\/types\/product"}],"replies":[{"embeddable":true,"href":"https:\/\/boutique-one-piece.com\/en\/wp-json\/wp\/v2\/comments?post=8785"}],"wp:featuredmedia":[{"embeddable":true,"href":"https:\/\/boutique-one-piece.com\/en\/wp-json\/wp\/v2\/media\/8787"}],"wp:attachment":[{"href":"https:\/\/boutique-one-piece.com\/en\/wp-json\/wp\/v2\/media?parent=8785"}],"wp:term":[{"taxonomy":"product_brand","embeddable":true,"href":"https:\/\/boutique-one-piece.com\/en\/wp-json\/wp\/v2\/product_brand?post=8785"},{"taxonomy":"product_cat","embeddable":true,"href":"https:\/\/boutique-one-piece.com\/en\/wp-json\/wp\/v2\/product_cat?post=8785"},{"taxonomy":"product_tag","embeddable":true,"href":"https:\/\/boutique-one-piece.com\/en\/wp-json\/wp\/v2\/product_tag?post=8785"}],"curies":[{"name":"wp","href":"https:\/\/api.w.org\/{rel}","templated":true}]}}