{"id":8794,"date":"2022-09-27T20:15:13","date_gmt":"2022-09-27T20:15:13","guid":{"rendered":"https:\/\/boutique-one-piece.com\/uncategorized\/figurine-one-piece-law-position-interchangeable\/"},"modified":"2024-09-16T11:27:27","modified_gmt":"2024-09-16T11:27:27","slug":"one-piece-law-figurine-interchangeable-position","status":"publish","type":"product","link":"https:\/\/boutique-one-piece.com\/en\/one-piece-figurines\/trafalgar-law-figurines\/one-piece-law-figurine-interchangeable-position\/","title":{"rendered":"One Piece Law Position Interchangeable Figure"},"content":{"rendered":"<h2>Young pirate, the time has come for you to get this One Piece Law Position Interchangeable Figure.<\/h2>\n<p>You are no doubt aware that <strong>Trafalgar Law<\/strong>, whose real name is Trafalgar D. Water Law, is the Captain and Doctor of<strong> The Heart Crew<\/strong> ; A pirate crew made up mostly of doctors. A little more information about his crew: The Heart Pirates are a renowned crew of notable pirates discovered on the Sabaody Archipelago during the time when... <strong>The Straw Hat Crew<\/strong> was just passing through.<\/p>\n<p>Their potential was further demonstrated with the release of Silvers Rayleigh&#039;s Fluid, against which almost all the crew members were able to resist. Also, if you&#039;d like to expand your figure collection, the <a title=\"POK\u00c9MON FIGURE CAPTAIN STRAW HAT LUFFY\" href=\"https:\/\/boutique-one-piece.com\/en\/pokemon-figurine-of-captain-luffy-with-the-straw-hat-hat\/\" target=\"_blank\" rel=\"noopener\">Captain with the Straw Hat figurine<\/a> (Luffy) is within your reach.<\/p>\n<h3>So, captivated by Captain Trafalgar Law? If so, don&#039;t hesitate any longer and join his crew; many adventures await you within the Heart crew.<\/h3>\n<p><strong>One Piece<\/strong> is the best-selling manga in the world. Be proud to be part of this adventure! Immerse yourself or rediscover this universe with these <strong>mythical objects<\/strong>. These items are perfect for gifting, decorating, or collecting. Don&#039;t wait any longer and seize this opportunity to expand <strong>your One Piece universe<\/strong>.<\/p>\n<h2>Information about Law Position Interchangeable Figure\u00a0<\/h2>\n<ul>\n<li><span><b><u>One Piece figurine<\/u><\/b>\u00a0Premium One Piece figurine for true pirates<\/span><\/li>\n<\/ul>\n<ul>\n<li>\n<b>Matter<\/b><span>\u00a0<\/span>PVC<\/li>\n<\/ul>\n<ul>\n<li><span><strong>Dimension<\/strong>\u00a0: 23 cm<\/span><\/li>\n<\/ul>\n<ul>\n<li><span><strong>FREE DELIVERY<\/strong><\/span><\/li>\n<\/ul>","protected":false},"excerpt":{"rendered":"<p>Young pirate, the time has come for you to get your hands on this One Piece Law Interchangeable Position Figure. You&#039;re surely aware that Trafalgar Law, whose real name is Trafalgar D. Water Law, is the Captain and Doctor of the Heart Pirates; a pirate crew made up mostly of doctors. A little more information about his\u2026<\/p>","protected":false},"featured_media":8796,"comment_status":"open","ping_status":"open","template":"","meta":[],"product_brand":[],"product_cat":[76,214],"product_tag":[202],"class_list":{"0":"post-8794","1":"product","2":"type-product","3":"status-publish","4":"has-post-thumbnail","6":"product_cat-figurines-one-piece","7":"product_cat-figurines-trafalgar-law","8":"product_tag-law","10":"first","11":"instock","12":"purchasable","13":"product-type-simple"},"yoast_head":"<!-- This site is optimized with the Yoast SEO plugin v27.5 - https:\/\/yoast.com\/product\/yoast-seo-wordpress\/ -->\n<title>Figurine One Piece Law Position Interchangeable | Figurine One Piece \u2013 Boutique One Piece<\/title>\n<meta name=\"description\" content=\"Jeune pirate, le moment est venu pour toi de te procurer cette Figurine One Piece Law Position Interchangeable. Tu n&#039;es pas sans savoir que Trafalgar Law, de son vrai nom Trafalgar D. Water Law, est le Capitaine et Docteur de L&#039;\u00c9quipage du Heart ; un \u00e9quipage pirate constitu\u00e9 surtout de docteurs. Petite pr\u00e9cision conce\" \/>\n<meta name=\"robots\" content=\"index, follow, max-snippet:-1, max-image-preview:large, max-video-preview:-1\" \/>\n<link rel=\"canonical\" href=\"https:\/\/boutique-one-piece.com\/en\/one-piece-figurines\/trafalgar-law-figurines\/one-piece-law-figurine-interchangeable-position\/\" \/>\n<meta property=\"og:locale\" content=\"en_US\" \/>\n<meta property=\"og:type\" content=\"article\" \/>\n<meta property=\"og:title\" content=\"Figurine One Piece Law Position Interchangeable | Figurine One Piece \u2013 Boutique One Piece\" \/>\n<meta property=\"og:description\" content=\"Jeune pirate, le moment est venu pour toi de te procurer cette Figurine One Piece Law Position Interchangeable. Tu n&#039;es pas sans savoir que Trafalgar Law, de son vrai nom Trafalgar D. Water Law, est le Capitaine et Docteur de L&#039;\u00c9quipage du Heart ; un \u00e9quipage pirate constitu\u00e9 surtout de docteurs. Petite pr\u00e9cision conce\" \/>\n<meta property=\"og:url\" content=\"https:\/\/boutique-one-piece.com\/en\/one-piece-figurines\/trafalgar-law-figurines\/one-piece-law-figurine-interchangeable-position\/\" \/>\n<meta property=\"og:site_name\" content=\"Boutique One Piece\" \/>\n<meta property=\"article:modified_time\" content=\"2024-09-16T11:27:27+00:00\" \/>\n<meta property=\"og:image\" content=\"https:\/\/boutique-one-piece.com\/wp-content\/uploads\/2022\/09\/Figurine-One-Piece-Law-Position-Interchangeable-1.jpg\" \/>\n\t<meta property=\"og:image:width\" content=\"586\" \/>\n\t<meta property=\"og:image:height\" content=\"800\" \/>\n\t<meta property=\"og:image:type\" content=\"image\/jpeg\" \/>\n<meta name=\"twitter:card\" content=\"summary_large_image\" \/>\n<meta name=\"twitter:label1\" content=\"Est. reading time\" \/>\n\t<meta name=\"twitter:data1\" content=\"1 minute\" \/>\n<script type=\"application\/ld+json\" class=\"yoast-schema-graph\">{\"@context\":\"https:\\\/\\\/schema.org\",\"@graph\":[{\"@type\":\"WebPage\",\"@id\":\"https:\\\/\\\/boutique-one-piece.com\\\/figurines-one-piece\\\/figurines-trafalgar-law\\\/figurine-one-piece-law-position-interchangeable\\\/\",\"url\":\"https:\\\/\\\/boutique-one-piece.com\\\/figurines-one-piece\\\/figurines-trafalgar-law\\\/figurine-one-piece-law-position-interchangeable\\\/\",\"name\":\"Figurine One Piece Law Position Interchangeable | Figurine One Piece \u2013 Boutique One Piece\",\"isPartOf\":{\"@id\":\"https:\\\/\\\/boutique-one-piece.com\\\/#website\"},\"primaryImageOfPage\":{\"@id\":\"https:\\\/\\\/boutique-one-piece.com\\\/figurines-one-piece\\\/figurines-trafalgar-law\\\/figurine-one-piece-law-position-interchangeable\\\/#primaryimage\"},\"image\":{\"@id\":\"https:\\\/\\\/boutique-one-piece.com\\\/figurines-one-piece\\\/figurines-trafalgar-law\\\/figurine-one-piece-law-position-interchangeable\\\/#primaryimage\"},\"thumbnailUrl\":\"https:\\\/\\\/boutique-one-piece.com\\\/wp-content\\\/uploads\\\/2022\\\/09\\\/Figurine-One-Piece-Law-Position-Interchangeable-1.jpg\",\"datePublished\":\"2022-09-27T20:15:13+00:00\",\"dateModified\":\"2024-09-16T11:27:27+00:00\",\"description\":\"Jeune pirate, le moment est venu pour toi de te procurer cette Figurine One Piece Law Position Interchangeable. Tu n'es pas sans savoir que Trafalgar Law, de son vrai nom Trafalgar D. Water Law, est le Capitaine et Docteur de L'\u00c9quipage du Heart ; un \u00e9quipage pirate constitu\u00e9 surtout de docteurs. Petite pr\u00e9cision conce\",\"breadcrumb\":{\"@id\":\"https:\\\/\\\/boutique-one-piece.com\\\/figurines-one-piece\\\/figurines-trafalgar-law\\\/figurine-one-piece-law-position-interchangeable\\\/#breadcrumb\"},\"inLanguage\":\"en-US\",\"potentialAction\":[{\"@type\":\"ReadAction\",\"target\":[\"https:\\\/\\\/boutique-one-piece.com\\\/figurines-one-piece\\\/figurines-trafalgar-law\\\/figurine-one-piece-law-position-interchangeable\\\/\"]}]},{\"@type\":\"ImageObject\",\"inLanguage\":\"en-US\",\"@id\":\"https:\\\/\\\/boutique-one-piece.com\\\/figurines-one-piece\\\/figurines-trafalgar-law\\\/figurine-one-piece-law-position-interchangeable\\\/#primaryimage\",\"url\":\"https:\\\/\\\/boutique-one-piece.com\\\/wp-content\\\/uploads\\\/2022\\\/09\\\/Figurine-One-Piece-Law-Position-Interchangeable-1.jpg\",\"contentUrl\":\"https:\\\/\\\/boutique-one-piece.com\\\/wp-content\\\/uploads\\\/2022\\\/09\\\/Figurine-One-Piece-Law-Position-Interchangeable-1.jpg\",\"width\":586,\"height\":800},{\"@type\":\"BreadcrumbList\",\"@id\":\"https:\\\/\\\/boutique-one-piece.com\\\/figurines-one-piece\\\/figurines-trafalgar-law\\\/figurine-one-piece-law-position-interchangeable\\\/#breadcrumb\",\"itemListElement\":[{\"@type\":\"ListItem\",\"position\":1,\"name\":\"Home\",\"item\":\"https:\\\/\\\/boutique-one-piece.com\\\/\"},{\"@type\":\"ListItem\",\"position\":2,\"name\":\"Shop\",\"item\":\"https:\\\/\\\/boutique-one-piece.com\\\/shop\\\/\"},{\"@type\":\"ListItem\",\"position\":3,\"name\":\"Figurine One Piece Law Position Interchangeable\"}]},{\"@type\":\"WebSite\",\"@id\":\"https:\\\/\\\/boutique-one-piece.com\\\/#website\",\"url\":\"https:\\\/\\\/boutique-one-piece.com\\\/\",\"name\":\"Boutique One Piece\",\"description\":\"Magasin Sp\u00e9cialis\u00e9 du Manga et l&#039;Anime One Piece\",\"publisher\":{\"@id\":\"https:\\\/\\\/boutique-one-piece.com\\\/#organization\"},\"potentialAction\":[{\"@type\":\"SearchAction\",\"target\":{\"@type\":\"EntryPoint\",\"urlTemplate\":\"https:\\\/\\\/boutique-one-piece.com\\\/?s={search_term_string}\"},\"query-input\":{\"@type\":\"PropertyValueSpecification\",\"valueRequired\":true,\"valueName\":\"search_term_string\"}}],\"inLanguage\":\"en-US\"},{\"@type\":\"Organization\",\"@id\":\"https:\\\/\\\/boutique-one-piece.com\\\/#organization\",\"name\":\"Boutique One Piece\",\"url\":\"https:\\\/\\\/boutique-one-piece.com\\\/\",\"logo\":{\"@type\":\"ImageObject\",\"inLanguage\":\"en-US\",\"@id\":\"https:\\\/\\\/boutique-one-piece.com\\\/#\\\/schema\\\/logo\\\/image\\\/\",\"url\":\"https:\\\/\\\/boutique-one-piece.com\\\/wp-content\\\/uploads\\\/2022\\\/09\\\/Logo-01.png\",\"contentUrl\":\"https:\\\/\\\/boutique-one-piece.com\\\/wp-content\\\/uploads\\\/2022\\\/09\\\/Logo-01.png\",\"width\":2318,\"height\":957,\"caption\":\"Boutique One Piece\"},\"image\":{\"@id\":\"https:\\\/\\\/boutique-one-piece.com\\\/#\\\/schema\\\/logo\\\/image\\\/\"}}]}<\/script>\n<!-- \/ Yoast SEO plugin. -->","yoast_head_json":{"title":"One Piece Law Position Interchangeable Figure | One Piece Figure \u2013 One Piece Shop","description":"Young pirate, the time has come for you to get your hands on this One Piece Law Interchangeable Position Figure. You&#039;re surely aware that Trafalgar Law, whose real name is Trafalgar D. Water Law, is the Captain and Doctor of the Heart Pirates; a pirate crew made up mostly of doctors. A small detail concerning","robots":{"index":"index","follow":"follow","max-snippet":"max-snippet:-1","max-image-preview":"max-image-preview:large","max-video-preview":"max-video-preview:-1"},"canonical":"https:\/\/boutique-one-piece.com\/en\/one-piece-figurines\/trafalgar-law-figurines\/one-piece-law-figurine-interchangeable-position\/","og_locale":"en_US","og_type":"article","og_title":"Figurine One Piece Law Position Interchangeable | Figurine One Piece \u2013 Boutique One Piece","og_description":"Jeune pirate, le moment est venu pour toi de te procurer cette Figurine One Piece Law Position Interchangeable. Tu n'es pas sans savoir que Trafalgar Law, de son vrai nom Trafalgar D. Water Law, est le Capitaine et Docteur de L'\u00c9quipage du Heart ; un \u00e9quipage pirate constitu\u00e9 surtout de docteurs. Petite pr\u00e9cision conce","og_url":"https:\/\/boutique-one-piece.com\/en\/one-piece-figurines\/trafalgar-law-figurines\/one-piece-law-figurine-interchangeable-position\/","og_site_name":"Boutique One Piece","article_modified_time":"2024-09-16T11:27:27+00:00","og_image":[{"width":586,"height":800,"url":"https:\/\/boutique-one-piece.com\/wp-content\/uploads\/2022\/09\/Figurine-One-Piece-Law-Position-Interchangeable-1.jpg","type":"image\/jpeg"}],"twitter_card":"summary_large_image","twitter_misc":{"Est. reading time":"1 minute"},"schema":{"@context":"https:\/\/schema.org","@graph":[{"@type":"WebPage","@id":"https:\/\/boutique-one-piece.com\/figurines-one-piece\/figurines-trafalgar-law\/figurine-one-piece-law-position-interchangeable\/","url":"https:\/\/boutique-one-piece.com\/figurines-one-piece\/figurines-trafalgar-law\/figurine-one-piece-law-position-interchangeable\/","name":"One Piece Law Position Interchangeable Figure | One Piece Figure \u2013 One Piece Shop","isPartOf":{"@id":"https:\/\/boutique-one-piece.com\/#website"},"primaryImageOfPage":{"@id":"https:\/\/boutique-one-piece.com\/figurines-one-piece\/figurines-trafalgar-law\/figurine-one-piece-law-position-interchangeable\/#primaryimage"},"image":{"@id":"https:\/\/boutique-one-piece.com\/figurines-one-piece\/figurines-trafalgar-law\/figurine-one-piece-law-position-interchangeable\/#primaryimage"},"thumbnailUrl":"https:\/\/boutique-one-piece.com\/wp-content\/uploads\/2022\/09\/Figurine-One-Piece-Law-Position-Interchangeable-1.jpg","datePublished":"2022-09-27T20:15:13+00:00","dateModified":"2024-09-16T11:27:27+00:00","description":"Young pirate, the time has come for you to get your hands on this One Piece Law Interchangeable Position Figure. You&#039;re surely aware that Trafalgar Law, whose real name is Trafalgar D. Water Law, is the Captain and Doctor of the Heart Pirates; a pirate crew made up mostly of doctors. A small detail concerning","breadcrumb":{"@id":"https:\/\/boutique-one-piece.com\/figurines-one-piece\/figurines-trafalgar-law\/figurine-one-piece-law-position-interchangeable\/#breadcrumb"},"inLanguage":"en-US","potentialAction":[{"@type":"ReadAction","target":["https:\/\/boutique-one-piece.com\/figurines-one-piece\/figurines-trafalgar-law\/figurine-one-piece-law-position-interchangeable\/"]}]},{"@type":"ImageObject","inLanguage":"en-US","@id":"https:\/\/boutique-one-piece.com\/figurines-one-piece\/figurines-trafalgar-law\/figurine-one-piece-law-position-interchangeable\/#primaryimage","url":"https:\/\/boutique-one-piece.com\/wp-content\/uploads\/2022\/09\/Figurine-One-Piece-Law-Position-Interchangeable-1.jpg","contentUrl":"https:\/\/boutique-one-piece.com\/wp-content\/uploads\/2022\/09\/Figurine-One-Piece-Law-Position-Interchangeable-1.jpg","width":586,"height":800},{"@type":"BreadcrumbList","@id":"https:\/\/boutique-one-piece.com\/figurines-one-piece\/figurines-trafalgar-law\/figurine-one-piece-law-position-interchangeable\/#breadcrumb","itemListElement":[{"@type":"ListItem","position":1,"name":"Home","item":"https:\/\/boutique-one-piece.com\/"},{"@type":"ListItem","position":2,"name":"Shop","item":"https:\/\/boutique-one-piece.com\/shop\/"},{"@type":"ListItem","position":3,"name":"Figurine One Piece Law Position Interchangeable"}]},{"@type":"WebSite","@id":"https:\/\/boutique-one-piece.com\/#website","url":"https:\/\/boutique-one-piece.com\/","name":"One Piece Shop","description":"Specialty store for One Piece Manga and Anime","publisher":{"@id":"https:\/\/boutique-one-piece.com\/#organization"},"potentialAction":[{"@type":"SearchAction","target":{"@type":"EntryPoint","urlTemplate":"https:\/\/boutique-one-piece.com\/?s={search_term_string}"},"query-input":{"@type":"PropertyValueSpecification","valueRequired":true,"valueName":"search_term_string"}}],"inLanguage":"en-US"},{"@type":"Organization","@id":"https:\/\/boutique-one-piece.com\/#organization","name":"One Piece Shop","url":"https:\/\/boutique-one-piece.com\/","logo":{"@type":"ImageObject","inLanguage":"en-US","@id":"https:\/\/boutique-one-piece.com\/#\/schema\/logo\/image\/","url":"https:\/\/boutique-one-piece.com\/wp-content\/uploads\/2022\/09\/Logo-01.png","contentUrl":"https:\/\/boutique-one-piece.com\/wp-content\/uploads\/2022\/09\/Logo-01.png","width":2318,"height":957,"caption":"Boutique One Piece"},"image":{"@id":"https:\/\/boutique-one-piece.com\/#\/schema\/logo\/image\/"}}]}},"_links":{"self":[{"href":"https:\/\/boutique-one-piece.com\/en\/wp-json\/wp\/v2\/product\/8794","targetHints":{"allow":["GET"]}}],"collection":[{"href":"https:\/\/boutique-one-piece.com\/en\/wp-json\/wp\/v2\/product"}],"about":[{"href":"https:\/\/boutique-one-piece.com\/en\/wp-json\/wp\/v2\/types\/product"}],"replies":[{"embeddable":true,"href":"https:\/\/boutique-one-piece.com\/en\/wp-json\/wp\/v2\/comments?post=8794"}],"wp:featuredmedia":[{"embeddable":true,"href":"https:\/\/boutique-one-piece.com\/en\/wp-json\/wp\/v2\/media\/8796"}],"wp:attachment":[{"href":"https:\/\/boutique-one-piece.com\/en\/wp-json\/wp\/v2\/media?parent=8794"}],"wp:term":[{"taxonomy":"product_brand","embeddable":true,"href":"https:\/\/boutique-one-piece.com\/en\/wp-json\/wp\/v2\/product_brand?post=8794"},{"taxonomy":"product_cat","embeddable":true,"href":"https:\/\/boutique-one-piece.com\/en\/wp-json\/wp\/v2\/product_cat?post=8794"},{"taxonomy":"product_tag","embeddable":true,"href":"https:\/\/boutique-one-piece.com\/en\/wp-json\/wp\/v2\/product_tag?post=8794"}],"curies":[{"name":"wp","href":"https:\/\/api.w.org\/{rel}","templated":true}]}}