{"id":8835,"date":"2022-09-27T20:15:48","date_gmt":"2022-09-27T20:15:48","guid":{"rendered":"https:\/\/boutique-one-piece.com\/uncategorized\/lot-de-2-figurine-one-piece-marco-et-gol-d-roger\/"},"modified":"2024-09-16T11:28:24","modified_gmt":"2024-09-16T11:28:24","slug":"set-of-2-one-piece-figurines-marco-and-gol-d-roger","status":"publish","type":"product","link":"https:\/\/boutique-one-piece.com\/en\/one-piece-figurines\/set-of-2-one-piece-figurines-marco-and-gol-d-roger\/","title":{"rendered":"Set of 2 One Piece Marco and Gol D. Roger Figures"},"content":{"rendered":"<h2>Young pirate, the time has come for you to set sail and meet the Pirate King. To do so, get your hands on this One Piece Marco and Gol D. Roger 2-Figure Set now.<\/h2>\n<p>Tu n\u2019es pas sans savoir que<strong> Gol D. Roger<\/strong>, plus connu sous le nom de Gold Roger, fut le pr\u00e9c\u00e9dent et unique Seigneur des pirates et l\u2019ancien propri\u00e9taire du tr\u00e9sor l\u00e9gendaire, <strong>the One Piece<\/strong>. Roger \u00e9tait le capitaine de L\u2019\u00c9quipage des Pirates Roger, seul \u00e9quipage \u00e0 avoir \u00e9t\u00e9 jusqu\u2019au bout de Grand Line. Il \u00e9tait aussi le p\u00e8re de Portgas D. Ace, enfant qu\u2019il a eu avec Portgas D. Rouge. Il a \u00e9t\u00e9 ex\u00e9cut\u00e9 il y a plus de 20 ans \u00e0 Loguetown, sa ville natale.<\/p>\n<p>As for<strong> Marco<\/strong>, il \u00e9tait le commandant de la Premi\u00e8re Division de L\u2019\u00c9quipage de Barbe Blanche. Il est connu aussi sous le nom de \u00ab\u00a0Marco le Ph\u00e9nix\u00a0\u00bb et doit son surnom au pouvoir du Fruit du D\u00e9mon de type Zoan Mythique qui lui permet de se transformer en ph\u00e9nix et de se r\u00e9g\u00e9n\u00e9rer \u00e0 volont\u00e9. Marco \u00e9tait le <strong>Whitebeard&#039;s right-hand man<\/strong> ainsi que son confident le plus proche. Il a d\u2019ailleurs tent\u00e9 d\u2019aider son capitaine dans la lutte contre Barbe Noire, mais a finalement \u00e9t\u00e9 ordonn\u00e9 de se retirer. D\u0092ailleurs, la <a title=\"ONE PIECE EDWARD NEWGATE THE EMPEROR WHITEBEARD\" href=\"https:\/\/boutique-one-piece.com\/en\/one-piece-edward-newgate-the-whitebeard-emperor\/\" target=\"_blank\" rel=\"noopener\">whitebeard figurine<\/a> is within your reach.<\/p>\n<h3>Alors conquis par les figurines de Barbe Noire et Marco ? Si tel est le cas, plonge-toi dans l\u2019univers One Piece, bien des aventures t\u2019y attendent. \u00c0 toi de choisir ton \u00e9quipage et tes batailles.<\/h3>\n<p>Young pirate, get these <strong>mythical objects<\/strong> et viens agrandir ton univers One Piece. Ces objets sont d\u2019excellentes id\u00e9es cadeaux, alors fais plaisir ou fais-toi plaisir. Une chose est certaine, <strong>the One Piece treasure<\/strong>, n\u2019a toujours pas \u00e9t\u00e9 trouv\u00e9.<\/p>\n<h2>Information about Marco and Gol D. Roger figurines\u00a0<\/h2>\n<ul>\n<li><span><b><u>One Piece figurine<\/u><\/b>\u00a0: Figurine\u00a0 premium de l\u2019univers One Piece pour les vrais pirates<\/span><\/li>\n<\/ul>\n<ul>\n<li>\n<b>Matter<\/b><span>\u00a0<\/span>PVC<\/li>\n<\/ul>\n<ul>\n<li><span><strong>Dimension<\/strong>\u00a0: 18 cm<\/span><\/li>\n<\/ul>\n<ul>\n<li><span><strong>FREE DELIVERY<\/strong><\/span><\/li>\n<\/ul>","protected":false},"excerpt":{"rendered":"<p>Jeune pirate, le moment est venu pour toi de partir \u00e0 la rencontre du Seigneur des pirates. Pour ce faire, procure-toi d\u00e8s maintenant ce Lot De 2 Figurines One Piece Marco Et Gol D Roger. Tu n\u2019es pas sans savoir que Gol D. Roger, plus connu sous le nom de Gold Roger, fut le pr\u00e9c\u00e9dent [&hellip;]<\/p>","protected":false},"featured_media":8837,"comment_status":"open","ping_status":"open","template":"","meta":[],"product_brand":[],"product_cat":[76],"product_tag":[261,210],"class_list":{"0":"post-8835","1":"product","2":"type-product","3":"status-publish","4":"has-post-thumbnail","6":"product_cat-figurines-one-piece","7":"product_tag-gol-d-roger","8":"product_tag-marco","10":"first","11":"instock","12":"purchasable","13":"product-type-simple"},"yoast_head":"<!-- This site is optimized with the Yoast SEO plugin v27.5 - https:\/\/yoast.com\/product\/yoast-seo-wordpress\/ -->\n<title>Lot De 2 Figurine One Piece Marco Et Gol D Roger | Figurine One Piece \u2013 Boutique One Piece<\/title>\n<meta name=\"description\" content=\"Jeune pirate, le moment est venu pour toi de partir \u00e0 la rencontre du Seigneur des pirates. Pour ce faire, procure-toi d\u00e8s maintenant ce Lot De 2 Figurines One Piece Marco Et Gol D Roger. Tu n&#039;es pas sans savoir que Gol D. Roger, plus connu sous le nom de Gold Roger, fut le pr\u00e9c\u00e9dent et unique Seigneur des pirates et l\" \/>\n<meta name=\"robots\" content=\"index, follow, max-snippet:-1, max-image-preview:large, max-video-preview:-1\" \/>\n<link rel=\"canonical\" href=\"https:\/\/boutique-one-piece.com\/en\/one-piece-figurines\/set-of-2-one-piece-figurines-marco-and-gol-d-roger\/\" \/>\n<meta property=\"og:locale\" content=\"en_US\" \/>\n<meta property=\"og:type\" content=\"article\" \/>\n<meta property=\"og:title\" content=\"Lot De 2 Figurine One Piece Marco Et Gol D Roger | Figurine One Piece \u2013 Boutique One Piece\" \/>\n<meta property=\"og:description\" content=\"Jeune pirate, le moment est venu pour toi de partir \u00e0 la rencontre du Seigneur des pirates. Pour ce faire, procure-toi d\u00e8s maintenant ce Lot De 2 Figurines One Piece Marco Et Gol D Roger. Tu n&#039;es pas sans savoir que Gol D. Roger, plus connu sous le nom de Gold Roger, fut le pr\u00e9c\u00e9dent et unique Seigneur des pirates et l\" \/>\n<meta property=\"og:url\" content=\"https:\/\/boutique-one-piece.com\/en\/one-piece-figurines\/set-of-2-one-piece-figurines-marco-and-gol-d-roger\/\" \/>\n<meta property=\"og:site_name\" content=\"Boutique One Piece\" \/>\n<meta property=\"article:modified_time\" content=\"2024-09-16T11:28:24+00:00\" \/>\n<meta property=\"og:image\" content=\"https:\/\/boutique-one-piece.com\/wp-content\/uploads\/2022\/09\/Lot-De-2-Figurine-One-Piece-Marco-Et-Gol-D-Roger.jpg\" \/>\n\t<meta property=\"og:image:width\" content=\"640\" \/>\n\t<meta property=\"og:image:height\" content=\"640\" \/>\n\t<meta property=\"og:image:type\" content=\"image\/jpeg\" \/>\n<meta name=\"twitter:card\" content=\"summary_large_image\" \/>\n<meta name=\"twitter:label1\" content=\"Est. reading time\" \/>\n\t<meta name=\"twitter:data1\" content=\"2 minutes\" \/>\n<script type=\"application\/ld+json\" class=\"yoast-schema-graph\">{\"@context\":\"https:\\\/\\\/schema.org\",\"@graph\":[{\"@type\":\"WebPage\",\"@id\":\"https:\\\/\\\/boutique-one-piece.com\\\/figurines-one-piece\\\/lot-de-2-figurine-one-piece-marco-et-gol-d-roger\\\/\",\"url\":\"https:\\\/\\\/boutique-one-piece.com\\\/figurines-one-piece\\\/lot-de-2-figurine-one-piece-marco-et-gol-d-roger\\\/\",\"name\":\"Lot De 2 Figurine One Piece Marco Et Gol D Roger | Figurine One Piece \u2013 Boutique One Piece\",\"isPartOf\":{\"@id\":\"https:\\\/\\\/boutique-one-piece.com\\\/#website\"},\"primaryImageOfPage\":{\"@id\":\"https:\\\/\\\/boutique-one-piece.com\\\/figurines-one-piece\\\/lot-de-2-figurine-one-piece-marco-et-gol-d-roger\\\/#primaryimage\"},\"image\":{\"@id\":\"https:\\\/\\\/boutique-one-piece.com\\\/figurines-one-piece\\\/lot-de-2-figurine-one-piece-marco-et-gol-d-roger\\\/#primaryimage\"},\"thumbnailUrl\":\"https:\\\/\\\/boutique-one-piece.com\\\/wp-content\\\/uploads\\\/2022\\\/09\\\/Lot-De-2-Figurine-One-Piece-Marco-Et-Gol-D-Roger.jpg\",\"datePublished\":\"2022-09-27T20:15:48+00:00\",\"dateModified\":\"2024-09-16T11:28:24+00:00\",\"description\":\"Jeune pirate, le moment est venu pour toi de partir \u00e0 la rencontre du Seigneur des pirates. Pour ce faire, procure-toi d\u00e8s maintenant ce Lot De 2 Figurines One Piece Marco Et Gol D Roger. Tu n'es pas sans savoir que Gol D. Roger, plus connu sous le nom de Gold Roger, fut le pr\u00e9c\u00e9dent et unique Seigneur des pirates et l\",\"breadcrumb\":{\"@id\":\"https:\\\/\\\/boutique-one-piece.com\\\/figurines-one-piece\\\/lot-de-2-figurine-one-piece-marco-et-gol-d-roger\\\/#breadcrumb\"},\"inLanguage\":\"en-US\",\"potentialAction\":[{\"@type\":\"ReadAction\",\"target\":[\"https:\\\/\\\/boutique-one-piece.com\\\/figurines-one-piece\\\/lot-de-2-figurine-one-piece-marco-et-gol-d-roger\\\/\"]}]},{\"@type\":\"ImageObject\",\"inLanguage\":\"en-US\",\"@id\":\"https:\\\/\\\/boutique-one-piece.com\\\/figurines-one-piece\\\/lot-de-2-figurine-one-piece-marco-et-gol-d-roger\\\/#primaryimage\",\"url\":\"https:\\\/\\\/boutique-one-piece.com\\\/wp-content\\\/uploads\\\/2022\\\/09\\\/Lot-De-2-Figurine-One-Piece-Marco-Et-Gol-D-Roger.jpg\",\"contentUrl\":\"https:\\\/\\\/boutique-one-piece.com\\\/wp-content\\\/uploads\\\/2022\\\/09\\\/Lot-De-2-Figurine-One-Piece-Marco-Et-Gol-D-Roger.jpg\",\"width\":640,\"height\":640,\"caption\":\"Lot De 2 Figurine One Piece Marco Et Gol D Roger Default Title\"},{\"@type\":\"BreadcrumbList\",\"@id\":\"https:\\\/\\\/boutique-one-piece.com\\\/figurines-one-piece\\\/lot-de-2-figurine-one-piece-marco-et-gol-d-roger\\\/#breadcrumb\",\"itemListElement\":[{\"@type\":\"ListItem\",\"position\":1,\"name\":\"Home\",\"item\":\"https:\\\/\\\/boutique-one-piece.com\\\/\"},{\"@type\":\"ListItem\",\"position\":2,\"name\":\"Shop\",\"item\":\"https:\\\/\\\/boutique-one-piece.com\\\/shop\\\/\"},{\"@type\":\"ListItem\",\"position\":3,\"name\":\"Lot De 2 Figurine One Piece Marco Et Gol D Roger\"}]},{\"@type\":\"WebSite\",\"@id\":\"https:\\\/\\\/boutique-one-piece.com\\\/#website\",\"url\":\"https:\\\/\\\/boutique-one-piece.com\\\/\",\"name\":\"Boutique One Piece\",\"description\":\"Magasin Sp\u00e9cialis\u00e9 du Manga et l&#039;Anime One Piece\",\"publisher\":{\"@id\":\"https:\\\/\\\/boutique-one-piece.com\\\/#organization\"},\"potentialAction\":[{\"@type\":\"SearchAction\",\"target\":{\"@type\":\"EntryPoint\",\"urlTemplate\":\"https:\\\/\\\/boutique-one-piece.com\\\/?s={search_term_string}\"},\"query-input\":{\"@type\":\"PropertyValueSpecification\",\"valueRequired\":true,\"valueName\":\"search_term_string\"}}],\"inLanguage\":\"en-US\"},{\"@type\":\"Organization\",\"@id\":\"https:\\\/\\\/boutique-one-piece.com\\\/#organization\",\"name\":\"Boutique One Piece\",\"url\":\"https:\\\/\\\/boutique-one-piece.com\\\/\",\"logo\":{\"@type\":\"ImageObject\",\"inLanguage\":\"en-US\",\"@id\":\"https:\\\/\\\/boutique-one-piece.com\\\/#\\\/schema\\\/logo\\\/image\\\/\",\"url\":\"https:\\\/\\\/boutique-one-piece.com\\\/wp-content\\\/uploads\\\/2022\\\/09\\\/Logo-01.png\",\"contentUrl\":\"https:\\\/\\\/boutique-one-piece.com\\\/wp-content\\\/uploads\\\/2022\\\/09\\\/Logo-01.png\",\"width\":2318,\"height\":957,\"caption\":\"Boutique One Piece\"},\"image\":{\"@id\":\"https:\\\/\\\/boutique-one-piece.com\\\/#\\\/schema\\\/logo\\\/image\\\/\"}}]}<\/script>\n<!-- \/ Yoast SEO plugin. -->","yoast_head_json":{"title":"Lot Of 2 One Piece Figurine Marco And Gol D Roger | One Piece Figure \u2013 One Piece Shop","description":"Young pirate, the time has come for you to set sail and meet the Pirate King. To do so, get your hands on this One Piece Marco and Gol D. Roger 2-Figure Set now. You surely know that Gol D. Roger, better known as Gold Roger, was the previous and only Pirate King and...","robots":{"index":"index","follow":"follow","max-snippet":"max-snippet:-1","max-image-preview":"max-image-preview:large","max-video-preview":"max-video-preview:-1"},"canonical":"https:\/\/boutique-one-piece.com\/en\/one-piece-figurines\/set-of-2-one-piece-figurines-marco-and-gol-d-roger\/","og_locale":"en_US","og_type":"article","og_title":"Lot De 2 Figurine One Piece Marco Et Gol D Roger | Figurine One Piece \u2013 Boutique One Piece","og_description":"Jeune pirate, le moment est venu pour toi de partir \u00e0 la rencontre du Seigneur des pirates. Pour ce faire, procure-toi d\u00e8s maintenant ce Lot De 2 Figurines One Piece Marco Et Gol D Roger. Tu n'es pas sans savoir que Gol D. Roger, plus connu sous le nom de Gold Roger, fut le pr\u00e9c\u00e9dent et unique Seigneur des pirates et l","og_url":"https:\/\/boutique-one-piece.com\/en\/one-piece-figurines\/set-of-2-one-piece-figurines-marco-and-gol-d-roger\/","og_site_name":"Boutique One Piece","article_modified_time":"2024-09-16T11:28:24+00:00","og_image":[{"width":640,"height":640,"url":"https:\/\/boutique-one-piece.com\/wp-content\/uploads\/2022\/09\/Lot-De-2-Figurine-One-Piece-Marco-Et-Gol-D-Roger.jpg","type":"image\/jpeg"}],"twitter_card":"summary_large_image","twitter_misc":{"Est. reading time":"2 minutes"},"schema":{"@context":"https:\/\/schema.org","@graph":[{"@type":"WebPage","@id":"https:\/\/boutique-one-piece.com\/figurines-one-piece\/lot-de-2-figurine-one-piece-marco-et-gol-d-roger\/","url":"https:\/\/boutique-one-piece.com\/figurines-one-piece\/lot-de-2-figurine-one-piece-marco-et-gol-d-roger\/","name":"Lot Of 2 One Piece Figurine Marco And Gol D Roger | One Piece Figure \u2013 One Piece Shop","isPartOf":{"@id":"https:\/\/boutique-one-piece.com\/#website"},"primaryImageOfPage":{"@id":"https:\/\/boutique-one-piece.com\/figurines-one-piece\/lot-de-2-figurine-one-piece-marco-et-gol-d-roger\/#primaryimage"},"image":{"@id":"https:\/\/boutique-one-piece.com\/figurines-one-piece\/lot-de-2-figurine-one-piece-marco-et-gol-d-roger\/#primaryimage"},"thumbnailUrl":"https:\/\/boutique-one-piece.com\/wp-content\/uploads\/2022\/09\/Lot-De-2-Figurine-One-Piece-Marco-Et-Gol-D-Roger.jpg","datePublished":"2022-09-27T20:15:48+00:00","dateModified":"2024-09-16T11:28:24+00:00","description":"Young pirate, the time has come for you to set sail and meet the Pirate King. To do so, get your hands on this One Piece Marco and Gol D. Roger 2-Figure Set now. You surely know that Gol D. Roger, better known as Gold Roger, was the previous and only Pirate King and...","breadcrumb":{"@id":"https:\/\/boutique-one-piece.com\/figurines-one-piece\/lot-de-2-figurine-one-piece-marco-et-gol-d-roger\/#breadcrumb"},"inLanguage":"en-US","potentialAction":[{"@type":"ReadAction","target":["https:\/\/boutique-one-piece.com\/figurines-one-piece\/lot-de-2-figurine-one-piece-marco-et-gol-d-roger\/"]}]},{"@type":"ImageObject","inLanguage":"en-US","@id":"https:\/\/boutique-one-piece.com\/figurines-one-piece\/lot-de-2-figurine-one-piece-marco-et-gol-d-roger\/#primaryimage","url":"https:\/\/boutique-one-piece.com\/wp-content\/uploads\/2022\/09\/Lot-De-2-Figurine-One-Piece-Marco-Et-Gol-D-Roger.jpg","contentUrl":"https:\/\/boutique-one-piece.com\/wp-content\/uploads\/2022\/09\/Lot-De-2-Figurine-One-Piece-Marco-Et-Gol-D-Roger.jpg","width":640,"height":640,"caption":"Lot De 2 Figurine One Piece Marco Et Gol D Roger Default Title"},{"@type":"BreadcrumbList","@id":"https:\/\/boutique-one-piece.com\/figurines-one-piece\/lot-de-2-figurine-one-piece-marco-et-gol-d-roger\/#breadcrumb","itemListElement":[{"@type":"ListItem","position":1,"name":"Home","item":"https:\/\/boutique-one-piece.com\/"},{"@type":"ListItem","position":2,"name":"Shop","item":"https:\/\/boutique-one-piece.com\/shop\/"},{"@type":"ListItem","position":3,"name":"Lot De 2 Figurine One Piece Marco Et Gol D Roger"}]},{"@type":"WebSite","@id":"https:\/\/boutique-one-piece.com\/#website","url":"https:\/\/boutique-one-piece.com\/","name":"One Piece Shop","description":"Specialty store for One Piece Manga and Anime","publisher":{"@id":"https:\/\/boutique-one-piece.com\/#organization"},"potentialAction":[{"@type":"SearchAction","target":{"@type":"EntryPoint","urlTemplate":"https:\/\/boutique-one-piece.com\/?s={search_term_string}"},"query-input":{"@type":"PropertyValueSpecification","valueRequired":true,"valueName":"search_term_string"}}],"inLanguage":"en-US"},{"@type":"Organization","@id":"https:\/\/boutique-one-piece.com\/#organization","name":"One Piece Shop","url":"https:\/\/boutique-one-piece.com\/","logo":{"@type":"ImageObject","inLanguage":"en-US","@id":"https:\/\/boutique-one-piece.com\/#\/schema\/logo\/image\/","url":"https:\/\/boutique-one-piece.com\/wp-content\/uploads\/2022\/09\/Logo-01.png","contentUrl":"https:\/\/boutique-one-piece.com\/wp-content\/uploads\/2022\/09\/Logo-01.png","width":2318,"height":957,"caption":"Boutique One Piece"},"image":{"@id":"https:\/\/boutique-one-piece.com\/#\/schema\/logo\/image\/"}}]}},"_links":{"self":[{"href":"https:\/\/boutique-one-piece.com\/en\/wp-json\/wp\/v2\/product\/8835","targetHints":{"allow":["GET"]}}],"collection":[{"href":"https:\/\/boutique-one-piece.com\/en\/wp-json\/wp\/v2\/product"}],"about":[{"href":"https:\/\/boutique-one-piece.com\/en\/wp-json\/wp\/v2\/types\/product"}],"replies":[{"embeddable":true,"href":"https:\/\/boutique-one-piece.com\/en\/wp-json\/wp\/v2\/comments?post=8835"}],"wp:featuredmedia":[{"embeddable":true,"href":"https:\/\/boutique-one-piece.com\/en\/wp-json\/wp\/v2\/media\/8837"}],"wp:attachment":[{"href":"https:\/\/boutique-one-piece.com\/en\/wp-json\/wp\/v2\/media?parent=8835"}],"wp:term":[{"taxonomy":"product_brand","embeddable":true,"href":"https:\/\/boutique-one-piece.com\/en\/wp-json\/wp\/v2\/product_brand?post=8835"},{"taxonomy":"product_cat","embeddable":true,"href":"https:\/\/boutique-one-piece.com\/en\/wp-json\/wp\/v2\/product_cat?post=8835"},{"taxonomy":"product_tag","embeddable":true,"href":"https:\/\/boutique-one-piece.com\/en\/wp-json\/wp\/v2\/product_tag?post=8835"}],"curies":[{"name":"wp","href":"https:\/\/api.w.org\/{rel}","templated":true}]}}