{"id":9005,"date":"2022-09-27T20:16:51","date_gmt":"2022-09-27T20:16:51","guid":{"rendered":"https:\/\/boutique-one-piece.com\/uncategorized\/figurine-one-piece-sabo-et-son-drapeau\/"},"modified":"2024-09-16T11:32:02","modified_gmt":"2024-09-16T11:32:02","slug":"one-piece-sabo-figurine-and-his-flag","status":"publish","type":"product","link":"https:\/\/boutique-one-piece.com\/en\/one-piece-figurines\/sabo-figurines\/one-piece-sabo-figurine-and-his-flag\/","title":{"rendered":"One Piece Sabo figure and his flag"},"content":{"rendered":"<h2>Young pirate, the time has come for you to get this One Piece Sabo Figurine and his Flag.<\/h2>\n<p>Here is a brief introduction to <strong>Sabo<\/strong>, (uniquement faite pour te rafraichir la m\u00e9moire) ! Sabo est n\u00e9 dans une famille de Noble, mais d\u00e9cida de s\u2019enfuir et de s\u2019installer dans le Grey Terminal. Il est devenu <strong>le fr\u00e8re d\u2019Ace et de Luffy<\/strong> en trinquant et en \u00e9changeant leurs coupes de sak\u00e9 appel\u00e9es aussi \u00ab\u00a0coupe de la fraternit\u00e9\u00a0\u00bb. On le croit mort apr\u00e8s qu\u2019un Dragon C\u00e9leste lui ait tir\u00e9 dessus. Sabo r\u00e9appara\u00eet \u00e0 Dressrosa, il est d\u00e9sormais le second de Dragon, le chef des R\u00e9volutionnaires.<\/p>\n<p>He wins the tournament at the Corrida Coliseum, which allows him to eat the <strong>Mera Mera no Mi<\/strong>, ayant jadis \u00e9t\u00e9 mang\u00e9 par son fr\u00e8re adoptif, Portgas D. Ace. Concernant le drapeau qu\u2019il brandit, tu dois savoir que ASL est la contraction de \u00ab\u00a0<strong>Ace Sabo Luffy<\/strong>\u00a0\u00bb ; c\u2019est \u00e9galement le nom de l\u2019\u00e9quipage pirate invent\u00e9 par les trois fr\u00e8res quand ils \u00e9taient petits. D\u2019ailleurs, si tu souhaites agrandir ta collection de figurines, les <a title=\"SET OF 3 ONE PIECE FIRE BROTHERS FIGURES\" href=\"https:\/\/boutique-one-piece.com\/en\/set-of-3-one-piece-figurines-the-fire-brothers\/\" target=\"_blank\" rel=\"noopener\">figurines of the 3 brothers<\/a> is within your reach.<\/p>\n<h3>Laisse-toi conqu\u00e9rir par la figurine de Sabo et de son drapeau \u00ab\u00a0ASL\u00a0\u00bb. Rejoins Sabo dans les rangs de l\u2019Arm\u00e9e r\u00e9volutionnaire et accomplie de grandes missions \u00e0 ses c\u00f4t\u00e9s.<\/h3>\n<p>Whether you&#039;re a die-hard fan or a serious collector, these <strong>mythical objects<\/strong> You&#039;re sure to love them. Use them to decorate your home, collect them, or even give them as gifts. One thing is certain: your destiny is in your hands, young pirate. <strong>The One Piece treasure<\/strong>, n\u2019attend que toi. <\/p>\n<h2>Information about the Sabo figurine and its flag\u00a0<\/h2>\n<ul data-mce-fragment=\"1\">\n<li data-mce-fragment=\"1\"><span data-mce-fragment=\"1\"><b data-mce-fragment=\"1\"><u data-mce-fragment=\"1\">One Piece figurine<\/u><\/b>\u00a0: Figurine\u00a0 premium de l\u2019univers One Piece pour les vrais pirates<\/span><\/li>\n<\/ul>\n<ul data-mce-fragment=\"1\">\n<li data-mce-fragment=\"1\">\n<b data-mce-fragment=\"1\">Matter<\/b><span data-mce-fragment=\"1\">\u00a0<\/span>PVC<\/li>\n<\/ul>\n<ul data-mce-fragment=\"1\">\n<li data-mce-fragment=\"1\"><span data-mce-fragment=\"1\"><strong data-mce-fragment=\"1\">Dimension<\/strong>\u00a0: 20 cm<\/span><\/li>\n<\/ul>\n<ul data-mce-fragment=\"1\">\n<li data-mce-fragment=\"1\"><span data-mce-fragment=\"1\"><strong data-mce-fragment=\"1\">FREE DELIVERY<\/strong><\/span><\/li>\n<\/ul>","protected":false},"excerpt":{"rendered":"<p>Jeune pirate, le moment est venu pour toi de te procurer cette Figurine One Piece Sabo et son Drapeau. Voici une br\u00e8ve pr\u00e9sentation de Sabo, (uniquement faite pour te rafraichir la m\u00e9moire) ! Sabo est n\u00e9 dans une famille de Noble, mais d\u00e9cida de s\u2019enfuir et de s\u2019installer dans le Grey Terminal. Il est devenu [&hellip;]<\/p>","protected":false},"featured_media":9007,"comment_status":"open","ping_status":"open","template":"","meta":[],"product_brand":[],"product_cat":[76,178],"product_tag":[180],"class_list":{"0":"post-9005","1":"product","2":"type-product","3":"status-publish","4":"has-post-thumbnail","6":"product_cat-figurines-one-piece","7":"product_cat-figurines-sabo","8":"product_tag-sabo","10":"first","11":"instock","12":"purchasable","13":"product-type-simple"},"yoast_head":"<!-- This site is optimized with the Yoast SEO plugin v27.5 - https:\/\/yoast.com\/product\/yoast-seo-wordpress\/ -->\n<title>Figurine One Piece Sabo et son Drapeau | Figurine One Piece \u2013 Boutique One Piece<\/title>\n<meta name=\"description\" content=\"Jeune pirate, le moment est venu pour toi de te procurer cette Figurine One Piece Sabo et son Drapeau. Voici une br\u00e8ve pr\u00e9sentation de Sabo, (uniquement faite pour te rafraichir la m\u00e9moire) ! Sabo est n\u00e9 dans une famille de Noble, mais d\u00e9cida de s&#039;enfuir et de s&#039;installer dans le Grey Terminal. Il est devenu le fr\u00e8re d\" \/>\n<meta name=\"robots\" content=\"index, follow, max-snippet:-1, max-image-preview:large, max-video-preview:-1\" \/>\n<link rel=\"canonical\" href=\"https:\/\/boutique-one-piece.com\/en\/one-piece-figurines\/sabo-figurines\/one-piece-sabo-figurine-and-his-flag\/\" \/>\n<meta property=\"og:locale\" content=\"en_US\" \/>\n<meta property=\"og:type\" content=\"article\" \/>\n<meta property=\"og:title\" content=\"Figurine One Piece Sabo et son Drapeau | Figurine One Piece \u2013 Boutique One Piece\" \/>\n<meta property=\"og:description\" content=\"Jeune pirate, le moment est venu pour toi de te procurer cette Figurine One Piece Sabo et son Drapeau. Voici une br\u00e8ve pr\u00e9sentation de Sabo, (uniquement faite pour te rafraichir la m\u00e9moire) ! Sabo est n\u00e9 dans une famille de Noble, mais d\u00e9cida de s&#039;enfuir et de s&#039;installer dans le Grey Terminal. Il est devenu le fr\u00e8re d\" \/>\n<meta property=\"og:url\" content=\"https:\/\/boutique-one-piece.com\/en\/one-piece-figurines\/sabo-figurines\/one-piece-sabo-figurine-and-his-flag\/\" \/>\n<meta property=\"og:site_name\" content=\"Boutique One Piece\" \/>\n<meta property=\"article:modified_time\" content=\"2024-09-16T11:32:02+00:00\" \/>\n<meta property=\"og:image\" content=\"https:\/\/boutique-one-piece.com\/wp-content\/uploads\/2022\/09\/Figurine-One-Piece-Sabo-et-son-Drapeau.jpg\" \/>\n\t<meta property=\"og:image:width\" content=\"640\" \/>\n\t<meta property=\"og:image:height\" content=\"640\" \/>\n\t<meta property=\"og:image:type\" content=\"image\/jpeg\" \/>\n<meta name=\"twitter:card\" content=\"summary_large_image\" \/>\n<meta name=\"twitter:label1\" content=\"Est. reading time\" \/>\n\t<meta name=\"twitter:data1\" content=\"2 minutes\" \/>\n<script type=\"application\/ld+json\" class=\"yoast-schema-graph\">{\"@context\":\"https:\\\/\\\/schema.org\",\"@graph\":[{\"@type\":\"WebPage\",\"@id\":\"https:\\\/\\\/boutique-one-piece.com\\\/figurines-one-piece\\\/figurines-sabo\\\/figurine-one-piece-sabo-et-son-drapeau\\\/\",\"url\":\"https:\\\/\\\/boutique-one-piece.com\\\/figurines-one-piece\\\/figurines-sabo\\\/figurine-one-piece-sabo-et-son-drapeau\\\/\",\"name\":\"Figurine One Piece Sabo et son Drapeau | Figurine One Piece \u2013 Boutique One Piece\",\"isPartOf\":{\"@id\":\"https:\\\/\\\/boutique-one-piece.com\\\/#website\"},\"primaryImageOfPage\":{\"@id\":\"https:\\\/\\\/boutique-one-piece.com\\\/figurines-one-piece\\\/figurines-sabo\\\/figurine-one-piece-sabo-et-son-drapeau\\\/#primaryimage\"},\"image\":{\"@id\":\"https:\\\/\\\/boutique-one-piece.com\\\/figurines-one-piece\\\/figurines-sabo\\\/figurine-one-piece-sabo-et-son-drapeau\\\/#primaryimage\"},\"thumbnailUrl\":\"https:\\\/\\\/boutique-one-piece.com\\\/wp-content\\\/uploads\\\/2022\\\/09\\\/Figurine-One-Piece-Sabo-et-son-Drapeau.jpg\",\"datePublished\":\"2022-09-27T20:16:51+00:00\",\"dateModified\":\"2024-09-16T11:32:02+00:00\",\"description\":\"Jeune pirate, le moment est venu pour toi de te procurer cette Figurine One Piece Sabo et son Drapeau. Voici une br\u00e8ve pr\u00e9sentation de Sabo, (uniquement faite pour te rafraichir la m\u00e9moire) ! Sabo est n\u00e9 dans une famille de Noble, mais d\u00e9cida de s'enfuir et de s'installer dans le Grey Terminal. Il est devenu le fr\u00e8re d\",\"breadcrumb\":{\"@id\":\"https:\\\/\\\/boutique-one-piece.com\\\/figurines-one-piece\\\/figurines-sabo\\\/figurine-one-piece-sabo-et-son-drapeau\\\/#breadcrumb\"},\"inLanguage\":\"en-US\",\"potentialAction\":[{\"@type\":\"ReadAction\",\"target\":[\"https:\\\/\\\/boutique-one-piece.com\\\/figurines-one-piece\\\/figurines-sabo\\\/figurine-one-piece-sabo-et-son-drapeau\\\/\"]}]},{\"@type\":\"ImageObject\",\"inLanguage\":\"en-US\",\"@id\":\"https:\\\/\\\/boutique-one-piece.com\\\/figurines-one-piece\\\/figurines-sabo\\\/figurine-one-piece-sabo-et-son-drapeau\\\/#primaryimage\",\"url\":\"https:\\\/\\\/boutique-one-piece.com\\\/wp-content\\\/uploads\\\/2022\\\/09\\\/Figurine-One-Piece-Sabo-et-son-Drapeau.jpg\",\"contentUrl\":\"https:\\\/\\\/boutique-one-piece.com\\\/wp-content\\\/uploads\\\/2022\\\/09\\\/Figurine-One-Piece-Sabo-et-son-Drapeau.jpg\",\"width\":640,\"height\":640,\"caption\":\"Figurine One Piece Sabo et son Drapeau Default Title\"},{\"@type\":\"BreadcrumbList\",\"@id\":\"https:\\\/\\\/boutique-one-piece.com\\\/figurines-one-piece\\\/figurines-sabo\\\/figurine-one-piece-sabo-et-son-drapeau\\\/#breadcrumb\",\"itemListElement\":[{\"@type\":\"ListItem\",\"position\":1,\"name\":\"Home\",\"item\":\"https:\\\/\\\/boutique-one-piece.com\\\/\"},{\"@type\":\"ListItem\",\"position\":2,\"name\":\"Shop\",\"item\":\"https:\\\/\\\/boutique-one-piece.com\\\/shop\\\/\"},{\"@type\":\"ListItem\",\"position\":3,\"name\":\"Figurine One Piece Sabo et son Drapeau\"}]},{\"@type\":\"WebSite\",\"@id\":\"https:\\\/\\\/boutique-one-piece.com\\\/#website\",\"url\":\"https:\\\/\\\/boutique-one-piece.com\\\/\",\"name\":\"Boutique One Piece\",\"description\":\"Magasin Sp\u00e9cialis\u00e9 du Manga et l&#039;Anime One Piece\",\"publisher\":{\"@id\":\"https:\\\/\\\/boutique-one-piece.com\\\/#organization\"},\"potentialAction\":[{\"@type\":\"SearchAction\",\"target\":{\"@type\":\"EntryPoint\",\"urlTemplate\":\"https:\\\/\\\/boutique-one-piece.com\\\/?s={search_term_string}\"},\"query-input\":{\"@type\":\"PropertyValueSpecification\",\"valueRequired\":true,\"valueName\":\"search_term_string\"}}],\"inLanguage\":\"en-US\"},{\"@type\":\"Organization\",\"@id\":\"https:\\\/\\\/boutique-one-piece.com\\\/#organization\",\"name\":\"Boutique One Piece\",\"url\":\"https:\\\/\\\/boutique-one-piece.com\\\/\",\"logo\":{\"@type\":\"ImageObject\",\"inLanguage\":\"en-US\",\"@id\":\"https:\\\/\\\/boutique-one-piece.com\\\/#\\\/schema\\\/logo\\\/image\\\/\",\"url\":\"https:\\\/\\\/boutique-one-piece.com\\\/wp-content\\\/uploads\\\/2022\\\/09\\\/Logo-01.png\",\"contentUrl\":\"https:\\\/\\\/boutique-one-piece.com\\\/wp-content\\\/uploads\\\/2022\\\/09\\\/Logo-01.png\",\"width\":2318,\"height\":957,\"caption\":\"Boutique One Piece\"},\"image\":{\"@id\":\"https:\\\/\\\/boutique-one-piece.com\\\/#\\\/schema\\\/logo\\\/image\\\/\"}}]}<\/script>\n<!-- \/ Yoast SEO plugin. -->","yoast_head_json":{"title":"One Piece Sabo Figure and his Flag | One Piece Figure \u2013 One Piece Shop","description":"Young pirate, the time has come for you to get your hands on this One Piece Sabo figure and his flag. Here&#039;s a brief introduction to Sabo (just to refresh your memory)! Sabo was born into a noble family, but decided to run away and settle in the Grey Terminal. He became the brother of","robots":{"index":"index","follow":"follow","max-snippet":"max-snippet:-1","max-image-preview":"max-image-preview:large","max-video-preview":"max-video-preview:-1"},"canonical":"https:\/\/boutique-one-piece.com\/en\/one-piece-figurines\/sabo-figurines\/one-piece-sabo-figurine-and-his-flag\/","og_locale":"en_US","og_type":"article","og_title":"Figurine One Piece Sabo et son Drapeau | Figurine One Piece \u2013 Boutique One Piece","og_description":"Jeune pirate, le moment est venu pour toi de te procurer cette Figurine One Piece Sabo et son Drapeau. Voici une br\u00e8ve pr\u00e9sentation de Sabo, (uniquement faite pour te rafraichir la m\u00e9moire) ! Sabo est n\u00e9 dans une famille de Noble, mais d\u00e9cida de s'enfuir et de s'installer dans le Grey Terminal. Il est devenu le fr\u00e8re d","og_url":"https:\/\/boutique-one-piece.com\/en\/one-piece-figurines\/sabo-figurines\/one-piece-sabo-figurine-and-his-flag\/","og_site_name":"Boutique One Piece","article_modified_time":"2024-09-16T11:32:02+00:00","og_image":[{"width":640,"height":640,"url":"https:\/\/boutique-one-piece.com\/wp-content\/uploads\/2022\/09\/Figurine-One-Piece-Sabo-et-son-Drapeau.jpg","type":"image\/jpeg"}],"twitter_card":"summary_large_image","twitter_misc":{"Est. reading time":"2 minutes"},"schema":{"@context":"https:\/\/schema.org","@graph":[{"@type":"WebPage","@id":"https:\/\/boutique-one-piece.com\/figurines-one-piece\/figurines-sabo\/figurine-one-piece-sabo-et-son-drapeau\/","url":"https:\/\/boutique-one-piece.com\/figurines-one-piece\/figurines-sabo\/figurine-one-piece-sabo-et-son-drapeau\/","name":"One Piece Sabo Figure and his Flag | One Piece Figure \u2013 One Piece Shop","isPartOf":{"@id":"https:\/\/boutique-one-piece.com\/#website"},"primaryImageOfPage":{"@id":"https:\/\/boutique-one-piece.com\/figurines-one-piece\/figurines-sabo\/figurine-one-piece-sabo-et-son-drapeau\/#primaryimage"},"image":{"@id":"https:\/\/boutique-one-piece.com\/figurines-one-piece\/figurines-sabo\/figurine-one-piece-sabo-et-son-drapeau\/#primaryimage"},"thumbnailUrl":"https:\/\/boutique-one-piece.com\/wp-content\/uploads\/2022\/09\/Figurine-One-Piece-Sabo-et-son-Drapeau.jpg","datePublished":"2022-09-27T20:16:51+00:00","dateModified":"2024-09-16T11:32:02+00:00","description":"Young pirate, the time has come for you to get your hands on this One Piece Sabo figure and his flag. Here&#039;s a brief introduction to Sabo (just to refresh your memory)! Sabo was born into a noble family, but decided to run away and settle in the Grey Terminal. He became the brother of","breadcrumb":{"@id":"https:\/\/boutique-one-piece.com\/figurines-one-piece\/figurines-sabo\/figurine-one-piece-sabo-et-son-drapeau\/#breadcrumb"},"inLanguage":"en-US","potentialAction":[{"@type":"ReadAction","target":["https:\/\/boutique-one-piece.com\/figurines-one-piece\/figurines-sabo\/figurine-one-piece-sabo-et-son-drapeau\/"]}]},{"@type":"ImageObject","inLanguage":"en-US","@id":"https:\/\/boutique-one-piece.com\/figurines-one-piece\/figurines-sabo\/figurine-one-piece-sabo-et-son-drapeau\/#primaryimage","url":"https:\/\/boutique-one-piece.com\/wp-content\/uploads\/2022\/09\/Figurine-One-Piece-Sabo-et-son-Drapeau.jpg","contentUrl":"https:\/\/boutique-one-piece.com\/wp-content\/uploads\/2022\/09\/Figurine-One-Piece-Sabo-et-son-Drapeau.jpg","width":640,"height":640,"caption":"Figurine One Piece Sabo et son Drapeau Default Title"},{"@type":"BreadcrumbList","@id":"https:\/\/boutique-one-piece.com\/figurines-one-piece\/figurines-sabo\/figurine-one-piece-sabo-et-son-drapeau\/#breadcrumb","itemListElement":[{"@type":"ListItem","position":1,"name":"Home","item":"https:\/\/boutique-one-piece.com\/"},{"@type":"ListItem","position":2,"name":"Shop","item":"https:\/\/boutique-one-piece.com\/shop\/"},{"@type":"ListItem","position":3,"name":"Figurine One Piece Sabo et son Drapeau"}]},{"@type":"WebSite","@id":"https:\/\/boutique-one-piece.com\/#website","url":"https:\/\/boutique-one-piece.com\/","name":"One Piece Shop","description":"Specialty store for One Piece Manga and Anime","publisher":{"@id":"https:\/\/boutique-one-piece.com\/#organization"},"potentialAction":[{"@type":"SearchAction","target":{"@type":"EntryPoint","urlTemplate":"https:\/\/boutique-one-piece.com\/?s={search_term_string}"},"query-input":{"@type":"PropertyValueSpecification","valueRequired":true,"valueName":"search_term_string"}}],"inLanguage":"en-US"},{"@type":"Organization","@id":"https:\/\/boutique-one-piece.com\/#organization","name":"One Piece Shop","url":"https:\/\/boutique-one-piece.com\/","logo":{"@type":"ImageObject","inLanguage":"en-US","@id":"https:\/\/boutique-one-piece.com\/#\/schema\/logo\/image\/","url":"https:\/\/boutique-one-piece.com\/wp-content\/uploads\/2022\/09\/Logo-01.png","contentUrl":"https:\/\/boutique-one-piece.com\/wp-content\/uploads\/2022\/09\/Logo-01.png","width":2318,"height":957,"caption":"Boutique One Piece"},"image":{"@id":"https:\/\/boutique-one-piece.com\/#\/schema\/logo\/image\/"}}]}},"_links":{"self":[{"href":"https:\/\/boutique-one-piece.com\/en\/wp-json\/wp\/v2\/product\/9005","targetHints":{"allow":["GET"]}}],"collection":[{"href":"https:\/\/boutique-one-piece.com\/en\/wp-json\/wp\/v2\/product"}],"about":[{"href":"https:\/\/boutique-one-piece.com\/en\/wp-json\/wp\/v2\/types\/product"}],"replies":[{"embeddable":true,"href":"https:\/\/boutique-one-piece.com\/en\/wp-json\/wp\/v2\/comments?post=9005"}],"wp:featuredmedia":[{"embeddable":true,"href":"https:\/\/boutique-one-piece.com\/en\/wp-json\/wp\/v2\/media\/9007"}],"wp:attachment":[{"href":"https:\/\/boutique-one-piece.com\/en\/wp-json\/wp\/v2\/media?parent=9005"}],"wp:term":[{"taxonomy":"product_brand","embeddable":true,"href":"https:\/\/boutique-one-piece.com\/en\/wp-json\/wp\/v2\/product_brand?post=9005"},{"taxonomy":"product_cat","embeddable":true,"href":"https:\/\/boutique-one-piece.com\/en\/wp-json\/wp\/v2\/product_cat?post=9005"},{"taxonomy":"product_tag","embeddable":true,"href":"https:\/\/boutique-one-piece.com\/en\/wp-json\/wp\/v2\/product_tag?post=9005"}],"curies":[{"name":"wp","href":"https:\/\/api.w.org\/{rel}","templated":true}]}}