{"id":9542,"date":"2022-09-27T20:20:50","date_gmt":"2022-09-27T20:20:50","guid":{"rendered":"https:\/\/boutique-one-piece.com\/uncategorized\/tee-shirt-one-piece-mera-mera-no-mi-ace-sabo\/"},"modified":"2024-09-16T11:45:28","modified_gmt":"2024-09-16T11:45:28","slug":"one-piece-t-shirt-mera-mera-no-mi-ace-sabo","status":"publish","type":"product","link":"https:\/\/boutique-one-piece.com\/en\/one-piece-clothes\/one-piece-t-shirts\/one-piece-t-shirt-mera-mera-no-mi-ace-sabo\/","title":{"rendered":"One Piece Mera Mera No Mi T-Shirt"},"content":{"rendered":"<p><meta charset=\"utf-8\"><\/p>\n<h2>\n<b>One Piece Ace and Sabo T-shirt with the Mera Mera No Mi<\/b><strong>\u00a0premium quality 100% cotton\u00a0<\/strong>Magnificent T-shirt with a touching scene between the two brothers and the Devil Fruit<\/h2>\n<p>If you are a\u00a0<strong>real pirate<\/strong>, You will appreciate the\u00a0<strong>quality<\/strong>\u00a0fabric and\u00a0<strong>3D Canvas printing<\/strong>\u00a0of this\u00a0<strong>One Piece t-shirt<\/strong>\u00a0But most importantly, with this\u00a0<strong>printed jersey<\/strong>\u00a0that&#039;s because you&#039;ll be part of\u00a0<strong>the fan crew<\/strong>\u00a0of\u00a0<strong>pirate manga<\/strong>\u00a0and you will obtain:<\/p>\n<ul>\n<li>\u00a0<strong>Admiration<\/strong>\u00a0of all the fans of\u00a0<strong>mugiwara<\/strong>\u00a0that you will encounter<\/li>\n<\/ul>\n<ul>\n<li>A real\u00a0<strong>printed t-shirt<\/strong>\u00a0with which you can\u00a0<strong>share<\/strong> your <strong>passion<\/strong> For <strong>the universe<\/strong> of the <strong>One Piece license<\/strong>\n<\/li>\n<\/ul>\n<p>So, ready to wear the\u00a0<strong>colors\u00a0<\/strong>of<b>\u00a0<\/b>your<b><span>\u00a0<\/span>favorite manga<\/b>\u00a0?<\/p>\n<h2>Are you a fan of the One Piece manga or anime? Show it off with this One Piece printed shirt!<\/h2>\n<p>If you\u00a0<strong>read<\/strong>\u00a0or wherever you look\u00a0<span>\u00a0<\/span><strong>Japanese anime<\/strong>, There&#039;s a good chance you&#039;ve become\u00a0<strong>crazy about One Piece<\/strong>\u00a0With this!<span>\u00a0<\/span><strong>One Piece T-Shirt<span>\u00a0Mera Mera No Mi<\/span><\/strong>, join the\u2019<strong>crew of fans of the franchise<\/strong><\/p>\n<p>This\u00a0<strong>white t-shirt<\/strong>\u00a0is available in sizes\u00a0<strong>XS<\/strong>,<strong>\u00a0S<\/strong>,<strong>\u00a0M<\/strong>,<strong>\u00a0L<\/strong>,\u00a0<strong>XL<\/strong>,\u00a0<strong>XXL<\/strong>, It will suit all categories of pirates.,<span>\u00a0<\/span><strong>man<\/strong>\u00a0Or<span>\u00a0<\/span><strong>women<\/strong>, even if you don&#039;t have\u00a0<strong>sword<\/strong>\u00a0or\u00a0<strong>devil fruit<\/strong>\u00a0You can still wear it proudly.<\/p>\n<h2>Information about the T-shirt:\u00a0<\/h2>\n<ul>\n<li>\u00a0<strong>Premium quality jersey\u00a0<\/strong>: has a\u00a0<strong>high grammage<\/strong>, with quality materials<\/li>\n<\/ul>\n<ul>\n<li>\n<strong>Loose Fit<\/strong>\u00a0:\u00a0\u00a0<strong>t-shirt<\/strong>\u00a0with a\u00a0<strong>wide cut<\/strong>, for added comfort<\/li>\n<\/ul>\n<ul>\n<li>\n<strong>Very comfortable\u00a0<\/strong>with these\u00a0<strong>fibers<\/strong>\u00a0of\u00a0<strong>cotton<\/strong>\u00a0great\u00a0<strong>soft<\/strong>, there is no\u00a0<strong>friction<\/strong>\n<\/li>\n<\/ul>\n<ul>\n<li>\n<strong>3D digital printing<\/strong>\u00a0:\u00a0<strong>printed t-shirt<\/strong>\u00a0with an original design,\u00a0<strong>Canvas Print<\/strong>\n<\/li>\n<\/ul>\n<ul>\n<li>\n<strong>Organic cotton\u00a0<\/strong>: quality cotton with\u00a0<strong>extra long fibers<\/strong>\n<\/li>\n<\/ul>\n<ul>\n<li>\n<strong>Free Delivery\u00a0<\/strong>for any purchase<\/li>\n<\/ul>\n<h2><strong>Don&#039;t forget to take a look at the size guide below.<\/strong><\/h2>\n<p><span><img decoding=\"async\" alt=\"One Piece T-shirt Size Guide\" src=\"https:\/\/cdn.shopify.com\/s\/files\/1\/0087\/7556\/5348\/files\/boutque__one__piece__tableau__taille__t-shirt_large.jpg?v=1559655065\"><\/span><\/p>\n<p><meta charset=\"utf-8\"><\/p>\n<h3>Washing Instructions:<\/h3>\n<ul>\n<li>Machine wash at 30\u00b0C, delicate cycle<\/li>\n<\/ul>\n<ul>\n<li>Go back to<span>\u00a0<\/span>the reverse<\/li>\n<\/ul>\n<p>For<span>\u00a0<\/span><strong>preserve the quality<\/strong><span>\u00a0<\/span>of this<span>\u00a0<\/span><strong>One Piece t-shirt<\/strong>, we recommend that you<span>\u00a0<\/span><strong>respect<\/strong><span>\u00a0<\/span>THE<span>\u00a0<\/span><strong>washing instructions<\/strong>.<\/p>","protected":false},"excerpt":{"rendered":"<p>One Piece Ace and Sabo T-Shirt with the Mera Mera No Mi, Premium Quality 100% Cotton: Magnificent T-shirt with a touching scene between the two brothers and the Devil Fruit. If you&#039;re a true pirate, you&#039;ll appreciate the quality of the fabric and the 3D canvas print of this One Piece t-shirt! But most importantly, with this printed shirt, you&#039;ll be part of [\u2026]<\/p>","protected":false},"featured_media":9544,"comment_status":"open","ping_status":"open","template":"","meta":[],"product_brand":[],"product_cat":[53],"product_tag":[176,180],"class_list":{"0":"post-9542","1":"product","2":"type-product","3":"status-publish","4":"has-post-thumbnail","6":"product_cat-t-shirts-one-piece","7":"product_tag-ace","8":"product_tag-sabo","10":"first","11":"instock","12":"purchasable","13":"product-type-variable","14":"has-default-attributes"},"yoast_head":"<!-- This site is optimized with the Yoast SEO plugin v27.5 - https:\/\/yoast.com\/product\/yoast-seo-wordpress\/ -->\n<title>T-Shirt One Piece Mera Mera No Mi Porgas D. Ace et Sabo<\/title>\n<meta name=\"description\" content=\"T-Shirt One Piece Ace et Sabo avec le Mera Mera No Mi de qualit\u00e9 sup\u00e9rieur Magnifique T-Shirt avec une Sc\u00e8ne Touchante avec les Deux Fr\u00e8res et le Fruit du D\u00e9mon\" \/>\n<meta name=\"robots\" content=\"index, follow, max-snippet:-1, max-image-preview:large, max-video-preview:-1\" \/>\n<link rel=\"canonical\" href=\"https:\/\/boutique-one-piece.com\/en\/one-piece-clothes\/one-piece-t-shirts\/one-piece-t-shirt-mera-mera-no-mi-ace-sabo\/\" \/>\n<meta property=\"og:locale\" content=\"en_US\" \/>\n<meta property=\"og:type\" content=\"article\" \/>\n<meta property=\"og:title\" content=\"T-Shirt One Piece Mera Mera No Mi Porgas D. Ace et Sabo\" \/>\n<meta property=\"og:description\" content=\"T-Shirt One Piece Ace et Sabo avec le Mera Mera No Mi de qualit\u00e9 sup\u00e9rieur Magnifique T-Shirt avec une Sc\u00e8ne Touchante avec les Deux Fr\u00e8res et le Fruit du D\u00e9mon\" \/>\n<meta property=\"og:url\" content=\"https:\/\/boutique-one-piece.com\/en\/one-piece-clothes\/one-piece-t-shirts\/one-piece-t-shirt-mera-mera-no-mi-ace-sabo\/\" \/>\n<meta property=\"og:site_name\" content=\"Boutique One Piece\" \/>\n<meta property=\"article:modified_time\" content=\"2024-09-16T11:45:28+00:00\" \/>\n<meta property=\"og:image\" content=\"https:\/\/boutique-one-piece.com\/wp-content\/uploads\/2022\/09\/T-Shirt-One-Piece-Mera-Mera-No-Mi.jpg\" \/>\n\t<meta property=\"og:image:width\" content=\"600\" \/>\n\t<meta property=\"og:image:height\" content=\"600\" \/>\n\t<meta property=\"og:image:type\" content=\"image\/jpeg\" \/>\n<meta name=\"twitter:card\" content=\"summary_large_image\" \/>\n<meta name=\"twitter:label1\" content=\"Est. reading time\" \/>\n\t<meta name=\"twitter:data1\" content=\"2 minutes\" \/>\n<script type=\"application\/ld+json\" class=\"yoast-schema-graph\">{\"@context\":\"https:\\\/\\\/schema.org\",\"@graph\":[{\"@type\":\"WebPage\",\"@id\":\"https:\\\/\\\/boutique-one-piece.com\\\/vetements-one-piece\\\/t-shirts-one-piece\\\/tee-shirt-one-piece-mera-mera-no-mi-ace-sabo\\\/\",\"url\":\"https:\\\/\\\/boutique-one-piece.com\\\/vetements-one-piece\\\/t-shirts-one-piece\\\/tee-shirt-one-piece-mera-mera-no-mi-ace-sabo\\\/\",\"name\":\"T-Shirt One Piece Mera Mera No Mi Porgas D. Ace et Sabo\",\"isPartOf\":{\"@id\":\"https:\\\/\\\/boutique-one-piece.com\\\/#website\"},\"primaryImageOfPage\":{\"@id\":\"https:\\\/\\\/boutique-one-piece.com\\\/vetements-one-piece\\\/t-shirts-one-piece\\\/tee-shirt-one-piece-mera-mera-no-mi-ace-sabo\\\/#primaryimage\"},\"image\":{\"@id\":\"https:\\\/\\\/boutique-one-piece.com\\\/vetements-one-piece\\\/t-shirts-one-piece\\\/tee-shirt-one-piece-mera-mera-no-mi-ace-sabo\\\/#primaryimage\"},\"thumbnailUrl\":\"https:\\\/\\\/boutique-one-piece.com\\\/wp-content\\\/uploads\\\/2022\\\/09\\\/T-Shirt-One-Piece-Mera-Mera-No-Mi.jpg\",\"datePublished\":\"2022-09-27T20:20:50+00:00\",\"dateModified\":\"2024-09-16T11:45:28+00:00\",\"description\":\"T-Shirt One Piece Ace et Sabo avec le Mera Mera No Mi de qualit\u00e9 sup\u00e9rieur Magnifique T-Shirt avec une Sc\u00e8ne Touchante avec les Deux Fr\u00e8res et le Fruit du D\u00e9mon\",\"breadcrumb\":{\"@id\":\"https:\\\/\\\/boutique-one-piece.com\\\/vetements-one-piece\\\/t-shirts-one-piece\\\/tee-shirt-one-piece-mera-mera-no-mi-ace-sabo\\\/#breadcrumb\"},\"inLanguage\":\"en-US\",\"potentialAction\":[{\"@type\":\"ReadAction\",\"target\":[\"https:\\\/\\\/boutique-one-piece.com\\\/vetements-one-piece\\\/t-shirts-one-piece\\\/tee-shirt-one-piece-mera-mera-no-mi-ace-sabo\\\/\"]}]},{\"@type\":\"ImageObject\",\"inLanguage\":\"en-US\",\"@id\":\"https:\\\/\\\/boutique-one-piece.com\\\/vetements-one-piece\\\/t-shirts-one-piece\\\/tee-shirt-one-piece-mera-mera-no-mi-ace-sabo\\\/#primaryimage\",\"url\":\"https:\\\/\\\/boutique-one-piece.com\\\/wp-content\\\/uploads\\\/2022\\\/09\\\/T-Shirt-One-Piece-Mera-Mera-No-Mi.jpg\",\"contentUrl\":\"https:\\\/\\\/boutique-one-piece.com\\\/wp-content\\\/uploads\\\/2022\\\/09\\\/T-Shirt-One-Piece-Mera-Mera-No-Mi.jpg\",\"width\":600,\"height\":600,\"caption\":\"T-Shirt One Piece Mera Mera No Mi xxl\"},{\"@type\":\"BreadcrumbList\",\"@id\":\"https:\\\/\\\/boutique-one-piece.com\\\/vetements-one-piece\\\/t-shirts-one-piece\\\/tee-shirt-one-piece-mera-mera-no-mi-ace-sabo\\\/#breadcrumb\",\"itemListElement\":[{\"@type\":\"ListItem\",\"position\":1,\"name\":\"Home\",\"item\":\"https:\\\/\\\/boutique-one-piece.com\\\/\"},{\"@type\":\"ListItem\",\"position\":2,\"name\":\"Shop\",\"item\":\"https:\\\/\\\/boutique-one-piece.com\\\/shop\\\/\"},{\"@type\":\"ListItem\",\"position\":3,\"name\":\"T-Shirt One Piece Mera Mera No Mi\"}]},{\"@type\":\"WebSite\",\"@id\":\"https:\\\/\\\/boutique-one-piece.com\\\/#website\",\"url\":\"https:\\\/\\\/boutique-one-piece.com\\\/\",\"name\":\"Boutique One Piece\",\"description\":\"Magasin Sp\u00e9cialis\u00e9 du Manga et l&#039;Anime One Piece\",\"publisher\":{\"@id\":\"https:\\\/\\\/boutique-one-piece.com\\\/#organization\"},\"potentialAction\":[{\"@type\":\"SearchAction\",\"target\":{\"@type\":\"EntryPoint\",\"urlTemplate\":\"https:\\\/\\\/boutique-one-piece.com\\\/?s={search_term_string}\"},\"query-input\":{\"@type\":\"PropertyValueSpecification\",\"valueRequired\":true,\"valueName\":\"search_term_string\"}}],\"inLanguage\":\"en-US\"},{\"@type\":\"Organization\",\"@id\":\"https:\\\/\\\/boutique-one-piece.com\\\/#organization\",\"name\":\"Boutique One Piece\",\"url\":\"https:\\\/\\\/boutique-one-piece.com\\\/\",\"logo\":{\"@type\":\"ImageObject\",\"inLanguage\":\"en-US\",\"@id\":\"https:\\\/\\\/boutique-one-piece.com\\\/#\\\/schema\\\/logo\\\/image\\\/\",\"url\":\"https:\\\/\\\/boutique-one-piece.com\\\/wp-content\\\/uploads\\\/2022\\\/09\\\/Logo-01.png\",\"contentUrl\":\"https:\\\/\\\/boutique-one-piece.com\\\/wp-content\\\/uploads\\\/2022\\\/09\\\/Logo-01.png\",\"width\":2318,\"height\":957,\"caption\":\"Boutique One Piece\"},\"image\":{\"@id\":\"https:\\\/\\\/boutique-one-piece.com\\\/#\\\/schema\\\/logo\\\/image\\\/\"}}]}<\/script>\n<!-- \/ Yoast SEO plugin. -->","yoast_head_json":{"title":"One Piece Mera Mera No Mi Porgas D. Ace and Sabo T-Shirt","description":"One Piece Ace and Sabo T-Shirt with the Mera Mera no Mi - High Quality - Magnificent T-Shirt with a Touching Scene featuring the Two Brothers and the Devil Fruit","robots":{"index":"index","follow":"follow","max-snippet":"max-snippet:-1","max-image-preview":"max-image-preview:large","max-video-preview":"max-video-preview:-1"},"canonical":"https:\/\/boutique-one-piece.com\/en\/one-piece-clothes\/one-piece-t-shirts\/one-piece-t-shirt-mera-mera-no-mi-ace-sabo\/","og_locale":"en_US","og_type":"article","og_title":"T-Shirt One Piece Mera Mera No Mi Porgas D. Ace et Sabo","og_description":"T-Shirt One Piece Ace et Sabo avec le Mera Mera No Mi de qualit\u00e9 sup\u00e9rieur Magnifique T-Shirt avec une Sc\u00e8ne Touchante avec les Deux Fr\u00e8res et le Fruit du D\u00e9mon","og_url":"https:\/\/boutique-one-piece.com\/en\/one-piece-clothes\/one-piece-t-shirts\/one-piece-t-shirt-mera-mera-no-mi-ace-sabo\/","og_site_name":"Boutique One Piece","article_modified_time":"2024-09-16T11:45:28+00:00","og_image":[{"width":600,"height":600,"url":"https:\/\/boutique-one-piece.com\/wp-content\/uploads\/2022\/09\/T-Shirt-One-Piece-Mera-Mera-No-Mi.jpg","type":"image\/jpeg"}],"twitter_card":"summary_large_image","twitter_misc":{"Est. reading time":"2 minutes"},"schema":{"@context":"https:\/\/schema.org","@graph":[{"@type":"WebPage","@id":"https:\/\/boutique-one-piece.com\/vetements-one-piece\/t-shirts-one-piece\/tee-shirt-one-piece-mera-mera-no-mi-ace-sabo\/","url":"https:\/\/boutique-one-piece.com\/vetements-one-piece\/t-shirts-one-piece\/tee-shirt-one-piece-mera-mera-no-mi-ace-sabo\/","name":"One Piece Mera Mera No Mi Porgas D. Ace and Sabo T-Shirt","isPartOf":{"@id":"https:\/\/boutique-one-piece.com\/#website"},"primaryImageOfPage":{"@id":"https:\/\/boutique-one-piece.com\/vetements-one-piece\/t-shirts-one-piece\/tee-shirt-one-piece-mera-mera-no-mi-ace-sabo\/#primaryimage"},"image":{"@id":"https:\/\/boutique-one-piece.com\/vetements-one-piece\/t-shirts-one-piece\/tee-shirt-one-piece-mera-mera-no-mi-ace-sabo\/#primaryimage"},"thumbnailUrl":"https:\/\/boutique-one-piece.com\/wp-content\/uploads\/2022\/09\/T-Shirt-One-Piece-Mera-Mera-No-Mi.jpg","datePublished":"2022-09-27T20:20:50+00:00","dateModified":"2024-09-16T11:45:28+00:00","description":"One Piece Ace and Sabo T-Shirt with the Mera Mera no Mi - High Quality - Magnificent T-Shirt with a Touching Scene featuring the Two Brothers and the Devil Fruit","breadcrumb":{"@id":"https:\/\/boutique-one-piece.com\/vetements-one-piece\/t-shirts-one-piece\/tee-shirt-one-piece-mera-mera-no-mi-ace-sabo\/#breadcrumb"},"inLanguage":"en-US","potentialAction":[{"@type":"ReadAction","target":["https:\/\/boutique-one-piece.com\/vetements-one-piece\/t-shirts-one-piece\/tee-shirt-one-piece-mera-mera-no-mi-ace-sabo\/"]}]},{"@type":"ImageObject","inLanguage":"en-US","@id":"https:\/\/boutique-one-piece.com\/vetements-one-piece\/t-shirts-one-piece\/tee-shirt-one-piece-mera-mera-no-mi-ace-sabo\/#primaryimage","url":"https:\/\/boutique-one-piece.com\/wp-content\/uploads\/2022\/09\/T-Shirt-One-Piece-Mera-Mera-No-Mi.jpg","contentUrl":"https:\/\/boutique-one-piece.com\/wp-content\/uploads\/2022\/09\/T-Shirt-One-Piece-Mera-Mera-No-Mi.jpg","width":600,"height":600,"caption":"T-Shirt One Piece Mera Mera No Mi xxl"},{"@type":"BreadcrumbList","@id":"https:\/\/boutique-one-piece.com\/vetements-one-piece\/t-shirts-one-piece\/tee-shirt-one-piece-mera-mera-no-mi-ace-sabo\/#breadcrumb","itemListElement":[{"@type":"ListItem","position":1,"name":"Home","item":"https:\/\/boutique-one-piece.com\/"},{"@type":"ListItem","position":2,"name":"Shop","item":"https:\/\/boutique-one-piece.com\/shop\/"},{"@type":"ListItem","position":3,"name":"T-Shirt One Piece Mera Mera No Mi"}]},{"@type":"WebSite","@id":"https:\/\/boutique-one-piece.com\/#website","url":"https:\/\/boutique-one-piece.com\/","name":"One Piece Shop","description":"Specialty store for One Piece Manga and Anime","publisher":{"@id":"https:\/\/boutique-one-piece.com\/#organization"},"potentialAction":[{"@type":"SearchAction","target":{"@type":"EntryPoint","urlTemplate":"https:\/\/boutique-one-piece.com\/?s={search_term_string}"},"query-input":{"@type":"PropertyValueSpecification","valueRequired":true,"valueName":"search_term_string"}}],"inLanguage":"en-US"},{"@type":"Organization","@id":"https:\/\/boutique-one-piece.com\/#organization","name":"One Piece Shop","url":"https:\/\/boutique-one-piece.com\/","logo":{"@type":"ImageObject","inLanguage":"en-US","@id":"https:\/\/boutique-one-piece.com\/#\/schema\/logo\/image\/","url":"https:\/\/boutique-one-piece.com\/wp-content\/uploads\/2022\/09\/Logo-01.png","contentUrl":"https:\/\/boutique-one-piece.com\/wp-content\/uploads\/2022\/09\/Logo-01.png","width":2318,"height":957,"caption":"Boutique One Piece"},"image":{"@id":"https:\/\/boutique-one-piece.com\/#\/schema\/logo\/image\/"}}]}},"_links":{"self":[{"href":"https:\/\/boutique-one-piece.com\/en\/wp-json\/wp\/v2\/product\/9542","targetHints":{"allow":["GET"]}}],"collection":[{"href":"https:\/\/boutique-one-piece.com\/en\/wp-json\/wp\/v2\/product"}],"about":[{"href":"https:\/\/boutique-one-piece.com\/en\/wp-json\/wp\/v2\/types\/product"}],"replies":[{"embeddable":true,"href":"https:\/\/boutique-one-piece.com\/en\/wp-json\/wp\/v2\/comments?post=9542"}],"wp:featuredmedia":[{"embeddable":true,"href":"https:\/\/boutique-one-piece.com\/en\/wp-json\/wp\/v2\/media\/9544"}],"wp:attachment":[{"href":"https:\/\/boutique-one-piece.com\/en\/wp-json\/wp\/v2\/media?parent=9542"}],"wp:term":[{"taxonomy":"product_brand","embeddable":true,"href":"https:\/\/boutique-one-piece.com\/en\/wp-json\/wp\/v2\/product_brand?post=9542"},{"taxonomy":"product_cat","embeddable":true,"href":"https:\/\/boutique-one-piece.com\/en\/wp-json\/wp\/v2\/product_cat?post=9542"},{"taxonomy":"product_tag","embeddable":true,"href":"https:\/\/boutique-one-piece.com\/en\/wp-json\/wp\/v2\/product_tag?post=9542"}],"curies":[{"name":"wp","href":"https:\/\/api.w.org\/{rel}","templated":true}]}}