{"id":9812,"date":"2022-09-27T20:22:31","date_gmt":"2022-09-27T20:22:31","guid":{"rendered":"https:\/\/boutique-one-piece.com\/uncategorized\/figurine-one-piece-marco-mode-phoenix\/"},"modified":"2024-09-16T11:52:01","modified_gmt":"2024-09-16T11:52:01","slug":"one-piece-figurine-marco-mode-phoenix","status":"publish","type":"product","link":"https:\/\/boutique-one-piece.com\/en\/one-piece-figurines\/one-piece-figurine-marco-mode-phoenix\/","title":{"rendered":"One Piece Marco Mode Phoenix Figure"},"content":{"rendered":"<h2>Jeune pirate, le moment est venu pour toi de t\u2019emparer de cette Figurine One Piece Marco Mode Phoenix.<\/h2>\n<p>As a reminder, the Tori Tori no Mi, Model: Phoenix, is a Mythical Zoan-type Devil Fruit eaten by <strong>Marco<\/strong>. Apparaissant pour la premi\u00e8re fois lors de la bataille de Marineford, il lui permet de se transformer en Ph\u00e9nix ou en une forme hybride. Pour en revenir \u00e0 Marco, voici ce que tu dois savoir \u00e0 son sujet ; Marco, \u00e9tait le commandant de la Premi\u00e8re Division de L\u2019\u00c9quipage de Barbe Blanche.<\/p>\n<p>Il \u00e9tait aussi le bras droit du Yonko Barbe Blanche ainsi que son confident le plus proche. Suite \u00e0 la Guerre de Repr\u00e9sailles, Marco est retourn\u00e9 \u00e0 Sphinx, l\u2019\u00eele de naissance de son d\u00e9funt capitaine. Il agit d\u00e9sormais en tant que <strong>doctor and protector<\/strong> des habitants de l\u2019\u00eele et des membres de l\u2019\u00e9quipage de Barbe Blanche. D\u2019ailleurs, si tu souhaites agrandir ta collection de figurines, la <a title=\"ONE PIECE EDWARD NEWGATE THE EMPEROR WHITEBEARD\" href=\"https:\/\/boutique-one-piece.com\/en\/one-piece-edward-newgate-the-whitebeard-emperor\/\" target=\"_blank\" rel=\"noopener\">figurine Edward Newgate L\u2019Empereur Barbe Blanche<\/a> is within your reach.<\/p>\n<p><strong>So, captivated by Marco aka Marco the Phoenix? If so, join him on Sphinx and help him accomplish his mission.<\/strong><\/p>\n<p><strong>One Piece<\/strong> est le manga le plus vendu au monde. Sois fier de faire partie de cette aventure et continue de revendiquer ton engouement pour cette s\u00e9rie. Que tu sois un fan de la premi\u00e8re heure ou un fin collectionneur, ces objets mythiques sont forc\u00e9ment faits pour toi. Alors, n\u2019attends plus et saute sur l\u2019occasion de devenir un membre de l\u2019\u00e9quipage <strong>straw hat<\/strong>. Your destiny is in your hands, young pirate!<\/p>\n<h2>Information about Marco Mode Phoenix Figure\u00a0<\/h2>\n<ul>\n<li><span><b><u>One Piece figurine<\/u><\/b>\u00a0: Figurine\u00a0 premium de l\u2019univers One Piece pour les vrais pirates<\/span><\/li>\n<\/ul>\n<ul>\n<li>\n<b>Matter<\/b><span>\u00a0<\/span>PVC<\/li>\n<\/ul>\n<ul>\n<li><span><strong>Dimension<\/strong>\u00a0: 39 cm<\/span><\/li>\n<\/ul>\n<ul>\n<li><span><strong>FREE DELIVERY<\/strong><\/span><\/li>\n<\/ul>","protected":false},"excerpt":{"rendered":"<p>Jeune pirate, le moment est venu pour toi de t\u2019emparer de cette Figurine One Piece Marco Mode Phoenix. Pour rappel, Le Tori Tori no Mi, mod\u00e8le Phoenix, est un Fruit du D\u00e9mon de type Zoan Mythique mang\u00e9 par Marco. Apparaissant pour la premi\u00e8re fois lors de la bataille de Marineford, il lui permet de se [&hellip;]<\/p>","protected":false},"featured_media":9814,"comment_status":"open","ping_status":"open","template":"","meta":[],"product_brand":[],"product_cat":[76],"product_tag":[210],"class_list":{"0":"post-9812","1":"product","2":"type-product","3":"status-publish","4":"has-post-thumbnail","6":"product_cat-figurines-one-piece","7":"product_tag-marco","9":"first","10":"instock","11":"purchasable","12":"product-type-simple"},"yoast_head":"<!-- This site is optimized with the Yoast SEO plugin v27.5 - https:\/\/yoast.com\/product\/yoast-seo-wordpress\/ -->\n<title>Figurine One Piece Marco Mode Phoenix | Figurine One Piece \u2013 Boutique One Piece<\/title>\n<meta name=\"description\" content=\"Jeune pirate, le moment est venu pour toi de t&#039;emparer de cette Figurine One Piece Marco Mode Phoenix. Pour rappel, Le Tori Tori no Mi, mod\u00e8le Phoenix, est un Fruit du D\u00e9mon de type Zoan Mythique mang\u00e9 par Marco. Apparaissant pour la premi\u00e8re fois lors de la bataille de Marineford, il lui permet de se transformer en Ph\" \/>\n<meta name=\"robots\" content=\"index, follow, max-snippet:-1, max-image-preview:large, max-video-preview:-1\" \/>\n<link rel=\"canonical\" href=\"https:\/\/boutique-one-piece.com\/en\/one-piece-figurines\/one-piece-figurine-marco-mode-phoenix\/\" \/>\n<meta property=\"og:locale\" content=\"en_US\" \/>\n<meta property=\"og:type\" content=\"article\" \/>\n<meta property=\"og:title\" content=\"Figurine One Piece Marco Mode Phoenix | Figurine One Piece \u2013 Boutique One Piece\" \/>\n<meta property=\"og:description\" content=\"Jeune pirate, le moment est venu pour toi de t&#039;emparer de cette Figurine One Piece Marco Mode Phoenix. Pour rappel, Le Tori Tori no Mi, mod\u00e8le Phoenix, est un Fruit du D\u00e9mon de type Zoan Mythique mang\u00e9 par Marco. Apparaissant pour la premi\u00e8re fois lors de la bataille de Marineford, il lui permet de se transformer en Ph\" \/>\n<meta property=\"og:url\" content=\"https:\/\/boutique-one-piece.com\/en\/one-piece-figurines\/one-piece-figurine-marco-mode-phoenix\/\" \/>\n<meta property=\"og:site_name\" content=\"Boutique One Piece\" \/>\n<meta property=\"article:modified_time\" content=\"2024-09-16T11:52:01+00:00\" \/>\n<meta property=\"og:image\" content=\"https:\/\/boutique-one-piece.com\/wp-content\/uploads\/2022\/09\/Figurine-One-Piece-Marco-Mode-Phoenix.jpg\" \/>\n\t<meta property=\"og:image:width\" content=\"640\" \/>\n\t<meta property=\"og:image:height\" content=\"640\" \/>\n\t<meta property=\"og:image:type\" content=\"image\/jpeg\" \/>\n<meta name=\"twitter:card\" content=\"summary_large_image\" \/>\n<meta name=\"twitter:label1\" content=\"Est. reading time\" \/>\n\t<meta name=\"twitter:data1\" content=\"2 minutes\" \/>\n<script type=\"application\/ld+json\" class=\"yoast-schema-graph\">{\"@context\":\"https:\\\/\\\/schema.org\",\"@graph\":[{\"@type\":\"WebPage\",\"@id\":\"https:\\\/\\\/boutique-one-piece.com\\\/figurines-one-piece\\\/figurine-one-piece-marco-mode-phoenix\\\/\",\"url\":\"https:\\\/\\\/boutique-one-piece.com\\\/figurines-one-piece\\\/figurine-one-piece-marco-mode-phoenix\\\/\",\"name\":\"Figurine One Piece Marco Mode Phoenix | Figurine One Piece \u2013 Boutique One Piece\",\"isPartOf\":{\"@id\":\"https:\\\/\\\/boutique-one-piece.com\\\/#website\"},\"primaryImageOfPage\":{\"@id\":\"https:\\\/\\\/boutique-one-piece.com\\\/figurines-one-piece\\\/figurine-one-piece-marco-mode-phoenix\\\/#primaryimage\"},\"image\":{\"@id\":\"https:\\\/\\\/boutique-one-piece.com\\\/figurines-one-piece\\\/figurine-one-piece-marco-mode-phoenix\\\/#primaryimage\"},\"thumbnailUrl\":\"https:\\\/\\\/boutique-one-piece.com\\\/wp-content\\\/uploads\\\/2022\\\/09\\\/Figurine-One-Piece-Marco-Mode-Phoenix.jpg\",\"datePublished\":\"2022-09-27T20:22:31+00:00\",\"dateModified\":\"2024-09-16T11:52:01+00:00\",\"description\":\"Jeune pirate, le moment est venu pour toi de t'emparer de cette Figurine One Piece Marco Mode Phoenix. Pour rappel, Le Tori Tori no Mi, mod\u00e8le Phoenix, est un Fruit du D\u00e9mon de type Zoan Mythique mang\u00e9 par Marco. Apparaissant pour la premi\u00e8re fois lors de la bataille de Marineford, il lui permet de se transformer en Ph\",\"breadcrumb\":{\"@id\":\"https:\\\/\\\/boutique-one-piece.com\\\/figurines-one-piece\\\/figurine-one-piece-marco-mode-phoenix\\\/#breadcrumb\"},\"inLanguage\":\"en-US\",\"potentialAction\":[{\"@type\":\"ReadAction\",\"target\":[\"https:\\\/\\\/boutique-one-piece.com\\\/figurines-one-piece\\\/figurine-one-piece-marco-mode-phoenix\\\/\"]}]},{\"@type\":\"ImageObject\",\"inLanguage\":\"en-US\",\"@id\":\"https:\\\/\\\/boutique-one-piece.com\\\/figurines-one-piece\\\/figurine-one-piece-marco-mode-phoenix\\\/#primaryimage\",\"url\":\"https:\\\/\\\/boutique-one-piece.com\\\/wp-content\\\/uploads\\\/2022\\\/09\\\/Figurine-One-Piece-Marco-Mode-Phoenix.jpg\",\"contentUrl\":\"https:\\\/\\\/boutique-one-piece.com\\\/wp-content\\\/uploads\\\/2022\\\/09\\\/Figurine-One-Piece-Marco-Mode-Phoenix.jpg\",\"width\":640,\"height\":640,\"caption\":\"Figurine One Piece Marco Mode Phoenix Default Title\"},{\"@type\":\"BreadcrumbList\",\"@id\":\"https:\\\/\\\/boutique-one-piece.com\\\/figurines-one-piece\\\/figurine-one-piece-marco-mode-phoenix\\\/#breadcrumb\",\"itemListElement\":[{\"@type\":\"ListItem\",\"position\":1,\"name\":\"Home\",\"item\":\"https:\\\/\\\/boutique-one-piece.com\\\/\"},{\"@type\":\"ListItem\",\"position\":2,\"name\":\"Shop\",\"item\":\"https:\\\/\\\/boutique-one-piece.com\\\/shop\\\/\"},{\"@type\":\"ListItem\",\"position\":3,\"name\":\"Figurine One Piece Marco Mode Phoenix\"}]},{\"@type\":\"WebSite\",\"@id\":\"https:\\\/\\\/boutique-one-piece.com\\\/#website\",\"url\":\"https:\\\/\\\/boutique-one-piece.com\\\/\",\"name\":\"Boutique One Piece\",\"description\":\"Magasin Sp\u00e9cialis\u00e9 du Manga et l&#039;Anime One Piece\",\"publisher\":{\"@id\":\"https:\\\/\\\/boutique-one-piece.com\\\/#organization\"},\"potentialAction\":[{\"@type\":\"SearchAction\",\"target\":{\"@type\":\"EntryPoint\",\"urlTemplate\":\"https:\\\/\\\/boutique-one-piece.com\\\/?s={search_term_string}\"},\"query-input\":{\"@type\":\"PropertyValueSpecification\",\"valueRequired\":true,\"valueName\":\"search_term_string\"}}],\"inLanguage\":\"en-US\"},{\"@type\":\"Organization\",\"@id\":\"https:\\\/\\\/boutique-one-piece.com\\\/#organization\",\"name\":\"Boutique One Piece\",\"url\":\"https:\\\/\\\/boutique-one-piece.com\\\/\",\"logo\":{\"@type\":\"ImageObject\",\"inLanguage\":\"en-US\",\"@id\":\"https:\\\/\\\/boutique-one-piece.com\\\/#\\\/schema\\\/logo\\\/image\\\/\",\"url\":\"https:\\\/\\\/boutique-one-piece.com\\\/wp-content\\\/uploads\\\/2022\\\/09\\\/Logo-01.png\",\"contentUrl\":\"https:\\\/\\\/boutique-one-piece.com\\\/wp-content\\\/uploads\\\/2022\\\/09\\\/Logo-01.png\",\"width\":2318,\"height\":957,\"caption\":\"Boutique One Piece\"},\"image\":{\"@id\":\"https:\\\/\\\/boutique-one-piece.com\\\/#\\\/schema\\\/logo\\\/image\\\/\"}}]}<\/script>\n<!-- \/ Yoast SEO plugin. -->","yoast_head_json":{"title":"One Piece Marco Mode Phoenix Figure | One Piece Figure \u2013 One Piece Shop","description":"Young pirate, the time has come for you to seize this One Piece Marco Phoenix Mode Figure. As a reminder, the Tori Tori no Mi, Phoenix Model, is a Mythical Zoan-type Devil Fruit eaten by Marco. First appearing during the Battle of Marineford, it allows him to transform into a Phoenix.","robots":{"index":"index","follow":"follow","max-snippet":"max-snippet:-1","max-image-preview":"max-image-preview:large","max-video-preview":"max-video-preview:-1"},"canonical":"https:\/\/boutique-one-piece.com\/en\/one-piece-figurines\/one-piece-figurine-marco-mode-phoenix\/","og_locale":"en_US","og_type":"article","og_title":"Figurine One Piece Marco Mode Phoenix | Figurine One Piece \u2013 Boutique One Piece","og_description":"Jeune pirate, le moment est venu pour toi de t'emparer de cette Figurine One Piece Marco Mode Phoenix. Pour rappel, Le Tori Tori no Mi, mod\u00e8le Phoenix, est un Fruit du D\u00e9mon de type Zoan Mythique mang\u00e9 par Marco. Apparaissant pour la premi\u00e8re fois lors de la bataille de Marineford, il lui permet de se transformer en Ph","og_url":"https:\/\/boutique-one-piece.com\/en\/one-piece-figurines\/one-piece-figurine-marco-mode-phoenix\/","og_site_name":"Boutique One Piece","article_modified_time":"2024-09-16T11:52:01+00:00","og_image":[{"width":640,"height":640,"url":"https:\/\/boutique-one-piece.com\/wp-content\/uploads\/2022\/09\/Figurine-One-Piece-Marco-Mode-Phoenix.jpg","type":"image\/jpeg"}],"twitter_card":"summary_large_image","twitter_misc":{"Est. reading time":"2 minutes"},"schema":{"@context":"https:\/\/schema.org","@graph":[{"@type":"WebPage","@id":"https:\/\/boutique-one-piece.com\/figurines-one-piece\/figurine-one-piece-marco-mode-phoenix\/","url":"https:\/\/boutique-one-piece.com\/figurines-one-piece\/figurine-one-piece-marco-mode-phoenix\/","name":"One Piece Marco Mode Phoenix Figure | One Piece Figure \u2013 One Piece Shop","isPartOf":{"@id":"https:\/\/boutique-one-piece.com\/#website"},"primaryImageOfPage":{"@id":"https:\/\/boutique-one-piece.com\/figurines-one-piece\/figurine-one-piece-marco-mode-phoenix\/#primaryimage"},"image":{"@id":"https:\/\/boutique-one-piece.com\/figurines-one-piece\/figurine-one-piece-marco-mode-phoenix\/#primaryimage"},"thumbnailUrl":"https:\/\/boutique-one-piece.com\/wp-content\/uploads\/2022\/09\/Figurine-One-Piece-Marco-Mode-Phoenix.jpg","datePublished":"2022-09-27T20:22:31+00:00","dateModified":"2024-09-16T11:52:01+00:00","description":"Young pirate, the time has come for you to seize this One Piece Marco Phoenix Mode Figure. As a reminder, the Tori Tori no Mi, Phoenix Model, is a Mythical Zoan-type Devil Fruit eaten by Marco. First appearing during the Battle of Marineford, it allows him to transform into a Phoenix.","breadcrumb":{"@id":"https:\/\/boutique-one-piece.com\/figurines-one-piece\/figurine-one-piece-marco-mode-phoenix\/#breadcrumb"},"inLanguage":"en-US","potentialAction":[{"@type":"ReadAction","target":["https:\/\/boutique-one-piece.com\/figurines-one-piece\/figurine-one-piece-marco-mode-phoenix\/"]}]},{"@type":"ImageObject","inLanguage":"en-US","@id":"https:\/\/boutique-one-piece.com\/figurines-one-piece\/figurine-one-piece-marco-mode-phoenix\/#primaryimage","url":"https:\/\/boutique-one-piece.com\/wp-content\/uploads\/2022\/09\/Figurine-One-Piece-Marco-Mode-Phoenix.jpg","contentUrl":"https:\/\/boutique-one-piece.com\/wp-content\/uploads\/2022\/09\/Figurine-One-Piece-Marco-Mode-Phoenix.jpg","width":640,"height":640,"caption":"Figurine One Piece Marco Mode Phoenix Default Title"},{"@type":"BreadcrumbList","@id":"https:\/\/boutique-one-piece.com\/figurines-one-piece\/figurine-one-piece-marco-mode-phoenix\/#breadcrumb","itemListElement":[{"@type":"ListItem","position":1,"name":"Home","item":"https:\/\/boutique-one-piece.com\/"},{"@type":"ListItem","position":2,"name":"Shop","item":"https:\/\/boutique-one-piece.com\/shop\/"},{"@type":"ListItem","position":3,"name":"Figurine One Piece Marco Mode Phoenix"}]},{"@type":"WebSite","@id":"https:\/\/boutique-one-piece.com\/#website","url":"https:\/\/boutique-one-piece.com\/","name":"One Piece Shop","description":"Specialty store for One Piece Manga and Anime","publisher":{"@id":"https:\/\/boutique-one-piece.com\/#organization"},"potentialAction":[{"@type":"SearchAction","target":{"@type":"EntryPoint","urlTemplate":"https:\/\/boutique-one-piece.com\/?s={search_term_string}"},"query-input":{"@type":"PropertyValueSpecification","valueRequired":true,"valueName":"search_term_string"}}],"inLanguage":"en-US"},{"@type":"Organization","@id":"https:\/\/boutique-one-piece.com\/#organization","name":"One Piece Shop","url":"https:\/\/boutique-one-piece.com\/","logo":{"@type":"ImageObject","inLanguage":"en-US","@id":"https:\/\/boutique-one-piece.com\/#\/schema\/logo\/image\/","url":"https:\/\/boutique-one-piece.com\/wp-content\/uploads\/2022\/09\/Logo-01.png","contentUrl":"https:\/\/boutique-one-piece.com\/wp-content\/uploads\/2022\/09\/Logo-01.png","width":2318,"height":957,"caption":"Boutique One Piece"},"image":{"@id":"https:\/\/boutique-one-piece.com\/#\/schema\/logo\/image\/"}}]}},"_links":{"self":[{"href":"https:\/\/boutique-one-piece.com\/en\/wp-json\/wp\/v2\/product\/9812","targetHints":{"allow":["GET"]}}],"collection":[{"href":"https:\/\/boutique-one-piece.com\/en\/wp-json\/wp\/v2\/product"}],"about":[{"href":"https:\/\/boutique-one-piece.com\/en\/wp-json\/wp\/v2\/types\/product"}],"replies":[{"embeddable":true,"href":"https:\/\/boutique-one-piece.com\/en\/wp-json\/wp\/v2\/comments?post=9812"}],"wp:featuredmedia":[{"embeddable":true,"href":"https:\/\/boutique-one-piece.com\/en\/wp-json\/wp\/v2\/media\/9814"}],"wp:attachment":[{"href":"https:\/\/boutique-one-piece.com\/en\/wp-json\/wp\/v2\/media?parent=9812"}],"wp:term":[{"taxonomy":"product_brand","embeddable":true,"href":"https:\/\/boutique-one-piece.com\/en\/wp-json\/wp\/v2\/product_brand?post=9812"},{"taxonomy":"product_cat","embeddable":true,"href":"https:\/\/boutique-one-piece.com\/en\/wp-json\/wp\/v2\/product_cat?post=9812"},{"taxonomy":"product_tag","embeddable":true,"href":"https:\/\/boutique-one-piece.com\/en\/wp-json\/wp\/v2\/product_tag?post=9812"}],"curies":[{"name":"wp","href":"https:\/\/api.w.org\/{rel}","templated":true}]}}