{"id":9898,"date":"2022-09-27T20:23:09","date_gmt":"2022-09-27T20:23:09","guid":{"rendered":"https:\/\/boutique-one-piece.com\/uncategorized\/short-de-bain-one-piece-ace-et-marco\/"},"modified":"2025-03-09T12:03:47","modified_gmt":"2025-03-09T12:03:47","slug":"one-piece-swim-shorts-ace-and-marco","status":"publish","type":"product","link":"https:\/\/boutique-one-piece.com\/en\/one-piece-clothes\/one-piece-swim-shorts\/one-piece-swim-shorts-ace-and-marco\/","title":{"rendered":"One Piece Ace and Marco Swim Shorts"},"content":{"rendered":"<h2>Short de Bain One Piece avec Marco le Ph\u00e9nix et Ace aux Poings Ardents, les Deux Commandants de Barbe Blanche, Un\u00a0Maillot de Bain de qualit\u00e9 pour un pirate comme\u00a0toi\u00a0!<\/h2>\n<p>If you are a <strong>real pirate<\/strong>, You will be appreciated <strong>quality of materials,<\/strong>\u00a0of the <strong>design <\/strong>and<strong> l\u2019impression 3D<\/strong>\u00a0of this <strong>One Piece swim shorts<\/strong> But most importantly, with these shorts you&#039;ll be part of <strong>l\u2019\u00e9quipage\u00a0des fans<\/strong> of <strong>pirate manga<\/strong> and you will obtain:<\/p>\n<ul>\n<li>\u00a0<strong>L\u2019admiration<\/strong> of all the fans of <strong>mugiwara<\/strong> that you will meet<\/li>\n<\/ul>\n<ul>\n<li>A real <strong>printed swim shorts<\/strong> with which you can swim on <strong>Grand Line<\/strong>, mais attention il est d\u00e9conseill\u00e9 d\u2019aller\u00a0dans la mer si\u00a0tu as mang\u00e9 un <strong>devil fruit<\/strong><\/li>\n<\/ul>\n<p>So, ready to put on the <strong>Whitebeard&#039;s colors<\/strong>\u00a0?<\/p>\n<h2>Es-tu un fan du manga ou de l\u2019anim\u00e9 One Piece ? Montre le avec ce Short de Bain !<\/h2>\n<p>If you <strong>read<\/strong> or wherever you look\u00a0<strong>l\u2019anim\u00e9 japonais<\/strong>, There&#039;s a good chance you&#039;ve become <strong>crazy about One Piece<\/strong> With this! <strong>swim shorts<\/strong> <strong>Ace and Marco<\/strong>, rejoins\u00a0l\u2019<strong>crew\u00a0<\/strong>fans of <strong>l\u2019univers du manga One Piece<\/strong><\/p>\n<p>these shorts <strong>blue and orange<\/strong> is available in sizes<span>\u00a0<\/span><strong>XXS, XS, S, M, L, XL<\/strong>, il conviendra \u00e0 toutes les\u00a0cat\u00e9gories\u00a0de pirates, m\u00eame si tu n\u2019as pas <strong>d\u2019\u00e9p\u00e9e<\/strong>\u00a0or <strong>devil fruit<\/strong> you can still wear it\u00a0<\/p>\n<p><b>Marco the Phoenix <\/b>And<b> Ace with the Fiery Fist<\/b><b>\u00a0<\/b>were the commanders of the first and second fleets of <strong>l\u2019ancien Empereur<\/strong> <strong>Edward Newgate<\/strong>?.\u00a0<strong>Porgas D. Ace<\/strong>? has <strong>orange flames<\/strong> and Marco has <strong>blue flames<\/strong><\/p>\n<h3>N\u2019oublie pas de jeter\u00a0un oeil au guide des tailles ci-dessous.<\/h3>\n<p style=\"text-align: left\"><span><img decoding=\"async\" alt=\"size guide table baim one piece shorts xxs, xs, s, m, l, xl\" src=\"\/\/cdn.shopify.com\/s\/files\/1\/0087\/7556\/5348\/files\/boutque_one__piece_tableau_taille_short_de_bain_large.jpg?v=1560446518\" style=\"float: none\"><\/span><\/p>\n<h3>Washing Instructions:<\/h3>\n<ul>\n<li>Machine wash at 30\u00b0C, delicate cycle<\/li>\n<\/ul>\n<ul>\n<li>Iron on the reverse side<\/li>\n<\/ul>\n<p>For <strong>preserve the quality<\/strong> of this\u00a0<strong>One Piece Swim Shorts<\/strong>, We recommend that you <strong>respect<\/strong> THE <strong>washing instructions<\/strong>.<\/p>","protected":false},"excerpt":{"rendered":"<p>Short de Bain One Piece avec Marco le Ph\u00e9nix et Ace aux Poings Ardents, les Deux Commandants de Barbe Blanche, Un\u00a0Maillot de Bain de qualit\u00e9 pour un pirate comme\u00a0toi\u00a0! Si tu es un v\u00e9ritable pirate, tu seras appr\u00e9ci\u00e9 la qualit\u00e9 des mat\u00e9riaux,\u00a0de la conception et de l\u2019impression 3D\u00a0de ce short de bain One Piece !\u00a0Mais [&hellip;]<\/p>","protected":false},"featured_media":9900,"comment_status":"open","ping_status":"open","template":"","meta":[],"product_brand":[],"product_cat":[66],"product_tag":[176,210],"class_list":{"0":"post-9898","1":"product","2":"type-product","3":"status-publish","4":"has-post-thumbnail","6":"product_cat-shorts-de-bain-one-piece","7":"product_tag-ace","8":"product_tag-marco","10":"first","11":"outofstock","12":"purchasable","13":"product-type-variable"},"yoast_head":"<!-- This site is optimized with the Yoast SEO plugin v27.5 - https:\/\/yoast.com\/product\/yoast-seo-wordpress\/ -->\n<title>Short de Bain Ace et Marco | Boutique One Piece<\/title>\n<meta name=\"description\" content=\"Maillot de Bain Bleu et Orange du Manga One Piece de Haute Qualit\u00e9 avec Ace et Marco le Short parfait pour Tous les Pirates qui vont \u00e0 la Mer ou \u00e0 la Piscine\" \/>\n<meta name=\"robots\" content=\"index, follow, max-snippet:-1, max-image-preview:large, max-video-preview:-1\" \/>\n<link rel=\"canonical\" href=\"https:\/\/boutique-one-piece.com\/en\/one-piece-clothes\/one-piece-swim-shorts\/one-piece-swim-shorts-ace-and-marco\/\" \/>\n<meta property=\"og:locale\" content=\"en_US\" \/>\n<meta property=\"og:type\" content=\"article\" \/>\n<meta property=\"og:title\" content=\"Short de Bain Ace et Marco | Boutique One Piece\" \/>\n<meta property=\"og:description\" content=\"Maillot de Bain Bleu et Orange du Manga One Piece de Haute Qualit\u00e9 avec Ace et Marco le Short parfait pour Tous les Pirates qui vont \u00e0 la Mer ou \u00e0 la Piscine\" \/>\n<meta property=\"og:url\" content=\"https:\/\/boutique-one-piece.com\/en\/one-piece-clothes\/one-piece-swim-shorts\/one-piece-swim-shorts-ace-and-marco\/\" \/>\n<meta property=\"og:site_name\" content=\"Boutique One Piece\" \/>\n<meta property=\"article:modified_time\" content=\"2025-03-09T12:03:47+00:00\" \/>\n<meta property=\"og:image\" content=\"https:\/\/boutique-one-piece.com\/wp-content\/uploads\/2022\/09\/Short-de-Bain-One-Piece-Ace-et-Marco.jpg\" \/>\n\t<meta property=\"og:image:width\" content=\"640\" \/>\n\t<meta property=\"og:image:height\" content=\"640\" \/>\n\t<meta property=\"og:image:type\" content=\"image\/jpeg\" \/>\n<meta name=\"twitter:card\" content=\"summary_large_image\" \/>\n<meta name=\"twitter:label1\" content=\"Est. reading time\" \/>\n\t<meta name=\"twitter:data1\" content=\"2 minutes\" \/>\n<script type=\"application\/ld+json\" class=\"yoast-schema-graph\">{\"@context\":\"https:\\\/\\\/schema.org\",\"@graph\":[{\"@type\":\"WebPage\",\"@id\":\"https:\\\/\\\/boutique-one-piece.com\\\/vetements-one-piece\\\/shorts-de-bain-one-piece\\\/short-de-bain-one-piece-ace-et-marco\\\/\",\"url\":\"https:\\\/\\\/boutique-one-piece.com\\\/vetements-one-piece\\\/shorts-de-bain-one-piece\\\/short-de-bain-one-piece-ace-et-marco\\\/\",\"name\":\"Short de Bain Ace et Marco | Boutique One Piece\",\"isPartOf\":{\"@id\":\"https:\\\/\\\/boutique-one-piece.com\\\/#website\"},\"primaryImageOfPage\":{\"@id\":\"https:\\\/\\\/boutique-one-piece.com\\\/vetements-one-piece\\\/shorts-de-bain-one-piece\\\/short-de-bain-one-piece-ace-et-marco\\\/#primaryimage\"},\"image\":{\"@id\":\"https:\\\/\\\/boutique-one-piece.com\\\/vetements-one-piece\\\/shorts-de-bain-one-piece\\\/short-de-bain-one-piece-ace-et-marco\\\/#primaryimage\"},\"thumbnailUrl\":\"https:\\\/\\\/boutique-one-piece.com\\\/wp-content\\\/uploads\\\/2022\\\/09\\\/Short-de-Bain-One-Piece-Ace-et-Marco.jpg\",\"datePublished\":\"2022-09-27T20:23:09+00:00\",\"dateModified\":\"2025-03-09T12:03:47+00:00\",\"description\":\"Maillot de Bain Bleu et Orange du Manga One Piece de Haute Qualit\u00e9 avec Ace et Marco le Short parfait pour Tous les Pirates qui vont \u00e0 la Mer ou \u00e0 la Piscine\",\"breadcrumb\":{\"@id\":\"https:\\\/\\\/boutique-one-piece.com\\\/vetements-one-piece\\\/shorts-de-bain-one-piece\\\/short-de-bain-one-piece-ace-et-marco\\\/#breadcrumb\"},\"inLanguage\":\"en-US\",\"potentialAction\":[{\"@type\":\"ReadAction\",\"target\":[\"https:\\\/\\\/boutique-one-piece.com\\\/vetements-one-piece\\\/shorts-de-bain-one-piece\\\/short-de-bain-one-piece-ace-et-marco\\\/\"]}]},{\"@type\":\"ImageObject\",\"inLanguage\":\"en-US\",\"@id\":\"https:\\\/\\\/boutique-one-piece.com\\\/vetements-one-piece\\\/shorts-de-bain-one-piece\\\/short-de-bain-one-piece-ace-et-marco\\\/#primaryimage\",\"url\":\"https:\\\/\\\/boutique-one-piece.com\\\/wp-content\\\/uploads\\\/2022\\\/09\\\/Short-de-Bain-One-Piece-Ace-et-Marco.jpg\",\"contentUrl\":\"https:\\\/\\\/boutique-one-piece.com\\\/wp-content\\\/uploads\\\/2022\\\/09\\\/Short-de-Bain-One-Piece-Ace-et-Marco.jpg\",\"width\":640,\"height\":640,\"caption\":\"Short de Bain One Piece Ace et Marco XXXL\"},{\"@type\":\"BreadcrumbList\",\"@id\":\"https:\\\/\\\/boutique-one-piece.com\\\/vetements-one-piece\\\/shorts-de-bain-one-piece\\\/short-de-bain-one-piece-ace-et-marco\\\/#breadcrumb\",\"itemListElement\":[{\"@type\":\"ListItem\",\"position\":1,\"name\":\"Home\",\"item\":\"https:\\\/\\\/boutique-one-piece.com\\\/\"},{\"@type\":\"ListItem\",\"position\":2,\"name\":\"Shop\",\"item\":\"https:\\\/\\\/boutique-one-piece.com\\\/shop\\\/\"},{\"@type\":\"ListItem\",\"position\":3,\"name\":\"Short de Bain One Piece Ace et Marco\"}]},{\"@type\":\"WebSite\",\"@id\":\"https:\\\/\\\/boutique-one-piece.com\\\/#website\",\"url\":\"https:\\\/\\\/boutique-one-piece.com\\\/\",\"name\":\"Boutique One Piece\",\"description\":\"Magasin Sp\u00e9cialis\u00e9 du Manga et l&#039;Anime One Piece\",\"publisher\":{\"@id\":\"https:\\\/\\\/boutique-one-piece.com\\\/#organization\"},\"potentialAction\":[{\"@type\":\"SearchAction\",\"target\":{\"@type\":\"EntryPoint\",\"urlTemplate\":\"https:\\\/\\\/boutique-one-piece.com\\\/?s={search_term_string}\"},\"query-input\":{\"@type\":\"PropertyValueSpecification\",\"valueRequired\":true,\"valueName\":\"search_term_string\"}}],\"inLanguage\":\"en-US\"},{\"@type\":\"Organization\",\"@id\":\"https:\\\/\\\/boutique-one-piece.com\\\/#organization\",\"name\":\"Boutique One Piece\",\"url\":\"https:\\\/\\\/boutique-one-piece.com\\\/\",\"logo\":{\"@type\":\"ImageObject\",\"inLanguage\":\"en-US\",\"@id\":\"https:\\\/\\\/boutique-one-piece.com\\\/#\\\/schema\\\/logo\\\/image\\\/\",\"url\":\"https:\\\/\\\/boutique-one-piece.com\\\/wp-content\\\/uploads\\\/2022\\\/09\\\/Logo-01.png\",\"contentUrl\":\"https:\\\/\\\/boutique-one-piece.com\\\/wp-content\\\/uploads\\\/2022\\\/09\\\/Logo-01.png\",\"width\":2318,\"height\":957,\"caption\":\"Boutique One Piece\"},\"image\":{\"@id\":\"https:\\\/\\\/boutique-one-piece.com\\\/#\\\/schema\\\/logo\\\/image\\\/\"}}]}<\/script>\n<!-- \/ Yoast SEO plugin. -->","yoast_head_json":{"title":"Ace and Marco Swim Shorts | One Piece Shop","description":"High-quality blue and orange One Piece manga swimsuit featuring Ace and Marco. The perfect shorts for all pirates going to the sea or the pool.","robots":{"index":"index","follow":"follow","max-snippet":"max-snippet:-1","max-image-preview":"max-image-preview:large","max-video-preview":"max-video-preview:-1"},"canonical":"https:\/\/boutique-one-piece.com\/en\/one-piece-clothes\/one-piece-swim-shorts\/one-piece-swim-shorts-ace-and-marco\/","og_locale":"en_US","og_type":"article","og_title":"Short de Bain Ace et Marco | Boutique One Piece","og_description":"Maillot de Bain Bleu et Orange du Manga One Piece de Haute Qualit\u00e9 avec Ace et Marco le Short parfait pour Tous les Pirates qui vont \u00e0 la Mer ou \u00e0 la Piscine","og_url":"https:\/\/boutique-one-piece.com\/en\/one-piece-clothes\/one-piece-swim-shorts\/one-piece-swim-shorts-ace-and-marco\/","og_site_name":"Boutique One Piece","article_modified_time":"2025-03-09T12:03:47+00:00","og_image":[{"width":640,"height":640,"url":"https:\/\/boutique-one-piece.com\/wp-content\/uploads\/2022\/09\/Short-de-Bain-One-Piece-Ace-et-Marco.jpg","type":"image\/jpeg"}],"twitter_card":"summary_large_image","twitter_misc":{"Est. reading time":"2 minutes"},"schema":{"@context":"https:\/\/schema.org","@graph":[{"@type":"WebPage","@id":"https:\/\/boutique-one-piece.com\/vetements-one-piece\/shorts-de-bain-one-piece\/short-de-bain-one-piece-ace-et-marco\/","url":"https:\/\/boutique-one-piece.com\/vetements-one-piece\/shorts-de-bain-one-piece\/short-de-bain-one-piece-ace-et-marco\/","name":"Ace and Marco Swim Shorts | One Piece Shop","isPartOf":{"@id":"https:\/\/boutique-one-piece.com\/#website"},"primaryImageOfPage":{"@id":"https:\/\/boutique-one-piece.com\/vetements-one-piece\/shorts-de-bain-one-piece\/short-de-bain-one-piece-ace-et-marco\/#primaryimage"},"image":{"@id":"https:\/\/boutique-one-piece.com\/vetements-one-piece\/shorts-de-bain-one-piece\/short-de-bain-one-piece-ace-et-marco\/#primaryimage"},"thumbnailUrl":"https:\/\/boutique-one-piece.com\/wp-content\/uploads\/2022\/09\/Short-de-Bain-One-Piece-Ace-et-Marco.jpg","datePublished":"2022-09-27T20:23:09+00:00","dateModified":"2025-03-09T12:03:47+00:00","description":"High-quality blue and orange One Piece manga swimsuit featuring Ace and Marco. The perfect shorts for all pirates going to the sea or the pool.","breadcrumb":{"@id":"https:\/\/boutique-one-piece.com\/vetements-one-piece\/shorts-de-bain-one-piece\/short-de-bain-one-piece-ace-et-marco\/#breadcrumb"},"inLanguage":"en-US","potentialAction":[{"@type":"ReadAction","target":["https:\/\/boutique-one-piece.com\/vetements-one-piece\/shorts-de-bain-one-piece\/short-de-bain-one-piece-ace-et-marco\/"]}]},{"@type":"ImageObject","inLanguage":"en-US","@id":"https:\/\/boutique-one-piece.com\/vetements-one-piece\/shorts-de-bain-one-piece\/short-de-bain-one-piece-ace-et-marco\/#primaryimage","url":"https:\/\/boutique-one-piece.com\/wp-content\/uploads\/2022\/09\/Short-de-Bain-One-Piece-Ace-et-Marco.jpg","contentUrl":"https:\/\/boutique-one-piece.com\/wp-content\/uploads\/2022\/09\/Short-de-Bain-One-Piece-Ace-et-Marco.jpg","width":640,"height":640,"caption":"Short de Bain One Piece Ace et Marco XXXL"},{"@type":"BreadcrumbList","@id":"https:\/\/boutique-one-piece.com\/vetements-one-piece\/shorts-de-bain-one-piece\/short-de-bain-one-piece-ace-et-marco\/#breadcrumb","itemListElement":[{"@type":"ListItem","position":1,"name":"Home","item":"https:\/\/boutique-one-piece.com\/"},{"@type":"ListItem","position":2,"name":"Shop","item":"https:\/\/boutique-one-piece.com\/shop\/"},{"@type":"ListItem","position":3,"name":"Short de Bain One Piece Ace et Marco"}]},{"@type":"WebSite","@id":"https:\/\/boutique-one-piece.com\/#website","url":"https:\/\/boutique-one-piece.com\/","name":"One Piece Shop","description":"Specialty store for One Piece Manga and Anime","publisher":{"@id":"https:\/\/boutique-one-piece.com\/#organization"},"potentialAction":[{"@type":"SearchAction","target":{"@type":"EntryPoint","urlTemplate":"https:\/\/boutique-one-piece.com\/?s={search_term_string}"},"query-input":{"@type":"PropertyValueSpecification","valueRequired":true,"valueName":"search_term_string"}}],"inLanguage":"en-US"},{"@type":"Organization","@id":"https:\/\/boutique-one-piece.com\/#organization","name":"One Piece Shop","url":"https:\/\/boutique-one-piece.com\/","logo":{"@type":"ImageObject","inLanguage":"en-US","@id":"https:\/\/boutique-one-piece.com\/#\/schema\/logo\/image\/","url":"https:\/\/boutique-one-piece.com\/wp-content\/uploads\/2022\/09\/Logo-01.png","contentUrl":"https:\/\/boutique-one-piece.com\/wp-content\/uploads\/2022\/09\/Logo-01.png","width":2318,"height":957,"caption":"Boutique One Piece"},"image":{"@id":"https:\/\/boutique-one-piece.com\/#\/schema\/logo\/image\/"}}]}},"_links":{"self":[{"href":"https:\/\/boutique-one-piece.com\/en\/wp-json\/wp\/v2\/product\/9898","targetHints":{"allow":["GET"]}}],"collection":[{"href":"https:\/\/boutique-one-piece.com\/en\/wp-json\/wp\/v2\/product"}],"about":[{"href":"https:\/\/boutique-one-piece.com\/en\/wp-json\/wp\/v2\/types\/product"}],"replies":[{"embeddable":true,"href":"https:\/\/boutique-one-piece.com\/en\/wp-json\/wp\/v2\/comments?post=9898"}],"wp:featuredmedia":[{"embeddable":true,"href":"https:\/\/boutique-one-piece.com\/en\/wp-json\/wp\/v2\/media\/9900"}],"wp:attachment":[{"href":"https:\/\/boutique-one-piece.com\/en\/wp-json\/wp\/v2\/media?parent=9898"}],"wp:term":[{"taxonomy":"product_brand","embeddable":true,"href":"https:\/\/boutique-one-piece.com\/en\/wp-json\/wp\/v2\/product_brand?post=9898"},{"taxonomy":"product_cat","embeddable":true,"href":"https:\/\/boutique-one-piece.com\/en\/wp-json\/wp\/v2\/product_cat?post=9898"},{"taxonomy":"product_tag","embeddable":true,"href":"https:\/\/boutique-one-piece.com\/en\/wp-json\/wp\/v2\/product_tag?post=9898"}],"curies":[{"name":"wp","href":"https:\/\/api.w.org\/{rel}","templated":true}]}}