{"id":9943,"date":"2022-09-27T20:23:42","date_gmt":"2022-09-27T20:23:42","guid":{"rendered":"https:\/\/boutique-one-piece.com\/uncategorized\/tableau-one-piece-boa-hancock\/"},"modified":"2024-09-18T01:03:30","modified_gmt":"2024-09-18T01:03:30","slug":"one-piece-boa-hancock-painting","status":"publish","type":"product","link":"https:\/\/boutique-one-piece.com\/en\/one-piece-decorations\/one-piece-paintings\/one-piece-boa-hancock-painting\/","title":{"rendered":"One Piece Boa Hancock Painting"},"content":{"rendered":"<h2>One Piece 5 Panel Canvas Print featuring the Pirate Empress Boa Hancock, the Great Corsair - A quality canvas print for a pirate like you!<\/h2>\n<p>If you are a\u00a0<strong>real pirate<\/strong>, You will know<span>\u00a0<\/span>appreciate<span>\u00a0<\/span>there\u00a0<strong>quality<\/strong>\u00a0canvas, paint, and a frame for their\u00a0<strong>designs\u00a0<\/strong>And\u00a0<strong>3D Canvas printing<\/strong>\u00a0of this\u00a0<strong>One Piece 5-panel painting<\/strong>\u00a0But the most important thing about this painting is that<span>\u00a0<\/span>you will be part of\u00a0<strong>the fan crew<\/strong>\u00a0of\u00a0<strong>pirate manga<\/strong>\u00a0and you will obtain:<\/p>\n<ul>\n<li>\u00a0<strong>Admiration<\/strong>\u00a0of all the fans of\u00a0<strong>mugiwara<\/strong>\u00a0that you will invite to your home<\/li>\n<\/ul>\n<ul>\n<li>A real\u00a0<strong>5-piece printed chart<\/strong>\u00a0with which you can<strong>\u00a0to imagine\u00a0<\/strong>with\u00a0<strong><\/strong><strong><\/strong>there <strong>Snake Princess<\/strong>\n<\/li>\n<\/ul>\n<p>So, ready to show off the\u00a0<strong>colors<span>\u00a0<\/span><\/strong>d\u2019<strong>Amazon Lily<\/strong><b>\u00a0<\/b>?<\/p>\n<h2>Are you a fan of the One Piece manga or anime? Show it off with this 5-Piece One Piece Canvas Print!<\/h2>\n<p>If you\u00a0<strong>read<\/strong>\u00a0or wherever you look\u00a0<strong>the anime\u00a0<\/strong><strong>Japanese<\/strong>, There&#039;s a good chance you&#039;ve become\u00a0<strong>crazy about One Piece<\/strong>\u00a0With this!\u00a0<strong>5-panel painting<span>\u00a0<\/span>Whitebeard<\/strong>, join the\u2019<strong>crew of fans of the franchise<\/strong><\/p>\n<p>This\u00a0<strong>painting<\/strong>\u00a0is available with a\u00a0<strong>wooden frame<\/strong>\u00a0the variant &quot;\u00ab\u00a0<strong>With Frame<\/strong>\u00ab&quot;It is also possible to have only the\u00a0<strong>cloth<\/strong>\u00a0with the variant &quot;\u00ab\u00a0<strong>Frameless<\/strong>\u00ab&quot;You will find the table in the sizes\u00a0<strong>Little<\/strong>,<strong>\u00a0AVERAGE<\/strong>,<strong>\u00a0Big<\/strong>,<strong>\u00a0XL<\/strong>, It will suit all types of pirates, even if you don&#039;t have\u00a0<strong>sword<\/strong>\u00a0or\u00a0<strong>devil fruit<\/strong>\u00a0you can still proudly hang it up at home<\/p>\n<p><strong>Brook Le<\/strong><span>\u00a0<\/span><strong>Humming<\/strong><span>\u00a0<\/span>or the<span>\u00a0<\/span><strong>King<\/strong><span>\u00a0<\/span>of the<span>\u00a0<\/span><strong>Drunk<\/strong>\u00a0(\u00a0<strong>Soul King)<\/strong>\u00a0He has the<span>\u00a0<\/span><strong>Fruit of the resurrection<\/strong>, which makes it almost<span>\u00a0<\/span><strong>immortal<\/strong>. Despite his condition of<span>\u00a0<\/span><strong>skeleton<\/strong>\u00a0<span>\u00a0<\/span><strong>undead<\/strong>,<span>\u00a0<\/span><strong>Brook<\/strong><span>\u00a0<\/span>is the<span>\u00a0<\/span><strong>second swordsman<\/strong><span>\u00a0<\/span>of<span>\u00a0<\/span><strong>Luffy&#039;s crew<\/strong><span>\u00a0<\/span>behind Zoro<\/p>\n<h2>Information about the painting:<\/h2>\n<ul>\n<li>\n<strong>High-quality printed canvas\u00a0<\/strong>: wall canvas made of<span>\u00a0<\/span><strong>cotton<\/strong><span>\u00a0<\/span>and<span>\u00a0<\/span><strong>linen<\/strong>, to obtain a<span>\u00a0<\/span><strong>cloth<\/strong><span>\u00a0<\/span>worthy of the name<\/li>\n<\/ul>\n<ul>\n<li>\n<strong>Ultra Design Painting<\/strong>\u00a0The five-part table provides a lot of<span>\u00a0<\/span><strong>style<\/strong><span>\u00a0<\/span>to a<span>\u00a0<\/span><strong>piece<\/strong>, Fans can&#039;t help but love it<\/li>\n<\/ul>\n<ul>\n<li>\n<strong>Color and Printing\u00a0<\/strong>One Piece painting with a print<span>\u00a0<\/span><strong>Canva<\/strong><span>\u00a0<\/span>the benchmark in canvas printing<\/li>\n<\/ul>\n<ul>\n<li>\n<strong>Lightweight Wall Art<\/strong>\u00a0: great setting<span>\u00a0<\/span><strong>light,<\/strong><span>\u00a0<\/span>all it takes is one<span>\u00a0<\/span><strong>nail<\/strong><span>\u00a0<\/span>or of the<span>\u00a0<\/span><strong>fixed leg<\/strong><span>\u00a0<\/span>for the<span>\u00a0<\/span><strong>maintain<\/strong><span>\u00a0<\/span>At<span>\u00a0<\/span><strong>wall<\/strong>\n<\/li>\n<\/ul>\n<ul>\n<li>\n<strong>Wooden Frame<\/strong>\u00a0: the variant &quot;\u00ab\u00a0<strong>With Frame<\/strong>\u00a0\u00bb is accompanied by a<span>\u00a0<\/span><strong>wooden frame<\/strong><span>\u00a0<\/span>and the version &quot;\u00ab\u00a0<strong>Frameless<\/strong>\u00a0\u00bb is delivered<span>\u00a0<\/span><strong>without the wooden frame<\/strong>\n<\/li>\n<\/ul>\n<ul>\n<li>\n<strong>Free Delivery\u00a0<\/strong>for any purchase<strong>\u00a0<\/strong>\n<\/li>\n<\/ul>\n<h3>Don&#039;t forget to take a look at the size guide below.<\/h3>\n<h2>\n<strong>One Piece 5 Piece Painting<\/strong><span>,<\/span><strong><span>\u00a0<\/span><\/strong><span>Size<\/span><strong><span>\u00a0<\/span><\/strong><span>:\u00a0<\/span><strong>Little<\/strong><br \/>\n<\/h2>\n<p>\u00a0<img decoding=\"async\" src=\"https:\/\/cdn.shopify.com\/s\/files\/1\/0087\/7556\/5348\/files\/guide_taille_tableau_one_piece_petit_boutique_one_piece_large.jpg?v=1560247451\" alt=\"One Piece 5-Piece Size Guide (Small)\"><\/p>\n<p><strong>One Piece 5 Piece Painting<\/strong>, Size<strong><span>\u00a0<\/span><\/strong>:<strong><span>\u00a0<\/span>AVERAGE<\/strong><\/p>\n<p>\u00a0<img decoding=\"async\" src=\"https:\/\/cdn.shopify.com\/s\/files\/1\/0087\/7556\/5348\/files\/guide_taille_tableau_one_piece_moyen_boutique_one_piece_large.jpg?v=1560247519\" alt=\"size guide chart one piece 5 pieces Medium\"><\/p>\n<p><strong>One Piece 5 Piece Painting<\/strong>, Size<strong><span>\u00a0<\/span><\/strong>:<span>\u00a0<\/span><strong>Big<\/strong><\/p>\n<p>\u00a0<img decoding=\"async\" src=\"https:\/\/cdn.shopify.com\/s\/files\/1\/0087\/7556\/5348\/files\/guide_taille_tableau_one_piece_grand_boutique_one_piece_large.jpg?v=1560247582\" alt=\"One Piece 5-piece size chart (large)\"><\/p>\n<p><strong>One Piece 5 Piece Painting<\/strong>, Size:<span>\u00a0<\/span><strong>XL<\/strong><\/p>\n<p><img decoding=\"async\" src=\"https:\/\/cdn.shopify.com\/s\/files\/1\/0087\/7556\/5348\/files\/guide_taille_tableau_one_piece_xl_boutique_one_piece_large.jpg?v=1560247610\" alt=\"One Piece 5-piece XL size chart\"><\/p>","protected":false},"excerpt":{"rendered":"<p>One Piece 5-Panel Canvas Print featuring the Pirate Empress Boa Hancock, the Great Warlord of the Sea. A high-quality canvas print for a pirate like you! If you&#039;re a true pirate, you&#039;ll appreciate the quality of the canvas, paint, and frame, as well as the 3D canvas printing of this 5-panel One Piece print! But most importantly, with this canvas print, you&#039;ll be part of the crew of fans of the pirate manga and you&#039;ll gain: The admiration of [\u2026]<\/p>","protected":false},"featured_media":9945,"comment_status":"open","ping_status":"open","template":"","meta":[],"product_brand":[],"product_cat":[141],"product_tag":[175,142,143],"class_list":{"0":"post-9943","1":"product","2":"type-product","3":"status-publish","4":"has-post-thumbnail","6":"product_cat-tableaux-one-piece","7":"product_tag-boa-hancock","8":"product_tag-tableau-5-pieces","9":"product_tag-toile","11":"first","12":"instock","13":"purchasable","14":"product-type-variable"},"yoast_head":"<!-- This site is optimized with the Yoast SEO plugin v27.5 - https:\/\/yoast.com\/product\/yoast-seo-wordpress\/ -->\n<title>Tableau One Piece Boa Hancock | Boutique One Piece<\/title>\n<meta name=\"description\" content=\"Tableau 5 Pi\u00e8ces One Piece L&#039;Imp\u00e9ratrice Pirate ou Princesse Serpent, Si Vous \u00cates un Fan de l&#039;Univers des Pirates ce Tableau 5 Panneaux est Fait Pour Vous !\" \/>\n<meta name=\"robots\" content=\"index, follow, max-snippet:-1, max-image-preview:large, max-video-preview:-1\" \/>\n<link rel=\"canonical\" href=\"https:\/\/boutique-one-piece.com\/en\/one-piece-decorations\/one-piece-paintings\/one-piece-boa-hancock-painting\/\" \/>\n<meta property=\"og:locale\" content=\"en_US\" \/>\n<meta property=\"og:type\" content=\"article\" \/>\n<meta property=\"og:title\" content=\"Tableau One Piece Boa Hancock | Boutique One Piece\" \/>\n<meta property=\"og:description\" content=\"Tableau 5 Pi\u00e8ces One Piece L&#039;Imp\u00e9ratrice Pirate ou Princesse Serpent, Si Vous \u00cates un Fan de l&#039;Univers des Pirates ce Tableau 5 Panneaux est Fait Pour Vous !\" \/>\n<meta property=\"og:url\" content=\"https:\/\/boutique-one-piece.com\/en\/one-piece-decorations\/one-piece-paintings\/one-piece-boa-hancock-painting\/\" \/>\n<meta property=\"og:site_name\" content=\"Boutique One Piece\" \/>\n<meta property=\"article:modified_time\" content=\"2024-09-18T01:03:30+00:00\" \/>\n<meta property=\"og:image\" content=\"https:\/\/boutique-one-piece.com\/wp-content\/uploads\/2022\/09\/Tableau-One-Piece-Boa-Hancock.jpg\" \/>\n\t<meta property=\"og:image:width\" content=\"1000\" \/>\n\t<meta property=\"og:image:height\" content=\"1000\" \/>\n\t<meta property=\"og:image:type\" content=\"image\/jpeg\" \/>\n<meta name=\"twitter:card\" content=\"summary_large_image\" \/>\n<meta name=\"twitter:label1\" content=\"Est. reading time\" \/>\n\t<meta name=\"twitter:data1\" content=\"4 minutes\" \/>\n<script type=\"application\/ld+json\" class=\"yoast-schema-graph\">{\"@context\":\"https:\\\/\\\/schema.org\",\"@graph\":[{\"@type\":\"WebPage\",\"@id\":\"https:\\\/\\\/boutique-one-piece.com\\\/decorations-one-piece\\\/tableaux-one-piece\\\/tableau-one-piece-boa-hancock\\\/\",\"url\":\"https:\\\/\\\/boutique-one-piece.com\\\/decorations-one-piece\\\/tableaux-one-piece\\\/tableau-one-piece-boa-hancock\\\/\",\"name\":\"Tableau One Piece Boa Hancock | Boutique One Piece\",\"isPartOf\":{\"@id\":\"https:\\\/\\\/boutique-one-piece.com\\\/#website\"},\"primaryImageOfPage\":{\"@id\":\"https:\\\/\\\/boutique-one-piece.com\\\/decorations-one-piece\\\/tableaux-one-piece\\\/tableau-one-piece-boa-hancock\\\/#primaryimage\"},\"image\":{\"@id\":\"https:\\\/\\\/boutique-one-piece.com\\\/decorations-one-piece\\\/tableaux-one-piece\\\/tableau-one-piece-boa-hancock\\\/#primaryimage\"},\"thumbnailUrl\":\"https:\\\/\\\/boutique-one-piece.com\\\/wp-content\\\/uploads\\\/2022\\\/09\\\/Tableau-One-Piece-Boa-Hancock.jpg\",\"datePublished\":\"2022-09-27T20:23:42+00:00\",\"dateModified\":\"2024-09-18T01:03:30+00:00\",\"description\":\"Tableau 5 Pi\u00e8ces One Piece L'Imp\u00e9ratrice Pirate ou Princesse Serpent, Si Vous \u00cates un Fan de l'Univers des Pirates ce Tableau 5 Panneaux est Fait Pour Vous !\",\"breadcrumb\":{\"@id\":\"https:\\\/\\\/boutique-one-piece.com\\\/decorations-one-piece\\\/tableaux-one-piece\\\/tableau-one-piece-boa-hancock\\\/#breadcrumb\"},\"inLanguage\":\"en-US\",\"potentialAction\":[{\"@type\":\"ReadAction\",\"target\":[\"https:\\\/\\\/boutique-one-piece.com\\\/decorations-one-piece\\\/tableaux-one-piece\\\/tableau-one-piece-boa-hancock\\\/\"]}]},{\"@type\":\"ImageObject\",\"inLanguage\":\"en-US\",\"@id\":\"https:\\\/\\\/boutique-one-piece.com\\\/decorations-one-piece\\\/tableaux-one-piece\\\/tableau-one-piece-boa-hancock\\\/#primaryimage\",\"url\":\"https:\\\/\\\/boutique-one-piece.com\\\/wp-content\\\/uploads\\\/2022\\\/09\\\/Tableau-One-Piece-Boa-Hancock.jpg\",\"contentUrl\":\"https:\\\/\\\/boutique-one-piece.com\\\/wp-content\\\/uploads\\\/2022\\\/09\\\/Tableau-One-Piece-Boa-Hancock.jpg\",\"width\":1000,\"height\":1000,\"caption\":\"Tableau One Piece Boa Hancock XL Avec Cadre\"},{\"@type\":\"BreadcrumbList\",\"@id\":\"https:\\\/\\\/boutique-one-piece.com\\\/decorations-one-piece\\\/tableaux-one-piece\\\/tableau-one-piece-boa-hancock\\\/#breadcrumb\",\"itemListElement\":[{\"@type\":\"ListItem\",\"position\":1,\"name\":\"Home\",\"item\":\"https:\\\/\\\/boutique-one-piece.com\\\/\"},{\"@type\":\"ListItem\",\"position\":2,\"name\":\"Shop\",\"item\":\"https:\\\/\\\/boutique-one-piece.com\\\/shop\\\/\"},{\"@type\":\"ListItem\",\"position\":3,\"name\":\"Tableau One Piece Boa Hancock\"}]},{\"@type\":\"WebSite\",\"@id\":\"https:\\\/\\\/boutique-one-piece.com\\\/#website\",\"url\":\"https:\\\/\\\/boutique-one-piece.com\\\/\",\"name\":\"Boutique One Piece\",\"description\":\"Magasin Sp\u00e9cialis\u00e9 du Manga et l&#039;Anime One Piece\",\"publisher\":{\"@id\":\"https:\\\/\\\/boutique-one-piece.com\\\/#organization\"},\"potentialAction\":[{\"@type\":\"SearchAction\",\"target\":{\"@type\":\"EntryPoint\",\"urlTemplate\":\"https:\\\/\\\/boutique-one-piece.com\\\/?s={search_term_string}\"},\"query-input\":{\"@type\":\"PropertyValueSpecification\",\"valueRequired\":true,\"valueName\":\"search_term_string\"}}],\"inLanguage\":\"en-US\"},{\"@type\":\"Organization\",\"@id\":\"https:\\\/\\\/boutique-one-piece.com\\\/#organization\",\"name\":\"Boutique One Piece\",\"url\":\"https:\\\/\\\/boutique-one-piece.com\\\/\",\"logo\":{\"@type\":\"ImageObject\",\"inLanguage\":\"en-US\",\"@id\":\"https:\\\/\\\/boutique-one-piece.com\\\/#\\\/schema\\\/logo\\\/image\\\/\",\"url\":\"https:\\\/\\\/boutique-one-piece.com\\\/wp-content\\\/uploads\\\/2022\\\/09\\\/Logo-01.png\",\"contentUrl\":\"https:\\\/\\\/boutique-one-piece.com\\\/wp-content\\\/uploads\\\/2022\\\/09\\\/Logo-01.png\",\"width\":2318,\"height\":957,\"caption\":\"Boutique One Piece\"},\"image\":{\"@id\":\"https:\\\/\\\/boutique-one-piece.com\\\/#\\\/schema\\\/logo\\\/image\\\/\"}}]}<\/script>\n<!-- \/ Yoast SEO plugin. -->","yoast_head_json":{"title":"One Piece Boa Hancock Painting | One Piece Shop","description":"One Piece 5-Piece Canvas Print: The Pirate Empress or Snake Princess. If you&#039;re a fan of the pirate universe, this 5-panel canvas print is for you!","robots":{"index":"index","follow":"follow","max-snippet":"max-snippet:-1","max-image-preview":"max-image-preview:large","max-video-preview":"max-video-preview:-1"},"canonical":"https:\/\/boutique-one-piece.com\/en\/one-piece-decorations\/one-piece-paintings\/one-piece-boa-hancock-painting\/","og_locale":"en_US","og_type":"article","og_title":"Tableau One Piece Boa Hancock | Boutique One Piece","og_description":"Tableau 5 Pi\u00e8ces One Piece L'Imp\u00e9ratrice Pirate ou Princesse Serpent, Si Vous \u00cates un Fan de l'Univers des Pirates ce Tableau 5 Panneaux est Fait Pour Vous !","og_url":"https:\/\/boutique-one-piece.com\/en\/one-piece-decorations\/one-piece-paintings\/one-piece-boa-hancock-painting\/","og_site_name":"Boutique One Piece","article_modified_time":"2024-09-18T01:03:30+00:00","og_image":[{"width":1000,"height":1000,"url":"https:\/\/boutique-one-piece.com\/wp-content\/uploads\/2022\/09\/Tableau-One-Piece-Boa-Hancock.jpg","type":"image\/jpeg"}],"twitter_card":"summary_large_image","twitter_misc":{"Est. reading time":"4 minutes"},"schema":{"@context":"https:\/\/schema.org","@graph":[{"@type":"WebPage","@id":"https:\/\/boutique-one-piece.com\/decorations-one-piece\/tableaux-one-piece\/tableau-one-piece-boa-hancock\/","url":"https:\/\/boutique-one-piece.com\/decorations-one-piece\/tableaux-one-piece\/tableau-one-piece-boa-hancock\/","name":"One Piece Boa Hancock Painting | One Piece Shop","isPartOf":{"@id":"https:\/\/boutique-one-piece.com\/#website"},"primaryImageOfPage":{"@id":"https:\/\/boutique-one-piece.com\/decorations-one-piece\/tableaux-one-piece\/tableau-one-piece-boa-hancock\/#primaryimage"},"image":{"@id":"https:\/\/boutique-one-piece.com\/decorations-one-piece\/tableaux-one-piece\/tableau-one-piece-boa-hancock\/#primaryimage"},"thumbnailUrl":"https:\/\/boutique-one-piece.com\/wp-content\/uploads\/2022\/09\/Tableau-One-Piece-Boa-Hancock.jpg","datePublished":"2022-09-27T20:23:42+00:00","dateModified":"2024-09-18T01:03:30+00:00","description":"One Piece 5-Piece Canvas Print: The Pirate Empress or Snake Princess. If you&#039;re a fan of the pirate universe, this 5-panel canvas print is for you!","breadcrumb":{"@id":"https:\/\/boutique-one-piece.com\/decorations-one-piece\/tableaux-one-piece\/tableau-one-piece-boa-hancock\/#breadcrumb"},"inLanguage":"en-US","potentialAction":[{"@type":"ReadAction","target":["https:\/\/boutique-one-piece.com\/decorations-one-piece\/tableaux-one-piece\/tableau-one-piece-boa-hancock\/"]}]},{"@type":"ImageObject","inLanguage":"en-US","@id":"https:\/\/boutique-one-piece.com\/decorations-one-piece\/tableaux-one-piece\/tableau-one-piece-boa-hancock\/#primaryimage","url":"https:\/\/boutique-one-piece.com\/wp-content\/uploads\/2022\/09\/Tableau-One-Piece-Boa-Hancock.jpg","contentUrl":"https:\/\/boutique-one-piece.com\/wp-content\/uploads\/2022\/09\/Tableau-One-Piece-Boa-Hancock.jpg","width":1000,"height":1000,"caption":"Tableau One Piece Boa Hancock XL Avec Cadre"},{"@type":"BreadcrumbList","@id":"https:\/\/boutique-one-piece.com\/decorations-one-piece\/tableaux-one-piece\/tableau-one-piece-boa-hancock\/#breadcrumb","itemListElement":[{"@type":"ListItem","position":1,"name":"Home","item":"https:\/\/boutique-one-piece.com\/"},{"@type":"ListItem","position":2,"name":"Shop","item":"https:\/\/boutique-one-piece.com\/shop\/"},{"@type":"ListItem","position":3,"name":"Tableau One Piece Boa Hancock"}]},{"@type":"WebSite","@id":"https:\/\/boutique-one-piece.com\/#website","url":"https:\/\/boutique-one-piece.com\/","name":"One Piece Shop","description":"Specialty store for One Piece Manga and Anime","publisher":{"@id":"https:\/\/boutique-one-piece.com\/#organization"},"potentialAction":[{"@type":"SearchAction","target":{"@type":"EntryPoint","urlTemplate":"https:\/\/boutique-one-piece.com\/?s={search_term_string}"},"query-input":{"@type":"PropertyValueSpecification","valueRequired":true,"valueName":"search_term_string"}}],"inLanguage":"en-US"},{"@type":"Organization","@id":"https:\/\/boutique-one-piece.com\/#organization","name":"One Piece Shop","url":"https:\/\/boutique-one-piece.com\/","logo":{"@type":"ImageObject","inLanguage":"en-US","@id":"https:\/\/boutique-one-piece.com\/#\/schema\/logo\/image\/","url":"https:\/\/boutique-one-piece.com\/wp-content\/uploads\/2022\/09\/Logo-01.png","contentUrl":"https:\/\/boutique-one-piece.com\/wp-content\/uploads\/2022\/09\/Logo-01.png","width":2318,"height":957,"caption":"Boutique One Piece"},"image":{"@id":"https:\/\/boutique-one-piece.com\/#\/schema\/logo\/image\/"}}]}},"_links":{"self":[{"href":"https:\/\/boutique-one-piece.com\/en\/wp-json\/wp\/v2\/product\/9943","targetHints":{"allow":["GET"]}}],"collection":[{"href":"https:\/\/boutique-one-piece.com\/en\/wp-json\/wp\/v2\/product"}],"about":[{"href":"https:\/\/boutique-one-piece.com\/en\/wp-json\/wp\/v2\/types\/product"}],"replies":[{"embeddable":true,"href":"https:\/\/boutique-one-piece.com\/en\/wp-json\/wp\/v2\/comments?post=9943"}],"wp:featuredmedia":[{"embeddable":true,"href":"https:\/\/boutique-one-piece.com\/en\/wp-json\/wp\/v2\/media\/9945"}],"wp:attachment":[{"href":"https:\/\/boutique-one-piece.com\/en\/wp-json\/wp\/v2\/media?parent=9943"}],"wp:term":[{"taxonomy":"product_brand","embeddable":true,"href":"https:\/\/boutique-one-piece.com\/en\/wp-json\/wp\/v2\/product_brand?post=9943"},{"taxonomy":"product_cat","embeddable":true,"href":"https:\/\/boutique-one-piece.com\/en\/wp-json\/wp\/v2\/product_cat?post=9943"},{"taxonomy":"product_tag","embeddable":true,"href":"https:\/\/boutique-one-piece.com\/en\/wp-json\/wp\/v2\/product_tag?post=9943"}],"curies":[{"name":"wp","href":"https:\/\/api.w.org\/{rel}","templated":true}]}}