{"id":10020,"date":"2022-09-27T20:24:08","date_gmt":"2022-09-27T20:24:08","guid":{"rendered":"https:\/\/boutique-one-piece.com\/uncategorized\/peluche-chopper-cosplay-baggy\/"},"modified":"2024-09-16T11:56:06","modified_gmt":"2024-09-16T11:56:06","slug":"peluche-de-cosplay-de-baggy-chopper","status":"publish","type":"product","link":"https:\/\/boutique-one-piece.com\/es\/articulos-de-one-piece\/tony-goodies-tony-chopper-de-una-pieza\/peluche-de-cosplay-de-baggy-chopper\/","title":{"rendered":"Peluche de cosplay de Baggy Chopper"},"content":{"rendered":"<h2>Joven pirata, consigue ahora este peluche Baggy Chopper Cosplay.<\/h2>\n<p>Como recordatorio, <strong>Tony Tony Chopper<\/strong> est le docteur de l\u2019\u00c9quipage du Chapeau de Paille. Chopper est un <strong>reno<\/strong> que comi\u00f3 la fruta Hito Hito no Mi, lo que le permiti\u00f3 transformarse en <strong>humano<\/strong>. Un aspect de sa personnalit\u00e9 \u00e0 conna\u00eetre, c\u2019est qu\u2019il a tendance \u00e0 paniquer rapidement et laisse ensuite certains faits cruciaux partir de son esprit. Par exemple, quand il y a quelqu\u2019un qui est bless\u00e9, il panique souvent et hurle \u00ab\u00a0Appelez un m\u00e9decin !!\u00a0\u00bb. Il se rend compte plus tard que c\u2019est lui le m\u00e9decin.<\/p>\n<p>Para <strong>Baggy<\/strong>, aussi connu sous le nom de Baggy le Clown ou encore le Clown aux Mille Pi\u00e8ces ; C\u2019est le capitaine de L\u2019\u00c9quipage du Clown et un ancien mousse de L\u2019\u00c9quipage des Pirates Roger. D\u2019ailleurs, si tu souhaites agrandir ta collection de peluches, la <a title=\"Ley de cosplay de peluche de Chopper\" href=\"https:\/\/boutique-one-piece.com\/es\/ley-de-cosplay-de-plush-chopper\/\" target=\"_blank\" rel=\"noopener\">Peluche de Chopper en Trafalgar Law Cosplay<\/a> Est\u00e1 a tu alcance.<\/p>\n<h3>Ne sois pas h\u00e9sitant et adopte sans plus attendre cette peluche de Chopper en cosplay avec Baggy. Cette peluche sera \u00e0 tes c\u00f4t\u00e9s lors de tes aventures au sein de l\u2019univers One Piece.<\/h3>\n<p>Que tu sois un fan de la premi\u00e8re heure ou un fin collectionneur, bonne nouvelle, tu es au bon endroit. Tu n\u2019as certes pas encore mis la main sur le <strong>Una pieza<\/strong>, Pero acabas de desenterrar un verdadero tesoro. Aqu\u00ed encontrar\u00e1s todos los objetos legendarios que te permitir\u00e1n sumergirte de nuevo en tu universo animado favorito. Tu destino... <strong>pirata<\/strong> Ahora est\u00e1 en tus manos.<\/p>\n<h2>Informaci\u00f3n sobre el peluche de One Piece Chopper:<\/h2>\n<ul>\n<li>\u00a0<b>Tipo de producto<\/b><span>\u00a0<\/span>Peluche de manga de One Piece<\/li>\n<\/ul>\n<ul>\n<li>\n<b>Uso del Peluce<\/b>\u00a0Juguetes, decoraciones, coleccionables, regalos.<\/li>\n<\/ul>\n<ul>\n<li>\n<b>Nombre del personaje<\/b>\u00a0Tony Chopper<\/li>\n<\/ul>\n<ul>\n<li>\n<b>Tama\u00f1o del juguete de peluche<\/b>\u00a0:25 o 30 cent\u00edmetros<\/li>\n<\/ul>\n<ul>\n<li>\n<b>Asunto<\/b>\u00a0: Algod\u00f3n<\/li>\n<\/ul>\n<ul>\n<li>\n<b>Edad recomendada<\/b>\u00a0:m\u00e1s de 3 a\u00f1os<\/li>\n<\/ul>\n<ul>\n<li>\n<b>Entrega gratuita<\/b> para cualquier compra<\/li>\n<\/ul>","protected":false},"excerpt":{"rendered":"<p>Jeune pirate, acquiers d\u00e8s maintenant cette Peluche Chopper Cosplay Baggy. Pour rappel, Tony Tony Chopper est le docteur de l\u2019\u00c9quipage du Chapeau de Paille. Chopper est un renne qui a mang\u00e9 le Hito Hito no Mi, lui permettant de se transformer en humain. Un aspect de sa personnalit\u00e9 \u00e0 conna\u00eetre, c\u2019est qu\u2019il a tendance \u00e0 [&hellip;]<\/p>","protected":false},"featured_media":10022,"comment_status":"open","ping_status":"open","template":"","meta":[],"product_brand":[],"product_cat":[163,177],"product_tag":[165],"class_list":{"0":"post-10020","1":"product","2":"type-product","3":"status-publish","4":"has-post-thumbnail","6":"product_cat-goodies-tony-tony-chopper-one-piece","7":"product_cat-peluches-one-piece","8":"product_tag-chopper","10":"first","11":"instock","12":"purchasable","13":"product-type-variable","14":"has-default-attributes"},"yoast_head":"<!-- This site is optimized with the Yoast SEO plugin v27.5 - https:\/\/yoast.com\/product\/yoast-seo-wordpress\/ -->\n<title>Peluche Chopper Cosplay Baggy | Boutique One Piece<\/title>\n<meta name=\"description\" content=\"D\u00e9couvrez la peluche One Piece Tony Chopper d\u00e9guis\u00e9 en Baggy, elle est aussi douce que mignonne ! Commencez votre aventure de pirate \u00e0 la recherche du One Piece dans l&#039;\u00e9quipage du Chapeau de Paille\" \/>\n<meta name=\"robots\" content=\"index, follow, max-snippet:-1, max-image-preview:large, max-video-preview:-1\" \/>\n<link rel=\"canonical\" href=\"https:\/\/boutique-one-piece.com\/es\/peluches-de-one-piece\/peluche-de-cosplay-de-baggy-chopper\/\" \/>\n<meta property=\"og:locale\" content=\"es_ES\" \/>\n<meta property=\"og:type\" content=\"article\" \/>\n<meta property=\"og:title\" content=\"Peluche Chopper Cosplay Baggy | Boutique One Piece\" \/>\n<meta property=\"og:description\" content=\"D\u00e9couvrez la peluche One Piece Tony Chopper d\u00e9guis\u00e9 en Baggy, elle est aussi douce que mignonne ! Commencez votre aventure de pirate \u00e0 la recherche du One Piece dans l&#039;\u00e9quipage du Chapeau de Paille\" \/>\n<meta property=\"og:url\" content=\"https:\/\/boutique-one-piece.com\/es\/peluches-de-one-piece\/peluche-de-cosplay-de-baggy-chopper\/\" \/>\n<meta property=\"og:site_name\" content=\"Boutique One Piece\" \/>\n<meta property=\"article:modified_time\" content=\"2024-09-16T11:56:06+00:00\" \/>\n<meta property=\"og:image\" content=\"https:\/\/boutique-one-piece.com\/wp-content\/uploads\/2022\/09\/Peluche-Chopper-Cosplay-Baggy.png\" \/>\n\t<meta property=\"og:image:width\" content=\"500\" \/>\n\t<meta property=\"og:image:height\" content=\"500\" \/>\n\t<meta property=\"og:image:type\" content=\"image\/png\" \/>\n<meta name=\"twitter:card\" content=\"summary_large_image\" \/>\n<meta name=\"twitter:label1\" content=\"Tiempo de lectura\" \/>\n\t<meta name=\"twitter:data1\" content=\"2 minutos\" \/>\n<script type=\"application\/ld+json\" class=\"yoast-schema-graph\">{\"@context\":\"https:\\\/\\\/schema.org\",\"@graph\":[{\"@type\":\"WebPage\",\"@id\":\"https:\\\/\\\/boutique-one-piece.com\\\/peluches-one-piece\\\/peluche-chopper-cosplay-baggy\\\/\",\"url\":\"https:\\\/\\\/boutique-one-piece.com\\\/peluches-one-piece\\\/peluche-chopper-cosplay-baggy\\\/\",\"name\":\"Peluche Chopper Cosplay Baggy | Boutique One Piece\",\"isPartOf\":{\"@id\":\"https:\\\/\\\/boutique-one-piece.com\\\/#website\"},\"primaryImageOfPage\":{\"@id\":\"https:\\\/\\\/boutique-one-piece.com\\\/peluches-one-piece\\\/peluche-chopper-cosplay-baggy\\\/#primaryimage\"},\"image\":{\"@id\":\"https:\\\/\\\/boutique-one-piece.com\\\/peluches-one-piece\\\/peluche-chopper-cosplay-baggy\\\/#primaryimage\"},\"thumbnailUrl\":\"https:\\\/\\\/boutique-one-piece.com\\\/wp-content\\\/uploads\\\/2022\\\/09\\\/Peluche-Chopper-Cosplay-Baggy.png\",\"datePublished\":\"2022-09-27T20:24:08+00:00\",\"dateModified\":\"2024-09-16T11:56:06+00:00\",\"description\":\"D\u00e9couvrez la peluche One Piece Tony Chopper d\u00e9guis\u00e9 en Baggy, elle est aussi douce que mignonne ! Commencez votre aventure de pirate \u00e0 la recherche du One Piece dans l'\u00e9quipage du Chapeau de Paille\",\"breadcrumb\":{\"@id\":\"https:\\\/\\\/boutique-one-piece.com\\\/peluches-one-piece\\\/peluche-chopper-cosplay-baggy\\\/#breadcrumb\"},\"inLanguage\":\"es\",\"potentialAction\":[{\"@type\":\"ReadAction\",\"target\":[\"https:\\\/\\\/boutique-one-piece.com\\\/peluches-one-piece\\\/peluche-chopper-cosplay-baggy\\\/\"]}]},{\"@type\":\"ImageObject\",\"inLanguage\":\"es\",\"@id\":\"https:\\\/\\\/boutique-one-piece.com\\\/peluches-one-piece\\\/peluche-chopper-cosplay-baggy\\\/#primaryimage\",\"url\":\"https:\\\/\\\/boutique-one-piece.com\\\/wp-content\\\/uploads\\\/2022\\\/09\\\/Peluche-Chopper-Cosplay-Baggy.png\",\"contentUrl\":\"https:\\\/\\\/boutique-one-piece.com\\\/wp-content\\\/uploads\\\/2022\\\/09\\\/Peluche-Chopper-Cosplay-Baggy.png\",\"width\":500,\"height\":500,\"caption\":\"Peluche Chopper Cosplay Baggy 30cm\"},{\"@type\":\"BreadcrumbList\",\"@id\":\"https:\\\/\\\/boutique-one-piece.com\\\/peluches-one-piece\\\/peluche-chopper-cosplay-baggy\\\/#breadcrumb\",\"itemListElement\":[{\"@type\":\"ListItem\",\"position\":1,\"name\":\"Home\",\"item\":\"https:\\\/\\\/boutique-one-piece.com\\\/\"},{\"@type\":\"ListItem\",\"position\":2,\"name\":\"Shop\",\"item\":\"https:\\\/\\\/boutique-one-piece.com\\\/shop\\\/\"},{\"@type\":\"ListItem\",\"position\":3,\"name\":\"Peluche Chopper Cosplay Baggy\"}]},{\"@type\":\"WebSite\",\"@id\":\"https:\\\/\\\/boutique-one-piece.com\\\/#website\",\"url\":\"https:\\\/\\\/boutique-one-piece.com\\\/\",\"name\":\"Boutique One Piece\",\"description\":\"Magasin Sp\u00e9cialis\u00e9 du Manga et l&#039;Anime One Piece\",\"publisher\":{\"@id\":\"https:\\\/\\\/boutique-one-piece.com\\\/#organization\"},\"potentialAction\":[{\"@type\":\"SearchAction\",\"target\":{\"@type\":\"EntryPoint\",\"urlTemplate\":\"https:\\\/\\\/boutique-one-piece.com\\\/?s={search_term_string}\"},\"query-input\":{\"@type\":\"PropertyValueSpecification\",\"valueRequired\":true,\"valueName\":\"search_term_string\"}}],\"inLanguage\":\"es\"},{\"@type\":\"Organization\",\"@id\":\"https:\\\/\\\/boutique-one-piece.com\\\/#organization\",\"name\":\"Boutique One Piece\",\"url\":\"https:\\\/\\\/boutique-one-piece.com\\\/\",\"logo\":{\"@type\":\"ImageObject\",\"inLanguage\":\"es\",\"@id\":\"https:\\\/\\\/boutique-one-piece.com\\\/#\\\/schema\\\/logo\\\/image\\\/\",\"url\":\"https:\\\/\\\/boutique-one-piece.com\\\/wp-content\\\/uploads\\\/2022\\\/09\\\/Logo-01.png\",\"contentUrl\":\"https:\\\/\\\/boutique-one-piece.com\\\/wp-content\\\/uploads\\\/2022\\\/09\\\/Logo-01.png\",\"width\":2318,\"height\":957,\"caption\":\"Boutique One Piece\"},\"image\":{\"@id\":\"https:\\\/\\\/boutique-one-piece.com\\\/#\\\/schema\\\/logo\\\/image\\\/\"}}]}<\/script>\n<!-- \/ Yoast SEO plugin. -->","yoast_head_json":{"title":"Peluche holgado de Chopper para cosplay | Tienda de One Piece","description":"Descubre el peluche de Tony Chopper de One Piece vestido como Buggy: \u00a1es tan suave como adorable! Empieza tu aventura pirata en busca del One Piece con la tripulaci\u00f3n del Sombrero de Paja.","robots":{"index":"index","follow":"follow","max-snippet":"max-snippet:-1","max-image-preview":"max-image-preview:large","max-video-preview":"max-video-preview:-1"},"canonical":"https:\/\/boutique-one-piece.com\/es\/peluches-de-one-piece\/peluche-de-cosplay-de-baggy-chopper\/","og_locale":"es_ES","og_type":"article","og_title":"Peluche Chopper Cosplay Baggy | Boutique One Piece","og_description":"D\u00e9couvrez la peluche One Piece Tony Chopper d\u00e9guis\u00e9 en Baggy, elle est aussi douce que mignonne ! Commencez votre aventure de pirate \u00e0 la recherche du One Piece dans l'\u00e9quipage du Chapeau de Paille","og_url":"https:\/\/boutique-one-piece.com\/es\/peluches-de-one-piece\/peluche-de-cosplay-de-baggy-chopper\/","og_site_name":"Boutique One Piece","article_modified_time":"2024-09-16T11:56:06+00:00","og_image":[{"width":500,"height":500,"url":"https:\/\/boutique-one-piece.com\/wp-content\/uploads\/2022\/09\/Peluche-Chopper-Cosplay-Baggy.png","type":"image\/png"}],"twitter_card":"summary_large_image","twitter_misc":{"Tiempo de lectura":"2 minutos"},"schema":{"@context":"https:\/\/schema.org","@graph":[{"@type":"WebPage","@id":"https:\/\/boutique-one-piece.com\/peluches-one-piece\/peluche-chopper-cosplay-baggy\/","url":"https:\/\/boutique-one-piece.com\/peluches-one-piece\/peluche-chopper-cosplay-baggy\/","name":"Peluche holgado de Chopper para cosplay | Tienda de One Piece","isPartOf":{"@id":"https:\/\/boutique-one-piece.com\/#website"},"primaryImageOfPage":{"@id":"https:\/\/boutique-one-piece.com\/peluches-one-piece\/peluche-chopper-cosplay-baggy\/#primaryimage"},"image":{"@id":"https:\/\/boutique-one-piece.com\/peluches-one-piece\/peluche-chopper-cosplay-baggy\/#primaryimage"},"thumbnailUrl":"https:\/\/boutique-one-piece.com\/wp-content\/uploads\/2022\/09\/Peluche-Chopper-Cosplay-Baggy.png","datePublished":"2022-09-27T20:24:08+00:00","dateModified":"2024-09-16T11:56:06+00:00","description":"Descubre el peluche de Tony Chopper de One Piece vestido como Buggy: \u00a1es tan suave como adorable! Empieza tu aventura pirata en busca del One Piece con la tripulaci\u00f3n del Sombrero de Paja.","breadcrumb":{"@id":"https:\/\/boutique-one-piece.com\/peluches-one-piece\/peluche-chopper-cosplay-baggy\/#breadcrumb"},"inLanguage":"es","potentialAction":[{"@type":"ReadAction","target":["https:\/\/boutique-one-piece.com\/peluches-one-piece\/peluche-chopper-cosplay-baggy\/"]}]},{"@type":"ImageObject","inLanguage":"es","@id":"https:\/\/boutique-one-piece.com\/peluches-one-piece\/peluche-chopper-cosplay-baggy\/#primaryimage","url":"https:\/\/boutique-one-piece.com\/wp-content\/uploads\/2022\/09\/Peluche-Chopper-Cosplay-Baggy.png","contentUrl":"https:\/\/boutique-one-piece.com\/wp-content\/uploads\/2022\/09\/Peluche-Chopper-Cosplay-Baggy.png","width":500,"height":500,"caption":"Peluche Chopper Cosplay Baggy 30cm"},{"@type":"BreadcrumbList","@id":"https:\/\/boutique-one-piece.com\/peluches-one-piece\/peluche-chopper-cosplay-baggy\/#breadcrumb","itemListElement":[{"@type":"ListItem","position":1,"name":"Home","item":"https:\/\/boutique-one-piece.com\/"},{"@type":"ListItem","position":2,"name":"Shop","item":"https:\/\/boutique-one-piece.com\/shop\/"},{"@type":"ListItem","position":3,"name":"Peluche Chopper Cosplay Baggy"}]},{"@type":"WebSite","@id":"https:\/\/boutique-one-piece.com\/#website","url":"https:\/\/boutique-one-piece.com\/","name":"Tienda de One Piece","description":"Tienda especializada en manga y anime de One Piece","publisher":{"@id":"https:\/\/boutique-one-piece.com\/#organization"},"potentialAction":[{"@type":"SearchAction","target":{"@type":"EntryPoint","urlTemplate":"https:\/\/boutique-one-piece.com\/?s={search_term_string}"},"query-input":{"@type":"PropertyValueSpecification","valueRequired":true,"valueName":"search_term_string"}}],"inLanguage":"es"},{"@type":"Organization","@id":"https:\/\/boutique-one-piece.com\/#organization","name":"Tienda de One Piece","url":"https:\/\/boutique-one-piece.com\/","logo":{"@type":"ImageObject","inLanguage":"es","@id":"https:\/\/boutique-one-piece.com\/#\/schema\/logo\/image\/","url":"https:\/\/boutique-one-piece.com\/wp-content\/uploads\/2022\/09\/Logo-01.png","contentUrl":"https:\/\/boutique-one-piece.com\/wp-content\/uploads\/2022\/09\/Logo-01.png","width":2318,"height":957,"caption":"Boutique One Piece"},"image":{"@id":"https:\/\/boutique-one-piece.com\/#\/schema\/logo\/image\/"}}]}},"_links":{"self":[{"href":"https:\/\/boutique-one-piece.com\/es\/wp-json\/wp\/v2\/product\/10020","targetHints":{"allow":["GET"]}}],"collection":[{"href":"https:\/\/boutique-one-piece.com\/es\/wp-json\/wp\/v2\/product"}],"about":[{"href":"https:\/\/boutique-one-piece.com\/es\/wp-json\/wp\/v2\/types\/product"}],"replies":[{"embeddable":true,"href":"https:\/\/boutique-one-piece.com\/es\/wp-json\/wp\/v2\/comments?post=10020"}],"wp:featuredmedia":[{"embeddable":true,"href":"https:\/\/boutique-one-piece.com\/es\/wp-json\/wp\/v2\/media\/10022"}],"wp:attachment":[{"href":"https:\/\/boutique-one-piece.com\/es\/wp-json\/wp\/v2\/media?parent=10020"}],"wp:term":[{"taxonomy":"product_brand","embeddable":true,"href":"https:\/\/boutique-one-piece.com\/es\/wp-json\/wp\/v2\/product_brand?post=10020"},{"taxonomy":"product_cat","embeddable":true,"href":"https:\/\/boutique-one-piece.com\/es\/wp-json\/wp\/v2\/product_cat?post=10020"},{"taxonomy":"product_tag","embeddable":true,"href":"https:\/\/boutique-one-piece.com\/es\/wp-json\/wp\/v2\/product_tag?post=10020"}],"curies":[{"name":"wp","href":"https:\/\/api.w.org\/{rel}","templated":true}]}}