{"id":10047,"date":"2022-09-27T20:24:18","date_gmt":"2022-09-27T20:24:18","guid":{"rendered":"https:\/\/boutique-one-piece.com\/uncategorized\/figurine-one-piece-luffy-fluide-offensif\/"},"modified":"2024-09-16T11:56:43","modified_gmt":"2024-09-16T11:56:43","slug":"figura-de-fluido-ofensivo-de-luffy-de-one-piece","status":"publish","type":"product","link":"https:\/\/boutique-one-piece.com\/es\/figuras-de-one-piece\/figura-de-fluido-ofensivo-de-luffy-de-one-piece\/","title":{"rendered":"Figura fluida ofensiva de Luffy de One Piece"},"content":{"rendered":"<h2>Joven pirata, consigue ahora esta figura fluida ofensiva de Luffy de One Piece.<\/h2>\n<p><strong>Luffy<\/strong> No necesita presentaci\u00f3n, pero aqu\u00ed hay algunas palabras sobre \u00e9l: tiene una reputaci\u00f3n mundial de causar problemas y desastres, incluso entre los Siete Se\u00f1ores de la Guerra del Mar y la Armada, habiendo llegado tan lejos como para desafiar a dos de los <strong>Cuatro emperadores<\/strong> (Big Mom y Kaido), as\u00ed como cometiendo cr\u00edmenes y acciones consideradas peligrosas por el Gobierno Mundial.<\/p>\n<p>En cuanto al uso de su <strong>fluido ofensivo<\/strong>, Debes saber que este es un misterioso poder del manga de One Piece que permite al usuario usar su propia energ\u00eda espiritual para diversos fines. Existen tres tipos de Haki: Haki Perceptivo, Haki Ofensivo y Haki del Conquistador. En este caso, hablamos del Haki Ofensivo, que otorga a su usuario la capacidad de usar su propia energ\u00eda espiritual para crear una armadura invisible a su alrededor, otorg\u00e1ndole incre\u00edbles capacidades ofensivas y defensivas. Adem\u00e1s, el <a title=\"FIGURA DE FLUIDOS OFENSIVOS DE ZORO DE ONE PIECE\" href=\"https:\/\/boutique-one-piece.com\/es\/figuras-de-one-piece\/productos\/figurine-one-piece-+zoro-fluides-offensif\/\" target=\"_blank\" rel=\"noopener\">Figura de Zoro con fluido ofensivo.<\/a> Est\u00e1 a tu alcance.<\/p>\n<h3>\u00bfTe cautiva la figura de Luffy y su Haki ofensivo? Si es as\u00ed, desarrolla tu Haki junto a \u00e9l.<\/h3>\n<p>Tanto si eres un fan\u00e1tico incondicional como un coleccionista experimentado, estos art\u00edculos son sin duda para ti. Perfectos para regalar, decorar o coleccionar, enriquecer\u00e1n tu colecci\u00f3n. <strong>tu universo de One Piece<\/strong>. No lo dudes m\u00e1s y aprovecha la oportunidad de navegar a bordo del <strong>Mil soleados<\/strong> para conquistar el tesoro de One Piece.<\/p>\n<h2>Informaci\u00f3n sobre la figura fluida ofensiva de Luffy&nbsp;<\/h2>\n<ul>\n<li><span><b><u>Figura de One Piece<\/u><\/b>&nbsp;Figura premium de One Piece para aut\u00e9nticos piratas.<\/span><\/li>\n<\/ul>\n<ul>\n<li>\n<b>Asunto<\/b><span>&nbsp;<\/span>CLORURO DE POLIVINILO<\/li>\n<\/ul>\n<ul>\n<li><span><strong>Dimensi\u00f3n<\/strong>&nbsp;:20 cent\u00edmetros<\/span><\/li>\n<\/ul>\n<ul>\n<li><span><strong>ENTREGA GRATUITA<\/strong><\/span><\/li>\n<\/ul>","protected":false},"excerpt":{"rendered":"<p>Jeune pirate, procure-toi d\u00e8s maintenant cette Figurine One Piece Luffy fluide offensif. Luffy n&rsquo;est plus \u00e0 pr\u00e9senter, mais voici quelques mots le concernant ; Il a une r\u00e9putation mondiale pour avoir caus\u00e9 des troubles et des catastrophes, m\u00eame parmi les 7 Capitaines Corsaires et la Marine, en \u00e9tant all\u00e9 jusqu&rsquo;\u00e0 d\u00e9fier deux des Quatre Empereurs [&hellip;]<\/p>","protected":false},"featured_media":10049,"comment_status":"open","ping_status":"open","template":"","meta":[],"product_brand":[],"product_cat":[181,76],"product_tag":[92],"class_list":{"0":"post-10047","1":"product","2":"type-product","3":"status-publish","4":"has-post-thumbnail","6":"product_cat-figurines-monkey-d-luffy","7":"product_cat-figurines-one-piece","8":"product_tag-luffy","10":"first","11":"outofstock","12":"purchasable","13":"product-type-simple"},"yoast_head":"<!-- This site is optimized with the Yoast SEO plugin v27.5 - https:\/\/yoast.com\/product\/yoast-seo-wordpress\/ -->\n<title>Figurine One Piece Luffy fluide offensif | Figurine One Piece \u2013 Boutique One Piece<\/title>\n<meta name=\"description\" content=\"Jeune pirate, procure-toi d\u00e8s maintenant cette Figurine One Piece Luffy fluide offensif. Luffy n&#039;est plus \u00e0 pr\u00e9senter, mais voici quelques mots le concernant ; Il a une r\u00e9putation mondiale pour avoir caus\u00e9 des troubles et des catastrophes, m\u00eame parmi les 7 Capitaines Corsaires et la Marine, en \u00e9tant all\u00e9 jusqu&#039;\u00e0 d\u00e9fier\" \/>\n<meta name=\"robots\" content=\"index, follow, max-snippet:-1, max-image-preview:large, max-video-preview:-1\" \/>\n<link rel=\"canonical\" href=\"https:\/\/boutique-one-piece.com\/es\/figuras-de-one-piece\/figura-de-fluido-ofensivo-de-luffy-de-one-piece\/\" \/>\n<meta property=\"og:locale\" content=\"es_ES\" \/>\n<meta property=\"og:type\" content=\"article\" \/>\n<meta property=\"og:title\" content=\"Figurine One Piece Luffy fluide offensif | Figurine One Piece \u2013 Boutique One Piece\" \/>\n<meta property=\"og:description\" content=\"Jeune pirate, procure-toi d\u00e8s maintenant cette Figurine One Piece Luffy fluide offensif. Luffy n&#039;est plus \u00e0 pr\u00e9senter, mais voici quelques mots le concernant ; Il a une r\u00e9putation mondiale pour avoir caus\u00e9 des troubles et des catastrophes, m\u00eame parmi les 7 Capitaines Corsaires et la Marine, en \u00e9tant all\u00e9 jusqu&#039;\u00e0 d\u00e9fier\" \/>\n<meta property=\"og:url\" content=\"https:\/\/boutique-one-piece.com\/es\/figuras-de-one-piece\/figura-de-fluido-ofensivo-de-luffy-de-one-piece\/\" \/>\n<meta property=\"og:site_name\" content=\"Boutique One Piece\" \/>\n<meta property=\"article:modified_time\" content=\"2024-09-16T11:56:43+00:00\" \/>\n<meta property=\"og:image\" content=\"https:\/\/boutique-one-piece.com\/wp-content\/uploads\/2022\/09\/Figurine-One-Piece-Luffy-fluide-offensif-1.jpg\" \/>\n\t<meta property=\"og:image:width\" content=\"800\" \/>\n\t<meta property=\"og:image:height\" content=\"800\" \/>\n\t<meta property=\"og:image:type\" content=\"image\/jpeg\" \/>\n<meta name=\"twitter:card\" content=\"summary_large_image\" \/>\n<meta name=\"twitter:label1\" content=\"Tiempo de lectura\" \/>\n\t<meta name=\"twitter:data1\" content=\"2 minutos\" \/>\n<script type=\"application\/ld+json\" class=\"yoast-schema-graph\">{\"@context\":\"https:\\\/\\\/schema.org\",\"@graph\":[{\"@type\":\"WebPage\",\"@id\":\"https:\\\/\\\/boutique-one-piece.com\\\/figurines-one-piece\\\/figurine-one-piece-luffy-fluide-offensif\\\/\",\"url\":\"https:\\\/\\\/boutique-one-piece.com\\\/figurines-one-piece\\\/figurine-one-piece-luffy-fluide-offensif\\\/\",\"name\":\"Figurine One Piece Luffy fluide offensif | Figurine One Piece \u2013 Boutique One Piece\",\"isPartOf\":{\"@id\":\"https:\\\/\\\/boutique-one-piece.com\\\/#website\"},\"primaryImageOfPage\":{\"@id\":\"https:\\\/\\\/boutique-one-piece.com\\\/figurines-one-piece\\\/figurine-one-piece-luffy-fluide-offensif\\\/#primaryimage\"},\"image\":{\"@id\":\"https:\\\/\\\/boutique-one-piece.com\\\/figurines-one-piece\\\/figurine-one-piece-luffy-fluide-offensif\\\/#primaryimage\"},\"thumbnailUrl\":\"https:\\\/\\\/boutique-one-piece.com\\\/wp-content\\\/uploads\\\/2022\\\/09\\\/Figurine-One-Piece-Luffy-fluide-offensif-1.jpg\",\"datePublished\":\"2022-09-27T20:24:18+00:00\",\"dateModified\":\"2024-09-16T11:56:43+00:00\",\"description\":\"Jeune pirate, procure-toi d\u00e8s maintenant cette Figurine One Piece Luffy fluide offensif. Luffy n'est plus \u00e0 pr\u00e9senter, mais voici quelques mots le concernant ; Il a une r\u00e9putation mondiale pour avoir caus\u00e9 des troubles et des catastrophes, m\u00eame parmi les 7 Capitaines Corsaires et la Marine, en \u00e9tant all\u00e9 jusqu'\u00e0 d\u00e9fier\",\"breadcrumb\":{\"@id\":\"https:\\\/\\\/boutique-one-piece.com\\\/figurines-one-piece\\\/figurine-one-piece-luffy-fluide-offensif\\\/#breadcrumb\"},\"inLanguage\":\"es\",\"potentialAction\":[{\"@type\":\"ReadAction\",\"target\":[\"https:\\\/\\\/boutique-one-piece.com\\\/figurines-one-piece\\\/figurine-one-piece-luffy-fluide-offensif\\\/\"]}]},{\"@type\":\"ImageObject\",\"inLanguage\":\"es\",\"@id\":\"https:\\\/\\\/boutique-one-piece.com\\\/figurines-one-piece\\\/figurine-one-piece-luffy-fluide-offensif\\\/#primaryimage\",\"url\":\"https:\\\/\\\/boutique-one-piece.com\\\/wp-content\\\/uploads\\\/2022\\\/09\\\/Figurine-One-Piece-Luffy-fluide-offensif-1.jpg\",\"contentUrl\":\"https:\\\/\\\/boutique-one-piece.com\\\/wp-content\\\/uploads\\\/2022\\\/09\\\/Figurine-One-Piece-Luffy-fluide-offensif-1.jpg\",\"width\":800,\"height\":800},{\"@type\":\"BreadcrumbList\",\"@id\":\"https:\\\/\\\/boutique-one-piece.com\\\/figurines-one-piece\\\/figurine-one-piece-luffy-fluide-offensif\\\/#breadcrumb\",\"itemListElement\":[{\"@type\":\"ListItem\",\"position\":1,\"name\":\"Home\",\"item\":\"https:\\\/\\\/boutique-one-piece.com\\\/\"},{\"@type\":\"ListItem\",\"position\":2,\"name\":\"Shop\",\"item\":\"https:\\\/\\\/boutique-one-piece.com\\\/shop\\\/\"},{\"@type\":\"ListItem\",\"position\":3,\"name\":\"Figurine One Piece Luffy fluide offensif\"}]},{\"@type\":\"WebSite\",\"@id\":\"https:\\\/\\\/boutique-one-piece.com\\\/#website\",\"url\":\"https:\\\/\\\/boutique-one-piece.com\\\/\",\"name\":\"Boutique One Piece\",\"description\":\"Magasin Sp\u00e9cialis\u00e9 du Manga et l&#039;Anime One Piece\",\"publisher\":{\"@id\":\"https:\\\/\\\/boutique-one-piece.com\\\/#organization\"},\"potentialAction\":[{\"@type\":\"SearchAction\",\"target\":{\"@type\":\"EntryPoint\",\"urlTemplate\":\"https:\\\/\\\/boutique-one-piece.com\\\/?s={search_term_string}\"},\"query-input\":{\"@type\":\"PropertyValueSpecification\",\"valueRequired\":true,\"valueName\":\"search_term_string\"}}],\"inLanguage\":\"es\"},{\"@type\":\"Organization\",\"@id\":\"https:\\\/\\\/boutique-one-piece.com\\\/#organization\",\"name\":\"Boutique One Piece\",\"url\":\"https:\\\/\\\/boutique-one-piece.com\\\/\",\"logo\":{\"@type\":\"ImageObject\",\"inLanguage\":\"es\",\"@id\":\"https:\\\/\\\/boutique-one-piece.com\\\/#\\\/schema\\\/logo\\\/image\\\/\",\"url\":\"https:\\\/\\\/boutique-one-piece.com\\\/wp-content\\\/uploads\\\/2022\\\/09\\\/Logo-01.png\",\"contentUrl\":\"https:\\\/\\\/boutique-one-piece.com\\\/wp-content\\\/uploads\\\/2022\\\/09\\\/Logo-01.png\",\"width\":2318,\"height\":957,\"caption\":\"Boutique One Piece\"},\"image\":{\"@id\":\"https:\\\/\\\/boutique-one-piece.com\\\/#\\\/schema\\\/logo\\\/image\\\/\"}}]}<\/script>\n<!-- \/ Yoast SEO plugin. -->","yoast_head_json":{"title":"Figura fluida ofensiva de Luffy de One Piece | Figura de One Piece \u2013 Tienda One Piece","description":"\u00a1Joven pirata, consigue ya esta figura de Luffy de One Piece en su forma fluida y ofensiva! Luffy no necesita presentaci\u00f3n, pero aqu\u00ed te contamos un poco sobre \u00e9l: Tiene fama mundial de causar problemas y desastres, incluso entre los Siete Se\u00f1ores de la Guerra del Mar y la Infanter\u00eda de Marina, llegando incluso a desafiar...","robots":{"index":"index","follow":"follow","max-snippet":"max-snippet:-1","max-image-preview":"max-image-preview:large","max-video-preview":"max-video-preview:-1"},"canonical":"https:\/\/boutique-one-piece.com\/es\/figuras-de-one-piece\/figura-de-fluido-ofensivo-de-luffy-de-one-piece\/","og_locale":"es_ES","og_type":"article","og_title":"Figurine One Piece Luffy fluide offensif | Figurine One Piece \u2013 Boutique One Piece","og_description":"Jeune pirate, procure-toi d\u00e8s maintenant cette Figurine One Piece Luffy fluide offensif. Luffy n'est plus \u00e0 pr\u00e9senter, mais voici quelques mots le concernant ; Il a une r\u00e9putation mondiale pour avoir caus\u00e9 des troubles et des catastrophes, m\u00eame parmi les 7 Capitaines Corsaires et la Marine, en \u00e9tant all\u00e9 jusqu'\u00e0 d\u00e9fier","og_url":"https:\/\/boutique-one-piece.com\/es\/figuras-de-one-piece\/figura-de-fluido-ofensivo-de-luffy-de-one-piece\/","og_site_name":"Boutique One Piece","article_modified_time":"2024-09-16T11:56:43+00:00","og_image":[{"width":800,"height":800,"url":"https:\/\/boutique-one-piece.com\/wp-content\/uploads\/2022\/09\/Figurine-One-Piece-Luffy-fluide-offensif-1.jpg","type":"image\/jpeg"}],"twitter_card":"summary_large_image","twitter_misc":{"Tiempo de lectura":"2 minutos"},"schema":{"@context":"https:\/\/schema.org","@graph":[{"@type":"WebPage","@id":"https:\/\/boutique-one-piece.com\/figurines-one-piece\/figurine-one-piece-luffy-fluide-offensif\/","url":"https:\/\/boutique-one-piece.com\/figurines-one-piece\/figurine-one-piece-luffy-fluide-offensif\/","name":"Figura fluida ofensiva de Luffy de One Piece | Figura de One Piece \u2013 Tienda One Piece","isPartOf":{"@id":"https:\/\/boutique-one-piece.com\/#website"},"primaryImageOfPage":{"@id":"https:\/\/boutique-one-piece.com\/figurines-one-piece\/figurine-one-piece-luffy-fluide-offensif\/#primaryimage"},"image":{"@id":"https:\/\/boutique-one-piece.com\/figurines-one-piece\/figurine-one-piece-luffy-fluide-offensif\/#primaryimage"},"thumbnailUrl":"https:\/\/boutique-one-piece.com\/wp-content\/uploads\/2022\/09\/Figurine-One-Piece-Luffy-fluide-offensif-1.jpg","datePublished":"2022-09-27T20:24:18+00:00","dateModified":"2024-09-16T11:56:43+00:00","description":"\u00a1Joven pirata, consigue ya esta figura de Luffy de One Piece en su forma fluida y ofensiva! Luffy no necesita presentaci\u00f3n, pero aqu\u00ed te contamos un poco sobre \u00e9l: Tiene fama mundial de causar problemas y desastres, incluso entre los Siete Se\u00f1ores de la Guerra del Mar y la Infanter\u00eda de Marina, llegando incluso a desafiar...","breadcrumb":{"@id":"https:\/\/boutique-one-piece.com\/figurines-one-piece\/figurine-one-piece-luffy-fluide-offensif\/#breadcrumb"},"inLanguage":"es","potentialAction":[{"@type":"ReadAction","target":["https:\/\/boutique-one-piece.com\/figurines-one-piece\/figurine-one-piece-luffy-fluide-offensif\/"]}]},{"@type":"ImageObject","inLanguage":"es","@id":"https:\/\/boutique-one-piece.com\/figurines-one-piece\/figurine-one-piece-luffy-fluide-offensif\/#primaryimage","url":"https:\/\/boutique-one-piece.com\/wp-content\/uploads\/2022\/09\/Figurine-One-Piece-Luffy-fluide-offensif-1.jpg","contentUrl":"https:\/\/boutique-one-piece.com\/wp-content\/uploads\/2022\/09\/Figurine-One-Piece-Luffy-fluide-offensif-1.jpg","width":800,"height":800},{"@type":"BreadcrumbList","@id":"https:\/\/boutique-one-piece.com\/figurines-one-piece\/figurine-one-piece-luffy-fluide-offensif\/#breadcrumb","itemListElement":[{"@type":"ListItem","position":1,"name":"Home","item":"https:\/\/boutique-one-piece.com\/"},{"@type":"ListItem","position":2,"name":"Shop","item":"https:\/\/boutique-one-piece.com\/shop\/"},{"@type":"ListItem","position":3,"name":"Figurine One Piece Luffy fluide offensif"}]},{"@type":"WebSite","@id":"https:\/\/boutique-one-piece.com\/#website","url":"https:\/\/boutique-one-piece.com\/","name":"Tienda de One Piece","description":"Tienda especializada en manga y anime de One Piece","publisher":{"@id":"https:\/\/boutique-one-piece.com\/#organization"},"potentialAction":[{"@type":"SearchAction","target":{"@type":"EntryPoint","urlTemplate":"https:\/\/boutique-one-piece.com\/?s={search_term_string}"},"query-input":{"@type":"PropertyValueSpecification","valueRequired":true,"valueName":"search_term_string"}}],"inLanguage":"es"},{"@type":"Organization","@id":"https:\/\/boutique-one-piece.com\/#organization","name":"Tienda de One Piece","url":"https:\/\/boutique-one-piece.com\/","logo":{"@type":"ImageObject","inLanguage":"es","@id":"https:\/\/boutique-one-piece.com\/#\/schema\/logo\/image\/","url":"https:\/\/boutique-one-piece.com\/wp-content\/uploads\/2022\/09\/Logo-01.png","contentUrl":"https:\/\/boutique-one-piece.com\/wp-content\/uploads\/2022\/09\/Logo-01.png","width":2318,"height":957,"caption":"Boutique One Piece"},"image":{"@id":"https:\/\/boutique-one-piece.com\/#\/schema\/logo\/image\/"}}]}},"_links":{"self":[{"href":"https:\/\/boutique-one-piece.com\/es\/wp-json\/wp\/v2\/product\/10047","targetHints":{"allow":["GET"]}}],"collection":[{"href":"https:\/\/boutique-one-piece.com\/es\/wp-json\/wp\/v2\/product"}],"about":[{"href":"https:\/\/boutique-one-piece.com\/es\/wp-json\/wp\/v2\/types\/product"}],"replies":[{"embeddable":true,"href":"https:\/\/boutique-one-piece.com\/es\/wp-json\/wp\/v2\/comments?post=10047"}],"wp:featuredmedia":[{"embeddable":true,"href":"https:\/\/boutique-one-piece.com\/es\/wp-json\/wp\/v2\/media\/10049"}],"wp:attachment":[{"href":"https:\/\/boutique-one-piece.com\/es\/wp-json\/wp\/v2\/media?parent=10047"}],"wp:term":[{"taxonomy":"product_brand","embeddable":true,"href":"https:\/\/boutique-one-piece.com\/es\/wp-json\/wp\/v2\/product_brand?post=10047"},{"taxonomy":"product_cat","embeddable":true,"href":"https:\/\/boutique-one-piece.com\/es\/wp-json\/wp\/v2\/product_cat?post=10047"},{"taxonomy":"product_tag","embeddable":true,"href":"https:\/\/boutique-one-piece.com\/es\/wp-json\/wp\/v2\/product_tag?post=10047"}],"curies":[{"name":"wp","href":"https:\/\/api.w.org\/{rel}","templated":true}]}}